{"id":15911,"date":"2025-01-19T15:09:18","date_gmt":"2025-01-19T15:09:18","guid":{"rendered":"https:\/\/www.hydraulic-cylinders.net\/product\/bucket-cylinder-for-aotai-at80e-9\/"},"modified":"2025-01-19T15:09:20","modified_gmt":"2025-01-19T15:09:20","slug":"bucket-cylinder-for-aotai-at80e-9","status":"publish","type":"product","link":"https:\/\/www.hydraulic-cylinders.net\/et\/toode\/bucket-cylinder-for-aotai-at80e-9\/","title":{"rendered":"Kopa silinder Aotai AT80E-9 jaoks"},"content":{"rendered":"<h1>Kopa silinder Aotai AT80E-9 jaoks<\/h1>\n<h2>Sissejuhatus<\/h2>\n<p>Kopa silinder on spetsiaalselt konstrueeritud h\u00fcdrauliline silinder, mida kasutatakse kopa liikumise juhtimiseks rasketes masinates, n\u00e4iteks ekskavaatorites, laadur-ekskavaatorites ja esilaadurites. Selle peamine \u00fclesanne on kopa t\u00f5stmine, langetamine ja kallutamine t\u00f5husate materjalik\u00e4itlust\u00f6\u00f6de jaoks. H\u00fcdraulilises s\u00fcsteemis juhib kopa silinder kopa t\u00e4pset liikumist h\u00fcdraulika\u00f5li r\u00f5hu muutuste kaudu, v\u00f5imaldades operaatoritel t\u00f5husalt k\u00e4sitseda raskeid koormaid ning kohaneda keerukate t\u00f6\u00f6keskkondade ja mitmekesiste t\u00f6\u00f6n\u00f5uetega.<\/p>\n<p><img decoding=\"async\" src=\"https:\/\/www.hydraulic-cylinders.net\/wp-content\/uploads\/2025\/01\/songte-company-2.webp\"><\/p>\n<h2>Omadused<\/h2>\n<ul>\n<li>\n<h3>Suur tugevus ja vastupidavus<\/h3>\n<p>Kopasilindrid on tavaliselt valmistatud \u00fclitugevast terasest v\u00f5i alumiiniumist, mis taluvad k\u00f5rget r\u00f5hku ja suuri koormusi ning on konstrueeritud kulumiskindlust ja korrosioonikindlust silmas pidades, pikendades nende kasutusiga.<\/p>\n<\/li>\n<li>\n<h3>T\u00f5hus h\u00fcdrauliline t\u00f6\u00f6<\/h3>\n<p>Kopasilindrid kasutavad h\u00fcdraulika\u00f5li r\u00f5hku sujuvate paisumis- ja kokkut\u00f5mbumisliikumiste saavutamiseks, reageerivad kiiresti juhtimisk\u00e4sklustele, pakuvad v\u00f5imsat t\u00f5uke- ja t\u00f5mbej\u00f5udu ning sobivad raskete koormate ja keerukate t\u00f6\u00f6\u00fclesannete k\u00e4sitsemiseks.<\/p>\n<\/li>\n<li>\n<h3>Erinevad t\u00fc\u00fcbid<\/h3>\n<p>Kopasilindrid saab valida \u00fchetoimelistena (h\u00fcdraulilist vedelikku kasutatakse \u00fches suunas) v\u00f5i kahetoimelistena (h\u00fcdraulilist vedelikku kasutatakse m\u00f5lemas suunas) vastavalt t\u00f6\u00f6n\u00f5uetele. M\u00f5ned mudelid on teleskoopilised, mis v\u00f5imaldab suuremat pikendust ilma v\u00e4lism\u00f5\u00f5tmeid suurendamata, sobides piiratud ruumiga rakenduste jaoks.<\/p>\n<\/li>\n<li>\n<h3>Ideaalne asendus h\u00fcdraulilistele silindritele<\/h3>\n<p>Meie tooted suudavad neid h\u00fcdrosilindreid ideaalselt asendada.<\/p>\n<p>  <img decoding=\"async\" src=\"https:\/\/www.hydraulic-cylinders.net\/wp-content\/uploads\/2025\/01\/songte-cylinder-head-with-all-kinds-excavator-models.webp\"><\/li>\n<\/ul>\n<h2>Rakendused<\/h2>\n<p>Kopasilindrid on olulised erinevat t\u00fc\u00fcpi rasketehnika jaoks, sealhulgas:<\/p>\n<ul>\n<li>\n<h3>Ehitustehnika<\/h3>\n<p>Ekskavaatorites on kopasilindrid \u00fcliolulised kaevamisel, laadimisel ja pinnase v\u00f5i prahi teisaldamisel. Ekskavaator-laadurites aitavad kopasilindrid nii kaevamisel kui ka t\u00f5stmisel. <\/p>\n<\/li>\n<li>\n<h3>P\u00f5llumajandustehnika<\/h3>\n<p>Kasutatakse esilaadurites pinnase, heina ja muude materjalide kaevamiseks, t\u00f5stmiseks ja transportimiseks. Ekskavaatorites saavutavad kopasilindrid kaevamistoimingu, v\u00f5imaldades kopal pinnasesse tungida. Esilaadurites aitavad need kaupu t\u00f5husalt t\u00f5sta ja t\u00fchjendada.<\/p>\n<\/li>\n<\/ul>\n<h2>Kujunduskaalutlused<\/h2>\n<p>Kopasilindrite konstrueerimisel on arvestatud paljude kaalutlustega, et tagada nende optimaalne j\u00f5udlus:<\/p>\n<ul>\n<li>\n<h3>Kandev\u00f5ime<\/h3>\n<p>Kopasilindrid on konstrueeritud taluma suuri koormusi ja r\u00f5hku, tagades nende kandev\u00f5ime.<\/p>\n<\/li>\n<li>\n<h3>Tihendus<\/h3>\n<p>Kopasilindrites kasutatakse mitmesuguseid tihendeid, n\u00e4iteks kolvitihendeid ja vardatihendeid, mis on valmistatud kulumiskindlatest materjalidest nagu pol\u00fcuretaan ja nitriilkummi, tagades nende vastupidavuse ja tihendusv\u00f5ime.<\/p>\n<\/li>\n<li>\n<h3>Ohutus<\/h3>\n<p>Kopasilindrid on konstrueeritud ohutust silmas pidades, tagades operaatorite ja keskkonna ohutuse. Nende ohutu t\u00f6\u00f6 tagamiseks on \u00fclioluline \u00f5ige paigaldamine ja hooldus.<\/p>\n<\/li>\n<li>\n<h3>Hooldus<\/h3>\n<p>Kopasilindrid vajavad optimaalse j\u00f5udluse tagamiseks regulaarset hooldust, sealhulgas m\u00e4\u00e4rimist, tihendite vahetamist ja kalibreerimise kontrollimist.<\/p>\n<\/li>\n<\/ul>\n<p><img decoding=\"async\" src=\"https:\/\/www.hydraulic-cylinders.net\/wp-content\/uploads\/2025\/01\/songte-oil-pipes-and-spare-parts.webp\"><\/p>\n<h2>Paigaldamine ja hooldus<\/h2>\n<p>Kopasilindri optimaalse j\u00f5udluse ja pika kasutusea tagamiseks on oluline j\u00e4rgida \u00f5igeid paigaldus- ja hooldusprotseduure. Levinumad hooldust\u00f6\u00f6d h\u00f5lmavad j\u00e4rgmist:<\/p>\n<ul>\n<li>\n<h3>Regulaarne kontroll<\/h3>\n<p>Ballooni heas seisukorras veendumiseks tuleks regulaarselt kontrollida lekete, kriimustuste v\u00f5i muude kahjustuste m\u00e4rke.<\/p>\n<\/li>\n<li>\n<h3>M\u00e4\u00e4rimine<\/h3>\n<p>N\u00f5uetekohane m\u00e4\u00e4rimine v\u00f5imaldab kopa silindril sujuvalt liikuda ja aitab v\u00e4ltida h\u00f5\u00f5rdumisest tingitud kahjustusi.<\/p>\n<\/li>\n<li>\n<h3>Tihendi vahetamine<\/h3>\n<p>Kulunud tihendite vahetamine on lekete v\u00e4ltimiseks ja silindri optimaalse j\u00f5udluse tagamiseks \u00fclioluline.<\/p>\n<\/li>\n<li>\n<h3>Joonduse kontroll<\/h3>\n<p>Kopa silindri joonduse kontrollimine on oluline, et see t\u00f6\u00f6taks \u00f5igesti.<\/p>\n<\/li>\n<\/ul>\n<p><img decoding=\"async\" src=\"https:\/\/www.hydraulic-cylinders.net\/wp-content\/uploads\/2025\/01\/songte-chushion-collar.webp\"><\/p>\n<h2>Ohutus- ja keskkonnakaalutlused<\/h2>\n<p>Kopasilindri kasutamisel on ohutus \u00e4\u00e4rmiselt oluline. Operaatorite ja keskkonna ohutuse tagamiseks tuleb j\u00e4rgida n\u00f5uetekohast paigaldus-, hooldus- ja k\u00e4itamistava.<\/p>\n<p><img decoding=\"async\" src=\"https:\/\/hzpt.com\/wp-content\/uploads\/2024\/11\/songte-company-1.webp\"><\/p>\n<h2>Meist<\/h2>\n<p>Meie ettev\u00f5te on asendush\u00fcdrauliliste silindrite tootja, pakkudes t\u00e4ielikku tootevalikut. Oleme saanud \u00fcheks juhtivaks h\u00fcdrosilindrite tootjaks ja hulgim\u00fc\u00fcjaks nii sise- kui ka rahvusvahelisel turul. Meie tootmist\u00f6\u00f6koda j\u00e4rgib t\u00f6\u00f6stusliku tootmise juhtimise strateegiat, mis tugineb suurep\u00e4rasele kvaliteedile, tehnoloogilistele annetele, digitaalsetele tipptasemel tootmisseadmetele ja professionaalsetele testimiss\u00fcsteemidele. J\u00e4tkame t\u00f6\u00f6koja tootmisplatvormi t\u00e4iustamist, toodete kvaliteetse tootmisliini parandamist ning omame tugevat loomingulist v\u00f5imekust, j\u00e4rgides k\u00f5rge efektiivsuse, suure t\u00e4psuse ja k\u00f5rge kvaliteedi p\u00f5him\u00f5tteid, et rahuldada klientide mitmekesiseid vajadusi.<\/p>\n<p>Meie ettev\u00f5tte silmapaistvate omaduste hulka kuuluvad:<\/p>\n<ul>\n<li>\n<h3>Professionaalsus<\/h3>\n<p>Meie meeskond koosneb k\u00f5rgelt koolitatud ja kogenud h\u00fcdrauliliste silindrite valdkonna spetsialistidest, tagades meie toodete vastavuse k\u00f5rgeimatele standarditele.<\/p>\n<\/li>\n<li>\n<h3>Rahvusvahelised sertifikaadid<\/h3>\n<p>Meie tooted on l\u00e4binud mitmesuguseid rahvusvahelisi sertifikaate, mis tagavad nende kvaliteedi ja ohutuse.<\/p>\n<\/li>\n<li>\n<h3>Kohandamise teenused<\/h3>\n<p>Pakume kohandatud teenuseid, et rahuldada klientide konkreetseid vajadusi ja n\u00f5udeid.<\/p>\n<\/li>\n<li>\n<h3>Tootmisseadmed<\/h3>\n<p>Meie ettev\u00f5te kasutab oma toodete kvaliteedi tagamiseks k\u00f5rgtehnoloogilisi ja kaasaegseid tootmisseadmeid.<\/p>\n<\/li>\n<li>\n<h3>M\u00fc\u00fcgij\u00e4rgne teenindus<\/h3>\n<p>Pakume suurep\u00e4rast m\u00fc\u00fcgij\u00e4rgset teenindust ja tuge, et tagada meie klientide rahulolu ostudega.<\/p>\n<\/li>\n<\/ul>\n<p><img decoding=\"async\" src=\"https:\/\/www.hydraulic-cylinders.net\/wp-content\/uploads\/2025\/01\/songte-company-3.webp\"><\/p>\n<p>Autor: lyl<\/p>","protected":false},"excerpt":{"rendered":"<p>Bucket Cylinder For Aotai AT80E-9 Introduction A bucket cylinder is a specially designed hydraulic cylinder used to control the movement of the bucket in heavy machinery such as excavators, backhoe loaders, and front loaders. Its main function is to raise, lower, and tilt the bucket for efficient material handling tasks. In the hydraulic system, the [&hellip;]<\/p>","protected":false},"featured_media":14761,"comment_status":"open","ping_status":"closed","template":"","meta":{"_et_pb_use_builder":"","_et_pb_old_content":"","_et_gb_content_width":""},"product_brand":[],"product_cat":[1494],"product_tag":[1495,1496],"class_list":{"0":"post-15911","1":"product","2":"type-product","3":"status-publish","4":"has-post-thumbnail","6":"product_cat-bucket-cylinders","7":"product_tag-bucket-cylinders","8":"product_tag-hydraulic-cylinders","10":"first","11":"instock","12":"shipping-taxable","13":"product-type-simple"},"amp_enabled":true,"_links":{"self":[{"href":"https:\/\/www.hydraulic-cylinders.net\/et\/wp-json\/wp\/v2\/product\/15911","targetHints":{"allow":["GET"]}}],"collection":[{"href":"https:\/\/www.hydraulic-cylinders.net\/et\/wp-json\/wp\/v2\/product"}],"about":[{"href":"https:\/\/www.hydraulic-cylinders.net\/et\/wp-json\/wp\/v2\/types\/product"}],"replies":[{"embeddable":true,"href":"https:\/\/www.hydraulic-cylinders.net\/et\/wp-json\/wp\/v2\/comments?post=15911"}],"wp:featuredmedia":[{"embeddable":true,"href":"https:\/\/www.hydraulic-cylinders.net\/et\/wp-json\/wp\/v2\/media\/14761"}],"wp:attachment":[{"href":"https:\/\/www.hydraulic-cylinders.net\/et\/wp-json\/wp\/v2\/media?parent=15911"}],"wp:term":[{"taxonomy":"product_brand","embeddable":true,"href":"https:\/\/www.hydraulic-cylinders.net\/et\/wp-json\/wp\/v2\/product_brand?post=15911"},{"taxonomy":"product_cat","embeddable":true,"href":"https:\/\/www.hydraulic-cylinders.net\/et\/wp-json\/wp\/v2\/product_cat?post=15911"},{"taxonomy":"product_tag","embeddable":true,"href":"https:\/\/www.hydraulic-cylinders.net\/et\/wp-json\/wp\/v2\/product_tag?post=15911"}],"curies":[{"name":"wp","href":"https:\/\/api.w.org\/{rel}","templated":true}]}}