{"id":15914,"date":"2025-01-19T15:09:31","date_gmt":"2025-01-19T15:09:31","guid":{"rendered":"https:\/\/www.hydraulic-cylinders.net\/product\/bucket-cylinder-for-aotai-at90e-9\/"},"modified":"2025-01-19T15:09:33","modified_gmt":"2025-01-19T15:09:33","slug":"bucket-cylinder-for-aotai-at90e-9","status":"publish","type":"product","link":"https:\/\/www.hydraulic-cylinders.net\/et\/toode\/bucket-cylinder-for-aotai-at90e-9\/","title":{"rendered":"Kopa silinder Aotai AT90E-9 jaoks"},"content":{"rendered":"<h1>Kopa silinder Aotai AT90E-9 jaoks<\/h1>\n<h2>Sissejuhatus<\/h2>\n<p>Aotai AT90E-9 kopa silinder on spetsiaalne h\u00fcdrauliline silinder, mis on loodud kopa liikumise juhtimiseks rasketes masinates, n\u00e4iteks ekskavaatorites, laadur-ekskavaatorites ja esilaadurites. Selle peamine \u00fclesanne on h\u00f5lbustada kopa t\u00f5stmist, langetamist ja kallutamist, muutes mitmesuguste materjalik\u00e4itlust\u00f6\u00f6de tegemise lihtsamaks. H\u00fcdraulikas\u00fcsteemis saavutab kopa silinder kopa t\u00e4pse juhtimise, kasutades \u00e4ra h\u00fcdraulika\u00f5li r\u00f5hu muutusi, v\u00f5imaldades operaatoritel t\u00f5husalt k\u00e4sitseda raskeid koormaid ning kohaneda keerukate t\u00f6\u00f6keskkondade ja mitmekesiste t\u00f6\u00f6n\u00f5uetega.<\/p>\n<p><img decoding=\"async\" src=\"https:\/\/www.hydraulic-cylinders.net\/wp-content\/uploads\/2025\/01\/songte-company-2.webp\" alt=\"\u00c4mbri silindri pilt\"><\/p>\n<h2>Omadused<\/h2>\n<ul>\n<li><strong>Suur tugevus ja vastupidavus:<\/strong> K\u00f5rgtugevast terasest v\u00f5i alumiiniumist valmistatud kopa silinder talub k\u00f5rget r\u00f5hku ja suuri koormusi, kohandudes karmide t\u00f6\u00f6keskkondadega. Projekteerimisel on arvesse v\u00f5etud kulumiskindlust ja korrosioonikindlust, pikendades selle eluiga.<\/li>\n<li><strong>T\u00f5hus h\u00fcdrauliline t\u00f6\u00f6:<\/strong> H\u00fcdraulika\u00f5li r\u00f5hku kasutades saavutab kopa silinder sujuva pikendus- ja tagasit\u00f5mbamisliigutuse, v\u00f5imaldades kiiret reageerimist juhtimisk\u00e4sklustele ning v\u00f5imsaid t\u00f5uke- ja t\u00f5mbej\u00f5ude, muutes selle sobivaks raskete koormate ja keerukate t\u00f6\u00f6de k\u00e4sitsemiseks.<\/li>\n<li><strong>Erinevad t\u00fc\u00fcbid:<\/strong> Saadaval \u00fchetoimeliste (h\u00fcdraulilist r\u00f5hku kasutatakse ainult \u00fches suunas) v\u00f5i kahetoimeliste (h\u00fcdraulilist r\u00f5hku kasutatakse m\u00f5lemas suunas) silindritega, et rahuldada erinevaid t\u00f6\u00f6vajadusi. M\u00f5ned mudelid on teleskoopilised, mis v\u00f5imaldab suuremat pikendamist ilma v\u00e4lism\u00f5\u00f5tmeid suurendamata, mist\u00f5ttu need sobivad ruumikitsastes rakendustes.<\/li>\n<li><strong>Toote asendamine:<\/strong> Meie tooted suudavad neid h\u00fcdrosilindreid ideaalselt asendada.<\/li>\n<\/ul>\n<p><img decoding=\"async\" src=\"https:\/\/www.hydraulic-cylinders.net\/wp-content\/uploads\/2025\/01\/songte-cylinder-head-with-all-kinds-excavator-models.webp\" alt=\"Toote asenduspilt\"><\/p>\n<h2>Rakendused<\/h2>\n<p>Aotai AT90E-9 kopasilindrit kasutatakse erinevates t\u00f6\u00f6stusharudes ja seadmetes, sealhulgas:<\/p>\n<ul>\n<li>Ehitustehnika: Ekskavaatorite jaoks oluline kaevamisel, laadimisel ja pinnase v\u00f5i prahi teisaldamisel. Ekskavaator-laaduritel aitab kopa silinder nii kaevamisel kui ka t\u00f5stmisel.<\/li>\n<li>P\u00f5llumajandusmasinad: Kasutatakse esilaadurites mulla, heina ja muude materjalide k\u00fchveldamiseks, t\u00f5stmiseks ja transportimiseks.<\/li>\n<li>Ekskavaatorid: Kopa silinder v\u00f5imaldab kaevamist, lastes kopal pinnasesse tungida.<\/li>\n<li>Eesmised laadurid: Eesmised laadurid aitavad kaupu t\u00f5husalt t\u00f5sta ja maha laadida.<\/li>\n<\/ul>\n<h2>Projekteerimiskaalutlused ja valikukriteeriumid<\/h2>\n<ul>\n<li><strong>Kandev\u00f5ime:<\/strong> Kopasilindri v\u00f5ime taluda suuri koormusi on oluline disainikaalutlus.<\/li>\n<li><strong>Tihendus:<\/strong> T\u00f5hus tihendus on lekete v\u00e4ltimiseks ja silindri sujuva t\u00f6\u00f6 tagamiseks h\u00e4davajalik. Kasutatakse mitmesuguseid tihenduskomponente, n\u00e4iteks kolvitihendeid ja vardatihendeid, mis on valmistatud kulumiskindlatest materjalidest, n\u00e4iteks pol\u00fcuretaanist ja nitriilkummist.<\/li>\n<li><strong>Vastupidavus:<\/strong> Silindri disain h\u00f5lmab materjale ja pinnat\u00f6\u00f6tlusi, mis suurendavad selle kulumis- ja korrosioonikindlust, pikendades selle kasutusiga.<\/li>\n<li><strong>Ohutus:<\/strong> Ohutusfunktsioonid, n\u00e4iteks r\u00f5huvabastusventiilid ja n\u00f5uetekohased paigaldusjuhised, tagavad ohutu t\u00f6\u00f6.<\/li>\n<li><strong>Hooldatavus:<\/strong> Projekteerimisel on prioriteediks hoolduse ja remondi jaoks lihtne juurdep\u00e4\u00e4s, mis v\u00f5imaldab t\u00f5husat kontrolli, m\u00e4\u00e4rimist ja komponentide vahetamist.<\/li>\n<\/ul>\n<p><img decoding=\"async\" src=\"https:\/\/www.hydraulic-cylinders.net\/wp-content\/uploads\/2025\/01\/songte-oil-pipes-and-spare-parts.webp\" alt=\"Kujunduskaalutluste pilt\"><\/p>\n<h2>Tihendus ja m\u00e4\u00e4rimine<\/h2>\n<p>Kopasilindris kasutatakse mitmesuguseid tihenduskomponente, n\u00e4iteks kolvitihendeid ja vardatihendeid, mis on valmistatud kulumiskindlatest materjalidest, n\u00e4iteks pol\u00fcuretaanist ja nitriilkummist. Silindri korpus ja keermestatud otsad on kulumiskindluse parandamiseks peenelt t\u00f6\u00f6deldud. Sujuva t\u00f6\u00f6 tagamiseks on vaja regulaarselt m\u00e4\u00e4rida sobiva koguse h\u00fcdraulika\u00f5liga.<\/p>\n<h2>Kontroll ja ennetav hooldus<\/h2>\n<ul>\n<li>Kontrollige regulaarselt kopasilindrit kahjustuste, lekete v\u00f5i kulumise tunnuste suhtes.<\/li>\n<li>Tagage k\u00f5igi liikuvate osade n\u00f5uetekohane m\u00e4\u00e4rimine.<\/li>\n<li>Tihendust\u00f5hususe s\u00e4ilitamiseks vahetage kulunud v\u00f5i kahjustatud tihendid v\u00e4lja.<\/li>\n<li>T\u00e4pse t\u00f6\u00f6 tagamiseks tehke kalibreerimiskontroll.<\/li>\n<\/ul>\n<h2>Toote \u00f5ige paigaldamine<\/h2>\n<p>Kopasilindri \u00f5ige paigaldamine on optimaalse j\u00f5udluse saavutamiseks \u00fclioluline. J\u00e4rgige neid juhiseid:<\/p>\n<ul>\n<li>Paigaldamise ajal veenduge silindri \u00f5iges asendis.<\/li>\n<li>Kasutage silindri kinnitamiseks sobivaid kinnitusklambreid.<\/li>\n<li>J\u00e4rgige soovitatud kontrolli-, remondi- ja asendusprotseduure.<\/li>\n<li>Pakkuda silindri eluea pikendamiseks remonditeenuseid ja varuosi.<\/li>\n<\/ul>\n<p><img decoding=\"async\" src=\"https:\/\/www.hydraulic-cylinders.net\/wp-content\/uploads\/2025\/01\/songte-chushion-collar.webp\" alt=\"Paigaldusjuhendi pilt\"><\/p>\n<h2>Ohutuskaalutlused ja keskkonnategurid<\/h2>\n<p>Kopasilindri kasutamisel on oluline seada esikohale ohutusmeetmed, et v\u00e4ltida \u00f5nnetusi ja tagada ohutu t\u00f6\u00f6keskkond. Ballooni k\u00e4sitsemisel ja kasutamisel tuleb v\u00f5tta piisavaid ohutusabin\u00f5usid.<\/p>\n<h2>Vea diagnoosimine ja levinud probleemid<\/h2>\n<p>Kopasilindriga esineda v\u00f5ivate levinud vigade ja probleemide hulka kuuluvad leke, ebapiisav r\u00f5hk ja eba\u00fchtlane liikumine. Neid probleeme saab diagnoosida ja lahendada j\u00e4rgmiste n\u00e4pun\u00e4idete ja lahenduste abil:<\/p>\n<ul>\n<li>Kontrollige ja hooldage ballooni regulaarselt, et potentsiaalsed probleemid varakult tuvastada.<\/li>\n<li>Veenduge, et k\u00f5ik \u00fchendused oleksid korralikult kinni ja tihendatud.<\/li>\n<li>Kontrollige ja reguleerige r\u00f5huseadeid vastavalt vajadusele.<\/li>\n<li>J\u00e4rgige ennetavaid meetmeid, et minimeerida v\u00f5imalike probleemide teket.<\/li>\n<\/ul>\n<p><img decoding=\"async\" src=\"https:\/\/www.hydraulic-cylinders.net\/wp-content\/uploads\/2025\/01\/songte-bushings-with-all-kinds-of-excavator-models.webp\" alt=\"Vea diagnoosi pilt\"><\/p>\n<p>Pea meeles, et artikkel tuleb loogiliselt \u00fcles ehitada, navigeerimise h\u00f5lbustamiseks kasutada alapealkirju, arusaadavuse parandamiseks lisada asjakohaseid pilte v\u00f5i diagramme ning veenduda, et sisu on selge, kokkuv\u00f5tlik ja sobib erineva tehnilise ettevalmistusega lugejatele.<\/p>\n<h2>Ettev\u00f5tte tutvustus<\/h2>\n<p>Oleme tootja, mis on spetsialiseerunud asendush\u00fcdrauliliste silindrite tootmisele. Laia tootevalikuga oleme saanud \u00fcheks juhtivaks h\u00fcdrosilindrite tootjaks ja hulgim\u00fc\u00fcjaks nii sise- kui ka rahvusvahelisel turul. J\u00e4rgime suurep\u00e4rase kvaliteedi p\u00f5him\u00f5tteid, industrialiseeritud tootmisjuhtimise strateegiaid, mis p\u00f5hinevad keerukatel tootmist\u00f6\u00f6kodadel, ning oma tootmisplatvormi pidevat t\u00e4iustamist tehnoloogilise talendi, t\u00e4iustatud digitaalsete tootmisseadmete ja professionaalsete testimiss\u00fcsteemide abil. T\u00f5husate, t\u00e4psete ja k\u00f5rgekvaliteediliste p\u00f5him\u00f5tete abil p\u00fc\u00fcame rahuldada oma klientide mitmekesiseid vajadusi.<\/p>\n<p><img decoding=\"async\" src=\"https:\/\/hzpt.com\/wp-content\/uploads\/2024\/11\/songte-company-1.webp\" alt=\"Ettev\u00f5tte kuvand\"><\/p>\n<p>Lisaks pakume professionaalsust, rahvusvahelisi sertifikaate, kohandatud teenuseid, t\u00e4iustatud tootmisseadmeid ja igak\u00fclgset m\u00fc\u00fcgij\u00e4rgset teenindust. Meie p\u00fchendumus klientide rahulolule ja tootekvaliteedile eristab meid konkurentidest.<\/p>\n<p><img decoding=\"async\" src=\"https:\/\/www.hydraulic-cylinders.net\/wp-content\/uploads\/2025\/01\/songte-company-3.webp\" alt=\"Ettev\u00f5tte tutvustuspilt\"><\/p>\n<p>Autor: lyl<\/p>","protected":false},"excerpt":{"rendered":"<p>Bucket Cylinder For Aotai AT90E-9 Introduction The Bucket Cylinder for Aotai AT90E-9 is a specialized hydraulic cylinder designed to control the movement of the bucket in heavy machinery such as excavators, backhoe loaders, and front-end loaders. Its main function is to facilitate lifting, lowering, and tilting of the bucket, making it easier to handle various [&hellip;]<\/p>","protected":false},"featured_media":14787,"comment_status":"open","ping_status":"closed","template":"","meta":{"_et_pb_use_builder":"","_et_pb_old_content":"","_et_gb_content_width":""},"product_brand":[],"product_cat":[1494],"product_tag":[1495,1496],"class_list":{"0":"post-15914","1":"product","2":"type-product","3":"status-publish","4":"has-post-thumbnail","6":"product_cat-bucket-cylinders","7":"product_tag-bucket-cylinders","8":"product_tag-hydraulic-cylinders","10":"first","11":"instock","12":"shipping-taxable","13":"product-type-simple"},"amp_enabled":true,"_links":{"self":[{"href":"https:\/\/www.hydraulic-cylinders.net\/et\/wp-json\/wp\/v2\/product\/15914","targetHints":{"allow":["GET"]}}],"collection":[{"href":"https:\/\/www.hydraulic-cylinders.net\/et\/wp-json\/wp\/v2\/product"}],"about":[{"href":"https:\/\/www.hydraulic-cylinders.net\/et\/wp-json\/wp\/v2\/types\/product"}],"replies":[{"embeddable":true,"href":"https:\/\/www.hydraulic-cylinders.net\/et\/wp-json\/wp\/v2\/comments?post=15914"}],"wp:featuredmedia":[{"embeddable":true,"href":"https:\/\/www.hydraulic-cylinders.net\/et\/wp-json\/wp\/v2\/media\/14787"}],"wp:attachment":[{"href":"https:\/\/www.hydraulic-cylinders.net\/et\/wp-json\/wp\/v2\/media?parent=15914"}],"wp:term":[{"taxonomy":"product_brand","embeddable":true,"href":"https:\/\/www.hydraulic-cylinders.net\/et\/wp-json\/wp\/v2\/product_brand?post=15914"},{"taxonomy":"product_cat","embeddable":true,"href":"https:\/\/www.hydraulic-cylinders.net\/et\/wp-json\/wp\/v2\/product_cat?post=15914"},{"taxonomy":"product_tag","embeddable":true,"href":"https:\/\/www.hydraulic-cylinders.net\/et\/wp-json\/wp\/v2\/product_tag?post=15914"}],"curies":[{"name":"wp","href":"https:\/\/api.w.org\/{rel}","templated":true}]}}