{"id":15916,"date":"2025-01-19T15:09:39","date_gmt":"2025-01-19T15:09:39","guid":{"rendered":"https:\/\/www.hydraulic-cylinders.net\/product\/bucket-cylinder-for-atlas-3306lc\/"},"modified":"2025-01-19T15:09:41","modified_gmt":"2025-01-19T15:09:41","slug":"bucket-cylinder-for-atlas-3306lc","status":"publish","type":"product","link":"https:\/\/www.hydraulic-cylinders.net\/et\/toode\/bucket-cylinder-for-atlas-3306lc\/","title":{"rendered":"Kopa silinder Atlas 3306LC jaoks"},"content":{"rendered":"<h1>Kopa silinder Atlas 3306LC jaoks<\/h1>\n<h2>Sissejuhatus<\/h2>\n<p>Kopa silinder, tuntud ka kui h\u00fcdrauliline silinder, on spetsiaalne silindri t\u00fc\u00fcp, mida kasutatakse peamiselt labida liikumise juhtimiseks rasketes masinates, n\u00e4iteks ekskavaatorites, laadur-ekskavaatorites ja esilaadurites. Selle peamine \u00fclesanne on v\u00f5imaldada labida t\u00f5stmist, langetamist ja kallutamist, muutes mitmesuguste materjalik\u00e4itlust\u00f6\u00f6de tegemise lihtsaks. H\u00fcdraulilises s\u00fcsteemis juhib kopa silinder t\u00e4pselt labida liikumist h\u00fcdraulika\u00f5li r\u00f5hu muutuste kaudu, v\u00f5imaldades operaatoritel t\u00f5husalt k\u00e4sitseda raskeid koormaid ning kohaneda keerukate t\u00f6\u00f6keskkondade ja mitmekesiste t\u00f6\u00f6vajadustega.<\/p>\n<p><img decoding=\"async\" src=\"https:\/\/www.hydraulic-cylinders.net\/wp-content\/uploads\/2025\/01\/songte-company-2.webp\"><\/p>\n<h2>Omadused<\/h2>\n<ul>\n<li>Suur tugevus ja vastupidavus: Tavaliselt \u00fclitugevast terasest v\u00f5i alumiiniumist valmistatud kopasilindrid taluvad k\u00f5rget r\u00f5hku ja suuri koormusi, mist\u00f5ttu sobivad need karmidesse t\u00f6\u00f6keskkondadesse. Nende konstruktsioonis on arvestatud kulumiskindluse ja korrosioonikindlusega, et pikendada nende kasutusiga.<\/li>\n<li>T\u00f5hus h\u00fcdrauliline t\u00f6\u00f6: Kasutades h\u00fcdraulika\u00f5li r\u00f5hku sujuva paisumise ja kokkut\u00f5mbumise saavutamiseks, reageerib kopa silinder juhtimisk\u00e4sklustele kiiresti ning pakub v\u00f5imsat t\u00f5uke- ja t\u00f5mbej\u00f5udu, mis sobib raskete koormate ja keerukate \u00fclesannete k\u00e4sitsemiseks.<\/li>\n<li>Erinevad t\u00fc\u00fcbid: \u00dchetoimelisi (h\u00fcdraulilist r\u00f5hku ainult \u00fches suunas) v\u00f5i kahetoimelisi (h\u00fcdraulilist r\u00f5hku m\u00f5lemas suunas) silindreid saab valida vastavalt vajadusele, et rahuldada erinevaid t\u00f6\u00f6vajadusi. M\u00f5ned mudelid on teleskoopilised, mis v\u00f5imaldab suuremat pikendamist ilma v\u00e4lism\u00f5\u00f5tmeid suurendamata, sobides piiratud ruumiga rakenduste jaoks.<\/li>\n<li>Lihtne asendamine: Meie toode saab need h\u00fcdrosilindrid ideaalselt asendada.<\/li>\n<\/ul>\n<p><img decoding=\"async\" src=\"https:\/\/www.hydraulic-cylinders.net\/wp-content\/uploads\/2025\/01\/songte-cylinder-head-with-all-kinds-excavator-models.webp\"><\/p>\n<h2>Rakendused<\/h2>\n<ul>\n<li>Ehitustehnika: Ekskavaatorites on need kriitilise t\u00e4htsusega kaevamisel, laadimisel ja pinnase v\u00f5i prahi teisaldamisel. Ekskavaator-laadurites aitab kopa silinder nii kaevamisel kui ka t\u00f5stmisel. <\/li>\n<li>P\u00f5llumajandusmasinad: Kasutatakse esilaaduritel mulla, heina ja muude materjalide k\u00fchveldamiseks, t\u00f5stmiseks ja transportimiseks. <\/li>\n<li>Ekskavaatorid: Kopa silinder saavutab kaevamistoimingu, v\u00f5imaldades kopal pinnasesse tungida. <\/li>\n<li>Laadurid: Esilaadurites aitavad need kaupu t\u00f5husalt t\u00f5sta ja kallutada.<\/li>\n<\/ul>\n<p>Neid rakendusi kirjeldatakse allpool \u00fcksikasjalikumalt:<\/p>\n<h3>Ehitustehnika<\/h3>\n<p>Ekskavaatorites on kopasilindrid vajalikud pinnase v\u00f5i prahi kaevamiseks, laadimiseks ja teisaldamiseks. See aitab parandada kaevet\u00f6\u00f6de efektiivsust, suurendades ekskavaatori v\u00f5imsust ja paindlikkust. Ekskavaatorlaadurite puhul on kopasilindril oluline roll nii kaevamisel kui ka t\u00f5stmisel. See aitab kaasa masina man\u00f6\u00f6verdusv\u00f5imele ja mitmek\u00fclgsusele, muutes sellega t\u00f6\u00f6tamise erinevates keskkondades lihtsamaks.<\/p>\n<h3>P\u00f5llumajandustehnika<\/h3>\n<p>Kopasilindrid on kasulikud esilaadurites mulla, heina ja muude materjalide kopeerimiseks, t\u00f5stmiseks ja transportimiseks. Neid kasutatakse p\u00f5llumajandusmasinates, et aidata p\u00f5llumeestel oma t\u00f6\u00f6d kiiresti ja t\u00f5husalt teha. <\/p>\n<h3>Ekskavaatorid<\/h3>\n<p>Kopa silinder on ekskavaatori oluline osa. See v\u00f5imaldab kopal maapinda tungida ning h\u00f5lbustab materjalide k\u00fchveldamist, t\u00f5stmist ja transportimist. <\/p>\n<h3>Laadurid<\/h3>\n<p>Frontaallaadurites kasutatakse kopa silindreid kaupade t\u00f5husaks t\u00f5stmiseks ja kallutamiseks. Need v\u00f5imaldavad laaduril raskeid koormaid h\u00f5lpsalt ja t\u00e4pselt k\u00e4sitseda.<\/p>\n<p><img decoding=\"async\" src=\"https:\/\/www.hydraulic-cylinders.net\/wp-content\/uploads\/2025\/01\/songte-bushings-with-all-kinds-of-excavator-models.webp\"><\/p>\n<h2>Projekteerimiskaalutlused ja valikukriteeriumid<\/h2>\n<ul>\n<li>Kandev\u00f5ime: Kopa silinder peaks suutma taluda masina ja selle koorma kaalu.<\/li>\n<li>Tihendus: Kolvitihend, vardatihend ja muud tihenduselemendid peaksid olema konstrueeritud nii, et need v\u00e4ldiksid lekkeid ja tagaksid n\u00f5uetekohase toimimise.<\/li>\n<li>Vastupidavus: Silinder peaks olema valmistatud kvaliteetsetest materjalidest, et see taluks raskete masinate karme t\u00f6\u00f6tingimusi.<\/li>\n<li>Ohutus: Kopa silinder peaks olema konstrueeritud ja paigaldatud nii, et see ei kujuta endast ohtu operaatorile ega l\u00e4heduses viibivatele isikutele.<\/li>\n<li>Hooldatavus: Silindrit peaks olema lihtne hooldada ja parandada, et minimeerida seisakuid ja v\u00e4hendada kulusid.<\/li>\n<\/ul>\n<p><img decoding=\"async\" src=\"https:\/\/www.hydraulic-cylinders.net\/wp-content\/uploads\/2025\/01\/songte-oil-pipes-and-spare-parts.webp\"><\/p>\n<h2>Tihendus ja m\u00e4\u00e4rimine<\/h2>\n<p>Kopasilindris kasutatakse lekete v\u00e4ltimiseks ja n\u00f5uetekohase toimimise tagamiseks mitmesuguseid tihenduskomponente, n\u00e4iteks kolvitihendeid, vardatihendeid ja muid tihenduselemente. Need tihendid on valmistatud kulumiskindlatest materjalidest, nagu pol\u00fcuretaan ja nitriilkummi. Silindri n\u00f5uetekohane m\u00e4\u00e4rimine on sujuva toimimise tagamiseks h\u00e4davajalik ning tuleks kasutada sobivat h\u00fcdraulika\u00f5li.<\/p>\n<h2>Hooldus ja remont<\/h2>\n<p>Regulaarne kontroll ja ennetavad hooldusmeetmed on \u00fcliolulised, et tagada kopasilindri korrektne toimimine. Levinud hooldust\u00f6\u00f6de hulka kuuluvad m\u00e4\u00e4rimine, tihendite vahetamine ja kalibreerimise kontrollimine. \u00d5ige paigaldamine, m\u00e4\u00e4rimine ja reguleerimine on h\u00e4davajalikud. Silindri \u00f5ige joondamine ja sobivate paigaldusklambrite kasutamine aitavad v\u00e4ltida joondamise valesti paigutamisest tingitud kahjustusi. Samuti soovitame silindri eluea pikendamiseks j\u00e4rgida soovitatud kontrolli-, remondi- ja vahetusprotseduure.<\/p>\n<p><img decoding=\"async\" src=\"https:\/\/www.hydraulic-cylinders.net\/wp-content\/uploads\/2025\/01\/songte-chushion-collar.webp\"><\/p>\n<h2>Ohutuskaalutlused ja keskkonnategurid<\/h2>\n<p>Kopasilindrite kasutamisel tuleks alati j\u00e4rgida ohutusmeetmeid, nagu n\u00f5uetekohane kaitsevarustus, ohutud t\u00f6\u00f6protseduurid ja piisav v\u00e4lja\u00f5pe. Samuti tuleks arvestada keskkonnakaalutlustega, nagu \u00f5lireostus ja lekked, et v\u00e4ltida reostust ja \u00f6kos\u00fcsteemi kahjustamist.<\/p>\n<h2>Veaotsing ja levinud probleemid<\/h2>\n<ul>\n<li>Leke silindrist<\/li>\n<li>Labida liikumise kontrollimise raskused<\/li>\n<li>V\u00f5imetus raskeid koormaid t\u00f5sta<\/li>\n<\/ul>\n<p>Kui need probleemid ilmnevad, on oluline probleem kiiresti diagnoosida ja lahendada. Levinud lahenduste hulka kuuluvad lekete ja kulunud tihendite kontrollimine, h\u00fcdraulikavedeliku taseme kontrollimine ja silindri kahjustuste kontrollimine. Ennetavad meetmed, nagu regulaarne kontroll ja hooldus, aitavad neid probleeme minimeerida.<\/p>\n<p><img decoding=\"async\" src=\"https:\/\/hzpt.com\/wp-content\/uploads\/2024\/11\/songte-company-1.webp\"><\/p>\n<h2>Meie ettev\u00f5ttest<\/h2>\n<p>Oleme t\u00e4ieliku tootevalikuga asendush\u00fcdrauliliste silindrite tootja ning \u00fcks juhtivaid h\u00fcdrauliliste silindrite tootjaid ja hulgim\u00fc\u00fcjaid nii sise- kui ka rahvusvahelistel turgudel. Peame kinni suurep\u00e4rase kvaliteedi p\u00f5him\u00f5ttest ja tugineme t\u00e4iustatud tootmist\u00f6\u00f6koja t\u00f6\u00f6stusliku tootmise juhtimise strateegiale. Meie ettev\u00f5te t\u00e4iustab pidevalt oma tootmisplatvormi, rakendades tehnilisi oskusi, digitaalseid tipptasemel tootmisseadmeid ja professionaalseid testimiss\u00fcsteeme, et t\u00e4iustada toodete kvaliteetset tootmisprotsessi. Meil \u200b\u200bon tugevad loomingulised v\u00f5imed, et rahuldada klientide mitmekesiseid vajadusi suure t\u00f5hususega, suure t\u00e4psuse ja k\u00f5rge kvaliteediga.<\/p>\n<p>Meie ettev\u00f5te on tuntud ka j\u00e4rgmiste omaduste poolest:<\/p>\n<ul>\n<li>Professionaalsus<\/li>\n<li>Rahvusvahelised sertifikaadid<\/li>\n<li>Kohandamise teenused<\/li>\n<li>T\u00e4iustatud tootmisseadmed<\/li>\n<li>M\u00fc\u00fcgij\u00e4rgne teenindus<\/li>\n<\/ul>\n<p><img decoding=\"async\" src=\"https:\/\/www.hydraulic-cylinders.net\/wp-content\/uploads\/2025\/01\/songte-company-3.webp\"><\/p>\n<p>Autor: lyl<\/p>","protected":false},"excerpt":{"rendered":"<p>Bucket Cylinder For Atlas 3306LC Introduction The bucket cylinder, also known as a hydraulic cylinder, is a specialized type of cylinder primarily used for controlling the movement of the shovel in heavy machinery such as excavators, backhoe loaders, and front loaders. Its main function is to enable the shovel to lift, lower, and tilt, making [&hellip;]<\/p>","protected":false},"featured_media":14784,"comment_status":"open","ping_status":"closed","template":"","meta":{"_et_pb_use_builder":"","_et_pb_old_content":"","_et_gb_content_width":""},"product_brand":[],"product_cat":[1494],"product_tag":[1495,1496],"class_list":{"0":"post-15916","1":"product","2":"type-product","3":"status-publish","4":"has-post-thumbnail","6":"product_cat-bucket-cylinders","7":"product_tag-bucket-cylinders","8":"product_tag-hydraulic-cylinders","10":"first","11":"instock","12":"shipping-taxable","13":"product-type-simple"},"amp_enabled":true,"_links":{"self":[{"href":"https:\/\/www.hydraulic-cylinders.net\/et\/wp-json\/wp\/v2\/product\/15916","targetHints":{"allow":["GET"]}}],"collection":[{"href":"https:\/\/www.hydraulic-cylinders.net\/et\/wp-json\/wp\/v2\/product"}],"about":[{"href":"https:\/\/www.hydraulic-cylinders.net\/et\/wp-json\/wp\/v2\/types\/product"}],"replies":[{"embeddable":true,"href":"https:\/\/www.hydraulic-cylinders.net\/et\/wp-json\/wp\/v2\/comments?post=15916"}],"wp:featuredmedia":[{"embeddable":true,"href":"https:\/\/www.hydraulic-cylinders.net\/et\/wp-json\/wp\/v2\/media\/14784"}],"wp:attachment":[{"href":"https:\/\/www.hydraulic-cylinders.net\/et\/wp-json\/wp\/v2\/media?parent=15916"}],"wp:term":[{"taxonomy":"product_brand","embeddable":true,"href":"https:\/\/www.hydraulic-cylinders.net\/et\/wp-json\/wp\/v2\/product_brand?post=15916"},{"taxonomy":"product_cat","embeddable":true,"href":"https:\/\/www.hydraulic-cylinders.net\/et\/wp-json\/wp\/v2\/product_cat?post=15916"},{"taxonomy":"product_tag","embeddable":true,"href":"https:\/\/www.hydraulic-cylinders.net\/et\/wp-json\/wp\/v2\/product_tag?post=15916"}],"curies":[{"name":"wp","href":"https:\/\/api.w.org\/{rel}","templated":true}]}}