{"id":15925,"date":"2025-01-19T15:10:29","date_gmt":"2025-01-19T15:10:29","guid":{"rendered":"https:\/\/www.hydraulic-cylinders.net\/product\/bucket-cylinder-for-bonny-wzy32-7\/"},"modified":"2025-01-19T15:10:31","modified_gmt":"2025-01-19T15:10:31","slug":"bucket-cylinder-for-bonny-wzy32-7","status":"publish","type":"product","link":"https:\/\/www.hydraulic-cylinders.net\/et\/toode\/bucket-cylinder-for-bonny-wzy32-7\/","title":{"rendered":"Kopa silinder Bonny WZY32-7 jaoks"},"content":{"rendered":"<h1>Kopa silinder Bonny WZY32-7 jaoks<\/h1>\n<h2>Sissejuhatus<\/h2>\n<p>Kopa silinder on spetsiaalselt loodud h\u00fcdrauliline silinder, mida kasutatakse peamiselt koppade liikumise juhtimiseks rasketes masinates, n\u00e4iteks ekskavaatorites, laadur-ekskavaatorites ja esilaadurites. Selle peamine \u00fclesanne on v\u00f5imaldada kopa t\u00f5stmist, langetamist ja kallutamist, muutes mitmesuguste materjalik\u00e4itlust\u00f6\u00f6de tegemise lihtsamaks. Kopa silindrid t\u00f6\u00f6tavad h\u00fcdros\u00fcsteemis t\u00e4pselt, v\u00f5imaldades raskete koormate t\u00f5husat k\u00e4sitsemist ning kohandudes keerukate t\u00f6\u00f6keskkondade ja mitmekesiste t\u00f6\u00f6n\u00f5uetega.<\/p>\n<p><img decoding=\"async\" src=\"https:\/\/www.hydraulic-cylinders.net\/wp-content\/uploads\/2025\/01\/songte-company-2.webp\" alt=\"Kopa silinder Bonny WZY32-7 pildi jaoks\" \/><\/p>\n<h2>Omadused<\/h2>\n<ul>\n<li>Suur tugevus ja vastupidavus: Tavaliselt valmistatud \u00fclitugevast terasest v\u00f5i alumiiniumist, see talub k\u00f5rget r\u00f5hku ja suuri koormusi, kohandub karmide t\u00f6\u00f6keskkondadega ning on konstrueeritud kulumiskindlust ja korrosioonikindlust silmas pidades, pikendades selle kasutusiga.<\/li>\n<li>T\u00f5hus h\u00fcdrauliline t\u00f6\u00f6: T\u00e4nu h\u00fcdraulika\u00f5li r\u00f5hule saavutatakse sujuv teleskoopliikumine, mis reageerib kiiresti juhtimisk\u00e4sklustele, pakkudes v\u00f5imsat t\u00f5uke- ja t\u00f5mbej\u00f5udu, mis sobib raskete koormate ja keerukate t\u00f6\u00f6\u00fclesannete k\u00e4sitsemiseks.<\/li>\n<li>Mitu t\u00fc\u00fcpi: \u00dchetoimelisi (h\u00fcdraulilist s\u00fcsteemi kasutatakse ainult \u00fches suunas) v\u00f5i kahetoimelisi (h\u00fcdraulilist s\u00fcsteemi kasutatakse kahes suunas) silindreid saab valida vastavalt vajadusele, et rahuldada erinevaid t\u00f6\u00f6vajadusi. M\u00f5ned mudelid on teleskoopilised, mis v\u00f5imaldab suuremat laienemist ilma v\u00e4lism\u00f5\u00f5tmeid suurendamata, sobides piiratud ruumiga rakenduste jaoks.<\/li>\n<li>T\u00e4iuslik asendus: Meie tooted suudavad neid h\u00fcdrosilindreid ideaalselt asendada.<\/li>\n<\/ul>\n<p><img decoding=\"async\" src=\"https:\/\/www.hydraulic-cylinders.net\/wp-content\/uploads\/2025\/01\/songte-cylinder-head-with-all-kinds-excavator-models.webp\" alt=\"Kopa silinder Bonny WZY32-7 pildi jaoks\" \/><\/p>\n<h2>Rakendused<\/h2>\n<p>Kopp-silindreid kasutatakse erinevates t\u00f6\u00f6stusharudes, n\u00e4iteks:<\/p>\n<ul>\n<li>Ehitustehnika: Ekskavaatorites on need h\u00e4davajalikud pinnase v\u00f5i prahi kaevamiseks, laadimiseks ja teisaldamiseks. Ekskavaatoritel aitavad kopasilindrid kaevamisel ja t\u00f5stmisel. Esilaadurites aitavad need t\u00f5husalt koormaid t\u00f5sta ja kallutada.<\/li>\n<li>P\u00f5llumajandusmasinad: Kasutatakse esilaaduritel mulla, heina ja muude materjalide kaevamiseks, t\u00f5stmiseks ja transportimiseks. Ekskavaatorites v\u00f5imaldavad kopasilindrid kaevamist, lastes kopal pinnasesse tungida.<\/li>\n<\/ul>\n<h2>Projekteerimiskaalutlused ja valikukriteeriumid<\/h2>\n<p>Kopasilindrite projekteerimisel tuleb arvestada mitmete teguritega, n\u00e4iteks:<\/p>\n<ul>\n<li>Kandev\u00f5ime: Silindril peab olema tugevus, et kanda kantavat koormust.<\/li>\n<li>Tihendus: Silinder peab olema \u00f5hukindel, et v\u00e4ltida h\u00fcdraulilise vedeliku lekkeid.<\/li>\n<li>Vastupidavus: Silinder peab taluma kulumist.<\/li>\n<li>Ohutus: Silinder peab vastama ohutusstandarditele ja v\u00e4ltima \u00f5nnetusi.<\/li>\n<li>Hooldus: Silindri kasutusea pikendamiseks peab seda olema lihtne hooldada.<\/li>\n<\/ul>\n<p>Meie koppsilindrid on l\u00e4binud range testimise, et tagada nende vastavus k\u00f5igile neile kriteeriumidele. Vastupidavuse ja ohutuse tagamiseks kasutame kvaliteetseid tihendmaterjale ja t\u00e4ppisprotsesse. Regulaarne hooldus, sealhulgas m\u00e4\u00e4rimine ja tihendite vahetamine, on optimaalse j\u00f5udluse ja pikaealisuse tagamiseks h\u00e4davajalik.<\/p>\n<p><img decoding=\"async\" src=\"https:\/\/www.hydraulic-cylinders.net\/wp-content\/uploads\/2025\/01\/songte-oil-pipes-and-spare-parts.webp\" alt=\"Kopa silinder Bonny WZY32-7 pildi jaoks\" \/><\/p>\n<h2>Tihendus ja m\u00e4\u00e4rimine<\/h2>\n<p>\u00d5hutiheduse tagamiseks kasutame mitmesuguseid tihenduskomponente, n\u00e4iteks kolvitihendeid ja vardatihendeid, mis on valmistatud kulumiskindlatest materjalidest, n\u00e4iteks pol\u00fcuretaanist ja nitriilkummist. Silindri korpus ja keermestatud otsapinnad on peenelt t\u00f6\u00f6deldud, et parandada kulumiskindlust. Silindri sujuva t\u00f6\u00f6 tagamiseks ja kasutusea pikendamiseks on vajalik regulaarne m\u00e4\u00e4rimine h\u00fcdraulika\u00f5liga.<\/p>\n<h2>Hooldus ja remont<\/h2>\n<p>Regulaarne kontroll, n\u00f5uetekohane m\u00e4\u00e4rimine, tihendite vahetamine ja kalibreerimise kontrollimine on tavalised hooldust\u00f6\u00f6d. N\u00f5uetekohane paigaldamine, m\u00e4\u00e4rimine ja reguleerimine on kriitilise t\u00e4htsusega. Paigaldamise ajal on vajalik \u00f5ige joondamine ja soovitame silindri kinnitamiseks kasutada sobivaid paigaldusklambreid. Pakume ka soovitatavaid kontrolli-, remondi- ja asendusprotseduure, samuti varuosi ja taastamisteenuseid, et pikendada kopasilindri eluiga.<\/p>\n<p><img decoding=\"async\" src=\"https:\/\/www.hydraulic-cylinders.net\/wp-content\/uploads\/2025\/01\/songte-chushion-collar.webp\" alt=\"Kopa silinder Bonny WZY32-7 pildi jaoks\" \/><\/p>\n<h2>Ohutus- ja keskkonnakaalutlused<\/h2>\n<p>Kopasilindrite kasutamisel tuleb \u00f5nnetuste v\u00e4ltimiseks rakendada n\u00f5uetekohast ohutusabin\u00f5usid. H\u00fcdraulikavedelik tuleb keskkonnakahjustuste v\u00e4ltimiseks n\u00f5uetekohaselt utiliseerida.<\/p>\n<h2>Rikete diagnoosimine ja levinud probleemid<\/h2>\n<p>Kopasilindrite levinud probleemide hulka kuuluvad lekked, ebapiisav v\u00f5imsus ja eba\u00fchtlane liikumine. Neid probleeme v\u00f5ivad p\u00f5hjustada mitmesugused tegurid, n\u00e4iteks kulunud tihendid, kahjustatud kolvid v\u00f5i ummistunud filtrid. Edasiste kahjustuste v\u00f5i \u00f5nnetuste v\u00e4ltimiseks on vaja korralikku diagnoosi ja \u00f5igeaegset remonti.<\/p>\n<h2>Meie ettev\u00f5ttest<\/h2>\n<p>Oleme t\u00e4ielike tootekategooriatega asendush\u00fcdrauliliste silindrite tootja ning oleme saanud \u00fcheks juhtivaks h\u00fcdrosilindrite tootjaks ja hulgim\u00fc\u00fcjaks nii sise- kui ka rahvusvahelisel turul. J\u00e4rgime suurep\u00e4rase kvaliteedi p\u00f5him\u00f5tet ja tugineme peentootmist\u00f6\u00f6kodades t\u00f6\u00f6stusliku tootmise juhtimise strateegiatele. T\u00e4iustame pidevalt oma tootmisplatvormi, t\u00e4iustame oma tootekvaliteedi tootmisliini ja meil on tugev loominguline v\u00f5imekus. Vastame klientide n\u00f5udlusele suure efektiivsuse, suure t\u00e4psuse ja k\u00f5rgete kvaliteedip\u00f5him\u00f5tetega.<\/p>\n<p><img decoding=\"async\" src=\"https:\/\/hzpt.com\/wp-content\/uploads\/2024\/11\/songte-company-1.webp\" alt=\"Kopa silinder Bonny WZY32-7 pildi jaoks\" \/><\/p>\n<h3>Professionaalsus<\/h3>\n<p>Meil on professionaalide meeskond, kellel on ulatuslikud kogemused h\u00fcdrauliliste silindrite ja nendega seotud valdkondade alal. Meie t\u00f6\u00f6tajad on teadlikud ning meil on t\u00e4iustatud tehnoloogia ja seadmed kvaliteetsete koppsilindrite tootmiseks.<\/p>\n<h3>Rahvusvaheline sertifitseerimine<\/h3>\n<p>Meie tooted on l\u00e4binud rahvusvahelised sertifikaadid nagu CE, SGS ja ISO 9001. Meie toodete kvaliteedi tagamiseks j\u00e4rgime rangeid kvaliteedikontrolli standardeid.<\/p>\n<h3>Kohandamise teenused<\/h3>\n<p>Pakume kliendi erivajaduste rahuldamiseks kohandamisteenuseid, n\u00e4iteks disaini, suuruse ja kasutatud materjalide osas.<\/p>\n<h3>Tootmisseadmed<\/h3>\n<p>Meil on t\u00e4iustatud tootmisseadmed, n\u00e4iteks CNC-masinad ja testimisinstrumendid, et tagada t\u00f5hus ja t\u00e4pne tootmine.<\/p>\n<h3>M\u00fc\u00fcgij\u00e4rgne teenindus<\/h3>\n<p>Pakume igak\u00fclgset m\u00fc\u00fcgij\u00e4rgset teenindust, mis h\u00f5lmab tehnilist tuge, remonti ja vahetust. Meie klienditeeninduse t\u00f6\u00f6tajad on klientide abistamiseks olemas k\u00f5igi k\u00fcsimuste v\u00f5i probleemide korral.<\/p>\n<p>Selle artikli kirjutas lyl.<\/p>","protected":false},"excerpt":{"rendered":"<p>Bucket Cylinder For Bonny WZY32-7 Introduction A bucket cylinder is a specially designed hydraulic cylinder used primarily for controlling the movement of buckets in heavy machinery such as excavators, backhoe excavators, and front-end loaders. Its main function is to enable the bucket to be lifted, lowered, and tilted, making it easier to handle various material [&hellip;]<\/p>","protected":false},"featured_media":14762,"comment_status":"open","ping_status":"closed","template":"","meta":{"_et_pb_use_builder":"","_et_pb_old_content":"","_et_gb_content_width":""},"product_brand":[],"product_cat":[1494],"product_tag":[1495,1496],"class_list":{"0":"post-15925","1":"product","2":"type-product","3":"status-publish","4":"has-post-thumbnail","6":"product_cat-bucket-cylinders","7":"product_tag-bucket-cylinders","8":"product_tag-hydraulic-cylinders","10":"first","11":"instock","12":"shipping-taxable","13":"product-type-simple"},"amp_enabled":true,"_links":{"self":[{"href":"https:\/\/www.hydraulic-cylinders.net\/et\/wp-json\/wp\/v2\/product\/15925","targetHints":{"allow":["GET"]}}],"collection":[{"href":"https:\/\/www.hydraulic-cylinders.net\/et\/wp-json\/wp\/v2\/product"}],"about":[{"href":"https:\/\/www.hydraulic-cylinders.net\/et\/wp-json\/wp\/v2\/types\/product"}],"replies":[{"embeddable":true,"href":"https:\/\/www.hydraulic-cylinders.net\/et\/wp-json\/wp\/v2\/comments?post=15925"}],"wp:featuredmedia":[{"embeddable":true,"href":"https:\/\/www.hydraulic-cylinders.net\/et\/wp-json\/wp\/v2\/media\/14762"}],"wp:attachment":[{"href":"https:\/\/www.hydraulic-cylinders.net\/et\/wp-json\/wp\/v2\/media?parent=15925"}],"wp:term":[{"taxonomy":"product_brand","embeddable":true,"href":"https:\/\/www.hydraulic-cylinders.net\/et\/wp-json\/wp\/v2\/product_brand?post=15925"},{"taxonomy":"product_cat","embeddable":true,"href":"https:\/\/www.hydraulic-cylinders.net\/et\/wp-json\/wp\/v2\/product_cat?post=15925"},{"taxonomy":"product_tag","embeddable":true,"href":"https:\/\/www.hydraulic-cylinders.net\/et\/wp-json\/wp\/v2\/product_tag?post=15925"}],"curies":[{"name":"wp","href":"https:\/\/api.w.org\/{rel}","templated":true}]}}