{"id":15928,"date":"2025-01-19T15:10:41","date_gmt":"2025-01-19T15:10:41","guid":{"rendered":"https:\/\/www.hydraulic-cylinders.net\/product\/bucket-cylinder-for-bonny-ce400-5-400-7\/"},"modified":"2025-01-19T15:10:43","modified_gmt":"2025-01-19T15:10:43","slug":"bucket-cylinder-for-bonny-ce400-5-400-7","status":"publish","type":"product","link":"https:\/\/www.hydraulic-cylinders.net\/et\/toode\/bucket-cylinder-for-bonny-ce400-5-400-7\/","title":{"rendered":"Kopa silinder Bonny CE400-5\/400-7 jaoks"},"content":{"rendered":"<h1>Kopa silinder Bonny CE400-5\/400-7 jaoks<\/h1>\n<h2>Sissejuhatus<\/h2>\n<p>Bonny CE400-5\/400-7 kopa silinder on spetsiaalselt loodud h\u00fcdrauliline silinder, mida kasutatakse peamiselt rasketehnikas kopa liikumise juhtimiseks, n\u00e4iteks ekskavaatorites, laadur-ekskavaatorites ja esilaadurites. Selle peamine \u00fclesanne on kopa t\u00f5stmine, langetamine ja kallutamine, mis lihtsustab mitmesuguste materjalik\u00e4itlust\u00f6\u00f6de tegemist. H\u00fcdraulikas\u00fcsteemis saavutab kopa silinder kopa t\u00e4pse juhtimise h\u00fcdraulika\u00f5li r\u00f5hu muutmise abil, v\u00f5imaldades operaatoritel t\u00f5husalt k\u00e4sitseda raskeid esemeid ning kohaneda keerukate t\u00f6\u00f6keskkondade ja mitmekesiste t\u00f6\u00f6n\u00f5uetega.<\/p>\n<p><img decoding=\"async\" src=\"https:\/\/www.hydraulic-cylinders.net\/wp-content\/uploads\/2025\/01\/songte-company-2.webp\" alt=\"\u00c4mbri silindri pilt\"><\/p>\n<h2>Omadused<\/h2>\n<ul>\n<li>Suur tugevus ja vastupidavus: Tavaliselt valmistatud \u00fclitugevast terasest v\u00f5i alumiiniumist, see talub k\u00f5rget r\u00f5hku ja suuri koormusi, kohaneb karmide t\u00f6\u00f6keskkondadega ning on konstrueeritud kulumiskindluse ja korrosioonikindlusega, et pikendada kasutusiga.<\/li>\n<li>T\u00f5hus h\u00fcdrauliline t\u00f6\u00f6: Sujuv teleskoopliikumine saavutatakse h\u00fcdraulika\u00f5li r\u00f5hu abil, mis reageerib kiiresti juhtimisk\u00e4sklustele, pakub v\u00f5imsaid t\u00f5uke- ja t\u00f5mbej\u00f5ude ning sobib raskete esemete ja keerukate t\u00f6\u00f6\u00fclesannete k\u00e4sitsemiseks.<\/li>\n<li>Erinevad t\u00fc\u00fcbid: vastavalt vajadusele saab valida \u00fchetoimelisi (h\u00fcdraulilist s\u00fcsteemi kasutatakse ainult \u00fches suunas) v\u00f5i kahetoimelisi (h\u00fcdraulilist s\u00fcsteemi kasutatakse m\u00f5lemas suunas) silindreid, et rahuldada erinevaid t\u00f6\u00f6vajadusi. M\u00f5ned mudelid on teleskoopilised, mis v\u00f5imaldab suuremat pikendamist ilma v\u00e4lism\u00f5\u00f5tmeid suurendamata, sobides piiratud ruumiga rakenduste jaoks.<\/li>\n<li>Lihtne vahetada: meie tooted sobivad ideaalselt nende h\u00fcdrosilindrite asendamiseks.<\/li>\n<\/ul>\n<p><img decoding=\"async\" src=\"https:\/\/www.hydraulic-cylinders.net\/wp-content\/uploads\/2025\/01\/songte-cylinder-head-with-all-kinds-excavator-models.webp\" alt=\"\u00c4mbri silindri asendamise pilt\"><\/p>\n<h2>Rakendused<\/h2>\n<p>Kopasilindril on laialdased rakendused erinevates valdkondades, n\u00e4iteks:<\/p>\n<h3>Ehitustehnika<\/h3>\n<p>Ekskavaatorites on need h\u00e4davajalikud pinnase v\u00f5i prahi kaevamiseks, laadimiseks ja teisaldamiseks. Ekskavaatoritel aitavad kopasilindrid nii kaevamisel kui ka t\u00f5stmisel. Esilaadurite puhul aitavad need kaupu t\u00f5husalt t\u00f5sta ja kallutada.<\/p>\n<h3>P\u00f5llumajandustehnika<\/h3>\n<p>Kasutatakse esilaaduritel pinnase, heina ja muude materjalide \u00fclesv\u00f5tmiseks, t\u00f5stmiseks ja transportimiseks. Ekskavaatorites saavutavad kopasilindrid kaevamise, v\u00f5imaldades kopal pinnasesse tungida.<\/p>\n<h2>Projekteerimiskaalutlused ja valikukriteeriumid<\/h2>\n<p>Projekteerimisel peab kopa silinder olema v\u00f5imeline kandma koormusi, s\u00e4ilitama tihendavuse ning olema vastupidav, ohutu ja parandatav. P\u00f5hipunktid on j\u00e4rgmised:<\/p>\n<ul>\n<li>Kandev\u00f5ime: Kopa silinder peab suutma kanda k\u00e4ideldavate materjalide koormust.<\/li>\n<li>Tihendus: Kasutatakse mitmesuguseid tihenduskomponente, n\u00e4iteks kolvitihendeid ja varrastihendeid, ning valitakse kulumiskindlatest materjalidest, n\u00e4iteks pol\u00fcuretaanist ja nitriilkummist, valmistatud tihenduskomponendid.<\/li>\n<li>Vastupidavus: Silindri korpus ja keermestatud otsapinnad on peenelt t\u00f6\u00f6deldud, et parandada kulumiskindlust ja valida materjalid, millel on kulumiskindlus ja korrosioonikindlus.<\/li>\n<li>Ohutus: Ballooni projekteerimisel tuleb silmas pidada ohutusn\u00f5udeid, n\u00e4iteks \u00f5lilekke v\u00e4ltimist ning r\u00f5hu ja raskete koormuste taluvust.<\/li>\n<li>Remonditavus: Silindrit peab olema lihtne lahti v\u00f5tta ja kokku panna, et h\u00f5lbustada hooldust ja remonti.<\/li>\n<\/ul>\n<p><img decoding=\"async\" src=\"https:\/\/www.hydraulic-cylinders.net\/wp-content\/uploads\/2025\/01\/songte-oil-pipes-and-spare-parts.webp\" alt=\"\u00c4mbri silindri kujunduspilt\"><\/p>\n<h2>Tihendus ja m\u00e4\u00e4rimine<\/h2>\n<p>Kopasilindris kasutatakse mitmesuguseid tihenduskomponente, n\u00e4iteks kolvitihendeid ja vardatihendeid, ning tihenduskomponendid on valmistatud kulumiskindlatest materjalidest, n\u00e4iteks pol\u00fcuretaanist ja nitriilkummist. Silindri korpus ja keermestatud otsapinnad on kulumiskindluse parandamiseks peenelt t\u00f6\u00f6deldud ning m\u00e4\u00e4rimiseks lisatakse regulaarselt h\u00fcdraulika\u00f5li.<\/p>\n<h2>Hooldus ja remont<\/h2>\n<p>Regulaarne kontroll, asjakohane m\u00e4\u00e4rimine, tihendite vahetamine ja kalibreerimise kontrollimine on tavalised hooldust\u00f6\u00f6d. N\u00f5uetekohane paigaldamine, m\u00e4\u00e4rimine ja reguleerimine on olulised. Paigaldamise ajal tuleb silinder \u00f5igesti joondada ja selle kinnitamiseks tuleks kasutada sobivaid paigaldusklambreid. Saadaval on soovitatavad kontrolli-, remondi- ja asendusprotseduurid, samuti varuosad ja taastamisteenused kopasilindri kasutusea pikendamiseks.<\/p>\n<p><img decoding=\"async\" src=\"https:\/\/www.hydraulic-cylinders.net\/wp-content\/uploads\/2025\/01\/songte-chushion-collar.webp\" alt=\"Kopa silindri remondi pilt\"><\/p>\n<h2>Ohutuskaalutlused ja keskkonnategurid<\/h2>\n<p>Kopasilindri kasutamisel on \u00f5nnetuste v\u00e4ltimiseks h\u00e4davajalikud ohutusmeetmed. Oluline on j\u00e4rgida tootja juhiseid ja ballooni korralikult hooldada. Ballooni ladustamisel v\u00f5i kasutamisel tuleks arvestada ka keskkonnateguritega, nagu temperatuur ja niiskus.<\/p>\n<h2>Veaotsing ja levinud probleemid<\/h2>\n<p>Kopasilindri levinud probleemide hulka kuuluvad \u00f5lileke, tihendite kahjustused ja silindri liigne kulumine. Nende probleemide t\u00f5rkeotsing ja lahendamine n\u00f5uavad h\u00fcdraulikas\u00fcsteemide ja silindri konstruktsiooni tundmist. Regulaarne kontroll ja hooldus aitavad neid probleeme v\u00e4ltida.<\/p>\n<p><img decoding=\"async\" src=\"https:\/\/www.hydraulic-cylinders.net\/wp-content\/uploads\/2025\/01\/songte-bushings-with-all-kinds-of-excavator-models.webp\" alt=\"Kopasilindri levinud probleemide pilt\"><\/p>\n<h2>Meie ettev\u00f5ttest<\/h2>\n<p>Oleme asendush\u00fcdrauliliste silindrite tootja, pakkudes t\u00e4ielikku tootevalikut, ning oleme saanud \u00fcheks juhtivaks h\u00fcdrauliliste silindrite tootjaks ja hulgim\u00fc\u00fcjaks nii sise- kui ka v\u00e4listurul. J\u00e4rgime silmapaistva kvaliteedi p\u00f5him\u00f5tet, tugineme keerukates tootmist\u00f6\u00f6kodades t\u00f6\u00f6stusliku tootmise juhtimise strateegiatele ning t\u00e4iustame pidevalt t\u00f6\u00f6koja tootmisplatvormi, rakendades tehnilisi oskusi, digitaalseid tipptasemel tootmisseadmeid ja professionaalseid testimiss\u00fcsteeme, et t\u00e4iustada toodete tootmiskvaliteeti. Meil \u200b\u200bon tugevad loomingulised v\u00f5imed, j\u00e4rgime k\u00f5rge efektiivsuse, suure t\u00e4psuse ja k\u00f5rge kvaliteedi p\u00f5him\u00f5tteid, et rahuldada klientide mitmekesiseid vajadusi.<\/p>\n<p><img decoding=\"async\" src=\"https:\/\/hzpt.com\/wp-content\/uploads\/2024\/11\/songte-company-1.webp\" alt=\"Meie ettev\u00f5tte kuvand\"><\/p>\n<h3>Professionaalsus<\/h3>\n<p>Meil on meeskond h\u00fcdrauliliste silindrite valdkonnas k\u00f5rgelt koolitatud ja kogenud spetsialiste. Meie keskendumine kvaliteedikontrollile ja testimisele tagab, et meie tooted vastavad t\u00f6\u00f6stusstandarditele v\u00f5i \u00fcletavad neid.<\/p>\n<h3>Rahvusvaheline sertifitseerimine<\/h3>\n<p>Meie tooted on saanud mitmesuguseid rahvusvahelisi sertifikaate, n\u00e4iteks ISO, CE ja SGS, mis tagab meie toodete k\u00f5rgeima kvaliteedi.<\/p>\n<h3>Kohandamise teenused<\/h3>\n<p>Pakume kohandatud teenuseid, et rahuldada oma klientide erivajadusi.<\/p>\n<h3>Tootmisseadmed<\/h3>\n<p>Meie tootmisprotsess tugineb t\u00e4iustatud tipptasemel digitaalsetele t\u00e4ppisseadmetele, et tagada k\u00f5rgeima kvaliteediga tooted.<\/p>\n<h3>M\u00fc\u00fcgij\u00e4rgne teenindus<\/h3>\n<p>Pakume m\u00fc\u00fcgij\u00e4rgset teenindust, et tagada oma klientidele parim v\u00f5imalik tugi ja rahulolu.<\/p>\n<p>Autor: lyl.<\/p>","protected":false},"excerpt":{"rendered":"<p>Bucket Cylinder For Bonny CE400-5\/400-7 Introduction The bucket cylinder for Bonny CE400-5\/400-7 is a specially designed hydraulic cylinder used mainly in heavy machinery to control the movement of the bucket, such as excavators, backhoe excavators, and front-end loaders. Its main function is to lift, lower, and tilt the bucket, making it easier to handle various [&hellip;]<\/p>","protected":false},"featured_media":14788,"comment_status":"open","ping_status":"closed","template":"","meta":{"_et_pb_use_builder":"","_et_pb_old_content":"","_et_gb_content_width":""},"product_brand":[],"product_cat":[1494],"product_tag":[1495,1496],"class_list":{"0":"post-15928","1":"product","2":"type-product","3":"status-publish","4":"has-post-thumbnail","6":"product_cat-bucket-cylinders","7":"product_tag-bucket-cylinders","8":"product_tag-hydraulic-cylinders","10":"first","11":"instock","12":"shipping-taxable","13":"product-type-simple"},"amp_enabled":true,"_links":{"self":[{"href":"https:\/\/www.hydraulic-cylinders.net\/et\/wp-json\/wp\/v2\/product\/15928","targetHints":{"allow":["GET"]}}],"collection":[{"href":"https:\/\/www.hydraulic-cylinders.net\/et\/wp-json\/wp\/v2\/product"}],"about":[{"href":"https:\/\/www.hydraulic-cylinders.net\/et\/wp-json\/wp\/v2\/types\/product"}],"replies":[{"embeddable":true,"href":"https:\/\/www.hydraulic-cylinders.net\/et\/wp-json\/wp\/v2\/comments?post=15928"}],"wp:featuredmedia":[{"embeddable":true,"href":"https:\/\/www.hydraulic-cylinders.net\/et\/wp-json\/wp\/v2\/media\/14788"}],"wp:attachment":[{"href":"https:\/\/www.hydraulic-cylinders.net\/et\/wp-json\/wp\/v2\/media?parent=15928"}],"wp:term":[{"taxonomy":"product_brand","embeddable":true,"href":"https:\/\/www.hydraulic-cylinders.net\/et\/wp-json\/wp\/v2\/product_brand?post=15928"},{"taxonomy":"product_cat","embeddable":true,"href":"https:\/\/www.hydraulic-cylinders.net\/et\/wp-json\/wp\/v2\/product_cat?post=15928"},{"taxonomy":"product_tag","embeddable":true,"href":"https:\/\/www.hydraulic-cylinders.net\/et\/wp-json\/wp\/v2\/product_tag?post=15928"}],"curies":[{"name":"wp","href":"https:\/\/api.w.org\/{rel}","templated":true}]}}