{"id":15944,"date":"2025-01-19T15:11:55","date_gmt":"2025-01-19T15:11:55","guid":{"rendered":"https:\/\/www.hydraulic-cylinders.net\/product\/bucket-cylinder-for-nhig-bf6m2012c\/"},"modified":"2025-01-19T15:11:59","modified_gmt":"2025-01-19T15:11:59","slug":"bucket-cylinder-for-nhig-bf6m2012c","status":"publish","type":"product","link":"https:\/\/www.hydraulic-cylinders.net\/et\/toode\/bucket-cylinder-for-nhig-bf6m2012c\/","title":{"rendered":"Kopa silinder NHIG BF6m2012C jaoks"},"content":{"rendered":"<h1>Kopa silinder NHIG BF6m2012C jaoks<\/h1>\n<h2>Sissejuhatus<\/h2>\n<p>Kopa silinder, tuntud ka kui h\u00fcdrosilinder, on spetsiaalselt loodud h\u00fcdrauliline ajam, mida kasutatakse peamiselt kopa liikumise juhtimiseks rasketes masinates, n\u00e4iteks ekskavaatorites, laadur-ekskavaatorites ja esilaadurites. Selle peamine \u00fclesanne on v\u00f5imaldada kopa t\u00f5stmist, langetamist ja kallutamist, h\u00f5lbustades seel\u00e4bi mitmesuguseid materjali k\u00e4itlemise \u00fclesandeid. H\u00fcdraulilises s\u00fcsteemis saavutab kopa silinder kopa t\u00e4pse juhtimise h\u00fcdraulika\u00f5li r\u00f5hu muutmise abil, v\u00f5imaldades operaatoritel t\u00f5husalt k\u00e4sitseda raskeid koormaid ning kohaneda keerukate t\u00f6\u00f6keskkondade ja mitmekesiste t\u00f6\u00f6n\u00f5uetega.<\/p>\n<p><img decoding=\"async\" src=\"https:\/\/www.hydraulic-cylinders.net\/wp-content\/uploads\/2025\/01\/songte-company-2.webp\"\/><\/p>\n<h2>Omadused<\/h2>\n<ul>\n<li>Suur tugevus ja vastupidavus: Tavaliselt valmistatud \u00fclitugevast terasest v\u00f5i alumiiniumist, talub see k\u00f5rget r\u00f5hku ja suuri koormusi, kohaneb karmide t\u00f6\u00f6keskkondadega ning selle disain arvestab kulumiskindluse ja korrosioonikindlusega, pikendades selle kasutusiga.<\/li>\n<li>T\u00f5hus h\u00fcdrauliline t\u00f6\u00f6: Sujuv pikendamine ja tagasit\u00f5mbamine saavutatakse h\u00fcdraulilise \u00f5lir\u00f5hu abil, mis v\u00f5imaldab kiiret reageerimist juhtimisk\u00e4sklustele ning pakub v\u00f5imsat t\u00f5uke- ja t\u00f5mbej\u00f5udu, mis sobib raskete koormate ja keerukate t\u00f6\u00f6\u00fclesannete k\u00e4sitsemiseks.<\/li>\n<li>Erinevad t\u00fc\u00fcbid: vastavalt t\u00f6\u00f6vajadustele saab valida \u00fchetoimelisi (h\u00fcdraulikat ainult \u00fches suunas) v\u00f5i kahetoimelisi (h\u00fcdraulikat kahes suunas) silindreid ning m\u00f5ned mudelid on teleskoopilised, v\u00f5imaldades suuremat pikendamist ilma v\u00e4lism\u00f5\u00f5tmeid suurendamata, sobides piiratud ruumi rakenduste jaoks.<\/li>\n<li>Vahetatav: Meie toode saab need h\u00fcdrosilindrid ideaalselt asendada.<\/li>\n<\/ul>\n<p><img decoding=\"async\" src=\"https:\/\/www.hydraulic-cylinders.net\/wp-content\/uploads\/2025\/01\/songte-cylinder-head-with-all-kinds-excavator-models.webp\"\/><\/p>\n<h2>Rakendused<\/h2>\n<p>Kopasilindrit kasutatakse laialdaselt erinevates valdkondades, n\u00e4iteks:<\/p>\n<ul>\n<li>Ehitustehnika: Ehitustehnika, n\u00e4iteks ekskavaatorid, vajab neid pinnase v\u00f5i prahi kaevamiseks, laadimiseks ja teisaldamiseks ning ekskavaatorlaadurites aitab kopa silinder nii kaevamisel kui ka t\u00f5stmisel.<\/li>\n<li>P\u00f5llumajandusmasinad: Kasutatakse esilaadurites pinnase, heina ja muude materjalide k\u00fchveldamiseks, t\u00f5stmiseks ja transportimiseks ning ekskavaatorites v\u00f5imaldab kopa silinder kaevamist, lastes kopal pinnasesse tungida.<\/li>\n<li>Laadurid: Esilaadurites aitavad need lasti t\u00f5husalt t\u00f5sta ja maha laadida.<\/li>\n<\/ul>\n<p>Allpool on toodud kopasilindri \u00fcksikasjalikud rakendused:<\/p>\n<ul>\n<li>Ehitustehnika: Kopa silinder on ekskavaatorite jaoks oluline pinnase v\u00f5i prahi kaevamiseks, laadimiseks ja teisaldamiseks. Ekskavaatorlaaduritel aitab kopa silinder nii kaevamisel kui ka t\u00f5stmisel. Kopa silindril on oluline roll ka buldooserites, v\u00e4ikelaadurites ja muudes ehitustehnikates.<\/li>\n<li>P\u00f5llumajandusmasinad: Kopasilindrid on esilaadurite jaoks h\u00e4davajalikud mulla, heina ja muude materjalide kopeerimiseks, t\u00f5stmiseks ja transportimiseks. Samuti m\u00e4ngivad need olulist rolli p\u00f5llumajandustraktorites ja muudes p\u00f5llumajandusseadmetes.<\/li>\n<li>Laadurid: Kopa silinder on esilaaduritel oluline kauba t\u00f5husaks t\u00f5stmiseks ja t\u00fchjendamiseks. Neid kasutatakse ka teistes laadurites, n\u00e4iteks liuglaadurites ja kompaktsetes rataslaadurites.<\/li>\n<\/ul>\n<h2>Projekteerimiskaalutlused ja valikukriteeriumid<\/h2>\n<p>Silindrite projekteerimisel v\u00f5etakse arvesse mitmeid tegureid, sealhulgas:<\/p>\n<ul>\n<li>Kandev\u00f5ime: Kopa silinder peab suutma taluda koormust, millele see allutatakse, sealhulgas d\u00fcnaamilisi koormusi.<\/li>\n<li>Tihendus: Kopa silinder peab suutma s\u00e4ilitada tiheda tihendi, et v\u00e4ltida h\u00fcdraulika\u00f5li leket.<\/li>\n<li>Vastupidavus: Kopa silinder peab olema konstrueeritud nii, et see taluks kulumist ja korrosiooni karmides t\u00f6\u00f6keskkondades.<\/li>\n<li>Ohutus: Kopa silinder peab olema konstrueeritud nii, et minimeerida \u00f5nnetuste ja vigastuste ohtu operaatoritele ja teistele l\u00e4heduses t\u00f6\u00f6tavatele t\u00f6\u00f6tajatele.<\/li>\n<li>Hooldatavus: Kopa silinder peab olema konstrueeritud nii, et seda oleks lihtne hooldada ja parandada, sealhulgas kulunud v\u00f5i kahjustatud komponentide v\u00e4ljavahetamist.<\/li>\n<\/ul>\n<p><img decoding=\"async\" src=\"https:\/\/www.hydraulic-cylinders.net\/wp-content\/uploads\/2025\/01\/songte-oil-pipes-and-spare-parts.webp\"\/><\/p>\n<h2>Tihendamine ja m\u00e4\u00e4rimine<\/h2>\n<p>Kopasilindrites kasutatakse mitmesuguseid tihenduskomponente, sealhulgas kolvitihendeid, vardatihendeid jne. Tihendid on valmistatud kulumiskindlatest materjalidest, nagu pol\u00fcuretaan ja nitriilkummi. Silindri korpus ja keermeotsa pind on peenelt t\u00f6\u00f6deldud, et parandada kulumiskindlust. Sujuva t\u00f6\u00f6 tagamiseks ja kasutusea pikendamiseks on vaja ka regulaarset m\u00e4\u00e4rimist.<\/p>\n<h2>Hooldus ja remont<\/h2>\n<p>Kopasilindri t\u00f5husa t\u00f6\u00f6 tagamiseks on vajalik regulaarne hooldus. T\u00fc\u00fcpilised hooldust\u00f6\u00f6d h\u00f5lmavad j\u00e4rgmist:<\/p>\n<ul>\n<li>Regulaarsed kontrollid: kontrollige h\u00fcdrosilindrit kulumise, kahjustuste v\u00f5i lekete suhtes.<\/li>\n<li>M\u00e4\u00e4rimine: M\u00e4\u00e4rige silindrit sujuva t\u00f6\u00f6 tagamiseks.<\/li>\n<li>Tihendi vahetamine: H\u00fcdraulika\u00f5li lekke v\u00e4ltimiseks vahetage kulunud v\u00f5i kahjustatud tihendid v\u00e4lja.<\/li>\n<li>Kalibreerimise kontroll: kontrollige silindri kalibreerimist, et veenduda selle toimimises vastuv\u00f5etavates piirides.<\/li>\n<\/ul>\n<p>\u00d5ige paigaldamine on oluline ka kopasilindri j\u00f5udluse ja eluea jaoks. Soovitatav on silinder \u00f5igesti joondada ja kinnitamiseks kasutada sobivaid paigaldusklambreid. Kopasilindri eluea pikendamiseks on saadaval soovituslikud kontrolli-, remondi- ja vahetusprotseduurid.<\/p>\n<p><img decoding=\"async\" src=\"https:\/\/www.hydraulic-cylinders.net\/wp-content\/uploads\/2025\/01\/songte-chushion-collar.webp\"\/><\/p>\n<h2>Ohutuskaalutlused ja keskkonnategurid<\/h2>\n<p>Kopasilindri k\u00e4sitsemisel tuleks rakendada ohutusmeetmeid. Operaator peaks olema koolitatud seadme ohutuks kasutamiseks ja kandma sobivaid isikukaitsevahendeid. Arvesse tuleks v\u00f5tta ka keskkonnategureid, nagu temperatuur ja niiskus.<\/p>\n<h2>Veaotsing ja levinud probleemid<\/h2>\n<p>Kopasilindri levinud probleemide hulka kuuluvad lekked, ebapiisav v\u00f5imsus ja ebanormaalne m\u00fcra. N\u00f5uetekohane diagnoosimine ja probleemide lahendamise strateegiad aitavad v\u00e4hendada seisakuid ja remondikulusid. Regulaarne hooldus aitab probleeme enne nende tekkimist v\u00e4ltida.<\/p>\n<p><img decoding=\"async\" src=\"https:\/\/www.hydraulic-cylinders.net\/wp-content\/uploads\/2025\/01\/songte-bushings-with-all-kinds-of-excavator-models.webp\"\/><\/p>\n<h2>Meie ettev\u00f5ttest<\/h2>\n<p>Oleme asendush\u00fcdrauliliste silindrite tootja. Meie ettev\u00f5te toodab t\u00e4ielikku tootevalikut ja on saanud \u00fcheks juhtivaks h\u00fcdrosilindrite tootjaks ja hulgim\u00fc\u00fcjaks nii sise- kui ka rahvusvahelisel turul. J\u00e4rgime tippkvaliteedi p\u00f5him\u00f5tet, tugineme peentootmist\u00f6\u00f6kodade industrialiseeritud tootmisjuhtimise strateegiale, t\u00e4iustame pidevalt t\u00f6\u00f6koja tootmisplatvormi, t\u00e4iustame tootekvaliteedi tootmisliini ning omame tugevat loomingulist v\u00f5imekust, et rahuldada klientide mitmekesiseid vajadusi suure t\u00f5hususega, suure t\u00e4psusega ja kvaliteetsete toodetega. <\/p>\n<p>Meie ettev\u00f5te pakub professionaalseid, rahvusvaheliselt sertifitseeritud, kohandatud teenuseid, t\u00e4iustatud tootmisseadmeid ja m\u00fc\u00fcgij\u00e4rgset teenindust jne. <\/p>\n<p><img decoding=\"async\" src=\"https:\/\/hzpt.com\/wp-content\/uploads\/2024\/11\/songte-company-1.webp\"\/> <\/p>\n<p>Autor: lyl<\/p>","protected":false},"excerpt":{"rendered":"<p>Bucket Cylinder For NHIG BF6m2012C Introduction The bucket cylinder, also known as the hydraulic cylinder, is a specially designed hydraulic actuator that is primarily used to control the movement of the bucket in heavy machinery such as excavators, backhoe loaders, and front-end loaders. Its main function is to enable the bucket to lift, lower, and [&hellip;]<\/p>","protected":false},"featured_media":14787,"comment_status":"open","ping_status":"closed","template":"","meta":{"_et_pb_use_builder":"","_et_pb_old_content":"","_et_gb_content_width":""},"product_brand":[],"product_cat":[1494],"product_tag":[1495,1496],"class_list":{"0":"post-15944","1":"product","2":"type-product","3":"status-publish","4":"has-post-thumbnail","6":"product_cat-bucket-cylinders","7":"product_tag-bucket-cylinders","8":"product_tag-hydraulic-cylinders","10":"first","11":"instock","12":"shipping-taxable","13":"product-type-simple"},"amp_enabled":true,"_links":{"self":[{"href":"https:\/\/www.hydraulic-cylinders.net\/et\/wp-json\/wp\/v2\/product\/15944","targetHints":{"allow":["GET"]}}],"collection":[{"href":"https:\/\/www.hydraulic-cylinders.net\/et\/wp-json\/wp\/v2\/product"}],"about":[{"href":"https:\/\/www.hydraulic-cylinders.net\/et\/wp-json\/wp\/v2\/types\/product"}],"replies":[{"embeddable":true,"href":"https:\/\/www.hydraulic-cylinders.net\/et\/wp-json\/wp\/v2\/comments?post=15944"}],"wp:featuredmedia":[{"embeddable":true,"href":"https:\/\/www.hydraulic-cylinders.net\/et\/wp-json\/wp\/v2\/media\/14787"}],"wp:attachment":[{"href":"https:\/\/www.hydraulic-cylinders.net\/et\/wp-json\/wp\/v2\/media?parent=15944"}],"wp:term":[{"taxonomy":"product_brand","embeddable":true,"href":"https:\/\/www.hydraulic-cylinders.net\/et\/wp-json\/wp\/v2\/product_brand?post=15944"},{"taxonomy":"product_cat","embeddable":true,"href":"https:\/\/www.hydraulic-cylinders.net\/et\/wp-json\/wp\/v2\/product_cat?post=15944"},{"taxonomy":"product_tag","embeddable":true,"href":"https:\/\/www.hydraulic-cylinders.net\/et\/wp-json\/wp\/v2\/product_tag?post=15944"}],"curies":[{"name":"wp","href":"https:\/\/api.w.org\/{rel}","templated":true}]}}