{"id":15948,"date":"2025-01-19T15:12:19","date_gmt":"2025-01-19T15:12:19","guid":{"rendered":"https:\/\/www.hydraulic-cylinders.net\/product\/bucket-cylinder-for-bada-wysbd500c-s\/"},"modified":"2025-01-19T15:12:21","modified_gmt":"2025-01-19T15:12:21","slug":"bucket-cylinder-for-bada-wysbd500c-s","status":"publish","type":"product","link":"https:\/\/www.hydraulic-cylinders.net\/et\/toode\/bucket-cylinder-for-bada-wysbd500c-s\/","title":{"rendered":"Bada WYSBD500C-S kopa silinder"},"content":{"rendered":"<p><!DOCTYPE html><br \/>\n<html><br \/>\n<head><br \/>\n<title>Bada WYSBD500C-S kopa silinder<\/title><br \/>\n<\/head><br \/>\n<body><\/p>\n<h1>Bada WYSBD500C-S kopa silinder<\/h1>\n<h2>Sissejuhatus<\/h2>\n<p>Kopa silinder on spetsiaalselt konstrueeritud h\u00fcdrauliline silinder, mida kasutatakse kopa liikumise juhtimiseks rasketes masinates, n\u00e4iteks ekskavaatorites, laadur-ekskavaatorites ja esilaadurites. Selle peamine \u00fclesanne on v\u00f5imaldada kopa t\u00f5stmist, langetamist ja kallutamist, h\u00f5lbustades mitmesuguseid materjali k\u00e4itlemise \u00fclesandeid. H\u00fcdraulilises s\u00fcsteemis saavutab kopa silinder kopa t\u00e4pse juhtimise h\u00fcdraulika\u00f5li r\u00f5hu muutmise abil, v\u00f5imaldades operaatoritel t\u00f5husalt k\u00e4sitseda raskeid koormaid ning kohaneda keerukate t\u00f6\u00f6keskkondade ja mitmekesiste t\u00f6\u00f6n\u00f5uetega.<\/p>\n<p><img decoding=\"async\" src=\"https:\/\/www.hydraulic-cylinders.net\/wp-content\/uploads\/2025\/01\/songte-company-2.webp\" alt=\"\u00c4mbri silindri pilt\"><\/p>\n<h2>Omadused<\/h2>\n<ul>\n<li><strong>Suur tugevus ja vastupidavus:<\/strong> Tavaliselt \u00fclitugevast terasest v\u00f5i alumiiniumist valmistatud kopasilindrid taluvad k\u00f5rget r\u00f5hku ja suuri koormusi, kohandudes karmide t\u00f6\u00f6keskkondadega. Nende disain arvestab kulumiskindluse ja korrosioonikindlusega, pikendades nende eluiga.<\/li>\n<li><strong>T\u00f5hus h\u00fcdrauliline t\u00f6\u00f6:<\/strong> H\u00fcdraulika\u00f5li r\u00f5hu abil saavutab kopa silinder sujuva pikendus- ja tagasit\u00f5mbamisliigutuse, reageerib kiiresti juhtimisk\u00e4sklustele ja pakub v\u00f5imsaid t\u00f5uke- ja t\u00f5mbej\u00f5ude, mis sobivad raskete koormate ja keerukate t\u00f6\u00f6\u00fclesannete k\u00e4sitsemiseks.<\/li>\n<li><strong>Mitmek\u00fclgsed t\u00fc\u00fcbid:<\/strong> Kopasilindrit saab valida \u00fchetoimelisena (h\u00fcdrauliline j\u00f5ud rakendatakse ainult \u00fches suunas) v\u00f5i kahetoimelisena (h\u00fcdrauliline j\u00f5ud rakendatakse m\u00f5lemas suunas) vastavalt konkreetsetele t\u00f6\u00f6vajadustele. M\u00f5ned mudelid on teleskoopilised, v\u00f5imaldades suuremat pikendust ilma v\u00e4lism\u00f5\u00f5tmeid suurendamata, sobides piiratud ruumiga rakenduste jaoks.<\/li>\n<li><strong>T\u00e4iuslik asendus:<\/strong> Meie tooted suudavad neid h\u00fcdrosilindreid ideaalselt asendada. <\/li>\n<\/ul>\n<p><img decoding=\"async\" src=\"https:\/\/www.hydraulic-cylinders.net\/wp-content\/uploads\/2025\/01\/songte-cylinder-head-with-all-kinds-excavator-models.webp\" alt=\"Toote pilt\"><\/p>\n<h2>Rakendused<\/h2>\n<ul>\n<li><strong>Ehitustehnika:<\/strong> Kopasilindrid on ekskavaatorites eluliselt t\u00e4htsad kaevamiseks, laadimiseks ja pinnase v\u00f5i prahi teisaldamiseks. Ekskavaator-laadurites aitab kopasilindrit nii kaevamisel kui ka t\u00f5stmisel.<\/li>\n<li><strong>P\u00f5llumajandusmasinad:<\/strong> Kasutatakse esilaadurites mulla, heina ja muude materjalide kopeerimiseks, t\u00f5stmiseks ja transportimiseks.<\/li>\n<li><strong>Ekskavaatorid:<\/strong> Kopa silinder v\u00f5imaldab kaevamist, lastes kopal pinnasesse tungida.<\/li>\n<li><strong>Laadurid:<\/strong> Eestlaadurites aitavad need lasti t\u00f5husalt t\u00f5sta ja maha laadida.<\/li>\n<\/ul>\n<h2>Projekteerimiskaalutlused ja valikukriteeriumid<\/h2>\n<ul>\n<li><strong>Kandev\u00f5ime:<\/strong> Kopa silinder peaks olema konstrueeritud nii, et see vastaks n\u00f5utavale kandev\u00f5imele, tagades ohutu ja t\u00f5husa t\u00f6\u00f6.<\/li>\n<li><strong>Tihendus:<\/strong> \u00d5lilekke v\u00e4ltimiseks ja silindri pikaealisuse tagamiseks on oluline piisav tihendus. Kasutatakse kvaliteetseid kolvi- ja varrastihendeid, mis on valmistatud kulumiskindlatest materjalidest, nagu pol\u00fcuretaan ja nitriilkummi.<\/li>\n<li><strong>Vastupidavus:<\/strong> Silindri korpus ja keermestatud otsad l\u00e4bivad kulumiskindluse suurendamiseks hoolika pinnat\u00f6\u00f6tluse.<\/li>\n<li><strong>Ohutus:<\/strong> \u00d5nnetuste v\u00e4ltimiseks ja operaatori ohutuse tagamiseks tuleks paigaldada ohutusfunktsioonid, n\u00e4iteks r\u00f5hualandusventiilid ja koormust hoidvad ventiilid.<\/li>\n<li><strong>Hooldus:<\/strong> Ballooni konstruktsioon peaks h\u00f5lbustama h\u00f5lpsat hooldust ja remonti, kusjuures komponendid peaksid olema ligip\u00e4\u00e4setavad ja juhised selged.<\/li>\n<\/ul>\n<p><img decoding=\"async\" src=\"https:\/\/www.hydraulic-cylinders.net\/wp-content\/uploads\/2025\/01\/songte-oil-pipes-and-spare-parts.webp\" alt=\"Toote pilt\"><\/p>\n<h2>Tihendus ja m\u00e4\u00e4rimine<\/h2>\n<p>Kopasilindris kasutatakse mitmesuguseid tihenduskomponente, n\u00e4iteks kolvitihendeid ja vardatihendeid. Need tihendid on valmistatud kulumiskindlatest materjalidest, nagu pol\u00fcuretaan ja nitriilkummi. Silindri korpus ja keermestatud otsad on kulumiskindluse parandamiseks peenelt t\u00f6\u00f6deldud. Sujuva t\u00f6\u00f6 tagamiseks ja silindri eluea pikendamiseks on vajalik regulaarne m\u00e4\u00e4rimine sobiva koguse h\u00fcdraulika\u00f5liga.<\/p>\n<h2>Hooldus ja ennetavad meetmed<\/h2>\n<ul>\n<li>Kontrollige silindrit regulaarselt kulumise, kahjustuste v\u00f5i lekete suhtes.<\/li>\n<li>Silindri ja selle liikuvate osade korralik m\u00e4\u00e4rimine on optimaalse j\u00f5udluse s\u00e4ilitamiseks h\u00e4davajalik.<\/li>\n<li>Vajadusel vahetage tihendid ja muud kulunud komponendid v\u00e4lja.<\/li>\n<li>T\u00e4pse t\u00f6\u00f6 tagamiseks tehke kalibreerimiskontroll.<\/li>\n<\/ul>\n<p><img decoding=\"async\" src=\"https:\/\/www.hydraulic-cylinders.net\/wp-content\/uploads\/2025\/01\/songte-chushion-collar.webp\" alt=\"Toote pilt\"><\/p>\n<h2>Ohutuskaalutlused ja keskkonnategurid<\/h2>\n<p>Kopasilindri kasutamisel on oluline j\u00e4rgida ohutusmeetmeid, et v\u00e4ltida \u00f5nnetusi ja tagada operaatorite heaolu. Olulised on n\u00f5uetekohane v\u00e4lja\u00f5pe, ohutusjuhiste j\u00e4rgimine ja isikukaitsevahendite asjakohane kasutamine. Lisaks tuleks sobivate materjalide ja tihenduslahenduste valimisel arvestada keskkonnateguritega, nagu temperatuur, niiskus ja s\u00f6\u00f6vitavad ained.<\/p>\n<h2>Veaotsing ja levinud probleemid<\/h2>\n<p>Siin on m\u00f5ned levinud t\u00f5rkeotsingu n\u00e4pun\u00e4ited ja lahendused:<\/p>\n<ul>\n<li>Kui silinder ei liigu v\u00e4lja ega sisse, kontrollige h\u00fcdraulikavedeliku lekkeid ja veenduge, et vedeliku tase on \u00f5ige.<\/li>\n<li>Kui silinder t\u00f6\u00f6tab aeglaselt v\u00f5i eba\u00fchtlaselt, kontrollige ummistunud filtreid, ebapiisavat h\u00fcdraulilist r\u00f5hku v\u00f5i kahjustatud tihendeid.<\/li>\n<li>Kui silinder tekitab ebanormaalseid helisid, kontrollige lahtiste \u00fchenduste, kulunud komponentide v\u00f5i joonduse h\u00e4irete suhtes.<\/li>\n<\/ul>\n<p><img decoding=\"async\" src=\"https:\/\/www.hydraulic-cylinders.net\/wp-content\/uploads\/2025\/01\/songte-bushings-with-all-kinds-of-excavator-models.webp\" alt=\"Toote pilt\"><\/p>\n<p>Ennetavad meetmed aitavad minimeerida v\u00f5imalikke t\u00fcsistusi:<\/p>\n<ul>\n<li>Kontrollige ja hooldage ballooni regulaarselt, et tuvastada ja lahendada probleemid enne nende s\u00fcvenemist.<\/li>\n<li>Optimaalse j\u00f5udluse tagamiseks j\u00e4rgige \u00f5igeid paigaldus-, m\u00e4\u00e4rimis- ja reguleerimisprotseduure.<\/li>\n<li>Andke juhiseid silindri \u00f5igeks joondamiseks paigaldamise ajal.<\/li>\n<li>Silindri kinnitamiseks on soovitatav kasutada sobivaid kinnitusklambreid.<\/li>\n<li>Andke n\u00f5u kopasilindri pikaealisuse pikendamiseks soovitatavate kontrolli-, remondi- ja asendusprotseduuride osas.<\/li>\n<\/ul>\n<h2>Meie ettev\u00f5ttest<\/h2>\n<p>Oleme asendush\u00fcdrauliliste silindrite tootja, pakkudes laia tootevalikut. Oleme saanud \u00fcheks juhtivaks h\u00fcdrosilindrite tootjaks ja hulgim\u00fc\u00fcjaks nii sise- kui ka rahvusvahelistel turgudel. Meie ettev\u00f5te j\u00e4rgib industrialiseeritud tootmisjuhtimise strateegiat, mis p\u00f5hineb suurep\u00e4rasel kvaliteedil, tuginedes andekatele spetsialistidele, t\u00e4iustatud tootmisseadmetele ja professionaalsetele testimiss\u00fcsteemidele. T\u00e4iustame pidevalt oma tootmisplatvormi ja tootekvaliteedi tootmisviise, pakkudes klientidele t\u00f5husaid, t\u00e4pseid ja kvaliteetseid lahendusi mitmekesiste vajaduste rahuldamiseks.<\/p>\n<p><img decoding=\"async\" src=\"https:\/\/www.hydraulic-cylinders.net\/wp-content\/uploads\/2025\/01\/songte-company-3.webp\" alt=\"Ettev\u00f5tte kuvand\"><\/p>\n<h3>P\u00f5hipunktid:<\/h3>\n<ul>\n<li>Professionaalsus<\/li>\n<li>Rahvusvahelised sertifikaadid<\/li>\n<li>Kohandamise teenused<\/li>\n<li>Tootmisseadmed<\/li>\n<li>M\u00fc\u00fcgij\u00e4rgne teenindus<\/li>\n<\/ul>\n<p>Autor: lyl<\/p>\n<p><img decoding=\"async\" src=\"https:\/\/hzpt.com\/wp-content\/uploads\/2024\/11\/songte-company-1.webp\" alt=\"Ettev\u00f5tte kuvand\"><\/p>\n<p><\/body><br \/>\n<\/html><\/p>","protected":false},"excerpt":{"rendered":"<p>Bucket Cylinder For Bada WYSBD500C-S Bucket Cylinder For Bada WYSBD500C-S Introduction The bucket cylinder is a specially designed hydraulic cylinder used to control the motion of the bucket in heavy machinery such as excavators, backhoe loaders, and front-end loaders. Its main function is to enable the lifting, lowering, and tilting of the bucket, facilitating various [&hellip;]<\/p>","protected":false},"featured_media":14780,"comment_status":"open","ping_status":"closed","template":"","meta":{"_et_pb_use_builder":"","_et_pb_old_content":"","_et_gb_content_width":""},"product_brand":[],"product_cat":[1494],"product_tag":[1495,1496],"class_list":{"0":"post-15948","1":"product","2":"type-product","3":"status-publish","4":"has-post-thumbnail","6":"product_cat-bucket-cylinders","7":"product_tag-bucket-cylinders","8":"product_tag-hydraulic-cylinders","10":"first","11":"instock","12":"shipping-taxable","13":"product-type-simple"},"amp_enabled":true,"_links":{"self":[{"href":"https:\/\/www.hydraulic-cylinders.net\/et\/wp-json\/wp\/v2\/product\/15948","targetHints":{"allow":["GET"]}}],"collection":[{"href":"https:\/\/www.hydraulic-cylinders.net\/et\/wp-json\/wp\/v2\/product"}],"about":[{"href":"https:\/\/www.hydraulic-cylinders.net\/et\/wp-json\/wp\/v2\/types\/product"}],"replies":[{"embeddable":true,"href":"https:\/\/www.hydraulic-cylinders.net\/et\/wp-json\/wp\/v2\/comments?post=15948"}],"wp:featuredmedia":[{"embeddable":true,"href":"https:\/\/www.hydraulic-cylinders.net\/et\/wp-json\/wp\/v2\/media\/14780"}],"wp:attachment":[{"href":"https:\/\/www.hydraulic-cylinders.net\/et\/wp-json\/wp\/v2\/media?parent=15948"}],"wp:term":[{"taxonomy":"product_brand","embeddable":true,"href":"https:\/\/www.hydraulic-cylinders.net\/et\/wp-json\/wp\/v2\/product_brand?post=15948"},{"taxonomy":"product_cat","embeddable":true,"href":"https:\/\/www.hydraulic-cylinders.net\/et\/wp-json\/wp\/v2\/product_cat?post=15948"},{"taxonomy":"product_tag","embeddable":true,"href":"https:\/\/www.hydraulic-cylinders.net\/et\/wp-json\/wp\/v2\/product_tag?post=15948"}],"curies":[{"name":"wp","href":"https:\/\/api.w.org\/{rel}","templated":true}]}}