{"id":1595,"date":"2023-10-07T08:23:14","date_gmt":"2023-10-07T08:23:14","guid":{"rendered":"https:\/\/hydraulic-cylinders.net\/?post_type=product&#038;p=1595"},"modified":"2025-04-11T03:36:18","modified_gmt":"2025-04-11T03:36:18","slug":"mining-dump-truck-rear-suspension-cylinder","status":"publish","type":"product","link":"https:\/\/www.hydraulic-cylinders.net\/et\/toode\/mining-dump-truck-rear-suspension-cylinder\/","title":{"rendered":"Kaevanduskalluri tagumine vedrustuse silinder"},"content":{"rendered":"<h1 style=\"text-align: center;\"><strong>Kaevanduskalluri tagumine vedrustuse silinder<\/strong><\/h1>\n<p><img loading=\"lazy\" decoding=\"async\" class=\"aligncenter wp-image-1596\" src=\"https:\/\/hydraulic-cylinders.net\/wp-content\/uploads\/2023\/10\/rear-suspension-cylinder-1-300x300.webp\" alt=\"\" width=\"400\" height=\"400\" \/><\/p>\n<p>Kaevanduskalluri tagumise vedrustuse silinder on oluline komponent, mis on spetsiaalselt loodud kaevanduskalluri stabiilsuse ja j\u00f5udluse optimeerimiseks. Oma vastupidava konstruktsiooni ja t\u00e4iustatud omadustega m\u00e4ngib see silinder olulist rolli l\u00f6\u00f6kide neeldamisel, \u00f5ige vedrustuse s\u00e4ilitamisel ja raskete kaevandust\u00f6\u00f6de \u00fcldise efektiivsuse parandamisel.<\/p>\n<p>Kaevanduskalluri tagavedrustuse silinder on oluline komponent kaevanduskallurite stabiilsuse, kandev\u00f5ime ja \u00fcldise j\u00f5udluse parandamiseks. Selle vastupidav konstruktsioon, suurep\u00e4rane amortisatsioon ja t\u00e4pne vedrustuse juhtimine muudavad selle v\u00e4\u00e4rtuslikuks varaks n\u00f5udlikus kaevandust\u00f6\u00f6stuses. N\u00f5uetekohaste kasutusmeetodite j\u00e4rgimise ja regulaarsete hooldustavade rakendamisega saavad operaatorid tagada kaevanduskalluri tagavedrustuse silindri pikaealisuse ja t\u00f6\u00f6kindluse, mis viib ohutu ja t\u00f5husa kaevandamiseni. Valige see suure j\u00f5udlusega silinder, et suurendada oma kaevanduskallurite stabiilsust, tootlikkust ja juhi mugavust.<\/p>\n<p>Kaevanduskalluri tagumise vedrustuse silindri peamised omadused:<\/p>\n<ol>\n<li>Tugev ja vastupidav konstruktsioon:<\/li>\n<\/ol>\n<ul>\n<li>Kaevanduskalluri tagumise vedrustuse silinder on valmistatud kvaliteetsetest materjalidest, mis tagab selle vastupidavuse ja pikaealisuse karmides kaevanduskeskkondades.<\/li>\n<li>See talub suuri koormusi, pidevat vibratsiooni ja keerulist maastikku, pakkudes usaldusv\u00e4\u00e4rset j\u00f5udlust kogu oma eluea jooksul.<\/li>\n<\/ul>\n<ol start=\"2\">\n<li>Suurep\u00e4rane l\u00f6\u00f6kide neeldumine:<\/li>\n<\/ol>\n<ul>\n<li>See silinder on varustatud t\u00e4iustatud l\u00f6\u00f6kide neeldumise tehnoloogiaga, mis minimeerib t\u00f5husalt kaevandust\u00f6\u00f6de ajal tekkivate l\u00f6\u00f6kide ja vibratsiooni m\u00f5ju.<\/li>\n<li>It enhances the stability of the dump truck, reduces stress on the vehicle&#8217;s components, and ensures a smoother and more comfortable ride for both the driver and the payload.<\/li>\n<\/ul>\n<ol start=\"3\">\n<li>T\u00e4pne vedrustuse juhtimine:<\/li>\n<\/ol>\n<ul>\n<li>Kaevanduskalluri tagumine vedrustuse silinder v\u00f5imaldab vedrustuss\u00fcsteemi t\u00e4pset juhtimist, v\u00f5imaldades operaatoritel vedrustuse seadeid vastavalt konkreetsetele kaevandustingimustele reguleerida.<\/li>\n<li>This feature helps optimize the truck&#8217;s performance by ensuring the right balance between load-bearing capacity, maneuverability, and stability.<\/li>\n<\/ul>\n<h2><strong>Kaevanduskalluri tagumise vedrustuse silindri parameeter:<\/strong><\/h2>\n<table border=\"1\" cellspacing=\"0\" cellpadding=\"0\">\n<tbody>\n<tr>\n<td>Toote nimi<\/td>\n<td>Kaevanduskalluri tagumine vedrustuse silinder<\/td>\n<\/tr>\n<tr>\n<td>Omadused:<\/td>\n<td>Toetab raskust, neelab ja k\u00f5rvaldab vibratsiooni<\/td>\n<\/tr>\n<tr>\n<td>Ava l\u00e4bim\u00f5\u00f5t:<\/td>\n<td>150 mm\uff5e450 mm<\/td>\n<\/tr>\n<tr>\n<td>Varda l\u00e4bim\u00f5\u00f5t:<\/td>\n<td>120 mm\uff5e400 mm<br \/>\nL\u00f6\u00f6k \u2264400mm<\/td>\n<\/tr>\n<tr>\n<td>T\u00f5ukej\u00f5ud:<\/td>\n<td>Maksimaalselt 38 MPa<\/td>\n<\/tr>\n<tr>\n<td>Tagumise vedrustuse silindri rakendused:<\/td>\n<td>Kaevanduskallur<\/td>\n<\/tr>\n<\/tbody>\n<\/table>\n<h2><strong>Kaevanduskalluri silindri identifitseerimisskeem:<\/strong><\/h2>\n<p><img loading=\"lazy\" decoding=\"async\" class=\"alignnone wp-image-1594 size-full\" src=\"https:\/\/hydraulic-cylinders.net\/wp-content\/uploads\/2023\/10\/mining-dump-truck-cylinder.webp\" alt=\"\" width=\"1418\" height=\"946\" srcset=\"https:\/\/hydraulic-cylinders.net\/wp-content\/uploads\/2023\/10\/mining-dump-truck-cylinder.webp 1418w, https:\/\/hydraulic-cylinders.net\/wp-content\/uploads\/2023\/10\/mining-dump-truck-cylinder-1280x854.webp 1280w, https:\/\/hydraulic-cylinders.net\/wp-content\/uploads\/2023\/10\/mining-dump-truck-cylinder-980x654.webp 980w, https:\/\/hydraulic-cylinders.net\/wp-content\/uploads\/2023\/10\/mining-dump-truck-cylinder-480x320.webp 480w\" sizes=\"(min-width: 0px) and (max-width: 480px) 480px, (min-width: 481px) and (max-width: 980px) 980px, (min-width: 981px) and (max-width: 1280px) 1280px, (min-width: 1281px) 1418px, 100vw\" \/><\/p>\n<h2><strong>Kaevanduskalluri tagumise vedrustuse silindri kasutusmeetod<\/strong><strong>:<\/strong><\/h2>\n<ol>\n<li><strong>Paigaldamine ja kalibreerimine:<\/strong><\/li>\n<\/ol>\n<ul>\n<li>Kaevanduskalluri tagumise vedrustuse silindri peaksid paigaldama ja kalibreerima kvalifitseeritud tehnikud, kes tunnevad kaevanduskalluri erin\u00f5udeid.<\/li>\n<li>N\u00f5uetekohane paigaldamine ja kalibreerimine tagavad optimaalse j\u00f5udluse ja ohutusstandardite j\u00e4rgimise.<\/li>\n<\/ul>\n<ol start=\"2\">\n<li><strong>Vedrustuse reguleerimine:<\/strong><\/li>\n<\/ol>\n<ul>\n<li>Utilize the suspension control system provided in the truck&#8217;s cabin to adjust the rear suspension settings.<\/li>\n<li>Vedrustuse reguleerimisel v\u00f5tke arvesse selliseid tegureid nagu koorma kaal, maastikutingimused ja soovitud s\u00f5iduk\u00f5rgus.<\/li>\n<\/ul>\n<ol start=\"3\">\n<li><strong>Regulaarne j\u00e4lgimine:<\/strong><\/li>\n<\/ol>\n<ul>\n<li>Continuously monitor the performance of the mining dump truck&#8217;s rear suspension system during operation.<\/li>\n<li>P\u00f6\u00f6rake t\u00e4helepanu k\u00f5ikidele liigsele p\u00f5rkamisele, ebastabiilsusele v\u00f5i ebatavalistele helidele, kuna need v\u00f5ivad viidata vajadusele reguleerida v\u00f5i hooldada.<\/li>\n<\/ul>\n<h2><strong>Mis on laadimisr\u00f5hk h\u00fcdraulikas\u00fcsteemis?<\/strong><\/h2>\n<p>H\u00fcdraulikas\u00fcsteemis viitab laadimisr\u00f5hk h\u00fcdraulilise vedeliku r\u00f5hule s\u00fcsteemis. See on r\u00f5hk, mida avaldab vedelikule v\u00e4line j\u00f5uallikas, n\u00e4iteks pump v\u00f5i akumulaator, et anda s\u00fcsteemile etten\u00e4htud funktsioonide t\u00e4itmiseks vajalikku energiat.<\/p>\n<p>Laadimisr\u00f5hk on h\u00fcdraulikas\u00fcsteemis oluline parameeter, kuna see m\u00e4\u00e4rab h\u00fcdrauliliste ajamite, n\u00e4iteks silindrite v\u00f5i mootorite, t\u00f6\u00f6j\u00f5u ja kiiruse. Siin on m\u00f5ned olulised punktid, mida laadimisr\u00f5hu kohta m\u00f5ista:<\/p>\n<ol>\n<li><strong>Energiatootmine:<\/strong> H\u00fcdrauliline pump tekitab peamiselt laadimisr\u00f5hku, mis imeb vedelikku reservuaarist ja survestab seda. Pump varustab s\u00fcsteemi pidevalt kindlaksm\u00e4\u00e4ratud r\u00f5huga, et tagada \u00fchtlane t\u00f6\u00f6.<\/li>\n<li><strong>S\u00fcsteemi disain:<\/strong> Laadimisr\u00f5hk m\u00e4\u00e4ratakse tavaliselt h\u00fcdraulikas\u00fcsteemi konstruktsioonin\u00f5uete j\u00e4rgi. Seda m\u00f5jutavad sellised tegurid nagu kandev\u00f5ime, soovitud t\u00f6\u00f6kiirus ja ajami t\u00fc\u00fcp.<\/li>\n<li><strong>R\u00f5hu reguleerimine:<\/strong> H\u00fcdraulikas\u00fcsteemides on sageli r\u00f5hu reguleerimiseks \u00fcler\u00f5hu- v\u00f5i juhtventiilid. Need ventiilid tagavad r\u00f5hu p\u00fcsimise ohutus ja optimaalses vahemikus, kaitstes s\u00fcsteemi \u00fcler\u00f5hu eest.<\/li>\n<li><strong>J\u00f5ud ja kiirus:<\/strong> Laadimisr\u00f5hk m\u00f5jutab otseselt h\u00fcdrauliliste ajamite t\u00f6\u00f6v\u00f5imsust ja -kiirust. K\u00f5rgem laadimisr\u00f5hk suurendab v\u00e4ljundj\u00f5udu, v\u00f5imaldades s\u00fcsteemil liigutada raskemaid koormaid. Seevastu madalam laadimisr\u00f5hk v\u00f5ib k\u00fcll v\u00e4hendada v\u00e4ljundj\u00f5udu, kuid tagab sujuvama ja t\u00e4psema juhtimise konkreetsete rakenduste puhul.<\/li>\n<li><strong>Efektiivsus ja soojuse genereerimine:<\/strong> Laadimisr\u00f5hk m\u00f5jutab ka h\u00fcdraulikas\u00fcsteemi \u00fcldist efektiivsust. K\u00f5rgem laadimisr\u00f5hk v\u00f5ib suurendada energiatarbimist ja tekitada s\u00fcsteemis rohkem soojust. T\u00f5hus r\u00f5hu reguleerimine ja \u00f5ige s\u00fcsteemi konstruktsioon aitavad leevendada energiakadusid ja hallata soojuse hajumist.<\/li>\n<li><strong>R\u00f5hukaod:<\/strong> It&#8217;s important to consider pressure losses within the hydraulic system due to fluid friction, flow restrictions, and pressure drops across valves and components. These losses can impact the actual charge pressure experienced by the actuators and should be minimized to maintain the desired performance.<\/li>\n<\/ol>\n<h2><strong>Tehase v\u00f5imekus ja suutlikkus:<\/strong><\/h2>\n<h3>(1) Kokkupanek<\/h3>\n<p>Meil on esmaklassiline s\u00f5ltumatu teadus- ja arendustegevuse montaa\u017eiplatvorm. H\u00fcdrosilindrite tootmist\u00f6\u00f6kojas on neli poolautomaatset t\u00f5stesilindrite koosteliini ja \u00fcks automaatne kallutussilindrite koosteliin, mille kavandatud aastane tootmisv\u00f5imsus on 1 miljon t\u00fckki. Spetsiaalsete silindrite t\u00f6\u00f6koda on varustatud erinevate spetsifikatsioonidega poolautomaatse puhastusmontaa\u017eis\u00fcsteemiga, mille kavandatud aastane tootmisv\u00f5imsus on 200 000 ja mis on varustatud kuulsate CNC-t\u00f6\u00f6tlemisseadmete, mehaanilise t\u00f6\u00f6tlemise keskuse, suure t\u00e4psusega silindrite t\u00f6\u00f6tlemise eriseadmete, robotkeevitusmasina, automaatse puhastusmasina, automaatse silindri kokkupanemise masina ja automaatse v\u00e4rvimise tootmisliiniga. Olemasolevad kriitilised seadmed rohkem kui 300 komplekti (komplekti). Seadmete ressursside optimaalne jaotamine ja t\u00f5hus kasutamine tagavad toodete t\u00e4psusn\u00f5uded ja vastavad toodete kvaliteedin\u00f5uetele.<\/p>\n<p><img loading=\"lazy\" decoding=\"async\" class=\"alignnone wp-image-626\" src=\"https:\/\/hydraulic-cylinders.net\/wp-content\/uploads\/2023\/08\/hydraulic-cylinder-product-1-300x158.webp\" alt=\"\" width=\"495\" height=\"260\" srcset=\"https:\/\/hydraulic-cylinders.net\/wp-content\/uploads\/2023\/08\/hydraulic-cylinder-product-1-300x158.webp 495w, https:\/\/hydraulic-cylinders.net\/wp-content\/uploads\/2023\/08\/hydraulic-cylinder-product-1-480x252.webp 480w\" sizes=\"(min-width: 0px) and (max-width: 480px) 480px, (min-width: 481px) 495px, 100vw\" \/> <img loading=\"lazy\" decoding=\"async\" class=\"alignnone wp-image-627\" src=\"https:\/\/hydraulic-cylinders.net\/wp-content\/uploads\/2023\/08\/hydraulic-cylinder-product-2-300x189.webp\" alt=\"\" width=\"413\" height=\"260\" \/><\/p>\n<h3>(2) T\u00f6\u00f6tlemine<\/h3>\n<p>T\u00f6\u00f6deldav t\u00f6\u00f6koda on varustatud kohandatud kallutatud r\u00f6\u00f6pse treipingi keskuse, mehaanilise keskuse, kiire lihvimismasina, keevitusroboti ja muude seotud seadmetega, mis suudavad t\u00f6\u00f6delda silindritorusid, mille maksimaalne sisel\u00e4bim\u00f5\u00f5t on 400 mm ja maksimaalne pikkus on 6 meetrit.<\/p>\n<p><img loading=\"lazy\" decoding=\"async\" class=\"alignnone wp-image-628 size-large\" src=\"https:\/\/hydraulic-cylinders.net\/wp-content\/uploads\/2023\/08\/hydraulic-cylinder-product-3-1024x391.webp\" alt=\"\" width=\"1024\" height=\"391\" srcset=\"https:\/\/hydraulic-cylinders.net\/wp-content\/uploads\/2023\/08\/hydraulic-cylinder-product-3-980x374.webp 980w, https:\/\/hydraulic-cylinders.net\/wp-content\/uploads\/2023\/08\/hydraulic-cylinder-product-3-480x183.webp 480w\" sizes=\"(min-width: 0px) and (max-width: 480px) 480px, (min-width: 481px) and (max-width: 980px) 980px, (min-width: 981px) 1024px, 100vw\" \/><\/p>\n<h3>(3) Keevitamine<\/h3>\n<p><img loading=\"lazy\" decoding=\"async\" class=\"alignnone wp-image-629 size-large\" src=\"https:\/\/hydraulic-cylinders.net\/wp-content\/uploads\/2023\/08\/hydraulic-cylinder-product-4-1024x510.webp\" alt=\"\" width=\"1024\" height=\"510\" srcset=\"https:\/\/hydraulic-cylinders.net\/wp-content\/uploads\/2023\/08\/hydraulic-cylinder-product-4-980x488.webp 980w, https:\/\/hydraulic-cylinders.net\/wp-content\/uploads\/2023\/08\/hydraulic-cylinder-product-4-480x239.webp 480w\" sizes=\"(min-width: 0px) and (max-width: 480px) 480px, (min-width: 481px) and (max-width: 980px) 980px, (min-width: 981px) 1024px, 100vw\" \/><\/p>\n<h3>(4) V\u00e4rvimine ja katmine<\/h3>\n<p>V\u00e4ikese ja keskmise suurusega silindri automaatse veep\u00f5hise v\u00e4rvipinnakattega liinide abil, et saavutada automaatne robotlaadimine ja mahalaadimine ning automaatne pihustamine, projekteerimisv\u00f5imsus 4000 t\u00fckki vahetuse kohta;<br \/>\nMeil on ka poolautomaatne suurte balloonide v\u00e4rvimise tootmisliin, mis t\u00f6\u00f6tab j\u00f5ukettaga ja mille projekteerimisv\u00f5imsus on 60 kasti \u00fche vahetuse kohta.<\/p>\n<p><img loading=\"lazy\" decoding=\"async\" class=\"alignnone wp-image-630\" src=\"https:\/\/hydraulic-cylinders.net\/wp-content\/uploads\/2023\/08\/hydraulic-cylinder-product-5-300x213.webp\" alt=\"\" width=\"366\" height=\"260\" \/> <img loading=\"lazy\" decoding=\"async\" class=\"alignnone wp-image-631\" src=\"https:\/\/hydraulic-cylinders.net\/wp-content\/uploads\/2023\/08\/hydraulic-cylinder-product-6-300x225.webp\" alt=\"\" width=\"347\" height=\"260\" \/><\/p>\n<h3>(5) Testimine<\/h3>\n<p>Meil on esmaklassilised kontrolliseadmed ja katsestendid, et tagada silindri j\u00f5udlus vastavus n\u00f5uetele.<\/p>\n<p><img loading=\"lazy\" decoding=\"async\" class=\"alignnone wp-image-632\" src=\"https:\/\/hydraulic-cylinders.net\/wp-content\/uploads\/2023\/08\/hydraulic-cylinder-product-8-300x200.webp\" alt=\"\" width=\"389\" height=\"260\" \/><\/p>\n<p>&nbsp;<\/p>\n<p>&nbsp;<\/p>\n<p>Oleme \u00fcks parimaid h\u00fcdrosilindrite tootjaid. Pakume laia valikut h\u00fcdrosilindreid. Pakume ka vastavaid... <a href=\"https:\/\/hzpt.com\/agricultural-pto-gearbox\/\" target=\"_blank\" rel=\"noopener\">p\u00f5llumajanduslikud k\u00e4igukastid<\/a>. Oleme eksportinud oma tooteid klientidele \u00fcle maailma ja teeninud hea maine t\u00e4nu meie suurep\u00e4rasele tootekvaliteedile ja m\u00fc\u00fcgij\u00e4rgsele teenindusele. Me tervitame kliente kodus ja v\u00e4lismaal, et v\u00f5tta meiega \u00fchendust, et pidada l\u00e4bir\u00e4\u00e4kimisi \u00e4ri, vahetada teavet ja <a href=\"https:\/\/www.hydraulic-cylinders.net\/et\/contact-us\/\">teha meiega koost\u00f6\u00f6d<\/a>!<\/p>","protected":false},"excerpt":{"rendered":"<p>Mining Dump Truck Rear Suspension Cylinder The mining dump truck rear suspension cylinder is a vital component specifically designed to optimize the stability and performance of mining dump trucks. With its robust construction and advanced features, this cylinder plays a crucial role in absorbing shocks, maintaining proper suspension, and enhancing the overall efficiency of heavy-duty [&hellip;]<\/p>","protected":false},"featured_media":1598,"comment_status":"open","ping_status":"closed","template":"","meta":{"_et_pb_use_builder":"","_et_pb_old_content":"","_et_gb_content_width":""},"product_brand":[],"product_cat":[1550,1517,1532,1376],"product_tag":[1380],"class_list":{"0":"post-1595","1":"product","2":"type-product","3":"status-publish","4":"has-post-thumbnail","6":"product_cat-double-acting-hydraulic-cylinder","7":"product_cat-dump-truck-hydraulic-cylinders","8":"product_cat-mining-dump-truck-hydraulic-cylinders","9":"product_cat-hydraulic-cylinder","10":"product_tag-hydraulic-cylinder","12":"first","13":"instock","14":"shipping-taxable","15":"product-type-simple"},"amp_enabled":true,"_links":{"self":[{"href":"https:\/\/www.hydraulic-cylinders.net\/et\/wp-json\/wp\/v2\/product\/1595","targetHints":{"allow":["GET"]}}],"collection":[{"href":"https:\/\/www.hydraulic-cylinders.net\/et\/wp-json\/wp\/v2\/product"}],"about":[{"href":"https:\/\/www.hydraulic-cylinders.net\/et\/wp-json\/wp\/v2\/types\/product"}],"replies":[{"embeddable":true,"href":"https:\/\/www.hydraulic-cylinders.net\/et\/wp-json\/wp\/v2\/comments?post=1595"}],"wp:featuredmedia":[{"embeddable":true,"href":"https:\/\/www.hydraulic-cylinders.net\/et\/wp-json\/wp\/v2\/media\/1598"}],"wp:attachment":[{"href":"https:\/\/www.hydraulic-cylinders.net\/et\/wp-json\/wp\/v2\/media?parent=1595"}],"wp:term":[{"taxonomy":"product_brand","embeddable":true,"href":"https:\/\/www.hydraulic-cylinders.net\/et\/wp-json\/wp\/v2\/product_brand?post=1595"},{"taxonomy":"product_cat","embeddable":true,"href":"https:\/\/www.hydraulic-cylinders.net\/et\/wp-json\/wp\/v2\/product_cat?post=1595"},{"taxonomy":"product_tag","embeddable":true,"href":"https:\/\/www.hydraulic-cylinders.net\/et\/wp-json\/wp\/v2\/product_tag?post=1595"}],"curies":[{"name":"wp","href":"https:\/\/api.w.org\/{rel}","templated":true}]}}