{"id":15956,"date":"2025-01-19T15:12:51","date_gmt":"2025-01-19T15:12:51","guid":{"rendered":"https:\/\/www.hydraulic-cylinders.net\/product\/bucket-cylinder-for-baoding-wy90-7\/"},"modified":"2025-01-19T15:12:53","modified_gmt":"2025-01-19T15:12:53","slug":"bucket-cylinder-for-baoding-wy90-7","status":"publish","type":"product","link":"https:\/\/www.hydraulic-cylinders.net\/et\/toode\/bucket-cylinder-for-baoding-wy90-7\/","title":{"rendered":"Kopa silinder Baodingi WY90-7 jaoks"},"content":{"rendered":"<h1>Kopa silinder Baodingi WY90-7 jaoks<\/h1>\n<h2>Toote m\u00e4\u00e4ratlus<\/h2>\n<p>Baoding WY90-7 kopa silinder on spetsiaalne h\u00fcdrauliline silinder, mis on loodud peamiselt labidate liikumise juhtimiseks rasketes masinates, n\u00e4iteks ekskavaatorites, laadur-ekskavaatorites ja esilaadurites. Selle peamine \u00fclesanne on v\u00f5imaldada labida t\u00f5stmist, langetamist ja kallutamist, muutes selle h\u00f5lpsamaks mitmesuguste materjalik\u00e4itlust\u00f6\u00f6dega toimetuleku. H\u00fcdraulilises s\u00fcsteemis kasutab kopa silinder h\u00fcdraulika\u00f5li r\u00f5hu muutusi, et saavutada labida t\u00e4pne juhtimine, mis v\u00f5imaldab operaatoritel t\u00f5husalt k\u00e4sitseda raskeid koormaid ning kohaneda keerukate t\u00f6\u00f6keskkondade ja mitmekesiste t\u00f6\u00f6n\u00f5uetega.<\/p>\n<p><img decoding=\"async\" src=\"https:\/\/www.hydraulic-cylinders.net\/wp-content\/uploads\/2025\/01\/songte-company-2.webp\" alt=\"Baoding WY90-7 kopa silinder\" \/><\/p>\n<h2>Toote omadused<\/h2>\n<ul>\n<li>Suur tugevus ja vastupidavus: Tavaliselt valmistatud \u00fclitugevast terasest v\u00f5i alumiiniumist, see talub k\u00f5rget r\u00f5hku ja suuri koormusi, kohaneb karmide t\u00f6\u00f6keskkondadega ning on konstrueeritud kulumiskindlaks ja korrosioonikindlaks, pikendades kasutusiga.<\/li>\n<li>T\u00f5hus h\u00fcdrauliline t\u00f6\u00f6: Sujuv pikendamine ja tagasit\u00f5mbamine saavutatakse h\u00fcdraulilise \u00f5lir\u00f5hu abil, mis reageerib kiiresti t\u00f6\u00f6k\u00e4sklustele, pakkudes v\u00f5imsaid t\u00f5uke- ja t\u00f5mbej\u00f5ude, mis sobivad raskete koormate ja keerukate t\u00f6\u00f6de k\u00e4sitsemiseks.<\/li>\n<li>Erinevad t\u00fc\u00fcbid: vastavalt vajadusele saab valida \u00fchetoimelisi (h\u00fcdrauliliselt ainult \u00fches suunas) v\u00f5i kahetoimelisi (h\u00fcdrauliliselt m\u00f5lemas suunas) silindreid. M\u00f5ned mudelid on teleskoopilised, v\u00f5imaldades suuremat pikendust ilma v\u00e4lism\u00f5\u00f5tmeid suurendamata, sobides piiratud ruumiga rakenduste jaoks.<\/li>\n<li>\u00dchildub erinevate masinatega: meie toode saab neid h\u00fcdrosilindreid ideaalselt asendada.<\/li>\n<\/ul>\n<p><img decoding=\"async\" src=\"https:\/\/www.hydraulic-cylinders.net\/wp-content\/uploads\/2025\/01\/songte-cylinder-head-with-all-kinds-excavator-models.webp\" alt=\"\u00fchilduv h\u00fcdrosilinder erinevatele masinatele\" \/><\/p>\n<h2>Rakendused<\/h2>\n<p>Baoding WY90-7 kopasilindrit saab kasutada erinevates rasketehnika masinates, sealhulgas:<\/p>\n<ul>\n<li>Ehitustehnika: see on ekskavaatorite jaoks h\u00e4davajalik, kuna nad kaevavad, laadivad ja liigutavad pinnast v\u00f5i prahti. Ekskavaator-laaduritel aitab kopa silinder kaevamisel ja t\u00f5stmisel. <\/li>\n<li>P\u00f5llumajandusmasinad: Kasutatakse esilaadurites mulla, heina ja muude materjalide k\u00fchveldamiseks, t\u00f5stmiseks ja transportimiseks. <\/li>\n<li>Ekskavaatorid: Kopa silinder v\u00f5imaldab kaevamist, lastes labidal pinnasesse tungida.<\/li>\n<li>Laadur: Esilaadurites aitavad need lasti t\u00f5husalt t\u00f5sta ja kallutada.<\/li>\n<\/ul>\n<h2>Projekteerimiskaalutlused ja valikukriteeriumid<\/h2>\n<p>Baoding WY90-7 kopasilindri projekteerimisel arvestati mitmete teguritega, sealhulgas:<\/p>\n<h3>Kandev\u00f5ime<\/h3>\n<p>Silinder on ehitatud taluma tohutuid koormusi ja see on valmistatud \u00fclitugevatest materjalidest, mis peavad vastu rasketele masinatele ja karmile t\u00f6\u00f6keskkonnale.<\/p>\n<h3>Tihendus<\/h3>\n<p>Silindris kasutatakse kulumisele vastu pidamiseks ja h\u00fcdraulikavedeliku lekke v\u00e4ltimiseks mitmesuguseid tihendeid, n\u00e4iteks kolvitihendeid, vardatihendeid ja klaasipuhasti tihendeid, mis on valmistatud pol\u00fcuretaanist, nitriilkummist jne.<\/p>\n<h3>Vastupidavus<\/h3>\n<p>Silinder on konstrueeritud vastupidavaks ja korrosioonikindlaks ning silindri otsapinnad ja keermestatud otsad on peenelt t\u00f6\u00f6deldud, et parandada kulumiskindlust.<\/p>\n<h3>Ohutus<\/h3>\n<p>Kopa silinder on konstrueeritud ohutuks ja \u00f5ige kasutamise korral ei tekita see kahjustusi ega vigastusi. See on varustatud ohutusmehhanismidega \u00f5nnetuste v\u00e4ltimiseks, n\u00e4iteks kaitseventiilidega, mis takistavad silindri l\u00f5hkemist v\u00f5i kokkuvarisemist h\u00fcdros\u00fcsteemi rikke korral.<\/p>\n<h3>Hooldus<\/h3>\n<p>Kopa silinder vajab regulaarset hooldust, sh puhastamist, kontrollimist ja m\u00e4\u00e4rimist. Silindri korrektseks toimimiseks on soovitatav kasutajatel perioodiliselt vahetada kulunud tihendeid ja muid komponente ning lisada h\u00fcdraulika\u00f5li.<\/p>\n<p><img decoding=\"async\" src=\"https:\/\/www.hydraulic-cylinders.net\/wp-content\/uploads\/2025\/01\/songte-oil-pipes-and-spare-parts.webp\" alt=\"kopa silindri varuosad\" \/><\/p>\n<h2>Tihendus ja m\u00e4\u00e4rimine<\/h2>\n<p>Kopasilindris kasutatakse kulumisele vastu pidamiseks ja h\u00fcdraulilise vedeliku lekke v\u00e4ltimiseks mitmesuguseid tihendeid, n\u00e4iteks kolvitihendeid, vardatihendeid ja klaasipuhasti tihendeid, mis on valmistatud pol\u00fcuretaanist, nitriilkummist jne. See vajab regulaarset m\u00e4\u00e4rimist h\u00fcdraulika\u00f5li n\u00e4ol, et tagada sujuv t\u00f6\u00f6 ja v\u00e4ltida kulumist. Silindri otsapinnad ja keermestatud otsad on peenelt t\u00f6\u00f6deldud, et parandada kulumiskindlust, kuid need vajavad siiski regulaarset m\u00e4\u00e4rimist.<\/p>\n<h2>Hooldus ja remont<\/h2>\n<p>Kopasilindri regulaarne hooldus ja remont on h\u00e4davajalikud, et see t\u00f6\u00f6taks korralikult ja kestaks kaua. Hooldust\u00f6\u00f6de hulka kuuluvad puhastamine, kontrollimine ja m\u00e4\u00e4rimine. Remondit\u00f6\u00f6de hulka kuulub kulunud tihendite ja muude komponentide vahetamine ning vajadusel silindri taastamine. J\u00e4rgnevalt on toodud m\u00f5ned n\u00e4pun\u00e4ited n\u00f5uetekohaseks hoolduseks ja remondiks:<\/p>\n<ul>\n<li>Kontrollige silindrit regulaarselt kulumise, lekete ja muude probleemide suhtes.<\/li>\n<li>Silindri korrektseks t\u00f6\u00f6ks tuleb kulunud tihendeid ja muid komponente perioodiliselt vahetada.<\/li>\n<li>T\u00e4itke h\u00fcdraulika\u00f5li regulaarselt, et tagada sujuv t\u00f6\u00f6 ja v\u00e4ltida kulumist.<\/li>\n<li>Paigaldamise ajal joondage silinder \u00f5igesti ja kasutage silindri kinnitamiseks sobivaid kinnitusklambreid.<\/li>\n<li>Silindri ohutu ja t\u00f5husa t\u00f6\u00f6 tagamiseks j\u00e4rgige soovitatud kontrolli-, remondi- ja asendusprotseduure.<\/li>\n<li>Kasutage silindri hooldamiseks ainult originaalvaruosi ja -komponente.<\/li>\n<\/ul>\n<p><img decoding=\"async\" src=\"https:\/\/www.hydraulic-cylinders.net\/wp-content\/uploads\/2025\/01\/songte-chushion-collar.webp\" alt=\"Kopa silindri amortisaatorikaelus\" \/><\/p>\n<h2>Ohutus- ja keskkonnakaalutlused<\/h2>\n<p>Kopasilindri kasutamisel tuleb \u00f5nnetuste ja vigastuste v\u00e4ltimiseks v\u00f5tta ohutusmeetmeid. Oluline on j\u00e4rgida tootja juhiseid ohutuks kasutamiseks ja hooldamiseks ning kasutada sobivaid isikukaitsevahendeid, n\u00e4iteks kindaid ja silmakaitseid.<\/p>\n<h2>Veaotsing ja levinud probleemid<\/h2>\n<p>Kopasilindril v\u00f5ib esineda mitmesuguseid probleeme, n\u00e4iteks lekkeid, kulunud tihendeid ja muid probleeme. Nende probleemide t\u00f5rkeotsing n\u00f5uab silindri ja selle komponentide p\u00f5hiteadmisi. J\u00e4rgnevalt on toodud m\u00f5ned levinud probleemid ja nende lahendused:<\/p>\n<ul>\n<li>Lekkiv silinder: kontrollige tihendite ja muude komponentide kulumist ning vajadusel vahetage need v\u00e4lja.<\/li>\n<li>Kulunud tihendid: Vahetage tihendid originaalvaruosade ja -komponentide vastu.<\/li>\n<li>Muud probleemid: Probleemi tuvastamiseks ja lahendamiseks j\u00e4rgige tootja soovitatud t\u00f5rkeotsingu protseduure.<\/li>\n<\/ul>\n<p><img decoding=\"async\" src=\"https:\/\/www.hydraulic-cylinders.net\/wp-content\/uploads\/2025\/01\/songte-bushings-with-all-kinds-of-excavator-models.webp\" alt=\"kopa silindri puksid\" \/><\/p>\n<h2>Meie ettev\u00f5ttest<\/h2>\n<p>Oleme h\u00fcdrosilindrite tootja, mis suudab asendada Baoding WY90-7 kopasilindrit. Meie ettev\u00f5ttel on t\u00e4ielik tootevalik ning oleme \u00fcks juhtivaid h\u00fcdrosilindrite tootjaid ja hulgim\u00fc\u00fcjaid nii sise- kui ka rahvusvahelisel turul. J\u00e4rgime suurep\u00e4rase kvaliteedi p\u00f5him\u00f5tet, tuginedes peentootmist\u00f6\u00f6kodades rakendatud t\u00f6\u00f6stusliku tootmise juhtimise strateegiatele, oma tootmisplatvormide pidevale t\u00e4iustamisele, toodete tootmiskvaliteedi parandamisele ja tugevale loomingulisele v\u00f5imele. Meie ettev\u00f5te rahuldab klientide mitmekesiseid vajadusi k\u00f5rge efektiivsuse, suure t\u00e4psuse ja k\u00f5rgete kvaliteedip\u00f5him\u00f5tetega. <\/p>\n<p><img decoding=\"async\" src=\"https:\/\/hzpt.com\/wp-content\/uploads\/2024\/11\/songte-company-1.webp\" alt=\"ettev\u00f5tte logo\" \/><\/p>\n<h3>Meie erialad<\/h3>\n<ul>\n<li>Professionaalsus<\/li>\n<li>Rahvusvaheline sertifitseerimine<\/li>\n<li>Kohandatud teenused<\/li>\n<li>T\u00e4iustatud tootmisseadmed<\/li>\n<li>Suurep\u00e4rane m\u00fc\u00fcgij\u00e4rgne teenindus<\/li>\n<\/ul>\n<p>Meie ettev\u00f5tte tooted on l\u00e4binud mitmed rahvusvahelised sertifikaadid, n\u00e4iteks ISO 9001, CE ja SGS, ning meil on professionaalne tehniline meeskond, kes pakub kohandatud teenuseid. Meie ettev\u00f5te j\u00e4rgib rangeid kvaliteedikontrolli meetmeid ja kasutab t\u00e4iustatud tootmisseadmeid, et tagada meie toodete vastavus k\u00f5rgetele kvaliteedistandarditele. Pakume ka suurep\u00e4rast m\u00fc\u00fcgij\u00e4rgset teenindust, et tagada klientide rahulolu.<\/p>\n<p>Kui otsite usaldusv\u00e4\u00e4rset h\u00fcdrauliliste silindrite tarnijat, v\u00f5tke meiega lisateabe saamiseks \u00fchendust.<\/p>\n<p>Autor: lyl.<\/p>","protected":false},"excerpt":{"rendered":"<p>Bucket Cylinder For Baoding WY90-7 Product Definition The bucket cylinder for Baoding WY90-7 is a specialized hydraulic cylinder designed primarily for controlling the movement of shovels in heavy machinery such as excavators, backhoe loaders, and front-end loaders. Its main function is to enable the shovel to lift, lower and tilt, making it easier to handle [&hellip;]<\/p>","protected":false},"featured_media":14761,"comment_status":"open","ping_status":"closed","template":"","meta":{"_et_pb_use_builder":"","_et_pb_old_content":"","_et_gb_content_width":""},"product_brand":[],"product_cat":[1494],"product_tag":[1495,1496],"class_list":{"0":"post-15956","1":"product","2":"type-product","3":"status-publish","4":"has-post-thumbnail","6":"product_cat-bucket-cylinders","7":"product_tag-bucket-cylinders","8":"product_tag-hydraulic-cylinders","10":"first","11":"instock","12":"shipping-taxable","13":"product-type-simple"},"amp_enabled":true,"_links":{"self":[{"href":"https:\/\/www.hydraulic-cylinders.net\/et\/wp-json\/wp\/v2\/product\/15956","targetHints":{"allow":["GET"]}}],"collection":[{"href":"https:\/\/www.hydraulic-cylinders.net\/et\/wp-json\/wp\/v2\/product"}],"about":[{"href":"https:\/\/www.hydraulic-cylinders.net\/et\/wp-json\/wp\/v2\/types\/product"}],"replies":[{"embeddable":true,"href":"https:\/\/www.hydraulic-cylinders.net\/et\/wp-json\/wp\/v2\/comments?post=15956"}],"wp:featuredmedia":[{"embeddable":true,"href":"https:\/\/www.hydraulic-cylinders.net\/et\/wp-json\/wp\/v2\/media\/14761"}],"wp:attachment":[{"href":"https:\/\/www.hydraulic-cylinders.net\/et\/wp-json\/wp\/v2\/media?parent=15956"}],"wp:term":[{"taxonomy":"product_brand","embeddable":true,"href":"https:\/\/www.hydraulic-cylinders.net\/et\/wp-json\/wp\/v2\/product_brand?post=15956"},{"taxonomy":"product_cat","embeddable":true,"href":"https:\/\/www.hydraulic-cylinders.net\/et\/wp-json\/wp\/v2\/product_cat?post=15956"},{"taxonomy":"product_tag","embeddable":true,"href":"https:\/\/www.hydraulic-cylinders.net\/et\/wp-json\/wp\/v2\/product_tag?post=15956"}],"curies":[{"name":"wp","href":"https:\/\/api.w.org\/{rel}","templated":true}]}}