{"id":15959,"date":"2025-01-19T15:13:05","date_gmt":"2025-01-19T15:13:05","guid":{"rendered":"https:\/\/www.hydraulic-cylinders.net\/product\/bucket-cylinder-for-baoding-sc400-8\/"},"modified":"2025-01-19T15:13:07","modified_gmt":"2025-01-19T15:13:07","slug":"bucket-cylinder-for-baoding-sc400-8","status":"publish","type":"product","link":"https:\/\/www.hydraulic-cylinders.net\/et\/toode\/bucket-cylinder-for-baoding-sc400-8\/","title":{"rendered":"Kopesilinder Baoding SC400.8 jaoks"},"content":{"rendered":"<h1>Kopesilinder Baoding SC400.8 jaoks<\/h1>\n<h2>Sissejuhatus<\/h2>\n<p>Kopa silinder on spetsiaalselt konstrueeritud h\u00fcdrauliline silinder, mida kasutatakse peamiselt kopa liikumise juhtimiseks rasketes masinates, n\u00e4iteks ekskavaatorites, laadur-ekskavaatorites ja esilaadurites. Selle peamine \u00fclesanne on v\u00f5imaldada kopa t\u00f5stmist, langetamist ja kallutamist, muutes mitmesuguste materjalik\u00e4itlust\u00f6\u00f6de tegemise lihtsamaks. H\u00fcdraulilises s\u00fcsteemis saavutab kopa silinder kopa liikumise t\u00e4pse juhtimise h\u00fcdraulika\u00f5li r\u00f5hu muutuste abil, v\u00f5imaldades operaatoritel t\u00f5husalt k\u00e4sitseda raskeid koormaid ning kohaneda keerukate t\u00f6\u00f6keskkondade ja mitmekesiste t\u00f6\u00f6vajadustega.<\/p>\n<p><img decoding=\"async\" src=\"https:\/\/www.hydraulic-cylinders.net\/wp-content\/uploads\/2025\/01\/songte-company-2.webp\" alt=\"Kopesilinder Baoding SC400.8 jaoks\" \/><\/p>\n<h3>Omadused<\/h3>\n<ul>\n<li>Suur tugevus ja vastupidavus: tavaliselt valmistatud \u00fclitugevast terasest v\u00f5i alumiiniumist, talub k\u00f5rget r\u00f5hku ja suuri koormusi ning on konstrueeritud kulumiskindlust ja korrosioonikindlust silmas pidades, et pikendada kasutusiga.<\/li>\n<li>T\u00f5hus h\u00fcdrauliline t\u00f6\u00f6: h\u00fcdraulika\u00f5li r\u00f5hu abil saavutatakse sujuv pikendamine ja tagasit\u00f5mbamine, reageeritakse kiiresti juhtimisk\u00e4sklustele, pakutakse v\u00f5imast t\u00f5uke- ja t\u00f5mbej\u00f5udu, mis sobib raskete koormate ja keerukate t\u00f6\u00f6\u00fclesannete k\u00e4sitsemiseks.<\/li>\n<li>Mitu t\u00fc\u00fcpi: \u00fchetoimelisi (h\u00fcdrauliliselt ainult \u00fches suunas) v\u00f5i kahetoimelisi (h\u00fcdrauliliselt m\u00f5lemas suunas) silindreid saab valida vastavalt t\u00f6\u00f6vajadustele, m\u00f5ned mudelid on teleskoopilised, v\u00f5imaldades suuremat pikendust ilma v\u00e4lism\u00f5\u00f5tmeid suurendamata, sobides piiratud ruumiga rakenduste jaoks.<\/li>\n<li>V\u00f5ib asendada h\u00fcdraulilisi silindreid: meie tooted saavad neid h\u00fcdraulilisi silindreid ideaalselt asendada. <\/li>\n<\/ul>\n<p><img decoding=\"async\" src=\"https:\/\/www.hydraulic-cylinders.net\/wp-content\/uploads\/2025\/01\/songte-cylinder-head-with-all-kinds-excavator-models.webp\" alt=\"Kopesilinder Baoding SC400.8 jaoks\" \/><\/p>\n<h3>Rakendused<\/h3>\n<p>Kopasilindrit kasutatakse laialdaselt erinevates t\u00f6\u00f6stusharudes, n\u00e4iteks:<\/p>\n<ul>\n<li>Ehitustehnika: Ekskavaatorites on need h\u00e4davajalikud kaevamiseks, laadimiseks ja pinnase v\u00f5i prahi teisaldamiseks. Ekskavaatorites aitavad kopasilindrid nii kaevamisel kui ka t\u00f5stmisel. <\/li>\n<li>P\u00f5llumajandusmasinad: kasutatakse esilaadurite jaoks, mulla, heina ja muude materjalide kaevamiseks, t\u00f5stmiseks ja transportimiseks; ekskavaatorid: kopasilindrid v\u00f5imaldavad kaevamist, lastes kopal pinnasesse tungida. <\/li>\n<li>Laadur: esilaadurites aitavad need kaupu t\u00f5sta, kallutada ja t\u00f5husalt t\u00fchjendada. <\/li>\n<\/ul>\n<h3>Projekteerimiskaalutlused ja valikukriteeriumid<\/h3>\n<p>Kopasilindri disain on selle j\u00f5udluse ja pikaealisuse seisukohalt \u00fclioluline. J\u00e4rgnevalt on toodud m\u00f5ned olulised disainikaalutlused:<\/p>\n<h4>Kandev\u00f5ime<\/h4>\n<p>Kopa silinder peab olema konstrueeritud taluma maksimaalset koormust, millega see kokku puutub. Kandev\u00f5ime m\u00e4\u00e4ratakse silindri suuruse, tugevuse ja materjali j\u00e4rgi.<\/p>\n<h4>Tihendus<\/h4>\n<p>Silinder tuleb tihendada, et v\u00e4ltida h\u00fcdraulikavedeliku lekkeid ja saastumist. Tihenduss\u00fcsteem peaks olema konstrueeritud kvaliteetsetest materjalidest, nagu pol\u00fcuretaan ja nitriilkummi, et tagada vastupidavus ja pikk kasutusiga.<\/p>\n<h4>Vastupidavus<\/h4>\n<p>Kopasilindri konstruktsioon peaks arvestama kulumiskindluse ja korrosioonikindlusega, et pikendada selle kasutusiga.<\/p>\n<h4>Ohutus<\/h4>\n<p>Ballooni konstruktsioon peab olema ohutust silmas pidades, et v\u00e4ltida \u00f5nnetusi ja vigastusi. Paigaldusprotsess peaks h\u00f5lmama n\u00f5uetekohast joondamist ja sobivate kinnitusklambrite kasutamist ballooni kinnitamiseks.<\/p>\n<h4>Hooldus<\/h4>\n<p>Kopa silinder peab olema konstrueeritud nii, et seda oleks lihtne hooldada ja parandada. Optimaalse j\u00f5udluse ja pikaealisuse tagamiseks on vaja regulaarset kontrolli, m\u00e4\u00e4rimist ja tihendite vahetamist.<\/p>\n<p><img decoding=\"async\" src=\"https:\/\/www.hydraulic-cylinders.net\/wp-content\/uploads\/2025\/01\/songte-oil-pipes-and-spare-parts.webp\" alt=\"Kopesilinder Baoding SC400.8 jaoks\" \/><\/p>\n<h3>Tihendus ja m\u00e4\u00e4rimine<\/h3>\n<p>Kopasilindri jaoks on vaja mitmesuguseid tihenduskomponente, n\u00e4iteks kolvi- ja vardatihendeid, mis on valmistatud kvaliteetsetest materjalidest, n\u00e4iteks pol\u00fcuretaanist ja nitriilkummist, et tagada vastupidavus ja pikk kasutusiga. Silindri sisemust tuleks m\u00e4\u00e4rida h\u00fcdraulika\u00f5liga, et tagada sujuv t\u00f6\u00f6 ja v\u00e4ltida kulumist. Silindri n\u00f5uetekohase toimimise s\u00e4ilitamiseks on vajalik regulaarne \u00f5livahetus.<\/p>\n<h3>Hooldus ja remont<\/h3>\n<p>Regulaarne hooldus ja remont on \u00fcliolulised kopasilindri pikaealisuse tagamiseks ja selle j\u00f5udluse optimeerimiseks. J\u00e4rgnevalt on toodud levinumad hooldust\u00f6\u00f6d:<\/p>\n<ul>\n<li>Regulaarne kontroll<\/li>\n<li>\u00d5ige m\u00e4\u00e4rimine<\/li>\n<li>Tihendi vahetamine<\/li>\n<\/ul>\n<p>Optimaalse j\u00f5udluse saavutamiseks on oluline \u00f5ige paigaldus, m\u00e4\u00e4rimine ja reguleerimine. Paigaldamise ajal on \u00f5ige joondamine \u00fclioluline. Silindri paigalseismiseks on soovitatav kasutada sobivaid paigaldusklambreid. Pakume ka varuosi ja taastamisteenuseid, et pikendada kopasilindri eluiga.<\/p>\n<p><img decoding=\"async\" src=\"https:\/\/www.hydraulic-cylinders.net\/wp-content\/uploads\/2025\/01\/songte-chushion-collar.webp\" alt=\"Kopesilinder Baoding SC400.8 jaoks\" \/><\/p>\n<h3>Ohutus- ja keskkonnakaalutlused<\/h3>\n<p>Kopasilindri kasutamisel tuleb \u00f5nnetuste ja vigastuste v\u00e4ltimiseks v\u00f5tta n\u00f5uetekohaseid ohutusmeetmeid. J\u00e4rgnevalt on toodud m\u00f5ned olulised ohutuskaalutlused:<\/p>\n<ul>\n<li>Kandke sobivaid isikukaitsevahendeid<\/li>\n<li>Tagage n\u00f5uetekohane paigaldus ja hooldus<\/li>\n<li>\u00c4rge \u00fcletage silindri kandev\u00f5imet<\/li>\n<li>J\u00e4rgige k\u00f5iki tootja juhiseid ja soovitusi<\/li>\n<\/ul>\n<p>Keskkonnam\u00f5ju on samuti oluline kaalutlus. Kopasilindri projekteerimisel ja tootmisel tuleks arvestada keskkonnaga, kasutades v\u00f5imaluse korral s\u00e4\u00e4stvaid materjale ja tootmisprotsesse.<\/p>\n<h3>Veaotsing ja levinud probleemid<\/h3>\n<p>Kopa silindri probleemid v\u00f5ivad oluliselt m\u00f5jutada rasketehnika j\u00f5udlust. J\u00e4rgnevalt on toodud m\u00f5ned levinud probleemid ja nende lahendused:<\/p>\n<ul>\n<li>Leke: Kontrollige tihendeid ja vajadusel vahetage need v\u00e4lja. Veenduge, et k\u00f5ik \u00fchendused on tihedad ja et kolb ega silinder pole kahjustatud.<\/li>\n<li>Aeglane t\u00f6\u00f6: kontrollige h\u00fcdraulikas\u00fcsteemi lekete v\u00f5i kahjustuste suhtes. Veenduge, et h\u00fcdraulika\u00f5li tase on \u00f5ige ja et s\u00fcsteemis pole \u00f5hutaskuid.<\/li>\n<li>Silinder ei liigu v\u00e4lja ega sisse: kontrollige h\u00fcdraulikas\u00fcsteemi lekete v\u00f5i kahjustuste suhtes. Veenduge, et h\u00fcdraulika\u00f5li tase on \u00f5ige ja et s\u00fcsteemis pole \u00f5hutaskuid.<\/li>\n<\/ul>\n<p>Ennetav hooldus on nende probleemide v\u00e4ltimise v\u00f5ti. Regulaarne kontroll, m\u00e4\u00e4rimine ja tihendite vahetamine aitavad v\u00e4ltida potentsiaalsete probleemide kujunemist t\u00f5sisteks.<\/p>\n<p><img decoding=\"async\" src=\"https:\/\/www.hydraulic-cylinders.net\/wp-content\/uploads\/2025\/01\/songte-bushings-with-all-kinds-of-excavator-models.webp\" alt=\"Kopesilinder Baoding SC400.8 jaoks\" \/><\/p>\n<h3>Meist<\/h3>\n<p>Oleme asendush\u00fcdrauliliste silindrite tootja ning oma laia tootevalikuga oleme \u00fcks juhtivaid h\u00fcdrosilindrite tootjaid ja hulgim\u00fc\u00fcjaid nii sise- kui ka rahvusvahelistel turgudel. J\u00e4rgime suurep\u00e4rase kvaliteedi p\u00f5him\u00f5tet, tugineme peent\u00f6\u00f6tlust\u00f6\u00f6kodades industrialiseeritud tootmisjuhtimise strateegiatele ning t\u00e4iustame pidevalt oma tootmisplatvorme ja tootekvaliteedi tootmisliine, kasutades tehnoloogilist talenti, digitaalseid tipptasemel tootmisseadmeid ja professionaalseid testimiss\u00fcsteeme. Meil \u200b\u200bon tugevus luua suure t\u00f5hususega, suure t\u00e4psusega ja kvaliteetseid tooteid ning rahuldada klientide mitmekesiseid vajadusi.<\/p>\n<p>Meie ettev\u00f5te pakub mitmeid eeliseid, sealhulgas:<\/p>\n<ul>\n<li>Professionaalsus<\/li>\n<li>Rahvusvaheline sertifitseerimine<\/li>\n<li>Kohandamise teenused<\/li>\n<li>T\u00e4iustatud tootmisseadmed<\/li>\n<li>Suurep\u00e4rane m\u00fc\u00fcgij\u00e4rgne teenindus<\/li>\n<\/ul>\n<p><img decoding=\"async\" src=\"https:\/\/hzpt.com\/wp-content\/uploads\/2024\/11\/songte-company-1.webp\" alt=\"Kopesilinder Baoding SC400.8 jaoks\" \/><\/p>\n<p>Autor: lyl<\/p>","protected":false},"excerpt":{"rendered":"<p>Bucket Cylinder For Baoding SC400.8 Introduction A bucket cylinder is a specially designed hydraulic cylinder mainly used to control the movement of the bucket in heavy machinery such as excavators, backhoe excavators, and front loaders. Its main function is to enable the bucket to lift, lower, and tilt, making it easier to handle various material [&hellip;]<\/p>","protected":false},"featured_media":14787,"comment_status":"open","ping_status":"closed","template":"","meta":{"_et_pb_use_builder":"","_et_pb_old_content":"","_et_gb_content_width":""},"product_brand":[],"product_cat":[1494],"product_tag":[1495,1496],"class_list":{"0":"post-15959","1":"product","2":"type-product","3":"status-publish","4":"has-post-thumbnail","6":"product_cat-bucket-cylinders","7":"product_tag-bucket-cylinders","8":"product_tag-hydraulic-cylinders","10":"first","11":"instock","12":"shipping-taxable","13":"product-type-simple"},"amp_enabled":true,"_links":{"self":[{"href":"https:\/\/www.hydraulic-cylinders.net\/et\/wp-json\/wp\/v2\/product\/15959","targetHints":{"allow":["GET"]}}],"collection":[{"href":"https:\/\/www.hydraulic-cylinders.net\/et\/wp-json\/wp\/v2\/product"}],"about":[{"href":"https:\/\/www.hydraulic-cylinders.net\/et\/wp-json\/wp\/v2\/types\/product"}],"replies":[{"embeddable":true,"href":"https:\/\/www.hydraulic-cylinders.net\/et\/wp-json\/wp\/v2\/comments?post=15959"}],"wp:featuredmedia":[{"embeddable":true,"href":"https:\/\/www.hydraulic-cylinders.net\/et\/wp-json\/wp\/v2\/media\/14787"}],"wp:attachment":[{"href":"https:\/\/www.hydraulic-cylinders.net\/et\/wp-json\/wp\/v2\/media?parent=15959"}],"wp:term":[{"taxonomy":"product_brand","embeddable":true,"href":"https:\/\/www.hydraulic-cylinders.net\/et\/wp-json\/wp\/v2\/product_brand?post=15959"},{"taxonomy":"product_cat","embeddable":true,"href":"https:\/\/www.hydraulic-cylinders.net\/et\/wp-json\/wp\/v2\/product_cat?post=15959"},{"taxonomy":"product_tag","embeddable":true,"href":"https:\/\/www.hydraulic-cylinders.net\/et\/wp-json\/wp\/v2\/product_tag?post=15959"}],"curies":[{"name":"wp","href":"https:\/\/api.w.org\/{rel}","templated":true}]}}