{"id":15962,"date":"2025-01-19T15:13:24","date_gmt":"2025-01-19T15:13:24","guid":{"rendered":"https:\/\/www.hydraulic-cylinders.net\/product\/bucket-cylinder-for-tiangong-zg3210-9c\/"},"modified":"2025-01-19T15:13:26","modified_gmt":"2025-01-19T15:13:26","slug":"bucket-cylinder-for-tiangong-zg3210-9c","status":"publish","type":"product","link":"https:\/\/www.hydraulic-cylinders.net\/et\/toode\/bucket-cylinder-for-tiangong-zg3210-9c\/","title":{"rendered":"Kopa silinder Tiangong ZG3210-9C jaoks"},"content":{"rendered":"<h1>Kopa silinder Tiangong ZG3210-9C jaoks<\/h1>\n<h2>Sissejuhatus<\/h2>\n<p>Tiangong ZG3210-9C kopa silinder on h\u00fcdraulilise silindri t\u00fc\u00fcp, mis on spetsiaalselt loodud ekskavaatori liikumise juhtimiseks rasketes masinates, n\u00e4iteks ekskavaatorites, laadur-ekskavaatorites ja esilaadurites. Selle peamine \u00fclesanne on v\u00f5imaldada ekskavaatoril t\u00f5usta, langetada ja kallutada, muutes mitmesuguste materjalik\u00e4itlust\u00f6\u00f6de tegemise lihtsamaks. H\u00fcdraulilises s\u00fcsteemis saavutab kopa silinder ekskavaatori t\u00e4pse juhtimise h\u00fcdraulika\u00f5li r\u00f5hu muutuste abil, v\u00f5imaldades operaatoritel raskeid esemeid t\u00f5husalt k\u00e4sitseda ning kohaneda keerukate t\u00f6\u00f6keskkondade ja mitmekesiste t\u00f6\u00f6vajadustega.<\/p>\n<p><img decoding=\"async\" src=\"https:\/\/www.hydraulic-cylinders.net\/wp-content\/uploads\/2025\/01\/songte-company-2.webp\" alt=\"\u00c4mbri silinder\"><\/p>\n<h2>Omadused<\/h2>\n<ul>\n<li>Suur tugevus ja vastupidavus: Tavaliselt on see valmistatud \u00fclitugevast terasest v\u00f5i alumiiniumist, talub see k\u00f5rget r\u00f5hku ja suuri koormusi, kohandudes karmide t\u00f6\u00f6keskkondadega. Projekteerimisel on arvestatud kulumiskindluse ja korrosioonikindlusega, pikendades selle kasutusiga.<\/li>\n<li>T\u00f5hus h\u00fcdrauliline t\u00f6\u00f6: H\u00fcdraulika\u00f5li r\u00f5hu abil saavutatakse sujuv pikendamine ja kokkut\u00f5mbamine, mis tagab v\u00f5imsad t\u00f5uke- ja t\u00f5mbej\u00f5ud raskete esemete ja keerukate \u00fclesannete k\u00e4sitsemiseks.<\/li>\n<li>Erinevad t\u00fc\u00fcbid: \u00fchetoimelisi (h\u00fcdraulilist s\u00fcsteemi kasutatakse ainult \u00fches suunas) v\u00f5i kahetoimelisi (h\u00fcdraulilist s\u00fcsteemi kasutatakse m\u00f5lemas suunas) silindreid saab valida vastavalt t\u00f6\u00f6vajadustele ning m\u00f5ned mudelid on teleskoopilised, mis v\u00f5imaldavad suuremat pikendamist ilma v\u00e4lism\u00f5\u00f5tmeid suurendamata, sobides piiratud ruumiga rakenduste jaoks.<\/li>\n<li>Suurep\u00e4rased asendused: Meie tooted suudavad neid h\u00fcdrosilindreid ideaalselt asendada.<\/li>\n<\/ul>\n<p><img decoding=\"async\" src=\"https:\/\/www.hydraulic-cylinders.net\/wp-content\/uploads\/2025\/01\/songte-cylinder-head-with-all-kinds-excavator-models.webp\" alt=\"Kopa silindri vahetamine\"><\/p>\n<h2>Rakendused<\/h2>\n<p>Kopasilindrit kasutatakse laialdaselt erinevates rasketehnika masinates, n\u00e4iteks:<\/p>\n<ul>\n<li>Ehitustehnika: Ekskavaatorites on need h\u00e4davajalikud kaevamiseks, laadimiseks ja pinnase v\u00f5i prahi teisaldamiseks. Ekskavaator-laadurites aitab kopa silinder kaevamisel ja t\u00f5stmisel. Esilaadurites aitavad need kaupu t\u00f5husalt t\u00f5sta ja kallutada.<\/li>\n<li>P\u00f5llumajandusmasinad: Kasutatakse esilaadurite jaoks pinnase, heina ja muude materjalide \u00fclesv\u00f5tmiseks, t\u00f5stmiseks ja transportimiseks. Ekskavaatorites v\u00f5imaldab kopa silinder kaevamist, lastes kopal pinnasesse tungida. <\/li>\n<\/ul>\n<h2>Projekteerimiskaalutlused ja valikukriteeriumid<\/h2>\n<p>Kopasilindri projekteerimisel tuleks arvestada j\u00e4rgmisega:<\/p>\n<ul>\n<li>Kandev\u00f5ime: Suudab taluda k\u00f5rget r\u00f5hku ja suuri koormusi.<\/li>\n<li>Tihendus: Erinevate tihendite, n\u00e4iteks kolvitihendite ja varrastihendite kasutamine, mis on valmistatud kulumiskindlatest materjalidest, n\u00e4iteks pol\u00fcuretaanist ja nitriilkummist.<\/li>\n<li>Vastupidavus: Silindri korpus ja keerme otsapind l\u00e4bivad kulumiskindluse parandamiseks peene t\u00f6\u00f6tluse.<\/li>\n<li>Ohutus: Ranged kvaliteedikontrolli standardid tagavad silindri ohutu ja usaldusv\u00e4\u00e4rse t\u00f6\u00f6.<\/li>\n<li>Hooldus: Lihtne hooldada ja parandada, regulaarsed \u00f5li- ja tihendite vahetused.<\/li>\n<\/ul>\n<p><img decoding=\"async\" src=\"https:\/\/www.hydraulic-cylinders.net\/wp-content\/uploads\/2025\/01\/songte-oil-pipes-and-spare-parts.webp\" alt=\"Kopa silindri osad\"><\/p>\n<h2>Tihendus ja m\u00e4\u00e4rimine<\/h2>\n<p>Kopasilindris kasutatakse mitmesuguseid tihenduskomponente, n\u00e4iteks kolvitihendeid ja vardatihendeid, mis on valmistatud kulumiskindlatest materjalidest, n\u00e4iteks pol\u00fcuretaanist ja nitriilkummist. Silindri korpus ja keermeotsa pind l\u00e4bivad peene t\u00f6\u00f6tluse, et parandada kulumiskindlust. Regulaarsed \u00f5livahetused ja silindri m\u00e4\u00e4rimiseks sobiva koguse h\u00fcdraulika\u00f5li lisamine.<\/p>\n<h2>Hooldus ja remont<\/h2>\n<p>Regulaarne kontroll, asjakohane m\u00e4\u00e4rimine, tihendite vahetamine ja kalibreerimise kontrollimine on tavalised hooldust\u00f6\u00f6d. \u00d5ige paigaldamine, m\u00e4\u00e4rimine ja reguleerimine on h\u00e4davajalikud. Paigaldamise ajal tuleks silindrit \u00f5igesti joondada ja kasutada sobivaid paigaldusklambreid. Esitatakse soovitatavad kontrolli-, remondi- ja vahetusprotseduurid koos n\u00e4pun\u00e4idetega kopasilindri kasutusea pikendamiseks.<\/p>\n<p><img decoding=\"async\" src=\"https:\/\/www.hydraulic-cylinders.net\/wp-content\/uploads\/2025\/01\/songte-chushion-collar.webp\" alt=\"Kopa silindri hooldus\"><\/p>\n<h2>Ohutuskaalutlused ja keskkonnategurid<\/h2>\n<p>Kopasilindrit tuleks \u00f5nnetuste v\u00e4ltimiseks kasutada vastavalt ohutusjuhistele. Silindris kasutatud h\u00fcdraulika\u00f5li n\u00f5uetekohane utiliseerimine on keskkonnareostuse v\u00e4ltimiseks oluline.<\/p>\n<h2>Veaotsing ja levinud probleemid<\/h2>\n<p>Kopasilindri levinud probleemide hulka kuuluvad \u00f5lileke, ebanormaalne m\u00fcra ja aeglane liikumine. Probleemide diagnoosimiseks ja lahendamiseks pakutakse t\u00f5rkeotsingu n\u00e4pun\u00e4iteid ja lahendusi koos ennetavate meetmetega v\u00f5imalike probleemide minimeerimiseks.<\/p>\n<p><img decoding=\"async\" src=\"https:\/\/www.hydraulic-cylinders.net\/wp-content\/uploads\/2025\/01\/songte-bushings-with-all-kinds-of-excavator-models.webp\" alt=\"\u00c4mbri silindri probleemid\"><\/p>\n<h2>Meist<\/h2>\n<p>Oleme h\u00fcdrosilindrite tootja ja pakume laia tootevalikut. Oleme \u00fcks juhtivaid h\u00fcdrosilindrite tootjaid ja hulgim\u00fc\u00fcjaid nii sise- kui ka rahvusvahelisel turul. P\u00fc\u00fcdleme suurep\u00e4rase kvaliteedi poole ja toetume peentootmist\u00f6\u00f6kodade t\u00f6\u00f6stusliku tootmise juhtimise strateegiale. Ettev\u00f5te t\u00e4iustab pidevalt t\u00f6\u00f6koja tootmisplatvormi, parandab tootekvaliteedi tootmisliini ja omab tugevat loomingulist v\u00f5imekust. Pakume suure t\u00f5hususega, suure t\u00e4psusega ja kvaliteetseid tooteid, et rahuldada oma klientide mitmekesiseid vajadusi.<\/p>\n<p><img decoding=\"async\" src=\"https:\/\/hzpt.com\/wp-content\/uploads\/2024\/11\/songte-company-1.webp\" alt=\"Meie ettev\u00f5te\"><\/p>\n<h2>Meie teenused<\/h2>\n<ul>\n<li>Professionaalsus: Meil \u200b\u200bon ulatuslikud kogemused h\u00fcdrauliliste silindrite projekteerimisel ja tootmisel.<\/li>\n<li>Rahvusvaheline sertifitseerimine: Meie tooted on l\u00e4binud rahvusvahelise kvaliteedijuhtimiss\u00fcsteemi sertifikaadi.<\/li>\n<li>Kohandamine: Pakume h\u00fcdraulilisi silindreid vastavalt kliendi vajadustele.<\/li>\n<li>Tootmisseadmed: H\u00fcdrauliliste silindrite tootmiseks kasutame t\u00e4iustatud tootmisseadmeid ja -tehnoloogiat.<\/li>\n<li>M\u00fc\u00fcgij\u00e4rgne teenindus: Pakume \u00f5igeaegset ja t\u00f5husat m\u00fc\u00fcgij\u00e4rgset teenindust.<\/li>\n<\/ul>\n<p>Loodame, et see artikkel annab p\u00f5hjaliku \u00fclevaate Tiangong ZG3210-9C kopasilindrist. Kui teil on k\u00fcsimusi v\u00f5i vajadusi, v\u00f5tke meiega julgelt \u00fchendust.<\/p>\n<p>Autor: lyl.<\/p>","protected":false},"excerpt":{"rendered":"<p>Bucket Cylinder For Tiangong ZG3210-9C Introduction The bucket cylinder for Tiangong ZG3210-9C is a type of hydraulic cylinder specifically designed for controlling the movement of the shovel in heavy machinery such as excavators, backhoe loaders, and front-end loaders. Its main function is to enable the shovel to lift, lower, and tilt, making it easier to [&hellip;]<\/p>","protected":false},"featured_media":14782,"comment_status":"open","ping_status":"closed","template":"","meta":{"_et_pb_use_builder":"","_et_pb_old_content":"","_et_gb_content_width":""},"product_brand":[],"product_cat":[1494],"product_tag":[1495,1496],"class_list":{"0":"post-15962","1":"product","2":"type-product","3":"status-publish","4":"has-post-thumbnail","6":"product_cat-bucket-cylinders","7":"product_tag-bucket-cylinders","8":"product_tag-hydraulic-cylinders","10":"first","11":"instock","12":"shipping-taxable","13":"product-type-simple"},"amp_enabled":true,"_links":{"self":[{"href":"https:\/\/www.hydraulic-cylinders.net\/et\/wp-json\/wp\/v2\/product\/15962","targetHints":{"allow":["GET"]}}],"collection":[{"href":"https:\/\/www.hydraulic-cylinders.net\/et\/wp-json\/wp\/v2\/product"}],"about":[{"href":"https:\/\/www.hydraulic-cylinders.net\/et\/wp-json\/wp\/v2\/types\/product"}],"replies":[{"embeddable":true,"href":"https:\/\/www.hydraulic-cylinders.net\/et\/wp-json\/wp\/v2\/comments?post=15962"}],"wp:featuredmedia":[{"embeddable":true,"href":"https:\/\/www.hydraulic-cylinders.net\/et\/wp-json\/wp\/v2\/media\/14782"}],"wp:attachment":[{"href":"https:\/\/www.hydraulic-cylinders.net\/et\/wp-json\/wp\/v2\/media?parent=15962"}],"wp:term":[{"taxonomy":"product_brand","embeddable":true,"href":"https:\/\/www.hydraulic-cylinders.net\/et\/wp-json\/wp\/v2\/product_brand?post=15962"},{"taxonomy":"product_cat","embeddable":true,"href":"https:\/\/www.hydraulic-cylinders.net\/et\/wp-json\/wp\/v2\/product_cat?post=15962"},{"taxonomy":"product_tag","embeddable":true,"href":"https:\/\/www.hydraulic-cylinders.net\/et\/wp-json\/wp\/v2\/product_tag?post=15962"}],"curies":[{"name":"wp","href":"https:\/\/api.w.org\/{rel}","templated":true}]}}