{"id":15967,"date":"2025-01-19T15:13:43","date_gmt":"2025-01-19T15:13:43","guid":{"rendered":"https:\/\/www.hydraulic-cylinders.net\/product\/bucket-cylinder-for-tiangong-zg3225lc-9c\/"},"modified":"2025-01-19T15:13:45","modified_gmt":"2025-01-19T15:13:45","slug":"bucket-cylinder-for-tiangong-zg3225lc-9c","status":"publish","type":"product","link":"https:\/\/www.hydraulic-cylinders.net\/et\/toode\/bucket-cylinder-for-tiangong-zg3225lc-9c\/","title":{"rendered":"Kopa silinder Tiangong ZG3225LC-9C jaoks"},"content":{"rendered":"<h1>Kopa silinder Tiangong ZG3225LC-9C jaoks<\/h1>\n<h2>Sissejuhatus<\/h2>\n<p>Kopa silinder, tuntud ka kui h\u00fcdrauliline silinder, on spetsiaalselt loodud h\u00fcdrauliline ajam, mida kasutatakse peamiselt koppade liikumise juhtimiseks rasketes masinates, n\u00e4iteks ekskavaatorites, laadur-ekskavaatorites ja esilaadurites. Selle peamine \u00fclesanne on v\u00f5imaldada kopa t\u00f5stmist, langetamist ja kallutamist, muutes selle mugavaks mitmesuguste materjalik\u00e4itlust\u00f6\u00f6de jaoks. H\u00fcdraulilises s\u00fcsteemis saavutab kopa silinder kopa t\u00e4pse juhtimise, kasutades \u00e4ra h\u00fcdraulika\u00f5li r\u00f5hu muutusi, v\u00f5imaldades operaatoritel t\u00f5husalt k\u00e4sitseda raskeid koormaid ning kohaneda keerukate t\u00f6\u00f6keskkondade ja mitmekesiste t\u00f6\u00f6n\u00f5uetega.<\/p>\n<p><img decoding=\"async\" src=\"https:\/\/www.hydraulic-cylinders.net\/wp-content\/uploads\/2025\/01\/songte-company-2.webp\"><\/p>\n<h2>Omadused<\/h2>\n<ul>\n<li>Suur tugevus ja vastupidavus: Tavaliselt \u00fclitugevast terasest v\u00f5i alumiiniumist valmistatud kopa silinder talub k\u00f5rget r\u00f5hku ja suuri koormusi, kohandudes karmide t\u00f6\u00f6tingimustega. Selle disain arvestab kulumiskindluse ja korrosioonikindlusega, pikendades selle kasutusiga.<\/li>\n<li>T\u00f5hus h\u00fcdrauliline t\u00f6\u00f6: H\u00fcdraulilise \u00f5li r\u00f5hu abil saavutab kopa silinder sujuva pikendus- ja tagasit\u00f5mbamisliigutuse, v\u00f5imaldades kiiret reageerimist juhtimisk\u00e4sklustele ja v\u00f5imsaid t\u00f5uke- ja t\u00f5mbej\u00f5ude. See sobib raskete koormate ja keerukate t\u00f6\u00f6\u00fclesannete k\u00e4sitsemiseks.<\/li>\n<li>Mitmek\u00fclgsed t\u00fc\u00fcbid: Kopasilindrit saab valida \u00fchetoimelise (h\u00fcdraulilist r\u00f5hku kasutatakse ainult \u00fches suunas) v\u00f5i kahetoimelise (h\u00fcdraulilist r\u00f5hku kasutatakse m\u00f5lemas suunas) silindrina vastavalt konkreetsetele t\u00f6\u00f6vajadustele. M\u00f5ned mudelid on teleskoopilised, mis v\u00f5imaldab suuremat pikendamist ilma v\u00e4lism\u00f5\u00f5tmeid suurendamata, mist\u00f5ttu need sobivad piiratud ruumiga rakenduste jaoks.<\/li>\n<li>T\u00e4iuslik asendus: Meie silindrid suudavad ideaalselt asendada olemasolevaid h\u00fcdrosilindreid, pakkudes teie vajadustele usaldusv\u00e4\u00e4rset lahendust.<\/li>\n<\/ul>\n<p><img decoding=\"async\" src=\"https:\/\/www.hydraulic-cylinders.net\/wp-content\/uploads\/2025\/01\/songte-cylinder-head-with-all-kinds-excavator-models.webp\"><\/p>\n<h2>Rakendused<\/h2>\n<ul>\n<li>Ehitustehnika: Kopasilindrid on ekskavaatorites eluliselt t\u00e4htsad kaevamiseks, laadimiseks ja pinnase v\u00f5i prahi teisaldamiseks. Ekskavaatorlaadurites aitab kopasilindril nii kaevamine kui ka t\u00f5stmine.<\/li>\n<li>P\u00f5llumajandusmasinad: Kasutatakse esilaadurites mulla, heina ja muude materjalide k\u00fchveldamiseks, t\u00f5stmiseks ja transportimiseks.<\/li>\n<li>Ekskavaatorid: Kopa silinder v\u00f5imaldab kaevamist, lastes kopal pinnasesse tungida.<\/li>\n<li>Laadurid: Esilaadurites aitavad need kaupu t\u00f5husalt t\u00f5sta ja maha laadida.<\/li>\n<\/ul>\n<h2>Projekteerimiskaalutlused ja valikukriteeriumid<\/h2>\n<p>Projekteerimiskaalutluste puhul m\u00e4ngivad kopasilindrite valikul olulist rolli sellised v\u00f5tmetegurid nagu kandev\u00f5ime, tihendusv\u00f5ime, vastupidavus, ohutus ja hooldatavus.<\/p>\n<p><img decoding=\"async\" src=\"https:\/\/www.hydraulic-cylinders.net\/wp-content\/uploads\/2025\/01\/songte-oil-pipes-and-spare-parts.webp\"><\/p>\n<h2>Tihendus ja m\u00e4\u00e4rimine<\/h2>\n<p>Kopasilindrites kasutatakse mitmesuguseid tihenduskomponente, n\u00e4iteks kolvitihendeid, vardatihendeid jne. Need tihendid on valmistatud kulumiskindlatest materjalidest, nagu pol\u00fcuretaan ja nitriilkummi. Silindri korpus ja keermestatud otsapinnad on peenelt t\u00f6\u00f6deldud, et suurendada kulumiskindlust. Sujuva t\u00f6\u00f6 tagamiseks on vaja regulaarselt m\u00e4\u00e4rida sobiva koguse h\u00fcdraulika\u00f5liga.<\/p>\n<h2>Regulaarne kontroll ja ennetav hooldus<\/h2>\n<p>Kopasilindri optimaalse j\u00f5udluse s\u00e4ilitamiseks tuleks teha regulaarseid kontrolle ja ennetavaid hooldusmeetmeid. See h\u00f5lmab lekete kontrollimist, tihendite seisukorra j\u00e4lgimist, kinnitusklambrite kontrollimist ja joonduse kontrollimist. Soovitatav on j\u00e4rgida \u00f5igeid paigaldusprotseduure, kasutada silindri kinnitamiseks \u00f5igeid kinnitusklambreid ja pidada kinni soovitatud kontrolli-, remondi- ja asendusprotokollidest. Oskuslikud hooldustehnikad v\u00f5ivad kopasilindri eluiga oluliselt pikendada.<\/p>\n<p><img decoding=\"async\" src=\"https:\/\/www.hydraulic-cylinders.net\/wp-content\/uploads\/2025\/01\/songte-chushion-collar.webp\"><\/p>\n<h2>Ohutuskaalutlused ja keskkonnategurid<\/h2>\n<p>Koppballoonide kasutamisel on oluline seada esikohale ohutusmeetmed. \u00d5nnetuste v\u00e4ltimiseks ja ohutu t\u00f6\u00f6keskkonna tagamiseks on \u00fclioluline n\u00f5uetekohane k\u00e4sitsemine, regulaarsed kontrollid ja ohutusjuhiste j\u00e4rgimine. Ballooni optimaalse j\u00f5udluse s\u00e4ilitamiseks tuleks arvesse v\u00f5tta ka keskkonnategureid, nagu temperatuurik\u00f5ikumised ja kokkupuude s\u00f6\u00f6vitavate ainetega.<\/p>\n<h2>Veaotsing ja levinud probleemid<\/h2>\n<p>Rikete v\u00f5i probleemide korral on vajalik kiire t\u00f5rkeotsing ja probleemide lahendamine. Lugejatele v\u00f5ib suureks abiks olla n\u00e4pun\u00e4idete ja lahenduste pakkumine t\u00f5husaks diagnoosimiseks ja lahendamiseks koos ennetavate meetmetega v\u00f5imalike probleemide minimeerimiseks.<\/p>\n<p><img decoding=\"async\" src=\"https:\/\/www.hydraulic-cylinders.net\/wp-content\/uploads\/2025\/01\/songte-bushings-with-all-kinds-of-excavator-models.webp\"><\/p>\n<p>Pea meeles, et artikkel tuleks loogiliselt \u00fcles ehitada, kasutada navigeerimise h\u00f5lbustamiseks alapealkirju, lisada parema arusaamise huvides asjakohaseid pilte v\u00f5i diagramme ning veenduda, et sisu oleks selge, kokkuv\u00f5tlik ja sobiv erineva tehnilise teadmisega lugejatele.<\/p>\n<h2>Meie ettev\u00f5ttest<\/h2>\n<p>Oleme tootja, mis on spetsialiseerunud asendush\u00fcdrauliliste silindrite tootmisele. Laia tootevalikuga oleme saanud \u00fcheks juhtivaks h\u00fcdrosilindrite tootjaks ja hulgim\u00fc\u00fcjaks nii sise- kui ka rahvusvahelisel turul. J\u00e4rgime suurep\u00e4rase kvaliteedi ja industrialiseeritud tootmisjuhtimise strateegiate p\u00f5him\u00f5tteid, tuginedes tehnilistele annetele, tipptasemel digitaalsetele tootmisseadmetele ja professionaalsetele testimiss\u00fcsteemidele. Meie tootmisplatvorm t\u00e4iustub pidevalt, t\u00e4iustades tootekvaliteedi tootmisprotsessi. Meil \u200b\u200bon tugev loominguline v\u00f5imekus ja seame esikohale efektiivsuse, t\u00e4psuse ja k\u00f5rge kvaliteedi, rahuldades klientide mitmekesiseid vajadusi.<\/p>\n<p><img decoding=\"async\" src=\"https:\/\/www.hydraulic-cylinders.net\/wp-content\/uploads\/2025\/01\/songte-company-3.webp\"><\/p>\n<p>Lisaks pakume professionaalsust, rahvusvahelisi sertifikaate, kohandatud teenuseid, t\u00e4iustatud tootmisseadmeid ja igak\u00fclgset m\u00fc\u00fcgij\u00e4rgset teenindust. <\/p>\n<p>Autor: lyl<\/p>","protected":false},"excerpt":{"rendered":"<p>Bucket Cylinder For Tiangong ZG3225LC-9C Introduction A bucket cylinder, also known as a hydraulic cylinder, is a specially designed hydraulic actuator primarily used to control the movement of buckets in heavy machinery such as excavators, backhoe loaders, and front-end loaders. Its main function is to enable the bucket to lift, lower, and tilt, making it [&hellip;]<\/p>","protected":false},"featured_media":14771,"comment_status":"open","ping_status":"closed","template":"","meta":{"_et_pb_use_builder":"","_et_pb_old_content":"","_et_gb_content_width":""},"product_brand":[],"product_cat":[1494],"product_tag":[1495,1496],"class_list":{"0":"post-15967","1":"product","2":"type-product","3":"status-publish","4":"has-post-thumbnail","6":"product_cat-bucket-cylinders","7":"product_tag-bucket-cylinders","8":"product_tag-hydraulic-cylinders","10":"first","11":"instock","12":"shipping-taxable","13":"product-type-simple"},"amp_enabled":true,"_links":{"self":[{"href":"https:\/\/www.hydraulic-cylinders.net\/et\/wp-json\/wp\/v2\/product\/15967","targetHints":{"allow":["GET"]}}],"collection":[{"href":"https:\/\/www.hydraulic-cylinders.net\/et\/wp-json\/wp\/v2\/product"}],"about":[{"href":"https:\/\/www.hydraulic-cylinders.net\/et\/wp-json\/wp\/v2\/types\/product"}],"replies":[{"embeddable":true,"href":"https:\/\/www.hydraulic-cylinders.net\/et\/wp-json\/wp\/v2\/comments?post=15967"}],"wp:featuredmedia":[{"embeddable":true,"href":"https:\/\/www.hydraulic-cylinders.net\/et\/wp-json\/wp\/v2\/media\/14771"}],"wp:attachment":[{"href":"https:\/\/www.hydraulic-cylinders.net\/et\/wp-json\/wp\/v2\/media?parent=15967"}],"wp:term":[{"taxonomy":"product_brand","embeddable":true,"href":"https:\/\/www.hydraulic-cylinders.net\/et\/wp-json\/wp\/v2\/product_brand?post=15967"},{"taxonomy":"product_cat","embeddable":true,"href":"https:\/\/www.hydraulic-cylinders.net\/et\/wp-json\/wp\/v2\/product_cat?post=15967"},{"taxonomy":"product_tag","embeddable":true,"href":"https:\/\/www.hydraulic-cylinders.net\/et\/wp-json\/wp\/v2\/product_tag?post=15967"}],"curies":[{"name":"wp","href":"https:\/\/api.w.org\/{rel}","templated":true}]}}