{"id":15985,"date":"2025-01-19T15:15:09","date_gmt":"2025-01-19T15:15:09","guid":{"rendered":"https:\/\/www.hydraulic-cylinders.net\/product\/bucket-cylinder-for-hengte-ht150-8\/"},"modified":"2025-01-19T15:15:11","modified_gmt":"2025-01-19T15:15:11","slug":"bucket-cylinder-for-hengte-ht150-8","status":"publish","type":"product","link":"https:\/\/www.hydraulic-cylinders.net\/et\/toode\/bucket-cylinder-for-hengte-ht150-8\/","title":{"rendered":"Kopa silinder Hengte HT150-8 jaoks"},"content":{"rendered":"<h2>Hengte HT150-8 kopa silinder<\/h2>\n<h3>Sissejuhatus<\/h3>\n<p>Hengte HT150-8 kopa silinder on spetsiaalne h\u00fcdrauliline silinder, mis on loodud kopa liikumise juhtimiseks rasketes masinates, n\u00e4iteks ekskavaatorites, laadur-ekskavaatorites ja esilaadurites. Selle peamine \u00fclesanne on v\u00f5imaldada kopa t\u00f5stmist, langetamist ja kallutamist materjali h\u00f5lpsaks k\u00e4sitsemiseks. H\u00fcdraulilises s\u00fcsteemis kasutab kopa silinder h\u00fcdraulika\u00f5li r\u00f5hu muutusi, et saavutada kopa t\u00e4pne juhtimine, mis v\u00f5imaldab operaatoritel t\u00f5husalt k\u00e4sitseda raskeid koormaid ning kohaneda keerukate t\u00f6\u00f6keskkondade ja mitmekesiste t\u00f6\u00f6n\u00f5uetega.<\/p>\n<p><img loading=\"lazy\" decoding=\"async\" src=\"https:\/\/www.hydraulic-cylinders.net\/wp-content\/uploads\/2025\/01\/songte-company-2.webp\" alt=\"Hengte HT150-8 kopa silinder\" width=\"500\" height=\"400\"><\/p>\n<h3>Peamised omadused<\/h3>\n<ul>\n<li><strong>Suur tugevus ja vastupidavus:<\/strong> Tavaliselt \u00fclitugevast terasest v\u00f5i alumiiniumist valmistatud kopa silinder talub k\u00f5rget r\u00f5hku ja suuri koormusi, kohaneb karmide t\u00f6\u00f6keskkondadega ning on konstrueeritud kulumiskindlust ja korrosioonikindlust silmas pidades, mis pikendab selle kasutusiga.<\/li>\n<li><strong>T\u00f5hus h\u00fcdrauliline t\u00f6\u00f6:<\/strong> H\u00fcdraulika\u00f5li r\u00f5hku kasutades saavutab silinder sujuva pikenemise ja tagasit\u00f5mbumise, reageerib kiiresti juhtimisk\u00e4sklustele, pakub v\u00f5imsaid t\u00f5uke- ja t\u00f5mbej\u00f5ude ning sobib raskete koormate ja keerukate t\u00f6\u00f6\u00fclesannete k\u00e4sitsemiseks.<\/li>\n<li><strong>Erinevad t\u00fc\u00fcbid:<\/strong> \u00dchetoimelisi (h\u00fcdraulilist s\u00fcsteemi kasutatakse ainult \u00fches suunas) v\u00f5i kahetoimelisi (h\u00fcdraulilist s\u00fcsteemi kasutatakse m\u00f5lemas suunas) silindreid saab valida vastavalt t\u00f6\u00f6vajadustele. M\u00f5ned mudelid on teleskoopilised, mis v\u00f5imaldab suuremat pikendamist ilma v\u00e4lism\u00f5\u00f5tmeid suurendamata, mist\u00f5ttu need sobivad piiratud ruumiga rakenduste jaoks.<\/li>\n<li><strong>Muude h\u00fcdrauliliste silindrite vahetamine:<\/strong> Meie toode on nende h\u00fcdrosilindrite ideaalne asendus.<\/li>\n<\/ul>\n<p><img loading=\"lazy\" decoding=\"async\" src=\"https:\/\/www.hydraulic-cylinders.net\/wp-content\/uploads\/2025\/01\/songte-cylinder-head-with-all-kinds-excavator-models.webp\" alt=\"Hengte HT150-8 kopa silinder\" width=\"500\" height=\"400\"><\/p>\n<h3>Rakendused<\/h3>\n<p><strong>Ehitustehnika:<\/strong> Ekskavaatorites on need olulised kaevamisel, laadimisel ja pinnase v\u00f5i prahi teisaldamisel. Ekskavaatoritel abistab kopa silinder kaevamisel ja t\u00f5stmisel. Esilaadurites aitavad need kaupu t\u00f5husalt t\u00f5sta ja t\u00fchjendada.<\/p>\n<p><strong>P\u00f5llumajandusmasinad:<\/strong> Esilaadurites kasutatavaid masinaid kasutatakse pinnase, heina ja muude materjalide \u00fcleskaevamiseks, t\u00f5stmiseks ja transportimiseks. Ekskavaatorites v\u00f5imaldab kopa silinder kaevamist, v\u00f5imaldades kopal maasse tungida.<\/p>\n<h3>Projekteerimiskaalutlused ja valikukriteeriumid<\/h3>\n<ul>\n<li><strong>Kandev\u00f5ime:<\/strong> Selleks, et silinder taluks suuri koormusi, tuleks selle valmistamisel kasutada \u00fclitugevaid materjale.<\/li>\n<li><strong>Tihendus ja vastupidavus:<\/strong> Kulumiskindluse tagamiseks tuleks tihendite jaoks kasutada selliseid materjale nagu pol\u00fcuretaan ja nitriilkummi. Silindri korpus ja keermepind tuleks kulumiskindluse parandamiseks peenelt t\u00f6\u00f6delda. Vajalik on regulaarne m\u00e4\u00e4rimine h\u00fcdraulika\u00f5liga.<\/li>\n<li><strong>Ohutus ja hooldatavus:<\/strong> Ohutus tuleks tagada n\u00f5uetekohase paigaldamise ja hooldusega. Kui ballooni on vaja lahti v\u00f5tta, tuleks seda teha ohutul viisil. Lisaks peaksid varuosad olema kergesti k\u00e4ttesaadavad ja pakutama taastamisteenuseid.<\/li>\n<\/ul>\n<p><img loading=\"lazy\" decoding=\"async\" src=\"https:\/\/www.hydraulic-cylinders.net\/wp-content\/uploads\/2025\/01\/songte-oil-pipes-and-spare-parts.webp\" alt=\"Hengte HT150-8 kopa silinder\" width=\"500\" height=\"400\"><\/p>\n<h3>Hooldus<\/h3>\n<p>Kopasilindri pikaealisuse ja n\u00f5uetekohase toimimise tagamiseks on vajalik regulaarne hooldus.<\/p>\n<ul>\n<li><strong>Regulaarne kontroll:<\/strong> Kontrollige silindrit regulaarselt lekete, kahjustuste ja kulumise suhtes.<\/li>\n<li><strong>\u00d5ige m\u00e4\u00e4rimine:<\/strong> \u00d5ige t\u00f6\u00f6 tagamiseks m\u00e4\u00e4rige silindrit regulaarselt.<\/li>\n<li><strong>Tihendi vahetamine:<\/strong> Lekete v\u00e4ltimiseks vahetage tihendid v\u00e4lja, kui need on kulunud v\u00f5i kahjustunud.<\/li>\n<li><strong>Kalibreerimiskontroll:<\/strong> Kontrollige silindri kalibreerimist perioodiliselt, et tagada selle n\u00f5uetekohane t\u00f6\u00f6.<\/li>\n<\/ul>\n<p><img loading=\"lazy\" decoding=\"async\" src=\"https:\/\/www.hydraulic-cylinders.net\/wp-content\/uploads\/2025\/01\/songte-chushion-collar.webp\" alt=\"Hengte HT150-8 kopa silinder\" width=\"500\" height=\"400\"><\/p>\n<h3>Ohutuskaalutlused ja keskkonnategurid<\/h3>\n<p>Kopasilindri kasutamisel on \u00f5nnetuste v\u00e4ltimiseks oluline rakendada ohutusmeetmeid. Keskkonnategurid, nagu temperatuur ja niiskus, v\u00f5ivad m\u00f5jutada silindri j\u00f5udlust ning seda tuleks hoida kuivas ja puhtas keskkonnas.<\/p>\n<h3>Diagnoos ja t\u00f5rkeotsing<\/h3>\n<p>Kopasilindri levinud probleemide hulka kuuluvad lekked, tihendite kahjustused ja kalibreerimisvead. Veaotsing tuleks teha ohutul ja t\u00f5husal viisil ning v\u00f5imalike probleemide minimeerimiseks tuleks v\u00f5tta ennetavaid meetmeid.<\/p>\n<p><img loading=\"lazy\" decoding=\"async\" src=\"https:\/\/www.hydraulic-cylinders.net\/wp-content\/uploads\/2025\/01\/songte-bushings-with-all-kinds-of-excavator-models.webp\" alt=\"Hengte HT150-8 kopa silinder\" width=\"500\" height=\"400\"><\/p>\n<h3>Meie ettev\u00f5ttest<\/h3>\n<p>Oleme asendush\u00fcdrauliliste silindrite tootja, pakkudes t\u00e4ielikku tootevalikut. Oleme saanud \u00fcheks juhtivaks h\u00fcdrosilindrite tootjaks ja hulgim\u00fc\u00fcjaks nii sise- kui ka rahvusvahelistel turgudel. Meie peenelt l\u00e4bim\u00f5eldud tootmist\u00f6\u00f6kojas j\u00e4rgime suurep\u00e4rase kvaliteedi p\u00f5him\u00f5tet ja tugineme industrialiseeritud tootmisjuhtimise strateegiatele. T\u00e4nu tehnilisele talendile, tipptasemel digitaalsetele tootmisseadmetele ja professionaalsetele testimiss\u00fcsteemidele t\u00e4iustame pidevalt oma tootmisplatvormi, t\u00e4iustame oma tootekvaliteedi tootmismarsruute ning meil on tugev innovatsiooniv\u00f5ime. Rahuldame oma klientide mitmekesiseid vajadusi t\u00f5husate, t\u00e4psete ja kvaliteetsete teenustega.<\/p>\n<p>Oleme spetsialiseerunud rahvusvahelisele sertifitseerimisele, kohandatud teenustele, tootmisseadmetele ja m\u00fc\u00fcgij\u00e4rgsele teenindusele.<\/p>\n<p><img loading=\"lazy\" decoding=\"async\" src=\"https:\/\/hzpt.com\/wp-content\/uploads\/2024\/11\/songte-company-1.webp\" alt=\"Hengte HT150-8 kopa silinder\" width=\"500\" height=\"400\"><\/p>\n<p><em>Autor: lyl<\/em><\/p>","protected":false},"excerpt":{"rendered":"<p>Bucket Cylinder for Hengte HT150-8 Introduction The bucket cylinder for Hengte HT150-8 is a specialized hydraulic cylinder designed to control the movement of the bucket in heavy machinery such as excavators, backhoe excavators, and front-end loaders. Its primary function is to allow the bucket to be lifted, lowered, and tilted for easy material handling. In [&hellip;]<\/p>","protected":false},"featured_media":14762,"comment_status":"open","ping_status":"closed","template":"","meta":{"_et_pb_use_builder":"","_et_pb_old_content":"","_et_gb_content_width":""},"product_brand":[],"product_cat":[1494],"product_tag":[1495,1496],"class_list":{"0":"post-15985","1":"product","2":"type-product","3":"status-publish","4":"has-post-thumbnail","6":"product_cat-bucket-cylinders","7":"product_tag-bucket-cylinders","8":"product_tag-hydraulic-cylinders","10":"first","11":"instock","12":"shipping-taxable","13":"product-type-simple"},"amp_enabled":true,"_links":{"self":[{"href":"https:\/\/www.hydraulic-cylinders.net\/et\/wp-json\/wp\/v2\/product\/15985","targetHints":{"allow":["GET"]}}],"collection":[{"href":"https:\/\/www.hydraulic-cylinders.net\/et\/wp-json\/wp\/v2\/product"}],"about":[{"href":"https:\/\/www.hydraulic-cylinders.net\/et\/wp-json\/wp\/v2\/types\/product"}],"replies":[{"embeddable":true,"href":"https:\/\/www.hydraulic-cylinders.net\/et\/wp-json\/wp\/v2\/comments?post=15985"}],"wp:featuredmedia":[{"embeddable":true,"href":"https:\/\/www.hydraulic-cylinders.net\/et\/wp-json\/wp\/v2\/media\/14762"}],"wp:attachment":[{"href":"https:\/\/www.hydraulic-cylinders.net\/et\/wp-json\/wp\/v2\/media?parent=15985"}],"wp:term":[{"taxonomy":"product_brand","embeddable":true,"href":"https:\/\/www.hydraulic-cylinders.net\/et\/wp-json\/wp\/v2\/product_brand?post=15985"},{"taxonomy":"product_cat","embeddable":true,"href":"https:\/\/www.hydraulic-cylinders.net\/et\/wp-json\/wp\/v2\/product_cat?post=15985"},{"taxonomy":"product_tag","embeddable":true,"href":"https:\/\/www.hydraulic-cylinders.net\/et\/wp-json\/wp\/v2\/product_tag?post=15985"}],"curies":[{"name":"wp","href":"https:\/\/api.w.org\/{rel}","templated":true}]}}