{"id":15990,"date":"2025-01-19T15:15:35","date_gmt":"2025-01-19T15:15:35","guid":{"rendered":"https:\/\/www.hydraulic-cylinders.net\/product\/bucket-cylinder-for-hengte-wheel-excavator-htl90\/"},"modified":"2025-01-19T15:15:37","modified_gmt":"2025-01-19T15:15:37","slug":"bucket-cylinder-for-hengte-wheel-excavator-htl90","status":"publish","type":"product","link":"https:\/\/www.hydraulic-cylinders.net\/et\/toode\/bucket-cylinder-for-hengte-wheel-excavator-htl90\/","title":{"rendered":"Hengte ratasekskavaatori HTL90 kopa silinder"},"content":{"rendered":"<h1>Hengte ratasekskavaatori HTL90 kopa silinder<\/h1>\n<h2>Sissejuhatus<\/h2>\n<p>Hengte ratasekskavaatori HTL90 kopa silinder on h\u00fcdrauliline silinder, mis on spetsiaalselt loodud kopa liikumise juhtimiseks rasketes masinates, nagu ekskavaatorid, esilaadurid ja esilaadurid. Selle peamine \u00fclesanne on v\u00f5imaldada kopa t\u00f5stmist, langetamist ja kallutamist, muutes erinevate materjalide k\u00e4sitsemise lihtsamaks. H\u00fcdraulikas\u00fcsteemis kontrollib kopa silinder kopa liikumist t\u00e4pselt h\u00fcdraulika\u00f5li r\u00f5hu muutuste abil, v\u00f5imaldades operaatoritel t\u00f5husalt k\u00e4sitseda raskeid koormaid ning kohaneda keerukate t\u00f6\u00f6keskkondade ja mitmekesiste t\u00f6\u00f6n\u00f5uetega.<\/p>\n<p><img loading=\"lazy\" decoding=\"async\" src=\"https:\/\/www.hydraulic-cylinders.net\/wp-content\/uploads\/2025\/01\/songte-company-2.webp\" alt=\"Hengte ratasekskavaatori HTL90 kopa silinder\" width=\"600\" height=\"400\"><\/p>\n<h2>Omadused<\/h2>\n<ul>\n<li>\n<h3>Suur tugevus ja vastupidavus<\/h3>\n<p>Silinder on tavaliselt valmistatud \u00fclitugevast terasest v\u00f5i alumiiniumist, mis talub k\u00f5rget r\u00f5hku ja suuri koormusi ning on konstrueeritud kulumis- ja korrosioonikindlaks, et pikendada kasutusiga.<\/p>\n<\/li>\n<li>\n<h3>T\u00f5hus h\u00fcdrauliline t\u00f6\u00f6<\/h3>\n<p>Silinder kasutab h\u00fcdraulilist \u00f5lir\u00f5hku sujuva ja tundliku pikenemise ning tagasit\u00f5mbamise saavutamiseks, pakkudes v\u00f5imsat t\u00f5uke- ja t\u00f5mbej\u00f5udu ning sobib raskete koormate ja keerukate t\u00f6\u00f6\u00fclesannete k\u00e4sitsemiseks.<\/p>\n<\/li>\n<li>\n<h3>T\u00fc\u00fcpide mitmekesisus<\/h3>\n<p>Silindri saab valida \u00fchetoimelisena (h\u00fcdraulilist s\u00fcsteemi kasutatakse ainult \u00fches suunas) v\u00f5i kahetoimelisena (h\u00fcdraulilist s\u00fcsteemi kasutatakse m\u00f5lemas suunas), et see vastaks erinevatele t\u00f6\u00f6tingimustele. M\u00f5ned mudelid on teleskoopilised, mis v\u00f5imaldab suuremat pikendamist ilma v\u00e4lism\u00f5\u00f5tmeid suurendamata, mist\u00f5ttu need sobivad piiratud ruumiga rakenduste jaoks.<\/p>\n<\/li>\n<li>\n<h3>Saab toota meie ettev\u00f5te<\/h3>\n<p>Meie tooted suudavad neid h\u00fcdrosilindreid ideaalselt asendada.<\/p>\n<\/li>\n<\/ul>\n<p><img loading=\"lazy\" decoding=\"async\" src=\"https:\/\/www.hydraulic-cylinders.net\/wp-content\/uploads\/2025\/01\/songte-cylinder-head-with-all-kinds-excavator-models.webp\" alt=\"Hengte ratasekskavaatori HTL90 kopa silinder\" width=\"600\" height=\"400\"><\/p>\n<h2>Rakendused<\/h2>\n<p>Hengte ratasekskavaatori HTL90 kopasilindrit kasutatakse erinevates rakendustes, sealhulgas:<\/p>\n<ul>\n<li>\n<h3>Ehitustehnika<\/h3>\n<p>See on oluline ekskavaatorite ja laadurlaadurite pinnase v\u00f5i prahi kaevamiseks, laadimiseks ja teisaldamiseks. Ekskavaatoritel aitab kopa silinder kaevamisel ja t\u00f5stmisel.<\/p>\n<\/li>\n<li>\n<h3>P\u00f5llumajandustehnika<\/h3>\n<p>Seda kasutatakse esilaadurites pinnase, heina ja muude materjalide kaevamiseks, t\u00f5stmiseks ja transportimiseks. Ekskavaatorites v\u00f5imaldab kopa silinder kaevamist, lastes kopal pinnasesse tungida.<\/p>\n<\/li>\n<li>\n<h3>Laadurid<\/h3>\n<p>Esilaadurites aitavad need lasti t\u00f5husalt t\u00f5sta ja maha laadida.<\/p>\n<\/li>\n<\/ul>\n<h2>Projekteerimiskaalutlused ja valikukriteeriumid<\/h2>\n<p>Hengte ratasekskavaatori HTL90 kopasilindri konstruktsioonil on arvesse v\u00f5etud selliseid olulisi tegureid nagu:<\/p>\n<ul>\n<li>\n<h3>Kandev\u00f5ime<\/h3>\n<p>Silinder peaks suutma kanda koorma raskust ja t\u00f6\u00f6 ajal tekkivat r\u00f5hku.<\/p>\n<\/li>\n<li>\n<h3>Tihendus ja vastupidavus<\/h3>\n<p>Silinder peab olema konstrueeritud kvaliteetsetest, vastupidavatest materjalidest ja kulumiskindlatest tihenditest ning silindri korpus ja keermeotsad peavad olema peenelt t\u00f6\u00f6deldud, et parandada kulumiskindlust.<\/p>\n<\/li>\n<li>\n<h3>Ohutus ja hooldus<\/h3>\n<p>Balloon peab olema konstrueeritud ohutusfunktsioonidega, n\u00e4iteks r\u00f5huvabastusventiilidega, ning regulaarse hoolduse ja kontrolliga, et tagada ohutu t\u00f6\u00f6 ja v\u00e4ltida ootamatuid rikkeid.<\/p>\n<\/li>\n<\/ul>\n<p><img loading=\"lazy\" decoding=\"async\" src=\"https:\/\/www.hydraulic-cylinders.net\/wp-content\/uploads\/2025\/01\/songte-oil-pipes-and-spare-parts.webp\" alt=\"Hengte ratasekskavaatori HTL90 kopa silinder\" width=\"600\" height=\"400\"><\/p>\n<h2>Tihendus ja m\u00e4\u00e4rimine<\/h2>\n<p>Silindri vastupidavuse tagavad mitmesuguste tihendite, n\u00e4iteks kolvitihendite, varrastihendite jms kasutamine, mis on valmistatud kulumiskindlatest materjalidest, nagu pol\u00fcuretaan, nitriilkummi ja muud kulumiskindlad materjalid. Silindri korpus ja keermeotsa pinnad on samuti peenelt t\u00f6\u00f6deldud, et parandada kulumiskindlust. Silindri j\u00f5udluse s\u00e4ilitamiseks on oluline ka regulaarselt lisada sobivat h\u00fcdraulika\u00f5li silindri m\u00e4\u00e4rimiseks.<\/p>\n<h2>Kontroll ja ennetav hooldus<\/h2>\n<p>Regulaarne kontroll ja ennetav hooldus on olulised ballooni t\u00f6\u00f6kindluse ja pikaealisuse tagamiseks. M\u00f5ned levinumad hooldust\u00f6\u00f6d h\u00f5lmavad n\u00f5uetekohast paigaldamist, m\u00e4\u00e4rimist, tihendite vahetamist ja kalibreerimise kontrolli. N\u00f5uetekohane joondamise juhis paigaldamise ajal, sobivate kinnitusklambrite kasutamine ballooni kinnitamiseks ning soovitatavad kontrolli-, remondi- ja vahetusprotseduurid aitavad k\u00f5ik kaasa ballooni pikaealisusele.<\/p>\n<p><img loading=\"lazy\" decoding=\"async\" src=\"https:\/\/www.hydraulic-cylinders.net\/wp-content\/uploads\/2025\/01\/songte-chushion-collar.webp\" alt=\"Hengte ratasekskavaatori HTL90 kopa silinder\" width=\"600\" height=\"400\"><\/p>\n<h2>Ohutuskaalutlused ja keskkonnategurid<\/h2>\n<p>Hengte ratasekskavaatori HTL90 kopasilindrit tuleb kasutada vastavalt ohutusn\u00f5uetele, et v\u00e4ltida \u00f5nnetusi, vigastusi v\u00f5i seadmete kahjustusi. Keskkonnategurid, nagu temperatuur, niiskus ja tolm, v\u00f5ivad samuti m\u00f5jutada silindri j\u00f5udlust ning nende tegurite p\u00f5hjustatud kahjustuste v\u00e4ltimiseks tuleks arvestada ohutusmeetmetega.<\/p>\n<h2>Rikete diagnoosimine ja t\u00f5rkeotsing<\/h2>\n<p>Hengte ratasekskavaatori HTL90 kopasilindri levinud probleemide hulka kuuluvad \u00f5lileke, klapi ummistus ja kulumisest tingitud j\u00f5udluse v\u00e4henemine. Nende probleemide t\u00f5rkeotsing n\u00f5uab silindri komponentide ja t\u00f6\u00f6p\u00f5him\u00f5tte p\u00f5hjalikku tundmist, samuti \u00f5igete diagnostikavahendite ja -tehnikate kasutamist. Regulaarne hooldus ja kontroll aitavad ka neid probleeme ennetada.<\/p>\n<p><img loading=\"lazy\" decoding=\"async\" src=\"https:\/\/www.hydraulic-cylinders.net\/wp-content\/uploads\/2025\/01\/songte-bushings-with-all-kinds-of-excavator-models.webp\" alt=\"Hengte ratasekskavaatori HTL90 kopa silinder\" width=\"600\" height=\"400\"><\/p>\n<h2>Meie ettev\u00f5ttest<\/h2>\n<p>Oleme h\u00fcdrauliliste silindrite tootja ning juhtiv h\u00fcdrauliliste silindrite tootja ja hulgim\u00fc\u00fcja nii sise- kui ka rahvusvahelisel turul. J\u00e4rgime suurep\u00e4rase kvaliteedi strateegiat, tuginedes peenelt meisterdatud tootmist\u00f6\u00f6kodade t\u00f6\u00f6stuslikule tootmisjuhtimisele, ning t\u00e4iustame pidevalt t\u00f6\u00f6koja tootmisplatvormi. Meil \u200b\u200bon tugev teadus- ja arendusv\u00f5imekus ning rahuldame klientide mitmekesiseid vajadusi suure t\u00f5hususega, suure t\u00e4psusega ja kvaliteetsete toodetega. <\/p>\n<p><img loading=\"lazy\" decoding=\"async\" src=\"https:\/\/hzpt.com\/wp-content\/uploads\/2024\/11\/songte-company-1.webp\" alt=\"Hengte ratasekskavaatori HTL90 kopa silinder\" width=\"600\" height=\"400\"><\/p>\n<h2>Lisateave ettev\u00f5tte kohta<\/h2>\n<ul>\n<li>\n<h3>Professionaalsus<\/h3>\n<p>Meie ettev\u00f5ttel on professionaalsete inseneride ja tehnikute meeskond, kellel on t\u00e4iustatud tehnilised seadmed ja t\u00e4iuslikud testimiss\u00fcsteemid, et pakkuda klientidele kvaliteetseid ja professionaalseid teenuseid.<\/p>\n<\/li>\n<li>\n<h3>Rahvusvaheline sertifitseerimine<\/h3>\n<p>Meie tooted on l\u00e4binud rahvusvahelised sertifikaadid nagu CE, ISO9001 ja SGS, mis tagab toodete kvaliteedi ja t\u00f6\u00f6kindluse.<\/p>\n<\/li>\n<li>\n<h3>Kohandamise teenused<\/h3>\n<p>Pakume klientide konkreetsete vajaduste rahuldamiseks kohandatud teenuseid, sealhulgas personaalseid balloonide spetsifikatsioone, logo disaini ja pakendeid.<\/p>\n<\/li>\n<li>\n<h3>Tootmisseadmed<\/h3>\n<p>Meie ettev\u00f5ttel on t\u00e4iustatud tootmisseadmed, n\u00e4iteks CNC-t\u00f6\u00f6tluskeskused, automaatsed keevitusmasinad ja automaatsed v\u00e4rvimisliinid.<\/p>\n<\/li>\n<li>\n<h3>M\u00fc\u00fcgij\u00e4rgne teenindus<\/h3>\n<p>Meie ettev\u00f5te pakub klientidele igak\u00fclgset m\u00fc\u00fcgij\u00e4rgset teenindust, mis h\u00f5lmab tehnilist tuge, toodete remonti ja asendamist ning klientide tagasiside j\u00e4lgimist.<\/p>\n<\/li>\n<\/ul>\n<p>Autor: lyl<\/p>","protected":false},"excerpt":{"rendered":"<p>Bucket Cylinder For Hengte Wheel Excavator HTL90 Introduction The Bucket Cylinder for Hengte Wheel Excavator HTL90 is a type of hydraulic cylinder specifically designed to control the movement of the bucket in heavy-duty machinery such as excavators, backhoes, and front-end loaders. Its main function is to enable the bucket to lift, lower, and tilt, making [&hellip;]<\/p>","protected":false},"featured_media":14785,"comment_status":"open","ping_status":"closed","template":"","meta":{"_et_pb_use_builder":"","_et_pb_old_content":"","_et_gb_content_width":""},"product_brand":[],"product_cat":[1494],"product_tag":[1495,1496],"class_list":{"0":"post-15990","1":"product","2":"type-product","3":"status-publish","4":"has-post-thumbnail","6":"product_cat-bucket-cylinders","7":"product_tag-bucket-cylinders","8":"product_tag-hydraulic-cylinders","10":"first","11":"instock","12":"shipping-taxable","13":"product-type-simple"},"amp_enabled":true,"_links":{"self":[{"href":"https:\/\/www.hydraulic-cylinders.net\/et\/wp-json\/wp\/v2\/product\/15990","targetHints":{"allow":["GET"]}}],"collection":[{"href":"https:\/\/www.hydraulic-cylinders.net\/et\/wp-json\/wp\/v2\/product"}],"about":[{"href":"https:\/\/www.hydraulic-cylinders.net\/et\/wp-json\/wp\/v2\/types\/product"}],"replies":[{"embeddable":true,"href":"https:\/\/www.hydraulic-cylinders.net\/et\/wp-json\/wp\/v2\/comments?post=15990"}],"wp:featuredmedia":[{"embeddable":true,"href":"https:\/\/www.hydraulic-cylinders.net\/et\/wp-json\/wp\/v2\/media\/14785"}],"wp:attachment":[{"href":"https:\/\/www.hydraulic-cylinders.net\/et\/wp-json\/wp\/v2\/media?parent=15990"}],"wp:term":[{"taxonomy":"product_brand","embeddable":true,"href":"https:\/\/www.hydraulic-cylinders.net\/et\/wp-json\/wp\/v2\/product_brand?post=15990"},{"taxonomy":"product_cat","embeddable":true,"href":"https:\/\/www.hydraulic-cylinders.net\/et\/wp-json\/wp\/v2\/product_cat?post=15990"},{"taxonomy":"product_tag","embeddable":true,"href":"https:\/\/www.hydraulic-cylinders.net\/et\/wp-json\/wp\/v2\/product_tag?post=15990"}],"curies":[{"name":"wp","href":"https:\/\/api.w.org\/{rel}","templated":true}]}}