{"id":15991,"date":"2025-01-19T15:15:39","date_gmt":"2025-01-19T15:15:39","guid":{"rendered":"https:\/\/www.hydraulic-cylinders.net\/product\/bucket-cylinder-for-hengte-wheel-excavator-htl106\/"},"modified":"2025-01-19T15:15:41","modified_gmt":"2025-01-19T15:15:41","slug":"bucket-cylinder-for-hengte-wheel-excavator-htl106","status":"publish","type":"product","link":"https:\/\/www.hydraulic-cylinders.net\/et\/toode\/bucket-cylinder-for-hengte-wheel-excavator-htl106\/","title":{"rendered":"Hengte ratasekskavaatori HTL106 kopa silinder"},"content":{"rendered":"<h1>Hengte ratasekskavaatori HTL106 kopa silinder<\/h1>\n<h2>Sissejuhatus<\/h2>\n<p>Kopa silinder on spetsiaalselt konstrueeritud h\u00fcdrauliline silinder, mida kasutatakse koppade liikumise juhtimiseks rasketes masinates, n\u00e4iteks ekskavaatorites, laadur-ekskavaatorites ja esilaadurites. Selle peamine \u00fclesanne on v\u00f5imaldada kopa t\u00f5stmist, langetamist ja kallutamist, h\u00f5lbustades erinevate materjalide k\u00e4itlemist. H\u00fcdraulilises s\u00fcsteemis saavutab kopa silinder kopa liikumise t\u00e4pse juhtimise h\u00fcdraulika\u00f5li r\u00f5humuutuste kaudu, v\u00f5imaldades operaatoril raskeid koormaid t\u00f5husalt k\u00e4sitseda, kohaneda keeruliste t\u00f6\u00f6keskkondade ja mitmekesiste t\u00f6\u00f6n\u00f5uetega.<\/p>\n<p><img decoding=\"async\" src=\"https:\/\/www.hydraulic-cylinders.net\/wp-content\/uploads\/2025\/01\/songte-company-2.webp\"><\/p>\n<h2>Omadused<\/h2>\n<ul>\n<li>Suur tugevus ja vastupidavus: Tavaliselt valmistatud \u00fclitugevast terasest v\u00f5i alumiiniumist, talub see k\u00f5rget r\u00f5hku ja suuri koormusi, kohaneb karmide t\u00f6\u00f6keskkondadega ning on konstrueeritud kulumiskindlust ja korrosioonikindlust silmas pidades, pikendades selle kasutusiga.<\/li>\n<li>T\u00f5hus h\u00fcdrauliline t\u00f6\u00f6: H\u00fcdraulika\u00f5li r\u00f5hu abil saavutatakse sujuv pikendamine ja tagasit\u00f5mbamine, mis v\u00f5imaldab kiiret reageerimist juhtimisk\u00e4sklustele ja v\u00f5imsaid t\u00f5uke- ja t\u00f5mbej\u00f5ude, mis sobivad raskete koormate ja keerukate t\u00f6\u00f6de k\u00e4sitsemiseks.<\/li>\n<li>Erinevad t\u00fc\u00fcbid: Vajadusel saab erinevate t\u00f6\u00f6tingimuste t\u00e4itmiseks valida \u00fchetoimelisi (h\u00fcdrauliliselt ainult \u00fches suunas) v\u00f5i kahetoimelisi (h\u00fcdrauliliselt m\u00f5lemas suunas) silindreid. M\u00f5ned mudelid on teleskoopilised, mis v\u00f5imaldavad suuremat laienemist ilma v\u00e4lism\u00f5\u00f5tmeid suurendamata, sobides ruumipiirangutega rakenduste jaoks.<\/li>\n<li>Vahetatav: Meie toode asendab neid h\u00fcdrosilindreid ideaalselt.<\/li>\n<\/ul>\n<p><img decoding=\"async\" src=\"https:\/\/www.hydraulic-cylinders.net\/wp-content\/uploads\/2025\/01\/songte-cylinder-head-with-all-kinds-excavator-models.webp\"><\/p>\n<h2>Rakendused<\/h2>\n<p>Kopasilindrid leiavad olulist kasutust erinevates t\u00f6\u00f6stusharudes, millest m\u00f5nda k\u00e4sitletakse allpool:<\/p>\n<h3>Ehitustehnika<\/h3>\n<p>Kopasilindrid m\u00e4ngivad ekskavaatorites olulist rolli pinnase v\u00f5i prahi kaevamisel, laadimisel ja teisaldamisel. Ekskavaatoritel aitavad kopasilindrid nii kaevamisel kui ka t\u00f5stmisel. Esilaaduritel aitavad need kaupu t\u00f5husalt t\u00f5sta ja kallutada.<\/p>\n<h3>P\u00f5llumajandustehnika<\/h3>\n<p>Esilaadurites kasutatavaid kopa silindreid kasutatakse mulla, heina ja muude materjalide k\u00fchveldamiseks, t\u00f5stmiseks ja transportimiseks.<\/p>\n<h3>Ekskavaatorid<\/h3>\n<p>Kopa silinder v\u00f5imaldab kopal pinnasesse tungida, v\u00f5imaldades kaevamistoiminguid.<\/p>\n<h3>Laadur<\/h3>\n<p>Esilaadurites aitavad need kaupu t\u00f5sta ja kallutada.<\/p>\n<p><img decoding=\"async\" src=\"https:\/\/www.hydraulic-cylinders.net\/wp-content\/uploads\/2025\/01\/songte-bushings-with-all-kinds-of-excavator-models.webp\"><\/p>\n<h2>Kujunduse kaalumine ja valik<\/h2>\n<ul>\n<li>Kandev\u00f5ime: Silinder peab vastu pidama k\u00e4ideldavate materjalide koormusele t\u00f6\u00f6 k\u00e4igus.<\/li>\n<li>Tihendus: H\u00fcdraulikavedeliku lekke v\u00e4ltimiseks kasutatakse mitmesuguseid tihenduskomponente, n\u00e4iteks kolvitihendeid, varrastihendeid jne.<\/li>\n<li>Vastupidavus: Silindril on eeldatavasti pikk kasutusiga ja see peab vastu karmidele t\u00f6\u00f6tingimustele.<\/li>\n<li>Ohutus: Operaatorite ja seadmete ohutuse tagamiseks on sisse ehitatud ohutusfunktsioonid, n\u00e4iteks r\u00f5hualandusventiilid, turvalukud jne.<\/li>\n<li>Hooldus: Silinder on konstrueeritud h\u00f5lpsaks hoolduseks ja remondiks.<\/li>\n<\/ul>\n<p><img decoding=\"async\" src=\"https:\/\/www.hydraulic-cylinders.net\/wp-content\/uploads\/2025\/01\/songte-oil-pipes-and-spare-parts.webp\"><\/p>\n<h2>Tihendus ja m\u00e4\u00e4rimine<\/h2>\n<p>Silindris kasutatakse mitmesuguseid tihenduskomponente, n\u00e4iteks kolvitihendeid, vardatihendeid jne. Tihenduskomponendid on valmistatud kulumiskindlatest materjalidest, n\u00e4iteks pol\u00fcuretaanist, nitriilkummist jne. Silindri korpus ja keermeotsa pind l\u00e4bivad peent\u00f6\u00f6tluse, et parandada kulumiskindlust. Sujuva t\u00f6\u00f6 tagamiseks on vajalik korralik ja regulaarne m\u00e4\u00e4rimine h\u00fcdraulika\u00f5liga.<\/p>\n<h2>Ennetav hooldus<\/h2>\n<p>Sujuva t\u00f6\u00f6 tagamiseks on h\u00e4davajalikud regulaarsed kontrollid ja ennetav hooldus. M\u00f5ned levinumad hooldust\u00f6\u00f6d on j\u00e4rgmised:<\/p>\n<ul>\n<li>Regulaarne kontroll<\/li>\n<li>\u00d5ige m\u00e4\u00e4rimine<\/li>\n<li>Tihendi vahetamine<\/li>\n<li>Kalibreerimiskontroll<\/li>\n<\/ul>\n<h2>Ohutuskaalutlused ja keskkonnategurid<\/h2>\n<p>Ballooni k\u00e4itamisel on oluline j\u00e4rgida ohutusmeetmeid. Keskkonnategurid, nagu temperatuur, niiskus jne, v\u00f5ivad ballooni j\u00f5udlust m\u00f5jutada.<\/p>\n<h2>Rikete diagnoosimine ja t\u00f5rkeotsing<\/h2>\n<p>Silindril v\u00f5ib esineda m\u00f5ningaid levinud probleeme, n\u00e4iteks \u00f5lileke, ebapiisav r\u00f5hk jne. Seisakute v\u00e4ltimiseks ja edasiste kahjustuste \u00e4rahoidmiseks on vaja korralikku diagnoosimist ja t\u00f5rkeotsingut.<\/p>\n<h2>Ettev\u00f5tte tutvustus<\/h2>\n<p>Oleme h\u00fcdrauliliste silindrite tootja, mis suudavad asendada originaalsilindreid. Meie ettev\u00f5ttel on t\u00e4ielik tootevalik ja oleme saanud \u00fcheks juhtivaks h\u00fcdrauliliste silindrite tootjaks ja hulgim\u00fc\u00fcjaks nii sise- kui ka v\u00e4listurul. J\u00e4rgime suurep\u00e4rase kvaliteedi p\u00f5him\u00f5tet, tuginedes t\u00e4ppist\u00f6\u00f6tlemist\u00f6\u00f6koja t\u00f6\u00f6stusliku tootmise juhtimise strateegiale. Meie ettev\u00f5te t\u00e4iustab pidevalt t\u00f6\u00f6koja tootmisplatvormi, t\u00e4iustab toote tootmiskvaliteedi teed ja omab tugevat loomingulist v\u00f5imekust. Vastame klientide mitmekesistele vajadustele k\u00f5rge efektiivsuse, suure t\u00e4psuse ja k\u00f5rgete kvaliteedip\u00f5him\u00f5tetega.<\/p>\n<p><img decoding=\"async\" src=\"https:\/\/hzpt.com\/wp-content\/uploads\/2024\/11\/songte-company-1.webp\"><\/p>\n<h3>Professionaalsus<\/h3>\n<p>Meie ettev\u00f5ttel on professionaalne tehniline personal, t\u00e4iustatud digitaalsed tipptasemel tootmisseadmed ja professionaalsete kontrolls\u00fcsteemide rakendamine. Meil \u200b\u200bon professionaalide meeskond, kellel on ulatuslikud teadmised h\u00fcdrauliliste silindrite kohta ja kes pakub klientidele suurep\u00e4raseid teenuseid.<\/p>\n<h3>Rahvusvaheline sertifitseerimine<\/h3>\n<p>Meie tooted on sertifitseeritud rahvusvaheliste sertifitseerimisasutuste, n\u00e4iteks ISO9001, SGS ja CE, poolt, mis tagab kvaliteedi ja usaldusv\u00e4\u00e4rsuse.<\/p>\n<h3>Kohandamise teenused<\/h3>\n<p>Pakume kohandatud teenuseid, et rahuldada oma klientide erivajadusi.<\/p>\n<h3>Tootmisseadmed<\/h3>\n<p>Meie ettev\u00f5ttel on kaasaegsed tootmisseadmed, nagu CNC-treipingid, lihvimismasinad ja freespingid, mis tagavad toodete k\u00f5rge t\u00e4psuse ja kvaliteedi.<\/p>\n<h3>M\u00fc\u00fcgij\u00e4rgne teenindus<\/h3>\n<p>Pakume igak\u00fclgset m\u00fc\u00fcgij\u00e4rgset teenindust, nagu hooldus, remont ja varuosade vahetus, tagades, et meie kliendid saavad meie toodetest maksimaalse v\u00e4\u00e4rtuse.<\/p>\n<h2>Autor: lyl<\/h2>","protected":false},"excerpt":{"rendered":"<p>Bucket Cylinder For Hengte Wheel Excavator HTL106 Introduction A bucket cylinder is a specially designed hydraulic cylinder used to control the movement of buckets in heavy machinery such as excavators, backhoe excavators, and front-end loaders. Its main function is to enable the bucket to lift, lower, and tilt, facilitating the handling of various materials. In [&hellip;]<\/p>","protected":false},"featured_media":14784,"comment_status":"open","ping_status":"closed","template":"","meta":{"_et_pb_use_builder":"","_et_pb_old_content":"","_et_gb_content_width":""},"product_brand":[],"product_cat":[1494],"product_tag":[1495,1496],"class_list":{"0":"post-15991","1":"product","2":"type-product","3":"status-publish","4":"has-post-thumbnail","6":"product_cat-bucket-cylinders","7":"product_tag-bucket-cylinders","8":"product_tag-hydraulic-cylinders","10":"first","11":"instock","12":"shipping-taxable","13":"product-type-simple"},"amp_enabled":true,"_links":{"self":[{"href":"https:\/\/www.hydraulic-cylinders.net\/et\/wp-json\/wp\/v2\/product\/15991","targetHints":{"allow":["GET"]}}],"collection":[{"href":"https:\/\/www.hydraulic-cylinders.net\/et\/wp-json\/wp\/v2\/product"}],"about":[{"href":"https:\/\/www.hydraulic-cylinders.net\/et\/wp-json\/wp\/v2\/types\/product"}],"replies":[{"embeddable":true,"href":"https:\/\/www.hydraulic-cylinders.net\/et\/wp-json\/wp\/v2\/comments?post=15991"}],"wp:featuredmedia":[{"embeddable":true,"href":"https:\/\/www.hydraulic-cylinders.net\/et\/wp-json\/wp\/v2\/media\/14784"}],"wp:attachment":[{"href":"https:\/\/www.hydraulic-cylinders.net\/et\/wp-json\/wp\/v2\/media?parent=15991"}],"wp:term":[{"taxonomy":"product_brand","embeddable":true,"href":"https:\/\/www.hydraulic-cylinders.net\/et\/wp-json\/wp\/v2\/product_brand?post=15991"},{"taxonomy":"product_cat","embeddable":true,"href":"https:\/\/www.hydraulic-cylinders.net\/et\/wp-json\/wp\/v2\/product_cat?post=15991"},{"taxonomy":"product_tag","embeddable":true,"href":"https:\/\/www.hydraulic-cylinders.net\/et\/wp-json\/wp\/v2\/product_tag?post=15991"}],"curies":[{"name":"wp","href":"https:\/\/api.w.org\/{rel}","templated":true}]}}