{"id":15995,"date":"2025-01-19T15:16:04","date_gmt":"2025-01-19T15:16:04","guid":{"rendered":"https:\/\/www.hydraulic-cylinders.net\/product\/bucket-cylinder-for-yigong-cy8150\/"},"modified":"2025-01-19T15:16:06","modified_gmt":"2025-01-19T15:16:06","slug":"bucket-cylinder-for-yigong-cy8150","status":"publish","type":"product","link":"https:\/\/www.hydraulic-cylinders.net\/et\/toode\/bucket-cylinder-for-yigong-cy8150\/","title":{"rendered":"Kopa silinder Yigong CY8150 jaoks"},"content":{"rendered":"<h1>Kopa silinder Yigong CY8150 jaoks<\/h1>\n<h2>Sissejuhatus<\/h2>\n<p>Kopa silinder on spetsiaalselt loodud h\u00fcdrauliline silinder, mida kasutatakse peamiselt raskete masinate, n\u00e4iteks ekskavaatorite, laadur-ekskavaatori ja esilaaduri koppade liikumise juhtimiseks. Selle peamine \u00fclesanne on v\u00f5imaldada kopa t\u00f5stmist, langetamist ja kallutamist, muutes mitmesuguste materjalik\u00e4itlust\u00f6\u00f6de tegemise lihtsamaks. H\u00fcdraulilises s\u00fcsteemis saavutab kopa silinder kopa t\u00e4pse juhtimise h\u00fcdraulika\u00f5li r\u00f5hu muutuste abil, v\u00f5imaldades operaatoritel raskeid koormaid t\u00f5husalt k\u00e4sitseda ning kohaneda keerukate t\u00f6\u00f6keskkondade ja mitmekesiste t\u00f6\u00f6n\u00f5uetega.<\/p>\n<p><img decoding=\"async\" src=\"https:\/\/www.hydraulic-cylinders.net\/wp-content\/uploads\/2025\/01\/songte-company-2.webp\"\/><\/p>\n<h2>Omadused<\/h2>\n<ul>\n<li>Suur tugevus ja vastupidavus: tavaliselt valmistatud \u00fclitugevast terasest v\u00f5i alumiiniumist, talub k\u00f5rget r\u00f5hku ja suuri koormusi, kohandub karmide t\u00f6\u00f6keskkondadega, on konstrueeritud kulumiskindlust ja korrosioonikindlust silmas pidades, pikendades kasutusiga.<\/li>\n<li>T\u00f5hus h\u00fcdrauliline t\u00f6\u00f6: sujuvad pikendus- ja kokkut\u00f5mbumisliigutused saavutatakse h\u00fcdraulika\u00f5li r\u00f5hu abil, mis reageerib kiiresti juhtimisk\u00e4sklustele, pakkudes v\u00f5imsaid t\u00f5uke- ja t\u00f5mbej\u00f5ude, mis sobivad raskete koormate ja keerukate t\u00f6\u00f6de k\u00e4sitsemiseks.<\/li>\n<li>Erinevat t\u00fc\u00fcpi: \u00fchetoimelisi (h\u00fcdrauliliselt ainult \u00fches suunas) v\u00f5i kahetoimelisi (h\u00fcdrauliliselt m\u00f5lemas suunas) silindreid saab valida vastavalt t\u00f6\u00f6vajadustele. M\u00f5ned mudelid on teleskoopilised, v\u00f5imaldades suuremat pikendamist ilma v\u00e4lism\u00f5\u00f5tmeid suurendamata, sobides piiratud ruumiga rakenduste jaoks.<\/li>\n<li>Lihtne toota: meie ettev\u00f5te suudab seda toodet ideaalselt toota ja need h\u00fcdrosilindrid v\u00e4lja vahetada.<\/li>\n<\/ul>\n<p><img decoding=\"async\" src=\"https:\/\/www.hydraulic-cylinders.net\/wp-content\/uploads\/2025\/01\/songte-cylinder-head-with-all-kinds-excavator-models.webp\"\/><\/p>\n<h2>Rakendused<\/h2>\n<p>Kopasilindrit kasutatakse laialdaselt erinevates seadmetes, sealhulgas:<\/p>\n<ul>\n<li>Ehitustehnika: ekskavaatorites on need \u00fcliolulised kaevamisel, laadimisel ja pinnase v\u00f5i prahi teisaldamisel. Ekskavaator-laadurites aitavad kopasilindrid nii kaevamisel kui ka t\u00f5stmisel. <\/li>\n<li>P\u00f5llumajandusmasinad: Kasutatakse esilaadurites mulla, heina ja muude materjalide k\u00fchveldamiseks, t\u00f5stmiseks ja transportimiseks. <\/li>\n<li>Ekskavaatorid: Kopasilindrid v\u00f5imaldavad kaevamist, lastes kopal pinnasesse tungida.<\/li>\n<li>Esilaadurid: Esilaadurites aitavad need lasti t\u00f5husalt t\u00f5sta ja kallutada.<\/li>\n<\/ul>\n<p>K\u00f5ik need rakendused saavad kopasilindrite kasutamisest suurt kasu, v\u00f5imaldades raskete koormate t\u00f5husat ja t\u00e4pset juhtimist.<\/p>\n<h2>Projekteerimis- ja valikukriteeriumid<\/h2>\n<p>Silindrite projekteerimisel v\u00f5etakse arvesse mitmeid tegureid, sealhulgas:<\/p>\n<ul>\n<li>Kandev\u00f5ime: silinder peab suutma kanda kantava koorma raskust.<\/li>\n<li>Tihendus: \u00f5lilekke v\u00e4ltimiseks ja silindri sujuva ja t\u00f5husa t\u00f6\u00f6 tagamiseks kasutatakse mitmesuguseid tihendeid.<\/li>\n<li>Vastupidavus: silinder peab taluma karme t\u00f6\u00f6tingimusi ja olema pika kasutuseaga.<\/li>\n<li>Ohutus: ballooni konstruktsioon peab tagama ohutu t\u00f6\u00f6 ja minimeerima \u00f5nnetuste ohtu.<\/li>\n<li>Hooldus: silindri konstruktsioon peaks v\u00f5imaldama lihtsat ja kiiret hooldust ja remonti.<\/li>\n<\/ul>\n<p>Materjalide ja komponentide valik peab samuti vastama neile standarditele ning optimaalse j\u00f5udluse tagamiseks ja kasutusea pikendamiseks on vajalik regulaarne hooldus ja kontroll.<\/p>\n<p><img decoding=\"async\" src=\"https:\/\/www.hydraulic-cylinders.net\/wp-content\/uploads\/2025\/01\/songte-oil-pipes-and-spare-parts.webp\"\/><\/p>\n<h2>Tihendus ja m\u00e4\u00e4rimine<\/h2>\n<p>\u00d5lilekke v\u00e4ltimiseks ja sujuva t\u00f6\u00f6 tagamiseks kasutatakse mitmesuguseid tihenduskomponente, n\u00e4iteks kolvitihendeid ja varrastihendeid. Need tihendid on valmistatud kulumiskindlatest materjalidest, nagu pol\u00fcuretaan ja nitriilkummi. Silindri korpus ja keermeotsa pind on peenelt t\u00f6\u00f6deldud, et parandada kulumiskindlust. M\u00e4\u00e4rimiseks on vaja regulaarselt lisada sobivat h\u00fcdraulika\u00f5li.<\/p>\n<h2>Hooldus ja remont<\/h2>\n<p>Optimaalse j\u00f5udluse tagamiseks ja kasutusea pikendamiseks on vaja regulaarset hooldust ja \u00fclevaatust. Levinumad hooldust\u00f6\u00f6d h\u00f5lmavad j\u00e4rgmist:<\/p>\n<ul>\n<li>Regulaarne kontroll<\/li>\n<li>Sobiv m\u00e4\u00e4rimine<\/li>\n<li>Tihendi vahetamine<\/li>\n<li>Kalibreerimiskontroll<\/li>\n<\/ul>\n<p>Silindri korrektse ja ohutu t\u00f6\u00f6 tagamiseks on oluline ka \u00f5ige paigaldamine. Paigaldamise ajal tuleks anda \u00f5iged joondamisjuhised ning silindri kinnitamiseks saab kasutada sobivaid kinnitusklambreid. Esitatakse soovituslikud kontrolli-, remondi- ja asendusprotseduurid ning kasutusea pikendamiseks on saadaval taastamisteenused.<\/p>\n<p><img decoding=\"async\" src=\"https:\/\/www.hydraulic-cylinders.net\/wp-content\/uploads\/2025\/01\/songte-chushion-collar.webp\"\/><\/p>\n<h2>Ohutuskaalutlused ja keskkonnategurid<\/h2>\n<p>Kopasilindrite kasutamisel on ohutusmeetmed \u00f5nnetuste ohu minimeerimiseks kriitilise t\u00e4htsusega. N\u00f5uetekohane kasutamine ja hooldus aitavad v\u00e4hendada ka keskkonnam\u00f5ju ja suurendada t\u00f5husust.<\/p>\n<h2>Veaotsing ja levinud probleemid<\/h2>\n<p>Kopasilindrite kasutamisel tekkida v\u00f5ivad levinud probleemid on \u00f5lileke, valesti t\u00f6\u00f6tavad tihendid ja eba\u00f5ige t\u00f6\u00f6tamine. Veaotsingu n\u00e4pun\u00e4ited ja lahendused aitavad neid probleeme diagnoosida ja lahendada, samas kui ennetavad meetmed v\u00f5ivad v\u00e4hendada probleemide tekkimise t\u00f5en\u00e4osust.<\/p>\n<p><img decoding=\"async\" src=\"https:\/\/www.hydraulic-cylinders.net\/wp-content\/uploads\/2025\/01\/songte-bushings-with-all-kinds-of-excavator-models.webp\"\/><\/p>\n<h2>Meie ettev\u00f5ttest<\/h2>\n<p>Meie ettev\u00f5te on traditsioonilisi h\u00fcdrosilindreid asendavate h\u00fcdrauliliste silindrite tootja. Pakume t\u00e4ielikku tootevalikut ja oleme saanud \u00fcheks juhtivaks h\u00fcdrosilindrite tootjaks ja hulgim\u00fc\u00fcjaks nii sise- kui ka rahvusvahelisel turul. Peame kinni suurep\u00e4rase kvaliteedi p\u00f5him\u00f5ttest, tugineme peenelt kujundatud t\u00f6\u00f6kodades industrialiseeritud tootmisjuhtimise strateegiatele ning t\u00e4iustame pidevalt t\u00f6\u00f6koja tootmisplatvormi, t\u00e4iustame tootekvaliteedi tootmisliini ja meil on tugev v\u00f5ime luua klientide mitmekesiseid vajadusi rahuldavaid suure t\u00f5hususega, suure t\u00e4psusega ja kvaliteetseid tooteid.<\/p>\n<p>Pakume professionaalseid, rahvusvaheliselt sertifitseeritud ja kohandatud teenuseid, kasutame t\u00e4iustatud tootmisseadmeid ja pakume suurep\u00e4rast m\u00fc\u00fcgij\u00e4rgset teenindust. Oleme p\u00fchendunud kvaliteetsete toodete ja teenuste pakkumisele oma klientidele.<\/p>\n<p><img decoding=\"async\" src=\"https:\/\/www.hydraulic-cylinders.net\/wp-content\/uploads\/2025\/01\/songte-company-3.webp\"\/><\/p>\n<p>Autor: lyl<\/p>","protected":false},"excerpt":{"rendered":"<p>Bucket Cylinder For Yigong CY8150 Introduction The bucket cylinder is a specially designed hydraulic cylinder that is mainly used to control the movement of buckets in heavy machinery, such as excavators, backhoe loaders, and front-end loaders. Its main function is to enable the bucket to lift, lower, and tilt, making it easier to handle various [&hellip;]<\/p>","protected":false},"featured_media":14776,"comment_status":"open","ping_status":"closed","template":"","meta":{"_et_pb_use_builder":"","_et_pb_old_content":"","_et_gb_content_width":""},"product_brand":[],"product_cat":[1494],"product_tag":[1495,1496],"class_list":{"0":"post-15995","1":"product","2":"type-product","3":"status-publish","4":"has-post-thumbnail","6":"product_cat-bucket-cylinders","7":"product_tag-bucket-cylinders","8":"product_tag-hydraulic-cylinders","10":"first","11":"instock","12":"shipping-taxable","13":"product-type-simple"},"amp_enabled":true,"_links":{"self":[{"href":"https:\/\/www.hydraulic-cylinders.net\/et\/wp-json\/wp\/v2\/product\/15995","targetHints":{"allow":["GET"]}}],"collection":[{"href":"https:\/\/www.hydraulic-cylinders.net\/et\/wp-json\/wp\/v2\/product"}],"about":[{"href":"https:\/\/www.hydraulic-cylinders.net\/et\/wp-json\/wp\/v2\/types\/product"}],"replies":[{"embeddable":true,"href":"https:\/\/www.hydraulic-cylinders.net\/et\/wp-json\/wp\/v2\/comments?post=15995"}],"wp:featuredmedia":[{"embeddable":true,"href":"https:\/\/www.hydraulic-cylinders.net\/et\/wp-json\/wp\/v2\/media\/14776"}],"wp:attachment":[{"href":"https:\/\/www.hydraulic-cylinders.net\/et\/wp-json\/wp\/v2\/media?parent=15995"}],"wp:term":[{"taxonomy":"product_brand","embeddable":true,"href":"https:\/\/www.hydraulic-cylinders.net\/et\/wp-json\/wp\/v2\/product_brand?post=15995"},{"taxonomy":"product_cat","embeddable":true,"href":"https:\/\/www.hydraulic-cylinders.net\/et\/wp-json\/wp\/v2\/product_cat?post=15995"},{"taxonomy":"product_tag","embeddable":true,"href":"https:\/\/www.hydraulic-cylinders.net\/et\/wp-json\/wp\/v2\/product_tag?post=15995"}],"curies":[{"name":"wp","href":"https:\/\/api.w.org\/{rel}","templated":true}]}}