{"id":16007,"date":"2025-01-19T15:16:58","date_gmt":"2025-01-19T15:16:58","guid":{"rendered":"https:\/\/www.hydraulic-cylinders.net\/product\/bucket-cylinder-for-xiniu-xnx8\/"},"modified":"2025-01-19T15:17:00","modified_gmt":"2025-01-19T15:17:00","slug":"bucket-cylinder-for-xiniu-xnx8","status":"publish","type":"product","link":"https:\/\/www.hydraulic-cylinders.net\/et\/toode\/bucket-cylinder-for-xiniu-xnx8\/","title":{"rendered":"Kopa silinder Xiniu XNX8 jaoks"},"content":{"rendered":"<h1>Kopa silinder Xiniu XNX8 jaoks<\/h1>\n<h2>Toote m\u00e4\u00e4ratlus<\/h2>\n<p>Xiniu XNX8 kopa silinder on spetsiaalselt loodud h\u00fcdrauliline silinder, mida kasutatakse peamiselt kopa liikumise juhtimiseks rasketes masinates, n\u00e4iteks ekskavaatorites, laadur-ekskavaatorites ja esilaadurites. Selle peamine \u00fclesanne on v\u00f5imaldada kopa t\u00f5stmist, langetamist ja kallutamist, muutes selle lihtsamaks mitmesuguste materjalik\u00e4itlust\u00f6\u00f6de jaoks. H\u00fcdraulilistes s\u00fcsteemides saavutab kopa silinder kopa t\u00e4pse juhtimise, kasutades \u00e4ra h\u00fcdraulika\u00f5li r\u00f5hu muutusi, v\u00f5imaldades operaatoritel t\u00f5husalt k\u00e4sitseda raskeid koormaid ning kohaneda keerukate t\u00f6\u00f6keskkondade ja mitmekesiste t\u00f6\u00f6n\u00f5uetega.<\/p>\n<p><img decoding=\"async\" src=\"https:\/\/www.hydraulic-cylinders.net\/wp-content\/uploads\/2025\/01\/songte-company-2.webp\" alt=\"\u00c4mbri silindri pilt\"><\/p>\n<h2>Toote omadused<\/h2>\n<ul>\n<li><strong>Suur tugevus ja vastupidavus:<\/strong> Tavaliselt \u00fclitugevast terasest v\u00f5i alumiiniumist valmistatud kopa silinder talub k\u00f5rget r\u00f5hku ja suuri koormusi, kohandudes karmide t\u00f6\u00f6tingimustega. Selle disain v\u00f5tab arvesse kulumiskindlust ja korrosioonikindlust, pikendades selle eluiga.<\/li>\n<li><strong>T\u00f5hus h\u00fcdrauliline t\u00f6\u00f6:<\/strong> H\u00fcdraulilise \u00f5lir\u00f5hu abil v\u00f5imaldab kopa silinder sujuvat pikendamist ja tagasit\u00f5mbamist, mis v\u00f5imaldab kiiret reageerimist juhtimisk\u00e4sklustele ning v\u00f5imsat t\u00f5uke- ja t\u00f5mbej\u00f5udu, mis sobib raskete koormate ja keerukate t\u00f6\u00f6\u00fclesannete k\u00e4sitsemiseks.<\/li>\n<li><strong>Erinevad t\u00fc\u00fcbid:<\/strong> Kopasilindri saab valida \u00fchetoimelise (h\u00fcdraulilist r\u00f5hku kasutatakse ainult \u00fches suunas) v\u00f5i kahetoimelise (h\u00fcdraulilist r\u00f5hku kasutatakse m\u00f5lemas suunas) silindrina, olenevalt t\u00f6\u00f6n\u00f5uetest. M\u00f5ned mudelid on teleskoopilised, mis v\u00f5imaldab suuremat ulatust ilma v\u00e4lism\u00f5\u00f5tmeid suurendamata, mist\u00f5ttu need sobivad ideaalselt piiratud ruumiga rakenduste jaoks.<\/li>\n<\/ul>\n<p><img decoding=\"async\" src=\"https:\/\/www.hydraulic-cylinders.net\/wp-content\/uploads\/2025\/01\/songte-cylinder-head-with-all-kinds-excavator-models.webp\" alt=\"Kopasilindri rakenduse pilt\"><\/p>\n<h2>Rakendused<\/h2>\n<ul>\n<li><strong>Ehitustehnika:<\/strong> Ekskavaatorites leiduvad silindrid on olulised kaevamisel, laadimisel ja pinnase v\u00f5i prahi teisaldamisel. Ekskavaator-laadurites aitab kopa silinder nii kaevamisel kui ka t\u00f5stmisel.<\/li>\n<li><strong>P\u00f5llumajandusmasinad:<\/strong> Esilaadurites kasutatavad abivahendid mulla, heina ja muude materjalide k\u00fchveldamisel, t\u00f5stmisel ja transportimisel.<\/li>\n<li><strong>Ekskavaatorid:<\/strong> Kopa silinder v\u00f5imaldab kaevamist, lastes kopal pinnasesse tungida.<\/li>\n<li><strong>Laadurid:<\/strong> Frontaallaadurites aitavad need kaupu t\u00f5husalt t\u00f5sta ja maha laadida.<\/li>\n<\/ul>\n<h2>Projekteerimiskaalutlused ja valikukriteeriumid<\/h2>\n<p>Silindriploki konstruktsiooni ja valikukriteeriumide osas tuleb arvesse v\u00f5tta mitmeid olulisi tegureid:<\/p>\n<ul>\n<li><strong>Kandev\u00f5ime:<\/strong> Kopa silinder peaks olema konstrueeritud nii, et see suudaks oodatavaid koormusi t\u00f5husalt ja ohutult k\u00e4sitseda.<\/li>\n<li><strong>Tihendus:<\/strong> N\u00f5uetekohase tihenduse tagamiseks ja lekke minimeerimiseks tuleks kasutada mitmesuguseid tihenduskomponente, n\u00e4iteks kolvitihendeid ja varrastihendeid.<\/li>\n<li><strong>Vastupidavus:<\/strong> Kopa silinder tuleks konstrueerida materjalide ja ehitustehnikatega, mis suurendavad selle vastupidavust, v\u00f5imaldades sellel vastu pidada n\u00f5udlikele t\u00f6\u00f6keskkondadele.<\/li>\n<li><strong>Ohutus:<\/strong> Projekteerimisse tuleks lisada ohutusfunktsioonid, et kaitsta operaatoreid ja v\u00e4ltida \u00f5nnetusi.<\/li>\n<li><strong>Hooldatavus:<\/strong> Arvesse tuleks v\u00f5tta hoolduse lihtsust, sealhulgas komponentide ligip\u00e4\u00e4setavust kontrollimiseks, parandamiseks ja vahetamiseks.<\/li>\n<\/ul>\n<p><img decoding=\"async\" src=\"https:\/\/www.hydraulic-cylinders.net\/wp-content\/uploads\/2025\/01\/songte-oil-pipes-and-spare-parts.webp\" alt=\"Kopa silindri tihendamise ja m\u00e4\u00e4rimise pilt\"><\/p>\n<h2>Tihendus ja m\u00e4\u00e4rimine<\/h2>\n<p>Kopasilindris kasutatakse mitmesuguseid tihenduskomponente, n\u00e4iteks kolvitihendeid ja vardatihendeid, mis on valmistatud kulumiskindlatest materjalidest, nagu pol\u00fcuretaan ja nitriilkummi. Silindri korpus ja keermestatud otsad on kulumiskindluse parandamiseks peenelt t\u00f6\u00f6deldud. Sujuva t\u00f6\u00f6 ja liikuvate osade m\u00e4\u00e4rimise tagamiseks on vajalik regulaarne m\u00e4\u00e4rimine sobiva koguse h\u00fcdraulika\u00f5liga.<\/p>\n<h2>Regulaarne kontroll ja ennetav hooldus<\/h2>\n<ul>\n<li>Kontrollige regulaarselt kopasilindrit kulumise, lekete v\u00f5i kahjustuste suhtes.<\/li>\n<li>Tagage k\u00f5igi liikuvate osade n\u00f5uetekohane m\u00e4\u00e4rimine.<\/li>\n<li>Optimaalse j\u00f5udluse s\u00e4ilitamiseks vahetage regulaarselt tihendeid ja hermeetikuid.<\/li>\n<\/ul>\n<h2>Toote n\u00f5uetekohane paigaldamine<\/h2>\n<p>Kopasilindri \u00f5ige paigaldamine on selle t\u00f5husa t\u00f6\u00f6 tagamiseks \u00fclioluline. J\u00e4rgige neid juhiseid:<\/p>\n<ul>\n<li>Paigaldamise ajal veenduge silindri \u00f5iges asendis.<\/li>\n<li>Kasutage silindri kinnitamiseks sobivaid kinnitusklambreid.<\/li>\n<\/ul>\n<p><img decoding=\"async\" src=\"https:\/\/www.hydraulic-cylinders.net\/wp-content\/uploads\/2025\/01\/songte-chushion-collar.webp\" alt=\"\u00c4mbrisilindri paigalduspilt\"><\/p>\n<h2>Levinumad hooldust\u00f6\u00f6d<\/h2>\n<ul>\n<li>Regulaarne kontroll<\/li>\n<li>\u00d5ige m\u00e4\u00e4rimine<\/li>\n<li>Tihendi vahetamine<\/li>\n<li>Kalibreerimiskontrollid<\/li>\n<\/ul>\n<p>Oluline on r\u00f5hutada \u00f5ige paigaldamise, m\u00e4\u00e4rimise ja reguleerimise olulisust. Andke juhiseid silindri \u00f5igeks joondamiseks paigaldamise ajal ja soovitage silindri kinnitamiseks sobivate paigaldusklambrite kasutamist. Pakkuge soovituslikke kontrolli-, remondi- ja vahetusprotseduure ning n\u00e4pun\u00e4iteid kopasilindri eluea pikendamiseks.<\/p>\n<p><img decoding=\"async\" src=\"https:\/\/www.hydraulic-cylinders.net\/wp-content\/uploads\/2025\/01\/songte-bushings-with-all-kinds-of-excavator-models.webp\" alt=\"\u00c4mbrisilindri t\u00f5rkeotsingu pilt\"><\/p>\n<h2>Ohutuskaalutlused ja keskkonnategurid<\/h2>\n<p>Kopasilindriga t\u00f6\u00f6tamisel on \u00f5nnetuste v\u00e4ltimiseks ja operaatori heaolu tagamiseks \u00e4\u00e4rmiselt olulised ohutusmeetmed. Arvestage j\u00e4rgmisega:<\/p>\n<ul>\n<li>Masinate k\u00e4sitsemisel j\u00e4rgige n\u00f5uetekohaseid ohutusprotokolle.<\/li>\n<li>Kasutage vastavalt vajadusele isikukaitsevahendeid.<\/li>\n<\/ul>\n<h2>Veaotsing ja levinud probleemid<\/h2>\n<p>Kopasilindriga seotud levinud probleemide hulka kuuluvad leke, reageerimatus ja ebanormaalne m\u00fcra. Pakkuge t\u00f5rkeotsingu n\u00e4pun\u00e4iteid ja lahendusi, mis aitavad lugejatel probleeme t\u00f5husalt diagnoosida ja lahendada. Samuti pakkuge v\u00e4lja ennetavaid meetmeid v\u00f5imalike probleemide minimeerimiseks.<\/p>\n<p><img decoding=\"async\" src=\"https:\/\/www.hydraulic-cylinders.net\/wp-content\/uploads\/2025\/01\/songte-company-1.webp\" alt=\"\u00c4mbrisilindri ettev\u00f5tte pilt\"><\/p>\n<h2>Meie ettev\u00f5ttest<\/h2>\n<p>Oleme tootja, mis on spetsialiseerunud asendush\u00fcdrauliliste silindrite tootmisele. Laia tootevalikuga oleme saanud \u00fcheks juhtivaks h\u00fcdrosilindrite tootjaks ja hulgim\u00fc\u00fcjaks nii sise- kui ka rahvusvahelisel turul. Meie ettev\u00f5te j\u00e4rgib tipptaseme p\u00f5him\u00f5tteid ja tugineb oma peenelt varustatud tootmist\u00f6\u00f6kojas t\u00f6\u00f6stusliku tootmise juhtimise strateegiatele. T\u00e4iustame pidevalt oma tootmisplatvormi, t\u00e4iustame oma tootekvaliteedi tootmismarsruute ja omame tugevaid uuenduslikke v\u00f5imeid. Meie juhtp\u00f5him\u00f5teteks on k\u00f5rge efektiivsus, t\u00e4psus ja kvaliteet, mille eesm\u00e4rk on rahuldada oma klientide mitmekesiseid vajadusi.<\/p>\n<p><img decoding=\"async\" src=\"https:\/\/www.hydraulic-cylinders.net\/wp-content\/uploads\/2025\/01\/songte-company-3.webp\" alt=\"\u00c4mbrisilindri ettev\u00f5tte pilt\"><\/p>\n<h2>Ettev\u00f5tte \u00fclevaade<\/h2>\n<ul>\n<li>Professionaalsus<\/li>\n<li>Rahvusvahelised sertifikaadid<\/li>\n<li>Kohandamise teenused<\/li>\n<li>T\u00e4iustatud tootmisseadmed<\/li>\n<li>M\u00fc\u00fcgij\u00e4rgne teenindus<\/li>\n<\/ul>\n<p>Pea meeles, et artikkel tuleb loogiliselt \u00fcles ehitada, kasuta navigeerimise h\u00f5lbustamiseks alapealkirju, lisa arusaadavuse parandamiseks asjakohaseid pilte v\u00f5i diagramme ning veendu, et sisu on selge, kokkuv\u00f5tlik ja sobib erineva tehnilise teadmisega lugejatele. L\u00f5puks r\u00f5huta autori reeglite j\u00e4rgimist.<\/p>","protected":false},"excerpt":{"rendered":"<p>Bucket Cylinder For Xiniu XNX8 Product Definition The bucket cylinder for Xiniu XNX8 is a specially designed hydraulic cylinder that is primarily used to control the movement of the bucket in heavy machinery such as excavators, backhoe loaders, and front loaders. Its main function is to enable the bucket to lift, lower, and tilt, making [&hellip;]<\/p>","protected":false},"featured_media":14782,"comment_status":"open","ping_status":"closed","template":"","meta":{"_et_pb_use_builder":"","_et_pb_old_content":"","_et_gb_content_width":""},"product_brand":[],"product_cat":[1494],"product_tag":[1495,1496],"class_list":{"0":"post-16007","1":"product","2":"type-product","3":"status-publish","4":"has-post-thumbnail","6":"product_cat-bucket-cylinders","7":"product_tag-bucket-cylinders","8":"product_tag-hydraulic-cylinders","10":"first","11":"instock","12":"shipping-taxable","13":"product-type-simple"},"amp_enabled":true,"_links":{"self":[{"href":"https:\/\/www.hydraulic-cylinders.net\/et\/wp-json\/wp\/v2\/product\/16007","targetHints":{"allow":["GET"]}}],"collection":[{"href":"https:\/\/www.hydraulic-cylinders.net\/et\/wp-json\/wp\/v2\/product"}],"about":[{"href":"https:\/\/www.hydraulic-cylinders.net\/et\/wp-json\/wp\/v2\/types\/product"}],"replies":[{"embeddable":true,"href":"https:\/\/www.hydraulic-cylinders.net\/et\/wp-json\/wp\/v2\/comments?post=16007"}],"wp:featuredmedia":[{"embeddable":true,"href":"https:\/\/www.hydraulic-cylinders.net\/et\/wp-json\/wp\/v2\/media\/14782"}],"wp:attachment":[{"href":"https:\/\/www.hydraulic-cylinders.net\/et\/wp-json\/wp\/v2\/media?parent=16007"}],"wp:term":[{"taxonomy":"product_brand","embeddable":true,"href":"https:\/\/www.hydraulic-cylinders.net\/et\/wp-json\/wp\/v2\/product_brand?post=16007"},{"taxonomy":"product_cat","embeddable":true,"href":"https:\/\/www.hydraulic-cylinders.net\/et\/wp-json\/wp\/v2\/product_cat?post=16007"},{"taxonomy":"product_tag","embeddable":true,"href":"https:\/\/www.hydraulic-cylinders.net\/et\/wp-json\/wp\/v2\/product_tag?post=16007"}],"curies":[{"name":"wp","href":"https:\/\/api.w.org\/{rel}","templated":true}]}}