{"id":16020,"date":"2025-01-19T15:17:59","date_gmt":"2025-01-19T15:17:59","guid":{"rendered":"https:\/\/www.hydraulic-cylinders.net\/product\/bucket-cylinder-for-kato-small-excavator-hd307\/"},"modified":"2025-01-19T15:18:01","modified_gmt":"2025-01-19T15:18:01","slug":"bucket-cylinder-for-kato-small-excavator-hd307","status":"publish","type":"product","link":"https:\/\/www.hydraulic-cylinders.net\/et\/toode\/bucket-cylinder-for-kato-small-excavator-hd307\/","title":{"rendered":"Kato v\u00e4ikese ekskavaatori HD307 kopa silinder"},"content":{"rendered":"<h1>Kato v\u00e4ikese ekskavaatori HD307 kopa silinder<\/h1>\n<h2>Sissejuhatus<\/h2>\n<p>Kato v\u00e4ikeekskavaatori HD307 kopa silinder on spetsiaalselt loodud h\u00fcdrauliline silinder, mida kasutatakse peamiselt kopa liikumise juhtimiseks rasketes masinates, n\u00e4iteks ekskavaatorites, laadur-ekskavaatorites ja esilaadurites. Selle peamine \u00fclesanne on v\u00f5imaldada kopa t\u00f5stmist, langetamist ja kallutamist, mis v\u00f5imaldab erinevate materjalide t\u00f5husat k\u00e4sitsemist. H\u00fcdraulikas\u00fcsteemis saavutab kopa silinder kopa t\u00e4pse juhtimise, kasutades \u00e4ra h\u00fcdraulika\u00f5li r\u00f5humuutusi, v\u00f5imaldades operaatoritel raskeid koormaid t\u00f5husalt k\u00e4sitseda ning kohaneda keerukate t\u00f6\u00f6keskkondade ja mitmekesiste t\u00f6\u00f6n\u00f5uetega.<\/p>\n<p><img decoding=\"async\" src=\"https:\/\/www.hydraulic-cylinders.net\/wp-content\/uploads\/2025\/01\/songte-company-2.webp\" alt=\"\u00c4mbri silindri pilt\"><\/p>\n<h2>Omadused<\/h2>\n<ul>\n<li>Suur tugevus ja vastupidavus: Tavaliselt \u00fclitugevast terasest v\u00f5i alumiiniumist valmistatud kopa silinder talub k\u00f5rget r\u00f5hku ja suuri koormusi, kohandudes karmide t\u00f6\u00f6keskkondadega. Selle konstruktsioonis on arvestatud kulumiskindluse ja korrosioonikindlusega, pikendades selle eluiga.<\/li>\n<li>T\u00f5hus h\u00fcdrauliline t\u00f6\u00f6: H\u00fcdraulika\u00f5li r\u00f5hu abil saavutab kopa silinder sujuva pikendus- ja tagasit\u00f5mbamisliigutuse, v\u00f5imaldades kiiret reageerimist juhtimisk\u00e4sklustele ning pakkudes v\u00f5imsaid t\u00f5uke- ja t\u00f5mbej\u00f5ude raskete koormate ja keerukate \u00fclesannete k\u00e4sitsemiseks.<\/li>\n<li>Erinevad t\u00fc\u00fcbid: Kopasilindrit saab valida \u00fchetoimelisena (h\u00fcdraulilist r\u00f5hku kasutatakse ainult \u00fches suunas) v\u00f5i kahetoimelisena (h\u00fcdraulilist r\u00f5hku kasutatakse m\u00f5lemas suunas), et see vastaks erinevatele t\u00f6\u00f6n\u00f5uetele. M\u00f5ned mudelid on teleskoopilised, mis v\u00f5imaldab suuremat pikendamist ilma v\u00e4lism\u00f5\u00f5tmeid suurendamata, mist\u00f5ttu need sobivad piiratud ruumiga rakenduste jaoks.<\/li>\n<li>T\u00e4iuslik asendus: Meie tooted suudavad neid h\u00fcdrosilindreid ideaalselt asendada. <\/li>\n<\/ul>\n<p><img decoding=\"async\" src=\"https:\/\/www.hydraulic-cylinders.net\/wp-content\/uploads\/2025\/01\/songte-cylinder-head-with-all-kinds-excavator-models.webp\" alt=\"Toote pilt\"><\/p>\n<h2>Rakendused<\/h2>\n<p>Kopasilindrit kasutatakse erinevat t\u00fc\u00fcpi masinates:<\/p>\n<ul>\n<li>Ehitustehnika: Ekskavaatorites on see oluline kaevamiseks, laadimiseks ja pinnase v\u00f5i prahi teisaldamiseks. Ekskavaator-laadurites aitab kopa silinder nii kaevamisel kui ka t\u00f5stmisel.<\/li>\n<li>P\u00f5llumajandusmasinad: Kasutatakse esilaadurites mulla, heina ja muude materjalide k\u00fchveldamiseks, t\u00f5stmiseks ja transportimiseks.<\/li>\n<li>Ekskavaatorid: Kopa silinder v\u00f5imaldab kaevamist, lastes kopal pinnasesse tungida.<\/li>\n<li>Laadurid: Esilaadurites aitavad need kaupu t\u00f5husalt t\u00f5sta ja maha laadida.<\/li>\n<\/ul>\n<h2>Projekteerimiskaalutlused ja valikukriteeriumid<\/h2>\n<p>Silindriploki konstruktsiooni ja valikukriteeriumide osas tuleks arvesse v\u00f5tta mitmeid tegureid:<\/p>\n<ul>\n<li>Kandev\u00f5ime: Silinder peaks olema konstrueeritud taluma eeldatavaid koormusi ja r\u00f5hku.<\/li>\n<li>Tihendus: N\u00f5uetekohase tihenduse tagamiseks tuleks kasutada mitmesuguseid tihenduskomponente, n\u00e4iteks kolvitihendeid ja varrastihendeid. Materjalid nagu pol\u00fcuretaan ja nitriilkummi valitakse tavaliselt nende kulumiskindluse t\u00f5ttu.<\/li>\n<li>Vastupidavus: Silindri korpus ja keermestatud otsad peaksid kulumiskindluse parandamiseks l\u00e4bima t\u00e4pse t\u00f6\u00f6tluse.<\/li>\n<li>Ohutus: \u00d5nnetuste v\u00e4ltimiseks ja operaatori kaitse tagamiseks tuleks paigaldada ohutusfunktsioonid.<\/li>\n<li>Hooldatavus: Projekteerimisel tuleks arvestada hoolduse ja remondi ligip\u00e4\u00e4setavusega.<\/li>\n<\/ul>\n<p><img decoding=\"async\" src=\"https:\/\/www.hydraulic-cylinders.net\/wp-content\/uploads\/2025\/01\/songte-oil-pipes-and-spare-parts.webp\" alt=\"Toote pilt\"><\/p>\n<h2>Tihendus ja m\u00e4\u00e4rimine<\/h2>\n<p>Kopasilindris kasutatakse mitmesuguseid tihenduskomponente, n\u00e4iteks kolvitihendeid ja vardatihendeid. Need tihendid on valmistatud kulumiskindlatest materjalidest, nagu pol\u00fcuretaan ja nitriilkummi. Silindri korpus ja keermestatud otsad on kulumiskindluse suurendamiseks peenelt t\u00f6\u00f6deldud. Sujuva t\u00f6\u00f6 tagamiseks on vajalik regulaarne m\u00e4\u00e4rimine sobiva h\u00fcdraulika\u00f5liga.<\/p>\n<h2>Regulaarne kontroll ja ennetav hooldus<\/h2>\n<p>Optimaalse j\u00f5udluse ja pikaealisuse tagamiseks tuleks regulaarselt kontrollida ja ennetavaid hooldusmeetmeid rakendada:<\/p>\n<ul>\n<li>Kontrollige k\u00f5iki komponente kulumise v\u00f5i kahjustuste suhtes.<\/li>\n<li>Tagage korralik m\u00e4\u00e4rimine.<\/li>\n<li>Vajadusel vahetage tihendeid ja tihendeid.<\/li>\n<li>T\u00e4psuse s\u00e4ilitamiseks tehke kalibreerimiskontrolle.<\/li>\n<\/ul>\n<h2>\u00d5ige toote paigaldusjuhend<\/h2>\n<p>Proper installation is crucial for the bucket cylinder&#8217;s performance and safety. Follow these guidelines:<\/p>\n<ul>\n<li>Paigaldamise ajal joondage silinder \u00f5igesti.<\/li>\n<li>Silindri kinnitamiseks kasutage sobivaid kinnitusvahendeid.<\/li>\n<li>Soovitage kontrolli-, remondi- ja asendusprotseduure.<\/li>\n<li>Pakkuda varuosi ja taastamisteenuseid kopasilindri eluea pikendamiseks.<\/li>\n<\/ul>\n<p><img decoding=\"async\" src=\"https:\/\/www.hydraulic-cylinders.net\/wp-content\/uploads\/2025\/01\/songte-chushion-collar.webp\" alt=\"Toote pilt\"><\/p>\n<h2>Ohutuskaalutlused ja keskkonnategurid<\/h2>\n<p>Kopasilindri kasutamisel on oluline seada esikohale ohutusmeetmed, et v\u00e4ltida \u00f5nnetusi ja kaitsta nii operaatoreid kui ka keskkonda.<\/p>\n<h2>Veaotsing ja levinud probleemid<\/h2>\n<p>Kopasilindriga tekkida v\u00f5ivad levinud probleemid:<\/p>\n<ul>\n<li>H\u00fcdraulika\u00f5li leke.<\/li>\n<li>Aeglane v\u00f5i reageerimatu liikumine.<\/li>\n<li>Liigne m\u00fcra t\u00f6\u00f6tamise ajal.<\/li>\n<\/ul>\n<p>Veaotsingu ja probleemide lahendamise osas kaaluge j\u00e4rgmisi n\u00e4pun\u00e4iteid:<\/p>\n<ul>\n<li>Pakkuge t\u00f5rkeotsingu n\u00e4pun\u00e4iteid ja lahendusi, mis aitavad lugejatel probleeme t\u00f5husalt diagnoosida ja lahendada.<\/li>\n<li>Soovitage ennetavaid meetmeid v\u00f5imalike probleemide minimeerimiseks.<\/li>\n<\/ul>\n<p><img decoding=\"async\" src=\"https:\/\/www.hydraulic-cylinders.net\/wp-content\/uploads\/2025\/01\/songte-bushings-with-all-kinds-of-excavator-models.webp\" alt=\"Toote pilt\"><\/p>\n<p>Pea meeles, et artikkel tuleb loogiliselt \u00fcles ehitada, navigeerimise h\u00f5lbustamiseks kasutada alapealkirju, arusaadavuse parandamiseks lisada asjakohaseid pilte v\u00f5i diagramme ning veenduda, et sisu on selge, kokkuv\u00f5tlik ja sobib erineva tehnilise teadmisega lugejatele.<\/p>\n<h2>Meie ettev\u00f5ttest<\/h2>\n<p>Oleme asendush\u00fcdrauliliste silindrite tootja ja pakume laia tootevalikut. Oleme saanud \u00fcheks juhtivaks h\u00fcdrosilindrite tootjaks ja hulgim\u00fc\u00fcjaks nii sise- kui ka rahvusvahelistel turgudel. Keskendudes suurep\u00e4rasele kvaliteedile, tugineme oma t\u00e4iustatud tootmist\u00f6\u00f6kodades t\u00f6\u00f6stusliku tootmise juhtimise strateegiatele. Meie ettev\u00f5te t\u00e4iustab pidevalt oma tootmisplatvormi, kasutades tehnilisi oskusi, tipptasemel digitaalseid tootmisseadmeid ja professionaalseid testimiss\u00fcsteeme. Meil \u200b\u200bon tugevad loomingulised v\u00f5imed, mille eesm\u00e4rk on rahuldada klientide mitmekesiseid vajadusi suure t\u00f5hususega, t\u00e4psuse ja kvaliteediga. <\/p>\n<p><img decoding=\"async\" src=\"https:\/\/www.hydraulic-cylinders.net\/wp-content\/uploads\/2025\/01\/songte-company-3.webp\" alt=\"Ettev\u00f5tte kuvand\"><\/p>\n<p>Lisaks oleme uhked oma professionaalsuse, rahvusvaheliste sertifikaatide, eritellimusteenuste, tootmisseadmete ja m\u00fc\u00fcgij\u00e4rgse teeninduse \u00fcle.<\/p>\n<p>Autor: lyl<\/p>","protected":false},"excerpt":{"rendered":"<p>Bucket Cylinder For Kato Small Excavator HD307 Introduction The bucket cylinder for Kato small excavator HD307 is a specially designed hydraulic cylinder that is primarily used to control the movement of the bucket in heavy machinery such as excavators, backhoe loaders, and front-end loaders. Its main function is to enable the lifting, lowering, and tilting [&hellip;]<\/p>","protected":false},"featured_media":14785,"comment_status":"open","ping_status":"closed","template":"","meta":{"_et_pb_use_builder":"","_et_pb_old_content":"","_et_gb_content_width":""},"product_brand":[],"product_cat":[1494],"product_tag":[1495,1496],"class_list":{"0":"post-16020","1":"product","2":"type-product","3":"status-publish","4":"has-post-thumbnail","6":"product_cat-bucket-cylinders","7":"product_tag-bucket-cylinders","8":"product_tag-hydraulic-cylinders","10":"first","11":"instock","12":"shipping-taxable","13":"product-type-simple"},"amp_enabled":true,"_links":{"self":[{"href":"https:\/\/www.hydraulic-cylinders.net\/et\/wp-json\/wp\/v2\/product\/16020","targetHints":{"allow":["GET"]}}],"collection":[{"href":"https:\/\/www.hydraulic-cylinders.net\/et\/wp-json\/wp\/v2\/product"}],"about":[{"href":"https:\/\/www.hydraulic-cylinders.net\/et\/wp-json\/wp\/v2\/types\/product"}],"replies":[{"embeddable":true,"href":"https:\/\/www.hydraulic-cylinders.net\/et\/wp-json\/wp\/v2\/comments?post=16020"}],"wp:featuredmedia":[{"embeddable":true,"href":"https:\/\/www.hydraulic-cylinders.net\/et\/wp-json\/wp\/v2\/media\/14785"}],"wp:attachment":[{"href":"https:\/\/www.hydraulic-cylinders.net\/et\/wp-json\/wp\/v2\/media?parent=16020"}],"wp:term":[{"taxonomy":"product_brand","embeddable":true,"href":"https:\/\/www.hydraulic-cylinders.net\/et\/wp-json\/wp\/v2\/product_brand?post=16020"},{"taxonomy":"product_cat","embeddable":true,"href":"https:\/\/www.hydraulic-cylinders.net\/et\/wp-json\/wp\/v2\/product_cat?post=16020"},{"taxonomy":"product_tag","embeddable":true,"href":"https:\/\/www.hydraulic-cylinders.net\/et\/wp-json\/wp\/v2\/product_tag?post=16020"}],"curies":[{"name":"wp","href":"https:\/\/api.w.org\/{rel}","templated":true}]}}