{"id":16021,"date":"2025-01-19T15:18:03","date_gmt":"2025-01-19T15:18:03","guid":{"rendered":"https:\/\/www.hydraulic-cylinders.net\/product\/bucket-cylinder-for-kato-small-excavator-hd512\/"},"modified":"2025-01-19T15:18:08","modified_gmt":"2025-01-19T15:18:08","slug":"bucket-cylinder-for-kato-small-excavator-hd512","status":"publish","type":"product","link":"https:\/\/www.hydraulic-cylinders.net\/et\/toode\/bucket-cylinder-for-kato-small-excavator-hd512\/","title":{"rendered":"Kato v\u00e4ikese ekskavaatori HD512 kopa silinder"},"content":{"rendered":"<h1>Kato v\u00e4ikese ekskavaatori HD512 kopa silinder<\/h1>\n<h2>Sissejuhatus<\/h2>\n<p>Kato v\u00e4ikeekskavaatori HD512 kopa silinder on spetsiaalne h\u00fcdrauliline silinder, mida kasutatakse kopa liikumise juhtimiseks rasketes masinates, n\u00e4iteks ekskavaatorites, laadur-ekskavaatorites ja esilaadurites. Selle peamine \u00fclesanne on kopa t\u00f5stmine, langetamine ja kallutamine, mist\u00f5ttu sobib see mitmesugusteks materjalik\u00e4itlust\u00f6\u00f6deks. H\u00fcdraulikas\u00fcsteemis kasutab kopa silinder h\u00fcdraulika\u00f5li r\u00f5humuutust kopa t\u00e4pseks juhtimiseks, v\u00f5imaldades operaatoritel t\u00f5husalt k\u00e4sitseda raskeid koormaid ning kohaneda keerukate t\u00f6\u00f6keskkondade ja mitmekesiste t\u00f6\u00f6n\u00f5uetega.<\/p>\n<p><img decoding=\"async\" src=\"https:\/\/www.hydraulic-cylinders.net\/wp-content\/uploads\/2025\/01\/songte-company-2.webp\" alt=\"Kato v\u00e4ikese ekskavaatori HD512 kopa silinder\" \/><\/p>\n<h2>Omadused<\/h2>\n<ul>\n<li>\n<h3>Suur tugevus ja vastupidavus<\/h3>\n<p>Tavaliselt on see valmistatud \u00fclitugevast terasest v\u00f5i alumiiniumist, mis talub k\u00f5rget r\u00f5hku ja suuri koormusi, kohandub karmide t\u00f6\u00f6keskkondadega ning on loodud kulumiskindluse ja korrosioonikindluse tagamiseks, et pikendada kasutusiga.<\/p>\n<\/li>\n<li>\n<h3>T\u00f5hus h\u00fcdrauliline t\u00f6\u00f6<\/h3>\n<p>See kasutab h\u00fcdraulika\u00f5li r\u00f5hku sujuva pikenemise ja tagasit\u00f5mbamise saavutamiseks, reageerib kiiresti juhtimisk\u00e4sklustele, pakub v\u00f5imsat t\u00f5uke- ja t\u00f5mbej\u00f5udu ning sobib raskete koormate ja keerukate t\u00f6\u00f6\u00fclesannete k\u00e4sitsemiseks.<\/p>\n<\/li>\n<li>\n<h3>Erinevad t\u00fc\u00fcbid<\/h3>\n<p>\u00dchetoimelisi (h\u00fcdraulilist juhtimist kasutatakse ainult \u00fches suunas) v\u00f5i kahetoimelisi (h\u00fcdraulilist juhtimist kasutatakse kahes suunas) silindreid saab valida vastavalt vajadustele, et rahuldada erinevaid t\u00f6\u00f6tingimusi. M\u00f5ned mudelid on teleskoopilised, v\u00f5imaldades suuremat pikendamist ilma v\u00e4lism\u00f5\u00f5tmeid suurendamata, sobides piiratud ruumiga rakenduste jaoks.<\/p>\n<\/li>\n<li>\n<h3>T\u00e4iuslik asendus<\/h3>\n<p>Meie toode saab neid h\u00fcdrosilindreid ideaalselt asendada.<\/p>\n<\/li>\n<\/ul>\n<p><img decoding=\"async\" src=\"https:\/\/www.hydraulic-cylinders.net\/wp-content\/uploads\/2025\/01\/songte-cylinder-head-with-all-kinds-excavator-models.webp\" alt=\"Kato v\u00e4ikese ekskavaatori HD512 \u00e4mbrisilinder\" \/><\/p>\n<h2>Rakendused<\/h2>\n<p>Kato v\u00e4ikese ekskavaatori HD512 kopasilindrit kasutatakse laialdaselt erinevates t\u00f6\u00f6stusharudes, n\u00e4iteks:<\/p>\n<ul>\n<li>\n<h3>Ehitustehnika<\/h3>\n<p>Ekskavaatorites on need h\u00e4davajalikud kaevamiseks, laadimiseks ja pinnase v\u00f5i prahi teisaldamiseks. Ekskavaator-laadurites aitavad kopasilindrid kaevamisel ja t\u00f5stmisel. <\/p>\n<\/li>\n<li>\n<h3>P\u00f5llumajandustehnika<\/h3>\n<p>Kasutatakse esilaadurite jaoks mulla, heina ja muude materjalide \u00fclesv\u00f5tmiseks, t\u00f5stmiseks ja transportimiseks. <\/p>\n<\/li>\n<li>\n<h3>Ekskavaatorid<\/h3>\n<p>Kopasilindrid v\u00f5imaldavad kopal pinnasesse tungida, et saavutada kaevamisfunktsioon. <\/p>\n<\/li>\n<li>\n<h3>Laadurid<\/h3>\n<p>Esilaadurites aitavad need lasti t\u00f5husalt t\u00f5sta ja kallutada. <\/p>\n<\/li>\n<\/ul>\n<p>Iga rakendust kirjeldatakse allpool:<\/p>\n<ul>\n<li>\n<h3>Ehitustehnika<\/h3>\n<p>Kopa silindreid kasutatakse mitmesuguste materjalide kaevamiseks, teisaldamiseks ja laadimiseks ehitustehnikas. Need pakuvad vajalikku j\u00f5udu ja t\u00e4psust raskete koormate k\u00e4sitsemiseks, mist\u00f5ttu sobivad need ideaalselt kaevamiseks, tasandamiseks ja muudeks pinnase teisaldamise t\u00f6\u00f6deks. <\/p>\n<\/li>\n<li>\n<h3>P\u00f5llumajandustehnika<\/h3>\n<p>Kopa silindreid kasutatakse esilaadurites ja muudes p\u00f5llumajandusmasinates materjalide t\u00f5stmiseks ja transportimiseks. Need on h\u00e4davajalikud heina, mulla ja muude materjalide laadimiseks ja mahalaadimiseks taludes. <\/p>\n<\/li>\n<li>\n<h3>Ekskavaatorid<\/h3>\n<p>Kopa silindreid kasutatakse pinnasesse tungimiseks, aidates ekskavaatoritel kaevata kaevikuid, vundamente ja eemaldada prahti. <\/p>\n<\/li>\n<li>\n<h3>Laadurid<\/h3>\n<p>Esilaadurites kasutatakse kopa silindreid lasti t\u00f5stmiseks ja kallutamiseks. Need on olulised raskete esemete, n\u00e4iteks palkide v\u00f5i kivide, laadimiseks ja mahalaadimiseks. <\/p>\n<\/li>\n<\/ul>\n<h2>Projekteerimiskaalutlused ja valikukriteeriumid<\/h2>\n<ul>\n<li>\n<h3>Kandev\u00f5ime<\/h3>\n<p>Oluliste komponentide, n\u00e4iteks kolvivardade, silindripeade ja silindritorude valik peaks p\u00f5hinema silindri nimimahul, et tagada silindri piisav kandev\u00f5ime. <\/p>\n<\/li>\n<li>\n<h3>Tihendus ja vastupidavus<\/h3>\n<p>Tihendite ja materjalide valik peaks p\u00f5hinema t\u00f6\u00f6keskkonnal, et suurendada kulumiskindlust ja korrosioonikindlust ning tagada silindri vastupidavus ja tihendusv\u00f5ime. <\/p>\n<\/li>\n<li>\n<h3>Ohutus ja hooldus<\/h3>\n<p>\u00d5nnetuste v\u00e4ltimiseks peaks balloon olema varustatud ohutusseadmetega. Seda peaks olema lihtne hooldada ja parandada ning silindripea, silinder ja keermestatud otsapinnad peaksid olema peenelt t\u00f6\u00f6deldud, et parandada kulumiskindlust. Ballooni j\u00f5udluse ja kasutusea tagamiseks tuleks seda regulaarselt hooldada ja kontrollida.<\/p>\n<\/li>\n<\/ul>\n<p><img decoding=\"async\" src=\"https:\/\/www.hydraulic-cylinders.net\/wp-content\/uploads\/2025\/01\/songte-oil-pipes-and-spare-parts.webp\" alt=\"Kato v\u00e4ikese ekskavaatori HD512 kopasilindri projekteerimiskaalutlused ja valik\" \/><\/p>\n<h2>Tihendus ja m\u00e4\u00e4rimine<\/h2>\n<p>Silinder on varustatud mitmesuguste tihenditega, n\u00e4iteks kolvitihendite ja varrastihenditega, mis on valmistatud sellistest materjalidest nagu pol\u00fcuretaan ja nitriilkummi, et suurendada kulumiskindlust. Silindripea, silinder ja keermestatud otsapinnad on peenelt t\u00f6\u00f6deldud, et parandada kulumiskindlust. Sujuva t\u00f6\u00f6 tagamiseks ja kasutusea pikendamiseks tuleb seda regulaarselt h\u00fcdraulika\u00f5liga m\u00e4\u00e4rida.<\/p>\n<p><img decoding=\"async\" src=\"https:\/\/www.hydraulic-cylinders.net\/wp-content\/uploads\/2025\/01\/songte-chushion-collar.webp\" alt=\"Kato v\u00e4ikese ekskavaatori HD512 kopa silinder tihendamiseks ja m\u00e4\u00e4rimiseks\" \/><\/p>\n<h2>Hooldus ja remont<\/h2>\n<p>Kato v\u00e4ikeekskavaatori HD512 kopasilindri j\u00f5udluse ja kasutusea tagamiseks on vaja regulaarset hooldust ja \u00fclevaatust. Levinud hooldust\u00f6\u00f6de hulka kuuluvad regulaarne \u00fclevaatus, asjakohane m\u00e4\u00e4rimine, tihendite vahetamine ja kalibreerimise kontroll. Silindri j\u00f5udluse ja kasutusea tagamiseks on oluline \u00f5ige paigaldamine, m\u00e4\u00e4rimine ja reguleerimine. Silindri kinnitamiseks on soovitatav kasutada sobivaid paigaldusklambreid. Silindri kasutusea pikendamiseks on esitatud soovitatavad \u00fclevaatuse, remondi ja vahetuse protseduurid.<\/p>\n<p><img decoding=\"async\" src=\"https:\/\/www.hydraulic-cylinders.net\/wp-content\/uploads\/2025\/01\/songte-bushings-with-all-kinds-of-excavator-models.webp\" alt=\"Kato v\u00e4ikese ekskavaatori HD512 kopa silinder hoolduse ja remondi jaoks\" \/><\/p>\n<h2>Ohutus- ja keskkonnakaalutlused<\/h2>\n<p>Kato v\u00e4ikeekskavaatori HD512 kopasilindri kasutamisel on oluline j\u00e4rgida asjakohaseid ohutusmeetmeid ja ettevaatusabin\u00f5usid. Operaatorid peavad olema silindrite k\u00e4sitsemise ja ohutuse alal koolitatud, et v\u00e4ltida \u00f5nnetusi. Arvesse tuleks v\u00f5tta ka keskkonnakaalutlusi, n\u00e4iteks kasutatud h\u00fcdraulika\u00f5li ja muude ohtlike materjalide n\u00f5uetekohast k\u00f5rvaldamist.<\/p>\n<h2>Veaotsing ja levinud probleemid<\/h2>\n<p>Kato v\u00e4ikeekskavaatori HD512 kopasilindri levinud probleemide hulka kuuluvad \u00f5lilekked, tihendite ja tihendite kahjustused ning rikkis h\u00fcdraulikas\u00fcsteemid. Nende probleemide t\u00f5husaks diagnoosimiseks ja lahendamiseks on oluline j\u00e4rgida soovitatud t\u00f5rkeotsingu protseduure ja ennetavaid meetmeid, nagu regulaarsed kontrollid, asjakohane m\u00e4\u00e4rimine ja tihendite vahetamine.<\/p>\n<h2>Meie ettev\u00f5ttest<\/h2>\n<p>Oleme juhtiv h\u00fcdrauliliste silindrite tootja ja hulgim\u00fc\u00fcja nii sise- kui ka rahvusvahelisel turul. Meie tooted h\u00f5lmavad laia valikut t\u00fc\u00fcpe ja oleme saanud \u00fcheks juhtivaks h\u00fcdrauliliste silindrite tootjaks ja hulgim\u00fc\u00fcjaks. J\u00e4rgime suurep\u00e4rase kvaliteedi p\u00f5him\u00f5tet ja tugineme peentootmist\u00f6\u00f6koja industrialiseeritud tootmisjuhtimise strateegiale. Meie ettev\u00f5te t\u00e4iustab pidevalt t\u00f6\u00f6koja tootmisplatvormi, tuginedes tehnoloogilistele talentidele, digitaalsetele tipptasemel tootmisseadmetele ja professionaalsetele testimiss\u00fcsteemidele. Meil \u200b\u200bon tugev loominguline v\u00f5imekus, mis p\u00f5hineb k\u00f5rge efektiivsuse, suure t\u00e4psuse ja k\u00f5rge kvaliteedi p\u00f5him\u00f5tetel, et rahuldada klientide mitmekesiseid vajadusi.<\/p>\n<p><img decoding=\"async\" src=\"https:\/\/hzpt.com\/wp-content\/uploads\/2024\/11\/songte-company-1.webp\" alt=\"Kato v\u00e4ikese ekskavaatori HD512 kopa silinder Meie ettev\u00f5ttest\" \/><\/p>\n<h3>Professionaalsus<\/h3>\n<p>Meil on professionaalsete inseneride ja tehnikute meeskond, kes on p\u00fchendunud klientidele kvaliteetsete toodete ja teenuste pakkumisele. Meie tooted on valmistatud t\u00e4iustatud tootmisseadmete abil, et tagada toote kvaliteet ja t\u00f5husus.<\/p>\n<h3>Rahvusvaheline sertifitseerimine<\/h3>\n<p>Meie tooted on l\u00e4binud rahvusvahelised sertifikaadid nagu ISO9001, CE ja SGS ning oleme saanud hulga patente oma toodete kvaliteedi ja j\u00f5udluse edasiseks parandamiseks.<\/p>\n<h3>Kohandamise teenused<\/h3>\n<p>Pakume kohandamisteenuseid, mis t\u00e4hendab, et saame toota h\u00fcdraulilisi silindreid vastavalt klientide vajadustele, et need vastaksid nende erin\u00f5uetele.<\/p>\n<h3>Tootmisseadmed<\/h3>\n<p>Meil on t\u00e4iustatud tootmisseadmed, sealhulgas CNC-masinad, treipingid ja muud t\u00e4ppist\u00f6\u00f6tlusseadmed, et tagada tootmise kvaliteet ja efektiivsus.<\/p>\n<h3>M\u00fc\u00fcgij\u00e4rgne teenindus<\/h3>\n<p>Pakume suurep\u00e4rast m\u00fc\u00fcgij\u00e4rgset teenindust, sealhulgas toodete remonti ja hooldust. Samuti pakume tehnilist tuge, et aidata klientidel probleeme lahendada ja toodete toimivust parandada.<\/p>\n<p>Autor: lyl<\/p>","protected":false},"excerpt":{"rendered":"<p>Bucket Cylinder For Kato Small Excavator HD512 Introduction The Bucket Cylinder for Kato Small Excavator HD512 is a specialized hydraulic cylinder used to control the movement of the bucket in heavy machinery such as excavators, backhoe loaders, and front-end loaders. Its main function is to lift, lower, and tilt the bucket, making it suitable for [&hellip;]<\/p>","protected":false},"featured_media":14784,"comment_status":"open","ping_status":"closed","template":"","meta":{"_et_pb_use_builder":"","_et_pb_old_content":"","_et_gb_content_width":""},"product_brand":[],"product_cat":[1494],"product_tag":[1495,1496],"class_list":{"0":"post-16021","1":"product","2":"type-product","3":"status-publish","4":"has-post-thumbnail","6":"product_cat-bucket-cylinders","7":"product_tag-bucket-cylinders","8":"product_tag-hydraulic-cylinders","10":"first","11":"instock","12":"shipping-taxable","13":"product-type-simple"},"amp_enabled":true,"_links":{"self":[{"href":"https:\/\/www.hydraulic-cylinders.net\/et\/wp-json\/wp\/v2\/product\/16021","targetHints":{"allow":["GET"]}}],"collection":[{"href":"https:\/\/www.hydraulic-cylinders.net\/et\/wp-json\/wp\/v2\/product"}],"about":[{"href":"https:\/\/www.hydraulic-cylinders.net\/et\/wp-json\/wp\/v2\/types\/product"}],"replies":[{"embeddable":true,"href":"https:\/\/www.hydraulic-cylinders.net\/et\/wp-json\/wp\/v2\/comments?post=16021"}],"wp:featuredmedia":[{"embeddable":true,"href":"https:\/\/www.hydraulic-cylinders.net\/et\/wp-json\/wp\/v2\/media\/14784"}],"wp:attachment":[{"href":"https:\/\/www.hydraulic-cylinders.net\/et\/wp-json\/wp\/v2\/media?parent=16021"}],"wp:term":[{"taxonomy":"product_brand","embeddable":true,"href":"https:\/\/www.hydraulic-cylinders.net\/et\/wp-json\/wp\/v2\/product_brand?post=16021"},{"taxonomy":"product_cat","embeddable":true,"href":"https:\/\/www.hydraulic-cylinders.net\/et\/wp-json\/wp\/v2\/product_cat?post=16021"},{"taxonomy":"product_tag","embeddable":true,"href":"https:\/\/www.hydraulic-cylinders.net\/et\/wp-json\/wp\/v2\/product_tag?post=16021"}],"curies":[{"name":"wp","href":"https:\/\/api.w.org\/{rel}","templated":true}]}}