{"id":16026,"date":"2025-01-19T15:18:31","date_gmt":"2025-01-19T15:18:31","guid":{"rendered":"https:\/\/www.hydraulic-cylinders.net\/product\/bucket-cylinder-for-kato-small-excavator-hd1638r\/"},"modified":"2025-01-19T15:18:33","modified_gmt":"2025-01-19T15:18:33","slug":"bucket-cylinder-for-kato-small-excavator-hd1638r","status":"publish","type":"product","link":"https:\/\/www.hydraulic-cylinders.net\/et\/toode\/bucket-cylinder-for-kato-small-excavator-hd1638r\/","title":{"rendered":"Kopa silinder Kato v\u00e4ikese ekskavaatori HD1638R jaoks"},"content":{"rendered":"<h1>Kopa silinder Kato v\u00e4ikese ekskavaatori HD1638R jaoks<\/h1>\n<h2>Sissejuhatus<\/h2>\n<p>Kopa silinder on spetsiaalne h\u00fcdrauliline silinder, mida kasutatakse kopa liikumise juhtimiseks rasketes masinates, n\u00e4iteks ekskavaatorites, laadur-ekskavaatorites ja esilaadurites. Selle peamine \u00fclesanne on v\u00f5imaldada kopa t\u00f5stmist, langetamist ja kallutamist, muutes mitmesuguste materjalik\u00e4itlust\u00f6\u00f6de tegemise lihtsamaks. H\u00fcdraulilises s\u00fcsteemis juhib kopa silinder kopa t\u00e4pseid liikumisi, muutes h\u00fcdraulika\u00f5li r\u00f5hku, v\u00f5imaldades operaatoritel t\u00f5husalt k\u00e4sitseda raskeid koormaid ning kohaneda keerukate t\u00f6\u00f6keskkondade ja mitmekesiste t\u00f6\u00f6n\u00f5uetega.<\/p>\n<p><img decoding=\"async\" src=\"https:\/\/www.hydraulic-cylinders.net\/wp-content\/uploads\/2025\/01\/songte-company-2.webp\" alt=\"\u00e4mbri silindri pilt\"><\/p>\n<h2>Omadused<\/h2>\n<ul>\n<li>Suur tugevus ja vastupidavus: tavaliselt valmistatud \u00fclitugevast terasest v\u00f5i alumiiniumist, talub k\u00f5rget r\u00f5hku ja suuri koormusi, on konstrueeritud kulumiskindlust ja korrosioonikindlust silmas pidades, et pikendada selle kasutusiga.<\/li>\n<li>T\u00f5hus h\u00fcdrauliline t\u00f6\u00f6: kasutab sujuva pikenemise ja kokkut\u00f5mbumise saavutamiseks h\u00fcdraulika\u00f5li r\u00f5hku, reageerib kiiresti juhtimisk\u00e4sklustele, pakub tugevat t\u00f5uke- ja t\u00f5mbej\u00f5udu, sobib raskete koormate ja keerukate \u00fclesannete k\u00e4sitsemiseks.<\/li>\n<li>Erinevat t\u00fc\u00fcpi: \u00fchetoimelisi (h\u00fcdraulika t\u00f6\u00f6tab ainult \u00fches suunas) v\u00f5i kahetoimelisi (h\u00fcdraulika t\u00f6\u00f6tab m\u00f5lemas suunas) silindreid saab valida vastavalt vajadustele, m\u00f5ned mudelid on teleskoopilised, v\u00f5imaldades suuremat pikendamist ilma v\u00e4lism\u00f5\u00f5tmeid suurendamata, sobivad piiratud ruumi rakenduste jaoks.<\/li>\n<li>Otsene alternatiiv teistele h\u00fcdrosilindritele: meie toode saab neid h\u00fcdrosilindreid ideaalselt asendada.<\/li>\n<\/ul>\n<p><img decoding=\"async\" src=\"https:\/\/www.hydraulic-cylinders.net\/wp-content\/uploads\/2025\/01\/songte-cylinder-head-with-all-kinds-excavator-models.webp\" alt=\"\u00e4mbri silindripea pilt\"><\/p>\n<h2>Rakendused<\/h2>\n<p>Kopasilindrit kasutatakse laialdaselt erinevat t\u00fc\u00fcpi rasketehnikas, n\u00e4iteks:<\/p>\n<ul>\n<li>Ehitustehnika: Ekskavaatorites on need h\u00e4davajalikud kaevamiseks, laadimiseks ja pinnase v\u00f5i prahi teisaldamiseks. Ekskavaator-laadurites aitavad kopasilindrid nii kaevamisel kui ka t\u00f5stmisel. <\/li>\n<li>P\u00f5llumajandusmasinad: Esilaadurites kasutatavad silindrid sobivad suurep\u00e4raselt mulla, heina ja muude materjalide k\u00fchveldamiseks, t\u00f5stmiseks ja transportimiseks. <\/li>\n<li>Ekskavaatorid: Kopasilindrid v\u00f5imaldavad kaevamist, lastes kopal pinnasesse tungida. <\/li>\n<li>Esilaadurid: Esilaadurite puhul aitavad need lasti t\u00f5husalt t\u00f5sta ja kallutada.<\/li>\n<\/ul>\n<h2>Projekteerimiskaalutlused ja valikukriteeriumid<\/h2>\n<p>Projekteerimis- ja valikukriteeriumide kaalumisel tuleks arvesse v\u00f5tta selliseid v\u00f5tmetegureid nagu kandev\u00f5ime, tihendus, vastupidavus, ohutus ja hooldatavus. <\/p>\n<ul>\n<li>Kandev\u00f5ime: see viitab maksimaalsele kandev\u00f5imele, mida kopa silinder talub. Suurema kandev\u00f5imega silindri valimine aitab v\u00e4ltida \u00fclekoormust ja tagada masina ohutuse.<\/li>\n<li>Tihendus: Sobivate tihendite, n\u00e4iteks kolvi- ja varrastihendite valimine kulumiskindlatest materjalidest, n\u00e4iteks pol\u00fcuretaanist ja nitriilkummist, aitab pikendada silindri eluiga.<\/li>\n<li>Vastupidavus: Silindri materjal ja pinnaviimistlus on vastupidavuse olulised tegurid. K\u00f5rgtugevad materjalid ja peenelt t\u00f6\u00f6deldud silindri korpused ja keermeotsad v\u00f5ivad parandada silindri kulumiskindlust ja korrosioonikindlust, pikendades silindri kasutusiga.<\/li>\n<li>Ohutus: V\u00f5imalike ohtude v\u00e4ltimiseks peaksid olema olemas ohutusfunktsioonid, nagu \u00fclekoormuskaitse ja r\u00f5hualandusventiilid.<\/li>\n<li>Hooldatavus: Meie toode on loodud h\u00f5lpsasti hooldatavaks ning klientidele on saadaval varuosad ja remonditeenused, et hoida oma seadmeid parimas seisukorras.<\/li>\n<\/ul>\n<p><img decoding=\"async\" src=\"https:\/\/www.hydraulic-cylinders.net\/wp-content\/uploads\/2025\/01\/songte-oil-pipes-and-spare-parts.webp\" alt=\"\u00f5litorude ja varuosade pilt\"><\/p>\n<h2>Tihendus ja m\u00e4\u00e4rimine<\/h2>\n<p>Erinevad tihenduskomponendid, n\u00e4iteks kolvitihendid, vardatihendid ja klaasipuhasti tihendid, on valmistatud kulumiskindlatest materjalidest nagu pol\u00fcuretaan ja nitriilkummi, mis on loodud lekete v\u00e4ltimiseks ja pika kasutusea tagamiseks. Silindri sujuva t\u00f6\u00f6 tagamiseks on oluline regulaarne m\u00e4\u00e4rimine sobiva h\u00fcdraulika\u00f5liga. <\/p>\n<h2>Hooldus ja remont<\/h2>\n<p>Regulaarne kontroll, n\u00f5uetekohane m\u00e4\u00e4rimine, tihendite vahetamine ja kalibreerimise kontrollimine on tavalised hooldust\u00f6\u00f6d. N\u00f5uetekohane paigaldamine, m\u00e4\u00e4rimine ja reguleerimine on h\u00e4davajalikud ning paigaldamise ajal on vajalik \u00f5ige joondamise juhendamine. Silindri kinnitamiseks on tungivalt soovitatav kasutada sobivaid paigaldusklambreid. Silindri pikaealisuse tagamiseks on soovitatav ka kontrolli-, remondi- ja vahetusprotseduure. <\/p>\n<p><img decoding=\"async\" src=\"https:\/\/www.hydraulic-cylinders.net\/wp-content\/uploads\/2025\/01\/songte-chushion-collar.webp\" alt=\"polsterdatud krae pilt\"><\/p>\n<h2>Ohutus- ja keskkonnakaalutlused<\/h2>\n<p>Raskete masinatega t\u00f6\u00f6tamisel on ohutusmeetmed \u00e4\u00e4rmiselt olulised. J\u00e4rgige alati ohutusjuhiseid ja kandke sobivaid kaitsevahendeid, et v\u00e4ltida v\u00f5imalikke \u00f5nnetusi. Samuti on oluline arvestada keskkonnateguritega ning j\u00e4rgida kohalikke j\u00e4\u00e4tmek\u00e4itluse eeskirju ja juhiseid.<\/p>\n<h2>Rikete diagnoosimine ja levinud probleemid<\/h2>\n<p>Kopasilindri levinud rikete hulka kuuluvad leke, ebanormaalne m\u00fcra ja ebapiisav j\u00f5ud. Need probleemid v\u00f5ivad olla seotud tihendi kahjustuse, ebapiisava m\u00e4\u00e4rimise v\u00f5i vale paigaldamisega. N\u00f5uetekohane kontroll ja diagnoosimine aitavad selliste probleemide tekkimist v\u00e4ltida.<\/p>\n<p><img decoding=\"async\" src=\"https:\/\/www.hydraulic-cylinders.net\/wp-content\/uploads\/2025\/01\/songte-bushings-with-all-kinds-of-excavator-models.webp\" alt=\"puksid igasuguste ekskavaatorimudelite pildiga\"><\/p>\n<h2>Meie ettev\u00f5ttest<\/h2>\n<p>Oleme juhtiv h\u00fcdrauliliste silindrite tootja ja hulgim\u00fc\u00fcja nii sise- kui ka rahvusvahelistel turgudel. Meie tooted on suurep\u00e4rase kvaliteediga ning j\u00e4rgime oma tootmis- ja juhtimisprotsessides valdkonna juhtivaid standardeid, kasutades tipptasemel seadmeid ja tehnoloogiat. Pakume kohandatud teenuseid ja meie m\u00fc\u00fcgij\u00e4rgne teenindus on tipptasemel. <\/p>\n<ul>\n<li>Professionaalsus: Meie p\u00fchendunud spetsialistide meeskonnal on ulatuslikud kogemused h\u00fcdraulikat\u00f6\u00f6stuses, pakkudes lahendusi, mis vastavad klientide mitmekesistele vajadustele, ning oleme p\u00fchendunud kvaliteetsete toodete ja teenuste pakkumisele.<\/li>\n<li>Rahvusvaheline sertifitseerimine: Meie toodetel on rahvusvahelised sertifikaadid nagu ISO 9001 ja CE, mis tagavad meie toodete vastavuse \u00fclemaailmsetele standarditele.<\/li>\n<li>Kohandamine: Pakume klientidele kohandatud tooteid, mis vastavad nende konkreetsetele vajadustele ja n\u00f5uetele.<\/li>\n<li>Tootmisseadmed: Meie tootmisprotsessides kasutatakse tipptasemel seadmeid ja tehnoloogiat, mis tagab k\u00f5rge t\u00e4psuse ja kvaliteedi.<\/li>\n<li>M\u00fc\u00fcgij\u00e4rgne teenindus: Pakume klientidele igak\u00fclgset m\u00fc\u00fcgij\u00e4rgset teenindust, sealhulgas hooldust, remonti ja \u00fcmberehitust. <\/li>\n<\/ul>\n<p><img decoding=\"async\" src=\"https:\/\/hzpt.com\/wp-content\/uploads\/2024\/11\/songte-company-1.webp\" alt=\"ettev\u00f5tte kuvand\"><\/p>\n<p>Autor: lyl.<\/p>","protected":false},"excerpt":{"rendered":"<p>Bucket Cylinder For Kato Small Excavator HD1638R Introduction A bucket cylinder is a specialized hydraulic cylinder used to control the movement of a bucket in heavy machinery such as excavators, backhoe loaders, and front loaders. Its main function is to allow the bucket to be lifted, lowered, and tilted, making it easier to handle various [&hellip;]<\/p>","protected":false},"featured_media":14773,"comment_status":"open","ping_status":"closed","template":"","meta":{"_et_pb_use_builder":"","_et_pb_old_content":"","_et_gb_content_width":""},"product_brand":[],"product_cat":[1494],"product_tag":[1495,1496],"class_list":{"0":"post-16026","1":"product","2":"type-product","3":"status-publish","4":"has-post-thumbnail","6":"product_cat-bucket-cylinders","7":"product_tag-bucket-cylinders","8":"product_tag-hydraulic-cylinders","10":"first","11":"instock","12":"shipping-taxable","13":"product-type-simple"},"amp_enabled":true,"_links":{"self":[{"href":"https:\/\/www.hydraulic-cylinders.net\/et\/wp-json\/wp\/v2\/product\/16026","targetHints":{"allow":["GET"]}}],"collection":[{"href":"https:\/\/www.hydraulic-cylinders.net\/et\/wp-json\/wp\/v2\/product"}],"about":[{"href":"https:\/\/www.hydraulic-cylinders.net\/et\/wp-json\/wp\/v2\/types\/product"}],"replies":[{"embeddable":true,"href":"https:\/\/www.hydraulic-cylinders.net\/et\/wp-json\/wp\/v2\/comments?post=16026"}],"wp:featuredmedia":[{"embeddable":true,"href":"https:\/\/www.hydraulic-cylinders.net\/et\/wp-json\/wp\/v2\/media\/14773"}],"wp:attachment":[{"href":"https:\/\/www.hydraulic-cylinders.net\/et\/wp-json\/wp\/v2\/media?parent=16026"}],"wp:term":[{"taxonomy":"product_brand","embeddable":true,"href":"https:\/\/www.hydraulic-cylinders.net\/et\/wp-json\/wp\/v2\/product_brand?post=16026"},{"taxonomy":"product_cat","embeddable":true,"href":"https:\/\/www.hydraulic-cylinders.net\/et\/wp-json\/wp\/v2\/product_cat?post=16026"},{"taxonomy":"product_tag","embeddable":true,"href":"https:\/\/www.hydraulic-cylinders.net\/et\/wp-json\/wp\/v2\/product_tag?post=16026"}],"curies":[{"name":"wp","href":"https:\/\/api.w.org\/{rel}","templated":true}]}}