{"id":16027,"date":"2025-01-19T15:18:35","date_gmt":"2025-01-19T15:18:35","guid":{"rendered":"https:\/\/www.hydraulic-cylinders.net\/product\/bucket-cylinder-for-kato-small-excavator-hd308r\/"},"modified":"2025-01-19T15:18:37","modified_gmt":"2025-01-19T15:18:37","slug":"bucket-cylinder-for-kato-small-excavator-hd308r","status":"publish","type":"product","link":"https:\/\/www.hydraulic-cylinders.net\/et\/toode\/bucket-cylinder-for-kato-small-excavator-hd308r\/","title":{"rendered":"Kato v\u00e4ikese ekskavaatori HD308R kopa silinder"},"content":{"rendered":"<p><!DOCTYPE html><br \/>\n<html><br \/>\n<head><br \/>\n<title>Kato v\u00e4ikese ekskavaatori HD308R kopa silinder<\/title><br \/>\n<\/head><br \/>\n<body><\/p>\n<h1>Kato v\u00e4ikese ekskavaatori HD308R kopa silinder<\/h1>\n<h2>Sissejuhatus<\/h2>\n<p>Kopa silinder on spetsiaalselt konstrueeritud h\u00fcdrauliline silinder, mida kasutatakse kopa liikumise juhtimiseks rasketes masinates, n\u00e4iteks ekskavaatorites, laadur-ekskavaatorites ja rataslaadurites. Selle peamine \u00fclesanne on v\u00f5imaldada kopa t\u00f5stmist, langetamist ja kallutamist, muutes selle mugavaks mitmesuguste materjalik\u00e4itlust\u00f6\u00f6de jaoks. H\u00fcdraulilises s\u00fcsteemis saavutab kopa silinder kopa t\u00e4pse juhtimise, kasutades \u00e4ra h\u00fcdraulika\u00f5li r\u00f5humuutusi, v\u00f5imaldades operaatoritel t\u00f5husalt k\u00e4sitseda raskeid koormaid, kohaneda keerukate t\u00f6\u00f6keskkondade ja mitmekesiste t\u00f6\u00f6n\u00f5uetega.<\/p>\n<p><img decoding=\"async\" src=\"https:\/\/www.hydraulic-cylinders.net\/wp-content\/uploads\/2025\/01\/songte-company-2.webp\" alt=\"\u00c4mbri silindri pilt\"><\/p>\n<h2>Omadused<\/h2>\n<ul>\n<li>Suur tugevus ja vastupidavus: Tavaliselt valmistatud \u00fclitugevast terasest v\u00f5i alumiiniumist, mis talub k\u00f5rget r\u00f5hku ja suuri koormusi ning kohandub karmide t\u00f6\u00f6keskkondadega. Projekteerimisel on arvestatud kulumiskindluse ja korrosioonikindlusega, pikendades eluiga.<\/li>\n<li>T\u00f5hus h\u00fcdrauliline t\u00f6\u00f6: H\u00fcdraulilise \u00f5li r\u00f5hu kasutamine sujuvate pikendus- ja tagasit\u00f5mbamisliigutuste saavutamiseks, kiire reageerimine juhtimisk\u00e4sklustele, v\u00f5imsate t\u00f5uke- ja t\u00f5mbej\u00f5udude pakkumine, mis sobib raskete koormate ja keerukate t\u00f6\u00f6\u00fclesannete k\u00e4sitsemiseks.<\/li>\n<li>Mitu t\u00fc\u00fcpi: Valige vastavalt konkreetsetele t\u00f6\u00f6vajadustele \u00fchetoimeliste (h\u00fcdraulilist vedelikku kasutatakse ainult \u00fches suunas) v\u00f5i kahetoimeliste (h\u00fcdraulilist vedelikku kasutatakse m\u00f5lemas suunas) silindrite vahel. M\u00f5ned mudelid on teleskoopilised, v\u00f5imaldades suuremat pikendamist ilma v\u00e4lism\u00f5\u00f5tmeid suurendamata, sobides piiratud ruumiga rakenduste jaoks.<\/li>\n<li>T\u00e4iuslik asendus: Meie toode saab need h\u00fcdraulilised silindrid ideaalselt asendada.<\/li>\n<\/ul>\n<p><img decoding=\"async\" src=\"https:\/\/www.hydraulic-cylinders.net\/wp-content\/uploads\/2025\/01\/songte-cylinder-head-with-all-kinds-excavator-models.webp\" alt=\"\u00c4mbri silindri asendamise pilt\"><\/p>\n<h2>Rakendused<\/h2>\n<p>Kopasilindrit kasutatakse erinevates t\u00f6\u00f6stusharudes:<\/p>\n<ol>\n<li>Ehitustehnika: Ekskavaatorites on need eluliselt t\u00e4htsad kaevamiseks, laadimiseks ja materjalide transportimiseks.<\/li>\n<li>P\u00f5llumajandusmasinad: Kasutatakse esilaadurites mulla, heina ja muude materjalide k\u00fchveldamiseks, t\u00f5stmiseks ja transportimiseks.<\/li>\n<li>Ekskavaatorid: Kopa silinder v\u00f5imaldab kaevamist, lastes kopal pinnasesse tungida.<\/li>\n<li>Rataslaadurid: Esilaadurites aitavad need kaupu t\u00f5husalt t\u00f5sta ja kallutada.<\/li>\n<\/ol>\n<h2>Projekteerimiskaalutlused ja valikukriteeriumid<\/h2>\n<ul>\n<li>Kandev\u00f5ime: Arutage silindri koormust kandev\u00f5imet ja selle m\u00f5ju projekteerimiskaalutlustele.<\/li>\n<li>Tihendus: Selgitage erinevate tihendite, n\u00e4iteks kolvitihendite ja varrastihendite olulisust ning kulumiskindlate materjalide, n\u00e4iteks pol\u00fcuretaani ja nitriilkummi kasutamist.<\/li>\n<li>Vastupidavus: Arutage silindri korpuse ja keermestatud otste peent pinnat\u00f6\u00f6tlust kulumiskindluse suurendamiseks.<\/li>\n<li>Ohutus: T\u00f5stke disainis esile ohutuskaalutlused, tagades ohutu t\u00f6\u00f6 ja minimeerides v\u00f5imalikke ohte.<\/li>\n<li>Hooldus: Arutage regulaarsete kontrollide, m\u00e4\u00e4rimise ja tihendite vahetamise olulisust silindri pikaealisuse tagamiseks.<\/li>\n<\/ul>\n<p><img decoding=\"async\" src=\"https:\/\/www.hydraulic-cylinders.net\/wp-content\/uploads\/2025\/01\/songte-oil-pipes-and-spare-parts.webp\" alt=\"H\u00fcdrauliliste silindrite osad\"><\/p>\n<h2>Tihendus ja m\u00e4\u00e4rimine<\/h2>\n<p>Kopasilindris kasutatakse mitmesuguseid tihenduskomponente, n\u00e4iteks kolvitihendeid ja vardatihendeid, mis on valmistatud kulumiskindlatest materjalidest, n\u00e4iteks pol\u00fcuretaanist ja nitriilkummist. Silindri korpus ja keermestatud otsad on kulumiskindluse suurendamiseks peenelt t\u00f6\u00f6deldud. Sujuva t\u00f6\u00f6 tagamiseks on vajalik regulaarne m\u00e4\u00e4rimine sobiva koguse h\u00fcdraulika\u00f5liga.<\/p>\n<h2>Kontrollid ja ennetav hooldus<\/h2>\n<p>Kopasilindri n\u00f5uetekohaseks toimimiseks on \u00fclioluline regulaarne kontroll ja ennetav hooldus. Peamised punktid, mida arvestada, on j\u00e4rgmised:<\/p>\n<ul>\n<li>Regulaarsed kontrollid: Kontrollige regulaarselt lekete, kahjustuste ja kulumise suhtes, et tuvastada v\u00f5imalikke probleeme.<\/li>\n<li>\u00d5ige m\u00e4\u00e4rimine: Sujuva t\u00f6\u00f6 tagamiseks m\u00e4\u00e4rige vastavalt soovitustele.<\/li>\n<li>Tihendi vahetamine: Optimaalse j\u00f5udluse s\u00e4ilitamiseks vahetage tihendid vastavalt vajadusele.<\/li>\n<li>Kalibreerimiskontrollid: T\u00e4pse t\u00f6\u00f6 tagamiseks tehke perioodilisi kalibreerimiskontrolle.<\/li>\n<\/ul>\n<p><img decoding=\"async\" src=\"https:\/\/www.hydraulic-cylinders.net\/wp-content\/uploads\/2025\/01\/songte-chushion-collar.webp\" alt=\"H\u00fcdraulilise silindri hooldus\"><\/p>\n<h2>Ohutuskaalutlused ja keskkonnategurid<\/h2>\n<p>Kopasilindriga t\u00f6\u00f6tamisel on oluline seada esikohale ohutusmeetmed, et v\u00e4ltida \u00f5nnetusi ja tagada operaatori heaolu. See h\u00f5lmab ohutusjuhiste j\u00e4rgimist, sobivate kaitsevahendite kandmist ja n\u00f5uetekohaste t\u00f6\u00f6protseduuride j\u00e4rgimist.<\/p>\n<h2>Rikete diagnoosimine ja t\u00f5rkeotsing<\/h2>\n<p>Oluline on olla teadlik kopasilindri v\u00f5imalikest riketest ja levinud probleemidest. Nende probleemide m\u00f5istmise abil saavad lugejad need t\u00f5husalt diagnoosida ja lahendada. Lisaks saab rakendada ennetavaid meetmeid v\u00f5imalike probleemide minimeerimiseks.<\/p>\n<p><img decoding=\"async\" src=\"https:\/\/www.hydraulic-cylinders.net\/wp-content\/uploads\/2025\/01\/songte-bushings-with-all-kinds-of-excavator-models.webp\" alt=\"H\u00fcdraulilise silindri probleemid\"><\/p>\n<h2>Kokkuv\u00f5te<\/h2>\n<p>Kokkuv\u00f5tteks v\u00f5ib \u00f6elda, et meie ettev\u00f5te on juhtiv h\u00fcdrauliliste silindrite tootja ja hulgim\u00fc\u00fcja nii sise- kui ka rahvusvahelisel turul. Oleme uhked oma suurep\u00e4rase kvaliteedi \u00fcle ning kasutame t\u00e4iustatud tootmisrajatisi ja professionaalseid testimiss\u00fcsteeme, et rahuldada oma klientide mitmekesiseid vajadusi. P\u00fchendudes t\u00f5hususele, t\u00e4psusele ja k\u00f5rgetele kvaliteedistandarditele, on meie tooted loodud vastu pidama n\u00f5udlikele t\u00f6\u00f6tingimustele. Meie ettev\u00f5te pakub kohandatud teenuseid, j\u00e4rgib rahvusvahelisi sertifikaate ja pakub igak\u00fclgset m\u00fc\u00fcgij\u00e4rgset tuge. P\u00fc\u00fcame pidevalt oma tootmisv\u00f5imalusi ja tootekvaliteeti t\u00e4iustada, et tagada klientide rahulolu.<\/p>\n<p><img decoding=\"async\" src=\"https:\/\/www.hydraulic-cylinders.net\/wp-content\/uploads\/2025\/01\/songte-company-3.webp\" alt=\"Ettev\u00f5tte \u00fclevaade\"><\/p>\n<p>Autor: lyl<\/p>\n<p><\/body><br \/>\n<\/html><\/p>","protected":false},"excerpt":{"rendered":"<p>Bucket Cylinder For Kato Small Excavator HD308R Bucket Cylinder For Kato Small Excavator HD308R Introduction The bucket cylinder is a specially designed hydraulic cylinder used for controlling the movement of the bucket in heavy machinery such as excavators, backhoe loaders, and wheel loaders. Its main function is to enable the lifting, lowering, and tilting of [&hellip;]<\/p>","protected":false},"featured_media":14771,"comment_status":"open","ping_status":"closed","template":"","meta":{"_et_pb_use_builder":"","_et_pb_old_content":"","_et_gb_content_width":""},"product_brand":[],"product_cat":[1494],"product_tag":[1495,1496],"class_list":{"0":"post-16027","1":"product","2":"type-product","3":"status-publish","4":"has-post-thumbnail","6":"product_cat-bucket-cylinders","7":"product_tag-bucket-cylinders","8":"product_tag-hydraulic-cylinders","10":"first","11":"instock","12":"shipping-taxable","13":"product-type-simple"},"amp_enabled":true,"_links":{"self":[{"href":"https:\/\/www.hydraulic-cylinders.net\/et\/wp-json\/wp\/v2\/product\/16027","targetHints":{"allow":["GET"]}}],"collection":[{"href":"https:\/\/www.hydraulic-cylinders.net\/et\/wp-json\/wp\/v2\/product"}],"about":[{"href":"https:\/\/www.hydraulic-cylinders.net\/et\/wp-json\/wp\/v2\/types\/product"}],"replies":[{"embeddable":true,"href":"https:\/\/www.hydraulic-cylinders.net\/et\/wp-json\/wp\/v2\/comments?post=16027"}],"wp:featuredmedia":[{"embeddable":true,"href":"https:\/\/www.hydraulic-cylinders.net\/et\/wp-json\/wp\/v2\/media\/14771"}],"wp:attachment":[{"href":"https:\/\/www.hydraulic-cylinders.net\/et\/wp-json\/wp\/v2\/media?parent=16027"}],"wp:term":[{"taxonomy":"product_brand","embeddable":true,"href":"https:\/\/www.hydraulic-cylinders.net\/et\/wp-json\/wp\/v2\/product_brand?post=16027"},{"taxonomy":"product_cat","embeddable":true,"href":"https:\/\/www.hydraulic-cylinders.net\/et\/wp-json\/wp\/v2\/product_cat?post=16027"},{"taxonomy":"product_tag","embeddable":true,"href":"https:\/\/www.hydraulic-cylinders.net\/et\/wp-json\/wp\/v2\/product_tag?post=16027"}],"curies":[{"name":"wp","href":"https:\/\/api.w.org\/{rel}","templated":true}]}}