{"id":16030,"date":"2025-01-19T15:18:47","date_gmt":"2025-01-19T15:18:47","guid":{"rendered":"https:\/\/www.hydraulic-cylinders.net\/product\/bucket-cylinder-for-kato-small-excavator-hd880-1-2\/"},"modified":"2025-01-19T15:18:49","modified_gmt":"2025-01-19T15:18:49","slug":"bucket-cylinder-for-kato-small-excavator-hd880-1-2","status":"publish","type":"product","link":"https:\/\/www.hydraulic-cylinders.net\/et\/toode\/bucket-cylinder-for-kato-small-excavator-hd880-1-2\/","title":{"rendered":"Kato v\u00e4ikese ekskavaatori HD880-1-2 kopa silinder"},"content":{"rendered":"<h1>Kato v\u00e4ikese ekskavaatori HD880-1-2 kopa silinder<\/h1>\n<h2>Sissejuhatus<\/h2>\n<p>Kato v\u00e4ikeekskavaatori HD880-1-2 kopa silinder on spetsiaalne h\u00fcdrauliline silinder, mis on loodud kopa liikumise juhtimiseks rasketes masinates, n\u00e4iteks ekskavaatorites, laadur-ekskavaatorites ja esilaadurites. Selle peamine \u00fclesanne on v\u00f5imaldada kopa t\u00f5stmist, langetamist ja kallutamist erinevate materjalide h\u00f5lpsaks k\u00e4sitsemiseks. H\u00fcdraulikas\u00fcsteemis kasutab kopa silinder h\u00fcdraulika\u00f5li r\u00f5hu muutusi, et saavutada kopa t\u00e4pne juhtimine, mis v\u00f5imaldab operaatoril t\u00f5husalt k\u00e4sitseda raskeid koormaid ning kohaneda keerukate t\u00f6\u00f6keskkondade ja mitmekesiste t\u00f6\u00f6n\u00f5uetega.<\/p>\n<p><img decoding=\"async\" src=\"https:\/\/www.hydraulic-cylinders.net\/wp-content\/uploads\/2025\/01\/songte-company-2.webp\"><\/p>\n<h2>Omadused<\/h2>\n<ul>\n<li>\n<h3>Suur tugevus ja vastupidavus<\/h3>\n<p>Tavaliselt \u00fclitugevast terasest v\u00f5i alumiiniumist valmistatud kopa silinder talub k\u00f5rget r\u00f5hku ja suuri koormusi, kohandudes karmide t\u00f6\u00f6keskkondadega. Selle disain arvestab kulumiskindluse ja korrosioonikindlusega, et pikendada selle kasutusiga.<\/p>\n<\/li>\n<li>\n<h3>T\u00f5hus h\u00fcdrauliline t\u00f6\u00f6<\/h3>\n<p>H\u00fcdraulilise \u00f5lir\u00f5hu abil sujuva teleskoopliikumise saavutamiseks reageerib kopa silinder kiiresti juhtimisk\u00e4sklustele, pakkudes v\u00f5imsat t\u00f5uke- ja t\u00f5mbej\u00f5udu, mis sobib raskete koormate ja keerukate t\u00f6\u00f6de k\u00e4sitsemiseks.<\/p>\n<\/li>\n<li>\n<h3>Erinevad t\u00fc\u00fcbid<\/h3>\n<p>Kopa silinder v\u00f5ib olenevalt t\u00f6\u00f6vajadustest olla \u00fchetoimeline (h\u00fcdrauliline ainult \u00fches suunas) v\u00f5i kahetoimeline (h\u00fcdrauliline m\u00f5lemas suunas). M\u00f5ned mudelid on teleskoopilised, mis v\u00f5imaldab suuremat pikendust ilma v\u00e4lism\u00f5\u00f5tmeid suurendamata, mist\u00f5ttu need sobivad ideaalselt piiratud ruumiga rakenduste jaoks.<\/p>\n<\/li>\n<li>\n<h3>T\u00e4iuslik asendusv\u00f5ime<\/h3>\n<p>Meie toode saab neid h\u00fcdrosilindreid ideaalselt asendada.<\/p>\n<\/li>\n<li>\n<h3>Rakendusstsenaariumid<\/h3>\n<ul>\n<li>\n<h4>Ehitustehnika<\/h4>\n<p>Ekskavaatorites on need h\u00e4davajalikud kaevamiseks, laadimiseks ja mulla v\u00f5i prahi teisaldamiseks. Ekskavaator-laadurites aitab kopa silinder nii kaevamisel kui ka t\u00f5stmisel. Esilaadurites aitavad need lasti t\u00f5husalt t\u00f5sta ja t\u00fchjendada.<\/p>\n<\/li>\n<li>\n<h4>P\u00f5llumajandustehnika<\/h4>\n<p>Kopasilindrit kasutatakse esilaadurites mulla, heina ja muude materjalide k\u00fchveldamiseks, t\u00f5stmiseks ja transportimiseks.<\/p>\n<\/li>\n<li>\n<h4>Ekskavaatorid<\/h4>\n<p>Kopa silinder v\u00f5imaldab kopal tungida pinnasesse kaevet\u00f6\u00f6de tegemiseks.<\/p>\n<\/li>\n<li>\n<h4>Laadurid<\/h4>\n<p>Esilaadurites aitavad need lasti t\u00f5husalt t\u00f5sta ja maha laadida.<\/p>\n<\/li>\n<\/ul>\n<\/li>\n<\/ul>\n<h2>Projekteerimiskaalutlused ja valikukriteeriumid<\/h2>\n<ul>\n<li>\n<h3>Kandev\u00f5ime<\/h3>\n<p>Kopa silinder peab taluma k\u00f5rget r\u00f5hku ja suuri koormusi, kohandudes karmide t\u00f6\u00f6keskkondadega. Selle konstruktsioonis on arvestatud kulumiskindluse ja korrosioonikindlusega, et pikendada selle kasutusiga.<\/p>\n<\/li>\n<li>\n<h3>Tihendus<\/h3>\n<p>Kopasilindris tuleks kasutada mitmesuguseid tihenduskomponente, n\u00e4iteks kolvitihendeid, vardatihendeid jne. Tihendid on valmistatud kulumiskindlatest materjalidest, nagu pol\u00fcuretaan ja nitriilkummi. Silindri korpus ja keermestatud otsapinnad on peenelt t\u00f6\u00f6deldud, et parandada kulumiskindlust. Samuti on vaja regulaarselt lisada m\u00e4\u00e4rimiseks sobivat kogust h\u00fcdraulika\u00f5li.<\/p>\n<\/li>\n<li>\n<h3>Vastupidavus<\/h3>\n<p>Kopa silinder peaks olema valmistatud \u00fclitugevatest materjalidest, et see taluks karme t\u00f6\u00f6tingimusi. Selle konstruktsioonil tuleks arvestada kulumiskindluse ja korrosioonikindlusega, et pikendada selle kasutusiga.<\/p>\n<\/li>\n<li>\n<h3>Ohutus<\/h3>\n<p>Kopa silinder peaks olema konstrueeritud ohutust silmas pidades ning seda peaks olema lihtne paigaldada, kasutada ja hooldada. \u00d5nnetuste v\u00e4ltimiseks ja ohutu t\u00f6\u00f6 tagamiseks tuleks teha regulaarseid kontrolle ja hooldust.<\/p>\n<\/li>\n<li>\n<h3>Hooldatavus<\/h3>\n<p>Kopasilindrit peaks olema lihtne hooldada ning varuosad ja remonditeenused peaksid olema kergesti k\u00e4ttesaadavad. Rikete v\u00e4ltimiseks ja optimaalse j\u00f5udluse tagamiseks tuleks teostada regulaarseid kontrolle ja hooldust.<\/p>\n<\/li>\n<\/ul>\n<p><img decoding=\"async\" src=\"https:\/\/www.hydraulic-cylinders.net\/wp-content\/uploads\/2025\/01\/songte-oil-pipes-and-spare-parts.webp\"><\/p>\n<h2>Hooldus ja t\u00f5rkeotsing<\/h2>\n<ul>\n<li>\n<h3>Paigaldusjuhend<\/h3>\n<p>Paigaldamise ajal tuleks kopa silinder korralikult joondada ja selle kinnitamiseks tuleks kasutada sobivaid kinnitusklambreid. Silindri \u00f5ige joondamine on optimaalse j\u00f5udluse tagamiseks vajalik.<\/p>\n<\/li>\n<li>\n<h3>Hooldus\u00fclesanded<\/h3>\n<p>Regulaarsete hooldust\u00f6\u00f6de hulka kuuluvad \u00fclevaatused, m\u00e4\u00e4rimine, tihendite vahetamine ja kalibreerimise kontrollimine. N\u00f5uetekohane paigaldamine, m\u00e4\u00e4rimine ja reguleerimine on kopasilindri pikaealisuse ja optimaalse j\u00f5udluse tagamiseks \u00fcliolulised.<\/p>\n<\/li>\n<li>\n<h3>Veaotsing<\/h3>\n<p>Kopasilindri levinud probleemide hulka kuuluvad vedeliku lekked, ebapiisav v\u00f5i liigne liikumine ja juhtimisk\u00e4sklustele reageerimata j\u00e4tmine. Lugejatel tuleks pakkuda t\u00f5rkeotsingu n\u00e4pun\u00e4iteid ja lahendusi, mis aitavad neil neid probleeme diagnoosida ja lahendada.<\/p>\n<\/li>\n<\/ul>\n<p><img decoding=\"async\" src=\"https:\/\/www.hydraulic-cylinders.net\/wp-content\/uploads\/2025\/01\/songte-chushion-collar.webp\"><\/p>\n<h2>Meie ettev\u00f5ttest<\/h2>\n<p>Oleme juhtiv h\u00fcdrauliliste silindrite tootja ja hulgim\u00fc\u00fcja nii sise- kui ka rahvusvahelisel turul. Pakume t\u00e4ielikku tootevalikut ja j\u00e4rgime suurep\u00e4rase kvaliteedi p\u00f5him\u00f5tteid. Meie industrialiseeritud tootmisjuhtimise strateegia tugineb tehnoloogilise talendi, tipptasemel digitaalsete tootmisseadmete ja professionaalsete testimiss\u00fcsteemide kasutamisele, et pidevalt t\u00e4iustada meie t\u00f6\u00f6koja tootmisplatvormi, t\u00e4iustada meie tootekvaliteediga tootmisliine ja omada tugevaid loomingulisi v\u00f5imeid, pakkudes klientidele t\u00f5husaid, \u00fclit\u00e4pseid ja kvaliteetseid tooteid, mis vastavad mitmesugustele vajadustele.<\/p>\n<ul>\n<li>\n<h3>Professionaalsus<\/h3>\n<p>Meil on kogenud inseneride ja tehnikute meeskond, kes on spetsialiseerunud h\u00fcdrauliliste silindrite projekteerimisele ja tootmisele. Oleme p\u00fchendunud pakkuma oma klientidele kvaliteetseid tooteid ja suurep\u00e4rast teenindust.<\/p>\n<\/li>\n<li>\n<h3>Rahvusvaheline sertifitseerimine<\/h3>\n<p>Meie ettev\u00f5te on omandanud ISO9001 rahvusvahelise kvaliteedijuhtimiss\u00fcsteemi sertifikaadi, mis tagab meie toodete vastavuse rahvusvahelistele kvaliteedistandarditele.<\/p>\n<\/li>\n<li>\n<h3>Kohandamise teenused<\/h3>\n<p>Meie ettev\u00f5te pakub h\u00fcdrauliliste silindrite kohandatud teenuseid vastavalt klientide erin\u00f5uetele, rahuldades nende individuaalseid vajadusi.<\/p>\n<\/li>\n<li>\n<h3>Tootmisseadmed<\/h3>\n<p>Meie ettev\u00f5te kasutab t\u00e4iustatud tootmisseadmeid ja testimiss\u00fcsteeme, et tagada meie toodete kvaliteet ja toimivus.<\/p>\n<\/li>\n<li>\n<h3>M\u00fc\u00fcgij\u00e4rgne teenindus<\/h3>\n<p>Meie ettev\u00f5te pakub suurep\u00e4rast m\u00fc\u00fcgij\u00e4rgset teenindust, et tagada klientide rahulolu.<\/p>\n<\/li>\n<\/ul>\n<p><img decoding=\"async\" src=\"https:\/\/hzpt.com\/wp-content\/uploads\/2024\/11\/songte-company-1.webp\"><\/p>\n<p>Autor: lyl.<\/p>","protected":false},"excerpt":{"rendered":"<p>Bucket Cylinder For Kato Small Excavator HD880-1-2 Introduction The Bucket Cylinder for Kato Small Excavator HD880-1-2 is a specialized hydraulic cylinder designed to control the movement of the bucket in heavy machinery such as excavators, backhoe loaders, and front-end loaders. Its main function is to allow the bucket to lift, lower, and tilt for easy [&hellip;]<\/p>","protected":false},"featured_media":14762,"comment_status":"open","ping_status":"closed","template":"","meta":{"_et_pb_use_builder":"","_et_pb_old_content":"","_et_gb_content_width":""},"product_brand":[],"product_cat":[1494],"product_tag":[1495,1496],"class_list":{"0":"post-16030","1":"product","2":"type-product","3":"status-publish","4":"has-post-thumbnail","6":"product_cat-bucket-cylinders","7":"product_tag-bucket-cylinders","8":"product_tag-hydraulic-cylinders","10":"first","11":"instock","12":"shipping-taxable","13":"product-type-simple"},"amp_enabled":true,"_links":{"self":[{"href":"https:\/\/www.hydraulic-cylinders.net\/et\/wp-json\/wp\/v2\/product\/16030","targetHints":{"allow":["GET"]}}],"collection":[{"href":"https:\/\/www.hydraulic-cylinders.net\/et\/wp-json\/wp\/v2\/product"}],"about":[{"href":"https:\/\/www.hydraulic-cylinders.net\/et\/wp-json\/wp\/v2\/types\/product"}],"replies":[{"embeddable":true,"href":"https:\/\/www.hydraulic-cylinders.net\/et\/wp-json\/wp\/v2\/comments?post=16030"}],"wp:featuredmedia":[{"embeddable":true,"href":"https:\/\/www.hydraulic-cylinders.net\/et\/wp-json\/wp\/v2\/media\/14762"}],"wp:attachment":[{"href":"https:\/\/www.hydraulic-cylinders.net\/et\/wp-json\/wp\/v2\/media?parent=16030"}],"wp:term":[{"taxonomy":"product_brand","embeddable":true,"href":"https:\/\/www.hydraulic-cylinders.net\/et\/wp-json\/wp\/v2\/product_brand?post=16030"},{"taxonomy":"product_cat","embeddable":true,"href":"https:\/\/www.hydraulic-cylinders.net\/et\/wp-json\/wp\/v2\/product_cat?post=16030"},{"taxonomy":"product_tag","embeddable":true,"href":"https:\/\/www.hydraulic-cylinders.net\/et\/wp-json\/wp\/v2\/product_tag?post=16030"}],"curies":[{"name":"wp","href":"https:\/\/api.w.org\/{rel}","templated":true}]}}