{"id":1607,"date":"2023-10-08T01:17:41","date_gmt":"2023-10-08T01:17:41","guid":{"rendered":"https:\/\/hydraulic-cylinders.net\/?post_type=product&#038;p=1607"},"modified":"2025-04-14T01:17:37","modified_gmt":"2025-04-14T01:17:37","slug":"mining-dump-truck-lifting-cylinder","status":"publish","type":"product","link":"https:\/\/www.hydraulic-cylinders.net\/et\/toode\/mining-dump-truck-lifting-cylinder\/","title":{"rendered":"Kaevanduskalluri t\u00f5stesilinder"},"content":{"rendered":"<h1 style=\"text-align: center;\"><strong>Kaevanduskalluri t\u00f5stesilinder<\/strong><\/h1>\n<p><img loading=\"lazy\" decoding=\"async\" class=\"aligncenter wp-image-1608\" src=\"https:\/\/hydraulic-cylinders.net\/wp-content\/uploads\/2023\/10\/lifting-cylinder-1-300x300.webp\" alt=\"\" width=\"400\" height=\"400\" \/><\/p>\n<p>Kaevanduskalluri t\u00f5stesilinder on oluline komponent, mis on spetsiaalselt loodud kaevanduskallurite jaoks. See v\u00f5imas h\u00fcdrauliline silinder vastutab veoauto kalluri kasti t\u00f5stmise ja langetamise eest, v\u00f5imaldades materjalide t\u00f5husat laadimist ja mahalaadimist kaevandust\u00f6\u00f6del.<\/p>\n<p>Kaevanduskalluri t\u00f5stesilinder on oluline komponent, mis aitab oluliselt kaasa kaevandust\u00f6\u00f6de t\u00f5hususele ja tootlikkusele. Oma vastupidava konstruktsiooni, suure t\u00f5stev\u00f5ime ja t\u00e4pse juhtimisega v\u00f5imaldab see h\u00fcdrauliline silinder materjalide sujuvat laadimist ja mahalaadimist, minimeerides seisakuid ja maksimeerides tootlikkust. J\u00e4rgides \u00f5igeid kasutusmeetodeid ja soovitatud hooldustavasid, saavad operaatorid tagada kaevanduskalluri t\u00f5stesilindri pikaealisuse ja usaldusv\u00e4\u00e4rse j\u00f5udluse. Valige see suure j\u00f5udlusega silinder, et parandada oma kaevanduskalluri t\u00f5stev\u00f5imet ja optimeerida oma kaevandust\u00f6id.<\/p>\n<p>Kaevanduskalluri t\u00f5stesilindri peamised omadused:<\/p>\n<ol>\n<li>Tugev ja usaldusv\u00e4\u00e4rne konstruktsioon:<\/li>\n<\/ol>\n<ul>\n<li>Kaevanduskalluri t\u00f5stesilinder on ehitatud vastupidavust silmas pidades, kasutades kvaliteetseid materjale ja t\u00e4ppistehnoloogiat, et taluda kaevandust\u00f6\u00f6de n\u00f5udlikke tingimusi.<\/li>\n<li>See pakub erakordset tugevust ja t\u00f6\u00f6kindlust raskete koormustega toimetulekuks, tagades \u00fchtlase j\u00f5udluse isegi karmides tingimustes.<\/li>\n<\/ul>\n<ol start=\"2\">\n<li>Suur t\u00f5stev\u00f5ime:<\/li>\n<\/ol>\n<ul>\n<li>See silinder on konstrueeritud pakkuma m\u00e4rkimisv\u00e4\u00e4rset t\u00f5stev\u00f5imet, mis v\u00f5imaldab kaevanduskalluril t\u00f5husalt k\u00e4sitseda suuri materjalimahtusid.<\/li>\n<li>Oma muljetavaldava t\u00f5stej\u00f5uga v\u00f5imaldab see kiiret ja usaldusv\u00e4\u00e4rset t\u00fchjendamist, minimeerides seisakuid ja maksimeerides tootlikkust t\u00f6\u00f6platsil.<\/li>\n<\/ul>\n<ol start=\"3\">\n<li>T\u00e4pne juhtimine ja sujuv t\u00f6\u00f6:<\/li>\n<\/ol>\n<ul>\n<li>Kaevanduskalluri t\u00f5stesilinder pakub t\u00e4pset juhtimist kalluri t\u00f5stmise ja langetamise \u00fcle, tagades sujuva ja t\u00e4pse liikumise.<\/li>\n<li>See funktsioon v\u00f5imaldab operaatoritel pr\u00fcgikasti t\u00e4pselt paigutada, h\u00f5lbustades t\u00f5husat laadimist ja mahalaadimist.<\/li>\n<\/ul>\n<h2><strong>Kaevanduskalluri t\u00f5stesilindri parameeter:<\/strong><\/h2>\n<table border=\"1\" cellspacing=\"0\" cellpadding=\"0\">\n<tbody>\n<tr>\n<td>Toote nimi<\/td>\n<td>Kaevanduskalluri t\u00f5stesilinder<\/td>\n<\/tr>\n<tr>\n<td>Omadused:<\/td>\n<td>Kere t\u00f5stmine\/langetamine kauba t\u00fchjendamiseks<\/td>\n<\/tr>\n<tr>\n<td>Ava l\u00e4bim\u00f5\u00f5t:<\/td>\n<td>120 mm\uff5e380 mm<\/td>\n<\/tr>\n<tr>\n<td>Varda l\u00e4bim\u00f5\u00f5t:<\/td>\n<td>90 mm\uff5e350 mm<\/td>\n<\/tr>\n<tr>\n<td>\u00dcldiselt:<\/td>\n<td>Kahe- v\u00f5i kolmeastmeline silinder<\/td>\n<\/tr>\n<tr>\n<td>T\u00f5stesilindri rakendused:<\/td>\n<td>Kaevanduskallur<\/td>\n<\/tr>\n<\/tbody>\n<\/table>\n<h2><strong>Kaevanduskalluri silindri identifitseerimisskeem:<\/strong><\/h2>\n<p><img loading=\"lazy\" decoding=\"async\" class=\"alignnone wp-image-1594 size-full\" src=\"https:\/\/hydraulic-cylinders.net\/wp-content\/uploads\/2023\/10\/mining-dump-truck-cylinder.webp\" alt=\"\" width=\"1418\" height=\"946\" srcset=\"https:\/\/hydraulic-cylinders.net\/wp-content\/uploads\/2023\/10\/mining-dump-truck-cylinder.webp 1418w, https:\/\/hydraulic-cylinders.net\/wp-content\/uploads\/2023\/10\/mining-dump-truck-cylinder-1280x854.webp 1280w, https:\/\/hydraulic-cylinders.net\/wp-content\/uploads\/2023\/10\/mining-dump-truck-cylinder-980x654.webp 980w, https:\/\/hydraulic-cylinders.net\/wp-content\/uploads\/2023\/10\/mining-dump-truck-cylinder-480x320.webp 480w\" sizes=\"(min-width: 0px) and (max-width: 480px) 480px, (min-width: 481px) and (max-width: 980px) 980px, (min-width: 981px) and (max-width: 1280px) 1280px, (min-width: 1281px) 1418px, 100vw\" \/><\/p>\n<h2><strong>Kaevanduskalluri t\u00f5stesilindri kasutusmeetod<\/strong><strong>:<\/strong><\/h2>\n<ol>\n<li><strong>Integreerimine kallurauto s\u00fcsteemiga:<\/strong><\/li>\n<\/ol>\n<ul>\n<li>Kaevanduskalluri t\u00f5stesilinder on tavaliselt integreeritud kalluri h\u00fcdros\u00fcsteemi.<\/li>\n<li>See on \u00fchendatud h\u00fcdraulilise j\u00f5uallikaga, n\u00e4iteks pumbaga, mis tagab silindri t\u00f6\u00f6ks vajaliku h\u00fcdraulilise r\u00f5hu.<\/li>\n<\/ul>\n<ol start=\"2\">\n<li><strong>Kontrollimehhanismid:<\/strong><\/li>\n<\/ol>\n<ul>\n<li>Kallurplatvormi t\u00f5stmist ja langetamist juhitakse h\u00fcdrauliliste ventiilide ja juhtkangide abil, mis asuvad veoauto kabiinis.<\/li>\n<li>Operaatorid saavad silindrit aktiveerida, et pr\u00fcgikasti t\u00f5sta v\u00f5i langetada, mis v\u00f5imaldab materjali t\u00f5husat k\u00e4itlemist.<\/li>\n<\/ul>\n<h2><strong>Kuidas h\u00fcdrauliline rooliv\u00f5imendi t\u00f6\u00f6tab?<\/strong><\/h2>\n<p>H\u00fcdrauliline rooliv\u00f5imendi on t\u00e4nap\u00e4evaste s\u00f5idukite p\u00f5hikomponent, mis aitab juhil s\u00f5idukit h\u00f5lpsalt ja t\u00e4pselt juhtida. See kasutab h\u00fcdraulilist r\u00f5hku juhi sisendi v\u00f5imendamiseks ning sujuva ja tundliku roolimise tagamiseks. Uurime, kuidas h\u00fcdrauliline rooliv\u00f5imendi t\u00f6\u00f6tab:<\/p>\n<ol>\n<li><strong>H\u00fcdrauliline pump:<\/strong><br \/>\nS\u00fcsteem algab h\u00fcdropumbaga, mida tavaliselt k\u00e4itab s\u00f5iduki mootor. Pump vastutab h\u00fcdraulilise r\u00f5hu tekitamise eest, ammutades j\u00f5udu mootori p\u00f6\u00f6rlemisliikumisest. See on tavaliselt mootoriga \u00fchendatud rihma v\u00f5i muu mehaanilise vahendi abil.<\/li>\n<li><strong>Rooliv\u00f5imendi vedelik:<\/strong><br \/>\nH\u00fcdraulikapump tsirkuleerib rooliv\u00f5imendi vedelikku, tuntud ka kui h\u00fcdraulika\u00f5li, kogu s\u00fcsteemis. Vedelik toimib j\u00f5u ja r\u00f5hu \u00fclekandevahendina.<\/li>\n<li><strong>Rooliajam\/hammasratas:<\/strong><br \/>\nRooliv\u00f5imendi vedelik suunatakse roolik\u00e4igukasti v\u00f5i hammaslati ja hammasratta komplekti. Need komponendid muudavad rooli p\u00f6\u00f6rlemisliikumise k\u00fclgliikumiseks, mis p\u00f6\u00f6rab s\u00f5iduki rattaid.<\/li>\n<li><strong>V\u00f5imsusabi:<\/strong><br \/>\nRooliv\u00f5imendi s\u00fcsteem sisaldab rooliv\u00f5imendi abimehhanismi, n\u00e4iteks rooliv\u00f5imendi juhtventiili v\u00f5i rooliv\u00f5imendi abisilindrit. Need komponendid kasutavad pumba h\u00fcdraulilist r\u00f5hku juhi roolimisliigutuse abistamiseks. Kui juht rooli keerab, reguleerib abimehhanism rooliv\u00f5imendi vedeliku voolu, aidates v\u00e4hendada rataste p\u00f6\u00f6ramiseks vajalikku pingutust.<\/li>\n<li><strong>Roolimise tagasiside:<\/strong><br \/>\nLoomuliku roolitunnetuse s\u00e4ilitamiseks ja juhile tagasiside andmiseks sisaldab rooliv\u00f5imendi seadet, mida nimetatakse roolimehhanismiks v\u00f5i v\u00e4\u00e4ndlatiks. See komponent v\u00f5imaldab roolil teatud tasemel takistust ja tagasisidet tunda, parandades juhi sidet teega.<\/li>\n<li><strong>R\u00f5hu alandamise ventiil:<\/strong><br \/>\nRooliv\u00f5imendi s\u00fcsteemi on sisse ehitatud \u00fcler\u00f5huklapp, et v\u00e4ltida liigset r\u00f5hu tekkimist. See tagab s\u00fcsteemi toimimise ohututes piirides ja kaitseb v\u00f5imalike kahjustuste eest.<\/li>\n<\/ol>\n<h2><strong>Tehase v\u00f5imekus ja suutlikkus:<\/strong><\/h2>\n<h3>(1) Kokkupanek<\/h3>\n<p>Meil on esmaklassiline s\u00f5ltumatu teadus- ja arendustegevuse montaa\u017eiplatvorm. H\u00fcdrosilindrite tootmist\u00f6\u00f6kojas on neli poolautomaatset t\u00f5stesilindrite koosteliini ja \u00fcks automaatne kallutussilindrite koosteliin, mille kavandatud aastane tootmisv\u00f5imsus on 1 miljon t\u00fckki. Spetsiaalsete silindrite t\u00f6\u00f6koda on varustatud erinevate spetsifikatsioonidega poolautomaatse puhastusmontaa\u017eis\u00fcsteemiga, mille kavandatud aastane tootmisv\u00f5imsus on 200 000 ja mis on varustatud kuulsate CNC-t\u00f6\u00f6tlemisseadmete, mehaanilise t\u00f6\u00f6tlemise keskuse, suure t\u00e4psusega silindrite t\u00f6\u00f6tlemise eriseadmete, robotkeevitusmasina, automaatse puhastusmasina, automaatse silindri kokkupanemise masina ja automaatse v\u00e4rvimise tootmisliiniga. Olemasolevad kriitilised seadmed rohkem kui 300 komplekti (komplekti). Seadmete ressursside optimaalne jaotamine ja t\u00f5hus kasutamine tagavad toodete t\u00e4psusn\u00f5uded ja vastavad toodete kvaliteedin\u00f5uetele.<\/p>\n<p><img loading=\"lazy\" decoding=\"async\" class=\"alignnone wp-image-626\" src=\"https:\/\/hydraulic-cylinders.net\/wp-content\/uploads\/2023\/08\/hydraulic-cylinder-product-1-300x158.webp\" alt=\"\" width=\"495\" height=\"260\" srcset=\"https:\/\/hydraulic-cylinders.net\/wp-content\/uploads\/2023\/08\/hydraulic-cylinder-product-1-300x158.webp 495w, https:\/\/hydraulic-cylinders.net\/wp-content\/uploads\/2023\/08\/hydraulic-cylinder-product-1-480x252.webp 480w\" sizes=\"(min-width: 0px) and (max-width: 480px) 480px, (min-width: 481px) 495px, 100vw\" \/> <img loading=\"lazy\" decoding=\"async\" class=\"alignnone wp-image-627\" src=\"https:\/\/hydraulic-cylinders.net\/wp-content\/uploads\/2023\/08\/hydraulic-cylinder-product-2-300x189.webp\" alt=\"\" width=\"413\" height=\"260\" \/><\/p>\n<h3>(2) T\u00f6\u00f6tlemine<\/h3>\n<p>T\u00f6\u00f6deldav t\u00f6\u00f6koda on varustatud kohandatud kallutatud r\u00f6\u00f6pse treipingi keskuse, mehaanilise keskuse, kiire lihvimismasina, keevitusroboti ja muude seotud seadmetega, mis suudavad t\u00f6\u00f6delda silindritorusid, mille maksimaalne sisel\u00e4bim\u00f5\u00f5t on 400 mm ja maksimaalne pikkus on 6 meetrit.<\/p>\n<p><img loading=\"lazy\" decoding=\"async\" class=\"alignnone wp-image-628 size-large\" src=\"https:\/\/hydraulic-cylinders.net\/wp-content\/uploads\/2023\/08\/hydraulic-cylinder-product-3-1024x391.webp\" alt=\"\" width=\"1024\" height=\"391\" srcset=\"https:\/\/hydraulic-cylinders.net\/wp-content\/uploads\/2023\/08\/hydraulic-cylinder-product-3-980x374.webp 980w, https:\/\/hydraulic-cylinders.net\/wp-content\/uploads\/2023\/08\/hydraulic-cylinder-product-3-480x183.webp 480w\" sizes=\"(min-width: 0px) and (max-width: 480px) 480px, (min-width: 481px) and (max-width: 980px) 980px, (min-width: 981px) 1024px, 100vw\" \/><\/p>\n<h3>(3) Keevitamine<\/h3>\n<p><img loading=\"lazy\" decoding=\"async\" class=\"alignnone wp-image-629 size-large\" src=\"https:\/\/hydraulic-cylinders.net\/wp-content\/uploads\/2023\/08\/hydraulic-cylinder-product-4-1024x510.webp\" alt=\"\" width=\"1024\" height=\"510\" srcset=\"https:\/\/hydraulic-cylinders.net\/wp-content\/uploads\/2023\/08\/hydraulic-cylinder-product-4-980x488.webp 980w, https:\/\/hydraulic-cylinders.net\/wp-content\/uploads\/2023\/08\/hydraulic-cylinder-product-4-480x239.webp 480w\" sizes=\"(min-width: 0px) and (max-width: 480px) 480px, (min-width: 481px) and (max-width: 980px) 980px, (min-width: 981px) 1024px, 100vw\" \/><\/p>\n<h3>(4) V\u00e4rvimine ja katmine<\/h3>\n<p>V\u00e4ikese ja keskmise suurusega silindri automaatse veep\u00f5hise v\u00e4rvipinnakattega liinide abil, et saavutada automaatne robotlaadimine ja mahalaadimine ning automaatne pihustamine, projekteerimisv\u00f5imsus 4000 t\u00fckki vahetuse kohta;<br \/>\nMeil on ka poolautomaatne suurte balloonide v\u00e4rvimise tootmisliin, mis t\u00f6\u00f6tab j\u00f5ukettaga ja mille projekteerimisv\u00f5imsus on 60 kasti \u00fche vahetuse kohta.<\/p>\n<p><img loading=\"lazy\" decoding=\"async\" class=\"alignnone wp-image-630\" src=\"https:\/\/hydraulic-cylinders.net\/wp-content\/uploads\/2023\/08\/hydraulic-cylinder-product-5-300x213.webp\" alt=\"\" width=\"366\" height=\"260\" \/> <img loading=\"lazy\" decoding=\"async\" class=\"alignnone wp-image-631\" src=\"https:\/\/hydraulic-cylinders.net\/wp-content\/uploads\/2023\/08\/hydraulic-cylinder-product-6-300x225.webp\" alt=\"\" width=\"347\" height=\"260\" \/><\/p>\n<h3>(5) Testimine<\/h3>\n<p>Meil on esmaklassilised kontrolliseadmed ja katsestendid, et tagada silindri j\u00f5udlus vastavus n\u00f5uetele.<\/p>\n<p><img loading=\"lazy\" decoding=\"async\" class=\"alignnone wp-image-632\" src=\"https:\/\/hydraulic-cylinders.net\/wp-content\/uploads\/2023\/08\/hydraulic-cylinder-product-8-300x200.webp\" alt=\"\" width=\"389\" height=\"260\" \/><\/p>\n<p>&nbsp;<\/p>\n<p>&nbsp;<\/p>\n<p>Oleme \u00fcks parimaid h\u00fcdrosilindrite tootjaid. Pakume laia valikut h\u00fcdrosilindreid. Pakume ka vastavaid... <a href=\"https:\/\/hzpt.com\/agricultural-pto-gearbox\/\" target=\"_blank\" rel=\"noopener\">p\u00f5llumajanduslikud k\u00e4igukastid<\/a>. Oleme eksportinud oma tooteid klientidele \u00fcle maailma ja teeninud hea maine t\u00e4nu meie suurep\u00e4rasele tootekvaliteedile ja m\u00fc\u00fcgij\u00e4rgsele teenindusele. Me tervitame kliente kodus ja v\u00e4lismaal, et v\u00f5tta meiega \u00fchendust, et pidada l\u00e4bir\u00e4\u00e4kimisi \u00e4ri, vahetada teavet ja <a href=\"https:\/\/www.hydraulic-cylinders.net\/et\/contact-us\/\">teha meiega koost\u00f6\u00f6d<\/a>!<\/p>","protected":false},"excerpt":{"rendered":"<p>Mining Dump Truck Lifting Cylinder The mining dump truck lifting cylinder is an essential component designed specifically for mining dump trucks. This powerful hydraulic cylinder is responsible for lifting and lowering the truck&#8217;s dump bed, allowing for efficient loading and unloading of materials in mining operations. The mining dump truck lifting cylinder is a crucial [&hellip;]<\/p>","protected":false},"featured_media":1609,"comment_status":"open","ping_status":"closed","template":"","meta":{"_et_pb_use_builder":"","_et_pb_old_content":"","_et_gb_content_width":""},"product_brand":[],"product_cat":[1517,1532,1549,1376,1393],"product_tag":[1380],"class_list":{"0":"post-1607","1":"product","2":"type-product","3":"status-publish","4":"has-post-thumbnail","6":"product_cat-dump-truck-hydraulic-cylinders","7":"product_cat-mining-dump-truck-hydraulic-cylinders","8":"product_cat-single-acting-hydraulic-cylinder","9":"product_cat-hydraulic-cylinder","10":"product_cat-telescopic-hydraulic-cylinder","11":"product_tag-hydraulic-cylinder","13":"first","14":"instock","15":"shipping-taxable","16":"product-type-simple"},"amp_enabled":true,"_links":{"self":[{"href":"https:\/\/www.hydraulic-cylinders.net\/et\/wp-json\/wp\/v2\/product\/1607","targetHints":{"allow":["GET"]}}],"collection":[{"href":"https:\/\/www.hydraulic-cylinders.net\/et\/wp-json\/wp\/v2\/product"}],"about":[{"href":"https:\/\/www.hydraulic-cylinders.net\/et\/wp-json\/wp\/v2\/types\/product"}],"replies":[{"embeddable":true,"href":"https:\/\/www.hydraulic-cylinders.net\/et\/wp-json\/wp\/v2\/comments?post=1607"}],"wp:featuredmedia":[{"embeddable":true,"href":"https:\/\/www.hydraulic-cylinders.net\/et\/wp-json\/wp\/v2\/media\/1609"}],"wp:attachment":[{"href":"https:\/\/www.hydraulic-cylinders.net\/et\/wp-json\/wp\/v2\/media?parent=1607"}],"wp:term":[{"taxonomy":"product_brand","embeddable":true,"href":"https:\/\/www.hydraulic-cylinders.net\/et\/wp-json\/wp\/v2\/product_brand?post=1607"},{"taxonomy":"product_cat","embeddable":true,"href":"https:\/\/www.hydraulic-cylinders.net\/et\/wp-json\/wp\/v2\/product_cat?post=1607"},{"taxonomy":"product_tag","embeddable":true,"href":"https:\/\/www.hydraulic-cylinders.net\/et\/wp-json\/wp\/v2\/product_tag?post=1607"}],"curies":[{"name":"wp","href":"https:\/\/api.w.org\/{rel}","templated":true}]}}