{"id":1610,"date":"2023-10-08T02:03:41","date_gmt":"2023-10-08T02:03:41","guid":{"rendered":"https:\/\/hydraulic-cylinders.net\/?post_type=product&#038;p=1610"},"modified":"2025-04-11T03:36:15","modified_gmt":"2025-04-11T03:36:15","slug":"mining-dump-truck-steering-cylinder","status":"publish","type":"product","link":"https:\/\/www.hydraulic-cylinders.net\/et\/toode\/mining-dump-truck-steering-cylinder\/","title":{"rendered":"Kaevanduskalluri roolisilinder"},"content":{"rendered":"<h1 style=\"text-align: center;\"><strong>Kaevanduskalluri roolisilinder<\/strong><\/h1>\n<p><img loading=\"lazy\" decoding=\"async\" class=\"aligncenter wp-image-1611\" src=\"https:\/\/hydraulic-cylinders.net\/wp-content\/uploads\/2023\/10\/steering-cylinder-1-2-300x300.webp\" alt=\"\" width=\"400\" height=\"400\" \/><\/p>\n<p>Kaevanduskalluri roolisilinder on spetsiaalselt kaevanduskalluritele loodud oluline komponent. See h\u00fcdrosilinder m\u00e4ngib olulist rolli s\u00f5iduki roolimisel, pakkudes t\u00e4pset juhtimist ja man\u00f6\u00f6verdusv\u00f5imet kaevandusobjektide keerulistes tingimustes.<\/p>\n<p>Kaevanduskalluri roolisilinder on oluline komponent, mis aitab oluliselt kaasa kaevanduskalluri juhitavusele, man\u00f6\u00f6verdusv\u00f5imele ja ohutusele. Oma vastupidava konstruktsiooni, t\u00e4iustatud roolijuhtimise ja optimaalse man\u00f6\u00f6verdusv\u00f5imega annab see h\u00fcdrauliline silinder operaatoritele v\u00f5imaluse kaevandusobjektidel h\u00f5lpsalt ja t\u00e4pselt navigeerida. N\u00f5uetekohaste kasutusmeetodite ja soovitatud hooldustavade j\u00e4rgimisega saavad operaatorid tagada kaevanduskalluri roolisilindri pikaealisuse ja usaldusv\u00e4\u00e4rse j\u00f5udluse. Valige see suure j\u00f5udlusega silinder, et parandada oma kaevanduskalluri rooliv\u00f5imet ja optimeerida oma kaevandustegevust.<\/p>\n<p>Kaevanduskalluri roolisilindri peamised omadused:<\/p>\n<ol>\n<li>Vastupidav konstruktsioon:<\/li>\n<\/ol>\n<ul>\n<li>Kaevanduskalluri roolisilindril on vastupidav konstruktsioon, mis \u00fchendab endas kvaliteetseid materjale ja t\u00e4ppistehnoloogiat.<\/li>\n<li>See on ehitatud vastu pidama kaevanduskeskkonna rangetele n\u00f5uetele, tagades vastupidavuse ja pikaealisuse.<\/li>\n<\/ul>\n<ol start=\"2\">\n<li>T\u00e4iustatud roolikontroll:<\/li>\n<\/ol>\n<ul>\n<li>See h\u00fcdrosilinder pakub erakordset roolimiskontrolli, v\u00f5imaldades operaatoritel kaevanduskallureid t\u00e4pselt ja h\u00f5lpsalt man\u00f6\u00f6verdada.<\/li>\n<li>See annab vajaliku j\u00f5u ja reageerimisv\u00f5ime erinevatel maastikel ja rasketel koormatel navigeerimiseks, tagades sujuva ja t\u00e4pse roolimise.<\/li>\n<\/ul>\n<ol start=\"3\">\n<li>Optimaalne man\u00f6\u00f6verdusv\u00f5ime:<\/li>\n<\/ol>\n<ul>\n<li>Kaevanduskalluri roolisilinder v\u00f5imaldab paindlikku ja t\u00f5husat man\u00f6\u00f6verdusv\u00f5imet, optimeerides s\u00f5iduki v\u00f5imet kitsastes kurvides ja kitsastes ruumides s\u00f5ita.<\/li>\n<li>See annab operaatoritele v\u00f5imaluse s\u00e4ilitada kontroll ja maksimeerida tootlikkust keerulistes kaevandustingimustes.<\/li>\n<\/ul>\n<h2><strong>Kaevanduskalluri roolisilindri parameeter:<\/strong><\/h2>\n<table border=\"1\" cellspacing=\"0\" cellpadding=\"0\">\n<tbody>\n<tr>\n<td>Toote nimi<\/td>\n<td>Kaevanduskalluri roolisilinder<\/td>\n<\/tr>\n<tr>\n<td>Omadused:<\/td>\n<td>Roolimine pakub abi<\/td>\n<\/tr>\n<tr>\n<td>Ava l\u00e4bim\u00f5\u00f5t:<\/td>\n<td>63 mm\uff5e210 mm<\/td>\n<\/tr>\n<tr>\n<td>Varda l\u00e4bim\u00f5\u00f5t:<\/td>\n<td>40 mm\uff5e100 mm<br \/>\nL\u00f6\u00f6k \u22642000 mm<\/td>\n<\/tr>\n<tr>\n<td>T\u00f5ukej\u00f5ud:<\/td>\n<td>Maksimaalselt 779 kN<br \/>\n(Ava l\u00e4bim\u00f5\u00f5t 210 mm \/ r\u00f5hk 22,5 MPa)<\/td>\n<\/tr>\n<tr>\n<td>Roolisilindri rakendused:<\/td>\n<td>Kaevanduskallur<\/td>\n<\/tr>\n<\/tbody>\n<\/table>\n<h2><strong>Kaevanduskalluri silindri identifitseerimisskeem:<\/strong><\/h2>\n<p><img loading=\"lazy\" decoding=\"async\" class=\"alignnone wp-image-1594 size-full\" src=\"https:\/\/hydraulic-cylinders.net\/wp-content\/uploads\/2023\/10\/mining-dump-truck-cylinder.webp\" alt=\"\" width=\"1418\" height=\"946\" srcset=\"https:\/\/hydraulic-cylinders.net\/wp-content\/uploads\/2023\/10\/mining-dump-truck-cylinder.webp 1418w, https:\/\/hydraulic-cylinders.net\/wp-content\/uploads\/2023\/10\/mining-dump-truck-cylinder-1280x854.webp 1280w, https:\/\/hydraulic-cylinders.net\/wp-content\/uploads\/2023\/10\/mining-dump-truck-cylinder-980x654.webp 980w, https:\/\/hydraulic-cylinders.net\/wp-content\/uploads\/2023\/10\/mining-dump-truck-cylinder-480x320.webp 480w\" sizes=\"(min-width: 0px) and (max-width: 480px) 480px, (min-width: 481px) and (max-width: 980px) 980px, (min-width: 981px) and (max-width: 1280px) 1280px, (min-width: 1281px) 1418px, 100vw\" \/><\/p>\n<h2><strong>Kaevanduskalluri roolisilindri kasutusmeetod<\/strong><strong>:<\/strong><\/h2>\n<ol>\n<li><strong>Integratsioon roolis\u00fcsteemiga:<\/strong><\/li>\n<\/ol>\n<ul>\n<li>Kaevanduskalluri roolisilinder on integreeritud kalluri roolis\u00fcsteemi.<\/li>\n<li>See on \u00fchendatud roolihoovastikuga, teisendades juhi roolimisliigutuse rataste k\u00fclgliikumiseks.<\/li>\n<\/ul>\n<ol start=\"2\">\n<li><strong>H\u00fcdrauliline j\u00f5uallikas:<\/strong><\/li>\n<\/ol>\n<ul>\n<li>Silinder tugineb efektiivseks t\u00f6\u00f6ks h\u00fcdraulilisele r\u00f5hule.<\/li>\n<li>See on \u00fchendatud h\u00fcdraulilise j\u00f5uallikaga, n\u00e4iteks h\u00fcdraulilise pumbaga, mis tekitab silindri k\u00e4ivitamiseks vajaliku r\u00f5hu.<\/li>\n<\/ul>\n<ol start=\"3\">\n<li><strong>Rooliratta juhtimine:<\/strong><\/li>\n<\/ol>\n<ul>\n<li>Operaatorid juhivad kaevanduskalluri roolimist kabiinis oleva rooli abil.<\/li>\n<li>Rooli liikumine kandub edasi kaevanduskalluri roolisilindrile, v\u00f5imaldades rataste t\u00e4pset liikumist.<\/li>\n<\/ul>\n<h2><strong>Kuidas h\u00fcdraulikas\u00fcsteemi loputada?<\/strong><\/h2>\n<p>H\u00fcdraulikas\u00fcsteemi loputamine on oluline hooldusprotseduur, mis aitab s\u00fcsteemist eemaldada saasteaineid, vana vedelikku ja prahti, tagades optimaalse j\u00f5udluse ja pikaealisuse. Siin on samm-sammult juhend h\u00fcdros\u00fcsteemi loputamiseks:<\/p>\n<ol>\n<li><strong>Ettevalmistus:<\/strong><\/li>\n<\/ol>\n<ul>\n<li>Vaadake \u00fcle tootja soovitused ja juhised h\u00fcdraulikas\u00fcsteemi loputamiseks. Veenduge, et teil on olemas sobivad t\u00f6\u00f6riistad, ohutusvarustus ja asendush\u00fcdraulika\u00f5li.<\/li>\n<li>Parkige seade h\u00e4stiventileeritavas kohas ja rakendage k\u00f5iki ohutusmeetmeid, n\u00e4iteks l\u00fclitage mootor v\u00e4lja ja vabastage s\u00fcsteemi r\u00f5hk.<\/li>\n<\/ul>\n<ol start=\"2\">\n<li><strong>S\u00fcsteemi t\u00fchjendamine:<\/strong><\/li>\n<\/ol>\n<ul>\n<li>Leidke h\u00fcdraulikapaagi v\u00f5i \u00fcksikute s\u00fcsteemi komponentide, n\u00e4iteks silindrite v\u00f5i juhtventiilide t\u00fchjenduskorgid v\u00f5i ventiilid.<\/li>\n<li>Asetage t\u00fchjendusava alla sobiv anum vana h\u00fcdraulikavedeliku kogumiseks.<\/li>\n<\/ul>\n<ol start=\"3\">\n<li><strong>Avatud \u00e4ravooluavad:<\/strong><\/li>\n<\/ol>\n<ul>\n<li>Avage ettevaatlikult t\u00fchjenduskorgid v\u00f5i ventiilid sobivate t\u00f6\u00f6riistade abil, lastes vanal h\u00fcdraulikavedelikul t\u00e4ielikult v\u00e4lja voolata.<\/li>\n<li>Veenduge, et k\u00f5ik t\u00fchjenduspunktid oleksid avatud, et tagada s\u00fcsteemi p\u00f5hjalik loputamine.<\/li>\n<\/ul>\n<ol start=\"4\">\n<li><strong>Loputage vedelikuga:<\/strong><\/li>\n<\/ol>\n<ul>\n<li>Sulgege t\u00fchjendusavad ja t\u00e4itke h\u00fcdraulikapaak tootja poolt soovitatud sobiva loputusvedelikuga.<\/li>\n<li>K\u00e4ivitage seadme mootor ja l\u00fclitage sisse h\u00fcdros\u00fcsteem, et loputusvedelik ringeldaks.<\/li>\n<li>Kasutage h\u00fcdraulikafunktsioone, n\u00e4iteks lisaseadmete t\u00f5stmist ja langetamist v\u00f5i silindrite aktiveerimist, et loputusvedelik j\u00f5uaks k\u00f5ikide komponentideni.<\/li>\n<\/ul>\n<ol start=\"5\">\n<li><strong>S\u00fcsteemi toimimine:<\/strong><\/li>\n<\/ol>\n<ul>\n<li>Laske h\u00fcdros\u00fcsteemil piisavalt kaua t\u00f6\u00f6tada, j\u00e4rgides tootja juhiseid v\u00f5i soovitusi loputusaja kohta.<\/li>\n<li>Aktiveerige k\u00f5iki h\u00fcdraulikafunktsioone mitu korda, et loputusvedelik j\u00f5uaks s\u00fcsteemi k\u00f5ikidesse piirkondadesse.<\/li>\n<li>J\u00e4lgige loputusvedelikku t\u00f6\u00f6tamise ajal, et kontrollida saastumise v\u00f5i prahi m\u00e4rke.<\/li>\n<\/ul>\n<ol start=\"6\">\n<li><strong>T\u00fchjenda ja korda:<\/strong><\/li>\n<\/ol>\n<ul>\n<li>Kui loputusprotsess on l\u00f5ppenud, avage t\u00fchjendusavad uuesti, et loputusvedelik saaks v\u00e4lja voolata.<\/li>\n<li>Koguge kasutatud loputusvedelik kokku ja utiliseerige see vastavalt kohalikele eeskirjadele.<\/li>\n<li>Vajadusel korrake loputusprotsessi v\u00f5i kui vana vedelikku ja saasteaineid ei ole piisavalt eemaldatud.<\/li>\n<\/ul>\n<ol start=\"7\">\n<li><strong>Uue vedelikuga t\u00e4itmine:<\/strong><\/li>\n<\/ol>\n<ul>\n<li>Sulgege k\u00f5ik t\u00fchjenduspunktid ja t\u00e4itke h\u00fcdros\u00fcsteem v\u00e4rske, soovitatava h\u00fcdraulika\u00f5liga.<\/li>\n<li>Veenduge, et vedeliku tase on sobiv ja vastab tootja spetsifikatsioonidele.<\/li>\n<\/ul>\n<ol start=\"8\">\n<li><strong>S\u00fcsteemi testimine:<\/strong><\/li>\n<\/ol>\n<ul>\n<li>K\u00e4ivitage seadme mootor ja l\u00fclitage sisse h\u00fcdros\u00fcsteem.<\/li>\n<li>Kontrollige h\u00fcdraulika funktsioone, et tagada nende n\u00f5uetekohane toimimine, ja kontrollige, kas esineb vedeliku lekkeid v\u00f5i k\u00f5rvalekaldeid.<\/li>\n<li>J\u00e4lgige s\u00fcsteemi t\u00f6\u00f6tamise ajal ja lahendage k\u00f5ik tekkida v\u00f5ivad probleemid.<\/li>\n<\/ul>\n<h2><strong>Tehase v\u00f5imekus ja suutlikkus:<\/strong><\/h2>\n<h3>(1) Kokkupanek<\/h3>\n<p>Meil on esmaklassiline s\u00f5ltumatu teadus- ja arendustegevuse montaa\u017eiplatvorm. H\u00fcdrosilindrite tootmist\u00f6\u00f6kojas on neli poolautomaatset t\u00f5stesilindrite koosteliini ja \u00fcks automaatne kallutussilindrite koosteliin, mille kavandatud aastane tootmisv\u00f5imsus on 1 miljon t\u00fckki. Spetsiaalsete silindrite t\u00f6\u00f6koda on varustatud erinevate spetsifikatsioonidega poolautomaatse puhastusmontaa\u017eis\u00fcsteemiga, mille kavandatud aastane tootmisv\u00f5imsus on 200 000 ja mis on varustatud kuulsate CNC-t\u00f6\u00f6tlemisseadmete, mehaanilise t\u00f6\u00f6tlemise keskuse, suure t\u00e4psusega silindrite t\u00f6\u00f6tlemise eriseadmete, robotkeevitusmasina, automaatse puhastusmasina, automaatse silindri kokkupanemise masina ja automaatse v\u00e4rvimise tootmisliiniga. Olemasolevad kriitilised seadmed rohkem kui 300 komplekti (komplekti). Seadmete ressursside optimaalne jaotamine ja t\u00f5hus kasutamine tagavad toodete t\u00e4psusn\u00f5uded ja vastavad toodete kvaliteedin\u00f5uetele.<\/p>\n<p><img loading=\"lazy\" decoding=\"async\" class=\"alignnone wp-image-626\" src=\"https:\/\/hydraulic-cylinders.net\/wp-content\/uploads\/2023\/08\/hydraulic-cylinder-product-1-300x158.webp\" alt=\"\" width=\"495\" height=\"260\" srcset=\"https:\/\/hydraulic-cylinders.net\/wp-content\/uploads\/2023\/08\/hydraulic-cylinder-product-1-300x158.webp 495w, https:\/\/hydraulic-cylinders.net\/wp-content\/uploads\/2023\/08\/hydraulic-cylinder-product-1-480x252.webp 480w\" sizes=\"(min-width: 0px) and (max-width: 480px) 480px, (min-width: 481px) 495px, 100vw\" \/> <img loading=\"lazy\" decoding=\"async\" class=\"alignnone wp-image-627\" src=\"https:\/\/hydraulic-cylinders.net\/wp-content\/uploads\/2023\/08\/hydraulic-cylinder-product-2-300x189.webp\" alt=\"\" width=\"413\" height=\"260\" \/><\/p>\n<h3>(2) T\u00f6\u00f6tlemine<\/h3>\n<p>T\u00f6\u00f6deldav t\u00f6\u00f6koda on varustatud kohandatud kallutatud r\u00f6\u00f6pse treipingi keskuse, mehaanilise keskuse, kiire lihvimismasina, keevitusroboti ja muude seotud seadmetega, mis suudavad t\u00f6\u00f6delda silindritorusid, mille maksimaalne sisel\u00e4bim\u00f5\u00f5t on 400 mm ja maksimaalne pikkus on 6 meetrit.<\/p>\n<p><img loading=\"lazy\" decoding=\"async\" class=\"alignnone wp-image-628 size-large\" src=\"https:\/\/hydraulic-cylinders.net\/wp-content\/uploads\/2023\/08\/hydraulic-cylinder-product-3-1024x391.webp\" alt=\"\" width=\"1024\" height=\"391\" srcset=\"https:\/\/hydraulic-cylinders.net\/wp-content\/uploads\/2023\/08\/hydraulic-cylinder-product-3-980x374.webp 980w, https:\/\/hydraulic-cylinders.net\/wp-content\/uploads\/2023\/08\/hydraulic-cylinder-product-3-480x183.webp 480w\" sizes=\"(min-width: 0px) and (max-width: 480px) 480px, (min-width: 481px) and (max-width: 980px) 980px, (min-width: 981px) 1024px, 100vw\" \/><\/p>\n<h3>(3) Keevitamine<\/h3>\n<p><img loading=\"lazy\" decoding=\"async\" class=\"alignnone wp-image-629 size-large\" src=\"https:\/\/hydraulic-cylinders.net\/wp-content\/uploads\/2023\/08\/hydraulic-cylinder-product-4-1024x510.webp\" alt=\"\" width=\"1024\" height=\"510\" srcset=\"https:\/\/hydraulic-cylinders.net\/wp-content\/uploads\/2023\/08\/hydraulic-cylinder-product-4-980x488.webp 980w, https:\/\/hydraulic-cylinders.net\/wp-content\/uploads\/2023\/08\/hydraulic-cylinder-product-4-480x239.webp 480w\" sizes=\"(min-width: 0px) and (max-width: 480px) 480px, (min-width: 481px) and (max-width: 980px) 980px, (min-width: 981px) 1024px, 100vw\" \/><\/p>\n<h3>(4) V\u00e4rvimine ja katmine<\/h3>\n<p>V\u00e4ikese ja keskmise suurusega silindri automaatse veep\u00f5hise v\u00e4rvipinnakattega liinide abil, et saavutada automaatne robotlaadimine ja mahalaadimine ning automaatne pihustamine, projekteerimisv\u00f5imsus 4000 t\u00fckki vahetuse kohta;<br \/>\nMeil on ka poolautomaatne suurte balloonide v\u00e4rvimise tootmisliin, mis t\u00f6\u00f6tab j\u00f5ukettaga ja mille projekteerimisv\u00f5imsus on 60 kasti \u00fche vahetuse kohta.<\/p>\n<p><img loading=\"lazy\" decoding=\"async\" class=\"alignnone wp-image-630\" src=\"https:\/\/hydraulic-cylinders.net\/wp-content\/uploads\/2023\/08\/hydraulic-cylinder-product-5-300x213.webp\" alt=\"\" width=\"366\" height=\"260\" \/> <img loading=\"lazy\" decoding=\"async\" class=\"alignnone wp-image-631\" src=\"https:\/\/hydraulic-cylinders.net\/wp-content\/uploads\/2023\/08\/hydraulic-cylinder-product-6-300x225.webp\" alt=\"\" width=\"347\" height=\"260\" \/><\/p>\n<h3>(5) Testimine<\/h3>\n<p>Meil on esmaklassilised kontrolliseadmed ja katsestendid, et tagada silindri j\u00f5udlus vastavus n\u00f5uetele.<\/p>\n<p><img loading=\"lazy\" decoding=\"async\" class=\"alignnone wp-image-632\" src=\"https:\/\/hydraulic-cylinders.net\/wp-content\/uploads\/2023\/08\/hydraulic-cylinder-product-8-300x200.webp\" alt=\"\" width=\"389\" height=\"260\" \/><\/p>\n<p>&nbsp;<\/p>\n<p>&nbsp;<\/p>\n<p>Oleme \u00fcks parimaid h\u00fcdrosilindrite tootjaid. Pakume laia valikut h\u00fcdrosilindreid. Pakume ka vastavaid... <a href=\"https:\/\/hzpt.com\/agricultural-pto-gearbox\/\" target=\"_blank\" rel=\"noopener\">p\u00f5llumajanduslikud k\u00e4igukastid<\/a>. Oleme eksportinud oma tooteid klientidele \u00fcle maailma ja teeninud hea maine t\u00e4nu meie suurep\u00e4rasele tootekvaliteedile ja m\u00fc\u00fcgij\u00e4rgsele teenindusele. Me tervitame kliente kodus ja v\u00e4lismaal, et v\u00f5tta meiega \u00fchendust, et pidada l\u00e4bir\u00e4\u00e4kimisi \u00e4ri, vahetada teavet ja <a href=\"https:\/\/www.hydraulic-cylinders.net\/et\/contact-us\/\">teha meiega koost\u00f6\u00f6d<\/a>!<\/p>","protected":false},"excerpt":{"rendered":"<p>Mining Dump Truck Steering Cylinder The mining dump truck steering cylinder is a crucial component designed specifically for mining dump trucks. This hydraulic cylinder plays a vital role in steering the vehicle, providing precise control and maneuverability in the challenging conditions of mining sites. The mining dump truck steering cylinder is an essential component that [&hellip;]<\/p>","protected":false},"featured_media":1612,"comment_status":"open","ping_status":"closed","template":"","meta":{"_et_pb_use_builder":"","_et_pb_old_content":"","_et_gb_content_width":""},"product_brand":[],"product_cat":[1550,1517,1532,1376],"product_tag":[1380],"class_list":{"0":"post-1610","1":"product","2":"type-product","3":"status-publish","4":"has-post-thumbnail","6":"product_cat-double-acting-hydraulic-cylinder","7":"product_cat-dump-truck-hydraulic-cylinders","8":"product_cat-mining-dump-truck-hydraulic-cylinders","9":"product_cat-hydraulic-cylinder","10":"product_tag-hydraulic-cylinder","12":"first","13":"instock","14":"shipping-taxable","15":"product-type-simple"},"amp_enabled":true,"_links":{"self":[{"href":"https:\/\/www.hydraulic-cylinders.net\/et\/wp-json\/wp\/v2\/product\/1610","targetHints":{"allow":["GET"]}}],"collection":[{"href":"https:\/\/www.hydraulic-cylinders.net\/et\/wp-json\/wp\/v2\/product"}],"about":[{"href":"https:\/\/www.hydraulic-cylinders.net\/et\/wp-json\/wp\/v2\/types\/product"}],"replies":[{"embeddable":true,"href":"https:\/\/www.hydraulic-cylinders.net\/et\/wp-json\/wp\/v2\/comments?post=1610"}],"wp:featuredmedia":[{"embeddable":true,"href":"https:\/\/www.hydraulic-cylinders.net\/et\/wp-json\/wp\/v2\/media\/1612"}],"wp:attachment":[{"href":"https:\/\/www.hydraulic-cylinders.net\/et\/wp-json\/wp\/v2\/media?parent=1610"}],"wp:term":[{"taxonomy":"product_brand","embeddable":true,"href":"https:\/\/www.hydraulic-cylinders.net\/et\/wp-json\/wp\/v2\/product_brand?post=1610"},{"taxonomy":"product_cat","embeddable":true,"href":"https:\/\/www.hydraulic-cylinders.net\/et\/wp-json\/wp\/v2\/product_cat?post=1610"},{"taxonomy":"product_tag","embeddable":true,"href":"https:\/\/www.hydraulic-cylinders.net\/et\/wp-json\/wp\/v2\/product_tag?post=1610"}],"curies":[{"name":"wp","href":"https:\/\/api.w.org\/{rel}","templated":true}]}}