{"id":16117,"date":"2025-01-20T08:30:40","date_gmt":"2025-01-20T08:30:40","guid":{"rendered":"https:\/\/www.hydraulic-cylinders.net\/product\/arm-cylinderfor-sumitomo-large-excavator-sh360hd-5\/"},"modified":"2025-01-20T08:30:42","modified_gmt":"2025-01-20T08:30:42","slug":"arm-cylinderfor-sumitomo-large-excavator-sh360hd-5","status":"publish","type":"product","link":"https:\/\/www.hydraulic-cylinders.net\/et\/toode\/arm-cylinderfor-sumitomo-large-excavator-sh360hd-5\/","title":{"rendered":"Sumitomo suure ekskavaatori SH360HD-5 \u00f5lavarre silinder"},"content":{"rendered":"<h1>Sumitomo suure ekskavaatori SH360HD-5 \u00f5\u00f5tsilinder<\/h1>\n<h2>Sissejuhatus<\/h2>\n<p>H\u00fcdrovarre silinder on spetsiaalselt loodud h\u00fcdrauliline silinder, mis tagab lineaarse liikumise ja j\u00f5u erinevat t\u00fc\u00fcpi masinate, n\u00e4iteks ekskavaatorite, kraanade ja robotk\u00e4te, hoovale. Sellel on h\u00fcdraulikas\u00fcsteemides kriitiline roll, v\u00f5imaldades lisaseadmete v\u00f5i tarvikute t\u00f5husat liikumist ja juhtimist. Need silindrid mitte ainult ei v\u00f5imalda sujuvat liikumist, vaid taluvad ka suuri koormusi, tagades masinate t\u00f5husa t\u00f6\u00f6 ja t\u00f6\u00f6kindluse erinevates t\u00f6\u00f6tingimustes.<\/p>\n<p><img decoding=\"async\" src=\"https:\/\/www.hydraulic-cylinders.net\/wp-content\/uploads\/2025\/01\/songte-company-2.webp\"><\/p>\n<h2>Omadused<\/h2>\n<ul>\n<li><strong>Suure t\u00f5hususega \u00fclekanne:<\/strong> K\u00e4epideme silinder tagab v\u00f5imsa lineaarse liikumise ja j\u00f5u, tagades suure j\u00f5udluse erinevates toimingutes.<\/li>\n<li><strong>T\u00e4pne kontroll:<\/strong> H\u00fcdraulilise s\u00fcsteemi kaudu v\u00f5imaldab poomi silinder t\u00e4pset liikumise juhtimist, muutes lisaseadmete t\u00f6\u00f6 paindlikumaks ja t\u00e4psemaks.<\/li>\n<li><strong>Vastupidavus:<\/strong> K\u00e4epideme silindrid on tavaliselt valmistatud \u00fclitugevatest materjalidest, mis pakuvad suurep\u00e4rast kulumis- ja korrosioonikindlust, mist\u00f5ttu sobivad need pikaajaliseks kasutamiseks karmides keskkondades.<\/li>\n<li><strong>Mitmeotstarbeline kohanemisv\u00f5ime:<\/strong> Neid silindreid saab laialdaselt kasutada erinevatel masinatel, n\u00e4iteks ekskavaatoritel, kraanadel ja robotk\u00e4tel, kohandudes erinevate t\u00f6\u00f6n\u00f5uetega.<\/li>\n<li><strong>Lihtne hooldus:<\/strong> Lihtsaks hooldamiseks ja vahetamiseks loodud poomisilindrid h\u00f5lbustavad regulaarset kontrolli ja hooldust, v\u00e4hendades seadmete seisakuid.<\/li>\n<\/ul>\n<p><img decoding=\"async\" src=\"https:\/\/www.hydraulic-cylinders.net\/wp-content\/uploads\/2025\/01\/songte-oil-pipes-and-spare-parts.webp\"><\/p>\n<h2>Rakendused<\/h2>\n<p>K\u00e4epideme silinder leiab rakendusi erinevates t\u00f6\u00f6stusharudes:<\/p>\n<ul>\n<li><strong>Ehitus:<\/strong> Ekskavaatorites ja kraanades kasutatav poomi silinder juhib koppade v\u00f5i poomide liikumist mullat\u00f6\u00f6del, materjalide k\u00e4itlemisel ja konstruktsioonide paigaldamisel.<\/li>\n<li><strong>Tootmine:<\/strong> Automatiseeritud tootmisliinidel juhib k\u00e4sivarre silinder robotk\u00e4sivarte liikumist montaa\u017ei-, keevitus- ja materjalik\u00e4itlusprotsessides, parandades tootlikkust ja t\u00e4psust.<\/li>\n<li><strong>P\u00f5llumajandusmasinad:<\/strong> P\u00f5llumajandusmasinates, nagu kombainid ja k\u00fclvikud, juhib \u00f5la silinder t\u00f6\u00f6\u00f5lgade liikumist selliste \u00fclesannete t\u00e4itmisel nagu k\u00fclvamine, v\u00e4etamine ja koristamine.<\/li>\n<li><strong>Kaevandamine:<\/strong> Kaevandusseadmetes juhib k\u00e4sivarre silinder k\u00e4sivarre liikumist maagi kaevandamiseks ja transportimiseks.<\/li>\n<li><strong>Logistika ja transport:<\/strong> Kahvelt\u00f5stukites ja robotites juhib kahvliharude t\u00f5stmist ja liikumist k\u00e4sisilindri abil, v\u00f5imaldades materjalide k\u00e4itlemist ja virnastamist.<\/li>\n<\/ul>\n<h2>Projekteerimiskaalutlused ja valikukriteeriumid<\/h2>\n<p>Silindripeade projekteerimisel ja valimisel tuleks arvestada mitmete teguritega:<\/p>\n<ul>\n<li><strong>Kandev\u00f5ime:<\/strong> Ohutu ja t\u00f5husa t\u00f6\u00f6 tagamiseks peab \u00f5\u00f5tshoova silinder olema v\u00f5imeline vastu pidama eeldatavale koormusele.<\/li>\n<li><strong>Tihendus:<\/strong> Various sealing components, such as piston seals and rod seals, are used to prevent leakage and ensure the reliability of the cylinder&#8217;s performance. Materials like polyurethane and nitrile rubber are commonly used for seals.<\/li>\n<li><strong>Vastupidavus:<\/strong> K\u00e4epideme silindrid on konstrueeritud vastupidavaks ning kulumis- ja korrosioonikindlaks, v\u00f5imaldades pikaajalist kasutamist n\u00f5udlikes keskkondades.<\/li>\n<li><strong>Ohutus:<\/strong> \u00d5nnetuste v\u00e4ltimiseks ja operaatorite ning \u00fcmbritseva personali heaolu tagamiseks tuleks arvestada ohutusmeetmetega.<\/li>\n<li><strong>Hooldatavus:<\/strong> The design should facilitate easy maintenance and replacement of components, reducing downtime and optimizing the cylinder&#8217;s lifespan.<\/li>\n<\/ul>\n<p><img decoding=\"async\" src=\"https:\/\/www.hydraulic-cylinders.net\/wp-content\/uploads\/2025\/01\/songte-cylinder-head-with-all-kinds-excavator-models.webp\"><\/p>\n<h2>Tihendus ja m\u00e4\u00e4rimine<\/h2>\n<p>Silindri \u00f5\u00f5tshoovas kasutatakse mitmesuguseid tihenduskomponente, n\u00e4iteks kolvi- ja vardatihendeid, mis on valmistatud kulumiskindlatest materjalidest, n\u00e4iteks pol\u00fcuretaanist ja nitriilkummist. Silindri korpus ja keermestatud otsapind l\u00e4bivad kulumiskindluse suurendamiseks hoolika t\u00f6\u00f6tlemise. Sujuva t\u00f6\u00f6 tagamiseks on vajalik regulaarne m\u00e4\u00e4rimine h\u00fcdraulika\u00f5liga.<\/p>\n<h2>Regulaarne kontroll ja ennetav hooldus<\/h2>\n<p>Silindri optimaalse j\u00f5udluse s\u00e4ilitamiseks tuleks v\u00f5tta j\u00e4rgmised meetmed:<\/p>\n<ul>\n<li>Kontrollige silindrit regulaarselt kulumise, kahjustuste v\u00f5i lekete suhtes.<\/li>\n<li>J\u00e4lgige h\u00fcdraulika\u00f5li taset ja kvaliteeti ning vajadusel lisage v\u00f5i vahetage \u00f5li.<\/li>\n<li>Kontrollige ja pingutage k\u00f5iki \u00fchendusi, et v\u00e4ltida nende lahtitulekut.<\/li>\n<li>Puhastage silinder ja eemaldage mustus v\u00f5i praht, mis v\u00f5ib selle t\u00f6\u00f6d m\u00f5jutada.<\/li>\n<li>J\u00e4rgige tootja juhiseid hooldusintervallide ja -protseduuride kohta.<\/li>\n<\/ul>\n<h2>Toote paigaldusjuhend<\/h2>\n<p>Silindri silindri \u00f5ige paigaldamine on selle funktsionaalsuse ja pikaealisuse tagamiseks \u00fclioluline. J\u00e4rgige neid samme:<\/p>\n<ol>\n<li>Lugege hoolikalt l\u00e4bi tootja poolt kaasasolevad paigaldusjuhised.<\/li>\n<li>Veenduge, et kinnituspinnad on puhtad ja vabad igasugustest saasteainetest.<\/li>\n<li>Joondage silinder kinnitusklambriga ja kinnitage see sobivate kinnitusdetailide abil.<\/li>\n<li>Pingutage kinnitusdetailid momentv\u00f5tme abil etten\u00e4htud p\u00f6\u00f6rdemomendini.<\/li>\n<li>\u00dchendage h\u00fcdraulikavoolikud ja liitmikud, veendudes \u00fchenduse n\u00f5uetekohasuses ja tiheduses.<\/li>\n<li>Veenduge, et silinder t\u00f6\u00f6tab sujuvalt ja ilma igasuguste k\u00f5rvalekalleteta.<\/li>\n<\/ol>\n<p><img decoding=\"async\" src=\"https:\/\/www.hydraulic-cylinders.net\/wp-content\/uploads\/2025\/01\/songte-bushings-with-all-kinds-of-excavator-models.webp\"><\/p>\n<h2>Ohutuskaalutlused ja keskkonnategurid<\/h2>\n<p>K\u00e4sisilindritega t\u00f6\u00f6tamisel on ohutusmeetmed \u00e4\u00e4rmiselt olulised. Oluline on j\u00e4rgida ohutusjuhiseid, n\u00e4iteks kasutada sobivaid isikukaitsevahendeid ja tagada operaatoritele n\u00f5uetekohane v\u00e4lja\u00f5pe. Silindri j\u00f5udluse negatiivsete m\u00f5jude v\u00e4ltimiseks tuleks arvestada ka keskkonnateguritega, nagu temperatuur ja niiskus.<\/p>\n<h2>Veaotsing ja levinud probleemid<\/h2>\n<p>Siin on m\u00f5ned levinud probleemid, mis v\u00f5ivad \u00f5lavarresilindritega tekkida:<\/p>\n<ul>\n<li>H\u00fcdraulikavedeliku leke<\/li>\n<li>Ebanormaalne m\u00fcra t\u00f6\u00f6tamise ajal<\/li>\n<li>Ebaj\u00e4rjekindel v\u00f5i t\u00f5mblev liikumine<\/li>\n<li>Tihenduskomponentide liigne kulumine<\/li>\n<\/ul>\n<p>Nende probleemide lahendamiseks kaaluge j\u00e4rgmisi t\u00f5rkeotsingu n\u00e4pun\u00e4iteid ja lahendusi.<\/p>\n<ul>\n<li>Kontrollige ja vahetage kahjustatud v\u00f5i kulunud tihendid v\u00e4lja.<\/li>\n<li>Kontrollige lahtisi \u00fchendusi ja pingutage neid vastavalt vajadusele.<\/li>\n<li>Veenduge, et h\u00fcdraulikavedeliku tase on piisav ja soovitusliku kvaliteediga.<\/li>\n<li>Konkreetsete probleemide korral vaadake tootja t\u00f5rkeotsingu juhendit.<\/li>\n<\/ul>\n<p><img decoding=\"async\" src=\"https:\/\/www.hydraulic-cylinders.net\/wp-content\/uploads\/2025\/01\/songte-chushion-collar.webp\"><\/p>\n<p>Pea meeles, et artikkel tuleks loogiliselt \u00fcles ehitada, navigeerimise h\u00f5lbustamiseks kasutada alapealkirju, arusaadavuse parandamiseks lisada asjakohaseid pilte v\u00f5i diagramme ning veenduda, et sisu oleks selge, kokkuv\u00f5tlik ja sobiv erineva tehnilise teadmisega lugejatele.<\/p>\n<h3>Meist<\/h3>\n<p>We are a professional manufacturer of replacement hydraulic cylinders, offering a wide range of products. We have become one of the leading hydraulic cylinder manufacturers and wholesale distributors in both domestic and international markets. We uphold the principle of excellent quality and continuously improve our technical expertise and production efficiency. With state-of-the-art digital manufacturing equipment and professional testing systems, we optimize our manufacturing platform and enhance product quality control processes, demonstrating strong innovation capabilities. Our goal is to meet customers&#8217; diverse needs with principles of efficiency, accuracy, and high quality.<\/p>\n<p><img decoding=\"async\" src=\"https:\/\/www.hydraulic-cylinders.net\/wp-content\/uploads\/2025\/01\/songte-company-4.webp\"><br \/>\n<img decoding=\"async\" src=\"https:\/\/www.hydraulic-cylinders.net\/wp-content\/uploads\/2025\/01\/songte-company-3.webp\"><\/p>\n<p>Autor: lyl<\/p>","protected":false},"excerpt":{"rendered":"<p>Arm Cylinder For Sumitomo Large Excavator SH360HD-5 Introduction The arm cylinder is a specially designed hydraulic cylinder that provides linear motion and power to the arm of various types of machinery, such as excavators, cranes, and robotic arms. It plays a critical role in hydraulic systems, allowing for the effective movement and control of attachments [&hellip;]<\/p>","protected":false},"featured_media":14774,"comment_status":"open","ping_status":"closed","template":"","meta":{"_et_pb_use_builder":"","_et_pb_old_content":"","_et_gb_content_width":""},"product_brand":[],"product_cat":[1497],"product_tag":[1498,1496],"class_list":{"0":"post-16117","1":"product","2":"type-product","3":"status-publish","4":"has-post-thumbnail","6":"product_cat-arm-cylinders","7":"product_tag-arm-cylinders","8":"product_tag-hydraulic-cylinders","10":"first","11":"instock","12":"shipping-taxable","13":"product-type-simple"},"amp_enabled":true,"_links":{"self":[{"href":"https:\/\/www.hydraulic-cylinders.net\/et\/wp-json\/wp\/v2\/product\/16117","targetHints":{"allow":["GET"]}}],"collection":[{"href":"https:\/\/www.hydraulic-cylinders.net\/et\/wp-json\/wp\/v2\/product"}],"about":[{"href":"https:\/\/www.hydraulic-cylinders.net\/et\/wp-json\/wp\/v2\/types\/product"}],"replies":[{"embeddable":true,"href":"https:\/\/www.hydraulic-cylinders.net\/et\/wp-json\/wp\/v2\/comments?post=16117"}],"wp:featuredmedia":[{"embeddable":true,"href":"https:\/\/www.hydraulic-cylinders.net\/et\/wp-json\/wp\/v2\/media\/14774"}],"wp:attachment":[{"href":"https:\/\/www.hydraulic-cylinders.net\/et\/wp-json\/wp\/v2\/media?parent=16117"}],"wp:term":[{"taxonomy":"product_brand","embeddable":true,"href":"https:\/\/www.hydraulic-cylinders.net\/et\/wp-json\/wp\/v2\/product_brand?post=16117"},{"taxonomy":"product_cat","embeddable":true,"href":"https:\/\/www.hydraulic-cylinders.net\/et\/wp-json\/wp\/v2\/product_cat?post=16117"},{"taxonomy":"product_tag","embeddable":true,"href":"https:\/\/www.hydraulic-cylinders.net\/et\/wp-json\/wp\/v2\/product_tag?post=16117"}],"curies":[{"name":"wp","href":"https:\/\/api.w.org\/{rel}","templated":true}]}}