{"id":16196,"date":"2025-01-20T08:38:50","date_gmt":"2025-01-20T08:38:50","guid":{"rendered":"https:\/\/www.hydraulic-cylinders.net\/product\/arm-cylinderfor-doosan-small-excavator-dx150lc-7\/"},"modified":"2025-01-20T08:38:52","modified_gmt":"2025-01-20T08:38:52","slug":"arm-cylinderfor-doosan-small-excavator-dx150lc-7","status":"publish","type":"product","link":"https:\/\/www.hydraulic-cylinders.net\/et\/toode\/arm-cylinderfor-doosan-small-excavator-dx150lc-7\/","title":{"rendered":"Doosan v\u00e4ikeekskavaatori DX150LC-7 k\u00e4sivarre silinder"},"content":{"rendered":"<h2>Doosan v\u00e4ikeekskavaatori DX150LC-7 k\u00e4sisilinder<\/h2>\n<h3>Sissejuhatus<\/h3>\n<p>H\u00fcdrovarda silinder on spetsiaalselt konstrueeritud h\u00fcdrauliline silinder, mida kasutatakse lineaarse liikumise ja j\u00f5u tagamiseks erinevat t\u00fc\u00fcpi masinate, sealhulgas ekskavaatorite, kraanade ja mehaaniliste hoobade hoobadele. H\u00fcdrovarda silinder m\u00e4ngib h\u00fcdraulikas\u00fcsteemis v\u00f5tmerolli, v\u00f5imaldades lisat\u00f6\u00f6riistu v\u00f5i lisaseadmeid t\u00f5husalt liigutada ja juhtida. Need silindrid mitte ainult ei taga sujuvat liikumist, vaid taluvad ka suuri koormusi, tagades masinate t\u00f5husa t\u00f6\u00f6 ja t\u00f6\u00f6kindluse erinevates t\u00f6\u00f6tingimustes.<\/p>\n<p><img decoding=\"async\" src=\"https:\/\/www.hydraulic-cylinders.net\/wp-content\/uploads\/2025\/01\/songte-company-2.webp\"><\/p>\n<h3>Omadused<\/h3>\n<ul>\n<li>T\u00f5hus j\u00f5u\u00fclekanne: \u00d5\u00f5tshoova silinder tagab tugeva lineaarse liikumise ja j\u00f5u, tagades mehaanilise \u00f5\u00f5tsa t\u00f5husa j\u00f5udluse erinevate toimingute ajal.<\/li>\n<li>T\u00e4pne juhtimine: H\u00fcdraulilise s\u00fcsteemi abil saab k\u00e4sivarre silinder saavutada t\u00e4pse liikumise juhtimise, muutes lisat\u00f6\u00f6riistade t\u00f6\u00f6 paindlikumaks ja t\u00e4psemaks.<\/li>\n<li>Tugev vastupidavus: \u00d5\u00f5tshoova silindrid on tavaliselt valmistatud \u00fclitugevatest materjalidest ning neil on hea kulumis- ja korrosioonikindlus, mist\u00f5ttu need sobivad pikaajaliseks kasutamiseks karmides keskkondades.<\/li>\n<li>Mitmeotstarbeline kohanemisv\u00f5ime: Neid silindreid saab laialdaselt kasutada erinevates masinates, n\u00e4iteks ekskavaatorites, kraanades ja mehaanilistes k\u00e4sivartes, kohandudes erinevate t\u00f6\u00f6n\u00f5uetega.<\/li>\n<li>Lihtne hooldus: Projekteerimisel on arvesse v\u00f5etud lihtsat hooldust ja vahetust, mis muudab regulaarsed kontrollid ja hoolduse mugavamaks ning v\u00e4hendab seadmete seisakuid.<\/li>\n<\/ul>\n<p>Me saame seda toodet toota ja meie toode saab neid h\u00fcdrosilindreid ideaalselt asendada.<\/p>\n<p><img decoding=\"async\" src=\"https:\/\/www.hydraulic-cylinders.net\/wp-content\/uploads\/2025\/01\/songte-oil-pipes-and-spare-parts.webp\"><\/p>\n<h3>Rakendused<\/h3>\n<p>K\u00e4epideme silindril on mitmesuguseid rakendusi, n\u00e4iteks:<\/p>\n<ul>\n<li>Ehitus: Ekskavaatorites ja kraanades kasutatakse poomisilindrit labidate v\u00f5i poomide liikumise juhtimiseks, mullat\u00f6\u00f6de tegemiseks, materjalide k\u00e4itlemiseks ja konstruktsioonide paigaldamiseks.<\/li>\n<li>Tootmine: Automatiseeritud tootmisliinidel kasutatakse \u00f5lasilindrit mehaaniliste \u00f5la liigutamiseks, montaa\u017ei-, keevitus- ja k\u00e4sitsemisprotsesside teostamiseks, parandades tootmise efektiivsust ja t\u00e4psust.<\/li>\n<li>P\u00f5llumajandusmasinad: P\u00f5llumajandusmasinates, n\u00e4iteks kombainides ja k\u00fclvikutes, juhivad \u00f5lasilindrid juhthoova liikumist, t\u00e4ites selliseid \u00fclesandeid nagu k\u00fclvamine, v\u00e4etamine ja koristamine.<\/li>\n<li>Kaevandamine: Kaevandusseadmetes kasutatakse kaevandusseadmete kaevandusvarraste liikumise juhtimiseks k\u00e4sisilindrit, teostades maagi kaevandamist ja transportimist.<\/li>\n<li>Logistika ja transport: Kahvelt\u00f5stukites ja robotites kasutatakse kahvliharude t\u00f5stmise ja liikumise juhtimiseks, materjalide k\u00e4itlemiseks ja virnastamiseks k\u00e4sisilindrit.<\/li>\n<\/ul>\n<h3>Projekteerimiskaalutlused ja valikukriteeriumid<\/h3>\n<p>Projekteerimise seisukohast peavad \u00f5\u00f5tshoova silindrid kandma teatud koormust, olema hea tihendusega, vastupidavad, ohutud ja parandatavad. Olulised kaalutlused on j\u00e4rgmised:<\/p>\n<ul>\n<li>Kandev\u00f5ime: Poosilindri tugevus peaks olema piisav, et toetada masina ja k\u00f5igi lisat\u00f6\u00f6riistade v\u00f5i lisaseadmete koormust.<\/li>\n<li>Tihendus: H\u00fcdraulika\u00f5li lekke v\u00e4ltimiseks ja usaldusv\u00e4\u00e4rse t\u00f6\u00f6 tagamiseks tuleks kasutada mitmesuguseid tihenduselemente, n\u00e4iteks kolvitihendeid ja varrastihendeid.<\/li>\n<li>Vastupidavus: Silindri korpus ja keermeotsad tuleks kulumiskindluse parandamiseks peenelt t\u00f6\u00f6delda.<\/li>\n<li>Ohutus: Projekteerimisel tuleks arvestada operaatori ohutusega kasutamise ajal, sealhulgas selliste k\u00fcsimustega nagu \u00fclekoormuskaitse ja avariiseiskamine.<\/li>\n<li>Remonditavus: konstruktsiooni peaks olema lihtne lahti v\u00f5tta ja kokku panna ning osi peaks olema lihtne hoolduse ajal vahetada.<\/li>\n<\/ul>\n<p><img decoding=\"async\" src=\"https:\/\/www.hydraulic-cylinders.net\/wp-content\/uploads\/2025\/01\/songte-cylinder-head-with-all-kinds-excavator-models.webp\"><\/p>\n<h3>Tihendus ja m\u00e4\u00e4rimine<\/h3>\n<p>H\u00fcdraulika\u00f5li lekke v\u00e4ltimiseks ja usaldusv\u00e4\u00e4rse t\u00f6\u00f6 tagamiseks tuleks kasutada mitmesuguseid tihenduselemente, n\u00e4iteks kolvitihendeid ja varrastihendeid. Tihendid peaksid olema valmistatud kulumiskindlatest materjalidest, n\u00e4iteks pol\u00fcuretaanist, nitriilkummist jne. Silindri korpus ja keermeotsad tuleks peenelt t\u00f6\u00f6delda, et parandada kulumiskindlust. M\u00e4\u00e4rimiseks on vaja regulaarselt lisada sobivat kogust h\u00fcdraulika\u00f5li.<\/p>\n<h3>Hooldus ja ennetamine<\/h3>\n<p>Regulaarselt tuleks teostada kontrolle ja hooldust, sealhulgas kulunud v\u00f5i kahjustatud osade v\u00e4ljavahetamist, lekete kontrollimist ja h\u00fcdraulika\u00f5li saastumise v\u00e4ltimist. H\u00fcdraulika\u00f5li on soovitatav vahetada iga 1000 t\u00f6\u00f6tunni j\u00e4rel. Ennetusmeetmete hulka kuuluvad n\u00f5uetekohase t\u00f6\u00f6 tagamine, \u00fclekoormuse v\u00f5i koormuse j\u00e4rskude muutuste v\u00e4ltimine ning karmide t\u00f6\u00f6tingimuste v\u00e4ltimine.<\/p>\n<p><img decoding=\"async\" src=\"https:\/\/www.hydraulic-cylinders.net\/wp-content\/uploads\/2025\/01\/songte-chushion-collar.webp\"><\/p>\n<h3>Paigaldusjuhend<\/h3>\n<p>Enne paigaldamist veenduge, et kinnituspind on puhas ja ilma ebatasasuste v\u00f5i mustuseta, mis v\u00f5iksid silindrit kahjustada. Kinnituspoltide pingutamisel kasutage momentiv\u00f5tit, et tagada \u00f5ige p\u00f6\u00f6rdemomendi rakendamine. P\u00e4rast paigaldamist kontrollige lekete v\u00f5i muude probleemide olemasolu ning tehke proovik\u00e4ivitus, et veenduda selle n\u00f5uetekohases toimimises.<\/p>\n<h3>Ohutus- ja keskkonnakaalutlused<\/h3>\n<p>Kuna h\u00fcdraulikasilindrite kasutamisel on oluline ohutusmeetmeid j\u00e4rgida, on oluline pakkuda operaatoritele piisavat koolitust ja haridust, et minimeerida \u00f5nnetuste ohtu. Keskkonnakaalutluste hulka kuulub kasutatud h\u00fcdraulika\u00f5li ja muude hoolduse k\u00e4igus tekkivate j\u00e4\u00e4tmete n\u00f5uetekohane k\u00f5rvaldamine.<\/p>\n<h3>Veaotsing ja levinud probleemid<\/h3>\n<p>M\u00f5ned levinud probleemid, mis v\u00f5ivad h\u00fcdraulikasilindrite kasutamisel esineda, on lekked, ebapiisav r\u00f5hk ja ebanormaalne m\u00fcra. Neid probleeme saab diagnoosida lekete kontrollimise, r\u00f5hu m\u00f5\u00f5tmise ja ebatavaliste helide kuulamise teel. Lahenduste hulka v\u00f5ivad kuuluda kulunud v\u00f5i kahjustatud osade v\u00e4ljavahetamine, r\u00f5hu reguleerimine v\u00f5i h\u00fcdraulika\u00f5li saastumise kontrollimine.<\/p>\n<p>Autor: lyl<\/p>\n<p><img decoding=\"async\" src=\"https:\/\/www.hydraulic-cylinders.net\/wp-content\/uploads\/2025\/01\/songte-company-4.webp\"><br \/>\n<img decoding=\"async\" src=\"https:\/\/www.hydraulic-cylinders.net\/wp-content\/uploads\/2025\/01\/songte-company-3.webp\"><\/p>","protected":false},"excerpt":{"rendered":"<p>Arm Cylinder For Doosan Small Excavator DX150LC-7 Introduction An arm cylinder is a specially designed hydraulic cylinder used to provide linear motion and power to arms of various types of machinery including excavators, cranes, and mechanical arms. The arm cylinder plays a key role in the hydraulic system, allowing additional tools or attachments to be [&hellip;]<\/p>","protected":false},"featured_media":14777,"comment_status":"open","ping_status":"closed","template":"","meta":{"_et_pb_use_builder":"","_et_pb_old_content":"","_et_gb_content_width":""},"product_brand":[],"product_cat":[1497],"product_tag":[1498,1496],"class_list":{"0":"post-16196","1":"product","2":"type-product","3":"status-publish","4":"has-post-thumbnail","6":"product_cat-arm-cylinders","7":"product_tag-arm-cylinders","8":"product_tag-hydraulic-cylinders","10":"first","11":"instock","12":"shipping-taxable","13":"product-type-simple"},"amp_enabled":true,"_links":{"self":[{"href":"https:\/\/www.hydraulic-cylinders.net\/et\/wp-json\/wp\/v2\/product\/16196","targetHints":{"allow":["GET"]}}],"collection":[{"href":"https:\/\/www.hydraulic-cylinders.net\/et\/wp-json\/wp\/v2\/product"}],"about":[{"href":"https:\/\/www.hydraulic-cylinders.net\/et\/wp-json\/wp\/v2\/types\/product"}],"replies":[{"embeddable":true,"href":"https:\/\/www.hydraulic-cylinders.net\/et\/wp-json\/wp\/v2\/comments?post=16196"}],"wp:featuredmedia":[{"embeddable":true,"href":"https:\/\/www.hydraulic-cylinders.net\/et\/wp-json\/wp\/v2\/media\/14777"}],"wp:attachment":[{"href":"https:\/\/www.hydraulic-cylinders.net\/et\/wp-json\/wp\/v2\/media?parent=16196"}],"wp:term":[{"taxonomy":"product_brand","embeddable":true,"href":"https:\/\/www.hydraulic-cylinders.net\/et\/wp-json\/wp\/v2\/product_brand?post=16196"},{"taxonomy":"product_cat","embeddable":true,"href":"https:\/\/www.hydraulic-cylinders.net\/et\/wp-json\/wp\/v2\/product_cat?post=16196"},{"taxonomy":"product_tag","embeddable":true,"href":"https:\/\/www.hydraulic-cylinders.net\/et\/wp-json\/wp\/v2\/product_tag?post=16196"}],"curies":[{"name":"wp","href":"https:\/\/api.w.org\/{rel}","templated":true}]}}