{"id":1620,"date":"2023-10-08T08:35:44","date_gmt":"2023-10-08T08:35:44","guid":{"rendered":"https:\/\/hydraulic-cylinders.net\/?post_type=product&#038;p=1620"},"modified":"2025-04-11T02:55:36","modified_gmt":"2025-04-11T02:55:36","slug":"press-side-cylinder","status":"publish","type":"product","link":"https:\/\/www.hydraulic-cylinders.net\/et\/toode\/press-side-cylinder\/","title":{"rendered":"Pressi k\u00fclgmine silinder"},"content":{"rendered":"<h1 style=\"text-align: center;\"><strong>Pressi k\u00fclgmine silinder<\/strong><\/h1>\n<p><img loading=\"lazy\" decoding=\"async\" class=\"aligncenter wp-image-1621\" src=\"https:\/\/hydraulic-cylinders.net\/wp-content\/uploads\/2023\/10\/side-cylinder-1-300x300.webp\" alt=\"\" width=\"400\" height=\"400\" \/><\/p>\n<p>Pressi k\u00fclgmine silinder on v\u00f5imas ja usaldusv\u00e4\u00e4rne komponent, mis on loodud pressimistoimingute optimeerimiseks erinevates t\u00f6\u00f6stusharudes. See uuenduslik silinder pakub t\u00e4pset j\u00f5udu ja erakordset j\u00f5udlust, v\u00f5imaldades teil saavutada pressimisrakendustes parimaid tulemusi.<\/p>\n<p>Pressipoolne silinder pakub usaldusv\u00e4\u00e4rset ja t\u00f5husat lahendust pressimistoimingute t\u00e4iustamiseks. Oma vastupidava konstruktsiooni, t\u00e4pse j\u00f5u genereerimise ja energiat\u00f5hususega v\u00f5imaldab see silinder teil saavutada pressimisrakendustes parimaid tulemusi. N\u00f5uetekohaste kasutusmeetodite ja hooldustavade j\u00e4rgimisega saate maksimeerida oma pressimistoimingute j\u00f5udlust, tootlikkust ja pikaealisust. Valige pressipoolne silinder, et suurendada oma pressimisv\u00f5imalusi ja p\u00fcsida t\u00e4nap\u00e4eva konkurentsitihedas t\u00f6\u00f6stusmaastikus ees.<\/p>\n<p>Pressi k\u00fclgsilindri peamised omadused:<\/p>\n<ol>\n<li>Vastupidav konstruktsioon:<\/li>\n<\/ol>\n<ul>\n<li>Pressipoolne silinder on valmistatud kvaliteetsetest materjalidest, mis tagab vastupidavuse ja pikaajalise j\u00f5udluse.<\/li>\n<li>Selle vastupidav konstruktsioon v\u00f5imaldab tal taluda suuri koormusi ja karme t\u00f6\u00f6tingimusi, pakkudes t\u00f6\u00f6kindlust n\u00f5udlikes t\u00f6\u00f6stuskeskkondades.<\/li>\n<\/ul>\n<ol start=\"2\">\n<li>T\u00e4ppisj\u00f5u genereerimine:<\/li>\n<\/ol>\n<ul>\n<li>See silinder on konstrueeritud pakkuma t\u00e4pset j\u00f5udu erakordse t\u00e4psusega, tagades j\u00e4rjepideva ja usaldusv\u00e4\u00e4rse pressimistulemuse.<\/li>\n<li>Selle t\u00e4iustatud disaini- ja tootmistehnikad v\u00f5imaldavad t\u00e4pset j\u00f5u rakendamise juhtimist, v\u00e4hendades tootedefektide v\u00f5i ebaj\u00e4rjekindluse riski.<\/li>\n<\/ul>\n<ol start=\"3\">\n<li>T\u00f5hus energiatarbimine:<\/li>\n<\/ol>\n<ul>\n<li>Pressi k\u00fclgmine silinder on konstrueeritud energiat\u00f5husust silmas pidades, optimeerides energiatarbimist pressimise ajal.<\/li>\n<li>Selle t\u00f5hus h\u00fcdros\u00fcsteem minimeerib energia raiskamist, mille tulemuseks on kulude kokkuhoid ja keskkonnakasu.<\/li>\n<\/ul>\n<h2><strong>Pressi k\u00fclgsilindri parameeter:<\/strong><\/h2>\n<table border=\"1\" cellspacing=\"0\" cellpadding=\"0\">\n<tbody>\n<tr>\n<td>Toote nimi<\/td>\n<td>H\u00fcdraulilise pressi k\u00fclgsilinder<\/td>\n<\/tr>\n<tr>\n<td>Omadused:<\/td>\n<td>Andke peasilindri abil pressile t\u00f5ukej\u00f5ud<\/td>\n<\/tr>\n<tr>\n<td>Kolb:<\/td>\n<td>420 mm\uff5e1000 mm<\/td>\n<\/tr>\n<tr>\n<td>Insult:<\/td>\n<td>L\u00f6\u00f6k \u22644500 mm<\/td>\n<\/tr>\n<tr>\n<td>T\u00f5ukej\u00f5ud:<\/td>\n<td>Maksimaalselt 24,7 MN<br \/>\n(Kolb 1000 mm \/ r\u00f5hk 31,5 MPa)<\/td>\n<\/tr>\n<tr>\n<td>H\u00fcdraulilise k\u00fclgsilindri rakendused:<\/td>\n<td>H\u00fcdrauliline press<\/td>\n<\/tr>\n<\/tbody>\n<\/table>\n<div><\/div>\n<div class=\"txtboxL\">Omadused:<\/div>\n<div class=\"txtboxR\">varustage peasilindri abil pressi t\u00f5ukej\u00f5uga<\/div>\n<div class=\"txtboxL\">Spetsifikatsioon:<\/div>\n<div class=\"txtboxR\">Kolb 420 mm\uff5e1000 mm<br \/>\nL\u00f6\u00f6k \u22644500 mm<\/div>\n<div class=\"txtboxL\">T\u00f5ukej\u00f5ud:<\/div>\n<div class=\"txtboxR\">Maksimaalselt 24,7 MN<br \/>\n(Kolb 1000 mm \/ r\u00f5hk 31,5 MPa)<\/div>\n<h2><strong>Pressisilindri tehas:<\/strong><\/h2>\n<p><img loading=\"lazy\" decoding=\"async\" class=\"alignnone wp-image-1619 size-full\" src=\"https:\/\/hydraulic-cylinders.net\/wp-content\/uploads\/2023\/10\/press-cylinder.webp\" alt=\"\" width=\"1418\" height=\"946\" srcset=\"https:\/\/hydraulic-cylinders.net\/wp-content\/uploads\/2023\/10\/press-cylinder.webp 1418w, https:\/\/hydraulic-cylinders.net\/wp-content\/uploads\/2023\/10\/press-cylinder-1280x854.webp 1280w, https:\/\/hydraulic-cylinders.net\/wp-content\/uploads\/2023\/10\/press-cylinder-980x654.webp 980w, https:\/\/hydraulic-cylinders.net\/wp-content\/uploads\/2023\/10\/press-cylinder-480x320.webp 480w\" sizes=\"(min-width: 0px) and (max-width: 480px) 480px, (min-width: 481px) and (max-width: 980px) 980px, (min-width: 981px) and (max-width: 1280px) 1280px, (min-width: 1281px) 1418px, 100vw\" \/><\/p>\n<h2><strong>Pressi k\u00fclgsilindri kasutusmeetod<\/strong><strong>:<\/strong><\/h2>\n<ol>\n<li><strong>Paigaldamine ja integreerimine:<\/strong><\/li>\n<\/ol>\n<ul>\n<li>Paigaldage pressi k\u00fclgmine silinder kindlalt pressi raamile, tagades \u00f5ige joonduse ja \u00fchenduse.<\/li>\n<li>Optimaalse j\u00f5udluse ja ohutuse tagamiseks j\u00e4rgige tootja paigaldusjuhiseid ja -soovitusi.<\/li>\n<\/ul>\n<ol start=\"2\">\n<li><strong>H\u00fcdraulilised \u00fchendused:<\/strong><\/li>\n<\/ol>\n<ul>\n<li>\u00dchendage pressipoolse silinder h\u00fcdraulilise j\u00f5useadmega, kasutades sobivaid voolikuid ja liitmikke.<\/li>\n<li>Veenduge, et h\u00fcdraulilised \u00fchendused on tihedad ja lekkevabad, et tagada t\u00f5hus vedeliku \u00fclekanne ja usaldusv\u00e4\u00e4rne t\u00f6\u00f6.<\/li>\n<\/ul>\n<ol start=\"3\">\n<li><strong>R\u00f5hu reguleerimine:<\/strong><\/li>\n<\/ol>\n<ul>\n<li>Reguleerige pressipoolsele silindrile antavat r\u00f5hku vastavalt konkreetsetele pressimisn\u00f5uetele.<\/li>\n<li>Optimaalse j\u00f5udluse tagamiseks soovitatava r\u00f5huvahemiku m\u00e4\u00e4ramiseks lugege tootja juhiseid.<\/li>\n<\/ul>\n<ol start=\"4\">\n<li><strong>L\u00f6\u00f6gi pikkuse ja kiiruse reguleerimine:<\/strong><\/li>\n<\/ol>\n<ul>\n<li>Pressi k\u00fclgmine silinder pakub tavaliselt reguleeritava k\u00e4igupikkuse ja kiiruse juhtimise v\u00f5imalusi erinevate pressimisrakenduste jaoks.<\/li>\n<li>Soovitud tulemuste saavutamiseks tutvuge silindri juhtimisfunktsioonide ja -funktsioonidega.<\/li>\n<\/ul>\n<h2><strong>Kuidas traktori h\u00fcdros\u00fcsteemist \u00f5hku v\u00e4lja lasta?<\/strong><\/h2>\n<p>Traktori h\u00fcdros\u00fcsteemi \u00f5hutamine on oluline hooldust\u00f6\u00f6, et tagada selle n\u00f5uetekohane t\u00f6\u00f6 ja j\u00f5udlus. H\u00fcdros\u00fcsteemis olev \u00f5hk v\u00f5ib p\u00f5hjustada efektiivsuse v\u00e4henemist, eba\u00fchtlast t\u00f6\u00f6d ja komponentide v\u00f5imalikku kahjustumist. Siin on \u00fcldised sammud traktori h\u00fcdros\u00fcsteemi \u00f5hutamiseks:<\/p>\n<ol>\n<li><strong>Ettevalmistus:<\/strong>\n<ul>\n<li>Parkige traktor tasasele pinnale ja t\u00f5mmake peale seisupidur.<\/li>\n<li>Veenduge, et h\u00fcdraulikavedeliku paak oleks soovitatava tasemeni t\u00e4idetud.<\/li>\n<li>Leidke h\u00fcdros\u00fcsteemilt \u00f5hutuskruvi v\u00f5i -ventiil. See asub tavaliselt s\u00fcsteemi k\u00f5rgeima punkti l\u00e4hedal v\u00f5i h\u00fcdrosilindril.<\/li>\n<\/ul>\n<\/li>\n<li><strong>Tuvastage verejooksu punktid:<\/strong>\n<ul>\n<li>S\u00f5ltuvalt traktori mudelist v\u00f5ib h\u00fcdraulikas\u00fcsteemis olla mitu \u00f5hutuskohta.<\/li>\n<li>Levinud \u00f5hutuspunktide hulka kuuluvad h\u00fcdrosilindrid, juhtventiilid ja muud s\u00fcsteemi k\u00f5rged kohad, kuhu \u00f5hk v\u00f5ib koguneda.<\/li>\n<\/ul>\n<\/li>\n<li><strong>Avage \u00f5hutuskruvi\/ventiil:<\/strong>\n<ul>\n<li>Sobiva t\u00f6\u00f6riista, n\u00e4iteks mutriv\u00f5tme v\u00f5i kruvikeeraja abil keerake \u00f5hutuskruvi v\u00f5i -ventiil ettevaatlikult lahti.<\/li>\n<li>Veendu, et \u00f5hutuskruvi\/ventiil on \u00f5hku v\u00e4ljumiseks piisavalt avatud, ilma seda t\u00e4ielikult eemaldamata.<\/li>\n<\/ul>\n<\/li>\n<li><strong>K\u00e4ivitage traktor:<\/strong>\n<ul>\n<li>K\u00e4ivitage traktori mootor ja laske sellel t\u00fchik\u00e4igul t\u00f6\u00f6tada.<\/li>\n<li>Optimaalse vedelikuvoolu tagamiseks laske h\u00fcdros\u00fcsteemil paar minutit soojeneda.<\/li>\n<\/ul>\n<\/li>\n<li><strong>H\u00fcdrauliliste juhtseadmete kasutamine:<\/strong>\n<ul>\n<li>L\u00fclitage sisse h\u00fcdraulilised juhtseadmed, mis on seotud selle \u00f5hutuspunktiga, millega t\u00f6\u00f6tate.<\/li>\n<li>N\u00e4iteks laaduri h\u00fcdrosilindri \u00f5hutamisel tuleb silindri t\u00e4ielikuks v\u00e4ljal\u00fckkamiseks ja sissel\u00fckkamiseks kasutada laaduri juhtkangi.<\/li>\n<\/ul>\n<\/li>\n<li><strong>J\u00e4lgige vedeliku ja \u00f5hu eraldumist:<\/strong>\n<ul>\n<li>H\u00fcdrauliliste juhtseadmete kasutamisel j\u00e4lgige \u00f5hutuskruvi\/ventiili \u00f5humullide v\u00e4ljumise suhtes.<\/li>\n<li>Samuti v\u00f5ib vedelikku hakata voolama \u00f5hutuskohast, mis n\u00e4itab, et \u00f5hku s\u00fcsteemist eemaldatakse.<\/li>\n<\/ul>\n<\/li>\n<li><strong>Sulgege \u00f5hutuskruvi\/ventiil:<\/strong>\n<ul>\n<li>Kui \u00f5humulle enam pole, pingutage \u00f5hutuskruvi\/ventiil kindlalt.<\/li>\n<li>Veenduge, et \u00f5hutuskruvi\/ventiil on korralikult tihendatud, et v\u00e4ltida vedeliku leket.<\/li>\n<\/ul>\n<\/li>\n<li><strong>Korda teiste l\u00f5ikepunktide puhul:<\/strong>\n<ul>\n<li>Kui h\u00fcdraulikas\u00fcsteemis on mitu \u00f5hutuskohta, korrake \u00f5hutusprotsessi iga\u00fche jaoks.<\/li>\n<li>Alustage k\u00f5rgeimast punktist ja liikuge allapoole, et kogu \u00f5hk s\u00fcsteemist v\u00e4lja p\u00e4\u00e4seks.<\/li>\n<\/ul>\n<\/li>\n<li><strong>Kontrollige vedeliku taset:<\/strong>\n<ul>\n<li>P\u00e4rast h\u00fcdraulikas\u00fcsteemist \u00f5hu v\u00e4ljalaskmist kontrollige vedeliku taset reservuaaris.<\/li>\n<li>Vajadusel lisage h\u00fcdraulika\u00f5li, et s\u00e4ilitada soovitatav tase.<\/li>\n<\/ul>\n<\/li>\n<li><strong>Testige h\u00fcdraulikas\u00fcsteemi:<\/strong>\n<ul>\n<li>Kui \u00f5hk on s\u00fcsteemist v\u00e4lja lastud, kontrollige h\u00fcdraulika juhtseadmeid ja funktsioone, et tagada sujuv ja n\u00f5uetekohane t\u00f6\u00f6.<\/li>\n<li>Veenduge, et traktori h\u00fcdros\u00fcsteem t\u00f6\u00f6tab ootusp\u00e4raselt ilma ebanormaalsete helide v\u00f5i j\u00f5udlusprobleemideta.<\/li>\n<\/ul>\n<\/li>\n<\/ol>\n<h2><strong>Tehase v\u00f5imekus ja suutlikkus:<\/strong><\/h2>\n<h3>(1) Kokkupanek<\/h3>\n<p>Meil on esmaklassiline s\u00f5ltumatu teadus- ja arendustegevuse montaa\u017eiplatvorm. H\u00fcdrosilindrite tootmist\u00f6\u00f6kojas on neli poolautomaatset t\u00f5stesilindrite koosteliini ja \u00fcks automaatne kallutussilindrite koosteliin, mille kavandatud aastane tootmisv\u00f5imsus on 1 miljon t\u00fckki. Spetsiaalsete silindrite t\u00f6\u00f6koda on varustatud erinevate spetsifikatsioonidega poolautomaatse puhastusmontaa\u017eis\u00fcsteemiga, mille kavandatud aastane tootmisv\u00f5imsus on 200 000 ja mis on varustatud kuulsate CNC-t\u00f6\u00f6tlemisseadmete, mehaanilise t\u00f6\u00f6tlemise keskuse, suure t\u00e4psusega silindrite t\u00f6\u00f6tlemise eriseadmete, robotkeevitusmasina, automaatse puhastusmasina, automaatse silindri kokkupanemise masina ja automaatse v\u00e4rvimise tootmisliiniga. Olemasolevad kriitilised seadmed rohkem kui 300 komplekti (komplekti). Seadmete ressursside optimaalne jaotamine ja t\u00f5hus kasutamine tagavad toodete t\u00e4psusn\u00f5uded ja vastavad toodete kvaliteedin\u00f5uetele.<\/p>\n<p><img loading=\"lazy\" decoding=\"async\" class=\"alignnone wp-image-626\" src=\"https:\/\/hydraulic-cylinders.net\/wp-content\/uploads\/2023\/08\/hydraulic-cylinder-product-1-300x158.webp\" alt=\"\" width=\"495\" height=\"260\" srcset=\"https:\/\/hydraulic-cylinders.net\/wp-content\/uploads\/2023\/08\/hydraulic-cylinder-product-1-300x158.webp 495w, https:\/\/hydraulic-cylinders.net\/wp-content\/uploads\/2023\/08\/hydraulic-cylinder-product-1-480x252.webp 480w\" sizes=\"(min-width: 0px) and (max-width: 480px) 480px, (min-width: 481px) 495px, 100vw\" \/> <img loading=\"lazy\" decoding=\"async\" class=\"alignnone wp-image-627\" src=\"https:\/\/hydraulic-cylinders.net\/wp-content\/uploads\/2023\/08\/hydraulic-cylinder-product-2-300x189.webp\" alt=\"\" width=\"413\" height=\"260\" \/><\/p>\n<h3>(2) T\u00f6\u00f6tlemine<\/h3>\n<p>T\u00f6\u00f6deldav t\u00f6\u00f6koda on varustatud kohandatud kallutatud r\u00f6\u00f6pse treipingi keskuse, mehaanilise keskuse, kiire lihvimismasina, keevitusroboti ja muude seotud seadmetega, mis suudavad t\u00f6\u00f6delda silindritorusid, mille maksimaalne sisel\u00e4bim\u00f5\u00f5t on 400 mm ja maksimaalne pikkus on 6 meetrit.<\/p>\n<p><img loading=\"lazy\" decoding=\"async\" class=\"alignnone wp-image-628 size-large\" src=\"https:\/\/hydraulic-cylinders.net\/wp-content\/uploads\/2023\/08\/hydraulic-cylinder-product-3-1024x391.webp\" alt=\"\" width=\"1024\" height=\"391\" srcset=\"https:\/\/hydraulic-cylinders.net\/wp-content\/uploads\/2023\/08\/hydraulic-cylinder-product-3-980x374.webp 980w, https:\/\/hydraulic-cylinders.net\/wp-content\/uploads\/2023\/08\/hydraulic-cylinder-product-3-480x183.webp 480w\" sizes=\"(min-width: 0px) and (max-width: 480px) 480px, (min-width: 481px) and (max-width: 980px) 980px, (min-width: 981px) 1024px, 100vw\" \/><\/p>\n<h3>(3) Keevitamine<\/h3>\n<p><img loading=\"lazy\" decoding=\"async\" class=\"alignnone wp-image-629 size-large\" src=\"https:\/\/hydraulic-cylinders.net\/wp-content\/uploads\/2023\/08\/hydraulic-cylinder-product-4-1024x510.webp\" alt=\"\" width=\"1024\" height=\"510\" srcset=\"https:\/\/hydraulic-cylinders.net\/wp-content\/uploads\/2023\/08\/hydraulic-cylinder-product-4-980x488.webp 980w, https:\/\/hydraulic-cylinders.net\/wp-content\/uploads\/2023\/08\/hydraulic-cylinder-product-4-480x239.webp 480w\" sizes=\"(min-width: 0px) and (max-width: 480px) 480px, (min-width: 481px) and (max-width: 980px) 980px, (min-width: 981px) 1024px, 100vw\" \/><\/p>\n<h3>(4) V\u00e4rvimine ja katmine<\/h3>\n<p>V\u00e4ikese ja keskmise suurusega silindri automaatse veep\u00f5hise v\u00e4rvipinnakattega liinide abil, et saavutada automaatne robotlaadimine ja mahalaadimine ning automaatne pihustamine, projekteerimisv\u00f5imsus 4000 t\u00fckki vahetuse kohta;<br \/>\nMeil on ka poolautomaatne suurte balloonide v\u00e4rvimise tootmisliin, mis t\u00f6\u00f6tab j\u00f5ukettaga ja mille projekteerimisv\u00f5imsus on 60 kasti \u00fche vahetuse kohta.<\/p>\n<p><img loading=\"lazy\" decoding=\"async\" class=\"alignnone wp-image-630\" src=\"https:\/\/hydraulic-cylinders.net\/wp-content\/uploads\/2023\/08\/hydraulic-cylinder-product-5-300x213.webp\" alt=\"\" width=\"366\" height=\"260\" \/> <img loading=\"lazy\" decoding=\"async\" class=\"alignnone wp-image-631\" src=\"https:\/\/hydraulic-cylinders.net\/wp-content\/uploads\/2023\/08\/hydraulic-cylinder-product-6-300x225.webp\" alt=\"\" width=\"347\" height=\"260\" \/><\/p>\n<h3>(5) Testimine<\/h3>\n<p>Meil on esmaklassilised kontrolliseadmed ja katsestendid, et tagada silindri j\u00f5udlus vastavus n\u00f5uetele.<\/p>\n<p><img loading=\"lazy\" decoding=\"async\" class=\"alignnone wp-image-632\" src=\"https:\/\/hydraulic-cylinders.net\/wp-content\/uploads\/2023\/08\/hydraulic-cylinder-product-8-300x200.webp\" alt=\"\" width=\"389\" height=\"260\" \/><\/p>\n<p>&nbsp;<\/p>\n<p>&nbsp;<\/p>\n<p>Oleme \u00fcks parimaid h\u00fcdrosilindrite tootjaid. Pakume laia valikut h\u00fcdrosilindreid. Pakume ka vastavaid... <a href=\"https:\/\/hzpt.com\/agricultural-pto-gearbox\/\" target=\"_blank\" rel=\"noopener\">p\u00f5llumajanduslikud k\u00e4igukastid<\/a>. Oleme eksportinud oma tooteid klientidele \u00fcle maailma ja teeninud hea maine t\u00e4nu meie suurep\u00e4rasele tootekvaliteedile ja m\u00fc\u00fcgij\u00e4rgsele teenindusele. Me tervitame kliente kodus ja v\u00e4lismaal, et v\u00f5tta meiega \u00fchendust, et pidada l\u00e4bir\u00e4\u00e4kimisi \u00e4ri, vahetada teavet ja <a href=\"https:\/\/www.hydraulic-cylinders.net\/et\/contact-us\/\">teha meiega koost\u00f6\u00f6d<\/a>!<\/p>","protected":false},"excerpt":{"rendered":"<p>Press Side Cylinder The press side cylinder is a powerful and reliable component designed to optimize pressing operations across various industries. This innovative cylinder delivers precise force and exceptional performance, enabling you to achieve superior results in your pressing applications. The press side cylinder offers a reliable, efficient solution for enhancing pressing operations. With its [&hellip;]<\/p>","protected":false},"featured_media":1622,"comment_status":"open","ping_status":"closed","template":"","meta":{"_et_pb_use_builder":"","_et_pb_old_content":"","_et_gb_content_width":""},"product_brand":[],"product_cat":[1522,1549,1376],"product_tag":[1380],"class_list":{"0":"post-1620","1":"product","2":"type-product","3":"status-publish","4":"has-post-thumbnail","6":"product_cat-press-hydraulic-cylinders","7":"product_cat-single-acting-hydraulic-cylinder","8":"product_cat-hydraulic-cylinder","9":"product_tag-hydraulic-cylinder","11":"first","12":"instock","13":"shipping-taxable","14":"product-type-simple"},"amp_enabled":true,"_links":{"self":[{"href":"https:\/\/www.hydraulic-cylinders.net\/et\/wp-json\/wp\/v2\/product\/1620","targetHints":{"allow":["GET"]}}],"collection":[{"href":"https:\/\/www.hydraulic-cylinders.net\/et\/wp-json\/wp\/v2\/product"}],"about":[{"href":"https:\/\/www.hydraulic-cylinders.net\/et\/wp-json\/wp\/v2\/types\/product"}],"replies":[{"embeddable":true,"href":"https:\/\/www.hydraulic-cylinders.net\/et\/wp-json\/wp\/v2\/comments?post=1620"}],"wp:featuredmedia":[{"embeddable":true,"href":"https:\/\/www.hydraulic-cylinders.net\/et\/wp-json\/wp\/v2\/media\/1622"}],"wp:attachment":[{"href":"https:\/\/www.hydraulic-cylinders.net\/et\/wp-json\/wp\/v2\/media?parent=1620"}],"wp:term":[{"taxonomy":"product_brand","embeddable":true,"href":"https:\/\/www.hydraulic-cylinders.net\/et\/wp-json\/wp\/v2\/product_brand?post=1620"},{"taxonomy":"product_cat","embeddable":true,"href":"https:\/\/www.hydraulic-cylinders.net\/et\/wp-json\/wp\/v2\/product_cat?post=1620"},{"taxonomy":"product_tag","embeddable":true,"href":"https:\/\/www.hydraulic-cylinders.net\/et\/wp-json\/wp\/v2\/product_tag?post=1620"}],"curies":[{"name":"wp","href":"https:\/\/api.w.org\/{rel}","templated":true}]}}