{"id":16211,"date":"2025-01-20T08:40:10","date_gmt":"2025-01-20T08:40:10","guid":{"rendered":"https:\/\/www.hydraulic-cylinders.net\/product\/arm-cylinderfor-doosan-large-excavator-dh290\/"},"modified":"2025-01-20T08:40:20","modified_gmt":"2025-01-20T08:40:20","slug":"arm-cylinderfor-doosan-large-excavator-dh290","status":"publish","type":"product","link":"https:\/\/www.hydraulic-cylinders.net\/et\/toode\/arm-cylinderfor-doosan-large-excavator-dh290\/","title":{"rendered":"Doosani suure ekskavaatori DH290 k\u00e4sisilinder"},"content":{"rendered":"<h2>Doosani suure ekskavaatori DH290 k\u00e4sisilinder<\/h2>\n<h3>Sissejuhatus<\/h3>\n<p>H\u00fcdrovarre silinder on spetsiaalselt konstrueeritud h\u00fcdrauliline silinder, mida kasutatakse peamiselt lineaarse liikumise ja j\u00f5u tagamiseks erinevat t\u00fc\u00fcpi seadmete, n\u00e4iteks ekskavaatorite, kraanade ja mehaaniliste hoobade hoobadele. H\u00fcdrovarre silindritel on h\u00fcdraulikas\u00fcsteemides v\u00f5tmeroll, v\u00f5imaldades lisaseadmete v\u00f5i tarvikute liikumist ja t\u00f5husat juhtimist. Need silindrid mitte ainult ei saavuta sujuvat liikumist, vaid taluvad ka suuri koormusi, tagades seadmete t\u00f5husa t\u00f6\u00f6 ja t\u00f6\u00f6kindluse erinevates t\u00f6\u00f6tingimustes.<\/p>\n<p><img decoding=\"async\" src=\"https:\/\/www.hydraulic-cylinders.net\/wp-content\/uploads\/2025\/01\/songte-company-2.webp\"><\/p>\n<h3>Toote omadused<\/h3>\n<ul>\n<li><strong>T\u00f5hus j\u00f5u\u00fclekanne:<\/strong> K\u00e4epideme silindrid tagavad tugeva lineaarse liikumise ja j\u00f5u, tagades mehaaniliste k\u00e4ppade k\u00f5rge j\u00f5udluse erinevates toimingutes.<\/li>\n<li><strong>T\u00e4ppiskontroll:<\/strong> H\u00fcdraulilise s\u00fcsteemi abil saavad poomisilindrid saavutada t\u00e4pse liikumise juhtimise, muutes lisaseadmete t\u00f6\u00f6 paindlikumaks ja t\u00e4psemaks.<\/li>\n<li><strong>Tugev vastupidavus:<\/strong> K\u00e4epideme silindrid on tavaliselt valmistatud \u00fclitugevatest materjalidest ning neil on hea kulumis- ja korrosioonikindlus, mist\u00f5ttu sobivad need pikaajaliseks kasutamiseks karmides keskkondades.<\/li>\n<li><strong>Mitmeotstarbeline kohanemisv\u00f5ime:<\/strong> Neid silindreid saab laialdaselt kasutada erinevat t\u00fc\u00fcpi mehaanilistes seadmetes, n\u00e4iteks ekskavaatorites, kraanades ja mehaanilistes k\u00e4sivartes, ning need saavad kohaneda erinevate t\u00f6\u00f6n\u00f5uetega.<\/li>\n<li><strong>Lihtne hooldus:<\/strong> Lihtsaks hooldamiseks ja vahetamiseks loodud regulaarne kontroll ja hooldus muutuvad mugavamaks, v\u00e4hendades seadmete seisakuid.<\/li>\n<\/ul>\n<p>Me saame seda toodet toota ja meie toode saab neid h\u00fcdrosilindreid ideaalselt asendada.<\/p>\n<p><img decoding=\"async\" src=\"https:\/\/www.hydraulic-cylinders.net\/wp-content\/uploads\/2025\/01\/songte-oil-pipes-and-spare-parts.webp\"><\/p>\n<h3>Rakendused<\/h3>\n<p>\u00d5\u00f5tsilindreid kasutatakse laialdaselt erinevates t\u00f6\u00f6stusharudes, sealhulgas, kuid mitte ainult:<\/p>\n<ul>\n<li><strong>Ehitustehnika:<\/strong> Ekskavaatorites ja kraanades kasutatakse poomi silindreid kopa v\u00f5i poomi liikumise juhtimiseks mullat\u00f6\u00f6del, materjalide k\u00e4itlemisel ja konstruktsioonide paigaldamisel.<\/li>\n<li><strong>Tootmine:<\/strong> Automatiseeritud tootmisliinidel kasutatakse \u00f5lavarre silindreid mehaaniliste \u00f5lavarre liigutamiseks montaa\u017ei-, keevitus- ja k\u00e4sitsemisprotsessides, parandades tootmise efektiivsust ja t\u00e4psust.<\/li>\n<li><strong>P\u00f5llumajandusmasinad:<\/strong> P\u00f5llumajandusmasinates, n\u00e4iteks kombainides ja k\u00fclvikutes, juhivad \u00f5\u00f5tshoobade liikumist selliste \u00fclesannete puhul nagu k\u00fclv, v\u00e4etamine ja koristamine.<\/li>\n<li><strong>Kaevandamine:<\/strong> Kaevandusseadmetes kasutatakse maagi kaevandamise ja k\u00e4itlemise kaevandusseadmete k\u00e4e liikumise juhtimiseks k\u00e4e silindreid.<\/li>\n<li><strong>Logistika ja transport:<\/strong> Kahvelt\u00f5stukites ja robotites kasutatakse kahvli t\u00f5stmise ja liikumise juhtimiseks k\u00e4sisilindreid, mis teostavad materjalide k\u00e4itlemist ja virnastamist.<\/li>\n<\/ul>\n<h3>Projekteerimiskaalutlused ja valikustandardid<\/h3>\n<p>Projekteerimisel v\u00f5etakse arvesse selliseid v\u00f5tmetegureid nagu kandev\u00f5ime, tihendus, vastupidavus, ohutus ja hooldatavus. M\u00f5ned projekteerimiskaalutlused ja valikustandardid h\u00f5lmavad j\u00e4rgmist:<\/p>\n<ul>\n<li><strong>Kandev\u00f5ime:<\/strong> K\u00e4epideme silindritel peab olema piisav kandev\u00f5ime, et tagada ohutu t\u00f6\u00f6 erinevates t\u00f6\u00f6tingimustes.<\/li>\n<li><strong>Tihendusv\u00f5ime:<\/strong> H\u00fcdraulikavedeliku silindris p\u00fcsimise tagamiseks, lekete v\u00e4ltimiseks ja stabiilse t\u00f6\u00f6 tagamiseks kasutatakse mitmesuguseid tihenduskomponente, n\u00e4iteks kolvitihendeid ja varrastihendeid.<\/li>\n<li><strong>Vastupidavus:<\/strong> \u00d5\u00f5tshoova silindrid on tavaliselt valmistatud \u00fclitugevatest materjalidest, n\u00e4iteks legeerterasest, et tagada vastupidavus ning kulumis- ja korrosioonikindlus. Silindri ava ja varda pind on peenelt t\u00f6\u00f6deldud, et parandada kulumiskindlust.<\/li>\n<li><strong>Ohutus:<\/strong> Ohutuskaalutlused on olulised, sealhulgas sellised meetmed nagu kaitseventiilide kasutamine \u00fclekoormuse v\u00e4ltimiseks ja avariil\u00fclitite paigaldamine.<\/li>\n<li><strong>Hooldatavus:<\/strong> \u00d5\u00f5tshoova silindrid on konstrueeritud h\u00f5lpsaks hooldamiseks ja vahetamiseks, vahetatavate tihendite ja laagritega ning kasutajas\u00f5bralike kokkupaneku- ja lahtiv\u00f5tmisprotseduuridega.<\/li>\n<\/ul>\n<p><img decoding=\"async\" src=\"https:\/\/www.hydraulic-cylinders.net\/wp-content\/uploads\/2025\/01\/songte-cylinder-head-with-all-kinds-excavator-models.webp\"><\/p>\n<h3>Tihendus ja m\u00e4\u00e4rimine<\/h3>\n<p>\u00d5\u00f5tshoovasilindrites kasutatakse lekete v\u00e4ltimiseks mitmesuguseid tihenduskomponente, n\u00e4iteks kolvitihendeid ja vardatihendeid. Tihendid on valmistatud kulumiskindlatest materjalidest, nagu pol\u00fcuretaan ja nitriilkummi. Silindri ava ja varda pind on peenelt t\u00f6\u00f6deldud, et parandada kulumiskindlust. Silindri sujuva t\u00f6\u00f6 tagamiseks ja selle kasutusea pikendamiseks on vajalik regulaarne m\u00e4\u00e4rimine sobiva h\u00fcdraulika\u00f5liga.<\/p>\n<h3>Hooldus ja ennetavad meetmed<\/h3>\n<p>K\u00e4epidemete ohutu ja t\u00f5husa t\u00f6\u00f6 tagamiseks on vaja regulaarset kontrolli ja ennetavat hooldust. M\u00f5ned hooldus- ja ennetusmeetmed h\u00f5lmavad j\u00e4rgmist:<\/p>\n<ul>\n<li><strong>Regulaarne kontroll:<\/strong> Silindri korpuse, kolvi, varda, tihendite ja muude komponentide kulumise ja kahjustuste kontroll.<\/li>\n<li><strong>Regulaarne m\u00e4\u00e4rimine:<\/strong> Regulaarne m\u00e4\u00e4rimine sobiva h\u00fcdraulika\u00f5liga tagab sujuva t\u00f6\u00f6 ja pikendab silindri kasutusiga.<\/li>\n<li><strong>Kulunud osade asendamine:<\/strong> Kulunud v\u00f5i kahjustatud tihendite, laagrite ja muude komponentide vahetamine silindri ohutu ja t\u00f5husa t\u00f6\u00f6 tagamiseks.<\/li>\n<li><strong>Ennetavad meetmed:<\/strong> V\u00e4ltige ballooni \u00fclekoormamist, ballooni saastumist v\u00f5\u00f5rkehadega ning kokkupuudet \u00e4\u00e4rmuslike temperatuuride ja s\u00f6\u00f6vitava keskkonnaga.<\/li>\n<\/ul>\n<p><img decoding=\"async\" src=\"https:\/\/www.hydraulic-cylinders.net\/wp-content\/uploads\/2025\/01\/songte-chushion-collar.webp\"><\/p>\n<h3>Toote paigaldusjuhend<\/h3>\n<p>Ohutu ja t\u00f5husa t\u00f6\u00f6 tagamiseks on oluline \u00f5lasilindri \u00f5ige paigaldamine. M\u00f5ned paigaldusn\u00f5uanded on j\u00e4rgmised:<\/p>\n<ul>\n<li><strong>Ettevalmistus:<\/strong> Vaadake \u00fcle paigaldusjuhend ja veenduge, et k\u00f5ik vajalikud t\u00f6\u00f6riistad ja seadmed on olemas.<\/li>\n<li><strong>Paigaldus:<\/strong> Paigaldage silinder seadmele vastavalt paigaldusjuhistele, veendudes, et silinder on kindlalt kinnitatud ja \u00f5igesti joondatud.<\/li>\n<li><strong>\u00dchendus:<\/strong> \u00dchendage h\u00fcdrovoolikud silindriga vastavalt paigaldusjuhistele, veendudes, et voolikud on kindlalt kinnitatud ja lekkevabad.<\/li>\n<li><strong>Testimine:<\/strong> Kontrollige silindri n\u00f5uetekohast toimimist ja tehke vajalikud seadistused.<\/li>\n<\/ul>\n<h3>Ohutuskaalutlused ja keskkonnategurid<\/h3>\n<p>H\u00fcdraulikasilindritega t\u00f6\u00f6tamisel on ohutusn\u00f5uded olulised, et tagada personali ja seadmete ohutus. Nende kaalutluste hulka kuuluvad kaitsevahendite, n\u00e4iteks kinnaste ja kaitseprillide kasutamine ning ohutusprotseduuride rakendamine, n\u00e4iteks toiteallika v\u00e4ljal\u00fclitamine enne hooldust\u00f6\u00f6de tegemist. Samuti tuleb arvestada keskkonnateguritega, n\u00e4iteks \u00f5lireostuse v\u00e4ltimise ja kasutatud h\u00fcdraulika\u00f5li n\u00f5uetekohase k\u00f5rvaldamisega.<\/p>\n<h3>Veaotsing ja levinud probleemid<\/h3>\n<p>M\u00f5ned levinud probleemid, mis v\u00f5ivad tekkida \u00f5lgade silindritega, on lekked, eba\u00f5ige t\u00f6\u00f6 ja komponentide kahjustused. M\u00f5ned n\u00e4pun\u00e4ited nende probleemide t\u00f5rkeotsinguks ja lahendamiseks on j\u00e4rgmised:<\/p>\n<ul>\n<li><strong>Leke:<\/strong> Kontrollige tihendite kulumist v\u00f5i kahjustusi ja vajadusel vahetage need v\u00e4lja. Veenduge, et silinder poleks \u00fclekoormatud.<\/li>\n<li><strong>Eba\u00f5ige toimimine:<\/strong> Kontrollige \u00f5iget joondust ja veenduge, et h\u00fcdraulikas\u00fcsteem t\u00f6\u00f6tab korralikult.<\/li>\n<li><strong>Komponentide kahjustused:<\/strong> Vahetage v\u00e4lja k\u00f5ik kahjustatud komponendid, n\u00e4iteks tihendid v\u00f5i laagrid, ja veenduge, et silindrit ei koormataks \u00fcle.<\/li>\n<\/ul>\n<p>Nende probleemide minimeerimiseks v\u00f5etavate ennetavate meetmete hulka kuuluvad n\u00f5uetekohane paigaldamine, regulaarne kontroll ja hooldus.<\/p>\n<p><img decoding=\"async\" src=\"https:\/\/www.hydraulic-cylinders.net\/wp-content\/uploads\/2025\/01\/songte-bushings-with-all-kinds-of-excavator-models.webp\"><\/p>\n<h3>Meist<\/h3>\n<p>Oleme professionaalne asendush\u00fcdrauliliste silindrite tootja laia tootevalikuga ning oleme saanud \u00fcheks juhtivaks h\u00fcdrosilindrite tootjaks ja hulgim\u00fc\u00fcjaks nii sise- kui ka rahvusvahelisel turul. Peame alati kinni suurep\u00e4rase kvaliteedi p\u00f5him\u00f5ttest, tuginedes t\u00e4iustatud tootmist\u00f6\u00f6koja industrialiseeritud tootmisjuhtimise strateegiale, t\u00e4iustades pidevalt oma tehnilist taset ja tootmise efektiivsust. Tipptasemel digitaalsete tootmisseadmete ja professionaalsete testimiss\u00fcsteemide juurutamisega optimeerime pidevalt oma tootmisplatvormi, t\u00e4iustame tootekvaliteedi kontrolli protsesse ning omame tugevat innovatsiooniv\u00f5imet. Meie eesm\u00e4rk on rahuldada klientide mitmekesiseid vajadusi suure efektiivsuse, t\u00e4psuse ja k\u00f5rgete kvaliteedip\u00f5him\u00f5tete abil.<\/p>\n<p>Meie ettev\u00f5te pakub mitmesuguseid teenuseid, sealhulgas:<\/p>\n<ul>\n<li><strong>Professionaalsus:<\/strong> Meil on professionaalne ekspertide meeskond, kes pakub spetsialiseeritud teenuseid h\u00fcdrauliliste silindrite projekteerimisel, arendamisel, tootmisel ja m\u00fc\u00fcgil.<\/li>\n<li><strong>Rahvusvaheline sertifitseerimine:<\/strong> Meie tooted on l\u00e4binud mitmesuguseid rahvusvahelisi sertifikaate, n\u00e4iteks ISO9001, SGS ja CE, mis tagavad k\u00f5rge kvaliteedi ja ohutuse.<\/li>\n<li><strong>Kohandamine:<\/strong> Saame h\u00fcdraulilisi silindreid vastavalt klientide konkreetsetele vajadustele kohandada, pakkudes personaalseid ja kohandatud tooteid ja teenuseid.<\/li>\n<li><strong>Tootmisseadmed:<\/strong> Meie ettev\u00f5ttel on mitmesugused tootmisseadmed, n\u00e4iteks CNC-t\u00f6\u00f6pingid, automaatsed keevitusmasinad ja testimisseadmed, mis suudavad rahuldada erinevate tootmisprotsesside vajadusi.<\/li>\n<li><strong>M\u00fc\u00fcgij\u00e4rgne teenindus:<\/strong> Pakume klientide rahulolu tagamiseks igak\u00fclgset m\u00fc\u00fcgij\u00e4rgset teenindust, mis h\u00f5lmab tehnilist tuge, tootehooldust ja garantiiteenuseid.<\/li>\n<\/ul>\n<p><img decoding=\"async\" src=\"https:\/\/www.hydraulic-cylinders.net\/wp-content\/uploads\/2025\/01\/songte-company-4.webp\"><\/p>\n<p><img decoding=\"async\" src=\"https:\/\/www.hydraulic-cylinders.net\/wp-content\/uploads\/2025\/01\/songte-company-3.webp\"><\/p>\n<p>Autor: lyl<\/p>","protected":false},"excerpt":{"rendered":"<p>Arm Cylinder for Doosan Large Excavator DH290 Introduction An arm cylinder is a specially designed hydraulic cylinder that is primarily used to provide linear motion and power to the arms of various types of equipment, such as excavators, cranes, and mechanical arms. Arm cylinders play a key role in hydraulic systems, enabling attachments or accessories [&hellip;]<\/p>","protected":false},"featured_media":14763,"comment_status":"open","ping_status":"closed","template":"","meta":{"_et_pb_use_builder":"","_et_pb_old_content":"","_et_gb_content_width":""},"product_brand":[],"product_cat":[1497],"product_tag":[1498,1496],"class_list":{"0":"post-16211","1":"product","2":"type-product","3":"status-publish","4":"has-post-thumbnail","6":"product_cat-arm-cylinders","7":"product_tag-arm-cylinders","8":"product_tag-hydraulic-cylinders","10":"first","11":"instock","12":"shipping-taxable","13":"product-type-simple"},"amp_enabled":true,"_links":{"self":[{"href":"https:\/\/www.hydraulic-cylinders.net\/et\/wp-json\/wp\/v2\/product\/16211","targetHints":{"allow":["GET"]}}],"collection":[{"href":"https:\/\/www.hydraulic-cylinders.net\/et\/wp-json\/wp\/v2\/product"}],"about":[{"href":"https:\/\/www.hydraulic-cylinders.net\/et\/wp-json\/wp\/v2\/types\/product"}],"replies":[{"embeddable":true,"href":"https:\/\/www.hydraulic-cylinders.net\/et\/wp-json\/wp\/v2\/comments?post=16211"}],"wp:featuredmedia":[{"embeddable":true,"href":"https:\/\/www.hydraulic-cylinders.net\/et\/wp-json\/wp\/v2\/media\/14763"}],"wp:attachment":[{"href":"https:\/\/www.hydraulic-cylinders.net\/et\/wp-json\/wp\/v2\/media?parent=16211"}],"wp:term":[{"taxonomy":"product_brand","embeddable":true,"href":"https:\/\/www.hydraulic-cylinders.net\/et\/wp-json\/wp\/v2\/product_brand?post=16211"},{"taxonomy":"product_cat","embeddable":true,"href":"https:\/\/www.hydraulic-cylinders.net\/et\/wp-json\/wp\/v2\/product_cat?post=16211"},{"taxonomy":"product_tag","embeddable":true,"href":"https:\/\/www.hydraulic-cylinders.net\/et\/wp-json\/wp\/v2\/product_tag?post=16211"}],"curies":[{"name":"wp","href":"https:\/\/api.w.org\/{rel}","templated":true}]}}