{"id":16241,"date":"2025-01-20T08:42:56","date_gmt":"2025-01-20T08:42:56","guid":{"rendered":"https:\/\/www.hydraulic-cylinders.net\/product\/arm-cylinderfor-hyundai-middle-excavator-r215-5-7c-9\/"},"modified":"2025-01-20T08:42:58","modified_gmt":"2025-01-20T08:42:58","slug":"arm-cylinderfor-hyundai-middle-excavator-r215-5-7c-9","status":"publish","type":"product","link":"https:\/\/www.hydraulic-cylinders.net\/et\/toode\/arm-cylinderfor-hyundai-middle-excavator-r215-5-7c-9\/","title":{"rendered":"H\u00fcdrauliline silinder Hyundai keskmise ekskavaatori R215-5-7c-9 jaoks"},"content":{"rendered":"<h2>Hyundai keskmise ekskavaatori R215-5-7c-9 \u00f5\u00f5tsilinder<\/h2>\n<h3>Sissejuhatus<\/h3>\n<p>H\u00fcdrovarre silinder on spetsiaalselt loodud h\u00fcdrauliline silinder, mis tagab lineaarse liikumise ja j\u00f5u erinevat t\u00fc\u00fcpi masinate, sealhulgas ekskavaatorite, kraanade ja robotk\u00e4sipuude k\u00e4sipuudele. H\u00fcdrovarre silinder m\u00e4ngib h\u00fcdraulikas\u00fcsteemis olulist rolli, v\u00f5imaldades lisaseadmete ja tarvikute t\u00f5husat liikumist ja juhtimist. Need silindrid mitte ainult ei taga sujuvat liikumist, vaid taluvad ka suuri koormusi, tagades masinate t\u00f5husa t\u00f6\u00f6 ja t\u00f6\u00f6kindluse erinevates t\u00f6\u00f6tingimustes.<\/p>\n<p><img decoding=\"async\" src=\"https:\/\/www.hydraulic-cylinders.net\/wp-content\/uploads\/2025\/01\/songte-company-2.webp\"><\/p>\n<h3>Omadused<\/h3>\n<ul>\n<li><strong>Suure efektiivsusega \u00fclekanne:<\/strong> K\u00e4e silinder tagab v\u00f5imsa lineaarse liikumise ja j\u00f5u, tagades robotk\u00e4e k\u00f5rge efektiivsuse erinevates toimingutes.<\/li>\n<li><strong>T\u00e4pne kontroll:<\/strong> H\u00fcdraulilise s\u00fcsteemi abil saab poomi silinder saavutada t\u00e4pse liikumise juhtimise, muutes lisaseadmete t\u00f6\u00f6 paindlikumaks ja t\u00e4psemaks.<\/li>\n<li><strong>Vastupidav:<\/strong> K\u00e4epideme silindrid on tavaliselt valmistatud \u00fclitugevatest materjalidest, millel on hea kulumis- ja korrosioonikindlus ning mis sobivad pikaajaliseks kasutamiseks karmides keskkondades.<\/li>\n<li><strong>Mitmeotstarbeline kohanemisv\u00f5ime:<\/strong> Neid silindreid saab laialdaselt kasutada erinevates mehaanilistes seadmetes, n\u00e4iteks ekskavaatorites, kraanades ja robotk\u00e4tes, kohandudes erinevate t\u00f6\u00f6n\u00f5uetega.<\/li>\n<li><strong>Lihtne hooldus:<\/strong> Projekteerimisel on arvestatud hoolduse ja asendamise lihtsusega, muutes regulaarsed kontrollid ja hoolduse mugavamaks ning v\u00e4hendades seadmete seisakuid.<\/li>\n<\/ul>\n<p>Me saame seda toodet toota ja meie tooted saavad neid h\u00fcdrosilindreid ideaalselt asendada.<\/p>\n<p><img decoding=\"async\" src=\"https:\/\/www.hydraulic-cylinders.net\/wp-content\/uploads\/2025\/01\/songte-oil-pipes-and-spare-parts.webp\"><\/p>\n<h3>Rakendused<\/h3>\n<p>K\u00e4epideme silindrit kasutatakse laialdaselt erinevates t\u00f6\u00f6stusharudes:<\/p>\n<ul>\n<li><strong>Ehitustehnika:<\/strong> Ekskavaatorites ja kraanades kasutatakse poomisilindrit koppade v\u00f5i poomide liikumise juhtimiseks mullat\u00f6\u00f6del, materjalide k\u00e4itlemisel ja konstruktsioonide paigaldamisel.<\/li>\n<li><strong>Tootmine:<\/strong> Automatiseeritud tootmisliinidel kasutatakse k\u00e4sivarre silindrit robotk\u00e4sivarte liigutamiseks, montaa\u017ei-, keevitus- ja k\u00e4sitsemisprotsessides, parandades tootmise efektiivsust ja t\u00e4psust.<\/li>\n<li><strong>P\u00f5llumajandusmasinad:<\/strong> P\u00f5llumajandusmasinates, n\u00e4iteks kombainides ja istutusmasinates, juhib \u00f5\u00f5tshoova silinder juhthoova liikumist, t\u00e4ites selliseid \u00fclesandeid nagu k\u00fclvamine, v\u00e4etamine ja koristamine.<\/li>\n<li><strong>Kaevandamine:<\/strong> Kaevandusseadmetes kasutatakse kaevandusseadmete kaevandushoobade liikumise juhtimiseks kaevandamisel ja materjalide k\u00e4itlemisel \u00f5lasilindrit.<\/li>\n<li><strong>Logistika ja transport:<\/strong> Kahvelt\u00f5stukites ja robotites juhib kahvli t\u00f5stmist ja liikumist k\u00e4sisilindri abil, teostades materjalide k\u00e4itlemist ja virnastamist.<\/li>\n<\/ul>\n<h3>Projekteerimiskaalutlused ja valikukriteeriumid<\/h3>\n<p>H\u00fcdraulikas\u00fcsteemi oluline komponent on \u00f5\u00f5tshoova silinder ning selle j\u00f5udlus ja kvaliteet on tihedalt seotud masina \u00fcldise efektiivsuse ja ohutusega. Arvesse tuleks v\u00f5tta j\u00e4rgmisi projekteerimiskaalutlusi ja valikukriteeriume:<\/p>\n<ul>\n<li><strong>Kandev\u00f5ime:<\/strong> K\u00e4epideme silinder peaks suutma taluda masina ja lisaseadmete maksimaalset koormust, tagades t\u00f5husa ja ohutu t\u00f6\u00f6.<\/li>\n<li><strong>Tihendusv\u00f5ime:<\/strong> Kasutada tuleks mitmesuguseid tihenduskomponente, n\u00e4iteks kolvitihendeid ja varrastihendeid, ning tihendusmaterjalid, n\u00e4iteks pol\u00fcuretaan ja nitriilkummi, tuleks valida nende kulumiskindluse j\u00e4rgi.<\/li>\n<li><strong>Vastupidavus:<\/strong> Silindri korpus ja keermestatud otsapind tuleks peenelt t\u00f6\u00f6delda, et parandada kulumiskindlust ja korrosioonikindlust.<\/li>\n<li><strong>Ohutus:<\/strong> Ohutu t\u00f6\u00f6 tagamiseks peaks k\u00e4sisilindril olema ohutusseadmed, n\u00e4iteks \u00fclekoormuskaitse ja avariiseiskamisl\u00fcliti.<\/li>\n<li><strong>Hooldatavus:<\/strong> K\u00e4epideme silindri konstruktsioon peaks olema h\u00f5lpsasti hooldatav ja parandatav, v\u00e4hendades seisakuid ja hoolduskulusid.<\/li>\n<\/ul>\n<p><img decoding=\"async\" src=\"https:\/\/www.hydraulic-cylinders.net\/wp-content\/uploads\/2025\/01\/songte-cylinder-head-with-all-kinds-excavator-models.webp\"><\/p>\n<h3>Tihendus ja m\u00e4\u00e4rimine<\/h3>\n<p>K\u00e4epideme silinder vajab oma j\u00f5udluse s\u00e4ilitamiseks ja kasutusea pikendamiseks korralikku tihendust ja m\u00e4\u00e4rimist. Tuleks v\u00f5tta j\u00e4rgmised meetmed:<\/p>\n<ul>\n<li><strong>Erinevate tihenduskomponentide kasutamine:<\/strong> Hea tihendustulemuse tagamiseks peaks \u00f5\u00f5tshoova silinder olema varustatud erinevate tihenduskomponentidega, n\u00e4iteks kolvitihendite ja vardatihenditega.<\/li>\n<li><strong>Kulumiskindlate materjalide valimine:<\/strong> Tihendusmaterjalid, n\u00e4iteks pol\u00fcuretaan ja nitriilkummi, tuleks valida nende kulumiskindluse j\u00e4rgi.<\/li>\n<li><strong>Silindri korpuse ja keermestatud otsapinna peent\u00f6\u00f6tlus:<\/strong> Silindri korpus ja keermestatud otsapind tuleks peenelt t\u00f6\u00f6delda, et parandada kulumiskindlust ja korrosioonikindlust.<\/li>\n<li><strong>Lisage regulaarselt h\u00fcdraulika\u00f5li m\u00e4\u00e4rimiseks:<\/strong> M\u00e4\u00e4rimiseks tuleks regulaarselt lisada \u00f5ige kogus h\u00fcdraulika\u00f5li.<\/li>\n<\/ul>\n<h3>Hooldus ja ennetavad meetmed<\/h3>\n<p>N\u00f5uetekohane hooldus ja ennetavad meetmed aitavad pikendada poomisilindri kasutusiga ja v\u00e4hendada seisakuid. Tuleks v\u00f5tta j\u00e4rgmised meetmed:<\/p>\n<ul>\n<li><strong>Regulaarsed kontrollid:<\/strong> Probleemide \u00f5igeaegseks avastamiseks ja diagnoosimiseks tuleks l\u00e4bi viia regulaarseid kontrolle.<\/li>\n<li><strong>Kulunud v\u00f5i kahjustatud komponentide vahetamine:<\/strong> Kulunud v\u00f5i kahjustatud komponendid tuleks \u00f5igeaegselt v\u00e4lja vahetada, et v\u00e4ltida \u00f5\u00f5tshoova silindri j\u00f5udluse ja ohutuse m\u00f5jutamist.<\/li>\n<li><strong>Ennetav hooldus:<\/strong> Kulumise v\u00e4hendamiseks ja v\u00f5imalike probleemide v\u00e4ltimiseks tuleks teha regulaarset ennetavat hooldust, n\u00e4iteks puhastamist ja m\u00e4\u00e4rimist.<\/li>\n<\/ul>\n<p><img decoding=\"async\" src=\"https:\/\/www.hydraulic-cylinders.net\/wp-content\/uploads\/2025\/01\/songte-chushion-collar.webp\"><\/p>\n<h3>Paigaldusjuhend<\/h3>\n<p>Silindripea tuleks paigaldada ja kasutada vastavalt j\u00e4rgmistele juhistele:<\/p>\n<ul>\n<li><strong>Valige sobiv paigalduskoht:<\/strong> Paigalduskoht tuleks valida vastavalt masina ja lisaseadmete erin\u00f5uetele.<\/li>\n<li><strong>Veenduge \u00f5iges paigaldussuunas:<\/strong> \u00d5ige t\u00f6\u00f6 tagamiseks tuleks \u00f5\u00f5tshoova silinder paigaldada \u00f5iges suunas.<\/li>\n<li><strong>\u00dchendage h\u00fcdraulika\u00f5li torud \u00f5igesti:<\/strong> H\u00fcdraulilise \u00f5li torud tuleb korralikult \u00fchendada, et tagada sujuv vool ja v\u00e4ltida lekkeid.<\/li>\n<li><strong>Reguleerige r\u00f5hku:<\/strong> R\u00f5hku tuleks reguleerida sobivale tasemele vastavalt masina ja lisaseadmete erin\u00f5uetele.<\/li>\n<\/ul>\n<h3>Ohutuskaalutlused ja keskkonnategurid<\/h3>\n<p>K\u00e4epideme kasutamisel tuleks v\u00f5tta ohutusmeetmeid, kuna see on masina oluline osa. Arvesse tuleks v\u00f5tta ka keskkonnategureid, nagu temperatuur ja niiskus, ning v\u00f5tta asjakohased meetmed k\u00e4epideme ohutu ja t\u00f5husa t\u00f6\u00f6 tagamiseks.<\/p>\n<h3>Veaotsing ja levinud probleemid<\/h3>\n<p>J\u00e4rgnevalt on toodud \u00f5\u00f5tshoova silindriga seotud levinud probleemid ja lahendused:<\/p>\n<ul>\n<li><strong>Leke:<\/strong> Lekke v\u00f5ivad p\u00f5hjustada kahjustatud tihenduskomponendid v\u00f5i eba\u00f5ige paigaldus. Vajadusel vahetage kahjustatud komponendid v\u00e4lja v\u00f5i kohandage paigaldust.<\/li>\n<li><strong>\u00dclekuumenemine:<\/strong> \u00dclekuumenemise p\u00f5hjuseks v\u00f5ib olla ebapiisav \u00f5livarustus v\u00f5i liigne koormus. Kontrollige \u00f5livarustust ja v\u00e4hendage vajadusel koormust.<\/li>\n<li><strong>Ebanormaalne m\u00fcra:<\/strong> Ebanormaalset m\u00fcra v\u00f5ivad p\u00f5hjustada lahtised komponendid v\u00f5i \u00f5\u00f5tshoova silindri kahjustused. Vajadusel pingutage lahtised komponendid v\u00f5i vahetage kahjustatud komponendid v\u00e4lja.<\/li>\n<\/ul>\n<p>Ennetavad meetmed, nagu regulaarne hooldus ja kontroll, aitavad v\u00e4hendada nende probleemide esinemist.<\/p>\n<p><img decoding=\"async\" src=\"https:\/\/www.hydraulic-cylinders.net\/wp-content\/uploads\/2025\/01\/songte-bushings-with-all-kinds-of-excavator-models.webp\"><\/p>\n<h3>Meist<\/h3>\n<p>Oleme professionaalne asendush\u00fcdrauliliste silindrite tootja laia tootevalikuga ning oleme saanud \u00fcheks juhtivaks h\u00fcdrosilindrite tootjaks ja hulgim\u00fc\u00fcjaks nii sise- kui ka rahvusvahelisel turul. Peame alati kinni suurep\u00e4rase kvaliteedi p\u00f5him\u00f5ttest, tuginedes peentootmist\u00f6\u00f6kodade industrialiseeritud tootmisjuhtimise strateegiale, t\u00e4iustades pidevalt oma tehnoloogiat ja tootmise efektiivsust. Tipptasemel digitaalsete tootmisseadmete ja professionaalsete testimiss\u00fcsteemide juurutamisega optimeerime pidevalt oma tootmisplatvormi, t\u00e4iustame oma tootekvaliteedi kontrolli protsessi ning omame tugevat innovatsiooniv\u00f5imet. Meie eesm\u00e4rk on rahuldada klientide mitmekesiseid vajadusi suure efektiivsuse, t\u00e4psuse ja k\u00f5rgete kvaliteedip\u00f5him\u00f5tete abil.<\/p>\n<p>Oleme spetsialiseerunud h\u00fcdrauliliste silindrite kohandatud teenuste pakkumisele ning meil on rahvusvahelised sertifikaadid nagu ISO9001 ja CE. Meil \u200b\u200bon t\u00e4iustatud tootmisseadmed ja professionaalne tehniline personal ning suudame pakkuda klientidele kvaliteetseid tooteid ja teenuseid \u00f5igeaegselt. Pakume ka suurep\u00e4rast m\u00fc\u00fcgij\u00e4rgset teenindust ja tehnilist tuge, et tagada klientide rahulolu.<\/p>\n<p><img decoding=\"async\" src=\"https:\/\/www.hydraulic-cylinders.net\/wp-content\/uploads\/2025\/01\/songte-company-4.webp\"><br \/>\n<img decoding=\"async\" src=\"https:\/\/www.hydraulic-cylinders.net\/wp-content\/uploads\/2025\/01\/songte-company-3.webp\"><\/p>\n<p>Autor: lyl<\/p>","protected":false},"excerpt":{"rendered":"<p>Arm Cylinder for Hyundai Middle Excavator R215-5-7c-9 Introduction The arm cylinder is a specially designed hydraulic cylinder that provides linear motion and power to the arms of various types of machinery including excavators, cranes, and robotic arms. The arm cylinder plays a crucial role in the hydraulic system, enabling the effective movement and control of [&hellip;]<\/p>","protected":false},"featured_media":14763,"comment_status":"open","ping_status":"closed","template":"","meta":{"_et_pb_use_builder":"","_et_pb_old_content":"","_et_gb_content_width":""},"product_brand":[],"product_cat":[1497],"product_tag":[1498,1496],"class_list":{"0":"post-16241","1":"product","2":"type-product","3":"status-publish","4":"has-post-thumbnail","6":"product_cat-arm-cylinders","7":"product_tag-arm-cylinders","8":"product_tag-hydraulic-cylinders","10":"first","11":"instock","12":"shipping-taxable","13":"product-type-simple"},"amp_enabled":true,"_links":{"self":[{"href":"https:\/\/www.hydraulic-cylinders.net\/et\/wp-json\/wp\/v2\/product\/16241","targetHints":{"allow":["GET"]}}],"collection":[{"href":"https:\/\/www.hydraulic-cylinders.net\/et\/wp-json\/wp\/v2\/product"}],"about":[{"href":"https:\/\/www.hydraulic-cylinders.net\/et\/wp-json\/wp\/v2\/types\/product"}],"replies":[{"embeddable":true,"href":"https:\/\/www.hydraulic-cylinders.net\/et\/wp-json\/wp\/v2\/comments?post=16241"}],"wp:featuredmedia":[{"embeddable":true,"href":"https:\/\/www.hydraulic-cylinders.net\/et\/wp-json\/wp\/v2\/media\/14763"}],"wp:attachment":[{"href":"https:\/\/www.hydraulic-cylinders.net\/et\/wp-json\/wp\/v2\/media?parent=16241"}],"wp:term":[{"taxonomy":"product_brand","embeddable":true,"href":"https:\/\/www.hydraulic-cylinders.net\/et\/wp-json\/wp\/v2\/product_brand?post=16241"},{"taxonomy":"product_cat","embeddable":true,"href":"https:\/\/www.hydraulic-cylinders.net\/et\/wp-json\/wp\/v2\/product_cat?post=16241"},{"taxonomy":"product_tag","embeddable":true,"href":"https:\/\/www.hydraulic-cylinders.net\/et\/wp-json\/wp\/v2\/product_tag?post=16241"}],"curies":[{"name":"wp","href":"https:\/\/api.w.org\/{rel}","templated":true}]}}