{"id":1626,"date":"2023-10-08T08:46:25","date_gmt":"2023-10-08T08:46:25","guid":{"rendered":"https:\/\/hydraulic-cylinders.net\/?post_type=product&#038;p=1626"},"modified":"2025-04-11T03:46:32","modified_gmt":"2025-04-11T03:46:32","slug":"press-lateral-shift-anvil-cylinder","status":"publish","type":"product","link":"https:\/\/www.hydraulic-cylinders.net\/et\/toode\/press-lateral-shift-anvil-cylinder\/","title":{"rendered":"Vajutage k\u00fclgmise nihkega alasi silindrit"},"content":{"rendered":"<h1 style=\"text-align: center;\"><strong>Vajutage k\u00fclgmise nihkega alasi silindrit<\/strong><\/h1>\n<p><img loading=\"lazy\" decoding=\"async\" class=\"aligncenter wp-image-1627\" src=\"https:\/\/hydraulic-cylinders.net\/wp-content\/uploads\/2023\/10\/lateral-shift-anvil-cylinder-300x300.webp\" alt=\"\" width=\"400\" height=\"400\" \/><\/p>\n<p>Pressi k\u00fclgnihkega alasi silinder on tipptasemel komponent, mis on loodud pressimistoimingute optimeerimiseks erinevates t\u00f6\u00f6stusharudes. Oma t\u00e4iustatud omaduste ja usaldusv\u00e4\u00e4rse j\u00f5udlusega pakub see silinder suuremat t\u00e4psust, t\u00f5husust ja mitmek\u00fclgsust.<\/p>\n<p>Pressi k\u00fclgnihkega alasi silinder on v\u00f5imas t\u00f6\u00f6riist pressimistoimingute t\u00e4psuse, efektiivsuse ja mitmek\u00fclgsuse suurendamiseks. T\u00e4nu k\u00fclgnihke v\u00f5imalusele, suurele t\u00e4psusele, kiirele protsessile ja \u00fchilduvusele erinevate rakendustega v\u00f5imaldab see silinder teil saavutada parimaid tulemusi. Soovitatavate kasutusmeetodite ja hooldustavade j\u00e4rgimisega saate maksimeerida oma pressimistoimingute j\u00f5udlust, tootlikkust ja eluiga. Valige pressi k\u00fclgnihkega alasi silinder, et sujuvamaks muuta oma pressimisprotsesse ja avada uued t\u00e4psuse ja efektiivsuse tasemed.<\/p>\n<p>Pressi k\u00fclgnihkega alasi silindri peamised omadused:<\/p>\n<ol>\n<li>K\u00fclgnihke v\u00f5imalus:<\/li>\n<\/ol>\n<ul>\n<li>Pressi k\u00fclgnihkega alasi silindril on ainulaadne k\u00fclgnihkemehhanism, mis v\u00f5imaldab alasi t\u00e4pset positsioneerimist.<\/li>\n<li>See k\u00fclgnihke v\u00f5imalus v\u00f5imaldab t\u00e4pset joondamist pressitud materjaliga, tagades optimaalsed tulemused ja v\u00e4hendades seadistusaega.<\/li>\n<\/ul>\n<ol start=\"2\">\n<li>Suur t\u00e4psus:<\/li>\n<\/ol>\n<ul>\n<li>See silinder tagab k\u00fclgnihutamisel erakordse t\u00e4psuse, v\u00f5imaldades alasi asendi peenh\u00e4\u00e4lestust.<\/li>\n<li>Oma suure t\u00e4psusega tagab see \u00fchtlase ja t\u00e4pse joonduse, mille tulemuseks on suurep\u00e4rane pressimiskvaliteet.<\/li>\n<\/ul>\n<ol start=\"3\">\n<li>Kiire ja t\u00f5hus t\u00f6\u00f6:<\/li>\n<\/ol>\n<ul>\n<li>Pressi k\u00fclgnihkega alasilinder on loodud kiireks ja t\u00f5husaks t\u00f6\u00f6ks, maksimeerides tootlikkust.<\/li>\n<li>Selle t\u00e4iustatud h\u00fcdros\u00fcsteem v\u00f5imaldab kiiret k\u00fclgnihutamist, l\u00fchendades ts\u00fckliaegu ja suurendades \u00fcldist tootlikkust.<\/li>\n<\/ul>\n<ol start=\"4\">\n<li>Mitmek\u00fclgsus:<\/li>\n<\/ol>\n<ul>\n<li>See silinder sobib laia valiku pressimisrakendustega, v\u00f5imaldades erinevate materjalide ja kujude pressimist.<\/li>\n<li>Olenemata sellest, kas t\u00f6\u00f6tate lehtmetalli, plasti v\u00f5i muude materjalidega, pakub Press Lateral Shift Anvil Silinder mitmek\u00fclgsust, et rahuldada teie pressimisvajadusi.<\/li>\n<\/ul>\n<h2><strong>Vajutage k\u00fclgmise nihkega alasi silindri parameetrit:<\/strong><\/h2>\n<table border=\"1\" cellspacing=\"0\" cellpadding=\"0\">\n<tbody>\n<tr>\n<td>Toote nimi<\/td>\n<td>H\u00fcdraulilise pressi k\u00fclgmise nihkega alasi silinder<\/td>\n<\/tr>\n<tr>\n<td>Omadused:<\/td>\n<td>Liigutage alasi k\u00fclgsuunas<\/td>\n<\/tr>\n<tr>\n<td>Ava l\u00e4bim\u00f5\u00f5t:<\/td>\n<td>125 mm\uff5e250 mm<\/td>\n<\/tr>\n<tr>\n<td>Varda l\u00e4bim\u00f5\u00f5t:<\/td>\n<td>90 mm\uff5e180 mm<br \/>\nL\u00f6\u00f6k \u22645500 mm<\/td>\n<\/tr>\n<tr>\n<td>T\u00f5ukej\u00f5ud:<\/td>\n<td>Maksimaalselt 1546 kN<br \/>\n(Ava l\u00e4bim\u00f5\u00f5t: 250 mm \/ r\u00f5hk 31,5 MPa)<\/td>\n<\/tr>\n<tr>\n<td>K\u00fclgmise nihkega alasi silindri rakendused:<\/td>\n<td>H\u00fcdrauliline press<\/td>\n<\/tr>\n<\/tbody>\n<\/table>\n<div><\/div>\n<div class=\"txtboxL\">\n<div class=\"txtboxL\">\n<div class=\"txtboxL\">Omadused:<\/div>\n<div class=\"txtboxR\">Liigutage alasi k\u00fclgsuunas<\/div>\n<div class=\"txtboxL\">Spetsifikatsioon:<\/div>\n<div class=\"txtboxR\">Ava l\u00e4bim\u00f5\u00f5t: 125 mm ~ 250 mm<br \/>\nVarda l\u00e4bim\u00f5\u00f5t: 90 mm ~ 180 mm<br \/>\nL\u00f6\u00f6k \u22645500 mm<\/div>\n<div class=\"txtboxL\">T\u00f5ukej\u00f5ud:<\/div>\n<div class=\"txtboxR\">Maksimaalselt 1546 kN<br \/>\n(Ava l\u00e4bim\u00f5\u00f5t: 250 mm \/ r\u00f5hk 31,5 MPa)<\/div>\n<\/div>\n<\/div>\n<h2><strong>Pressisilindri tehas:<\/strong><\/h2>\n<p><img loading=\"lazy\" decoding=\"async\" class=\"alignnone wp-image-1619 size-full\" src=\"https:\/\/hydraulic-cylinders.net\/wp-content\/uploads\/2023\/10\/press-cylinder.webp\" alt=\"\" width=\"1418\" height=\"946\" srcset=\"https:\/\/hydraulic-cylinders.net\/wp-content\/uploads\/2023\/10\/press-cylinder.webp 1418w, https:\/\/hydraulic-cylinders.net\/wp-content\/uploads\/2023\/10\/press-cylinder-1280x854.webp 1280w, https:\/\/hydraulic-cylinders.net\/wp-content\/uploads\/2023\/10\/press-cylinder-980x654.webp 980w, https:\/\/hydraulic-cylinders.net\/wp-content\/uploads\/2023\/10\/press-cylinder-480x320.webp 480w\" sizes=\"(min-width: 0px) and (max-width: 480px) 480px, (min-width: 481px) and (max-width: 980px) 980px, (min-width: 981px) and (max-width: 1280px) 1280px, (min-width: 1281px) 1418px, 100vw\" \/><\/p>\n<h2><strong>Pressi k\u00fclgmise nihkega alasi silindri kasutusmeetod<\/strong><strong>:<\/strong><\/h2>\n<ol>\n<li><strong>Paigaldamine ja integreerimine:<\/strong><\/li>\n<\/ol>\n<ul>\n<li>Paigaldage pressi k\u00fclgnihkega alasi silinder kindlalt pressi raamile v\u00f5i selleks etten\u00e4htud kinnituskohta.<\/li>\n<li>Veenduge \u00f5iges joonduses ja \u00fchenduses, j\u00e4rgides tootja juhiseid ja soovitusi.<\/li>\n<\/ul>\n<ol start=\"2\">\n<li><strong>H\u00fcdraulilised \u00fchendused:<\/strong><\/li>\n<\/ol>\n<ul>\n<li>\u00dchendage pressi k\u00fclgnihkega alasi silinder h\u00fcdraulilise j\u00f5useadmega, kasutades sobivaid voolikuid ja liitmikke.<\/li>\n<li>Veenduge, et h\u00fcdraulilised \u00fchendused on kindlad ja lekkevabad, et tagada t\u00f5hus vedeliku \u00fclekanne ja ohutu t\u00f6\u00f6.<\/li>\n<\/ul>\n<ol start=\"3\">\n<li><strong>Positsioneerimise reguleerimine:<\/strong><\/li>\n<\/ol>\n<ul>\n<li>Reguleerige alasi k\u00fclgnihke asendit vastavalt oma pressimisrakenduse konkreetsetele n\u00f5uetele.<\/li>\n<li>Kasutage pressitava materjaliga t\u00e4pse joondamise saavutamiseks k\u00fclgnihkemehhanismi.<\/li>\n<\/ul>\n<ol start=\"4\">\n<li><strong>Operatiivsed juhtimisseadmed:<\/strong><\/li>\n<\/ol>\n<ul>\n<li>Tutvuge pressi k\u00fclgnihkega alasisilindri juhtimisseadmetega.<\/li>\n<li>Saage aru, kuidas k\u00e4ivitada k\u00fclgnihutusliikumist ja millised lisafunktsioonid on, n\u00e4iteks kiiruse reguleerimine v\u00f5i asendi lukustusmehhanismid.<\/li>\n<\/ul>\n<h2><strong>Kuidas h\u00fcdros\u00fcsteemis r\u00f5hku vabastada?<\/strong><\/h2>\n<p>H\u00fcdraulikas\u00fcsteemi r\u00f5hu alandamine on oluline samm ohutuse tagamiseks ning hoolduse ja remondi teostamiseks. Siin on samm-sammult juhend h\u00fcdros\u00fcsteemi r\u00f5hu alandamiseks:<\/p>\n<ol>\n<li><strong>Toiteallika tuvastamine:<\/strong>\n<ul>\n<li>M\u00e4\u00e4rake kindlaks h\u00fcdros\u00fcsteemi r\u00f5hku andev j\u00f5uallikas. See v\u00f5ib olla elektrimootor, sisep\u00f5lemismootoriga pump v\u00f5i m\u00f5ni muu j\u00f5uallikas.<\/li>\n<\/ul>\n<\/li>\n<li><strong>L\u00fclitage toiteallikas v\u00e4lja:<\/strong>\n<ul>\n<li>L\u00fclitage v\u00e4lja v\u00f5i sulgege toiteallikas, mis tekitab h\u00fcdraulikas\u00fcsteemile r\u00f5hku.<\/li>\n<li>Kui tegemist on elektrimootoriga, l\u00fclitage toide v\u00e4lja v\u00f5i eemaldage see vooluv\u00f5rgust.<\/li>\n<li>Mootoriga t\u00f6\u00f6tava pumba puhul l\u00fclitage mootor v\u00e4lja.<\/li>\n<\/ul>\n<\/li>\n<li><strong>H\u00e4dapidurduse rakendamine:<\/strong>\n<ul>\n<li>Kui teie h\u00fcdros\u00fcsteemil on avariiseiskamisnupp v\u00f5i -hoob, vajutage seda edasise h\u00fcdraulilise r\u00f5hu tekkimise peatamiseks.<\/li>\n<\/ul>\n<\/li>\n<li><strong>Andke aega r\u00f5hu vabastamiseks:<\/strong>\n<ul>\n<li>P\u00e4rast toiteallika v\u00e4ljal\u00fclitamist ja avariipeatuse rakendamist laske r\u00f5hul hajuda piisavalt aega.<\/li>\n<li>R\u00f5hu vabastamiseks kuluv aeg s\u00f5ltub h\u00fcdraulikas\u00fcsteemi suurusest ja keerukusest. R\u00f5hu t\u00e4ielikuks vabastamiseks v\u00f5ib kuluda paar minutit v\u00f5i kauem.<\/li>\n<\/ul>\n<\/li>\n<li><strong>R\u00f5hu vabastamise kontrollimine:<\/strong>\n<ul>\n<li>R\u00f5hu vabastamise kontrollimiseks kontrollige h\u00fcdros\u00fcsteemi manomeetreid v\u00f5i indikaatoreid, kui need on olemas.<\/li>\n<li>Kui r\u00f5hun\u00e4it on null v\u00f5i nullil\u00e4hedane, n\u00e4itab see, et r\u00f5hk on edukalt vabastatud.<\/li>\n<\/ul>\n<\/li>\n<li><strong>J\u00e4\u00e4ksurve vabastamine:<\/strong>\n<ul>\n<li>M\u00f5nel juhul v\u00f5ib isegi p\u00e4rast toiteallika v\u00e4ljal\u00fclitamist h\u00fcdraulikas\u00fcsteemis olla j\u00e4\u00e4kr\u00f5hk.<\/li>\n<li>Selle j\u00e4\u00e4kr\u00f5hu v\u00e4hendamiseks leidke h\u00fcdros\u00fcsteemil r\u00f5huvabastusventiil.<\/li>\n<li>Avage r\u00f5huklapp aeglaselt sobivate t\u00f6\u00f6riistade (nt mutriv\u00f5tme) abil, et j\u00e4rk-j\u00e4rgult j\u00e4relej\u00e4\u00e4nud r\u00f5hk v\u00e4lja lasta.<\/li>\n<li>J\u00e4\u00e4ksurve vabastamisel olge ettevaatlik ja t\u00e4helepanelik, et v\u00e4ltida j\u00e4rske liigutusi v\u00f5i h\u00fcdraulikavedeliku pritsimist.<\/li>\n<\/ul>\n<\/li>\n<li><strong>Kontrollige r\u00f5huvabastust kahekordselt:<\/strong>\n<ul>\n<li>P\u00e4rast j\u00e4\u00e4kr\u00f5hu alandamist kontrollige veel kord, et r\u00f5hun\u00e4idikud n\u00e4itaksid nullr\u00f5hku v\u00f5i selle l\u00e4hedust.<\/li>\n<li>Kontrollige visuaalselt h\u00fcdraulikas\u00fcsteemi liikumise v\u00f5i r\u00f5hu t\u00f5usu m\u00e4rke.<\/li>\n<\/ul>\n<\/li>\n<\/ol>\n<h2><strong>Tehase v\u00f5imekus ja suutlikkus:<\/strong><\/h2>\n<h3>(1) Kokkupanek<\/h3>\n<p>Meil on esmaklassiline s\u00f5ltumatu teadus- ja arendustegevuse montaa\u017eiplatvorm. H\u00fcdrosilindrite tootmist\u00f6\u00f6kojas on neli poolautomaatset t\u00f5stesilindrite koosteliini ja \u00fcks automaatne kallutussilindrite koosteliin, mille kavandatud aastane tootmisv\u00f5imsus on 1 miljon t\u00fckki. Spetsiaalsete silindrite t\u00f6\u00f6koda on varustatud erinevate spetsifikatsioonidega poolautomaatse puhastusmontaa\u017eis\u00fcsteemiga, mille kavandatud aastane tootmisv\u00f5imsus on 200 000 ja mis on varustatud kuulsate CNC-t\u00f6\u00f6tlemisseadmete, mehaanilise t\u00f6\u00f6tlemise keskuse, suure t\u00e4psusega silindrite t\u00f6\u00f6tlemise eriseadmete, robotkeevitusmasina, automaatse puhastusmasina, automaatse silindri kokkupanemise masina ja automaatse v\u00e4rvimise tootmisliiniga. Olemasolevad kriitilised seadmed rohkem kui 300 komplekti (komplekti). Seadmete ressursside optimaalne jaotamine ja t\u00f5hus kasutamine tagavad toodete t\u00e4psusn\u00f5uded ja vastavad toodete kvaliteedin\u00f5uetele.<\/p>\n<p><img loading=\"lazy\" decoding=\"async\" class=\"alignnone wp-image-626\" src=\"https:\/\/hydraulic-cylinders.net\/wp-content\/uploads\/2023\/08\/hydraulic-cylinder-product-1-300x158.webp\" alt=\"\" width=\"495\" height=\"260\" srcset=\"https:\/\/hydraulic-cylinders.net\/wp-content\/uploads\/2023\/08\/hydraulic-cylinder-product-1-300x158.webp 495w, https:\/\/hydraulic-cylinders.net\/wp-content\/uploads\/2023\/08\/hydraulic-cylinder-product-1-480x252.webp 480w\" sizes=\"(min-width: 0px) and (max-width: 480px) 480px, (min-width: 481px) 495px, 100vw\" \/> <img loading=\"lazy\" decoding=\"async\" class=\"alignnone wp-image-627\" src=\"https:\/\/hydraulic-cylinders.net\/wp-content\/uploads\/2023\/08\/hydraulic-cylinder-product-2-300x189.webp\" alt=\"\" width=\"413\" height=\"260\" \/><\/p>\n<h3>(2) T\u00f6\u00f6tlemine<\/h3>\n<p>T\u00f6\u00f6deldav t\u00f6\u00f6koda on varustatud kohandatud kallutatud r\u00f6\u00f6pse treipingi keskuse, mehaanilise keskuse, kiire lihvimismasina, keevitusroboti ja muude seotud seadmetega, mis suudavad t\u00f6\u00f6delda silindritorusid, mille maksimaalne sisel\u00e4bim\u00f5\u00f5t on 400 mm ja maksimaalne pikkus on 6 meetrit.<\/p>\n<p><img loading=\"lazy\" decoding=\"async\" class=\"alignnone wp-image-628 size-large\" src=\"https:\/\/hydraulic-cylinders.net\/wp-content\/uploads\/2023\/08\/hydraulic-cylinder-product-3-1024x391.webp\" alt=\"\" width=\"1024\" height=\"391\" srcset=\"https:\/\/hydraulic-cylinders.net\/wp-content\/uploads\/2023\/08\/hydraulic-cylinder-product-3-980x374.webp 980w, https:\/\/hydraulic-cylinders.net\/wp-content\/uploads\/2023\/08\/hydraulic-cylinder-product-3-480x183.webp 480w\" sizes=\"(min-width: 0px) and (max-width: 480px) 480px, (min-width: 481px) and (max-width: 980px) 980px, (min-width: 981px) 1024px, 100vw\" \/><\/p>\n<h3>(3) Keevitamine<\/h3>\n<p><img loading=\"lazy\" decoding=\"async\" class=\"alignnone wp-image-629 size-large\" src=\"https:\/\/hydraulic-cylinders.net\/wp-content\/uploads\/2023\/08\/hydraulic-cylinder-product-4-1024x510.webp\" alt=\"\" width=\"1024\" height=\"510\" srcset=\"https:\/\/hydraulic-cylinders.net\/wp-content\/uploads\/2023\/08\/hydraulic-cylinder-product-4-980x488.webp 980w, https:\/\/hydraulic-cylinders.net\/wp-content\/uploads\/2023\/08\/hydraulic-cylinder-product-4-480x239.webp 480w\" sizes=\"(min-width: 0px) and (max-width: 480px) 480px, (min-width: 481px) and (max-width: 980px) 980px, (min-width: 981px) 1024px, 100vw\" \/><\/p>\n<h3>(4) V\u00e4rvimine ja katmine<\/h3>\n<p>V\u00e4ikese ja keskmise suurusega silindri automaatse veep\u00f5hise v\u00e4rvipinnakattega liinide abil, et saavutada automaatne robotlaadimine ja mahalaadimine ning automaatne pihustamine, projekteerimisv\u00f5imsus 4000 t\u00fckki vahetuse kohta;<br \/>\nMeil on ka poolautomaatne suurte balloonide v\u00e4rvimise tootmisliin, mis t\u00f6\u00f6tab j\u00f5ukettaga ja mille projekteerimisv\u00f5imsus on 60 kasti \u00fche vahetuse kohta.<\/p>\n<p><img loading=\"lazy\" decoding=\"async\" class=\"alignnone wp-image-630\" src=\"https:\/\/hydraulic-cylinders.net\/wp-content\/uploads\/2023\/08\/hydraulic-cylinder-product-5-300x213.webp\" alt=\"\" width=\"366\" height=\"260\" \/> <img loading=\"lazy\" decoding=\"async\" class=\"alignnone wp-image-631\" src=\"https:\/\/hydraulic-cylinders.net\/wp-content\/uploads\/2023\/08\/hydraulic-cylinder-product-6-300x225.webp\" alt=\"\" width=\"347\" height=\"260\" \/><\/p>\n<h3>(5) Testimine<\/h3>\n<p>Meil on esmaklassilised kontrolliseadmed ja katsestendid, et tagada silindri j\u00f5udlus vastavus n\u00f5uetele.<\/p>\n<p><img loading=\"lazy\" decoding=\"async\" class=\"alignnone wp-image-632\" src=\"https:\/\/hydraulic-cylinders.net\/wp-content\/uploads\/2023\/08\/hydraulic-cylinder-product-8-300x200.webp\" alt=\"\" width=\"389\" height=\"260\" \/><\/p>\n<p>&nbsp;<\/p>\n<p>&nbsp;<\/p>\n<p>Oleme \u00fcks parimaid h\u00fcdrosilindrite tootjaid. Pakume laia valikut h\u00fcdrosilindreid. Pakume ka vastavaid... <a href=\"https:\/\/hzpt.com\/agricultural-pto-gearbox\/\" target=\"_blank\" rel=\"noopener\">p\u00f5llumajanduslikud k\u00e4igukastid<\/a>. Oleme eksportinud oma tooteid klientidele \u00fcle maailma ja teeninud hea maine t\u00e4nu meie suurep\u00e4rasele tootekvaliteedile ja m\u00fc\u00fcgij\u00e4rgsele teenindusele. Me tervitame kliente kodus ja v\u00e4lismaal, et v\u00f5tta meiega \u00fchendust, et pidada l\u00e4bir\u00e4\u00e4kimisi \u00e4ri, vahetada teavet ja <a href=\"https:\/\/www.hydraulic-cylinders.net\/et\/contact-us\/\">teha meiega koost\u00f6\u00f6d<\/a>!<\/p>","protected":false},"excerpt":{"rendered":"<p>Press Lateral Shift Anvil Cylinder The press lateral shift anvil cylinder is a cutting-edge component designed to optimize pressing operations in various industries. With its advanced features and reliable performance, this cylinder offers enhanced precision, efficiency, and versatility. The press lateral shift anvil cylinder is a powerful tool for enhancing precision, efficiency, and versatility in [&hellip;]<\/p>","protected":false},"featured_media":1628,"comment_status":"open","ping_status":"closed","template":"","meta":{"_et_pb_use_builder":"","_et_pb_old_content":"","_et_gb_content_width":""},"product_brand":[],"product_cat":[1550,1522,1376],"product_tag":[1380],"class_list":{"0":"post-1626","1":"product","2":"type-product","3":"status-publish","4":"has-post-thumbnail","6":"product_cat-double-acting-hydraulic-cylinder","7":"product_cat-press-hydraulic-cylinders","8":"product_cat-hydraulic-cylinder","9":"product_tag-hydraulic-cylinder","11":"first","12":"instock","13":"shipping-taxable","14":"product-type-simple"},"amp_enabled":true,"_links":{"self":[{"href":"https:\/\/www.hydraulic-cylinders.net\/et\/wp-json\/wp\/v2\/product\/1626","targetHints":{"allow":["GET"]}}],"collection":[{"href":"https:\/\/www.hydraulic-cylinders.net\/et\/wp-json\/wp\/v2\/product"}],"about":[{"href":"https:\/\/www.hydraulic-cylinders.net\/et\/wp-json\/wp\/v2\/types\/product"}],"replies":[{"embeddable":true,"href":"https:\/\/www.hydraulic-cylinders.net\/et\/wp-json\/wp\/v2\/comments?post=1626"}],"wp:featuredmedia":[{"embeddable":true,"href":"https:\/\/www.hydraulic-cylinders.net\/et\/wp-json\/wp\/v2\/media\/1628"}],"wp:attachment":[{"href":"https:\/\/www.hydraulic-cylinders.net\/et\/wp-json\/wp\/v2\/media?parent=1626"}],"wp:term":[{"taxonomy":"product_brand","embeddable":true,"href":"https:\/\/www.hydraulic-cylinders.net\/et\/wp-json\/wp\/v2\/product_brand?post=1626"},{"taxonomy":"product_cat","embeddable":true,"href":"https:\/\/www.hydraulic-cylinders.net\/et\/wp-json\/wp\/v2\/product_cat?post=1626"},{"taxonomy":"product_tag","embeddable":true,"href":"https:\/\/www.hydraulic-cylinders.net\/et\/wp-json\/wp\/v2\/product_tag?post=1626"}],"curies":[{"name":"wp","href":"https:\/\/api.w.org\/{rel}","templated":true}]}}