{"id":16263,"date":"2025-01-20T09:00:38","date_gmt":"2025-01-20T09:00:38","guid":{"rendered":"https:\/\/www.hydraulic-cylinders.net\/product\/arm-cylinderfor-hyundai-wheel-excavator-r210w-5-7\/"},"modified":"2025-01-20T09:00:40","modified_gmt":"2025-01-20T09:00:40","slug":"arm-cylinderfor-hyundai-wheel-excavator-r210w-5-7","status":"publish","type":"product","link":"https:\/\/www.hydraulic-cylinders.net\/et\/toode\/arm-cylinderfor-hyundai-wheel-excavator-r210w-5-7\/","title":{"rendered":"H\u00fcdrauliline silinder Hyundai ratasekskavaatorile R210W-5-7"},"content":{"rendered":"<h1>Hyundai ratasekskavaatori R210W-5-7 \u00f5\u00f5tsilinder<\/h1>\n<h2>Sissejuhatus<\/h2>\n<h3>Definitsioon<\/h3>\n<p>H\u00fcdrovarre silinder on spetsiaalselt konstrueeritud h\u00fcdrauliline silinder, mida kasutatakse lineaarse liikumise ja j\u00f5u tagamiseks erinevat t\u00fc\u00fcpi masinate, n\u00e4iteks ekskavaatorite, kraanade ja manipulaatorite, hoobadele. H\u00fcdrovarre silinder m\u00e4ngib h\u00fcdraulikas\u00fcsteemis olulist rolli, v\u00f5imaldades t\u00e4iendavate t\u00f6\u00f6riistade v\u00f5i lisaseadmete liikumist ja t\u00f5husat juhtimist. Need silindrid mitte ainult ei saavuta sujuvat liikumist, vaid taluvad ka suuri koormusi, tagades masinate t\u00f5husa t\u00f6\u00f6 ja t\u00f6\u00f6kindluse erinevates t\u00f6\u00f6tingimustes.<\/p>\n<p><img decoding=\"async\" src=\"https:\/\/www.hydraulic-cylinders.net\/wp-content\/uploads\/2025\/01\/songte-company-2.webp\" alt=\"K\u00e4e silinder\" \/><\/p>\n<h3>Omadused<\/h3>\n<ul>\n<li><strong>T\u00f5hus j\u00f5u\u00fclekanne:<\/strong> K\u00e4epideme silinder tagab v\u00f5imsa lineaarse liikumise ja j\u00f5u, tagades manipulaatori k\u00f5rge efektiivsuse erinevates toimingutes.<\/li>\n<li><strong>T\u00e4pne kontroll:<\/strong> H\u00fcdraulilise s\u00fcsteemi abil saab k\u00e4sivarre silinder saavutada t\u00e4pse liikumise juhtimise, muutes lisat\u00f6\u00f6riistade t\u00f6\u00f6 paindlikumaks ja t\u00e4psemaks.<\/li>\n<li><strong>Tugev vastupidavus:<\/strong> K\u00e4epideme silindrid on tavaliselt valmistatud \u00fclitugevatest materjalidest, millel on hea kulumis- ja korrosioonikindlus, mist\u00f5ttu need sobivad pikaajaliseks kasutamiseks karmides keskkondades.<\/li>\n<li><strong>Mitmeotstarbeline kohanemisv\u00f5ime:<\/strong> Neid silindreid saab laialdaselt kasutada erinevat t\u00fc\u00fcpi masinates, n\u00e4iteks ekskavaatorites, kraanades ja manipulaatorites, kohandudes erinevate t\u00f6\u00f6vajadustega.<\/li>\n<li><strong>Lihtne hooldus:<\/strong> Projekteerimisel on arvestatud hoolduse ja asendamise lihtsusega, mis muudab regulaarsed kontrollid ja hoolduse mugavamaks, v\u00e4hendades seadmete seisakuid.<\/li>\n<\/ul>\n<p>Me saame seda toodet toota ja see saab neid h\u00fcdraulilisi silindreid ideaalselt asendada.<\/p>\n<p><img decoding=\"async\" src=\"https:\/\/www.hydraulic-cylinders.net\/wp-content\/uploads\/2025\/01\/songte-oil-pipes-and-spare-parts.webp\" alt=\"Varuosad\" \/><\/p>\n<h2>Taotlus<\/h2>\n<p>K\u00e4epideme silindril on mitmesuguseid rakendusi, sealhulgas:<\/p>\n<h3>Ehitus<\/h3>\n<p>Ekskavaatorites ja kraanades kasutatakse poomisilindrit kopa v\u00f5i poomi liikumise juhtimiseks, mullat\u00f6\u00f6de tegemiseks, materjalide k\u00e4itlemiseks ja konstruktsioonide paigaldamiseks.<\/p>\n<h3>T\u00f6\u00f6tlev t\u00f6\u00f6stus<\/h3>\n<p>Automatiseeritud tootmisliinidel kasutatakse k\u00e4sisilindrit manipulaatorite liigutamiseks, montaa\u017ei-, keevitus- ja k\u00e4sitsemisprotsesside teostamiseks, parandades tootmise efektiivsust ja t\u00e4psust.<\/p>\n<h3>P\u00f5llumajandustehnika<\/h3>\n<p>P\u00f5llumajandusmasinates, n\u00e4iteks kombainides ja k\u00fclvikutes, juhib \u00f5la silinder juhthoova liikumist, t\u00e4ites selliseid \u00fclesandeid nagu k\u00fclvamine, v\u00e4etamine ja koristamine.<\/p>\n<h3>Kaevandamine<\/h3>\n<p>Kaevandusseadmetes kasutatakse kaevandusseadmete kaevandus- ja materjalik\u00e4itlusseadmete liikumise juhtimiseks \u00f5lavarre silindrit.<\/p>\n<h3>Logistika ja transport<\/h3>\n<p>Kahvelt\u00f5stukites ja robotites kasutatakse kahvli t\u00f5stmise ja liikumise juhtimiseks k\u00e4e silindrit, saavutades materjali k\u00e4itlemise ja virnastamise.<\/p>\n<h2>Projekteerimiskaalutlused ja valikukriteeriumid<\/h2>\n<h3>Kandev\u00f5ime<\/h3>\n<p>Poosilindri kandev\u00f5ime on sujuva ja t\u00f5husa t\u00f6\u00f6 tagamiseks \u00fclioluline. Vajalik on valida masina t\u00f6\u00f6tingimustele ja kandev\u00f5imele vastava kandev\u00f5imega poosilindri.<\/p>\n<h3>Tihendus<\/h3>\n<p>\u00d5lasilindri tihendus on oluline \u00f5lilekke v\u00e4ltimiseks ja sujuva t\u00f6\u00f6 tagamiseks. Silindri tihendusv\u00f5imet saab parandada erinevate tihenduselementide, n\u00e4iteks kolvitihendite, vardatihendite jms abil, valides kulumiskindlaid materjale, n\u00e4iteks pol\u00fcuretaani ja nitriilkummi, ning silindri korpuse ja keermestatud otsa pinna peenh\u00e4\u00e4lestusega.<\/p>\n<h3>Vastupidavus<\/h3>\n<p>\u00d5\u00f5tshoova silindri vastupidavus on selle pikaajaliseks kasutamiseks karmides keskkondades \u00fclioluline. K\u00f5rgtugevate materjalide kasutamine, sobiv pinnat\u00f6\u00f6tlus ja t\u00e4iustatud tootmisprotsesside kasutuselev\u00f5tt v\u00f5ivad parandada \u00f5\u00f5tshoova silindri kulumiskindlust ja korrosioonikindlust.<\/p>\n<h3>Ohutus<\/h3>\n<p>K\u00e4epideme ohutus on t\u00f6\u00f6 ajal v\u00f5imalike \u00f5nnetuste v\u00e4ltimiseks \u00fclioluline. K\u00e4epideme ohutuse tagamiseks tuleb paigaldada ohutusseadmeid, n\u00e4iteks \u00fcler\u00f5huventiile, kasutada kvaliteetseid tihendeid ning teha regulaarseid kontrolle ja hooldust\u00f6id.<\/p>\n<h3>Hooldus<\/h3>\n<p>\u00d5\u00f5tshoova silindri hooldus on oluline pika kasutusea ja t\u00f5husa t\u00f6\u00f6 tagamiseks. \u00d5\u00f5tshoova silindri hooldamiseks on vajalikud regulaarne kontroll, puhastamine ja m\u00e4\u00e4rimine, kulunud osade vahetamine ning \u00f5li kvaliteedi j\u00e4lgimine.<\/p>\n<p><img decoding=\"async\" src=\"https:\/\/www.hydraulic-cylinders.net\/wp-content\/uploads\/2025\/01\/songte-cylinder-head-with-all-kinds-excavator-models.webp\" alt=\"Silindripea\" \/><\/p>\n<h2>Tihend ja m\u00e4\u00e4rimine<\/h2>\n<p>Silindrihoova tihendus ja m\u00e4\u00e4rimine on \u00fcliolulised sujuva t\u00f6\u00f6 tagamiseks ja \u00f5lilekke v\u00e4ltimiseks. Erinevate tihenduselementide, n\u00e4iteks kolvitihendite, vardatihendite jms kasutamine, kulumiskindlate materjalide, n\u00e4iteks pol\u00fcuretaani ja nitriilkummi valimine ning sobivate m\u00e4\u00e4rimismeetodite rakendamine v\u00f5ivad parandada silindri tihendus- ja m\u00e4\u00e4rimistulemusi.<\/p>\n<h2>Veaotsing ja levinud probleemid<\/h2>\n<p>K\u00e4epideme silindri probleemide hulka v\u00f5ivad kuuluda \u00f5lileke, ebanormaalsed helid, aeglane t\u00f6\u00f6 v\u00f5i t\u00f6\u00f6katkestus. Need probleemid v\u00f5ivad olla p\u00f5hjustatud kulunud tihenditest, ebapiisavast m\u00e4\u00e4rimisest v\u00f5i komponentide kahjustustest. Veaotsingu ja diagnoosimise peaksid l\u00e4bi viima spetsialistid, et tagada probleemi \u00f5ige tuvastamine ja lahenduse rakendamine.<\/p>\n<h2>Ennetav hooldus<\/h2>\n<p>Ennetav hooldus on oluline v\u00f5imalike probleemide v\u00e4ltimiseks ja t\u00f5husa t\u00f6\u00f6 tagamiseks. Regulaarne kontroll, puhastamine ja m\u00e4\u00e4rimine, kulunud osade vahetamine ja \u00f5li kvaliteedi j\u00e4lgimine on vajalikud ennetavad hooldusmeetmed.<\/p>\n<p><img decoding=\"async\" src=\"https:\/\/www.hydraulic-cylinders.net\/wp-content\/uploads\/2025\/01\/songte-chushion-collar.webp\" alt=\"Padjakaelus\" \/><\/p>\n<h2>Paigaldusjuhend<\/h2>\n<p>K\u00e4epideme silindri paigaldamisel tuleb j\u00e4rgida tootja juhiseid ja ohutusn\u00f5udeid. Paigaldamisel tuleb tagada silindri ja kolvivarda \u00f5ige joondamine, sobivad p\u00f6\u00f6rdemomendi s\u00e4tted ning ohutusseadmete, n\u00e4iteks \u00fcler\u00f5huventiilide paigaldamine.<\/p>\n<h2>Ohutuskaalutlused ja keskkonnategurid<\/h2>\n<p>Silindri\u00f5la t\u00f6\u00f6tamise ajal tuleks rakendada ohutusmeetmeid, et v\u00e4ltida v\u00f5imalikke \u00f5nnetusi, nagu \u00f5lileke, silindri korpuse deformatsioon v\u00f5i komponentide kahjustused. Silindri\u00f5la n\u00f5uetekohase t\u00f6\u00f6 ja hoolduse tagamiseks tuleks arvestada ka keskkonnateguritega, nagu temperatuur, niiskus ja kokkupuude kemikaalidega.<\/p>\n<h2>Ettev\u00f5ttest<\/h2>\n<p>Oleme professionaalne asendush\u00fcdrauliliste silindrite tootja, pakkudes laia tootevalikut. Oleme saanud \u00fcheks juhtivaks h\u00fcdrosilindrite tootjaks ja hulgim\u00fc\u00fcjaks nii sise- kui ka v\u00e4listurul. Peame alati kinni suurep\u00e4rase kvaliteedi p\u00f5him\u00f5ttest, tugineme peentootmist\u00f6\u00f6koja industrialiseeritud tootmisjuhtimise strateegiale ning t\u00e4iustame pidevalt oma tehnoloogilist taset ja tootmise efektiivsust. Tipptasemel digitaalsete tootmisseadmete ja professionaalsete testimiss\u00fcsteemide kasutuselev\u00f5tuga optimeerime tootmisplatvormi, t\u00e4iustame tootekvaliteedi kontrolli protsessi ning omame tugevat innovatsiooniv\u00f5imet. Meie eesm\u00e4rk on rahuldada klientide mitmekesiseid vajadusi suure efektiivsuse, t\u00e4psuse ja k\u00f5rge kvaliteediga.<\/p>\n<p>Meie ettev\u00f5te pakub professionaalseid teenuseid, rahvusvahelisi sertifikaate, kohandatud teenuseid, tootmisseadmeid ja m\u00fc\u00fcgij\u00e4rgset teenindust, et rahuldada klientide erinevaid vajadusi.<\/p>\n<p><img decoding=\"async\" src=\"https:\/\/www.hydraulic-cylinders.net\/wp-content\/uploads\/2025\/01\/songte-company-4.webp\" alt=\"Ettev\u00f5tte hoone\" \/><\/p>\n<p><img decoding=\"async\" src=\"https:\/\/www.hydraulic-cylinders.net\/wp-content\/uploads\/2025\/01\/songte-company-3.webp\" alt=\"Tootmisliin\" \/><\/p>\n<p>Autor: lyl<\/p>","protected":false},"excerpt":{"rendered":"<p>Arm Cylinder for Hyundai Wheel Excavator R210W-5-7 Introduction Definition An arm cylinder is a specially designed hydraulic cylinder used to provide linear motion and power to the arms of various types of machinery, such as excavators, cranes, and manipulators. The arm cylinder plays a crucial role in the hydraulic system, allowing additional tools or attachments [&hellip;]<\/p>","protected":false},"featured_media":14763,"comment_status":"open","ping_status":"closed","template":"","meta":{"_et_pb_use_builder":"","_et_pb_old_content":"","_et_gb_content_width":""},"product_brand":[],"product_cat":[1497],"product_tag":[1498,1496],"class_list":{"0":"post-16263","1":"product","2":"type-product","3":"status-publish","4":"has-post-thumbnail","6":"product_cat-arm-cylinders","7":"product_tag-arm-cylinders","8":"product_tag-hydraulic-cylinders","10":"first","11":"instock","12":"shipping-taxable","13":"product-type-simple"},"amp_enabled":true,"_links":{"self":[{"href":"https:\/\/www.hydraulic-cylinders.net\/et\/wp-json\/wp\/v2\/product\/16263","targetHints":{"allow":["GET"]}}],"collection":[{"href":"https:\/\/www.hydraulic-cylinders.net\/et\/wp-json\/wp\/v2\/product"}],"about":[{"href":"https:\/\/www.hydraulic-cylinders.net\/et\/wp-json\/wp\/v2\/types\/product"}],"replies":[{"embeddable":true,"href":"https:\/\/www.hydraulic-cylinders.net\/et\/wp-json\/wp\/v2\/comments?post=16263"}],"wp:featuredmedia":[{"embeddable":true,"href":"https:\/\/www.hydraulic-cylinders.net\/et\/wp-json\/wp\/v2\/media\/14763"}],"wp:attachment":[{"href":"https:\/\/www.hydraulic-cylinders.net\/et\/wp-json\/wp\/v2\/media?parent=16263"}],"wp:term":[{"taxonomy":"product_brand","embeddable":true,"href":"https:\/\/www.hydraulic-cylinders.net\/et\/wp-json\/wp\/v2\/product_brand?post=16263"},{"taxonomy":"product_cat","embeddable":true,"href":"https:\/\/www.hydraulic-cylinders.net\/et\/wp-json\/wp\/v2\/product_cat?post=16263"},{"taxonomy":"product_tag","embeddable":true,"href":"https:\/\/www.hydraulic-cylinders.net\/et\/wp-json\/wp\/v2\/product_tag?post=16263"}],"curies":[{"name":"wp","href":"https:\/\/api.w.org\/{rel}","templated":true}]}}