{"id":16287,"date":"2025-01-20T09:02:36","date_gmt":"2025-01-20T09:02:36","guid":{"rendered":"https:\/\/www.hydraulic-cylinders.net\/product\/arm-cylinderfor-kobelco-middle-excavator-sk250-6-6e\/"},"modified":"2025-01-20T09:02:43","modified_gmt":"2025-01-20T09:02:43","slug":"arm-cylinderfor-kobelco-middle-excavator-sk250-6-6e","status":"publish","type":"product","link":"https:\/\/www.hydraulic-cylinders.net\/et\/toode\/arm-cylinderfor-kobelco-middle-excavator-sk250-6-6e\/","title":{"rendered":"Kobelco keskmise ekskavaatori SK250-6-6E k\u00e4sisilinder"},"content":{"rendered":"<h1>Kobelco keskmise ekskavaatori SK250-6-6E \u00f5\u00f5tsilinder<\/h1>\n<h2>Sissejuhatus<\/h2>\n<h3>K\u00e4sisilindri m\u00e4\u00e4ratlus<\/h3>\n<p>H\u00fcdrovarre silinder on spetsiaalselt konstrueeritud h\u00fcdrauliline silinder, mida kasutatakse peamiselt lineaarse liikumise ja j\u00f5u tagamiseks erinevat t\u00fc\u00fcpi masinatele, n\u00e4iteks ekskavaatoritele, kraanadele ja robotk\u00e4tele. H\u00fcdrovarre silinder m\u00e4ngib h\u00fcdraulikas\u00fcsteemis olulist rolli, v\u00f5imaldades lisaseadmete v\u00f5i tarvikute liikumist ja t\u00f5husat juhtimist. Need silindrid mitte ainult ei taga sujuvat liikumist, vaid taluvad ka suuri koormusi, tagades masinate t\u00f5husa t\u00f6\u00f6 ja t\u00f6\u00f6kindluse erinevates t\u00f6\u00f6tingimustes.<\/p>\n<p><img decoding=\"async\" src=\"https:\/\/www.hydraulic-cylinders.net\/wp-content\/uploads\/2025\/01\/songte-company-2.webp\"><\/p>\n<h3>K\u00e4epideme silindri omadused<\/h3>\n<ul>\n<li><strong>Suure efektiivsusega k\u00e4igukast:<\/strong> K\u00e4epideme silinder suudab pakkuda v\u00f5imsat lineaarset liikumist ja j\u00f5udu, tagades mehaanilise k\u00e4e erinevate toimingute k\u00f5rge j\u00f5udluse.<\/li>\n<li><strong>T\u00e4pne kontroll:<\/strong> H\u00fcdraulilise s\u00fcsteemi abil saab k\u00e4sivarre silinder saavutada t\u00e4pse liikumise juhtimise, muutes lisat\u00f6\u00f6riista t\u00f6\u00f6 paindlikumaks ja t\u00e4psemaks.<\/li>\n<li><strong>Vastupidav:<\/strong> K\u00e4epideme silindrid on tavaliselt valmistatud \u00fclitugevatest materjalidest ning neil on hea kulumis- ja korrosioonikindlus, mist\u00f5ttu sobivad need pikaajaliseks kasutamiseks karmides keskkondades.<\/li>\n<li><strong>Multifunktsionaalne kohanemisv\u00f5ime:<\/strong> Neid silindreid saab laialdaselt kasutada erinevates mehaanilistes seadmetes, n\u00e4iteks ekskavaatorites, kraanades ja robotk\u00e4tes, kohandudes erinevate t\u00f6\u00f6vajadustega.<\/li>\n<li><strong>Lihtne hooldus:<\/strong> Projekteerimisel on arvestatud hoolduse ja asendamise lihtsusega, muutes regulaarse kontrolli ja hoolduse mugavamaks ning v\u00e4hendades seadmete seisakuid.<\/li>\n<\/ul>\n<p><img decoding=\"async\" src=\"https:\/\/www.hydraulic-cylinders.net\/wp-content\/uploads\/2025\/01\/songte-oil-pipes-and-spare-parts.webp\"><\/p>\n<h3>K\u00e4epideme silindri pealekandmine<\/h3>\n<p>K\u00e4epidemega silindreid kasutatakse laialdaselt erinevates t\u00f6\u00f6stusharudes, sealhulgas:<\/p>\n<ul>\n<li><strong>Ehitustehnika:<\/strong> Ekskavaatorites ja kraanades kasutatakse kaevamisel, materjalide k\u00e4itlemisel ja konstruktsioonide paigaldamisel kopa v\u00f5i poomi liikumise juhtimiseks poomi silindreid.<\/li>\n<li><strong>Tootmine:<\/strong> Automatiseeritud tootmisliinidel kasutatakse robotk\u00e4te liigutamiseks, n\u00e4iteks kokkupanekuks, keevitamiseks ja k\u00e4sitsemiseks, k\u00e4esilindreid, et parandada tootmise efektiivsust ja t\u00e4psust.<\/li>\n<li><strong>P\u00f5llumajandusmasinad:<\/strong> P\u00f5llumajandusmasinates, n\u00e4iteks kombainides ja k\u00fclvikutes, juhivad \u00f5\u00f5tshoova liikumist \u00f5\u00f5tshoova silindrid selliste \u00fclesannete t\u00e4itmiseks nagu k\u00fclvamine, v\u00e4etamine ja koristamine.<\/li>\n<li><strong>Kaevandamine:<\/strong> Kaevandusseadmetes kasutatakse maagi kaevandamise ja k\u00e4itlemise kaevandusseadmete k\u00e4e liikumise juhtimiseks k\u00e4e silindreid.<\/li>\n<li><strong>Logistika ja transport:<\/strong> Kahvelt\u00f5stukites ja robotites kasutatakse kahvli t\u00f5stmise ja liikumise juhtimiseks k\u00e4sisilindreid, mis teostavad materjalide k\u00e4itlemist ja virnastamist.<\/li>\n<\/ul>\n<h2>Projekteerimiskaalutlused ja valikukriteeriumid<\/h2>\n<h3>K\u00e4epideme silindri disaini peamised kaalutlused<\/h3>\n<p>Silindripea konstruktsiooni peamised kaalutlused on j\u00e4rgmised:<\/p>\n<ul>\n<li><strong>Kandev\u00f5ime:<\/strong> K\u00e4epideme silinder peab suutma taluda n\u00f5utavat koormust ja tagama ohutu t\u00f6\u00f6.<\/li>\n<li><strong>Tihendus:<\/strong> H\u00fcdraulika\u00f5li lekke v\u00e4ltimiseks ja r\u00f5hu s\u00e4ilitamiseks kasutatakse mitmesuguseid tihenduskomponente, n\u00e4iteks kolvitihendeid ja varrastihendeid.<\/li>\n<li><strong>Vastupidavus:<\/strong> K\u00e4epideme silinder on sageli kulumise ja korrosiooni k\u00e4es, seega peab see olema valmistatud \u00fclitugevatest materjalidest ja l\u00e4bima range pinnat\u00f6\u00f6tluse.<\/li>\n<li><strong>Ohutus:<\/strong> Projekteerimine peab tagama operaatorite ja seadmete ohutuse t\u00f6\u00f6tamise ajal, sealhulgas v\u00e4ltima \u00fclekoormust ja tagama stabiilse t\u00f6\u00f6.<\/li>\n<li><strong>Hooldatavus:<\/strong> Projekteerimisel tuleks arvestada hoolduse ja asendamise lihtsusega, v\u00e4hendades seisakuid ja parandades t\u00f5husust.<\/li>\n<\/ul>\n<p><img decoding=\"async\" src=\"https:\/\/www.hydraulic-cylinders.net\/wp-content\/uploads\/2025\/01\/songte-cylinder-head-with-all-kinds-excavator-models.webp\"><\/p>\n<h3>\u00d5\u00f5tshoova silindri tihendamine ja m\u00e4\u00e4rimine<\/h3>\n<p>K\u00e4epidemes kasutatakse mitmesuguseid tihenduskomponente, n\u00e4iteks kolvitihendeid ja vardatihendeid, mis on valmistatud kulumiskindlatest materjalidest, n\u00e4iteks pol\u00fcuretaanist ja nitriilkummist, et v\u00e4ltida h\u00fcdraulika\u00f5li lekkimist ja s\u00e4ilitada r\u00f5hku. Silindri korpus ja keermestatud otsapind on peenelt t\u00f6\u00f6deldud, et parandada kulumiskindlust. Silindri m\u00e4\u00e4rimiseks ja kulumise v\u00e4ltimiseks on vaja regulaarselt lisada sobivat h\u00fcdraulika\u00f5li.<\/p>\n<h2>Hooldus- ja paigaldusjuhised<\/h2>\n<h3>Hooldus ja ennetavad meetmed<\/h3>\n<ul>\n<li>Kontrollige ja hooldage regulaarselt \u00f5\u00f5tshoova silindrit, sh kontrollige tihenduskomponente, silindri korpuse kulumist ja ebanormaalse m\u00fcra olemasolu.<\/li>\n<li>\u00d5lilekke v\u00e4ltimiseks ja ohutu t\u00f6\u00f6 tagamiseks vahetage regulaarselt kahjustatud v\u00f5i kulunud tihenduskomponente.<\/li>\n<li>K\u00e4epideme silindri vahetamisel on vaja puhastada h\u00fcdros\u00fcsteem ja vahetada h\u00fcdro\u00f5li, et v\u00e4ltida saastumist ja tagada h\u00fcdros\u00fcsteemi normaalne t\u00f6\u00f6.<\/li>\n<li>Veenduge, et poomi silinder on \u00f5igesti ja kindlalt paigaldatud ning et h\u00fcdros\u00fcsteem on korralikult \u00fchendatud ja h\u00fcdro\u00f5liga t\u00e4idetud.<\/li>\n<\/ul>\n<h3>Paigaldusjuhised<\/h3>\n<ol>\n<li>Valmistage ette paigalduskoht ja veenduge, et seadmed on stabiilses seisukorras.<\/li>\n<li>Paigaldage \u00f5\u00f5tsilinder \u00f5igesti ja kindlalt, veendudes, et see on korralikult joondatud h\u00fcdros\u00fcsteemi teiste komponentidega.<\/li>\n<li>\u00dchendage h\u00fcdraulikavoolik ja t\u00e4itke h\u00fcdraulikas\u00fcsteem \u00f5ige h\u00fcdraulika\u00f5liga.<\/li>\n<li>Kontrollige \u00f5lavarre silindrit, et veenduda selle n\u00f5uetekohases ja ohutul toimimises.<\/li>\n<\/ol>\n<p><img decoding=\"async\" src=\"https:\/\/www.hydraulic-cylinders.net\/wp-content\/uploads\/2025\/01\/songte-bushings-with-all-kinds-of-excavator-models.webp\"><\/p>\n<h2>Ohutuskaalutlused ja keskkonnategurid<\/h2>\n<p>K\u00e4epideme kasutamisel tuleks v\u00f5tta ohutusmeetmeid operaatorite ja seadmete ohutuse tagamiseks, sealhulgas v\u00e4ltida \u00fclekoormust, tagada seadmete stabiilsus ja k\u00e4itada seadmeid rangelt vastavalt juhistele. Samuti tuleks arvestada keskkonnateguritega, nagu temperatuur, niiskus ja s\u00f6\u00f6vitav keskkond, mis v\u00f5ivad m\u00f5jutada k\u00e4epideme j\u00f5udlust ja kasutusiga.<\/p>\n<h2>Veaotsingu ja hoolduse n\u00e4pun\u00e4ited<\/h2>\n<p>K\u00e4epideme silindriga esineda v\u00f5ivate levinud probleemide hulka kuuluvad leke, ebanormaalne m\u00fcra ja ebapiisav r\u00f5hk. Nende probleemide t\u00f5rkeotsinguks on vajalik tihendite regulaarne kontroll, hooldus ja vahetamine. V\u00f5imalike probleemide v\u00e4ltimiseks kasutage k\u00e4epideme silindrit etten\u00e4htud kandev\u00f5ime piires ja v\u00e4ltige selle \u00fclekoormamist. <\/p>\n<p><img decoding=\"async\" src=\"https:\/\/www.hydraulic-cylinders.net\/wp-content\/uploads\/2025\/01\/songte-chushion-collar.webp\"><\/p>\n<h2>Meist<\/h2>\n<p>Oleme professionaalne asendush\u00fcdrauliliste silindrite tootja, pakkudes laia tootevalikut ning olles \u00fcks juhtivaid h\u00fcdrauliliste silindrite tootjaid ja hulgim\u00fc\u00fcjaid nii sise- kui ka rahvusvahelistel turgudel. Peame alati kinni suurep\u00e4rase kvaliteedi p\u00f5him\u00f5ttest, tuginedes t\u00e4iustatud tootmist\u00f6\u00f6kodade t\u00f6\u00f6stusliku tootmise juhtimise strateegiale, et pidevalt parandada oma tehnoloogilist taset ja tootmise efektiivsust. Meil \u200b\u200bon v\u00f5imas innovatsiooniv\u00f5imekus ning juurutame tipptasemel digitaalseid tootmisseadmeid ja professionaalseid testimiss\u00fcsteeme, et optimeerida oma tootmisplatvormi ja parandada oma tootekvaliteedi kontrolli protsessi. Meie eesm\u00e4rk on rahuldada oma klientide mitmekesiseid vajadusi suure efektiivsuse, t\u00e4psuse ja k\u00f5rge kvaliteediga.<\/p>\n<h3>Meie erialad<\/h3>\n<ul>\n<li><strong>Professionaalsus:<\/strong> Oleme professionaalide meeskond, kellel on ulatuslikud teadmised ja kogemused h\u00fcdrauliliste silindrite tootmises.<\/li>\n<li><strong>Rahvusvaheline sertifitseerimine:<\/strong> Meie tooted on l\u00e4binud rahvusvahelise kvaliteedisertifikaadi, n\u00e4iteks ISO9001 ja CE.<\/li>\n<li><strong>Kohandatud teenus:<\/strong> Pakume kohandatud h\u00fcdrauliliste silindrite lahendusi, et rahuldada meie klientide erivajadusi.<\/li>\n<li><strong>Tootmisseadmed:<\/strong> Kasutame t\u00e4iustatud tootmisseadmeid ja -tehnoloogiat, et tagada oma toodete t\u00e4psus ja t\u00f5husus.<\/li>\n<li><strong>M\u00fc\u00fcgij\u00e4rgne teenindus:<\/strong> Pakume igak\u00fclgset m\u00fc\u00fcgij\u00e4rgset teenindust, sealhulgas hooldust, remonti ja tehnilist tuge, et tagada meie toodete pikaajaline stabiilne t\u00f6\u00f6.<\/li>\n<\/ul>\n<p><img decoding=\"async\" src=\"https:\/\/www.hydraulic-cylinders.net\/wp-content\/uploads\/2025\/01\/songte-company-4.webp\"><\/p>\n<p><img decoding=\"async\" src=\"https:\/\/www.hydraulic-cylinders.net\/wp-content\/uploads\/2025\/01\/songte-company-3.webp\"><\/p>\n<p>Autor: lyl<\/p>","protected":false},"excerpt":{"rendered":"<p>Arm Cylinder For Kobelco Middle Excavator SK250-6-6E Introduction Definition of Arm Cylinder An arm cylinder is a specially designed hydraulic cylinder that is mainly used to provide linear motion and power to various types of machinery, such as excavators, cranes, and robotic arms. The arm cylinder plays a crucial role in the hydraulic system, enabling [&hellip;]<\/p>","protected":false},"featured_media":14779,"comment_status":"open","ping_status":"closed","template":"","meta":{"_et_pb_use_builder":"","_et_pb_old_content":"","_et_gb_content_width":""},"product_brand":[],"product_cat":[1497],"product_tag":[1498,1496],"class_list":{"0":"post-16287","1":"product","2":"type-product","3":"status-publish","4":"has-post-thumbnail","6":"product_cat-arm-cylinders","7":"product_tag-arm-cylinders","8":"product_tag-hydraulic-cylinders","10":"first","11":"instock","12":"shipping-taxable","13":"product-type-simple"},"amp_enabled":true,"_links":{"self":[{"href":"https:\/\/www.hydraulic-cylinders.net\/et\/wp-json\/wp\/v2\/product\/16287","targetHints":{"allow":["GET"]}}],"collection":[{"href":"https:\/\/www.hydraulic-cylinders.net\/et\/wp-json\/wp\/v2\/product"}],"about":[{"href":"https:\/\/www.hydraulic-cylinders.net\/et\/wp-json\/wp\/v2\/types\/product"}],"replies":[{"embeddable":true,"href":"https:\/\/www.hydraulic-cylinders.net\/et\/wp-json\/wp\/v2\/comments?post=16287"}],"wp:featuredmedia":[{"embeddable":true,"href":"https:\/\/www.hydraulic-cylinders.net\/et\/wp-json\/wp\/v2\/media\/14779"}],"wp:attachment":[{"href":"https:\/\/www.hydraulic-cylinders.net\/et\/wp-json\/wp\/v2\/media?parent=16287"}],"wp:term":[{"taxonomy":"product_brand","embeddable":true,"href":"https:\/\/www.hydraulic-cylinders.net\/et\/wp-json\/wp\/v2\/product_brand?post=16287"},{"taxonomy":"product_cat","embeddable":true,"href":"https:\/\/www.hydraulic-cylinders.net\/et\/wp-json\/wp\/v2\/product_cat?post=16287"},{"taxonomy":"product_tag","embeddable":true,"href":"https:\/\/www.hydraulic-cylinders.net\/et\/wp-json\/wp\/v2\/product_tag?post=16287"}],"curies":[{"name":"wp","href":"https:\/\/api.w.org\/{rel}","templated":true}]}}