{"id":1629,"date":"2023-10-08T08:53:04","date_gmt":"2023-10-08T08:53:04","guid":{"rendered":"https:\/\/hydraulic-cylinders.net\/?post_type=product&#038;p=1629"},"modified":"2025-04-11T03:46:29","modified_gmt":"2025-04-11T03:46:29","slug":"press-mobile-workbench-cylinder","status":"publish","type":"product","link":"https:\/\/www.hydraulic-cylinders.net\/et\/toode\/press-mobile-workbench-cylinder\/","title":{"rendered":"Pressi mobiilne t\u00f6\u00f6pingi silinder"},"content":{"rendered":"<h1 style=\"text-align: center;\"><strong>Pressi mobiilne t\u00f6\u00f6pingi silinder<\/strong><\/h1>\n<p><img loading=\"lazy\" decoding=\"async\" class=\"aligncenter wp-image-1630\" src=\"https:\/\/hydraulic-cylinders.net\/wp-content\/uploads\/2023\/10\/mobile-workbench-cylinder-300x300.webp\" alt=\"\" width=\"400\" height=\"400\" \/><\/p>\n<p>Mobiilne pressitud t\u00f6\u00f6pingi silinder on revolutsiooniline toode, mis on loodud optimeerima t\u00f6\u00f6pinkide seadistuste efektiivsust ja mitmek\u00fclgsust erinevates t\u00f6\u00f6stusharudes. Oma t\u00e4iustatud funktsioonide ja usaldusv\u00e4\u00e4rse j\u00f5udlusega pakub see silinder paremat liikuvust, stabiilsust ja kasutusmugavust.<\/p>\n<p>Pressi mobiilne t\u00f6\u00f6pingi silinder on iga t\u00f6\u00f6pingi seadistuse murranguline t\u00e4iendus, pakkudes paremat liikuvust, stabiilsust ja mitmek\u00fclgsust. T\u00e4nu pingutuseta liikumisele, k\u00f5rguse reguleerimisele ja usaldusv\u00e4\u00e4rsele lukustusmehhanismile v\u00f5imaldab see silinder teil luua d\u00fcnaamilise ja t\u00f5husa t\u00f6\u00f6ruumi. Soovitatavate kasutusmeetodite ja hooldustavade j\u00e4rgimisega saate maksimeerida oma t\u00f6\u00f6pingi seadistuse j\u00f5udlust, pikaealisust ja ohutust. Valige pressi mobiilne t\u00f6\u00f6pingi silinder, et suurendada t\u00f6\u00f6keskkonna tootlikkust, mugavust ja k\u00e4ep\u00e4rasust.<\/p>\n<p>Pressi mobiilse t\u00f6\u00f6pingi silindri peamised omadused:<\/p>\n<ol>\n<li>T\u00e4iustatud liikuvus:<\/li>\n<\/ol>\n<ul>\n<li>Pressi mobiilsel t\u00f6\u00f6pingi silindril on vastupidav ja usaldusv\u00e4\u00e4rne mobiilmehhanism, mis v\u00f5imaldab t\u00f6\u00f6pingi pingutuseta liigutamist.<\/li>\n<li>T\u00e4nu sujuvalt liikuvatele ratastele ja vastupidavale konstruktsioonile v\u00f5imaldab see silinder t\u00f6\u00f6laua h\u00f5lpsat \u00fcmberpaigutamist, v\u00e4listades k\u00e4sitsi t\u00f5stmise v\u00f5i lahtiv\u00f5tmise vajaduse.<\/li>\n<\/ul>\n<ol start=\"2\">\n<li>K\u00f5rguse reguleerimine:<\/li>\n<\/ol>\n<ul>\n<li>See silinder pakub mugavat k\u00f5rguse reguleerimist, mis v\u00f5imaldab teil t\u00f6\u00f6laua k\u00f5rgust vastavalt oma vajadustele kohandada.<\/li>\n<li>Olenemata sellest, kas vajate mugavat seisvasendit v\u00f5i madalamat k\u00f5rgust keerukate \u00fclesannete jaoks, pakub Press Mobile Workbench Cylinder paindlikkust ja kohanemisv\u00f5imet.<\/li>\n<\/ul>\n<ol start=\"3\">\n<li>Stabiilsus- ja lukustusmehhanism:<\/li>\n<\/ol>\n<ul>\n<li>Silinder on varustatud turvalise lukustusmehhanismiga, mis tagab t\u00f6\u00f6laua kasutamise ajal stabiilsuse ja ohutuse.<\/li>\n<li>Kui soovitud asend on saavutatud, kinnitage t\u00f6\u00f6laud lukustusmehhanismi abil, et tagada stabiilne ja kindel t\u00f6\u00f6koht.<\/li>\n<\/ul>\n<ol start=\"4\">\n<li>Vastupidav konstruktsioon:<\/li>\n<\/ol>\n<ul>\n<li>Pressi mobiilse t\u00f6\u00f6pingi silinder on valmistatud kvaliteetsetest materjalidest, et taluda suuri koormusi ja regulaarset kasutamist.<\/li>\n<li>Selle vastupidav konstruktsioon tagab pikaealisuse ja t\u00f6\u00f6kindluse, muutes selle suurep\u00e4raseks investeeringuks teie t\u00f6\u00f6ruumi.<\/li>\n<\/ul>\n<h2><strong>Pressi mobiilse t\u00f6\u00f6pingi silindri parameeter:<\/strong><\/h2>\n<table border=\"1\" cellspacing=\"0\" cellpadding=\"0\">\n<tbody>\n<tr>\n<td>Toote nimi<\/td>\n<td>H\u00fcdraulilise pressi mobiilne t\u00f6\u00f6pingi silinder<\/td>\n<\/tr>\n<tr>\n<td>Omadused:<\/td>\n<td>T\u00f6\u00f6laua liigutamine<\/td>\n<\/tr>\n<tr>\n<td>Ava l\u00e4bim\u00f5\u00f5t:<\/td>\n<td>125 mm\uff5e320 mm<\/td>\n<\/tr>\n<tr>\n<td>Varda l\u00e4bim\u00f5\u00f5t:<\/td>\n<td>90 mm\uff5e220 mm<br \/>\nL\u00f6\u00f6k \u22647500 mm<\/td>\n<\/tr>\n<tr>\n<td>T\u00f5ukej\u00f5ud:<\/td>\n<td>Maksimaalselt 2533 kN<br \/>\n(Silindri l\u00e4bim\u00f5\u00f5t 320 mm \/ r\u00f5hk 31,5 MPa)<\/td>\n<\/tr>\n<tr>\n<td>Mobiilse t\u00f6\u00f6pingi silindri rakendused:<\/td>\n<td>H\u00fcdrauliline press<\/td>\n<\/tr>\n<\/tbody>\n<\/table>\n<div class=\"txtboxL\">\n<div class=\"txtboxL\">\n<div class=\"txtboxL\">\n<div class=\"txtboxL\">Omadused:<\/div>\n<div class=\"txtboxR\">T\u00f6\u00f6laua liigutamine<\/div>\n<div class=\"txtboxL\">Spetsifikatsioon:<\/div>\n<div class=\"txtboxR\">Ava l\u00e4bim\u00f5\u00f5t: 125 mm ~ 320 mm<br \/>\nVarda l\u00e4bim\u00f5\u00f5t: 90 mm ~ 220 mm<br \/>\nL\u00f6\u00f6k \u22647500 mm<\/div>\n<div class=\"txtboxL\">T\u00f5ukej\u00f5ud:<\/div>\n<div class=\"txtboxR\">Maksimaalselt 2533 kN<br \/>\n(Silindri l\u00e4bim\u00f5\u00f5t 320 mm \/ r\u00f5hk 31,5 MPa)<\/div>\n<\/div>\n<\/div>\n<\/div>\n<h2><strong>Pressisilindri tehas:<\/strong><\/h2>\n<p><img loading=\"lazy\" decoding=\"async\" class=\"alignnone wp-image-1619 size-full\" src=\"https:\/\/hydraulic-cylinders.net\/wp-content\/uploads\/2023\/10\/press-cylinder.webp\" alt=\"\" width=\"1418\" height=\"946\" srcset=\"https:\/\/hydraulic-cylinders.net\/wp-content\/uploads\/2023\/10\/press-cylinder.webp 1418w, https:\/\/hydraulic-cylinders.net\/wp-content\/uploads\/2023\/10\/press-cylinder-1280x854.webp 1280w, https:\/\/hydraulic-cylinders.net\/wp-content\/uploads\/2023\/10\/press-cylinder-980x654.webp 980w, https:\/\/hydraulic-cylinders.net\/wp-content\/uploads\/2023\/10\/press-cylinder-480x320.webp 480w\" sizes=\"(min-width: 0px) and (max-width: 480px) 480px, (min-width: 481px) and (max-width: 980px) 980px, (min-width: 981px) and (max-width: 1280px) 1280px, (min-width: 1281px) 1418px, 100vw\" \/><\/p>\n<h2><strong>Pressi mobiilse t\u00f6\u00f6pingi silindri kasutusmeetod<\/strong><strong>:<\/strong><\/h2>\n<ol>\n<li><strong>Kokkupanek ja paigaldus:<\/strong><\/li>\n<\/ol>\n<ul>\n<li>Alustage pressi mobiilse t\u00f6\u00f6pingi silindri kokkupanekust vastavalt kaasasolevatele juhistele v\u00f5i tootja suunistele.<\/li>\n<li>Veenduge, et k\u00f5ik komponendid on kindlalt kinnitatud ja \u00fchendused pingutatud, et tagada stabiilsus ja ohutus.<\/li>\n<\/ul>\n<ol start=\"2\">\n<li><strong>K\u00f5rguse reguleerimine:<\/strong><\/li>\n<\/ol>\n<ul>\n<li>T\u00f6\u00f6laua k\u00f5rguse reguleerimiseks leidke silindril k\u00f5rguse reguleerimise mehhanism.<\/li>\n<li>T\u00f6\u00f6laua soovitud asendisse t\u00f5stmiseks v\u00f5i langetamiseks j\u00e4rgige juhiseid, tagades optimaalse mugavuse ja ergonoomika.<\/li>\n<\/ul>\n<ol start=\"3\">\n<li><strong>Liikuvus ja positsioneerimine:<\/strong><\/li>\n<\/ol>\n<ul>\n<li>T\u00f6\u00f6laua liigutamisel veenduge, et lukustusmehhanism oleks vabastatud.<\/li>\n<li>L\u00fckake t\u00f6\u00f6pink \u00f5rnalt soovitud kohta, kasutades \u00e4ra sujuvalt liikuvaid rattaid.<\/li>\n<li>Kui see on paigas, rakendage lukustusmehhanism, et t\u00f6\u00f6laud kinnitada ja tahtmatut liikumist v\u00e4ltida.<\/li>\n<\/ul>\n<h2><strong>Kuidas h\u00fcdraulikas\u00fcsteemist \u00f5hku v\u00e4lja saada?<\/strong><\/h2>\n<p>H\u00fcdraulikas\u00fcsteemist \u00f5hu eemaldamine, mida nimetatakse ka s\u00fcsteemi \u00f5hutamiseks v\u00f5i puhastamiseks, on oluline n\u00f5uetekohase toimimise s\u00e4ilitamiseks ja selliste probleemide v\u00e4ltimiseks nagu pidurite l\u00f6gamine v\u00f5i v\u00e4henenud j\u00f5udlus. Siin on samm-sammult juhend, kuidas h\u00fcdraulikas\u00fcsteemist \u00f5hku v\u00e4lja saada:<\/p>\n<ol>\n<li><strong>\u00d5hu sisenemispunktide tuvastamine:<\/strong>\n<ul>\n<li>Tehke kindlaks v\u00f5imalikud sisenemiskohad, kust \u00f5hk v\u00f5is h\u00fcdros\u00fcsteemi sattuda. Levinud sisenemiskohtade hulka kuuluvad lahtised liitmikud, kahjustatud tihendid v\u00f5i hiljuti vahetatud komponendid.<\/li>\n<\/ul>\n<\/li>\n<li><strong>Koguge vajalikud t\u00f6\u00f6riistad ja materjalid:<\/strong>\n<ul>\n<li>Enne \u00f5hutusprotsessi alustamist koguge kokku vajalikud t\u00f6\u00f6riistad ja materjalid, sealhulgas mutriv\u00f5ti v\u00f5i otsakukomplekt, vedeliku kogumiseks m\u00f5eldud anum, v\u00e4rske h\u00fcdraulikavedelik ja kaitsekindad.<\/li>\n<\/ul>\n<\/li>\n<li><strong>Leidke \u00f5hutusventiil:<\/strong>\n<ul>\n<li>Leidke h\u00fcdros\u00fcsteemilt \u00f5hutusventiil(id). \u00d5hutusventiil asub tavaliselt \u00f5hutamist vajava komponendi, n\u00e4iteks pidurisadula, siduri t\u00f6\u00f6silindri v\u00f5i h\u00fcdrosilindri l\u00e4hedal.<\/li>\n<\/ul>\n<\/li>\n<li><strong>Ettevalmistavad sammud:<\/strong>\n<ul>\n<li>Veenduge, et h\u00fcdraulikavedeliku paak oleks \u00f5ige tasemeni t\u00e4idetud. See aitab v\u00e4ltida \u00f5hutamise ajal s\u00fcsteemi t\u00e4iendava \u00f5hu sattumist.<\/li>\n<li>Vajadusel lugege vedeliku t\u00fc\u00fcbi ja soovitatava \u00f5hutusprotseduuri kohta t\u00e4pseid juhiseid seadme kasutusjuhendist v\u00f5i tootja juhistest.<\/li>\n<\/ul>\n<\/li>\n<li><strong>Avage \u00f5hutusventiil:<\/strong>\n<ul>\n<li>Sobiva mutriv\u00f5tme v\u00f5i otsaku abil keerake ettevaatlikult \u00f5hutuskomponendi \u00f5hutusventiil lahti. Veenduge, et ventiili ava oleks piisavalt madal, et \u00f5hk ja vedelik saaksid v\u00e4lja p\u00e4\u00e4seda.<\/li>\n<\/ul>\n<\/li>\n<li><strong>Verejooksu protseduur:<\/strong>\n<ul>\n<li>Kui \u00f5hutusventiil on avatud, laske abilisel aeglaselt h\u00fcdros\u00fcsteemile r\u00f5hku avaldada, aktiveerides vastava juhtseadise (nt vajutades piduripedaali v\u00f5i liigutades h\u00fcdrokangi).<\/li>\n<li>R\u00f5hu t\u00f5ustes peaksid s\u00fcsteemi j\u00e4\u00e4nud \u00f5humullid hakkama avatud \u00f5hutusventiili kaudu v\u00e4ljuma. Laske vedelikul voolata, kuni k\u00f5ik n\u00e4htavad \u00f5humullid on eemaldatud ja on n\u00e4ha pidevat vedelikuvoolu.<\/li>\n<\/ul>\n<\/li>\n<li><strong>Sulgege \u00f5hutusventiil:<\/strong>\n<ul>\n<li>Kui \u00f5humullid on eemaldatud ja \u00f5hutusventiilist voolab ainult vedelikku, sulgege ventiil tihedalt, et v\u00e4ltida edasise \u00f5hu sattumist s\u00fcsteemi.<\/li>\n<li>Veenduge, et ventiil on kindlalt suletud, kuid \u00e4rge pingutage seda \u00fcle, kuna see v\u00f5ib ventiili v\u00f5i selle tihendit kahjustada.<\/li>\n<\/ul>\n<\/li>\n<li><strong>Korrake protsessi:<\/strong>\n<ul>\n<li>Vajadusel korrake \u00f5hutusprotsessi iga h\u00fcdraulikas\u00fcsteemi komponendi puhul, alustades h\u00fcdraulikavedeliku reservuaarile l\u00e4himast ja liikudes kaugeima komponendi poole.<\/li>\n<\/ul>\n<\/li>\n<li><strong>Kontrollige vedeliku taset:<\/strong>\n<ul>\n<li>P\u00e4rast \u00f5hutusprotsessi l\u00f5petamist kontrollige h\u00fcdraulikavedeliku taset reservuaaris ja vajadusel lisage. Veenduge, et vedeliku tase oleks soovituslikus vahemikus.<\/li>\n<\/ul>\n<\/li>\n<li><strong>Testis\u00fcsteemi funktsionaalsus:<\/strong>\n<ul>\n<li>Kui \u00f5hutusprotsess on l\u00f5ppenud ja s\u00fcsteem on korralikult suletud, testige h\u00fcdros\u00fcsteemi funktsionaalsust, et tagada sujuv t\u00f6\u00f6 ja optimaalne j\u00f5udlus.<\/li>\n<\/ul>\n<\/li>\n<\/ol>\n<h2><strong>Tehase v\u00f5imekus ja suutlikkus:<\/strong><\/h2>\n<h3>(1) Kokkupanek<\/h3>\n<p>Meil on esmaklassiline s\u00f5ltumatu teadus- ja arendustegevuse montaa\u017eiplatvorm. H\u00fcdrosilindrite tootmist\u00f6\u00f6kojas on neli poolautomaatset t\u00f5stesilindrite koosteliini ja \u00fcks automaatne kallutussilindrite koosteliin, mille kavandatud aastane tootmisv\u00f5imsus on 1 miljon t\u00fckki. Spetsiaalsete silindrite t\u00f6\u00f6koda on varustatud erinevate spetsifikatsioonidega poolautomaatse puhastusmontaa\u017eis\u00fcsteemiga, mille kavandatud aastane tootmisv\u00f5imsus on 200 000 ja mis on varustatud kuulsate CNC-t\u00f6\u00f6tlemisseadmete, mehaanilise t\u00f6\u00f6tlemise keskuse, suure t\u00e4psusega silindrite t\u00f6\u00f6tlemise eriseadmete, robotkeevitusmasina, automaatse puhastusmasina, automaatse silindri kokkupanemise masina ja automaatse v\u00e4rvimise tootmisliiniga. Olemasolevad kriitilised seadmed rohkem kui 300 komplekti (komplekti). Seadmete ressursside optimaalne jaotamine ja t\u00f5hus kasutamine tagavad toodete t\u00e4psusn\u00f5uded ja vastavad toodete kvaliteedin\u00f5uetele.<\/p>\n<p><img loading=\"lazy\" decoding=\"async\" class=\"alignnone wp-image-626\" src=\"https:\/\/hydraulic-cylinders.net\/wp-content\/uploads\/2023\/08\/hydraulic-cylinder-product-1-300x158.webp\" alt=\"\" width=\"495\" height=\"260\" srcset=\"https:\/\/hydraulic-cylinders.net\/wp-content\/uploads\/2023\/08\/hydraulic-cylinder-product-1-300x158.webp 495w, https:\/\/hydraulic-cylinders.net\/wp-content\/uploads\/2023\/08\/hydraulic-cylinder-product-1-480x252.webp 480w\" sizes=\"(min-width: 0px) and (max-width: 480px) 480px, (min-width: 481px) 495px, 100vw\" \/> <img loading=\"lazy\" decoding=\"async\" class=\"alignnone wp-image-627\" src=\"https:\/\/hydraulic-cylinders.net\/wp-content\/uploads\/2023\/08\/hydraulic-cylinder-product-2-300x189.webp\" alt=\"\" width=\"413\" height=\"260\" \/><\/p>\n<h3>(2) T\u00f6\u00f6tlemine<\/h3>\n<p>T\u00f6\u00f6deldav t\u00f6\u00f6koda on varustatud kohandatud kallutatud r\u00f6\u00f6pse treipingi keskuse, mehaanilise keskuse, kiire lihvimismasina, keevitusroboti ja muude seotud seadmetega, mis suudavad t\u00f6\u00f6delda silindritorusid, mille maksimaalne sisel\u00e4bim\u00f5\u00f5t on 400 mm ja maksimaalne pikkus on 6 meetrit.<\/p>\n<p><img loading=\"lazy\" decoding=\"async\" class=\"alignnone wp-image-628 size-large\" src=\"https:\/\/hydraulic-cylinders.net\/wp-content\/uploads\/2023\/08\/hydraulic-cylinder-product-3-1024x391.webp\" alt=\"\" width=\"1024\" height=\"391\" srcset=\"https:\/\/hydraulic-cylinders.net\/wp-content\/uploads\/2023\/08\/hydraulic-cylinder-product-3-980x374.webp 980w, https:\/\/hydraulic-cylinders.net\/wp-content\/uploads\/2023\/08\/hydraulic-cylinder-product-3-480x183.webp 480w\" sizes=\"(min-width: 0px) and (max-width: 480px) 480px, (min-width: 481px) and (max-width: 980px) 980px, (min-width: 981px) 1024px, 100vw\" \/><\/p>\n<h3>(3) Keevitamine<\/h3>\n<p><img loading=\"lazy\" decoding=\"async\" class=\"alignnone wp-image-629 size-large\" src=\"https:\/\/hydraulic-cylinders.net\/wp-content\/uploads\/2023\/08\/hydraulic-cylinder-product-4-1024x510.webp\" alt=\"\" width=\"1024\" height=\"510\" srcset=\"https:\/\/hydraulic-cylinders.net\/wp-content\/uploads\/2023\/08\/hydraulic-cylinder-product-4-980x488.webp 980w, https:\/\/hydraulic-cylinders.net\/wp-content\/uploads\/2023\/08\/hydraulic-cylinder-product-4-480x239.webp 480w\" sizes=\"(min-width: 0px) and (max-width: 480px) 480px, (min-width: 481px) and (max-width: 980px) 980px, (min-width: 981px) 1024px, 100vw\" \/><\/p>\n<h3>(4) V\u00e4rvimine ja katmine<\/h3>\n<p>V\u00e4ikese ja keskmise suurusega silindri automaatse veep\u00f5hise v\u00e4rvipinnakattega liinide abil, et saavutada automaatne robotlaadimine ja mahalaadimine ning automaatne pihustamine, projekteerimisv\u00f5imsus 4000 t\u00fckki vahetuse kohta;<br \/>\nMeil on ka poolautomaatne suurte balloonide v\u00e4rvimise tootmisliin, mis t\u00f6\u00f6tab j\u00f5ukettaga ja mille projekteerimisv\u00f5imsus on 60 kasti \u00fche vahetuse kohta.<\/p>\n<p><img loading=\"lazy\" decoding=\"async\" class=\"alignnone wp-image-630\" src=\"https:\/\/hydraulic-cylinders.net\/wp-content\/uploads\/2023\/08\/hydraulic-cylinder-product-5-300x213.webp\" alt=\"\" width=\"366\" height=\"260\" \/> <img loading=\"lazy\" decoding=\"async\" class=\"alignnone wp-image-631\" src=\"https:\/\/hydraulic-cylinders.net\/wp-content\/uploads\/2023\/08\/hydraulic-cylinder-product-6-300x225.webp\" alt=\"\" width=\"347\" height=\"260\" \/><\/p>\n<h3>(5) Testimine<\/h3>\n<p>Meil on esmaklassilised kontrolliseadmed ja katsestendid, et tagada silindri j\u00f5udlus vastavus n\u00f5uetele.<\/p>\n<p><img loading=\"lazy\" decoding=\"async\" class=\"alignnone wp-image-632\" src=\"https:\/\/hydraulic-cylinders.net\/wp-content\/uploads\/2023\/08\/hydraulic-cylinder-product-8-300x200.webp\" alt=\"\" width=\"389\" height=\"260\" \/><\/p>\n<p>&nbsp;<\/p>\n<p>&nbsp;<\/p>\n<p>Oleme \u00fcks parimaid h\u00fcdrosilindrite tootjaid. Pakume laia valikut h\u00fcdrosilindreid. Pakume ka vastavaid... <a href=\"https:\/\/hzpt.com\/agricultural-pto-gearbox\/\" target=\"_blank\" rel=\"noopener\">p\u00f5llumajanduslikud k\u00e4igukastid<\/a>. Oleme eksportinud oma tooteid klientidele \u00fcle maailma ja teeninud hea maine t\u00e4nu meie suurep\u00e4rasele tootekvaliteedile ja m\u00fc\u00fcgij\u00e4rgsele teenindusele. Me tervitame kliente kodus ja v\u00e4lismaal, et v\u00f5tta meiega \u00fchendust, et pidada l\u00e4bir\u00e4\u00e4kimisi \u00e4ri, vahetada teavet ja <a href=\"https:\/\/www.hydraulic-cylinders.net\/et\/contact-us\/\">teha meiega koost\u00f6\u00f6d<\/a>!<\/p>","protected":false},"excerpt":{"rendered":"<p>Press Mobile Workbench Cylinder The press mobile workbench cylinder is a revolutionary product designed to optimize efficiency and versatility in workbench setups across various industries. With its advanced features and reliable performance, this cylinder offers enhanced mobility, stability, and ease of use. The press mobile workbench cylinder is a game-changing addition to any workbench setup, [&hellip;]<\/p>","protected":false},"featured_media":1631,"comment_status":"open","ping_status":"closed","template":"","meta":{"_et_pb_use_builder":"","_et_pb_old_content":"","_et_gb_content_width":""},"product_brand":[],"product_cat":[1550,1522,1376],"product_tag":[1380],"class_list":{"0":"post-1629","1":"product","2":"type-product","3":"status-publish","4":"has-post-thumbnail","6":"product_cat-double-acting-hydraulic-cylinder","7":"product_cat-press-hydraulic-cylinders","8":"product_cat-hydraulic-cylinder","9":"product_tag-hydraulic-cylinder","11":"first","12":"instock","13":"shipping-taxable","14":"product-type-simple"},"amp_enabled":true,"_links":{"self":[{"href":"https:\/\/www.hydraulic-cylinders.net\/et\/wp-json\/wp\/v2\/product\/1629","targetHints":{"allow":["GET"]}}],"collection":[{"href":"https:\/\/www.hydraulic-cylinders.net\/et\/wp-json\/wp\/v2\/product"}],"about":[{"href":"https:\/\/www.hydraulic-cylinders.net\/et\/wp-json\/wp\/v2\/types\/product"}],"replies":[{"embeddable":true,"href":"https:\/\/www.hydraulic-cylinders.net\/et\/wp-json\/wp\/v2\/comments?post=1629"}],"wp:featuredmedia":[{"embeddable":true,"href":"https:\/\/www.hydraulic-cylinders.net\/et\/wp-json\/wp\/v2\/media\/1631"}],"wp:attachment":[{"href":"https:\/\/www.hydraulic-cylinders.net\/et\/wp-json\/wp\/v2\/media?parent=1629"}],"wp:term":[{"taxonomy":"product_brand","embeddable":true,"href":"https:\/\/www.hydraulic-cylinders.net\/et\/wp-json\/wp\/v2\/product_brand?post=1629"},{"taxonomy":"product_cat","embeddable":true,"href":"https:\/\/www.hydraulic-cylinders.net\/et\/wp-json\/wp\/v2\/product_cat?post=1629"},{"taxonomy":"product_tag","embeddable":true,"href":"https:\/\/www.hydraulic-cylinders.net\/et\/wp-json\/wp\/v2\/product_tag?post=1629"}],"curies":[{"name":"wp","href":"https:\/\/api.w.org\/{rel}","templated":true}]}}