{"id":16342,"date":"2025-01-20T09:07:26","date_gmt":"2025-01-20T09:07:26","guid":{"rendered":"https:\/\/www.hydraulic-cylinders.net\/product\/arm-cylinderfor-volvo-wheel-excavator-ew60c\/"},"modified":"2025-01-20T09:07:28","modified_gmt":"2025-01-20T09:07:28","slug":"arm-cylinderfor-volvo-wheel-excavator-ew60c","status":"publish","type":"product","link":"https:\/\/www.hydraulic-cylinders.net\/et\/toode\/arm-cylinderfor-volvo-wheel-excavator-ew60c\/","title":{"rendered":"Volvo ratasekskavaatori EW60C \u00f5\u00f5tssilinder"},"content":{"rendered":"<p>Volvo ratasekskavaatori EW60C \u00f5\u00f5tsilinder<\/p>\n<p>Sissejuhatus<\/p>\n<p>H\u00fcdrovarre silinder on spetsiaalne h\u00fcdrauliline silinder, mis on loodud lineaarse liikumise ja j\u00f5u tagamiseks erinevat t\u00fc\u00fcpi masinate, n\u00e4iteks ekskavaatorite, kraanade ja mehaaniliste hoobade hoobadele. H\u00fcdrovarre silinder m\u00e4ngib h\u00fcdraulikas\u00fcsteemis olulist rolli, v\u00f5imaldades lisaseadmete v\u00f5i tarvikute liikumist ja t\u00f5husat juhtimist. Need silindrid mitte ainult ei saavuta sujuvat liikumist, vaid taluvad ka suuri koormusi, tagades masinate t\u00f5husa t\u00f6\u00f6 ja t\u00f6\u00f6kindluse erinevates t\u00f6\u00f6tingimustes.<\/p>\n<p>Definitsioon ja selgitus<\/p>\n<p>\u00d5\u00f5tshoova silinder on h\u00fcdros\u00fcsteemi komponent, mis annab j\u00f5u masina \u00f5\u00f5tsale. See on teatud t\u00fc\u00fcpi h\u00fcdrosilinder, mis muundab h\u00fcdraulilise energia lineaarseks liikumiseks ja j\u00f5uks. Silinder koosneb kolvist, kolvivardast, silindri korpusest ja otsakorkidest. Kui kolvi \u00fchele k\u00fcljele rakendatakse r\u00f5hu all olevat h\u00fcdraulilist vedelikku, liigutab see ja annab j\u00f5udu kolvivardale, mis tagab masina \u00f5\u00f5tsale lineaarse liikumise. \u00d5\u00f5tshoova silinder on oluline mitmesuguste masinate, n\u00e4iteks ekskavaatorite, kraanade ja mehaaniliste \u00f5\u00f5tsade, t\u00f6\u00f6ks ning m\u00e4ngib olulist rolli nende k\u00f5rge efektiivsuse ja t\u00f6\u00f6kindluse tagamisel.<\/p>\n<p><img decoding=\"async\" src=\"https:\/\/www.hydraulic-cylinders.net\/wp-content\/uploads\/2025\/01\/songte-company-2.webp\" alt=\"Volvo ratasekskavaatori EW60C \u00f5\u00f5tssilinder (pilt)\"><\/p>\n<p>Omadused<\/p>\n<p>Suure efektiivsusega \u00fclekanne: \u00f5lavarre silinder tagab v\u00f5imsa lineaarse liikumise ja j\u00f5u, tagades mehaanilise \u00f5la suure efektiivsuse erinevates toimingutes.<\/p>\n<p>T\u00e4pne juhtimine: H\u00fcdraulilise s\u00fcsteemi abil saab \u00f5lavarre silinder saavutada t\u00e4pse liikumise juhtimise, muutes lisaseadmete t\u00f6\u00f6 paindlikumaks ja t\u00e4psemaks.<\/p>\n<p>Tugev vastupidavus: \u00d5\u00f5tshoova silindrid on tavaliselt valmistatud \u00fclitugevatest materjalidest, mis pakuvad head kulumiskindlust ja korrosioonikindlust ning sobivad pikaajaliseks kasutamiseks karmides keskkondades.<\/p>\n<p>Mitmek\u00fclgne kohandatavus: Neid silindreid saab laialdaselt kasutada erinevat t\u00fc\u00fcpi masinates, n\u00e4iteks ekskavaatorites, kraanades ja mehaanilistes k\u00e4sivartes, et t\u00e4ita erinevaid t\u00f6\u00f6n\u00f5udeid.<\/p>\n<p>Lihtne hooldus: Lihtsaks hoolduseks ja vahetamiseks loodud regulaarne kontroll ja hooldus on muutunud mugavamaks, v\u00e4hendades seadmete seisakuid.<\/p>\n<p>Meie toodang<\/p>\n<p>Meie k\u00e4sisilindri toode saab neid h\u00fcdraulilisi silindreid ideaalselt asendada.<\/p>\n<p><img decoding=\"async\" src=\"https:\/\/www.hydraulic-cylinders.net\/wp-content\/uploads\/2025\/01\/songte-oil-pipes-and-spare-parts.webp\" alt=\"Volvo ratasekskavaatori EW60C \u00f5\u00f5tssilinder (pilt)\"><\/p>\n<p>Rakendused<\/p>\n<p>Ehitus: Ekskavaatorites ja kraanades kasutatakse poomi silindrit kopa v\u00f5i poomi liikumise juhtimiseks mullat\u00f6\u00f6del, materjalide k\u00e4itlemisel ja konstruktsioonide paigaldamisel.<\/p>\n<p>T\u00f6\u00f6tlev t\u00f6\u00f6stus: Automatiseeritud tootmisliinidel kasutatakse \u00f5lasilindrit mehaanilise \u00f5la liigutamiseks montaa\u017ei-, keevitus- ja materjalik\u00e4itlusprotsessides, parandades tootmise efektiivsust ja t\u00e4psust.<\/p>\n<p>P\u00f5llumajandusmasinad: P\u00f5llumajandusmasinates, n\u00e4iteks kombainides ja k\u00fclvikutes, juhib \u00f5\u00f5tshoova silinder juhthoova liikumist, t\u00e4ites selliseid \u00fclesandeid nagu k\u00fclvamine, v\u00e4etamine ja koristamine.<\/p>\n<p>Kaevandamine: Kaevandusseadmetes kasutatakse kaevandusseadme k\u00e4e liikumise juhtimiseks, maagi kaevandamiseks ja transportimiseks k\u00e4e silindrit.<\/p>\n<p>Logistika ja transport: Kahvelt\u00f5stukites ja robotites kasutatakse kahvliharude t\u00f5stmise ja liikumise juhtimiseks k\u00e4esilindrit, mis teostab materjalide k\u00e4itlemist ja virnastamist.<\/p>\n<p>Projekteerimiskaalutlused ja valikukriteeriumid<\/p>\n<p>Kandev\u00f5ime: Pooma silindril peab olema piisav kandev\u00f5ime, et taluda masina ja lisaseadmete kaalu ja koormust.<\/p>\n<p>Tihendus: H\u00fcdraulilise vedeliku lekke v\u00e4ltimiseks peab \u00f5\u00f5tshoova silindril olema hea tihendus, mis tagab h\u00fcdros\u00fcsteemi normaalse t\u00f6\u00f6.<\/p>\n<p>Vastupidavus: K\u00e4epideme silinder peab olema vastupidav ning suurep\u00e4rase kulumiskindluse ja korrosioonikindlusega, sobima kasutamiseks karmides keskkondades.<\/p>\n<p>Ohutus: K\u00e4epideme silinder peab olema konstrueeritud ohutusfunktsioonidega, et tagada personali ja masina ohutus t\u00f6\u00f6tamise ajal.<\/p>\n<p>Hooldus: K\u00e4epideme silinder peab olema konstrueeritud nii, et seda oleks lihtne hooldada ja vahetada, mis muudaks regulaarse kontrolli ja hoolduse mugavamaks ning v\u00e4hendaks seadmete seisakuid.<\/p>\n<p><img decoding=\"async\" src=\"https:\/\/www.hydraulic-cylinders.net\/wp-content\/uploads\/2025\/01\/songte-cylinder-head-with-all-kinds-excavator-models.webp\" alt=\"Volvo ratasekskavaatori EW60C \u00f5\u00f5tssilinder (pilt)\"><\/p>\n<p>Tihendus ja m\u00e4\u00e4rimine<\/p>\n<p>Kasutatakse mitmesuguseid tihenduselemente, n\u00e4iteks kolvitihendeid ja varrastihendeid, ning valitakse kulumiskindlad materjalid, nagu pol\u00fcuretaan ja nitriilkummi. Silindri korpus ja keermeotsa pind on peenelt t\u00f6\u00f6deldud, et parandada kulumiskindlust. H\u00fcdraulikas\u00fcsteemi normaalse t\u00f6\u00f6 tagamiseks on vaja silindrit regulaarselt m\u00e4\u00e4rida sobiva koguse h\u00fcdraulika\u00f5liga.<\/p>\n<p>Hooldus ja ettevaatusabin\u00f5ud<\/p>\n<p>Masina normaalse t\u00f6\u00f6 tagamiseks on vajalik \u00f5\u00f5tshoova silindri regulaarne kontroll ja hooldus. M\u00f5ned ettevaatusabin\u00f5ud on j\u00e4rgmised:<\/p>\n<p>\u2013 Kontrollige regulaarselt h\u00fcdraulika\u00f5li taset ja kvaliteeti, et \u00f5li vastaks n\u00f5uetele.<\/p>\n<p>\u2013 Kontrollige silindri korpust ja kolvivarda kulumise ja kahjustuste suhtes ning vahetage need \u00f5igeaegselt v\u00e4lja.<\/p>\n<p>\u2013 Kontrollige tihendeid kahjustuste ja lekete suhtes ning vahetage need \u00f5igeaegselt v\u00e4lja.<\/p>\n<p>\u2013 Puhastage silindri korpust ja kolvivarda regulaarselt mustusest ja prahist.<\/p>\n<p>\u2013 J\u00e4rgige tootja hooldus- ja remondijuhiseid.<\/p>\n<p>Paigaldusjuhend<\/p>\n<p>Silindripea paigaldamise sammud on j\u00e4rgmised:<\/p>\n<p>\u2013 Valmistage ette paigalduskoht ja t\u00f6\u00f6riistad.<\/p>\n<p>\u2013 Asetage silinder kinnituspinnale ja joondage poldiaugud.<\/p>\n<p>\u2013 Pingutage poldid etten\u00e4htud p\u00f6\u00f6rdemomendini.<\/p>\n<p>\u2013 \u00dchendage h\u00fcdraulikavoolikud ja liitmikud.<\/p>\n<p>\u2013 T\u00e4itke h\u00fcdraulikas\u00fcsteem soovitatud h\u00fcdraulika\u00f5liga.<\/p>\n<p>\u2013 Kontrollige silindrit lekete ja n\u00f5uetekohase t\u00f6\u00f6 suhtes.<\/p>\n<p><img decoding=\"async\" src=\"https:\/\/www.hydraulic-cylinders.net\/wp-content\/uploads\/2025\/01\/songte-bushings-with-all-kinds-of-excavator-models.webp\" alt=\"Volvo ratasekskavaatori EW60C \u00f5\u00f5tssilinder (pilt)\"><\/p>\n<p>Ohutuskaalutlused ja keskkonnategurid<\/p>\n<p>K\u00e4epideme paigaldamise ja kasutamise ajal tuleb j\u00e4rgida ohutusmeetmeid. M\u00f5ned ohutusmeetmed h\u00f5lmavad j\u00e4rgmist:<\/p>\n<p>\u2013 Kandke kaitsevahendeid, n\u00e4iteks kindaid ja kaitseprille.<\/p>\n<p>\u2013 Vigastuste v\u00e4ltimiseks kasutage sobivaid t\u00f5steseadmeid.<\/p>\n<p>\u2013 Olge h\u00fcdraulikas\u00fcsteemide l\u00e4hedal t\u00f6\u00f6tades ettevaatlik, et v\u00e4ltida k\u00f5rgsurvevedelikust tulenevaid vigastusi.<\/p>\n<p>\u2013 Ohutu kasutamise tagamiseks j\u00e4rgige tootja juhiseid.<\/p>\n<p>K\u00e4epideme valmistamisel ja valimisel tuleb arvestada ka keskkonnateguritega, nagu temperatuur, niiskus ja korrosioon.<\/p>\n<p>Veaotsing ja levinud probleemid<\/p>\n<p>M\u00f5ned levinud probleemid \u00f5\u00f5tshoova silindriga on lekked, kulumine ja tihendite, silindri ja kolvivarda kahjustused. J\u00e4rgnevalt on toodud m\u00f5ned n\u00e4pun\u00e4ited nende probleemide t\u00f5rkeotsinguks ja lahendamiseks:<\/p>\n<p>\u2013 Kontrollige h\u00fcdraulika\u00f5li taset ja kvaliteeti ning vajadusel lisage v\u00f5i vahetage \u00f5li.<\/p>\n<p>\u2013 Kontrollige tihendeid kahjustuste ja lekete suhtes ning vahetage need \u00f5igeaegselt v\u00e4lja.<\/p>\n<p>\u2013 Kontrollige silindri korpust ja kolvivarda kulumise ja kahjustuste suhtes ning vahetage need \u00f5igeaegselt v\u00e4lja.<\/p>\n<p>\u2013 Kontrollige h\u00fcdraulikavoolikuid ja liitmikke lekete ja kahjustuste suhtes ning vahetage need \u00f5igeaegselt v\u00e4lja.<\/p>\n<p>Ennetavad meetmed, nagu regulaarne kontroll ja hooldus, aitavad minimeerida v\u00f5imalikke probleeme ja pikendada \u00f5\u00f5tshoova silindri eluiga.<\/p>\n<p><img decoding=\"async\" src=\"https:\/\/www.hydraulic-cylinders.net\/wp-content\/uploads\/2025\/01\/songte-chushion-collar.webp\" alt=\"Volvo ratasekskavaatori EW60C \u00f5\u00f5tssilinder (pilt)\"><\/p>\n<p>Ettev\u00f5tte tutvustus<\/p>\n<p>Oleme professionaalne alternatiivsete h\u00fcdrosilindrite tootja laia tootevalikuga. Oleme saanud \u00fcheks juhtivaks h\u00fcdrosilindrite tootjaks ja hulgim\u00fc\u00fcjaks nii sise- kui ka rahvusvahelisel turul. Peame alati kinni suurep\u00e4rase kvaliteedi p\u00f5him\u00f5ttest, tuginedes industrialiseeritud tootmisjuhtimise strateegiatele, ning t\u00e4iustame pidevalt oma tehnilist taset ja tootmise efektiivsust. Tipptasemel digitaalsete tootmisseadmete ja professionaalsete testimiss\u00fcsteemide juurutamise kaudu optimeerime pidevalt tootmisplatvormi, t\u00e4iustame oma toodete kvaliteedikontrolli protsessi ning omame tugevat innovatsiooniv\u00f5imet. Meie eesm\u00e4rk on rahuldada oma klientide mitmekesiseid vajadusi suure efektiivsuse, t\u00e4psuse ja k\u00f5rgete kvaliteedip\u00f5him\u00f5tete abil.<\/p>\n<p>Meie ettev\u00f5te pakub professionaalseid kohandamisteenuseid ning meie tooted on l\u00e4binud rahvusvahelised sertifikaadid, n\u00e4iteks CE ja ISO9001. Meil \u200b\u200bon t\u00e4iustatud tootmisseadmed ja testimisseadmed, n\u00e4iteks CNC-treipingid, t\u00f6\u00f6tlemiskeskused ja h\u00fcdrauliliste silindrite testimisseadmed. Meie m\u00fc\u00fcgij\u00e4rgne teenindus on samuti suurep\u00e4rane, pakkudes klientidele \u00f5igeaegset ja t\u00f5husat tehnilist tuge ja hooldusteenuseid.<\/p>\n<p><img decoding=\"async\" src=\"https:\/\/www.hydraulic-cylinders.net\/wp-content\/uploads\/2025\/01\/songte-company-4.webp\" alt=\"Volvo ratasekskavaatori EW60C \u00f5\u00f5tssilinder (pilt)\"><br \/>\n<img decoding=\"async\" src=\"https:\/\/www.hydraulic-cylinders.net\/wp-content\/uploads\/2025\/01\/songte-company-3.webp\" alt=\"Volvo ratasekskavaatori EW60C \u00f5\u00f5tssilinder (pilt)\"><\/p>\n<p>Autor: lyl.<\/p>","protected":false},"excerpt":{"rendered":"<p>Arm Cylinder for Volvo Wheel Excavator EW60C Introduction Arm cylinder is a specialized hydraulic cylinder designed to provide linear motion and power to the arms of various types of machinery, such as excavators, cranes, and mechanical arms. The arm cylinder plays a crucial role in the hydraulic system, allowing attachments or accessories to move and [&hellip;]<\/p>","protected":false},"featured_media":14766,"comment_status":"open","ping_status":"closed","template":"","meta":{"_et_pb_use_builder":"","_et_pb_old_content":"","_et_gb_content_width":""},"product_brand":[],"product_cat":[1497],"product_tag":[1498,1496],"class_list":{"0":"post-16342","1":"product","2":"type-product","3":"status-publish","4":"has-post-thumbnail","6":"product_cat-arm-cylinders","7":"product_tag-arm-cylinders","8":"product_tag-hydraulic-cylinders","10":"first","11":"instock","12":"shipping-taxable","13":"product-type-simple"},"amp_enabled":true,"_links":{"self":[{"href":"https:\/\/www.hydraulic-cylinders.net\/et\/wp-json\/wp\/v2\/product\/16342","targetHints":{"allow":["GET"]}}],"collection":[{"href":"https:\/\/www.hydraulic-cylinders.net\/et\/wp-json\/wp\/v2\/product"}],"about":[{"href":"https:\/\/www.hydraulic-cylinders.net\/et\/wp-json\/wp\/v2\/types\/product"}],"replies":[{"embeddable":true,"href":"https:\/\/www.hydraulic-cylinders.net\/et\/wp-json\/wp\/v2\/comments?post=16342"}],"wp:featuredmedia":[{"embeddable":true,"href":"https:\/\/www.hydraulic-cylinders.net\/et\/wp-json\/wp\/v2\/media\/14766"}],"wp:attachment":[{"href":"https:\/\/www.hydraulic-cylinders.net\/et\/wp-json\/wp\/v2\/media?parent=16342"}],"wp:term":[{"taxonomy":"product_brand","embeddable":true,"href":"https:\/\/www.hydraulic-cylinders.net\/et\/wp-json\/wp\/v2\/product_brand?post=16342"},{"taxonomy":"product_cat","embeddable":true,"href":"https:\/\/www.hydraulic-cylinders.net\/et\/wp-json\/wp\/v2\/product_cat?post=16342"},{"taxonomy":"product_tag","embeddable":true,"href":"https:\/\/www.hydraulic-cylinders.net\/et\/wp-json\/wp\/v2\/product_tag?post=16342"}],"curies":[{"name":"wp","href":"https:\/\/api.w.org\/{rel}","templated":true}]}}