{"id":16380,"date":"2025-01-20T09:10:43","date_gmt":"2025-01-20T09:10:43","guid":{"rendered":"https:\/\/www.hydraulic-cylinders.net\/product\/arm-cylinderfor-sany-large-excavator-sy365\/"},"modified":"2025-01-20T09:10:45","modified_gmt":"2025-01-20T09:10:45","slug":"arm-cylinderfor-sany-large-excavator-sy365","status":"publish","type":"product","link":"https:\/\/www.hydraulic-cylinders.net\/et\/toode\/arm-cylinderfor-sany-large-excavator-sy365\/","title":{"rendered":"Sany suure ekskavaatori SY365 k\u00e4sivarre silinder"},"content":{"rendered":"<p>Sany suure ekskavaatori SY365 \u00f5\u00f5tsilinder \u2013 k\u00f5ik, mida peate teadma<\/p>\n<h2>Sissejuhatus<\/h2>\n<h3>Toote m\u00e4\u00e4ratlus<\/h3>\n<p>H\u00fcdrovarre silinder on spetsiaalselt konstrueeritud h\u00fcdrauliline silinder, mida kasutatakse peamiselt lineaarse liikumise ja j\u00f5u tagamiseks erinevat t\u00fc\u00fcpi masinate, n\u00e4iteks ekskavaatorite, kraanade ja robotk\u00e4sivarte k\u00e4sivartele. H\u00fcdrovarre silindritel on h\u00fcdraulikas\u00fcsteemides kriitiline roll, v\u00f5imaldades t\u00e4iendavate t\u00f6\u00f6riistade v\u00f5i lisaseadmete liikumist ja t\u00f5husat juhtimist. Need silindrid mitte ainult ei taga sujuvat liikumist, vaid taluvad ka suuri koormusi, tagades masinate t\u00f5husa t\u00f6\u00f6 ja t\u00f6\u00f6kindluse erinevates t\u00f6\u00f6tingimustes. <\/p>\n<p><img decoding=\"async\" src=\"https:\/\/www.hydraulic-cylinders.net\/wp-content\/uploads\/2025\/01\/songte-company-2.webp\"><\/p>\n<h3>Toote omadused<\/h3>\n<p>Sany suure ekskavaatori SY365 \u00f5lavarresilindril on j\u00e4rgmised omadused:<\/p>\n<ul>\n<li><strong>Suure efektiivsusega ajam:<\/strong> K\u00e4e silindrid pakuvad v\u00f5imsat lineaarset liikumist ja j\u00f5udu, tagades mehaanilise k\u00e4e suure j\u00f5udlusega t\u00f6\u00f6 erinevates toimingutes.<\/li>\n<li><strong>T\u00e4pne kontroll:<\/strong> K\u00e4epideme silindrid v\u00f5imaldavad h\u00fcdrauliliste s\u00fcsteemide abil saavutada t\u00e4pse liikumise juhtimise, muutes lisat\u00f6\u00f6riistade kasutamise paindlikumaks ja t\u00e4psemaks.<\/li>\n<li><strong>Vastupidav:<\/strong> K\u00e4epideme silindrid on tavaliselt valmistatud \u00fclitugevatest materjalidest, millel on hea kulumiskindlus ja korrosioonikindlus, mist\u00f5ttu need sobivad pikaajaliseks kasutamiseks karmides keskkondades.<\/li>\n<li><strong>Mitmeotstarbeline kohanemisv\u00f5ime:<\/strong> Neid silindreid saab laialdaselt kasutada erinevate mehaaniliste seadmete, n\u00e4iteks ekskavaatorite, kraanade ja robotk\u00e4te puhul, kohandudes erinevate t\u00f6\u00f6n\u00f5uetega.<\/li>\n<li><strong>Lihtne hooldus:<\/strong> Projekteerimisel on arvestatud hoolduse ja asendamise lihtsusega, muutes regulaarse kontrolli ja hoolduse mugavamaks ning v\u00e4hendades seadmete seisakuid.<\/li>\n<\/ul>\n<p>Me saame seda toodet toota ja see saab neid h\u00fcdraulilisi silindreid ideaalselt asendada.<\/p>\n<p><img decoding=\"async\" src=\"https:\/\/www.hydraulic-cylinders.net\/wp-content\/uploads\/2025\/01\/songte-oil-pipes-and-spare-parts.webp\"><\/p>\n<h3>Toote rakendused<\/h3>\n<p>Sany suure ekskavaatori SY365 \u00f5lasilindrit saab kasutada erinevates t\u00f6\u00f6stusharudes ja stsenaariumides:<\/p>\n<h4>Ehitus<\/h4>\n<p>Ekskavaatorites ja kraanades juhivad poomi v\u00f5i kopa liikumist poomisilindrid, v\u00f5imaldades mullat\u00f6id, materjalide k\u00e4itlemist ja konstruktsioonide paigaldamist.<\/p>\n<h4>Tootmine<\/h4>\n<p>Automatiseeritud tootmisliinidel juhivad k\u00e4sivarresilindrid robotk\u00e4sivarte liikumist, teostades montaa\u017ei-, keevitus- ja k\u00e4sitsemis\u00fclesandeid, suurendades efektiivsust ja t\u00e4psust.<\/p>\n<h4>P\u00f5llumajandustehnika<\/h4>\n<p>P\u00f5llumajandusmasinates, n\u00e4iteks kombainides ja istutusmasinates, juhivad \u00f5\u00f5tshoobade liikumist \u00f5\u00f5tshoovade abil, t\u00e4ites selliseid \u00fclesandeid nagu k\u00fclvamine, v\u00e4etamine ja koristamine.<\/p>\n<h4>Kaevandamine<\/h4>\n<p>Kaevandusseadmetes juhivad \u00f5lasilindrid kaevandusseadmete \u00f5la liikumist, teostades kaevandamist ja mineraalide transporti.<\/p>\n<h4>Logistika ja transport<\/h4>\n<p>Kahvelt\u00f5stukites ja robotites juhivad k\u00e4sisilindrid lasti t\u00f5stmist ja liikumist, teostades materjalide k\u00e4itlemist ja virnastamist.<\/p>\n<h3>Toote disaini kaalutlused ja valikustandardid<\/h3>\n<p>Projekteerimiskaalutlustest l\u00e4htuvalt peavad Sany suure ekskavaatori SY365 \u00f5\u00f5tshoova silindril olema j\u00e4rgmised omadused:<\/p>\n<ul>\n<li><strong>Kandev\u00f5ime:<\/strong> K\u00e4epideme silindril peab olema piisav tugevus, et toetada seadme ja selle kantava koorma kaalu.<\/li>\n<li><strong>Tihendus:<\/strong> Silindri tihendusefekti tagamiseks, h\u00fcdraulika\u00f5li lekke v\u00e4ltimiseks ja silindri kasutusea tagamiseks kasutatakse mitmesuguseid tihenduselemente, nagu kolvitihendid, vardatihendid jne.<\/li>\n<li><strong>Vastupidavus:<\/strong> Silinder peab olema valmistatud kvaliteetsetest materjalidest, et tagada selle vastupidavus, taluma k\u00f5rget r\u00f5hku ja k\u00f5rget temperatuuri ning olema vastupidav h\u00f5\u00f5rdumisele ja korrosioonile.<\/li>\n<li><strong>Ohutus:<\/strong> Ballooni tuleb ohutult kasutada, v\u00e4ltides rikkeid ja \u00f5nnetusi ning tagades seadmete ja personali ohutuse.<\/li>\n<li><strong>Hooldatavus:<\/strong> Silindrit peab olema lihtne hooldada ja parandada, v\u00e4hendades seadmete seisakuid, hoolduskulusid ning tagades seadmete pikaajalise t\u00f6\u00f6.<\/li>\n<\/ul>\n<p><img decoding=\"async\" src=\"https:\/\/www.hydraulic-cylinders.net\/wp-content\/uploads\/2025\/01\/songte-cylinder-head-with-all-kinds-excavator-models.webp\"><\/p>\n<h3>Toote tihendamine ja m\u00e4\u00e4rimine<\/h3>\n<p>Silindri tihendusefekti tagamiseks, h\u00fcdraulika\u00f5li lekke v\u00e4ltimiseks ja silindri kasutusea tagamiseks kasutatakse mitmesuguseid tihenduselemente, nagu kolvitihendid, vardatihendid jne. Tihenduselemendid on valmistatud kulumiskindlatest materjalidest, nagu pol\u00fcuretaan ja nitriilkummi. <\/p>\n<p>Silindri korpus ja keermestatud otsapind l\u00e4bivad t\u00e4pse t\u00f6\u00f6tluse, mis parandab nende kulumiskindlust. Sujuva t\u00f6\u00f6 tagamiseks ja silindri kasutusea pikendamiseks on vajalik regulaarne m\u00e4\u00e4rimine sobiva koguse h\u00fcdraulika\u00f5liga.<\/p>\n<h3>Regulaarne kontroll ja ennetavad hooldusmeetmed<\/h3>\n<p>Sany suure ekskavaatori SY365 poomi silindrit tuleb regulaarselt kontrollida ja ennetavalt hooldada, sealhulgas:<\/p>\n<ul>\n<li>Tihenduselementide regulaarne kontroll ja vahetamine.<\/li>\n<li>Kolvivarraste ja silindrite regulaarne kontroll ja vahetamine.<\/li>\n<li>H\u00fcdraulika\u00f5li regulaarne kontroll ja vahetus.<\/li>\n<li>Kahjustatud komponentide, n\u00e4iteks mutrite, poltide jms regulaarne vahetamine.<\/li>\n<li>K\u00f5ikide \u00fchenduste ja kinnitusdetailide regulaarne pingutamine.<\/li>\n<\/ul>\n<h3>Toote paigaldusjuhend<\/h3>\n<p>Sany suure ekskavaatori SY365 poomisilindri paigaldamine n\u00f5uab professionaalseid oskusi ja tehnikaid. Palun j\u00e4rgige alltoodud samme:<\/p>\n<ol>\n<li>Eemaldage vana silinder masinast ettevaatlikult ja ohutult.<\/li>\n<li>Puhastage kinnituspind ja veenduge, et see oleks sile ning rooste- ja prahivaba.<\/li>\n<li>Paigaldage uus \u00f5\u00f5tshoova silinder ja pingutage polte vastavalt tootja juhistele.<\/li>\n<li>\u00dchendage h\u00fcdraulikavoolikud ja kontrollige lekete olemasolu.<\/li>\n<li>Enne masinal kasutamist kontrollige poomi silindri t\u00f6\u00f6d.<\/li>\n<\/ol>\n<p><img decoding=\"async\" src=\"https:\/\/www.hydraulic-cylinders.net\/wp-content\/uploads\/2025\/01\/songte-bushings-with-all-kinds-of-excavator-models.webp\"><\/p>\n<h3>Tooteohutuse kaalutlused ja keskkonnategurid<\/h3>\n<p>K\u00e4epidemega silindri kasutamisel j\u00e4rgige rangelt ohutusn\u00f5udeid ja -juhiseid. Vajadusel kandke kaitsevarustust, n\u00e4iteks kindaid, kaitseprille ja kiivrit. \u00c4rge \u00fcletage silindri maksimaalset kandev\u00f5imet ning v\u00e4ltige \u00fclekoormust ja j\u00e4rske l\u00f6\u00f6ke.<\/p>\n<p>Sany suure ekskavaatori SY365 poomi silinder on keskkonnas\u00f5bralik toode, mis on valmistatud taaskasutatavatest materjalidest ning loodud t\u00f5husaks ja energias\u00e4\u00e4stlikuks t\u00f6\u00f6ks. See vastab rahvusvahelistele keskkonnanormidele ja -standarditele.<\/p>\n<h3>Toote rikete diagnoosimine ja levinud probleemid<\/h3>\n<p>Sany suure ekskavaatori SY365 \u00f5\u00f5tshoova silindri levinumad vead ja probleemid on j\u00e4rgmised:<\/p>\n<ul>\n<li>\u00d5lileke<\/li>\n<li>M\u00fcra t\u00f6\u00f6tamise ajal<\/li>\n<li>Aeglane liikumine v\u00f5i liikumise puudumine<\/li>\n<li>Liigne vibratsioon<\/li>\n<li>Ebapiisav v\u00f5imsus v\u00f5i j\u00f5ud<\/li>\n<\/ul>\n<h3>N\u00e4pun\u00e4ited ja lahendused rikete k\u00e4sitlemiseks<\/h3>\n<p>Silindripea probleemide korral j\u00e4rgige alltoodud n\u00f5uandeid:<\/p>\n<ul>\n<li>Kontrollige h\u00fcdraulikas\u00fcsteemi \u00f5lilekke v\u00f5i ummistuste suhtes ja vajadusel vahetage h\u00fcdraulika\u00f5li.<\/li>\n<li>Kontrollige tihenduselementide kahjustusi v\u00f5i kulumist ja vajadusel vahetage need v\u00e4lja.<\/li>\n<li>Kontrollige kolvivarda ja silindri korpuse kahjustusi ja vajadusel vahetage need v\u00e4lja.<\/li>\n<li>Kontrollige h\u00fcdraulikavoolikute ja -\u00fchenduste lekkeid ning vajadusel parandage v\u00f5i vahetage need v\u00e4lja.<\/li>\n<li>Kontrollige kinnitusvahendeid ja pingutage neid vajadusel.<\/li>\n<\/ul>\n<h3>Ettev\u00f5ttest<\/h3>\n<p>Oleme professionaalne asendush\u00fcdrauliliste silindrite tootja, mis on spetsialiseerunud mitmesugustele toodetele ning on saanud \u00fcheks juhtivaks h\u00fcdrosilindrite tootjaks ja hulgim\u00fc\u00fcjaks nii sise- kui ka rahvusvahelisel turul. Peame alati kinni kvaliteedi tipptaseme p\u00f5him\u00f5ttest, tugineme peentootmist\u00f6\u00f6kodade t\u00f6\u00f6stusliku tootmise juhtimise strateegiale, t\u00e4iustame pidevalt tehnoloogia taset ja tootmise efektiivsust. Tipptasemel digitaalsete tootmisseadmete ja professionaalsete testimiss\u00fcsteemide kasutuselev\u00f5tuga optimeerime pidevalt tootmisplatvormi, t\u00e4iustame toote kvaliteedikontrolli protsessi ning omame tugevat innovatsiooniv\u00f5imet. Meie eesm\u00e4rk on rahuldada klientide mitmekesiseid vajadusi, tuginedes efektiivsuse, t\u00e4psuse ja k\u00f5rge kvaliteedi p\u00f5him\u00f5tetele.<\/p>\n<p><img decoding=\"async\" src=\"https:\/\/www.hydraulic-cylinders.net\/wp-content\/uploads\/2025\/01\/songte-company-4.webp\"><br \/>\n<img decoding=\"async\" src=\"https:\/\/www.hydraulic-cylinders.net\/wp-content\/uploads\/2025\/01\/songte-company-3.webp\"><\/p>\n<h3>Meie teenused<\/h3>\n<ul>\n<li><strong>Professionaalsus:<\/strong> Meil on kogenud inseneride ja tehnikute meeskond, kes pakub professionaalset ja igak\u00fclgset tuge.<\/li>\n<li><strong>Rahvusvaheline sertifitseerimine:<\/strong> Meie tooted vastavad rahvusvahelistele standarditele ja sertifikaatidele, nagu ISO9001, CE ja ROHS.<\/li>\n<li><strong>Kohandamine:<\/strong> Pakume kohandatud teenuseid vastavalt klientide n\u00f5uetele, sealhulgas suurusele, materjalidele ja muudele spetsifikatsioonidele.<\/li>\n<li><strong>Tootmisseadmed:<\/strong> Meil on t\u00e4iustatud seadmed, nagu CNC-treipingid, freespingid ja lihvimismasinad, et tagada t\u00e4pne ja t\u00f5hus tootmine.<\/li>\n<li><strong>M\u00fc\u00fcgij\u00e4rgne teenindus:<\/strong> Pakume kvaliteetset m\u00fc\u00fcgij\u00e4rgset teenindust, mis h\u00f5lmab tehnilist tuge, tootegarantiid ja remonditeenuseid.<\/li>\n<\/ul>\n<h3>Kokkuv\u00f5te<\/h3>\n<p>Kokkuv\u00f5tteks v\u00f5ib \u00f6elda, et Sany suure ekskavaatori SY365 poomi silinder on h\u00fcdraulikas\u00fcsteemides kriitilise t\u00e4htsusega komponent, mis tagab mehaanilisele poomile lineaarse liikumise ja v\u00f5imsuse, v\u00f5imaldades mitmesuguseid toiminguid erinevates t\u00f6\u00f6stusharudes ja stsenaariumides. T\u00e4nu oma k\u00f5rgele efektiivsusele, t\u00e4psele juhtimisele, vastupidavusele, multifunktsionaalsele kohandatavusele ja lihtsale hooldusele on see muutunud masinaehituses oluliseks tooteks. Professionaalse asendush\u00fcdrosilindrite tootjana p\u00fc\u00fcdleme alati tipptaseme poole ning pakume kvaliteetseid tooteid ja teenuseid, et rahuldada oma klientide mitmekesiseid vajadusi. <\/p>\n<p><em>Autor: lyl<\/em><\/p>","protected":false},"excerpt":{"rendered":"<p>Arm Cylinder for Sany Large Excavator SY365 &#8211; All You Need to Know Introduction Product Definition An arm cylinder is a specially designed hydraulic cylinder used primarily to provide linear motion and power to various types of machinery&#8217;s arm, such as excavators, cranes, and robotic arms. Arm cylinders play a critical role in hydraulic systems, [&hellip;]<\/p>","protected":false},"featured_media":14772,"comment_status":"open","ping_status":"closed","template":"","meta":{"_et_pb_use_builder":"","_et_pb_old_content":"","_et_gb_content_width":""},"product_brand":[],"product_cat":[1497],"product_tag":[1498,1496],"class_list":{"0":"post-16380","1":"product","2":"type-product","3":"status-publish","4":"has-post-thumbnail","6":"product_cat-arm-cylinders","7":"product_tag-arm-cylinders","8":"product_tag-hydraulic-cylinders","10":"first","11":"instock","12":"shipping-taxable","13":"product-type-simple"},"amp_enabled":true,"_links":{"self":[{"href":"https:\/\/www.hydraulic-cylinders.net\/et\/wp-json\/wp\/v2\/product\/16380","targetHints":{"allow":["GET"]}}],"collection":[{"href":"https:\/\/www.hydraulic-cylinders.net\/et\/wp-json\/wp\/v2\/product"}],"about":[{"href":"https:\/\/www.hydraulic-cylinders.net\/et\/wp-json\/wp\/v2\/types\/product"}],"replies":[{"embeddable":true,"href":"https:\/\/www.hydraulic-cylinders.net\/et\/wp-json\/wp\/v2\/comments?post=16380"}],"wp:featuredmedia":[{"embeddable":true,"href":"https:\/\/www.hydraulic-cylinders.net\/et\/wp-json\/wp\/v2\/media\/14772"}],"wp:attachment":[{"href":"https:\/\/www.hydraulic-cylinders.net\/et\/wp-json\/wp\/v2\/media?parent=16380"}],"wp:term":[{"taxonomy":"product_brand","embeddable":true,"href":"https:\/\/www.hydraulic-cylinders.net\/et\/wp-json\/wp\/v2\/product_brand?post=16380"},{"taxonomy":"product_cat","embeddable":true,"href":"https:\/\/www.hydraulic-cylinders.net\/et\/wp-json\/wp\/v2\/product_cat?post=16380"},{"taxonomy":"product_tag","embeddable":true,"href":"https:\/\/www.hydraulic-cylinders.net\/et\/wp-json\/wp\/v2\/product_tag?post=16380"}],"curies":[{"name":"wp","href":"https:\/\/api.w.org\/{rel}","templated":true}]}}