{"id":16382,"date":"2025-01-20T09:11:00","date_gmt":"2025-01-20T09:11:00","guid":{"rendered":"https:\/\/www.hydraulic-cylinders.net\/product\/arm-cylinderfor-sany-large-excavator-sy880h-8\/"},"modified":"2025-01-20T09:11:02","modified_gmt":"2025-01-20T09:11:02","slug":"arm-cylinderfor-sany-large-excavator-sy880h-8","status":"publish","type":"product","link":"https:\/\/www.hydraulic-cylinders.net\/et\/toode\/arm-cylinderfor-sany-large-excavator-sy880h-8\/","title":{"rendered":"Sany suure ekskavaatori SY880H-8 k\u00e4sisilinder"},"content":{"rendered":"<p><!DOCTYPE html><br \/>\n<html><\/p>\n<p><head><br \/>\n    <title>Sany suure ekskavaatori SY880H-8 k\u00e4sisilinder<\/title><br \/>\n<\/head><\/p>\n<p><body><\/p>\n<h1>Sany suure ekskavaatori SY880H-8 k\u00e4sisilinder<\/h1>\n<h2>Definitsioon ja selgitus<\/h2>\n<p>\u00d5\u00f5tsilinder on spetsiaalselt loodud h\u00fcdrauliline silinder, mis tagab erinevate \u00f5lgade lineaarse liikumise ja j\u00f5u.<br \/>\n        masinad, n\u00e4iteks ekskavaatorid, kraanad ja mehaanilised k\u00e4sipuud. See m\u00e4ngib olulist rolli h\u00fcdraulikas\u00fcsteemides, v\u00f5imaldades<br \/>\n        lisat\u00f6\u00f6riistade v\u00f5i lisaseadmete sujuv liikumine ja juhtimine. Need silindrid mitte ainult ei taga sujuvat liikumist<br \/>\n        aga talub ka suuri koormusi, tagades masinate t\u00f5husa t\u00f6\u00f6 ja t\u00f6\u00f6kindluse erinevates t\u00f6\u00f6tingimustes<br \/>\n        tingimused.<\/p>\n<p>    <img decoding=\"async\" src=\"https:\/\/www.hydraulic-cylinders.net\/wp-content\/uploads\/2025\/01\/songte-company-2.webp\"><\/p>\n<h2>Omadused<\/h2>\n<ul>\n<li>\n<h3>Suure t\u00f5hususega \u00fclekanne<\/h3>\n<p>\u00d5\u00f5tsilinder tagab v\u00f5imsa lineaarse liikumise ja j\u00f5u, tagades suure efektiivsuse erinevates t\u00f6\u00f6tingimustes.<br \/>\n                operatsioonid.<\/p>\n<\/li>\n<li>\n<h3>T\u00e4pne kontroll<\/h3>\n<p>H\u00fcdraulilise s\u00fcsteemi kaudu v\u00f5imaldab \u00f5lavarre silinder t\u00e4pset liikumise juhtimist, muutes t\u00f6\u00f6 lihtsaks.<br \/>\n                t\u00e4iendavad t\u00f6\u00f6riistad on paindlikumad ja t\u00e4psemad.<\/p>\n<\/li>\n<li>\n<h3>Tugev vastupidavus<\/h3>\n<p>\u00d5\u00f5tshoova silindrid on tavaliselt valmistatud \u00fclitugevatest materjalidest, mis pakuvad suurep\u00e4rast kulumiskindlust ja korrosioonikindlust.<br \/>\n                vastupidavus, sobib pikaajaliseks kasutamiseks karmides tingimustes.<\/p>\n<\/li>\n<li>\n<h3>Multifunktsionaalne kohanemisv\u00f5ime<\/h3>\n<p>Neid silindreid saab laialdaselt kasutada erinevate masinate, n\u00e4iteks ekskavaatorite, kraanade ja mehaaniliste k\u00e4sipuude jaoks,<br \/>\n                kohanemine erinevate t\u00f6\u00f6n\u00f5uetega.<\/p>\n<\/li>\n<li>\n<h3>Lihtne hooldus<\/h3>\n<p>K\u00e4epideme silindri disain arvestab hoolduse ja vahetamise lihtsusega, muutes regulaarse kontrolli ja<br \/>\n                hooldus mugavamaks ja seadmete seisakuaja v\u00e4hendamiseks.<\/p>\n<\/li>\n<\/ul>\n<p>    <img decoding=\"async\" src=\"https:\/\/www.hydraulic-cylinders.net\/wp-content\/uploads\/2025\/01\/songte-oil-pipes-and-spare-parts.webp\"><\/p>\n<h2>Rakendused<\/h2>\n<ul>\n<li>\n<h3>Ehitustehnika<\/h3>\n<p>Ekskavaatorites ja kraanades kasutatakse \u00f5\u00f5tssilindrit \u00e4mbrite v\u00f5i poomide liikumise juhtimiseks mullat\u00f6\u00f6del,<br \/>\n                materjalide k\u00e4itlemine ja konstruktsioonide paigaldus.<\/p>\n<\/li>\n<li>\n<h3>T\u00f6\u00f6tlev t\u00f6\u00f6stus<\/h3>\n<p>Automatiseeritud tootmisliinidel kasutatakse \u00f5lasilindrit mehaaniliste \u00f5lavarte liigutamiseks, n\u00e4iteks montaa\u017eil,<br \/>\n                keevitus- ja k\u00e4sitsemisprotsessid, parandades tootmise efektiivsust ja t\u00e4psust.<\/p>\n<\/li>\n<li>\n<h3>P\u00f5llumajandustehnika<\/h3>\n<p>P\u00f5llumajandusmasinates, n\u00e4iteks kombainides ja k\u00fclvikutes, juhib \u00f5\u00f5tssilinder t\u00f6\u00f6\u00f5lgade liikumist.<br \/>\n                selliste \u00fclesannete jaoks nagu k\u00fclvamine, v\u00e4etamine ja koristamine.<\/p>\n<\/li>\n<li>\n<h3>Kaevandamine<\/h3>\n<p>Kaevandusseadmetes kasutatakse \u00f5lasilindrit kaevandusseadmete \u00f5la liikumise juhtimiseks, h\u00f5lbustades maagi kaevandamist<br \/>\n                kaevandamine ja transport.<\/p>\n<\/li>\n<li>\n<h3>Logistika ja transport<\/h3>\n<p>Kahvelt\u00f5stukites ja robotites kasutatakse kahvlite t\u00f5stmise ja liikumise juhtimiseks \u00f5lasilindrit, mis v\u00f5imaldab<br \/>\n                materjalide k\u00e4itlemine ja virnastamine.<\/p>\n<\/li>\n<\/ul>\n<h2>Projekteerimiskaalutlused ja valikukriteeriumid<\/h2>\n<ul>\n<li>\n<h3>Kandev\u00f5ime<\/h3>\n<p>K\u00e4epideme koormustaluvus on disaini seisukohalt \u00fclioluline. See peaks suutma hakkama saada<br \/>\n                vajalik kaal ja j\u00f5ud ilma rikke v\u00f5i liigse kulumiseta.<\/p>\n<\/li>\n<li>\n<h3>Tihendus<\/h3>\n<p>T\u00f5husa tihenduse tagamiseks kasutatakse mitmesuguseid tihenduskomponente, n\u00e4iteks kolvitihendeid ja vardatihendeid. Tihendid<br \/>\n                on valmistatud kulumiskindlatest materjalidest, n\u00e4iteks pol\u00fcuretaanist ja nitriilkummist. Silindri korpus ja keermestatud<br \/>\n                Otsad on peenelt t\u00f6\u00f6deldud, et parandada kulumiskindlust. Regulaarne m\u00e4\u00e4rimine h\u00fcdraulika\u00f5liga on vajalik<br \/>\n                tagage korralik m\u00e4\u00e4rimine.<\/p>\n<\/li>\n<li>\n<h3>Vastupidavus<\/h3>\n<p>K\u00e4epideme silindrid peaksid olema valmistatud kvaliteetsetest materjalidest ja l\u00e4bima ranged tootmisprotsessid, et tagada<br \/>\n                vastupidavus ja vastupidavus kulumisele ning korrosioonile.<\/p>\n<\/li>\n<li>\n<h3>Ohutus<\/h3>\n<p>\u00d5nnetuste v\u00e4ltimiseks ja operaatori turvalisuse tagamiseks tuleks k\u00e4sisilindrite konstruktsiooni lisada ohutusfunktsioonid.<br \/>\n                ohutus t\u00f6\u00f6tamise ajal.<\/p>\n<\/li>\n<li>\n<h3>Hooldus<\/h3>\n<p>Kangisilindrite konstruktsioonis tuleks arvestada lihtsa hoolduse ja remondiga, et minimeerida<br \/>\n                seisakuid ning h\u00f5lbustada regulaarseid kontrolle ja remonti.<\/p>\n<\/li>\n<\/ul>\n<p>    <img decoding=\"async\" src=\"https:\/\/www.hydraulic-cylinders.net\/wp-content\/uploads\/2025\/01\/songte-cylinder-head-with-all-kinds-excavator-models.webp\"><\/p>\n<h2>Regulaarne kontroll ja ennetav hooldus<\/h2>\n<ul>\n<li>Kontrollige regulaarselt \u00f5lasilindrit lekete, kulumise v\u00f5i kahjustuste suhtes.<\/li>\n<li>Kontrollige tihendeid ja vajadusel vahetage need v\u00e4lja.<\/li>\n<li>Tagage korralik m\u00e4\u00e4rimine, lisades sobiva koguse h\u00fcdraulika\u00f5li.<\/li>\n<li>Pingutage k\u00f5ik lahtised poldid v\u00f5i \u00fchendused.<\/li>\n<li>J\u00e4rgige tootja juhiseid hooldusintervallide ja -protseduuride kohta.<\/li>\n<\/ul>\n<h2>Toote paigaldusjuhend<\/h2>\n<p>1. Valmistage ette k\u00f5ik paigaldamiseks vajalikud t\u00f6\u00f6riistad ja seadmed.<\/p>\n<p>2. Veenduge, et ekskavaator on korralikult toestatud ja stabiilne.<\/p>\n<p>3. Asetage \u00f5lavarre silinder soovitud kohta, joondades kinnitusaugud.<\/p>\n<p>4. Kinnitage \u00f5lavarre silinder kindlalt sobivate poltide ja kinnitusdetailide abil.<\/p>\n<p>5. Kontrollige paigaldust \u00fcle, et n\u00e4ha, kas on lahtisi \u00fchendusi v\u00f5i joondusvigu.<\/p>\n<p>6. Enne ekskavaatori kasutamist kontrollige poomi silindrit, et veenduda selle n\u00f5uetekohases toimimises.<\/p>\n<p>    <img decoding=\"async\" src=\"https:\/\/www.hydraulic-cylinders.net\/wp-content\/uploads\/2025\/01\/songte-bushings-with-all-kinds-of-excavator-models.webp\"><\/p>\n<h2>Ohutuskaalutlused ja keskkonnategurid<\/h2>\n<p>K\u00e4esilindri kasutamisel on oluline j\u00e4rgida ohutusmeetmeid \u00f5nnetuste v\u00e4ltimiseks ja ohutuse tagamiseks.<br \/>\n        personali ja seadmete. Ohutusabin\u00f5ud peaksid h\u00f5lmama n\u00f5uetekohast v\u00e4lja\u00f5pet, kaitsevarustuse kandmist ja ohutusn\u00f5uete j\u00e4rgimist.<br \/>\n        kasutusjuhendid ja juhised.<\/p>\n<h2>Veaotsing ja levinud probleemid<\/h2>\n<ul>\n<li>\n<h3>Leke<\/h3>\n<p>V\u00f5imalikud p\u00f5hjused:<\/p>\n<ul>\n<li>Kulunud tihendid<\/li>\n<li>Kahjustatud silindri korpus<\/li>\n<li>Lahtised \u00fchendused<\/li>\n<\/ul>\n<p>Lahendus:<\/p>\n<ul>\n<li>Kontrollige ja vahetage kulunud tihendid v\u00e4lja<\/li>\n<li>Parandage v\u00f5i vahetage kahjustatud silindri korpus v\u00e4lja<\/li>\n<li>Pingutage k\u00f5ik lahtised \u00fchendused<\/li>\n<\/ul>\n<\/li>\n<li>\n<h3>Ebanormaalne m\u00fcra<\/h3>\n<p>V\u00f5imalikud p\u00f5hjused:<\/p>\n<ul>\n<li>Lahtised komponendid<\/li>\n<li>Ebapiisav m\u00e4\u00e4rimine<\/li>\n<\/ul>\n<p>Lahendus:<\/p>\n<ul>\n<li>Pingutage k\u00f5ik lahtised komponendid<\/li>\n<li>Tagage korralik m\u00e4\u00e4rimine<\/li>\n<\/ul>\n<\/li>\n<li>\n<h3>Aeglane v\u00f5i ebaj\u00e4rjekindel liikumine<\/h3>\n<p>V\u00f5imalikud p\u00f5hjused:<\/p>\n<ul>\n<li>H\u00fcdraulilise r\u00f5hu puudumine<\/li>\n<li>H\u00fcdraulikas\u00fcsteemi ummistus<\/li>\n<\/ul>\n<p>            <\/<\/p>","protected":false},"excerpt":{"rendered":"<p>Arm Cylinder For Sany Large Excavator SY880H-8 Arm Cylinder For Sany Large Excavator SY880H-8 Definition and Explanation Arm Cylinder is a specially designed hydraulic cylinder that provides linear motion and power to the arm of various machinery, such as excavators, cranes, and mechanical arms. It plays a crucial role in hydraulic systems, enabling the smooth [&hellip;]<\/p>","protected":false},"featured_media":14766,"comment_status":"open","ping_status":"closed","template":"","meta":{"_et_pb_use_builder":"","_et_pb_old_content":"","_et_gb_content_width":""},"product_brand":[],"product_cat":[1497],"product_tag":[1498,1496],"class_list":{"0":"post-16382","1":"product","2":"type-product","3":"status-publish","4":"has-post-thumbnail","6":"product_cat-arm-cylinders","7":"product_tag-arm-cylinders","8":"product_tag-hydraulic-cylinders","10":"first","11":"instock","12":"shipping-taxable","13":"product-type-simple"},"amp_enabled":true,"_links":{"self":[{"href":"https:\/\/www.hydraulic-cylinders.net\/et\/wp-json\/wp\/v2\/product\/16382","targetHints":{"allow":["GET"]}}],"collection":[{"href":"https:\/\/www.hydraulic-cylinders.net\/et\/wp-json\/wp\/v2\/product"}],"about":[{"href":"https:\/\/www.hydraulic-cylinders.net\/et\/wp-json\/wp\/v2\/types\/product"}],"replies":[{"embeddable":true,"href":"https:\/\/www.hydraulic-cylinders.net\/et\/wp-json\/wp\/v2\/comments?post=16382"}],"wp:featuredmedia":[{"embeddable":true,"href":"https:\/\/www.hydraulic-cylinders.net\/et\/wp-json\/wp\/v2\/media\/14766"}],"wp:attachment":[{"href":"https:\/\/www.hydraulic-cylinders.net\/et\/wp-json\/wp\/v2\/media?parent=16382"}],"wp:term":[{"taxonomy":"product_brand","embeddable":true,"href":"https:\/\/www.hydraulic-cylinders.net\/et\/wp-json\/wp\/v2\/product_brand?post=16382"},{"taxonomy":"product_cat","embeddable":true,"href":"https:\/\/www.hydraulic-cylinders.net\/et\/wp-json\/wp\/v2\/product_cat?post=16382"},{"taxonomy":"product_tag","embeddable":true,"href":"https:\/\/www.hydraulic-cylinders.net\/et\/wp-json\/wp\/v2\/product_tag?post=16382"}],"curies":[{"name":"wp","href":"https:\/\/api.w.org\/{rel}","templated":true}]}}