{"id":16383,"date":"2025-01-20T09:11:05","date_gmt":"2025-01-20T09:11:05","guid":{"rendered":"https:\/\/www.hydraulic-cylinders.net\/product\/arm-cylinderfor-sany-large-excavator-sy305c-9h\/"},"modified":"2025-01-20T09:11:07","modified_gmt":"2025-01-20T09:11:07","slug":"arm-cylinderfor-sany-large-excavator-sy305c-9h","status":"publish","type":"product","link":"https:\/\/www.hydraulic-cylinders.net\/et\/toode\/arm-cylinderfor-sany-large-excavator-sy305c-9h\/","title":{"rendered":"Sany suure ekskavaatori SY305C-9H k\u00e4sisilinder"},"content":{"rendered":"<h1>Sany suure ekskavaatori SY305C-9H k\u00e4sisilinder<\/h1>\n<h2>Sissejuhatus<\/h2>\n<p>H\u00fcdrovarda silinder on spetsiaalselt loodud h\u00fcdrauliline silinder, mida kasutatakse peamiselt lineaarse liikumise ja j\u00f5u tagamiseks erinevat t\u00fc\u00fcpi masinate, n\u00e4iteks ekskavaatorite, kraanade ja mehaaniliste hoobade hoovadele. H\u00fcdrovarda silinder m\u00e4ngib h\u00fcdraulikas\u00fcsteemis olulist rolli, v\u00f5imaldades lisat\u00f6\u00f6riistade v\u00f5i lisaseadmete t\u00f5husat liikumist ja juhtimist. Need silindrid mitte ainult ei taga sujuvat liikumist, vaid kannavad ka suuri koormusi, tagades seel\u00e4bi masinate t\u00f5husa t\u00f6\u00f6 ja t\u00f6\u00f6kindluse erinevates t\u00f6\u00f6tingimustes.<\/p>\n<p><img decoding=\"async\" src=\"https:\/\/www.hydraulic-cylinders.net\/wp-content\/uploads\/2025\/01\/songte-company-2.webp\"\/><\/p>\n<h2>Omadused<\/h2>\n<h3>Suure t\u00f5hususega ajam<\/h3>\n<p>K\u00e4epideme silinder suudab pakkuda v\u00f5imsat lineaarset liikumist ja j\u00f5udu, tagades mehaanilise k\u00e4e k\u00f5rge efektiivsuse erinevates toimingutes.<\/p>\n<h3>T\u00e4pne kontroll<\/h3>\n<p>H\u00fcdraulilise s\u00fcsteemi abil saab k\u00e4sivarre silinder saavutada t\u00e4pse liikumise juhtimise, muutes lisat\u00f6\u00f6riistade t\u00f6\u00f6 paindlikumaks ja t\u00e4psemaks.<\/p>\n<h3>Tugev vastupidavus<\/h3>\n<p>K\u00e4epideme silinder on tavaliselt valmistatud \u00fclitugevatest materjalidest, mis on kulumiskindlad ja korrosioonikindlad ning sobivad pikaajaliseks kasutamiseks karmides keskkondades.<\/p>\n<h3>Multifunktsionaalne kohanemisv\u00f5ime<\/h3>\n<p>Neid silindreid saab laialdaselt kasutada erinevat t\u00fc\u00fcpi mehaanilistes seadmetes, n\u00e4iteks ekskavaatorites, kraanades ja mehaanilistes k\u00e4sivartes, et t\u00e4ita erinevaid t\u00f6\u00f6n\u00f5udeid.<\/p>\n<h3>Lihtne hooldus<\/h3>\n<p>Lihtsaks hoolduseks ja vahetamiseks loodud \u00f5\u00f5tsilinder muudab regulaarse kontrolli ja hoolduse mugavamaks, v\u00e4hendades seadmete seisakuid.<\/p>\n<p><img decoding=\"async\" src=\"https:\/\/www.hydraulic-cylinders.net\/wp-content\/uploads\/2025\/01\/songte-oil-pipes-and-spare-parts.webp\"\/><\/p>\n<h2>Rakendused<\/h2>\n<h3>Ehitustehnika<\/h3>\n<p>Ekskavaatorites ja kraanades kasutatakse poomi silindrit kopa v\u00f5i poomi liikumise juhtimiseks mullat\u00f6\u00f6de, materjalide k\u00e4itlemise ja konstruktsioonide paigaldamise ajal.<\/p>\n<h3>Tootmine<\/h3>\n<p>Automatiseeritud tootmisliinidel kasutatakse \u00f5lasilindrit mehaaniliste \u00f5la liigutamiseks, et teostada montaa\u017ei-, keevitus- ja k\u00e4sitsemisprotsesse, parandades tootmise efektiivsust ja t\u00e4psust.<\/p>\n<h3>P\u00f5llumajandustehnika<\/h3>\n<p>P\u00f5llumajandusmasinates, n\u00e4iteks kombainides ja istutusmasinates, juhib \u00f5\u00f5tshoova silinder juhthoova liikumist selliste \u00fclesannete t\u00e4itmiseks nagu k\u00fclvamine, v\u00e4etise pealekandmine ja koristamine.<\/p>\n<h3>Kaevandamine<\/h3>\n<p>Kaevandusseadmetes kasutatakse k\u00e4sivarre silindrit kaevandusseadmete k\u00e4sivarre liikumise juhtimiseks maakide kaevandamiseks ja transportimiseks.<\/p>\n<h3>Logistika ja transport<\/h3>\n<p>Kahvelt\u00f5stukites ja robotites kasutatakse kahvliharude t\u00f5stmise ja liikumise juhtimiseks k\u00e4e silindrit materjalide k\u00e4itlemiseks ja virnastamiseks.<\/p>\n<p><img decoding=\"async\" src=\"https:\/\/www.hydraulic-cylinders.net\/wp-content\/uploads\/2025\/01\/songte-chushion-collar.webp\"\/><\/p>\n<h2>Projekteerimiskaalutlused ja valikukriteeriumid<\/h2>\n<h3>Kandev\u00f5ime<\/h3>\n<p>K\u00e4epideme silinder peab suutma kanda koorma raskust ja taluda t\u00f6\u00f6tamise ajal tekkivaid v\u00e4liseid j\u00f5ude.<\/p>\n<h3>Tihendus<\/h3>\n<p>K\u00e4epideme silindris kasutatakse vedeliku lekke ja saastumise v\u00e4ltimiseks mitmesuguseid tihenduselemente, n\u00e4iteks kolvitihendeid ja vardatihendeid, mis on valmistatud kulumiskindlatest materjalidest, n\u00e4iteks pol\u00fcuretaanist ja nitriilkummist.<\/p>\n<h3>Vastupidavus<\/h3>\n<p>K\u00e4epideme silinder peaks olema valmistatud \u00fclitugevatest materjalidest, mis on kulumis- ja korrosioonikindlad, et tagada pikaajaline kasutamine karmides keskkondades.<\/p>\n<h3>Ohutus<\/h3>\n<p>\u00d5husilindril peaksid olema ohutusfunktsioonid, n\u00e4iteks \u00fclekoormuskaitse ja avariipeatusfunktsioonid, et v\u00e4ltida \u00f5nnetusi ja tagada operaatori ohutus.<\/p>\n<h3>Hooldus<\/h3>\n<p>K\u00e4epideme silinder peaks olema konstrueeritud nii, et seda oleks lihtne hooldada, n\u00e4iteks tihendite ja muude komponentide lihtne lahtiv\u00f5tmine kontrollimiseks ja vahetamiseks.<\/p>\n<p><img decoding=\"async\" src=\"https:\/\/www.hydraulic-cylinders.net\/wp-content\/uploads\/2025\/01\/songte-cylinder-head-with-all-kinds-excavator-models.webp\"\/><\/p>\n<h2>Tihendus ja m\u00e4\u00e4rimine<\/h2>\n<p>\u00d5\u00f5tshoova silindris kasutatakse mitmesuguseid tihenduselemente, n\u00e4iteks kolvi- ja vardatihendeid, mis on valmistatud kulumiskindlatest materjalidest, n\u00e4iteks pol\u00fcuretaanist ja nitriilkummist, et v\u00e4ltida vedeliku lekkeid ja saastumist. Silindri korpus ja keermeotsa pind on peenelt t\u00f6\u00f6deldud, et parandada kulumiskindlust. \u00d5\u00f5tshoova silindri n\u00f5uetekohane t\u00f6\u00f6 tagamiseks tuleb seda regulaarselt h\u00fcdraulika\u00f5liga m\u00e4\u00e4rida.<\/p>\n<h2>Regulaarne kontroll ja ennetav hooldus<\/h2>\n<h3>Regulaarne kontroll<\/h3>\n<p>\u00d5\u00f5tshoova silindrit tuleks regulaarselt kontrollida, et tagada selle n\u00f5uetekohane t\u00f6\u00f6, keskendudes lekete, deformatsioonide ning lahtiste poltide ja mutrite kontrollimisele.<\/p>\n<h3>Ennetav hooldus<\/h3>\n<p>Seadmete rikete v\u00e4ltimiseks ja seisakute minimeerimiseks tuleks regulaarselt teha ennetavat hooldust. See h\u00f5lmab kulunud tihendite ja muude komponentide v\u00e4ljavahetamist ning \u00f5ige m\u00e4\u00e4rimise ja vedeliku taseme kontrollimist.<\/p>\n<p><img decoding=\"async\" src=\"https:\/\/www.hydraulic-cylinders.net\/wp-content\/uploads\/2025\/01\/songte-bushings-with-all-kinds-of-excavator-models.webp\"\/><\/p>\n<h2>Paigaldusjuhend<\/h2>\n<p>Enne poomi silindri paigaldamist veenduge, et seade on korralikult toestatud ja kinnitatud. Paigaldage silinder \u00f5igesse asendisse, tagades \u00f5ige joonduse tihvtiavadega. Pingutage poldid ja mutrid vastavalt etten\u00e4htud p\u00f6\u00f6rdemomendi v\u00e4\u00e4rtustele. \u00dchendage h\u00fcdraulikavoolikud ja liitmikud, veendudes keermete \u00f5iges haarduvuses ja pingutuses. L\u00f5puks kontrollige silindri n\u00f5uetekohast toimimist ja lekete olemasolu.<\/p>\n<h2>Ohutuskaalutlused ja keskkonnategurid<\/h2>\n<p>Seadmete k\u00e4sitsemisel k\u00e4sisilindriga tuleks \u00f5nnetuste v\u00e4ltimiseks v\u00f5tta ohutusmeetmeid, n\u00e4iteks kanda kaitseriietust ja v\u00e4ltida seadmete \u00fclekoormamist. Samuti tuleks arvestada keskkonnateguritega, nagu temperatuur ja niiskus, ning seadet tuleks kasutada etten\u00e4htud keskkonnatingimustes.<\/p>\n<h2>Vea diagnoosimine ja levinud probleemid<\/h2>\n<h3>Vea diagnoosimine<\/h3>\n<p>Common faults in the arm cylinder include leaks, insufficient force, and erratic motion. These faults can be diagnosed through visual inspection and testing of the cylinder&#8217;s components.<\/p>\n<h3>Levinud probleemid<\/h3>\n<p>H\u00fcdrovarda silindri levinud probleemide hulka kuuluvad kulunud tihendid, kahjustatud kolvivardad ja ummistunud h\u00fcdraulikavoolikud. Neid probleeme saab lahendada komponentide vahetamise ja h\u00fcdraulikas\u00fcsteemi puhastamisega.<\/p>\n<p><img decoding=\"async\" src=\"https:\/\/www.hydraulic-cylinders.net\/wp-content\/uploads\/2025\/01\/songte-company-4.webp\"\/><br \/>\n<img decoding=\"async\" src=\"https:\/\/www.hydraulic-cylinders.net\/wp-content\/uploads\/2025\/01\/songte-company-3.webp\"\/><\/p>\n<h2>Meist<\/h2>\n<p>Oleme professionaalne asendush\u00fcdrauliliste silindrite tootja, kellel on lai tootevalik. Oleme saanud \u00fcheks juhtivaks h\u00fcdrosilindrite tootjaks ja hulgim\u00fc\u00fcjaks nii sise- kui ka rahvusvahelisel turul. Peame alati kinni suurep\u00e4rase kvaliteedi p\u00f5him\u00f5ttest, tuginedes peentootmist\u00f6\u00f6koja industrialiseerimise tootmisjuhtimise strateegiale, t\u00e4iustades pidevalt oma tehnilist taset ja tootmise efektiivsust. Tipptasemel digitaalsete tootmisseadmete ja professionaalsete testimiss\u00fcsteemide kasutuselev\u00f5tuga optimeerime pidevalt tootmisplatvormi, t\u00e4iustame tootekvaliteedi kontrolli protsessi ning omame tugevat innovatsiooniv\u00f5imet. Meie eesm\u00e4rk on rahuldada oma klientide mitmekesiseid vajadusi suure efektiivsuse, t\u00e4psuse ja k\u00f5rge kvaliteediga.<\/p>\n<h3>Professionaalsus<\/h3>\n<p>Meil on professionaalsete inseneride ja tehnikute meeskond, kellel on rikkalik kogemus h\u00fcdrauliliste silindrite projekteerimisel ja tootmisel.<\/p>\n<h3>Rahvusvaheline sertifitseerimine<\/h3>\n<p>Meie tooted on sertifitseeritud rahvusvaheliste organisatsioonide poolt nagu ISO9001, CE ja RoHS, mis tagab nende kvaliteedi ja ohutuse.<\/p>\n<h3>Kohandamise teenused<\/h3>\n<p>Pakume klientide erivajaduste rahuldamiseks kohandamisteenuseid, sealhulgas suuruse, kuju ja materjali osas.<\/p>\n<h3>Tootmisseadmed<\/h3>\n<p>Meil on t\u00e4iustatud tootmisseadmed, nagu CNC-treipingid, freespingid ja keevitusmasinad, et tagada t\u00f5hus ja t\u00e4pne tootmine.<\/p>\n<h3>M\u00fc\u00fcgij\u00e4rgne teenindus<\/h3>\n<p>Pakume igak\u00fclgset m\u00fc\u00fcgij\u00e4rgset teenindust, mis h\u00f5lmab tehnilist tuge, garantiid ja hooldust.<\/p>\n<p>Autor: lyl.<\/p>","protected":false},"excerpt":{"rendered":"<p>Arm Cylinder For Sany Large Excavator SY305C-9H Introduction The arm cylinder is a specifically designed hydraulic cylinder that is mainly used to provide linear motion and power to the arms of various types of machinery, such as excavators, cranes, and mechanical arms. The arm cylinder plays a crucial role in the hydraulic system, allowing for [&hellip;]<\/p>","protected":false},"featured_media":14763,"comment_status":"open","ping_status":"closed","template":"","meta":{"_et_pb_use_builder":"","_et_pb_old_content":"","_et_gb_content_width":""},"product_brand":[],"product_cat":[1497],"product_tag":[1498,1496],"class_list":{"0":"post-16383","1":"product","2":"type-product","3":"status-publish","4":"has-post-thumbnail","6":"product_cat-arm-cylinders","7":"product_tag-arm-cylinders","8":"product_tag-hydraulic-cylinders","10":"first","11":"instock","12":"shipping-taxable","13":"product-type-simple"},"amp_enabled":true,"_links":{"self":[{"href":"https:\/\/www.hydraulic-cylinders.net\/et\/wp-json\/wp\/v2\/product\/16383","targetHints":{"allow":["GET"]}}],"collection":[{"href":"https:\/\/www.hydraulic-cylinders.net\/et\/wp-json\/wp\/v2\/product"}],"about":[{"href":"https:\/\/www.hydraulic-cylinders.net\/et\/wp-json\/wp\/v2\/types\/product"}],"replies":[{"embeddable":true,"href":"https:\/\/www.hydraulic-cylinders.net\/et\/wp-json\/wp\/v2\/comments?post=16383"}],"wp:featuredmedia":[{"embeddable":true,"href":"https:\/\/www.hydraulic-cylinders.net\/et\/wp-json\/wp\/v2\/media\/14763"}],"wp:attachment":[{"href":"https:\/\/www.hydraulic-cylinders.net\/et\/wp-json\/wp\/v2\/media?parent=16383"}],"wp:term":[{"taxonomy":"product_brand","embeddable":true,"href":"https:\/\/www.hydraulic-cylinders.net\/et\/wp-json\/wp\/v2\/product_brand?post=16383"},{"taxonomy":"product_cat","embeddable":true,"href":"https:\/\/www.hydraulic-cylinders.net\/et\/wp-json\/wp\/v2\/product_cat?post=16383"},{"taxonomy":"product_tag","embeddable":true,"href":"https:\/\/www.hydraulic-cylinders.net\/et\/wp-json\/wp\/v2\/product_tag?post=16383"}],"curies":[{"name":"wp","href":"https:\/\/api.w.org\/{rel}","templated":true}]}}