{"id":16386,"date":"2025-01-20T09:11:17","date_gmt":"2025-01-20T09:11:17","guid":{"rendered":"https:\/\/www.hydraulic-cylinders.net\/product\/arm-cylinderfor-sany-large-excavator-sy485h-9\/"},"modified":"2025-01-20T09:11:19","modified_gmt":"2025-01-20T09:11:19","slug":"arm-cylinderfor-sany-large-excavator-sy485h-9","status":"publish","type":"product","link":"https:\/\/www.hydraulic-cylinders.net\/et\/toode\/arm-cylinderfor-sany-large-excavator-sy485h-9\/","title":{"rendered":"Sany suure ekskavaatori SY485H-9 k\u00e4sisilinder"},"content":{"rendered":"<h1>Sany suure ekskavaatori SY485H-9 k\u00e4sisilinder<\/h1>\n<h2>Sissejuhatus<\/h2>\n<h3>K\u00e4sisilindri m\u00e4\u00e4ratlus<\/h3>\n<p>H\u00fcdrovarre silinder on spetsiaalselt konstrueeritud h\u00fcdrauliline silinder, mida kasutatakse peamiselt lineaarse liikumise ja j\u00f5u tagamiseks erinevat t\u00fc\u00fcpi masinate, n\u00e4iteks ekskavaatorite, kraanade ja robotk\u00e4te k\u00e4epidemetele. H\u00fcdrovarre silindritel on h\u00fcdraulikas\u00fcsteemides oluline roll, v\u00f5imaldades t\u00e4iendavaid t\u00f6\u00f6riistu v\u00f5i lisaseadmeid t\u00f5husalt liigutada ja juhtida. Need silindrid mitte ainult ei taga sujuvat liikumist, vaid taluvad ka suuri koormusi, tagades masinate t\u00f5husa t\u00f6\u00f6 ja t\u00f6\u00f6kindluse erinevates t\u00f6\u00f6tingimustes.<\/p>\n<p><img decoding=\"async\" src=\"https:\/\/www.hydraulic-cylinders.net\/wp-content\/uploads\/2025\/01\/songte-company-2.webp\"><\/p>\n<h3>K\u00e4epideme silindri omadused<\/h3>\n<ul>\n<li><strong>T\u00f5hus j\u00f5u\u00fclekanne:<\/strong> K\u00e4e silindrid suudavad pakkuda v\u00f5imsat lineaarset liikumist ja j\u00f5udu, tagades robotk\u00e4e suure efektiivsuse erinevates toimingutes.<\/li>\n<li><strong>T\u00e4pne kontroll:<\/strong> H\u00fcdraulilise s\u00fcsteemi abil saavad k\u00e4sivarre silindrid saavutada t\u00e4pse liikumise juhtimise, muutes lisat\u00f6\u00f6riistade t\u00f6\u00f6 paindlikumaks ja t\u00e4psemaks.<\/li>\n<li><strong>Tugev vastupidavus:<\/strong> K\u00e4epideme silindrid on tavaliselt valmistatud \u00fclitugevatest materjalidest ning neil on hea kulumis- ja korrosioonikindlus, mist\u00f5ttu sobivad need pikaajaliseks kasutamiseks karmides keskkondades.<\/li>\n<li><strong>Mitmeotstarbeline kohanemisv\u00f5ime:<\/strong> Neid silindreid saab laialdaselt kasutada erinevat t\u00fc\u00fcpi masinates, n\u00e4iteks ekskavaatorites, kraanades ja robotk\u00e4tes, kohandudes erinevate t\u00f6\u00f6vajadustega.<\/li>\n<li><strong>Lihtne hooldus:<\/strong> Projekteerimisel on arvestatud hoolduse ja asendamise lihtsusega, mis muudab regulaarse kontrolli ja hoolduse mugavamaks ning v\u00e4hendab seadmete seisakuid.<\/li>\n<\/ul>\n<p>Samuti saame seda toodet toota ja meie toode saab neid h\u00fcdrosilindreid ideaalselt asendada.<\/p>\n<p><img decoding=\"async\" src=\"https:\/\/www.hydraulic-cylinders.net\/wp-content\/uploads\/2025\/01\/songte-oil-pipes-and-spare-parts.webp\"><\/p>\n<h2>K\u00e4epideme silindri rakendused<\/h2>\n<p>K\u00e4epidemetel on mitmek\u00fclgsed rakendused erinevates t\u00f6\u00f6stusharudes:<\/p>\n<ul>\n<li><strong>Ehitustehnika:<\/strong> Ekskavaatorites ja kraanades kasutatakse poomisilindreid koppade v\u00f5i poomide liikumise juhtimiseks, mullat\u00f6\u00f6deks, materjalide k\u00e4itlemiseks ja konstruktsioonide paigaldamiseks.<\/li>\n<li><strong>T\u00f6\u00f6tlev t\u00f6\u00f6stus:<\/strong> Automatiseeritud tootmisliinidel kasutatakse robotk\u00e4sivarte liigutamiseks, montaa\u017ei-, keevitus- ja k\u00e4sitsemisprotsesside teostamiseks k\u00e4sisilindreid, parandades tootmise efektiivsust ja t\u00e4psust.<\/li>\n<li><strong>P\u00f5llumajandusmasinad:<\/strong> P\u00f5llumajandusmasinates, n\u00e4iteks kombainides ja istutusmasinates, juhivad \u00f5\u00f5tssilindrid t\u00f6\u00f6\u00f5lgade liikumist, teostades k\u00fclvamise, v\u00e4etamise ja koristamise \u00fclesandeid.<\/li>\n<li><strong>Kaevandust\u00f6\u00f6stus:<\/strong> Kaevandusseadmetes kasutatakse kaevandusseadmete k\u00e4e liikumise juhtimiseks k\u00e4e silindreid, teostades kaevandamist ja maakide transporti.<\/li>\n<li><strong>Logistika ja transport:<\/strong> Kahvelt\u00f5stukites ja robotites kasutatakse kahvlite t\u00f5stmise ja liikumise juhtimiseks, materjalide k\u00e4itlemiseks ja virnastamiseks k\u00e4sisilindreid.<\/li>\n<\/ul>\n<h2>Projekteerimiskaalutlused ja valikustandardid<\/h2>\n<h3>Kandev\u00f5ime<\/h3>\n<p>Kandev\u00f5ime on poomisilindrite projekteerimisel kriitilise t\u00e4htsusega tegur. Silinder peab suutma taluda masina koormust, mille k\u00fclge see on kinnitatud, ja t\u00f6\u00f6riistade v\u00f5i lisaseadmete lisakoormust.<\/p>\n<h3>Tihendus<\/h3>\n<p>\u00d5\u00f5tshoova silindrite tihendamine m\u00e4ngib h\u00fcdros\u00fcsteemi \u00fcldise j\u00f5udluse seisukohalt olulist rolli. Sobivate tihendite, n\u00e4iteks kolvi- ja varrastihendite valik on oluline \u00f5lilekke v\u00e4ltimiseks ja silindri sujuva t\u00f6\u00f6 tagamiseks.<\/p>\n<h3>Vastupidavus<\/h3>\n<p>Karmides t\u00f6\u00f6keskkondades on oluline tegur \u00f5lasilindrite vastupidavus. Silinder peaks olema valmistatud kvaliteetsetest materjalidest, millel on korralik pinnat\u00f6\u00f6tlus, et parandada kulumiskindlust ja korrosioonikindlust.<\/p>\n<h3>Ohutus<\/h3>\n<p>\u00d5husilindrite ohutus tuleks projekteerimisprotsessis tagada, et v\u00e4ltida \u00f5nnetusi t\u00f6\u00f6tamise ajal. Silinder peaks olema konstrueeritud ohutusfunktsioonidega, nagu \u00fcler\u00f5huventiilid, turvalukud ja avariipeatused, et tagada ohutu t\u00f6\u00f6.<\/p>\n<h3>Hooldus<\/h3>\n<p>Silindri\u00f5la konstruktsioonil tuleks arvestada hoolduse ja osade vahetamise lihtsusega. Planeeritud hooldus ja kulunud osade \u00f5igeaegne vahetamine v\u00f5ivad minimeerida seisakuid ja pikendada silindri eluiga.<\/p>\n<p><img decoding=\"async\" src=\"https:\/\/www.hydraulic-cylinders.net\/wp-content\/uploads\/2025\/01\/songte-cylinder-head-with-all-kinds-excavator-models.webp\"><\/p>\n<h2>Tihendus ja m\u00e4\u00e4rimine<\/h2>\n<p>\u00d5li lekke v\u00e4ltimiseks ja sujuva t\u00f6\u00f6 tagamiseks kasutatakse \u00f5lasilindrites mitmesuguseid tihenduselemente, n\u00e4iteks kolvitihendeid ja vardatihendeid. Sobivate tihendusmaterjalide, n\u00e4iteks pol\u00fcuretaani ja nitriilkummi valik v\u00f5ib suurendada silindri kulumiskindlust, samas kui silindri korpuse ja keermeotsa pinna peent\u00f6\u00f6tlus v\u00f5ib parandada silindri kulumiskindlust.<\/p>\n<p>M\u00e4\u00e4rimine on samuti silindrite j\u00f5udluse seisukohalt kriitilise t\u00e4htsusega. Silindrile sobiva h\u00fcdraulika\u00f5li regulaarne lisamine v\u00f5ib parandada tihendusv\u00f5imet, v\u00e4hendada h\u00f5\u00f5rdumist ja v\u00e4ltida silindri kulumist.<\/p>\n<h2>Hooldus ja ettevaatusabin\u00f5ud<\/h2>\n<p>\u00d5\u00f5tshoova silindrite hea j\u00f5udluse tagamiseks on vaja regulaarset kontrolli ja ennetavat hooldust. Siin on m\u00f5ned hooldusmeetmed:<\/p>\n<ul>\n<li>Kontrollige regulaarselt \u00f5litaset ja kvaliteeti ning lisage v\u00f5i vahetage \u00f5li \u00f5igeaegselt.<\/li>\n<li>Kontrollige regulaarselt silindri tihendusv\u00f5imet ja vahetage kulunud tihendid \u00f5igeaegselt v\u00e4lja.<\/li>\n<li>Puhastage silindri pinda regulaarselt, et v\u00e4ltida tolmu ja lisandite sattumist silindrisse.<\/li>\n<li>Kontrollige regulaarselt kinnituspolte ja -mutreid ning pingutage neid vajadusel.<\/li>\n<\/ul>\n<p>Ennetavad meetmed:<\/p>\n<ul>\n<li>Silindri kahjustamise v\u00e4ltimiseks v\u00e4ltige selle \u00fclekoormamist.<\/li>\n<li>V\u00e4ltige silindri deformatsiooni v\u00f5i kahjustuste v\u00e4ltimiseks v\u00e4liste j\u00f5udude m\u00f5ju.<\/li>\n<li>Korrosiooni v\u00e4ltimiseks kaitske silindrit s\u00f6\u00f6vitava keskkonna eest.<\/li>\n<\/ul>\n<p><img decoding=\"async\" src=\"https:\/\/www.hydraulic-cylinders.net\/wp-content\/uploads\/2025\/01\/songte-chushion-collar.webp\"><\/p>\n<h2>Paigaldusjuhend<\/h2>\n<p>K\u00e4epidemete silindrite paigaldamine peaks toimuma j\u00e4rgmiste sammude kaupa:<\/p>\n<ol>\n<li>Valige masina n\u00f5uete kohaselt sobiv \u00f5\u00f5tsilinder ja valige sobiv paigaldusasend.<\/li>\n<li>Kontrollige masina ja silindri paigalduspinna tasasust ja puhtust ning eemaldage praht v\u00f5i \u00f5liplekid.<\/li>\n<li>Paigaldage silinder vastavalt paigaldusjuhistele ja p\u00f6\u00f6rake t\u00e4helepanu silindripea ja kolvivarda suunale.<\/li>\n<li>\u00dchendage h\u00fcdraulikavoolikud ja liitmikud vastavalt h\u00fcdraulika skeemile ja pingutage polte.<\/li>\n<li>Kontrollige silindri ja torude paigaldust lekete suhtes ja testige silindri t\u00f6\u00f6d.<\/li>\n<\/ol>\n<p><img decoding=\"async\" src=\"https:\/\/www.hydraulic-cylinders.net\/wp-content\/uploads\/2025\/01\/songte-bushings-with-all-kinds-of-excavator-models.webp\"><\/p>\n<h2>Ohutus- ja keskkonnakaalutlused<\/h2>\n<p>\u00d5ngesilindrite ohutus on t\u00f6\u00f6 ajal \u00f5nnetuste v\u00e4ltimiseks \u00fclioluline. Kasutajad peaksid ohu v\u00e4ltimiseks j\u00e4rgima ohutusjuhiseid ja masinat \u00f5igesti kasutama.<\/p>\n<p>Kangisilindrite kasutamisel ja hooldamisel tuleks arvestada ka keskkonnakaitsega. Kulunud osade regulaarne hooldus ja vahetamine aitab v\u00e4hendada \u00f5lilekkeid ja v\u00e4ltida keskkonnareostust.<\/p>\n<h2>Veaotsing ja levinud probleemid<\/h2>\n<p>\u00d5\u00f5tshoova silindrite levinud probleemide hulka kuuluvad \u00f5lileke, ebapiisav v\u00f5imsus ja ebanormaalne m\u00fcra. Siin on m\u00f5ned n\u00e4pun\u00e4ited probleemide diagnoosimiseks ja lahendamiseks:<\/p>\n<ul>\n<li>\u00d5li lekke korral kontrollige tihendeid ja vajadusel vahetage need v\u00e4lja.<\/li>\n<li>Kui v\u00f5imsus on ebapiisav, kontrollige, kas silinder on \u00fclekoormatud v\u00f5i kas h\u00fcdraulikaringlus on blokeeritud.<\/li>\n<li>Ebanormaalse m\u00fcra korral kontrollige silindrit ja h\u00fcdraulikaringlust kahjustuste v\u00f5i lahtiste osade suhtes.<\/li>\n<\/ul>\n<p>V\u00f5imalike probleemide v\u00e4ltimiseks peaksid kasutajad j\u00e4rgima eespool nimetatud hooldusmeetmeid ja ettevaatusabin\u00f5usid ning lahendama probleemid kohe, kui need ilmnevad.<\/p>\n<p><img decoding=\"async\" src=\"https:\/\/www.hydraulic-cylinders.net\/wp-content\/uploads\/2025\/01\/songte-company-4.webp\"><br \/>\n<img decoding=\"async\" src=\"https:\/\/www.hydraulic-cylinders.net\/wp-content\/uploads\/2025\/01\/songte-company-3.webp\"><\/p>\n<h2>Meist<\/h2>\n<p>Oleme professionaalne asendush\u00fcdrauliliste silindrite tootja laia tootevalikuga ning oleme saanud \u00fcheks juhtivaks h\u00fcdrosilindrite tootjaks ja hulgim\u00fc\u00fcjaks nii kodumaal kui ka rahvusvaheliselt. Peame alati kinni suurep\u00e4rase kvaliteedi p\u00f5him\u00f5ttest, tugineme keerukates tootmist\u00f6\u00f6kodades industrialiseeritud tootmise juhtimisstrateegiatele ning t\u00e4iustame pidevalt oma tehnoloogiat ja tootmise efektiivsust. Tipptasemel digitaalsete tootmisseadmete ja professionaalsete testimiss\u00fcsteemide kasutuselev\u00f5tuga optimeerime tootmisplatvormi, t\u00e4iustame tootekvaliteedi kontrolli protsessi ja omame tugevat innovatsiooniv\u00f5imet. Meie eesm\u00e4rk on rahuldada klientide mitmekesiseid vajadusi suure efektiivsuse, t\u00e4psuse ja k\u00f5rgete kvaliteedip\u00f5him\u00f5tete abil.<\/p>\n<h3>Professionaalsus<\/h3>\n<p>Meie meeskond koosneb kogenud spetsialistidest, kes on h\u00fcdrosilindrite valdkonnas tegutsenud aastaid. Meil \u200b\u200bon s\u00fcgav arusaam h\u00fcdrosilindrite turust ja klientide vajadustest ning me suudame pakkuda klientidele professionaalset ja t\u00f5husat teenust.<\/p>\n<h3>Rahvusvaheline sertifitseerimine<\/h3>\n<p>Meie h\u00fcdrosilindrid on l\u00e4binud rahvusvahelise sertifikaadi, sealhulgas CE, SGS ja ISO9001, mis tagab meie toodete k\u00f5rge kvaliteedi ja kasutajate ohutuse.<\/p>\n<h3>Kohandamise teenused<\/h3>\n<p>Pakume kohandatud h\u00fcdraulilisi silindreid vastavalt klientide n\u00f5udmistele, sealhulgas suurusele, materjalile ja pinnat\u00f6\u00f6tlusele, et rahuldada klientide mitmekesiseid vajadusi.<\/p>\n<h3>T\u00e4iustatud tootmisseadmed<\/h3>\n<p>Oleme oma tootmise t\u00e4psuse ja efektiivsuse parandamiseks ning toodete k\u00f5rge kvaliteedi tagamiseks kasutusele v\u00f5tnud t\u00e4iustatud tootmisseadmed, n\u00e4iteks CNC-t\u00f6\u00f6tluskeskused.<\/p>\n<h3>M\u00fc\u00fcgij\u00e4rgne teenindus<\/h3>\n<p>Meie m\u00fc\u00fcgij\u00e4rgse teeninduse meeskond pakub klientidele professionaalset ja \u00f5igeaegset tehnilist tuge ja abi, et tagada h\u00fcdrosilindrite t\u00f5rgeteta t\u00f6\u00f6.<\/p>\n<h4>Autor: lyl<\/h4>","protected":false},"excerpt":{"rendered":"<p>Arm Cylinder For Sany Large Excavator SY485H-9 Introduction Definition of Arm Cylinder An arm cylinder is a specially designed hydraulic cylinder used primarily to provide linear motion and power to the arms of various types of machinery, such as excavators, cranes, and robotic arms. Arm cylinders play a crucial role in hydraulic systems, allowing additional [&hellip;]<\/p>","protected":false},"featured_media":14783,"comment_status":"open","ping_status":"closed","template":"","meta":{"_et_pb_use_builder":"","_et_pb_old_content":"","_et_gb_content_width":""},"product_brand":[],"product_cat":[1497],"product_tag":[1498,1496],"class_list":{"0":"post-16386","1":"product","2":"type-product","3":"status-publish","4":"has-post-thumbnail","6":"product_cat-arm-cylinders","7":"product_tag-arm-cylinders","8":"product_tag-hydraulic-cylinders","10":"first","11":"instock","12":"shipping-taxable","13":"product-type-simple"},"amp_enabled":true,"_links":{"self":[{"href":"https:\/\/www.hydraulic-cylinders.net\/et\/wp-json\/wp\/v2\/product\/16386","targetHints":{"allow":["GET"]}}],"collection":[{"href":"https:\/\/www.hydraulic-cylinders.net\/et\/wp-json\/wp\/v2\/product"}],"about":[{"href":"https:\/\/www.hydraulic-cylinders.net\/et\/wp-json\/wp\/v2\/types\/product"}],"replies":[{"embeddable":true,"href":"https:\/\/www.hydraulic-cylinders.net\/et\/wp-json\/wp\/v2\/comments?post=16386"}],"wp:featuredmedia":[{"embeddable":true,"href":"https:\/\/www.hydraulic-cylinders.net\/et\/wp-json\/wp\/v2\/media\/14783"}],"wp:attachment":[{"href":"https:\/\/www.hydraulic-cylinders.net\/et\/wp-json\/wp\/v2\/media?parent=16386"}],"wp:term":[{"taxonomy":"product_brand","embeddable":true,"href":"https:\/\/www.hydraulic-cylinders.net\/et\/wp-json\/wp\/v2\/product_brand?post=16386"},{"taxonomy":"product_cat","embeddable":true,"href":"https:\/\/www.hydraulic-cylinders.net\/et\/wp-json\/wp\/v2\/product_cat?post=16386"},{"taxonomy":"product_tag","embeddable":true,"href":"https:\/\/www.hydraulic-cylinders.net\/et\/wp-json\/wp\/v2\/product_tag?post=16386"}],"curies":[{"name":"wp","href":"https:\/\/api.w.org\/{rel}","templated":true}]}}