{"id":16407,"date":"2025-01-20T09:13:00","date_gmt":"2025-01-20T09:13:00","guid":{"rendered":"https:\/\/www.hydraulic-cylinders.net\/product\/arm-cylinderfor-xcmg-large-excavator-xe500ca\/"},"modified":"2025-01-20T09:13:02","modified_gmt":"2025-01-20T09:13:02","slug":"arm-cylinderfor-xcmg-large-excavator-xe500ca","status":"publish","type":"product","link":"https:\/\/www.hydraulic-cylinders.net\/et\/toode\/arm-cylinderfor-xcmg-large-excavator-xe500ca\/","title":{"rendered":"XCMG suure ekskavaatori XE500CA k\u00e4sisilinder"},"content":{"rendered":"<p>XCMG suure ekskavaatori XE500CA \u00f5lavarre silinder<\/p>\n<p>Sissejuhatus<\/p>\n<p>H\u00fcdrovarre silinder on spetsiaalselt konstrueeritud h\u00fcdrauliline silinder, mida kasutatakse peamiselt lineaarse liikumise ja j\u00f5u tagamiseks erinevat t\u00fc\u00fcpi masinate, n\u00e4iteks ekskavaatorite, kraanade ja robotk\u00e4te k\u00e4epidemetele. H\u00fcdrovarre silinder m\u00e4ngib h\u00fcdraulikas\u00fcsteemis olulist rolli, v\u00f5imaldades kinnitatud t\u00f6\u00f6riistade v\u00f5i tarvikute t\u00f5husat liikumist ja juhtimist. Need silindrid mitte ainult ei taga sujuvat liikumist, vaid on v\u00f5imelised ka raskete koormate k\u00e4sitsemisega, tagades masinate t\u00f5husa t\u00f6\u00f6 ja t\u00f6\u00f6kindluse erinevates t\u00f6\u00f6tingimustes.<\/p>\n<p>Definitsioon ja selgitus<\/p>\n<p>\u00d5\u00f5tshoovasilindrid on h\u00fcdraulilised silindrid, mis pakuvad erinevat t\u00fc\u00fcpi masinate mehaanilistele \u00f5\u00f5tshoobadele v\u00f5imsat lineaarset liikumist ja j\u00f5udu. Need silindrid on valmistatud \u00fclitugevatest materjalidest, mis pakuvad head kulumis- ja korrosioonikindlust, mist\u00f5ttu sobivad need pikaajaliseks kasutamiseks karmides keskkondades. Silindrid on konstrueeritud h\u00f5lpsaks hooldamiseks ja vahetamiseks, muutes regulaarse kontrolli ja hoolduse mugavamaks ning v\u00e4hendades seadmete seisakuid.<\/p>\n<p><img loading=\"lazy\" decoding=\"async\" src=\"https:\/\/www.hydraulic-cylinders.net\/wp-content\/uploads\/2025\/01\/songte-company-2.webp\" alt=\"XCMG suure ekskavaatori XE500CA \u00f5lavarre silinder\" width=\"400\" height=\"267\"><\/p>\n<p>Omadused<\/p>\n<p>1. Suure efektiivsusega \u00fclekanne: \u00f5\u00f5tshoova silinder tagab v\u00f5imsa lineaarse liikumise ja j\u00f5u, tagades mehaanilise \u00f5\u00f5tsa k\u00f5rge t\u00f6\u00f6efektiivsuse erinevate toimingute ajal.<\/p>\n<p>2. T\u00e4pne juhtimine: H\u00fcdraulilise s\u00fcsteemi abil saab k\u00e4sivarre silinder saavutada t\u00e4pse liikumise juhtimise, muutes lisat\u00f6\u00f6riistade t\u00f6\u00f6 paindlikumaks ja t\u00e4psemaks.<\/p>\n<p>3. Tugev vastupidavus: \u00d5\u00f5tshoova silindrid on valmistatud \u00fclitugevatest materjalidest, mis pakuvad head kulumis- ja korrosioonikindlust, mist\u00f5ttu sobivad need pikaajaliseks kasutamiseks karmides keskkondades.<\/p>\n<p>4. Mitmeotstarbeline kohanemisv\u00f5ime: Neid silindreid saab laialdaselt kasutada erinevat t\u00fc\u00fcpi mehaanilistes seadmetes, n\u00e4iteks ekskavaatorites, kraanades ja robotk\u00e4tes, et t\u00e4ita erinevaid t\u00f6\u00f6n\u00f5udeid.<\/p>\n<p>5. Lihtne hooldus: \u00d5\u00f5tshoova silindrid on konstrueeritud h\u00f5lpsaks hoolduseks ja vahetamiseks, muutes regulaarse kontrolli ja hoolduse mugavamaks ning v\u00e4hendades seadmete seisakuid.<\/p>\n<p>Me saame seda toodet toota ja meie toode saab neid h\u00fcdrosilindreid ideaalselt asendada.<\/p>\n<p><img loading=\"lazy\" decoding=\"async\" src=\"https:\/\/www.hydraulic-cylinders.net\/wp-content\/uploads\/2025\/01\/songte-oil-pipes-and-spare-parts.webp\" alt=\"XCMG suure ekskavaatori XE500CA \u00f5lavarre silinder\" width=\"400\" height=\"267\"><\/p>\n<p>Rakendused<\/p>\n<p>1. Ehitustehnika: ekskavaatorites ja kraanades kasutatakse poomisilindreid koppade v\u00f5i poomide liikumise juhtimiseks, mullat\u00f6\u00f6deks, materjalide k\u00e4itlemiseks ja konstruktsioonide paigaldamiseks.<\/p>\n<p>2. T\u00f6\u00f6tlev t\u00f6\u00f6stus: Automatiseeritud tootmisliinidel kasutatakse mehaaniliste \u00f5lgade liigutamiseks, montaa\u017eiks, keevitamiseks ja materjalide k\u00e4itlemiseks \u00f5lasilindreid, parandades tootmise efektiivsust ja t\u00e4psust.<\/p>\n<p>3. P\u00f5llumajandustehnika: P\u00f5llumajandustehnikas, n\u00e4iteks kombainides ja istutusmasinates, juhivad \u00f5\u00f5tshoobade silindrid t\u00f6\u00f6\u00f5lgade liikumist, t\u00e4ites selliseid \u00fclesandeid nagu istutamine, v\u00e4etamine ja koristamine.<\/p>\n<p>4. M\u00e4et\u00f6\u00f6stus: Kaevandusseadmetes kasutatakse kaevandusseadmete kangide liikumise juhtimiseks \u00f5\u00f5tsilindreid, mis t\u00e4idavad selliseid \u00fclesandeid nagu kaevandamine ja materjalide k\u00e4itlemine.<\/p>\n<p>5. Logistika ja transport: Kahvelt\u00f5stukites ja robotites kasutatakse kahvlite t\u00f5stmise ja liikumise juhtimiseks, materjalide k\u00e4itlemiseks ja virnastamiseks k\u00e4sisilindreid.<\/p>\n<p>Projekteerimiskaalutlused ja valikukriteeriumid<\/p>\n<p>\u00d5\u00f5tshoova silindrid on konstrueeritud vastama erinevatele spetsifikatsioonidele ja n\u00f5uetele, nagu kandev\u00f5ime, tihendus, vastupidavus, ohutus ja hooldatavus. Siin on peamised projekteerimiskaalutlused ja valikukriteeriumid:<\/p>\n<p>1. Kandev\u00f5ime: \u00d5\u00f5tshoova silindrid on konstrueeritud taluma suuri koormusi ja nende kandev\u00f5ime s\u00f5ltub konkreetsest rakendusest.<\/p>\n<p>2. Tihendus: H\u00fcdraulilise vedeliku lekke v\u00e4ltimiseks kasutatakse \u00f5\u00f5tssilindrites mitmesuguseid tihenduskomponente, n\u00e4iteks kolvitihendeid ja vardatihendeid.<\/p>\n<p>3. Vastupidavus: \u00d5\u00f5tshoova silindrid on tavaliselt valmistatud \u00fclitugevatest materjalidest ja on loodud vastu pidama karmidele t\u00f6\u00f6keskkondadele.<\/p>\n<p>4. Ohutus: K\u00e4epidemega silindrid on konstrueeritud ohutuks kasutamiseks ning neil on sellised omadused nagu r\u00f5hualandusventiilid, mis takistavad \u00fcler\u00f5hu teket.<\/p>\n<p>5. Hooldatavus: \u00d5\u00f5tshoova silindrid on konstrueeritud h\u00f5lpsaks hooldamiseks ja vahetamiseks ning neil on sellised omadused nagu eemaldatavad otsakorgid, mis muudavad hoolduse ja vahetamise mugavamaks.<\/p>\n<p><img loading=\"lazy\" decoding=\"async\" src=\"https:\/\/www.hydraulic-cylinders.net\/wp-content\/uploads\/2025\/01\/songte-cylinder-head-with-all-kinds-excavator-models.webp\" alt=\"XCMG suure ekskavaatori XE500CA \u00f5lavarre silinder\" width=\"400\" height=\"267\"><\/p>\n<p>Tihendus ja m\u00e4\u00e4rimine<\/p>\n<p>H\u00fcdrovarraste silindrites kasutatakse h\u00fcdraulilise vedeliku lekke v\u00e4ltimiseks mitmesuguseid tihenduskomponente, n\u00e4iteks kolvitihendeid ja vardatihendeid. Tihendid on valmistatud kulumiskindlatest materjalidest, nagu pol\u00fcuretaan ja nitriilkummi, et tagada vastupidavus ja pikk kasutusiga. Silindri korpus ja keermestatud otsapinnad on t\u00f6\u00f6deldud kulumiskindluse parandamiseks. Silindrite m\u00e4\u00e4rimiseks on vaja piisavat h\u00fcdraulilist vedelikku ning optimaalse j\u00f5udluse s\u00e4ilitamiseks on vajalik regulaarne vedelikuvahetus.<\/p>\n<p>Hooldus ja ennetavad meetmed<\/p>\n<p>Regulaarne kontroll ja hooldus on \u00f5\u00f5tshoova silindrite n\u00f5uetekohaseks t\u00f6\u00f6ks h\u00e4davajalikud. Siin on m\u00f5ned hooldus- ja ennetusmeetmed:<\/p>\n<p>1. Kontrollige silindrit regulaarselt kahjustuste, lekete v\u00f5i kulumise suhtes.<\/p>\n<p>2. Kulunud v\u00f5i kahjustatud tihendid ja komponendid tuleb viivitamatult v\u00e4lja vahetada.<\/p>\n<p>3. Hoidke silindrit piisava \u00f5litusvedelikuga m\u00e4\u00e4rituna.<\/p>\n<p>4. Kontrollige ja vahetage regulaarselt h\u00fcdraulika\u00f5li.<\/p>\n<p>5. J\u00e4rgige tootja hooldusgraafikut ja juhiseid.<\/p>\n<p>Paigaldusjuhend<\/p>\n<p>\u00d5\u00f5tshoova silindrite \u00f5ige paigaldamine on optimaalse j\u00f5udluse ja ohutuse tagamiseks \u00fclioluline. Siin on m\u00f5ned paigaldusn\u00f5uanded:<\/p>\n<p>1. Veenduge, et silinder ja lisaseadmed on kindlalt kinnitatud.<\/p>\n<p>2. \u00dchendage h\u00fcdraulikavoolikud vastavalt tootja juhistele.<\/p>\n<p>3. Veenduge, et h\u00fcdraulika\u00f5li on puhas ja \u00f5igel tasemel.<\/p>\n<p>4. Enne kasutamist kontrollige silindri t\u00f6\u00f6korda.<\/p>\n<p>5. J\u00e4rgige tootja paigaldusjuhiseid ja ohutusn\u00f5udeid.<\/p>\n<p><img loading=\"lazy\" decoding=\"async\" src=\"https:\/\/www.hydraulic-cylinders.net\/wp-content\/uploads\/2025\/01\/songte-bushings-with-all-kinds-of-excavator-models.webp\" alt=\"XCMG suure ekskavaatori XE500CA \u00f5lavarre silinder\" width=\"400\" height=\"267\"><\/p>\n<p>Ohutuskaalutlused ja keskkonnategurid<\/p>\n<p>K\u00e4sisilindrid on konstrueeritud ohutuks kasutamiseks ning neil on sellised omadused nagu r\u00f5huvabastusventiilid, mis hoiavad \u00e4ra \u00fcler\u00f5hu. K\u00e4sisilindrite kasutamisel on oluline j\u00e4rgida ohutusjuhiseid, et v\u00e4ltida \u00f5nnetusi v\u00f5i vigastusi. Keskkonnategurid, nagu temperatuur, niiskus ja s\u00f6\u00f6vitavad ained, v\u00f5ivad m\u00f5jutada k\u00e4sisilindrite j\u00f5udlust ja vastupidavust. Silindrite pika kasutusea tagamiseks on vaja valida sobivad materjalid ja tihendid.<\/p>\n<p>Veaotsing ja levinud probleemid<\/p>\n<p>K\u00e4epideme silindritel v\u00f5ib esineda mitmesuguseid probleeme, n\u00e4iteks lekkeid, v\u00e4henenud j\u00f5udlust v\u00f5i kahjustusi. Siin on m\u00f5ned levinud probleemid ja t\u00f5rkeotsingu n\u00e4pun\u00e4ited:<\/p>\n<p>1. Leke: Kontrollige tihendeid ja vahetage need v\u00e4lja, kui need on kahjustatud v\u00f5i kulunud.<\/p>\n<p>2. V\u00e4henenud j\u00f5udlus: kontrollige h\u00fcdraulika\u00f5li taset ja kvaliteeti ning vajadusel vahetage see v\u00e4lja.<\/p>\n<p>3. Kahjustused: Kontrollige silindrit ja selle komponente kahjustuste suhtes ja vajadusel vahetage need v\u00e4lja.<\/p>\n<p>Ennetavad meetmed<\/p>\n<p>Siin on m\u00f5ned ennetavad meetmed silindrite probleemide ohu v\u00e4hendamiseks:<\/p>\n<p>1. J\u00e4rgige tootja hooldus- ja kasutussoovitusi.<\/p>\n<p>2. Kontrollige regulaarselt h\u00fcdraulika\u00f5li taset ja vajadusel vahetage see v\u00e4lja.<\/p>\n<p>3. Hoidke h\u00fcdros\u00fcsteem puhas ja saasteainetest vaba.<\/p>\n<p>Kokkuv\u00f5te<\/p>\n<p>Oleme professionaalne h\u00fcdrosilindrite tootja laia tootevalikuga ning oleme saanud \u00fcheks juhtivaks h\u00fcdrosilindrite tootjaks ja hulgim\u00fc\u00fcjaks nii sise- kui ka rahvusvahelisel turul. Peame alati kinni suurep\u00e4rase kvaliteedi p\u00f5him\u00f5ttest, tuginedes keeruka tootmist\u00f6\u00f6koja industrialiseeritud tootmisjuhtimise strateegiale, t\u00e4iustades pidevalt oma tehnoloogilist taset ja tootmise efektiivsust. Meie eesm\u00e4rk on rahuldada klientide mitmekesiseid vajadusi suure efektiivsuse, t\u00e4psuse ja k\u00f5rge kvaliteediga. Pakume klientide vajaduste rahuldamiseks professionaalseid teenuseid, rahvusvahelist sertifitseerimist, kohandatud teenuseid, tootmisseadmeid ja m\u00fc\u00fcgij\u00e4rgset teenindust.<\/p>","protected":false},"excerpt":{"rendered":"<p>Arm Cylinder for XCMG Large Excavator XE500CA Introduction An arm cylinder is a specially designed hydraulic cylinder that is primarily used to provide linear motion and power to the arms of various types of machinery, such as excavators, cranes, and robotic arms. The arm cylinder plays a crucial role in the hydraulic system, enabling the [&hellip;]<\/p>","protected":false},"featured_media":14779,"comment_status":"open","ping_status":"closed","template":"","meta":{"_et_pb_use_builder":"","_et_pb_old_content":"","_et_gb_content_width":""},"product_brand":[],"product_cat":[1497],"product_tag":[1498,1496],"class_list":{"0":"post-16407","1":"product","2":"type-product","3":"status-publish","4":"has-post-thumbnail","6":"product_cat-arm-cylinders","7":"product_tag-arm-cylinders","8":"product_tag-hydraulic-cylinders","10":"first","11":"instock","12":"shipping-taxable","13":"product-type-simple"},"amp_enabled":true,"_links":{"self":[{"href":"https:\/\/www.hydraulic-cylinders.net\/et\/wp-json\/wp\/v2\/product\/16407","targetHints":{"allow":["GET"]}}],"collection":[{"href":"https:\/\/www.hydraulic-cylinders.net\/et\/wp-json\/wp\/v2\/product"}],"about":[{"href":"https:\/\/www.hydraulic-cylinders.net\/et\/wp-json\/wp\/v2\/types\/product"}],"replies":[{"embeddable":true,"href":"https:\/\/www.hydraulic-cylinders.net\/et\/wp-json\/wp\/v2\/comments?post=16407"}],"wp:featuredmedia":[{"embeddable":true,"href":"https:\/\/www.hydraulic-cylinders.net\/et\/wp-json\/wp\/v2\/media\/14779"}],"wp:attachment":[{"href":"https:\/\/www.hydraulic-cylinders.net\/et\/wp-json\/wp\/v2\/media?parent=16407"}],"wp:term":[{"taxonomy":"product_brand","embeddable":true,"href":"https:\/\/www.hydraulic-cylinders.net\/et\/wp-json\/wp\/v2\/product_brand?post=16407"},{"taxonomy":"product_cat","embeddable":true,"href":"https:\/\/www.hydraulic-cylinders.net\/et\/wp-json\/wp\/v2\/product_cat?post=16407"},{"taxonomy":"product_tag","embeddable":true,"href":"https:\/\/www.hydraulic-cylinders.net\/et\/wp-json\/wp\/v2\/product_tag?post=16407"}],"curies":[{"name":"wp","href":"https:\/\/api.w.org\/{rel}","templated":true}]}}