{"id":16409,"date":"2025-01-20T09:13:16","date_gmt":"2025-01-20T09:13:16","guid":{"rendered":"https:\/\/www.hydraulic-cylinders.net\/product\/arm-cylinderfor-xcmg-large-excavator-xe370ca\/"},"modified":"2025-01-20T09:13:18","modified_gmt":"2025-01-20T09:13:18","slug":"arm-cylinderfor-xcmg-large-excavator-xe370ca","status":"publish","type":"product","link":"https:\/\/www.hydraulic-cylinders.net\/et\/toode\/arm-cylinderfor-xcmg-large-excavator-xe370ca\/","title":{"rendered":"XCMG suure ekskavaatori XE370CA k\u00e4sisilinder"},"content":{"rendered":"<p>XCMG suure ekskavaatori XE370CA \u00f5\u00f5tsilinder<\/p>\n<p>H\u00fcdrovarraste silinder on spetsiaalselt loodud h\u00fcdrauliline silinder, mida kasutatakse peamiselt lineaarse liikumise ja j\u00f5u tagamiseks erinevat t\u00fc\u00fcpi masinate, n\u00e4iteks ekskavaatorite, kraanade ja mehaaniliste hoobade hoobadele. H\u00fcdrovarraste silindritel on h\u00fcdraulikas\u00fcsteemides oluline roll, v\u00f5imaldades t\u00e4iendavate t\u00f6\u00f6riistade v\u00f5i lisaseadmete liikumist ja t\u00f5husat juhtimist. Need silindrid mitte ainult ei taga sujuvat liikumist, vaid taluvad ka suuri koormusi, tagades masinate t\u00f5husa t\u00f6\u00f6 ja t\u00f6\u00f6kindluse erinevates t\u00f6\u00f6tingimustes.<\/p>\n<p><img decoding=\"async\" src=\"https:\/\/www.hydraulic-cylinders.net\/wp-content\/uploads\/2025\/01\/songte-company-2.webp\" alt=\"K\u00e4e silinder\" \/><\/p>\n<p>K\u00e4epideme silindri omadused:<\/p>\n<p>1. Suure efektiivsusega ajam: \u00f5lasilindrid pakuvad v\u00f5imsat lineaarset liikumist ja j\u00f5udu, tagades mehaaniliste \u00f5lavarrede suure efektiivsuse erinevates toimingutes.<br \/>\n2. T\u00e4pne juhtimine: K\u00e4epideme silindrid v\u00f5imaldavad h\u00fcdrauliliste s\u00fcsteemide abil saavutada t\u00e4pse liikumise juhtimise, muutes lisat\u00f6\u00f6riistade t\u00f6\u00f6 paindlikumaks ja t\u00e4psemaks.<br \/>\n3. Tugev vastupidavus: K\u00e4epideme silindrid on tavaliselt valmistatud \u00fclitugevatest materjalidest, millel on hea kulumiskindlus ja korrosioonikindlus ning mis sobivad pikaajaliseks kasutamiseks karmides keskkondades.<br \/>\n4. Multifunktsionaalne kohanemisv\u00f5ime: Neid silindreid saab laialdaselt rakendada erinevat t\u00fc\u00fcpi masinatele, n\u00e4iteks ekskavaatoritele, kraanadele ja mehaanilistele k\u00e4sivartele, kohandudes erinevate t\u00f6\u00f6n\u00f5uetega.<br \/>\n5. Lihtne hooldus: Hoolduse ja vahetamise lihtsust silmas pidades loodud \u00f5lasilindrid muudavad regulaarse kontrolli ja hoolduse mugavamaks, v\u00e4hendades seadmete seisakuid.<\/p>\n<p>Meie toode saab neid h\u00fcdrosilindreid ideaalselt asendada.<\/p>\n<p><img decoding=\"async\" src=\"https:\/\/www.hydraulic-cylinders.net\/wp-content\/uploads\/2025\/01\/songte-oil-pipes-and-spare-parts.webp\" alt=\"Varuosad\" \/><\/p>\n<p>K\u00e4epideme silindri rakendused:<\/p>\n<p>1. Ehitus: Ekskavaatorites ja kraanades kasutatakse poomisilindreid labidate v\u00f5i poomide liikumise juhtimiseks mullat\u00f6\u00f6del, materjalide k\u00e4itlemisel ja konstruktsioonide paigaldamisel.<br \/>\n2. T\u00f6\u00f6tlev t\u00f6\u00f6stus: Automatiseeritud tootmisliinidel kasutatakse \u00f5lavarresilindreid mehaaniliste \u00f5lavarre liigutamiseks montaa\u017ei-, keevitus- ja k\u00e4sitsemisprotsessides, parandades tootmise efektiivsust ja t\u00e4psust.<br \/>\n3. P\u00f5llumajandusmasinad: P\u00f5llumajandusmasinates, n\u00e4iteks kombainides ja istutusmasinates, juhivad \u00f5\u00f5tshoobade silindrid t\u00f6\u00f6\u00f5lgade liikumist, t\u00e4ites selliseid \u00fclesandeid nagu istutamine, v\u00e4etamine ja koristamine.<br \/>\n4. Kaevandamine: Kaevandusseadmetes kasutatakse maagi kaevandamise ja k\u00e4itlemise kaevandusseadmete kaevandusvarraste liikumise juhtimiseks silindreid.<br \/>\n5. Logistika ja transport: Kahvelt\u00f5stukites ja robotites kasutatakse kahvlite t\u00f5stmise ja liikumise juhtimiseks, materjalide k\u00e4itlemiseks ja virnastamiseks k\u00e4sisilindreid.<\/p>\n<p>Projekteerimiskaalutlused ja valikukriteeriumid:<\/p>\n<p>1. Kandev\u00f5ime: \u00d5\u00f5tshoova silindrid peaksid suutma taluda maksimaalset koormust, millega nad t\u00f6\u00f6tamise ajal kokku puutuvad.<br \/>\n2. Tihendusv\u00f5ime: \u00d5\u00f5tshoova silindrid peaksid olema varustatud mitmesuguste tihenduskomponentidega, n\u00e4iteks kolvitihendite ja varrastihenditega, mis on valmistatud kulumiskindlatest materjalidest, n\u00e4iteks pol\u00fcuretaanist ja nitriilkummist, et tagada suurep\u00e4rane tihendusv\u00f5ime.<br \/>\n3. Vastupidavus: \u00d5\u00f5tshoova silindrid peaksid olema valmistatud \u00fclitugevatest materjalidest ja l\u00e4bima pinnat\u00f6\u00f6tluse, et parandada kulumiskindlust ja korrosioonikindlust.<br \/>\n4. Ohutus: K\u00e4epideme silindrid peaksid olema konstrueeritud nii, et need v\u00e4ldiksid \u00f5nnetusi ja tagaksid operaatori ohutuse t\u00f6\u00f6tamise ajal.<br \/>\n5. Hooldatavus: \u00d5\u00f5tshoova silindrid peaksid olema konstrueeritud nii, et neid oleks lihtne hooldada ja vahetada, v\u00e4hendades seadmete seisakuid ja hoolduskulusid.<\/p>\n<p><img decoding=\"async\" src=\"https:\/\/www.hydraulic-cylinders.net\/wp-content\/uploads\/2025\/01\/songte-cylinder-head-with-all-kinds-excavator-models.webp\" alt=\"Silindripea\" \/><\/p>\n<p>\u00d5\u00f5tshoova silindri tihendamine ja m\u00e4\u00e4rimine:<\/p>\n<p>\u00d5\u00f5tshoova silindrid peaksid olema varustatud mitmesuguste tihenduskomponentidega, n\u00e4iteks kolvi- ja varrastihenditega, mis on valmistatud kulumiskindlatest materjalidest, n\u00e4iteks pol\u00fcuretaanist ja nitriilkummist, et tagada suurep\u00e4rane tihendus. Silindrite korpused ja keermeotsad peaksid l\u00e4bima pinnat\u00f6\u00f6tluse, et parandada kulumiskindlust. \u00d5\u00f5tshoova silindritele tuleb m\u00e4\u00e4rimiseks regulaarselt lisada piisavas koguses h\u00fcdraulika\u00f5li.<\/p>\n<p>Regulaarsed kontrolli- ja ennetushooldusmeetmed:<\/p>\n<p>1. Kontrollige poomi silindrit lekete v\u00f5i kahjustuste suhtes ja vahetage kahjustatud osad \u00f5igeaegselt v\u00e4lja.<br \/>\n2. Puhastage regulaarselt poomi silindrit ja vahetage h\u00fcdraulika\u00f5li vastavalt tootja soovitustele.<br \/>\n3. Kontrollige h\u00fcdraulika\u00f5li taset ja lisage seda \u00f5igeaegselt.<br \/>\n4. Kontrollige regulaarselt tihendeid ja vajadusel vahetage need v\u00e4lja.<br \/>\n5. Kontrollige regulaarselt silindri korpust ja kolvivarda deformatsiooni v\u00f5i kahjustuste suhtes ning vajadusel vahetage need v\u00e4lja.<\/p>\n<p>\u00d5iged paigaldusjuhised:<\/p>\n<p>1. Enne paigaldamist lugege hoolikalt tootja poolt kaasasolevaid paigaldusjuhiseid.<br \/>\n2. Kontrollige \u00f5\u00f5tshoova silindri \u00fchilduvust paigaldatava seadmega ja veenduge, et paigaldusasend on \u00f5ige.<br \/>\n3. Kasutage \u00f5\u00f5tshoova silindri paigaldamiseks \u00f5igeid t\u00f6\u00f6riistu ja seadmeid ning veenduge, et k\u00f5ik kinnituspoldid on etten\u00e4htud p\u00f6\u00f6rdemomendiga pingutatud.<br \/>\n4. P\u00e4rast paigaldamist kontrollige poomi silindrit lekete suhtes ja tehke proovik\u00e4ivitus, et veenduda poomi silindri t\u00f5husas t\u00f6\u00f6s.<\/p>\n<p><img decoding=\"async\" src=\"https:\/\/www.hydraulic-cylinders.net\/wp-content\/uploads\/2025\/01\/songte-bushings-with-all-kinds-of-excavator-models.webp\" alt=\"Puksid\" \/><\/p>\n<p>Ohutuskaalutlused ja keskkonnategurid:<\/p>\n<p>K\u00e4epidemete k\u00e4itamisel on ohutusmeetmed h\u00e4davajalikud, et tagada operaatori ohutus. K\u00e4epidemete n\u00f5uetekohase t\u00f6\u00f6 tagamiseks tuleks arvesse v\u00f5tta ka keskkonnategureid, nagu temperatuur, niiskus ja tolm.<\/p>\n<p>Levinud rikete diagnoosimine ja t\u00f5rkeotsing:<\/p>\n<p>1. H\u00fcdraulika\u00f5li leke: kontrollige tihendeid ja vajadusel vahetage need v\u00e4lja.<br \/>\n2. Ebapiisav v\u00f5imsus: kontrollige h\u00fcdros\u00fcsteemi ja vahetage kahjustatud osad v\u00e4lja.<br \/>\n3. Ebanormaalne m\u00fcra: kontrollige mehaaniliste kahjustuste v\u00f5i deformatsiooni suhtes ja vahetage kahjustatud osad v\u00e4lja.<br \/>\n4. Aeglane liikumine: kontrollige h\u00fcdros\u00fcsteemi ja vahetage kahjustatud osad v\u00e4lja.<br \/>\n5. Vale kasutamine: Kontrollige kasutusjuhendit ja veenduge \u00f5iges t\u00f6\u00f6s.<\/p>\n<p>Veaotsingu n\u00e4pun\u00e4ited ja lahendused:<\/p>\n<p>1. H\u00fcdraulika\u00f5li lekke korral kontrollige tihendeid ja vajadusel vahetage need v\u00e4lja.<br \/>\n2. Ebapiisava v\u00f5imsuse korral kontrollige h\u00fcdros\u00fcsteemi ja vahetage kahjustatud osad v\u00e4lja.<br \/>\n3. Ebanormaalse m\u00fcra korral kontrollige mehaaniliste kahjustuste v\u00f5i deformatsiooni suhtes ning vahetage kahjustatud osad v\u00e4lja.<br \/>\n4. Aeglase liikumise korral kontrollige h\u00fcdros\u00fcsteemi ja vahetage kahjustatud osad v\u00e4lja.<br \/>\n5. Vale t\u00f6\u00f6 korral vaadake kasutusjuhendit ja veenduge, et seade t\u00f6\u00f6tab \u00f5igesti.<\/p>\n<p><img decoding=\"async\" src=\"https:\/\/www.hydraulic-cylinders.net\/wp-content\/uploads\/2025\/01\/songte-chushion-collar.webp\" alt=\"Kaelarihm\" \/><\/p>\n<p>Oleme professionaalne asendush\u00fcdrauliliste silindrite tootja laia tootevalikuga ning oleme saanud \u00fcheks juhtivaks h\u00fcdrauliliste silindrite tootjaks ja hulgim\u00fc\u00fcjaks nii sise- kui ka rahvusvahelisel turul. Peame alati kinni suurep\u00e4rase kvaliteedi p\u00f5him\u00f5ttest, tugineme keerukates tootmist\u00f6\u00f6kodades industrialiseeritud tootmise juhtimisstrateegiatele ning t\u00e4iustame pidevalt oma tehnilist taset ja tootmise efektiivsust. Tipptasemel digitaalsete tootmisseadmete ja professionaalsete testimiss\u00fcsteemide juurutamise kaudu optimeerime pidevalt tootmisplatvormi, t\u00e4iustame tootekvaliteedi kontrolli protsesse ning omame tugevat innovatsiooniv\u00f5imet. Meie eesm\u00e4rk on rahuldada klientide mitmekesiseid vajadusi suure efektiivsuse, t\u00e4psuse ja k\u00f5rgete kvaliteedip\u00f5him\u00f5tete abil.<\/p>\n<p>Meie ettev\u00f5te pakub professionaalseid teenuseid, nagu kohandamine, tootmisseadmed ja m\u00fc\u00fcgij\u00e4rgne teenindus.<\/p>\n<p><img decoding=\"async\" src=\"https:\/\/www.hydraulic-cylinders.net\/wp-content\/uploads\/2025\/01\/songte-company-4.webp\" alt=\"Ettev\u00f5te\" \/><br \/>\n<img decoding=\"async\" src=\"https:\/\/www.hydraulic-cylinders.net\/wp-content\/uploads\/2025\/01\/songte-company-3.webp\" alt=\"Ettev\u00f5te\" \/><\/p>\n<p>Autor: lyl<\/p>","protected":false},"excerpt":{"rendered":"<p>Arm Cylinder for XCMG Large Excavator XE370CA Arm cylinder is a specially designed hydraulic cylinder that is primarily used to provide linear motion and power to arms of various types of machinery such as excavators, cranes, and mechanical arms. Arm cylinders play a crucial role in hydraulic systems, allowing additional tools or attachments to move [&hellip;]<\/p>","protected":false},"featured_media":14774,"comment_status":"open","ping_status":"closed","template":"","meta":{"_et_pb_use_builder":"","_et_pb_old_content":"","_et_gb_content_width":""},"product_brand":[],"product_cat":[1497],"product_tag":[1498,1496],"class_list":{"0":"post-16409","1":"product","2":"type-product","3":"status-publish","4":"has-post-thumbnail","6":"product_cat-arm-cylinders","7":"product_tag-arm-cylinders","8":"product_tag-hydraulic-cylinders","10":"first","11":"instock","12":"shipping-taxable","13":"product-type-simple"},"amp_enabled":true,"_links":{"self":[{"href":"https:\/\/www.hydraulic-cylinders.net\/et\/wp-json\/wp\/v2\/product\/16409","targetHints":{"allow":["GET"]}}],"collection":[{"href":"https:\/\/www.hydraulic-cylinders.net\/et\/wp-json\/wp\/v2\/product"}],"about":[{"href":"https:\/\/www.hydraulic-cylinders.net\/et\/wp-json\/wp\/v2\/types\/product"}],"replies":[{"embeddable":true,"href":"https:\/\/www.hydraulic-cylinders.net\/et\/wp-json\/wp\/v2\/comments?post=16409"}],"wp:featuredmedia":[{"embeddable":true,"href":"https:\/\/www.hydraulic-cylinders.net\/et\/wp-json\/wp\/v2\/media\/14774"}],"wp:attachment":[{"href":"https:\/\/www.hydraulic-cylinders.net\/et\/wp-json\/wp\/v2\/media?parent=16409"}],"wp:term":[{"taxonomy":"product_brand","embeddable":true,"href":"https:\/\/www.hydraulic-cylinders.net\/et\/wp-json\/wp\/v2\/product_brand?post=16409"},{"taxonomy":"product_cat","embeddable":true,"href":"https:\/\/www.hydraulic-cylinders.net\/et\/wp-json\/wp\/v2\/product_cat?post=16409"},{"taxonomy":"product_tag","embeddable":true,"href":"https:\/\/www.hydraulic-cylinders.net\/et\/wp-json\/wp\/v2\/product_tag?post=16409"}],"curies":[{"name":"wp","href":"https:\/\/api.w.org\/{rel}","templated":true}]}}