{"id":16420,"date":"2025-01-20T09:14:05","date_gmt":"2025-01-20T09:14:05","guid":{"rendered":"https:\/\/www.hydraulic-cylinders.net\/product\/arm-cylinderfor-zoomlion-small-excavator-ze60e\/"},"modified":"2025-01-20T09:14:07","modified_gmt":"2025-01-20T09:14:07","slug":"arm-cylinderfor-zoomlion-small-excavator-ze60e","status":"publish","type":"product","link":"https:\/\/www.hydraulic-cylinders.net\/et\/toode\/arm-cylinderfor-zoomlion-small-excavator-ze60e\/","title":{"rendered":"Zoomlion v\u00e4ikese ekskavaatori ZE60E k\u00e4sivarre silinder"},"content":{"rendered":"<h2>Zoomlion v\u00e4ikeekskavaatori ZE60E k\u00e4sivarre silinder<\/h2>\n<h3>Sissejuhatus<\/h3>\n<p>H\u00fcdrovarre silinder on spetsiaalselt loodud h\u00fcdrauliline silinder, mida kasutatakse peamiselt lineaarse liikumise ja j\u00f5u tagamiseks erinevat t\u00fc\u00fcpi masinate, n\u00e4iteks ekskavaatorite, kraanade ja robotk\u00e4te k\u00e4ele. See m\u00e4ngib h\u00fcdraulikas\u00fcsteemis v\u00f5tmerolli, v\u00f5imaldades t\u00e4iendavate t\u00f6\u00f6riistade v\u00f5i lisaseadmete liikumist ja t\u00f5husat juhtimist. Need silindrid mitte ainult ei taga sujuvat liikumist, vaid taluvad ka suuri koormusi, tagades masinate t\u00f5husa t\u00f6\u00f6 ja t\u00f6\u00f6kindluse erinevates t\u00f6\u00f6tingimustes.<\/p>\n<p><img decoding=\"async\" src=\"https:\/\/www.hydraulic-cylinders.net\/wp-content\/uploads\/2025\/01\/songte-company-2.webp\" alt=\"K\u00e4e silindri pilt\"><\/p>\n<h3>Omadused<\/h3>\n<ul>\n<li>T\u00f5hus j\u00f5u\u00fclekanne: K\u00e4epideme silinder tagab v\u00f5imsa lineaarse liikumise ja j\u00f5u, tagades masina k\u00e4e t\u00f5husa j\u00f5udluse erinevates toimingutes.<\/li>\n<li>T\u00e4pne juhtimine: K\u00e4epideme silinder v\u00f5imaldab h\u00fcdraulilise s\u00fcsteemi kaudu saavutada t\u00e4pse liikumise juhtimise, muutes lisat\u00f6\u00f6riistade t\u00f6\u00f6 paindlikumaks ja t\u00e4psemaks.<\/li>\n<li>Vastupidav: K\u00e4epideme silindrid on tavaliselt valmistatud \u00fclitugevatest materjalidest, millel on hea kulumis- ja korrosioonikindlus ning mis sobivad pikaajaliseks kasutamiseks karmides keskkondades.<\/li>\n<li>Mitmeotstarbeline kohandatavus: Neid silindreid saab laialdaselt kasutada erinevat t\u00fc\u00fcpi masinates, n\u00e4iteks ekskavaatorites, kraanades ja robotk\u00e4tes, kohandudes erinevate t\u00f6\u00f6n\u00f5uetega.<\/li>\n<li>Lihtne hooldus: Projekteerimisel on arvestatud hoolduse ja asendamise lihtsusega, muutes regulaarse kontrolli ja hoolduse mugavamaks ning v\u00e4hendades seadmete seisakuid.<\/li>\n<\/ul>\n<p>Me toodame seda toodet ja meie tooted on nende h\u00fcdrosilindrite ideaalsed asendajad.<\/p>\n<p><img decoding=\"async\" src=\"https:\/\/www.hydraulic-cylinders.net\/wp-content\/uploads\/2025\/01\/songte-oil-pipes-and-spare-parts.webp\" alt=\"Varuosade pilt\"><\/p>\n<h3>Rakendused<\/h3>\n<ul>\n<li>Ehitustehnika: Ekskavaatorites ja kraanades kasutatakse kopa v\u00f5i poomi liikumise juhtimiseks mullat\u00f6\u00f6del, materjalide k\u00e4itlemisel ja konstruktsioonide paigaldamisel \u00f5\u00f5tsilindreid.<\/li>\n<li>Tootmine: Automatiseeritud tootmisliinidel kasutatakse robotk\u00e4te liigutamiseks, kokkupanekuks, keevitamiseks ja materjalide k\u00e4itlemiseks k\u00e4sisilindreid, parandades tootmise efektiivsust ja t\u00e4psust.<\/li>\n<li>P\u00f5llumajandusmasinad: P\u00f5llumajandusmasinates, n\u00e4iteks kombainides ja k\u00fclvikutes, juhivad \u00f5\u00f5tshoobade liikumist \u00f5\u00f5tshoovade abil, t\u00e4ites selliseid \u00fclesandeid nagu k\u00fclvamine, v\u00e4etamine ja koristamine.<\/li>\n<li>Kaevandamine: Kaevandusseadmetes kasutatakse kaevandusseadmete \u00f5lgade liikumise juhtimiseks kaevandamisel ja materjalide k\u00e4itlemisel k\u00e4sisilindreid.<\/li>\n<li>Logistika ja transport: Kahvelt\u00f5stukites ja robotites kasutatakse kahvlite t\u00f5stmise ja liikumise juhtimiseks materjalide k\u00e4itlemisel ja virnastamisel k\u00e4sisilindreid.<\/li>\n<\/ul>\n<h3>Projekteerimiskaalutlused ja valikukriteeriumid<\/h3>\n<ul>\n<li>Kandev\u00f5ime: K\u00e4epideme silindril peab olema piisav kandev\u00f5ime, et taluda koormust t\u00f6\u00f6tamise ajal.<\/li>\n<li>Tihendus: H\u00fcdraulika\u00f5li lekke v\u00e4ltimiseks tuleb kasutada mitmesuguseid tihenduskomponente, n\u00e4iteks kolvitihendeid ja varrastihendeid.<\/li>\n<li>Vastupidavus: \u00d5\u00f5tshoova silindrid puutuvad tavaliselt kokku karmide keskkondadega, seega peavad need olema valmistatud \u00fclitugevatest materjalidest, millel on hea kulumis- ja korrosioonikindlus.<\/li>\n<li>Ohutus: Projekteerimisel tuleb arvestada operaatori ja teiste seadme l\u00e4heduses t\u00f6\u00f6tavate isikute ohutusega.<\/li>\n<li>Hooldus: Disain peaks olema kasutajas\u00f5bralik ja h\u00f5lpsasti hooldatav, komponentidele peaks olema lihtne juurde p\u00e4\u00e4seda, et neid vajadusel vahetada ja parandada.<\/li>\n<\/ul>\n<p><img decoding=\"async\" src=\"https:\/\/www.hydraulic-cylinders.net\/wp-content\/uploads\/2025\/01\/songte-cylinder-head-with-all-kinds-excavator-models.webp\" alt=\"Silindripea pilt\"><\/p>\n<h3>Tihendus ja m\u00e4\u00e4rimine<\/h3>\n<p>H\u00fcdraulika\u00f5li lekke v\u00e4ltimiseks tuleb kasutada mitmesuguseid tihenduskomponente, n\u00e4iteks kolvitihendeid ja varrastihendeid. Sageli kasutatakse kulumiskindlatest materjalidest, n\u00e4iteks pol\u00fcuretaanist ja nitriilkummist, valmistatud tihendeid. Silindri korpus ja keermeotsa pind tuleb kulumiskindluse parandamiseks peenelt t\u00f6\u00f6delda. Silindri sujuva liikumise tagamiseks ja kasutusea pikendamiseks on vajalik regulaarne m\u00e4\u00e4rimine h\u00fcdraulika\u00f5liga.<\/p>\n<h3>Hooldus ja remont<\/h3>\n<ul>\n<li>Kontrollige silindrit regulaarselt kulumise ja kahjustuste suhtes.<\/li>\n<li>Vajadusel vahetage tihendid ja muud kulunud osad v\u00e4lja.<\/li>\n<li>Veenduge, et h\u00fcdraulika\u00f5li on puhas ja \u00f5igel tasemel.<\/li>\n<li>J\u00e4rgige tootja juhiseid lahtiv\u00f5tmiseks ja kokkupanekuks.<\/li>\n<\/ul>\n<p><img decoding=\"async\" src=\"https:\/\/www.hydraulic-cylinders.net\/wp-content\/uploads\/2025\/01\/songte-chushion-collar.webp\" alt=\"Chushioni krae pilt\"><\/p>\n<h3>Paigaldusjuhend<\/h3>\n<p>Enne paigaldamist veenduge, et silinder ja muu varustus on puhtad ning mustusest ja prahist vabad. J\u00e4rgige neid samme:<\/p>\n<ol>\n<li>Asetage silinder \u00f5igesse asendisse ja kinnitage see sobivate kinnitusklambrite v\u00f5i tihvtidega.<\/li>\n<li>\u00dchendage h\u00fcdraulikavoolikud ja -torud \u00f5igesti vastavalt tootja juhistele.<\/li>\n<li>T\u00e4itke h\u00fcdros\u00fcsteem soovitatud h\u00fcdro\u00f5liga ja kontrollige lekete suhtes.<\/li>\n<li>Kontrollige silindrit, et see t\u00f6\u00f6taks korrektselt ja sujuvalt.<\/li>\n<\/ol>\n<h3>Ohutuskaalutlused ja keskkonnategurid<\/h3>\n<p>K\u00e4epideme kasutamisel on oluline j\u00e4rgida ohutusn\u00f5udeid, et v\u00e4ltida \u00f5nnetusi ja vigastusi. Samuti on oluline arvestada h\u00fcdrauliliste seadmete kasutamise keskkonnam\u00f5juga ja v\u00f5tta meetmeid selle minimeerimiseks.<\/p>\n<h3>Veaotsing ja levinud probleemid<\/h3>\n<p>K\u00e4epideme silindrite levinud probleemide hulka kuuluvad leke, ebapiisav v\u00f5imsus ja eba\u00fchtlane liikumine. Nende probleemide diagnoosimiseks ja t\u00f5rkeotsinguks toimige j\u00e4rgmiselt.<\/p>\n<ol>\n<li>Kontrollige tihendite ja muude komponentide kahjustusi v\u00f5i kulumist.<\/li>\n<li>Veenduge, et h\u00fcdraulikavedeliku tase on \u00f5ige, ja kontrollige saastumist.<\/li>\n<li>Kontrollige silindrit kahjustuste v\u00f5i joonduse puudumise suhtes.<\/li>\n<li>Kontrollige h\u00fcdraulikavoolikuid ja -torusid kahjustuste, ummistuste v\u00f5i muude probleemide suhtes.<\/li>\n<\/ol>\n<p>Probleemide v\u00e4ltimiseks on oluline regulaarselt hooldada ja kontrollida poomi silindrit ja muid h\u00fcdraulilisi seadmeid.<\/p>\n<p><img decoding=\"async\" src=\"https:\/\/www.hydraulic-cylinders.net\/wp-content\/uploads\/2025\/01\/songte-bushings-with-all-kinds-of-excavator-models.webp\" alt=\"Pukside pilt\"><\/p>\n<h3>Meist<\/h3>\n<p>Oleme professionaalne asendush\u00fcdrauliliste silindrite tootja, pakkudes laia tootevalikut. Oleme saanud \u00fcheks juhtivaks h\u00fcdrosilindrite tootjaks ja hulgim\u00fc\u00fcjaks nii sise- kui ka rahvusvahelistel turgudel. Peame alati kinni suurep\u00e4rase kvaliteedi p\u00f5him\u00f5ttest, tuginedes oma industrialiseeritud tootmisjuhtimise strateegiale t\u00e4iustatud tootmist\u00f6\u00f6kojas, et pidevalt parandada oma tehnilist taset ja tootmise efektiivsust. Meie eesm\u00e4rk on rahuldada oma klientide mitmekesiseid vajadusi suure efektiivsuse, t\u00e4psuse ja k\u00f5rgete kvaliteedip\u00f5him\u00f5tete abil.<\/p>\n<h3>Meie teenused<\/h3>\n<ul>\n<li>Professionaalsus: Meil \u200b\u200bon meeskond oskuslikke spetsialiste, kellel on ulatuslik kogemus h\u00fcdrauliliste silindrite valdkonnas.<\/li>\n<li>Rahvusvaheline sertifitseerimine: Meie tooted on l\u00e4binud ISO9001, CE ja muud rahvusvahelised sertifikaadid, mis tagab nende kvaliteedi ja ohutuse.<\/li>\n<li>Kohandamine: Pakume kohandamisteenuseid, et rahuldada klientide erivajadusi.<\/li>\n<li>Tootmisseadmed: Kasutame oma tootmisplatvormi optimeerimiseks ja tootekvaliteedi kontrolli protsesside t\u00e4iustamiseks t\u00e4iustatud digitaalseid tootmisseadmeid ja professionaalseid testimiss\u00fcsteeme.<\/li>\n<li>M\u00fc\u00fcgij\u00e4rgne teenindus: Pakume klientide rahulolu tagamiseks igak\u00fclgset ja \u00f5igeaegset m\u00fc\u00fcgij\u00e4rgset teenindust.<\/li>\n<\/ul>\n<p><img decoding=\"async\" src=\"https:\/\/www.hydraulic-cylinders.net\/wp-content\/uploads\/2025\/01\/songte-company-4.webp\" alt=\"Ettev\u00f5tte kuvand\"><br \/>\n<img decoding=\"async\" src=\"https:\/\/www.hydraulic-cylinders.net\/wp-content\/uploads\/2025\/01\/songte-company-3.webp\" alt=\"Ettev\u00f5tte kuvand\"><\/p>\n<p>Autor: lyl<\/p>","protected":false},"excerpt":{"rendered":"<p>Arm Cylinder for Zoomlion Small Excavator ZE60E Introduction The arm cylinder is a specifically designed hydraulic cylinder primarily used to provide linear motion and power to the arm of various types of machinery such as excavators, cranes, and robotic arms. It plays a key role in the hydraulic system, enabling additional tools or attachments to [&hellip;]<\/p>","protected":false},"featured_media":14772,"comment_status":"open","ping_status":"closed","template":"","meta":{"_et_pb_use_builder":"","_et_pb_old_content":"","_et_gb_content_width":""},"product_brand":[],"product_cat":[1497],"product_tag":[1498,1496],"class_list":{"0":"post-16420","1":"product","2":"type-product","3":"status-publish","4":"has-post-thumbnail","6":"product_cat-arm-cylinders","7":"product_tag-arm-cylinders","8":"product_tag-hydraulic-cylinders","10":"first","11":"instock","12":"shipping-taxable","13":"product-type-simple"},"amp_enabled":true,"_links":{"self":[{"href":"https:\/\/www.hydraulic-cylinders.net\/et\/wp-json\/wp\/v2\/product\/16420","targetHints":{"allow":["GET"]}}],"collection":[{"href":"https:\/\/www.hydraulic-cylinders.net\/et\/wp-json\/wp\/v2\/product"}],"about":[{"href":"https:\/\/www.hydraulic-cylinders.net\/et\/wp-json\/wp\/v2\/types\/product"}],"replies":[{"embeddable":true,"href":"https:\/\/www.hydraulic-cylinders.net\/et\/wp-json\/wp\/v2\/comments?post=16420"}],"wp:featuredmedia":[{"embeddable":true,"href":"https:\/\/www.hydraulic-cylinders.net\/et\/wp-json\/wp\/v2\/media\/14772"}],"wp:attachment":[{"href":"https:\/\/www.hydraulic-cylinders.net\/et\/wp-json\/wp\/v2\/media?parent=16420"}],"wp:term":[{"taxonomy":"product_brand","embeddable":true,"href":"https:\/\/www.hydraulic-cylinders.net\/et\/wp-json\/wp\/v2\/product_brand?post=16420"},{"taxonomy":"product_cat","embeddable":true,"href":"https:\/\/www.hydraulic-cylinders.net\/et\/wp-json\/wp\/v2\/product_cat?post=16420"},{"taxonomy":"product_tag","embeddable":true,"href":"https:\/\/www.hydraulic-cylinders.net\/et\/wp-json\/wp\/v2\/product_tag?post=16420"}],"curies":[{"name":"wp","href":"https:\/\/api.w.org\/{rel}","templated":true}]}}