{"id":16422,"date":"2025-01-20T09:14:12","date_gmt":"2025-01-20T09:14:12","guid":{"rendered":"https:\/\/www.hydraulic-cylinders.net\/product\/arm-cylinderfor-zoomlion-small-excavator-ze150\/"},"modified":"2025-01-20T09:14:14","modified_gmt":"2025-01-20T09:14:14","slug":"arm-cylinderfor-zoomlion-small-excavator-ze150","status":"publish","type":"product","link":"https:\/\/www.hydraulic-cylinders.net\/et\/toode\/arm-cylinderfor-zoomlion-small-excavator-ze150\/","title":{"rendered":"Zoomlion v\u00e4ikese ekskavaatori ZE150 k\u00e4sivarre silinder"},"content":{"rendered":"<h1>Zoomlion v\u00e4ikeekskavaatori ZE150 k\u00e4sisilinder<\/h1>\n<h2>Sissejuhatus<\/h2>\n<h3>Zoomlion v\u00e4ikeekskavaatori ZE150 \u00f5\u00f5tshoova silindri m\u00e4\u00e4ratlus<\/h3>\n<p>H\u00fcdrovarda silinder on spetsiaalselt konstrueeritud h\u00fcdrauliline silinder, mida kasutatakse peamiselt lineaarse liikumise ja j\u00f5u tagamiseks erinevat t\u00fc\u00fcpi masinate, n\u00e4iteks ekskavaatorite, kraanade ja mehaaniliste hoobade hoovadele. H\u00fcdrovarda silinder m\u00e4ngib h\u00fcdraulikas\u00fcsteemis olulist rolli, v\u00f5imaldades t\u00e4iendavate t\u00f6\u00f6riistade v\u00f5i lisaseadmete liikumist ja t\u00f5husat juhtimist. Need silindrid mitte ainult ei taga sujuvat liikumist, vaid taluvad ka suuri koormusi, tagades masinate t\u00f5husa t\u00f6\u00f6 ja t\u00f6\u00f6kindluse erinevates t\u00f6\u00f6tingimustes.<\/p>\n<p><img decoding=\"async\" src=\"https:\/\/www.hydraulic-cylinders.net\/wp-content\/uploads\/2025\/01\/songte-company-2.webp\" alt=\"K\u00e4e silindri pilt\"><\/p>\n<h3>Zoomlion v\u00e4ikeekskavaatori ZE150 \u00f5lavarresilindri omadused<\/h3>\n<ul>\n<li>Suure efektiivsusega \u00fclekanne: \u00f5\u00f5tshoova silinder tagab v\u00f5imsa lineaarse liikumise ja j\u00f5u, tagades mehaanilise \u00f5\u00f5tsa suure efektiivsuse erinevates toimingutes.<\/li>\n<li>T\u00e4pne juhtimine: H\u00fcdraulilise s\u00fcsteemi abil saab k\u00e4sivarre silinder saavutada t\u00e4pse liikumise juhtimise, muutes lisat\u00f6\u00f6riistade t\u00f6\u00f6 paindlikumaks ja t\u00e4psemaks.<\/li>\n<li>Tugev vastupidavus: \u00d5\u00f5tshoova silindrid on tavaliselt valmistatud \u00fclitugevatest materjalidest ning neil on hea kulumis- ja korrosioonikindlus, mist\u00f5ttu need sobivad pikaajaliseks kasutamiseks karmides keskkondades.<\/li>\n<li>Mitmeotstarbeline kohandatavus: Neid silindreid saab laialdaselt kasutada erinevat t\u00fc\u00fcpi masinates, n\u00e4iteks ekskavaatorites, kraanades ja mehaanilistes k\u00e4sivartes, kohandudes erinevate t\u00f6\u00f6n\u00f5uetega.<\/li>\n<li>Lihtne hooldus: Projekteerimisel on arvesse v\u00f5etud hoolduse ja asendamise lihtsust, mis muudab plaanip\u00e4rased \u00fclevaatused ja hoolduse mugavamaks ning v\u00e4hendab seadmete seisakuid.<\/li>\n<\/ul>\n<p>Lisaks saame seda toodet toota ja meie tooted saavad neid h\u00fcdrosilindreid ideaalselt asendada.<\/p>\n<p><img decoding=\"async\" src=\"https:\/\/www.hydraulic-cylinders.net\/wp-content\/uploads\/2025\/01\/songte-oil-pipes-and-spare-parts.webp\" alt=\"Toote asenduspilt\"><\/p>\n<h3>Zoomlion v\u00e4ikeekskavaatori ZE150 \u00f5lavarresilindri rakendused<\/h3>\n<p>K\u00e4epideme silindril on mitmesuguseid rakendusi, n\u00e4iteks:<\/p>\n<ul>\n<li>Ehitustehnika: Ekskavaatorites ja kraanades kasutatakse poomi silindrit kopa v\u00f5i poomi liikumise juhtimiseks, mullat\u00f6\u00f6deks, materjalide k\u00e4itlemiseks ja konstruktsioonide paigaldamiseks.<\/li>\n<li>T\u00f6\u00f6tlev t\u00f6\u00f6stus: Automatiseeritud tootmisliinidel kasutatakse \u00f5lasilindrit mehaaniliste \u00f5la liigutamiseks, montaa\u017ei-, keevitus- ja k\u00e4sitsemisprotsesside teostamiseks, parandades tootmise efektiivsust ja t\u00e4psust.<\/li>\n<li>P\u00f5llumajandusmasinad: P\u00f5llumajandusmasinates, n\u00e4iteks kombainides ja k\u00fclvikutes, juhib \u00f5\u00f5tshoova silinder juhthoova liikumist, t\u00e4ites selliseid \u00fclesandeid nagu k\u00fclvamine, v\u00e4etamine ja koristamine.<\/li>\n<li>Kaevandamine: Kaevandusseadmetes kasutatakse k\u00e4sivarre silindrit kaevandusseadmete k\u00e4e liikumise juhtimiseks, kaevandamiseks ja maagi transportimiseks.<\/li>\n<li>Logistika ja transport: Kahvelt\u00f5stukites ja robotites kasutatakse kahvli t\u00f5stmise ja liikumise juhtimiseks k\u00e4e silindrit, teostades materjalide k\u00e4itlemist ja virnastamist.<\/li>\n<\/ul>\n<h2>Projekteerimiskaalutlused ja valikukriteeriumid<\/h2>\n<h3>Kandev\u00f5ime<\/h3>\n<p>Silindri poogna kandev\u00f5ime on \u00fclioluline kaalutlus, kuna see m\u00e4\u00e4rab maksimaalse raskuse, mida silinder suudab purunemata kanda. Kandev\u00f5ime m\u00e4\u00e4ratakse masina t\u00fc\u00fcbi ja t\u00f6\u00f6 iseloomu j\u00e4rgi.<\/p>\n<h3>Tihendus<\/h3>\n<p>Tihendus on oluline tegur \u00f5\u00f5tshoova silindri efektiivsuse ja vastupidavuse tagamisel. Kolvitihend ja vardatihend on kaks peamist tihenduselementi, mis takistavad vedeliku lekkimist ja saastumist.<\/p>\n<h3>Vastupidavus<\/h3>\n<p>K\u00e4epideme vastupidavuse m\u00e4\u00e4rab selle valmistamisel kasutatud materjalide kvaliteet. Eelistatakse k\u00f5rgtugevaid materjale, millel on hea kulumis- ja korrosioonikindlus.<\/p>\n<h3>Ohutus<\/h3>\n<p>K\u00e4epideme ohutus on oluline kaalutlus, kuna see hoiab \u00e4ra \u00f5nnetused ja masina v\u00f5imaliku kahjustamise. Projekteerimisse tuleb lisada ohutusfunktsioonid, nagu \u00fcler\u00f5huventiilid ja pehmenduss\u00fcsteemid.<\/p>\n<h3>Hooldus<\/h3>\n<p>Hoolduse ja remondi lihtsus on veel \u00fcks oluline tegur, kuna see v\u00e4hendab seisakuid ja suurendab tootlikkust. Konstruktsioon peab tagama silindri komponentidele h\u00f5lpsa juurdep\u00e4\u00e4su ning standardsete osade ja liitmike kasutamise.<\/p>\n<p><img decoding=\"async\" src=\"https:\/\/www.hydraulic-cylinders.net\/wp-content\/uploads\/2025\/01\/songte-cylinder-head-with-all-kinds-excavator-models.webp\" alt=\"Silindripea pilt\"><\/p>\n<h2>Tihendus ja m\u00e4\u00e4rimine<\/h2>\n<p>Silindrihoova silindris kasutatakse mitmesuguseid tihendeid, n\u00e4iteks kolvitihendeid, vardatihendeid ja klaasipuhasti tihendeid, et v\u00e4ltida vedeliku lekkimist ja saastumist. Tihendid on valmistatud kulumiskindlatest materjalidest, n\u00e4iteks pol\u00fcuretaanist ja nitriilkummist, et need oleksid kulumiskindlad. Silindripea ja keermeotsa pinnad on peenelt t\u00f6\u00f6deldud, et suurendada kulumiskindlust. Silindri m\u00e4\u00e4rimiseks ja sujuva t\u00f6\u00f6 tagamiseks on vaja regulaarselt h\u00fcdraulika\u00f5li lisada.<\/p>\n<h2>Hooldus ja ennetavad meetmed<\/h2>\n<p>Silindri t\u00f5husa t\u00f6\u00f6 ja pikaealisuse tagamiseks on vajalik regulaarne kontroll ja hooldus. Tuleks v\u00f5tta j\u00e4rgmised meetmed:<\/p>\n<ul>\n<li>Kontrollige regulaarselt silindri korpuse ja tihendite lekkeid v\u00f5i kahjustusi.<\/li>\n<li>M\u00e4\u00e4rige silindrit regulaarselt h\u00fcdraulika\u00f5liga.<\/li>\n<li>Vahetage kulunud v\u00f5i kahjustatud tihendid \u00f5igeaegselt v\u00e4lja.<\/li>\n<li>Veenduge silindri ja sellega seotud komponentide \u00f5iges paigaldamises.<\/li>\n<li>Veenduge silindri ja kolvivarda \u00f5iges joonduses.<\/li>\n<\/ul>\n<p><img decoding=\"async\" src=\"https:\/\/www.hydraulic-cylinders.net\/wp-content\/uploads\/2025\/01\/songte-chushion-collar.webp\" alt=\"Padjakrae pilt\"><\/p>\n<h2>Paigaldusjuhend<\/h2>\n<p>Silindripea paigaldamisel tuleks j\u00e4rgida j\u00e4rgmisi samme:<\/p>\n<ol>\n<li>Kontrollige silindrit ja sellega seotud komponente kahjustuste v\u00f5i kulumise suhtes.<\/li>\n<li>Puhastage silindri ja masina kinnituspinnad.<\/li>\n<li>Paigaldage silinder sobivate kinnitusklambrite ja riistvara abil.<\/li>\n<li>Veenduge silindri ja kolvivarda \u00f5iges joonduses.<\/li>\n<li>\u00dchendage h\u00fcdraulikavoolikud ja liitmikud, veendudes \u00f5iges pingutusmomendis.<\/li>\n<li>Kontrollige silindri n\u00f5uetekohast toimimist.<\/li>\n<\/ol>\n<p><img decoding=\"async\" src=\"https:\/\/www.hydraulic-cylinders.net\/wp-content\/uploads\/2025\/01\/songte-bushings-with-all-kinds-of-excavator-models.webp\" alt=\"Pukside pilt\"><\/p>\n<h2>Ohutuskaalutlused ja keskkonnategurid<\/h2>\n<p>Silindrivarda kasutamisel on ohutus kriitilise t\u00e4htsusega, kuna see h\u00f5lmab raskeid masinaid ja v\u00f5imalikke ohte. Masinate ja silindri ohutuks kasutamiseks tuleks tagada korralik v\u00e4lja\u00f5pe ja juhised. Keskkonnategurid, n\u00e4iteks temperatuur ja niiskus, v\u00f5ivad samuti m\u00f5jutada silindri j\u00f5udlust ja vastupidavust.<\/p>\n<h2>Veaotsing ja levinud probleemid<\/h2>\n<p>J\u00e4rgnevalt on toodud m\u00f5ned levinud probleemid ja t\u00f5rkeotsingu n\u00e4pun\u00e4ited.<\/p>\n<ul>\n<li>Lekkiv vedelik: kontrollige kahjustatud tihendeid v\u00f5i lahtisi liitmikke ning vajadusel vahetage v\u00f5i pingutage.<\/li>\n<li>Halb j\u00f5udlus: kontrollige kahjustatud v\u00f5i kulunud silindri komponente ja vajadusel vahetage need v\u00e4lja.<\/li>\n<li>M\u00fcra: Kontrollige lahtiste liitmike v\u00f5i kulunud komponentide olemasolu ning vajadusel pingutage v\u00f5i vahetage v\u00e4lja.<\/li>\n<\/ul>\n<p><img decoding=\"async\" src=\"https:\/\/www.hydraulic-cylinders.net\/wp-content\/uploads\/2025\/01\/songte-company-4.webp\" alt=\"Ettev\u00f5tte kuvand\"><\/p>\n<h2>Meist<\/h2>\n<p>Oleme professionaalne asendush\u00fcdrauliliste silindrite tootja, kellel on lai tootevalik. Oleme saanud \u00fcheks juhtivaks h\u00fcdrosilindrite tootjaks ja hulgim\u00fc\u00fcjaks nii sise- kui ka rahvusvahelisel turul. J\u00e4rgime alati tipptaseme p\u00f5him\u00f5tet, tuginedes peentootmist\u00f6\u00f6kodades industrialiseeritud tootmise juhtimise strateegiatele, et pidevalt oma tehnoloogiat ja tootmise efektiivsust t\u00e4iustada. Tipptasemel digitaalsete tootmisseadmete ja professionaalsete tuvastuss\u00fcsteemide juurutamisega optimeerime pidevalt oma tootmisplatvormi ja t\u00e4iustame oma tootekvaliteedi kontrolli protsessi, omades tugevat innovatsiooniv\u00f5imet. Meie eesm\u00e4rk on rahuldada klientide mitmekesiseid vajadusi suure efektiivsuse, t\u00e4psuse ja kvaliteetsete toodetega.<\/p>\n<h3>Professionaalsus<\/h3>\n<p>Meil on professionaalne meeskond, kellel on ulatuslikud kogemused ja teadmised h\u00fcdrauliliste silindrite projekteerimisel, tootmisel ja hooldusel, tagades oma klientidele tervikliku ja kvaliteetse teenuse pakkumise.<\/p>\n<h3>Rahvusvaheline sertifitseerimine<\/h3>\n<p>Meie tooted on l\u00e4binud rahvusvahelised sertifikaadid, n\u00e4iteks ISO9001 ja CE, mis tagab meie toodete vastavuse rahvusvahelistele kvaliteedistandarditele.<\/p>\n<h3>Kohandamise teenused<\/h3>\n<p>Pakume oma klientide mitmekesiste vajaduste rahuldamiseks kohandatud teenuseid, sealhulgas kohandatud balloonit\u00fc\u00fcpe, -suurusi ja -spetsifikatsioone, et tagada meie toodete vastavus nende erin\u00f5uetele.<\/p>\n<p><img decoding=\"async\" src=\"https:\/\/www.hydraulic-cylinders.net\/wp-content\/uploads\/2025\/01\/songte-company-3.webp\" alt=\"Ettev\u00f5tte tootmispilt\"><\/p>\n<h3>Tootmisseadmed<\/h3>\n<p>Kasutame oma toodete t\u00e4psuse ja kvaliteedi tagamiseks tipptasemel digitaalseid tootmisseadmeid, n\u00e4iteks CNC-t\u00f6\u00f6tluskeskusi.<\/p>\n<h3>M\u00fc\u00fcgij\u00e4rgne teenindus<\/h3>\n<p>Pakume igak\u00fclgset m\u00fc\u00fcgij\u00e4rgset teenindust, et tagada meie klientide rahulolu meie toodete ja teenustega. Pakume tehnilist tuge ja juhiseid toodete hoolduse ja remondi kohta ning pakume oma toodetele garantiid.<\/p>\n<p>Autor: lyl<\/p>","protected":false},"excerpt":{"rendered":"<p>Arm Cylinder for Zoomlion Small Excavator ZE150 Introduction Defining Arm Cylinder for Zoomlion Small Excavator ZE150 The arm cylinder is a specially designed hydraulic cylinder that is primarily used to provide linear motion and power to the arms of various types of machinery, such as excavators, cranes, and mechanical arms. The arm cylinder plays a [&hellip;]<\/p>","protected":false},"featured_media":14766,"comment_status":"open","ping_status":"closed","template":"","meta":{"_et_pb_use_builder":"","_et_pb_old_content":"","_et_gb_content_width":""},"product_brand":[],"product_cat":[1497],"product_tag":[1498,1496],"class_list":{"0":"post-16422","1":"product","2":"type-product","3":"status-publish","4":"has-post-thumbnail","6":"product_cat-arm-cylinders","7":"product_tag-arm-cylinders","8":"product_tag-hydraulic-cylinders","10":"first","11":"instock","12":"shipping-taxable","13":"product-type-simple"},"amp_enabled":true,"_links":{"self":[{"href":"https:\/\/www.hydraulic-cylinders.net\/et\/wp-json\/wp\/v2\/product\/16422","targetHints":{"allow":["GET"]}}],"collection":[{"href":"https:\/\/www.hydraulic-cylinders.net\/et\/wp-json\/wp\/v2\/product"}],"about":[{"href":"https:\/\/www.hydraulic-cylinders.net\/et\/wp-json\/wp\/v2\/types\/product"}],"replies":[{"embeddable":true,"href":"https:\/\/www.hydraulic-cylinders.net\/et\/wp-json\/wp\/v2\/comments?post=16422"}],"wp:featuredmedia":[{"embeddable":true,"href":"https:\/\/www.hydraulic-cylinders.net\/et\/wp-json\/wp\/v2\/media\/14766"}],"wp:attachment":[{"href":"https:\/\/www.hydraulic-cylinders.net\/et\/wp-json\/wp\/v2\/media?parent=16422"}],"wp:term":[{"taxonomy":"product_brand","embeddable":true,"href":"https:\/\/www.hydraulic-cylinders.net\/et\/wp-json\/wp\/v2\/product_brand?post=16422"},{"taxonomy":"product_cat","embeddable":true,"href":"https:\/\/www.hydraulic-cylinders.net\/et\/wp-json\/wp\/v2\/product_cat?post=16422"},{"taxonomy":"product_tag","embeddable":true,"href":"https:\/\/www.hydraulic-cylinders.net\/et\/wp-json\/wp\/v2\/product_tag?post=16422"}],"curies":[{"name":"wp","href":"https:\/\/api.w.org\/{rel}","templated":true}]}}