{"id":1644,"date":"2023-10-10T06:05:51","date_gmt":"2023-10-10T06:05:51","guid":{"rendered":"https:\/\/hydraulic-cylinders.net\/?post_type=product&#038;p=1644"},"modified":"2025-04-11T02:55:30","modified_gmt":"2025-04-11T02:55:30","slug":"press-clamping-cylinder","status":"publish","type":"product","link":"https:\/\/www.hydraulic-cylinders.net\/et\/toode\/press-clamping-cylinder\/","title":{"rendered":"Pressi kinnitussilinder"},"content":{"rendered":"<h1 style=\"text-align: center;\"><strong>Pressi kinnitussilinder<\/strong><\/h1>\n<p><img loading=\"lazy\" decoding=\"async\" class=\"aligncenter wp-image-1645\" src=\"https:\/\/hydraulic-cylinders.net\/wp-content\/uploads\/2023\/10\/clamping-cylinder-1-1-300x300.webp\" alt=\"\" width=\"400\" height=\"400\" \/><\/p>\n<p>Presssilinder on tipptasemel toode, mis pakub erakordset j\u00f5udlust ja t\u00f6\u00f6kindlust erinevates t\u00f6\u00f6stuslikes rakendustes. Oma t\u00e4iustatud omaduste ja vastupidava disainiga pakub see silinder suuremat kinnitusj\u00f5udu, t\u00e4pset juhtimist ja paremat tootlikkust.<\/p>\n<p>Presskinnitussilinder on t\u00f6\u00f6stuslikes rakendustes murranguline, pakkudes suurt kinnitusj\u00f5udu, t\u00e4pset juhtimist ja kiiret t\u00f6\u00f6d. Oma mitmek\u00fclgsete kinnitusv\u00f5imaluste ja usaldusv\u00e4\u00e4rse j\u00f5udlusega suurendab see silinder tootlikkust, t\u00f5husust ja t\u00e4psust erinevates t\u00f6\u00f6stusprotsessides. Soovitatavate kasutusmeetodite ja hooldustavade j\u00e4rgimisega saate maksimeerida presskinnitussilindri pikaealisuse, t\u00f6\u00f6kindluse ja ohutuse oma t\u00f6\u00f6stuskeskkonnas. Valige see silinder, et avada oma t\u00f6\u00f6stusprotsesside t\u00e4ielik potentsiaal ja saavutada kiiresti suurep\u00e4raseid tulemusi.<\/p>\n<p>Presskinnitussilindri peamised omadused:<\/p>\n<ol>\n<li>Suur kinnitusj\u00f5ud:<\/li>\n<\/ol>\n<ul>\n<li>Pressi kinnitussilindril on v\u00f5imas kinnitusj\u00f5ud, mis v\u00f5imaldab sellel t\u00f6\u00f6deldavaid detaile t\u00f6\u00f6tlemise, keevitamise v\u00f5i montaa\u017ei ajal kindlalt paigal hoida.<\/li>\n<li>Oma vastupidava konstruktsiooni ja optimeeritud disainiga pakub see silinder usaldusv\u00e4\u00e4rset ja \u00fchtlast kinnitusj\u00f5udu, tagades stabiilsuse ja t\u00e4psuse.<\/li>\n<\/ul>\n<ol start=\"2\">\n<li>T\u00e4pne kontroll:<\/li>\n<\/ol>\n<ul>\n<li>Sellel silindril on t\u00e4psed juhtimismehhanismid, mis v\u00f5imaldavad operaatoritel kinnitusj\u00f5udu t\u00e4pselt reguleerida.<\/li>\n<li>Kinnitusj\u00f5u peenh\u00e4\u00e4lestamise v\u00f5imalus tagab optimaalse haarde ilma \u00f5rnu toorikuid kahjustamata, mille tulemuseks on parem kvaliteet ja v\u00e4iksem j\u00e4relt\u00f6\u00f6tlusvajadus.<\/li>\n<\/ul>\n<ol start=\"3\">\n<li>Kiire toimimine:<\/li>\n<\/ol>\n<ul>\n<li>Presssilinder on konstrueeritud kiireks kinnitamiseks ja vabastamiseks, minimeerides seisakuid ja maksimeerides tootlikkust.<\/li>\n<li>Selle t\u00f5hus disain ja kiire k\u00e4ivitamine v\u00f5imaldavad kiiret toorikuvahetust, l\u00fchendades ts\u00fckliaegu ja parandades \u00fcldist efektiivsust.<\/li>\n<\/ul>\n<ol start=\"4\">\n<li>Mitmek\u00fclgsed kinnitusv\u00f5imalused:<\/li>\n<\/ol>\n<ul>\n<li>See silinder pakub mitmek\u00fclgseid kinnitusv\u00f5imalusi, sealhulgas \u00e4\u00e4riku-, jala- v\u00f5i keermestatud korpuse kinnitusi, mis v\u00f5imaldavad paindlikkust sujuvalt integreerida erinevatesse t\u00f6\u00f6stuss\u00fcsteemidesse.<\/li>\n<li>Paigaldusv\u00f5imaluste mitmekesisus v\u00f5imaldab h\u00f5lpsat paigaldamist ja integreerimist olemasolevate masinate v\u00f5i kohandatud t\u00f6\u00f6jaamadega.<\/li>\n<\/ul>\n<h2><strong>Pressi kinnitussilindri parameeter:<\/strong><\/h2>\n<table border=\"1\" cellspacing=\"0\" cellpadding=\"0\">\n<tbody>\n<tr>\n<td>Toote nimi<\/td>\n<td>H\u00fcdraulilise pressi kinnitussilinder<\/td>\n<\/tr>\n<tr>\n<td>Omadused:<\/td>\n<td>Pingutage terasest valuplokki v\u00f5i toorikut hoidvat klambripead<\/td>\n<\/tr>\n<tr>\n<td>Ava l\u00e4bim\u00f5\u00f5t:<\/td>\n<td>125 mm\uff5e700 mm<\/td>\n<\/tr>\n<tr>\n<td>Varda l\u00e4bim\u00f5\u00f5t:<\/td>\n<td>80 mm\uff5e520 mm<br \/>\nL\u00f6\u00f6k \u22641200 mm<\/td>\n<\/tr>\n<tr>\n<td>T\u00f5ukej\u00f5ud:<\/td>\n<td>Maksimaalselt 9621 kN<br \/>\n(Silindri l\u00e4bim\u00f5\u00f5t 700 mm \/ r\u00f5hk 25 MPa)<\/td>\n<\/tr>\n<tr>\n<td>\u00a0Kinnitussilindri rakendused:<\/td>\n<td>H\u00fcdrauliline press<\/td>\n<\/tr>\n<\/tbody>\n<\/table>\n<div><\/div>\n<div class=\"txtboxL\">Omadused:<\/div>\n<div class=\"txtboxR\">Pingutage terasest valuplokki v\u00f5i toorikut hoidvat klambripead<\/div>\n<div class=\"txtboxL\">Spetsifikatsioon:<\/div>\n<div class=\"txtboxR\">Ava l\u00e4bim\u00f5\u00f5t: 125 mm ~ 700 mm<br \/>\nVarda l\u00e4bim\u00f5\u00f5t: 80 mm ~ 520 mm<br \/>\nL\u00f6\u00f6k \u22641200 mm<\/div>\n<div class=\"txtboxL\">T\u00f5ukej\u00f5ud:<\/div>\n<div class=\"txtboxR\">Maksimaalselt 9621 kN<br \/>\n(Silindri l\u00e4bim\u00f5\u00f5t 700 mm \/ r\u00f5hk 25 MPa)<\/div>\n<h2><strong>Pressisilindri tehas:<\/strong><\/h2>\n<p><img loading=\"lazy\" decoding=\"async\" class=\"alignnone wp-image-1619 size-full\" src=\"https:\/\/hydraulic-cylinders.net\/wp-content\/uploads\/2023\/10\/press-cylinder.webp\" alt=\"\" width=\"1418\" height=\"946\" srcset=\"https:\/\/hydraulic-cylinders.net\/wp-content\/uploads\/2023\/10\/press-cylinder.webp 1418w, https:\/\/hydraulic-cylinders.net\/wp-content\/uploads\/2023\/10\/press-cylinder-1280x854.webp 1280w, https:\/\/hydraulic-cylinders.net\/wp-content\/uploads\/2023\/10\/press-cylinder-980x654.webp 980w, https:\/\/hydraulic-cylinders.net\/wp-content\/uploads\/2023\/10\/press-cylinder-480x320.webp 480w\" sizes=\"(min-width: 0px) and (max-width: 480px) 480px, (min-width: 481px) and (max-width: 980px) 980px, (min-width: 981px) and (max-width: 1280px) 1280px, (min-width: 1281px) 1418px, 100vw\" \/><\/p>\n<h2><strong>Presskinnitussilindri kasutusmeetod<\/strong><strong>:<\/strong><\/h2>\n<ol>\n<li><strong>Paigaldamine ja paigaldamine:<\/strong><\/li>\n<\/ol>\n<ul>\n<li>Alustage oma rakendusele sobiva kinnitusv\u00f5imaluse valimisega, n\u00e4iteks \u00e4\u00e4rik, jalg v\u00f5i keermestatud korpus.<\/li>\n<li>Pressi kinnitussilindri kindlale paigaldamisele soovitud kohta j\u00e4rgige tootja juhiseid v\u00f5i suuniseid, tagades \u00f5ige joonduse ja stabiilsuse.<\/li>\n<\/ul>\n<ol start=\"2\">\n<li><strong>Kinnitusj\u00f5u reguleerimine:<\/strong><\/li>\n<\/ol>\n<ul>\n<li>S\u00f5ltuvalt teie rakenduse n\u00f5uetest kasutage soovitud kinnitusj\u00f5u seadistamiseks kaasasolevaid juhtseadiseid v\u00f5i reguleerimismehhanisme.<\/li>\n<li>Parima tulemuse saavutamiseks optimaalse kinnitusj\u00f5u saavutamiseks kaaluge hoolikalt tooriku materjali, suurust ja t\u00f6\u00f6tlemisn\u00f5udeid.<\/li>\n<\/ul>\n<ol start=\"3\">\n<li><strong>Tooriku kinnitus:<\/strong><\/li>\n<\/ol>\n<ul>\n<li>Asetage toorik pressi kinnitussilindri kinnitusvahemikku.<\/li>\n<li>Aktiveerige silinder kinnitusj\u00f5u rakendamiseks, tagades t\u00f6\u00f6deldava detaili kindla haarde.<\/li>\n<li>Veenduge, et kinnitusj\u00f5ud on piisav, et t\u00f6\u00f6deldavat detaili vajaliku toimingu ajal kindlalt paigal hoida.<\/li>\n<\/ul>\n<h2><strong>Kuidas eemaldada h\u00fcdraulilise silindri otsakork?<\/strong><\/h2>\n<div class=\"ChatMessage_chatMessage__xkgHx\" data-complete=\"true\">\n<div class=\"ChatMessage_botMessageHeader__8yA1R\">\n<div class=\"ChatMessage_headerWrapper__UeGSI\">\n<div class=\"ChatMessage_badge__ah1FU\">H\u00fcdraulilise silindri otsakorgi eemaldamine on lihtne protsess, mis n\u00f5uab m\u00f5ningaid olulisi t\u00f6\u00f6riistu ja hoolikat teostust. Siin on samm-sammult juhend h\u00fcdrosilindri otsakorgi eemaldamiseks:<\/div>\n<\/div>\n<\/div>\n<div class=\"ChatMessage_messageRow__DHlnq\">\n<div class=\"ChatMessage_messageWrapper__4Ugd6\">\n<div class=\"Message_row__ug_UU\">\n<div class=\"Message_botMessageBubble__aYctV\">\n<div class=\"Markdown_markdownContainer__Tz3HQ\">\n<ol>\n<li><strong>Ohutus ennek\u00f5ike:<\/strong> Enne h\u00fcdrosilindri kallal t\u00f6\u00f6tamist veenduge, et s\u00fcsteem on r\u00f5huvaba ja kogu h\u00fcdraulikatoide on v\u00e4lja l\u00fclitatud. See hoiab \u00e4ra ootamatu liikumise v\u00f5i h\u00fcdraulikavedeliku lekke.<\/li>\n<li><strong>Koguge t\u00f6\u00f6riistad:<\/strong> Teil on vaja sobivaid t\u00f6\u00f6riistu, sealhulgas mutriv\u00f5tmeid, padrunv\u00f5tmete komplekte, kummist haamrit ja kangi v\u00f5i kruvikeerajat.<\/li>\n<li><strong>Tuvastage otsakork:<\/strong> Otsakork asub tavaliselt h\u00fcdrosilindri \u00fches otsas ja on kinnitatud poltide v\u00f5i kinnitusr\u00f5ngastega.<\/li>\n<li><strong>Juurdep\u00e4\u00e4s poltidele:<\/strong> Kui otsakork on poltidega kinnitatud, kasutage nende lahtikeeramiseks ja eemaldamiseks sobivat mutriv\u00f5tit v\u00f5i otsakukomplekti. Alustage poltide lahtikeeramisest risti-r\u00e4sti, et tagada \u00fchtlane r\u00f5hu vabanemine.<\/li>\n<li><strong>Eemaldage kinnitusr\u00f5ngad:<\/strong> Otsakorki saab m\u00f5nikord kinnitada kinnitusr\u00f5ngastega. Kasutage kinnitusr\u00f5ngaste ettevaatlikuks eemaldamiseks kangi v\u00f5i kruvikeerajat, veendudes, et need ei kahjusta silindrit ega otsakorki.<\/li>\n<li><strong>Puudutage \u00f5rnalt:<\/strong> Kui poldid v\u00f5i kinnitusr\u00f5ngad on eemaldatud, v\u00f5ib otsakork h\u00fcdraulilise r\u00f5hu v\u00f5i h\u00f5\u00f5rdumise t\u00f5ttu ikkagi tihedalt suletud olla. Koputage otsakorgi perimeetrit \u00f5rnalt kummivasaraga. See aitab lahti murda liimi- v\u00f5i tihendusmaterjali ja otsakorgi lahti teha.<\/li>\n<li><strong>Kangutage otsakork lahti:<\/strong> Kui otsakork on lahti keeratud, kanguta see ettevaatlikult lahti kangi v\u00f5i kruvikeerajaga. Alusta \u00fchest servast ja liigu ringiratast, avaldades \u00f5rna ja \u00fchtlast survet, et v\u00e4ltida silindri v\u00f5i otsakorgi kahjustamist. Koputa kangi kergelt kummihaamriga, et aidata otsakorki vabastada.<\/li>\n<li><strong>Kontrollige ja puhastage:<\/strong> Kui otsakork on eemaldatud, kontrollige seda kahjustuste, kulumise v\u00f5i lekete suhtes. Pange t\u00e4hele k\u00f5iki tihendeid v\u00f5i tihendeid, mis v\u00f5ivad vajada vahetamist. Puhastage otsakork ja silindri kinnituspind hoolikalt, et tagada korralik tihend uuesti kokkupanekul.<\/li>\n<\/ol>\n<\/div>\n<\/div>\n<\/div>\n<\/div>\n<\/div>\n<\/div>\n<h2><strong>Tehase v\u00f5imekus ja suutlikkus:<\/strong><\/h2>\n<h3>(1) Kokkupanek<\/h3>\n<p>Meil on esmaklassiline s\u00f5ltumatu teadus- ja arendustegevuse montaa\u017eiplatvorm. H\u00fcdrosilindrite tootmist\u00f6\u00f6kojas on neli poolautomaatset t\u00f5stesilindrite koosteliini ja \u00fcks automaatne kallutussilindrite koosteliin, mille kavandatud aastane tootmisv\u00f5imsus on 1 miljon t\u00fckki. Spetsiaalsete silindrite t\u00f6\u00f6koda on varustatud erinevate spetsifikatsioonidega poolautomaatse puhastusmontaa\u017eis\u00fcsteemiga, mille kavandatud aastane tootmisv\u00f5imsus on 200 000 ja mis on varustatud kuulsate CNC-t\u00f6\u00f6tlemisseadmete, mehaanilise t\u00f6\u00f6tlemise keskuse, suure t\u00e4psusega silindrite t\u00f6\u00f6tlemise eriseadmete, robotkeevitusmasina, automaatse puhastusmasina, automaatse silindri kokkupanemise masina ja automaatse v\u00e4rvimise tootmisliiniga. Olemasolevad kriitilised seadmed rohkem kui 300 komplekti (komplekti). Seadmete ressursside optimaalne jaotamine ja t\u00f5hus kasutamine tagavad toodete t\u00e4psusn\u00f5uded ja vastavad toodete kvaliteedin\u00f5uetele.<\/p>\n<p><img loading=\"lazy\" decoding=\"async\" class=\"alignnone wp-image-626\" src=\"https:\/\/hydraulic-cylinders.net\/wp-content\/uploads\/2023\/08\/hydraulic-cylinder-product-1-300x158.webp\" alt=\"\" width=\"495\" height=\"260\" srcset=\"https:\/\/hydraulic-cylinders.net\/wp-content\/uploads\/2023\/08\/hydraulic-cylinder-product-1-300x158.webp 495w, https:\/\/hydraulic-cylinders.net\/wp-content\/uploads\/2023\/08\/hydraulic-cylinder-product-1-480x252.webp 480w\" sizes=\"(min-width: 0px) and (max-width: 480px) 480px, (min-width: 481px) 495px, 100vw\" \/> <img loading=\"lazy\" decoding=\"async\" class=\"alignnone wp-image-627\" src=\"https:\/\/hydraulic-cylinders.net\/wp-content\/uploads\/2023\/08\/hydraulic-cylinder-product-2-300x189.webp\" alt=\"\" width=\"413\" height=\"260\" \/><\/p>\n<h3>(2) T\u00f6\u00f6tlemine<\/h3>\n<p>T\u00f6\u00f6deldav t\u00f6\u00f6koda on varustatud kohandatud kallutatud r\u00f6\u00f6pse treipingi keskuse, mehaanilise keskuse, kiire lihvimismasina, keevitusroboti ja muude seotud seadmetega, mis suudavad t\u00f6\u00f6delda silindritorusid, mille maksimaalne sisel\u00e4bim\u00f5\u00f5t on 400 mm ja maksimaalne pikkus on 6 meetrit.<\/p>\n<p><img loading=\"lazy\" decoding=\"async\" class=\"alignnone wp-image-628 size-large\" src=\"https:\/\/hydraulic-cylinders.net\/wp-content\/uploads\/2023\/08\/hydraulic-cylinder-product-3-1024x391.webp\" alt=\"\" width=\"1024\" height=\"391\" srcset=\"https:\/\/hydraulic-cylinders.net\/wp-content\/uploads\/2023\/08\/hydraulic-cylinder-product-3-980x374.webp 980w, https:\/\/hydraulic-cylinders.net\/wp-content\/uploads\/2023\/08\/hydraulic-cylinder-product-3-480x183.webp 480w\" sizes=\"(min-width: 0px) and (max-width: 480px) 480px, (min-width: 481px) and (max-width: 980px) 980px, (min-width: 981px) 1024px, 100vw\" \/><\/p>\n<h3>(3) Keevitamine<\/h3>\n<p><img loading=\"lazy\" decoding=\"async\" class=\"alignnone wp-image-629 size-large\" src=\"https:\/\/hydraulic-cylinders.net\/wp-content\/uploads\/2023\/08\/hydraulic-cylinder-product-4-1024x510.webp\" alt=\"\" width=\"1024\" height=\"510\" srcset=\"https:\/\/hydraulic-cylinders.net\/wp-content\/uploads\/2023\/08\/hydraulic-cylinder-product-4-980x488.webp 980w, https:\/\/hydraulic-cylinders.net\/wp-content\/uploads\/2023\/08\/hydraulic-cylinder-product-4-480x239.webp 480w\" sizes=\"(min-width: 0px) and (max-width: 480px) 480px, (min-width: 481px) and (max-width: 980px) 980px, (min-width: 981px) 1024px, 100vw\" \/><\/p>\n<h3>(4) V\u00e4rvimine ja katmine<\/h3>\n<p>V\u00e4ikese ja keskmise suurusega silindri automaatse veep\u00f5hise v\u00e4rvipinnakattega liinide abil, et saavutada automaatne robotlaadimine ja mahalaadimine ning automaatne pihustamine, projekteerimisv\u00f5imsus 4000 t\u00fckki vahetuse kohta;<br \/>\nMeil on ka poolautomaatne suurte balloonide v\u00e4rvimise tootmisliin, mis t\u00f6\u00f6tab j\u00f5ukettaga ja mille projekteerimisv\u00f5imsus on 60 kasti \u00fche vahetuse kohta.<\/p>\n<p><img loading=\"lazy\" decoding=\"async\" class=\"alignnone wp-image-630\" src=\"https:\/\/hydraulic-cylinders.net\/wp-content\/uploads\/2023\/08\/hydraulic-cylinder-product-5-300x213.webp\" alt=\"\" width=\"366\" height=\"260\" \/> <img loading=\"lazy\" decoding=\"async\" class=\"alignnone wp-image-631\" src=\"https:\/\/hydraulic-cylinders.net\/wp-content\/uploads\/2023\/08\/hydraulic-cylinder-product-6-300x225.webp\" alt=\"\" width=\"347\" height=\"260\" \/><\/p>\n<h3>(5) Testimine<\/h3>\n<p>Meil on esmaklassilised kontrolliseadmed ja katsestendid, et tagada silindri j\u00f5udlus vastavus n\u00f5uetele.<\/p>\n<p><img loading=\"lazy\" decoding=\"async\" class=\"alignnone wp-image-632\" src=\"https:\/\/hydraulic-cylinders.net\/wp-content\/uploads\/2023\/08\/hydraulic-cylinder-product-8-300x200.webp\" alt=\"\" width=\"389\" height=\"260\" \/><\/p>\n<p>&nbsp;<\/p>\n<p>&nbsp;<\/p>\n<p>Oleme \u00fcks parimaid h\u00fcdrosilindrite tootjaid. Pakume laia valikut h\u00fcdrosilindreid. Pakume ka vastavaid... <a href=\"https:\/\/hzpt.com\/agricultural-pto-gearbox\/\" target=\"_blank\" rel=\"noopener\">p\u00f5llumajanduslikud k\u00e4igukastid<\/a>. Oleme eksportinud oma tooteid klientidele \u00fcle maailma ja teeninud hea maine t\u00e4nu meie suurep\u00e4rasele tootekvaliteedile ja m\u00fc\u00fcgij\u00e4rgsele teenindusele. Me tervitame kliente kodus ja v\u00e4lismaal, et v\u00f5tta meiega \u00fchendust, et pidada l\u00e4bir\u00e4\u00e4kimisi \u00e4ri, vahetada teavet ja <a href=\"https:\/\/www.hydraulic-cylinders.net\/et\/contact-us\/\">teha meiega koost\u00f6\u00f6d<\/a>!<\/p>","protected":false},"excerpt":{"rendered":"<p>Press Clamping Cylinder The press clamping cylinder is a cutting-edge product that delivers exceptional performance and reliability in various industrial applications. With its advanced features and robust design, this cylinder offers enhanced clamping force, precise control, and improved productivity. The press clamping cylinder is a game-changer in industrial applications, offering high clamping force, precise control, [&hellip;]<\/p>","protected":false},"featured_media":1646,"comment_status":"open","ping_status":"closed","template":"","meta":{"_et_pb_use_builder":"","_et_pb_old_content":"","_et_gb_content_width":""},"product_brand":[],"product_cat":[1522,1549,1376],"product_tag":[1380],"class_list":{"0":"post-1644","1":"product","2":"type-product","3":"status-publish","4":"has-post-thumbnail","6":"product_cat-press-hydraulic-cylinders","7":"product_cat-single-acting-hydraulic-cylinder","8":"product_cat-hydraulic-cylinder","9":"product_tag-hydraulic-cylinder","11":"first","12":"instock","13":"shipping-taxable","14":"product-type-simple"},"amp_enabled":true,"_links":{"self":[{"href":"https:\/\/www.hydraulic-cylinders.net\/et\/wp-json\/wp\/v2\/product\/1644","targetHints":{"allow":["GET"]}}],"collection":[{"href":"https:\/\/www.hydraulic-cylinders.net\/et\/wp-json\/wp\/v2\/product"}],"about":[{"href":"https:\/\/www.hydraulic-cylinders.net\/et\/wp-json\/wp\/v2\/types\/product"}],"replies":[{"embeddable":true,"href":"https:\/\/www.hydraulic-cylinders.net\/et\/wp-json\/wp\/v2\/comments?post=1644"}],"wp:featuredmedia":[{"embeddable":true,"href":"https:\/\/www.hydraulic-cylinders.net\/et\/wp-json\/wp\/v2\/media\/1646"}],"wp:attachment":[{"href":"https:\/\/www.hydraulic-cylinders.net\/et\/wp-json\/wp\/v2\/media?parent=1644"}],"wp:term":[{"taxonomy":"product_brand","embeddable":true,"href":"https:\/\/www.hydraulic-cylinders.net\/et\/wp-json\/wp\/v2\/product_brand?post=1644"},{"taxonomy":"product_cat","embeddable":true,"href":"https:\/\/www.hydraulic-cylinders.net\/et\/wp-json\/wp\/v2\/product_cat?post=1644"},{"taxonomy":"product_tag","embeddable":true,"href":"https:\/\/www.hydraulic-cylinders.net\/et\/wp-json\/wp\/v2\/product_tag?post=1644"}],"curies":[{"name":"wp","href":"https:\/\/api.w.org\/{rel}","templated":true}]}}