{"id":16451,"date":"2025-01-21T05:26:16","date_gmt":"2025-01-21T05:26:16","guid":{"rendered":"https:\/\/www.hydraulic-cylinders.net\/product\/arm-cylinder-for-sunward-middle-excavator-swe230e\/"},"modified":"2025-01-21T05:26:18","modified_gmt":"2025-01-21T05:26:18","slug":"arm-cylinder-for-sunward-middle-excavator-swe230e","status":"publish","type":"product","link":"https:\/\/www.hydraulic-cylinders.net\/et\/toode\/arm-cylinder-for-sunward-middle-excavator-swe230e\/","title":{"rendered":"Sunward Middle ekskavaatori SWE230E \u00f5lavarre silinder"},"content":{"rendered":"<h1>Sunward Middle ekskavaatori SWE230E \u00f5lavarre silinder<\/h1>\n<h2>Sissejuhatus<\/h2>\n<p>H\u00fcdrovarre silinder on spetsiaalselt konstrueeritud h\u00fcdrauliline silinder, mida kasutatakse lineaarse liikumise ja j\u00f5u tagamiseks erinevate masinate, n\u00e4iteks ekskavaatorite, kraanade ja robotk\u00e4te k\u00e4epidemetele. H\u00fcdrovarre silinder m\u00e4ngib h\u00fcdraulikas\u00fcsteemis kriitilist rolli, v\u00f5imaldades t\u00e4iendavate t\u00f6\u00f6riistade v\u00f5i lisaseadmete liikumist ja juhtimist. Need silindrid mitte ainult ei taga sujuvat liikumist, vaid taluvad ka suuri koormusi, tagades masinate t\u00f5husa t\u00f6\u00f6 ja t\u00f6\u00f6kindluse erinevates t\u00f6\u00f6tingimustes.<\/p>\n<p><img decoding=\"async\" src=\"https:\/\/www.hydraulic-cylinders.net\/wp-content\/uploads\/2025\/01\/songte-company-2.webp\" alt=\"K\u00e4e silindri pilt\"><\/p>\n<h3>Definitsioon ja selgitus<\/h3>\n<p>H\u00fcdrosilindriks on h\u00fcdrauliline silinder, mis tagab lineaarse liikumise ja j\u00f5u erinevate masinate, n\u00e4iteks ekskavaatorite, kraanade ja robotk\u00e4te k\u00e4ppadele. Sellised h\u00fcdraulilised silindrid m\u00e4ngivad h\u00fcdraulikas\u00fcsteemis olulist rolli, v\u00f5imaldades t\u00e4iendavate t\u00f6\u00f6riistade v\u00f5i lisaseadmete liikumist ja juhtimist. Need silindrid mitte ainult ei taga sujuvat liikumist, vaid taluvad ka suuri koormusi, tagades masinate t\u00f5husa t\u00f6\u00f6 ja t\u00f6\u00f6kindluse erinevates t\u00f6\u00f6tingimustes.<\/p>\n<h2>Omadused<\/h2>\n<ul>\n<li>\n<h3>Suure t\u00f5hususega k\u00e4igukast<\/h3>\n<p> K\u00e4epideme silindrid suudavad pakkuda v\u00f5imsat lineaarset liikumist ja j\u00f5udu, tagades masinak\u00e4epideme k\u00f5rge efektiivsuse erinevates toimingutes.<\/li>\n<li>\n<h3>T\u00e4pne kontroll<\/h3>\n<p> H\u00fcdraulilise s\u00fcsteemi abil saavad k\u00e4sivarre silindrid saavutada t\u00e4pse liikumise juhtimise, muutes lisat\u00f6\u00f6riistade t\u00f6\u00f6 paindlikumaks ja t\u00e4psemaks.<\/li>\n<li>\n<h3>Vastupidav<\/h3>\n<p> K\u00e4epideme silindrid on tavaliselt valmistatud \u00fclitugevatest materjalidest, millel on hea kulumis- ja korrosioonikindlus ning mis sobivad pikaajaliseks kasutamiseks karmides keskkondades.<\/li>\n<li>\n<h3>Multifunktsionaalne kohanemisv\u00f5ime<\/h3>\n<p> Neid silindreid saab laialdaselt kasutada erinevates mehaanilistes seadmetes, n\u00e4iteks ekskavaatorites, kraanades ja robotk\u00e4tes, et kohaneda erinevate t\u00f6\u00f6n\u00f5uetega.<\/li>\n<li>\n<h3>Lihtne hooldus<\/h3>\n<p> Projekteerimisel on arvestatud hoolduse ja asendamise lihtsusega, mis muudab regulaarsed kontrollid ja hoolduse mugavamaks, v\u00e4hendades seadmete seisakuid.<\/li>\n<\/ul>\n<p>Me saame toota seda toodet, mis suudab need h\u00fcdraulilised silindrid ideaalselt asendada.<\/p>\n<p><img decoding=\"async\" src=\"https:\/\/www.hydraulic-cylinders.net\/wp-content\/uploads\/2025\/01\/songte-oil-pipes-and-spare-parts.webp\" alt=\"Toote pilt\"><\/p>\n<h2>Rakendused<\/h2>\n<p>K\u00e4epideme silindril on lai valik rakendusi erinevates t\u00f6\u00f6stusharudes:<\/p>\n<ul>\n<li>\n<h3>Ehitustehnika<\/h3>\n<p> Poomisilindreid kasutatakse ekskavaatorite ja kraanade koppade v\u00f5i poomide liikumise juhtimiseks mullat\u00f6\u00f6de, materjalide k\u00e4itlemise ja konstruktsioonide paigaldamise ajal.<\/li>\n<li>\n<h3>Tootmine<\/h3>\n<p> K\u00e4epideme silindreid kasutatakse robotk\u00e4te liigutamiseks automatiseeritud tootmisliinidel, n\u00e4iteks montaa\u017eil, keevitamisel ja k\u00e4sitsemisel, parandades tootmise efektiivsust ja t\u00e4psust.<\/li>\n<li>\n<h3>P\u00f5llumajandustehnika<\/h3>\n<p> \u00d5\u00f5tshoova silindrid juhivad p\u00f5llumajandusmasinate, n\u00e4iteks kombainide ja k\u00fclvikute t\u00f6\u00f6\u00f5lade liikumist, t\u00e4ites selliseid \u00fclesandeid nagu k\u00fclvamine, v\u00e4etamine ja koristamine.<\/li>\n<li>\n<h3>Kaevandamine<\/h3>\n<p> K\u00e4epideme silindreid kasutatakse kaevandusseadmete k\u00e4epideme liikumise juhtimiseks, n\u00e4iteks kaevandamise ja mineraalide transpordi teostamiseks.<\/li>\n<li>\n<h3>Logistika ja transport<\/h3>\n<p> Kahvelt\u00f5stukite ja robotite kahvlite t\u00f5stmise ja liikumise juhtimiseks kasutatakse k\u00e4sisilindreid, teostades materjalide k\u00e4itlemist ja virnastamist.<\/li>\n<\/ul>\n<h2>Projekteerimiskaalutlused ja valikukriteeriumid<\/h2>\n<p>Projekteerimiskaalutluste ja valikukriteeriumide osas peab \u00f5\u00f5tsilinder vastama konkreetsetele n\u00f5uetele:<\/p>\n<ul>\n<li>\n<h3>Kandev\u00f5ime<\/h3>\n<p> K\u00e4epideme silindril peaks olema piisav kandev\u00f5ime, et see vastaks erinevate masinate n\u00f5uetele erinevates t\u00f6\u00f6tingimustes.<\/li>\n<li>\n<h3>Tihendus<\/h3>\n<p> K\u00e4epideme silindril peab olema t\u00f5hus tihend, et v\u00e4ltida v\u00e4lise tolmu ja lisandite sattumist silindrisse ning tagada usaldusv\u00e4\u00e4rne h\u00fcdraulikas\u00fcsteem.<\/li>\n<li>\n<h3>Vastupidavus<\/h3>\n<p> K\u00e4epideme silinder peaks olema valmistatud \u00fclitugevatest materjalidest, millel on hea kulumis- ja korrosioonikindlus, et tagada pikaajaline kasutamine karmides keskkondades.<\/li>\n<li>\n<h3>Ohutus<\/h3>\n<p> Ohutus on \u00fclioluline ja \u00f5lasilindril peab olema usaldusv\u00e4\u00e4rne ohutusseade, et v\u00e4ltida \u00fclekoormusest v\u00f5i muudest riketest tingitud \u00f5nnetusi.<\/li>\n<li>\n<h3>Hooldatavus<\/h3>\n<p> K\u00e4epideme silindri konstruktsioonil tuleks arvestada hoolduse ja osade vahetamise lihtsusega, v\u00e4hendades seisakuid ja hoolduskulusid.<\/li>\n<\/ul>\n<p><img decoding=\"async\" src=\"https:\/\/www.hydraulic-cylinders.net\/wp-content\/uploads\/2025\/01\/songte-cylinder-head-with-all-kinds-excavator-models.webp\" alt=\"Toote pilt\"><\/p>\n<h2>Tihendus ja m\u00e4\u00e4rimine<\/h2>\n<p>H\u00fcdrovarre silindris kasutatakse mitmesuguseid tihenduskomponente, n\u00e4iteks kolvitihendeid, vardatihendeid jne. Need tihendid on valmistatud kulumiskindlatest materjalidest, nagu pol\u00fcuretaan ja nitriilkummi. Silindri korpus ja keermestatud otsapind on t\u00e4pselt t\u00f6\u00f6deldud, et suurendada kulumiskindlust. H\u00fcdrovarre silindrile tuleb regulaarselt lisada sobiv kogus h\u00fcdraulika\u00f5li, et tagada korralik m\u00e4\u00e4rimine.<\/p>\n<h2>Kontroll ja hooldus<\/h2>\n<p>Regulaarne kontroll ja ennetavad hooldusmeetmed v\u00f5ivad pikendada \u00f5\u00f5tshoovasilindrite kasutusiga. Peamised meetmed h\u00f5lmavad j\u00e4rgmist:<\/p>\n<ul>\n<li>\n<h3>K\u00e4epideme silindri regulaarne kontroll<\/h3>\n<p> Kontrollige silindri korpust ja liikuvaid osi kahjustuste v\u00f5i deformatsioonide suhtes, kontrollige tihendeid ja veenduge, et h\u00fcdros\u00fcsteem on puhas ja takistusteta.<\/li>\n<li>\n<h3>Puhastamine ja asendamine<\/h3>\n<p> Puhastage ja vahetage regulaarselt k\u00f5ik kahjustatud v\u00f5i kulunud osad, n\u00e4iteks tihendid.<\/li>\n<li>\n<h3>\u00d5ige m\u00e4\u00e4rimine<\/h3>\n<p> Lisage regulaarselt vajalik kogus h\u00fcdraulika\u00f5li, et tagada korralik m\u00e4\u00e4rimine.<\/li>\n<\/ul>\n<h2>Paigaldusjuhend<\/h2>\n<p>N\u00f5uetekohase paigaldamise jaoks j\u00e4rgige neid samme:<\/p>\n<ol>\n<li>Veenduge, et masin on v\u00e4lja l\u00fclitatud ja stabiilses asendis.<\/li>\n<li>Eemaldage vana \u00f5\u00f5tsilinder ja puhastage kinnituspind.<\/li>\n<li>Apply a small amount of grease to the new arm cylinder&#8217;s mounting surface.<\/li>\n<li>Paigaldage uus hoova silinder ja pingutage kinnituspoldid etten\u00e4htud p\u00f6\u00f6rdemomendini.<\/li>\n<li>\u00dchendage h\u00fcdraulikavoolikud ja liitmikud.<\/li>\n<li>Kontrollige uue \u00f5lasilindri toimimist ja lekkeid.<\/li>\n<\/ol>\n<p><img decoding=\"async\" src=\"https:\/\/www.hydraulic-cylinders.net\/wp-content\/uploads\/2025\/01\/songte-bushings-with-all-kinds-of-excavator-models.webp\" alt=\"Toote pilt\"><\/p>\n<h2>Ohutuskaalutlused ja keskkonnategurid<\/h2>\n<p>\u00d5\u00f5tshoovasilindrite kasutamisel on \u00f5nnetuste v\u00e4ltimiseks oluline j\u00e4rgida asjakohaseid ohutuseeskirju ja -juhiseid. Ohutusmeetmete hulka kuuluvad seadmete regulaarne kontrollimine, seadmete n\u00f5uetekohase kasutamise tagamine ning \u00fclekoormuse v\u00f5i v\u00e4\u00e4rkasutuse v\u00e4ltimine.<\/p>\n<h2>Veaotsing ja levinud probleemid<\/h2>\n<p>Levinud \u00f5\u00f5tshoova silindri probleemide hulka kuuluvad leke, halb j\u00f5udlus ja kulumine. Siin on m\u00f5ned n\u00e4pun\u00e4ited nende probleemide diagnoosimiseks ja lahendamiseks:<\/p>\n<ul>\n<li>\n<h3>Leke<\/h3>\n<p> Kontrollige tihenduskomponentide kulumist v\u00f5i kahjustusi, vahetage kahjustatud osad v\u00e4lja ja veenduge, et h\u00fcdraulikas\u00fcsteem on puhas ja takistusteta.<\/li>\n<li>\n<h3>Kehv j\u00f5udlus<\/h3>\n<p> Kontrollige h\u00fcdraulikas\u00fcsteemi v\u00f5imalike probleemide suhtes, n\u00e4iteks madal vedelikutase, ummistused v\u00f5i pumba v\u00f5i mootori kahjustused.<\/li>\n<li>\n<h3>Kandke<\/h3>\n<p> Kontrollige silindri korpuse v\u00f5i liikuvate osade, n\u00e4iteks kolvi v\u00f5i varda kulumist ja vahetage kulunud osad v\u00e4lja.<\/li>\n<\/ul>\n<p>Regulaarne kontroll ja ennetav hooldus aitavad v\u00e4ltida nende probleemide teket.<\/p>\n<h2>Meist<\/h2>\n<p>We are a professional manufacturer of replacement hydraulic cylinders, offering a wide range of products and becoming one of the leading hydraulic cylinder manufacturers and wholesale distributors in both domestic and international markets. We always adhere to the principle of excellent quality and continually improve our production efficiency and technological level. By introducing advanced digital manufacturing equipment and professional testing systems, we continuously optimize our manufacturing platform and improve our product quality control processes. Our goal is to meet customer&#8217;s diverse needs with high efficiency, accuracy, and high-quality principles.<\/p>\n<p><img decoding=\"async\" src=\"https:\/\/www.hydraulic-cylinders.net\/wp-content\/uploads\/2025\/01\/songte-company-4.webp\" alt=\"Toote pilt\"><br \/>\n<img decoding=\"async\" src=\"https:\/\/www.hydraulic-cylinders.net\/wp-content\/uploads\/2025\/01\/songte-company-3.webp\" alt=\"Toote pilt\"><\/p>\n<h3>Professionaalsus<\/h3>\n<p>Meie meeskond koosneb kogenud inseneridest, disaineritest ja m\u00fc\u00fcgipersonalist, kes on p\u00fchendunud professionaalsete teenuste ja lahenduste pakkumisele, mis vastavad k\u00f5igile klientide vajadustele.<\/p>\n<h3>Rahvusvaheline sertifitseerimine<\/h3>\n<p>Oleme l\u00e4binud rahvusvahelise sertifitseerimisprotsessi ja suudame pakkuda oma klientidele kvaliteetseid ja usaldusv\u00e4\u00e4rseid tooteid, mis vastavad rahvusvahelistele standarditele.<\/p>\n<h3>Kohandamise teenused<\/h3>\n<p>We provide customization services to meet customer&#8217;s unique needs, such as altering the size, pressure, and application of the cylinder.<\/p>\n<h3>Tootmisseadmed<\/h3>\n<p>Kasutame t\u00e4iustatud tootmisseadmeid ja tootmistehnoloogiaid, et tagada toote kvaliteet ja parandada tootmise efektiivsust.<\/p>\n<h3>M\u00fc\u00fcgij\u00e4rgne teenindus<\/h3>\n<p>Pakume igak\u00fclgset m\u00fc\u00fcgij\u00e4rgset teenindust, sealhulgas tehnilist tuge, hooldust ja remonti, et tagada maksimaalne klientide rahulolu ja toote toimivus.<\/p>\n<p><img decoding=\"async\" src=\"https:\/\/www.hydraulic-cylinders.net\/wp-content\/uploads\/2025\/01\/songte-chushion-collar.webp\" alt=\"Toote pilt\"><\/p>\n<p>Autor: lyl<\/p>","protected":false},"excerpt":{"rendered":"<p>Arm Cylinder For Sunward Middle Excavator SWE230E Introduction Arm cylinder is a specially designed hydraulic cylinder used to provide linear motion and power to the arms of various machines such as excavators, cranes, and robotic arms. The arm cylinder plays a critical role in the hydraulic system, enabling the movement and control of additional tools [&hellip;]<\/p>","protected":false},"featured_media":14772,"comment_status":"open","ping_status":"closed","template":"","meta":{"_et_pb_use_builder":"","_et_pb_old_content":"","_et_gb_content_width":""},"product_brand":[],"product_cat":[1497],"product_tag":[1498,1496],"class_list":{"0":"post-16451","1":"product","2":"type-product","3":"status-publish","4":"has-post-thumbnail","6":"product_cat-arm-cylinders","7":"product_tag-arm-cylinders","8":"product_tag-hydraulic-cylinders","10":"first","11":"instock","12":"shipping-taxable","13":"product-type-simple"},"amp_enabled":true,"_links":{"self":[{"href":"https:\/\/www.hydraulic-cylinders.net\/et\/wp-json\/wp\/v2\/product\/16451","targetHints":{"allow":["GET"]}}],"collection":[{"href":"https:\/\/www.hydraulic-cylinders.net\/et\/wp-json\/wp\/v2\/product"}],"about":[{"href":"https:\/\/www.hydraulic-cylinders.net\/et\/wp-json\/wp\/v2\/types\/product"}],"replies":[{"embeddable":true,"href":"https:\/\/www.hydraulic-cylinders.net\/et\/wp-json\/wp\/v2\/comments?post=16451"}],"wp:featuredmedia":[{"embeddable":true,"href":"https:\/\/www.hydraulic-cylinders.net\/et\/wp-json\/wp\/v2\/media\/14772"}],"wp:attachment":[{"href":"https:\/\/www.hydraulic-cylinders.net\/et\/wp-json\/wp\/v2\/media?parent=16451"}],"wp:term":[{"taxonomy":"product_brand","embeddable":true,"href":"https:\/\/www.hydraulic-cylinders.net\/et\/wp-json\/wp\/v2\/product_brand?post=16451"},{"taxonomy":"product_cat","embeddable":true,"href":"https:\/\/www.hydraulic-cylinders.net\/et\/wp-json\/wp\/v2\/product_cat?post=16451"},{"taxonomy":"product_tag","embeddable":true,"href":"https:\/\/www.hydraulic-cylinders.net\/et\/wp-json\/wp\/v2\/product_tag?post=16451"}],"curies":[{"name":"wp","href":"https:\/\/api.w.org\/{rel}","templated":true}]}}