{"id":16458,"date":"2025-01-21T05:26:42","date_gmt":"2025-01-21T05:26:42","guid":{"rendered":"https:\/\/www.hydraulic-cylinders.net\/product\/arm-cylinder-for-sunward-large-excavator-swe365elr\/"},"modified":"2025-01-21T05:26:44","modified_gmt":"2025-01-21T05:26:44","slug":"arm-cylinder-for-sunward-large-excavator-swe365elr","status":"publish","type":"product","link":"https:\/\/www.hydraulic-cylinders.net\/et\/toode\/arm-cylinder-for-sunward-large-excavator-swe365elr\/","title":{"rendered":"Sunwardi suure ekskavaatori SWE365ELR \u00f5\u00f5tsilinder"},"content":{"rendered":"<h2>Sunwardi suure ekskavaatori SWE365ELR \u00f5\u00f5tsilinder<\/h2>\n<h3>Sissejuhatus<\/h3>\n<p>H\u00fcdrovarraste silinder on spetsiaalselt loodud h\u00fcdrauliline silinder, mida kasutatakse peamiselt lineaarse liikumise ja j\u00f5u tagamiseks erinevat t\u00fc\u00fcpi masinavarrastele, n\u00e4iteks ekskavaatoritele, kraanadele ja robotvarrastele. H\u00fcdrovarraste silindritel on h\u00fcdraulikas\u00fcsteemides kriitiline roll, v\u00f5imaldades lisaseadmete v\u00f5i tarvikute liikumist ja t\u00f5husat juhtimist. Need silindrid mitte ainult ei saavuta sujuvat liikumist, vaid kannavad ka suuri koormusi, tagades masinate t\u00f5husa t\u00f6\u00f6 ja t\u00f6\u00f6kindluse erinevates t\u00f6\u00f6tingimustes.<\/p>\n<p><img decoding=\"async\" src=\"https:\/\/www.hydraulic-cylinders.net\/wp-content\/uploads\/2025\/01\/songte-company-2.webp\" alt=\"K\u00e4e silindri pilt\"><\/p>\n<h3>Omadused<\/h3>\n<ul>\n<li>T\u00f5hus j\u00f5u\u00fclekanne: \u00d5\u00f5tsilinder tagab v\u00f5imsa lineaarse liikumise ja j\u00f5u, tagades erinevate toimingute ajal suure efektiivsuse.<\/li>\n<li>T\u00e4pne juhtimine: Poolihaamri silinder v\u00f5imaldab h\u00fcdrauliliste s\u00fcsteemide abil saavutada t\u00e4pse liikumise juhtimise, muutes lisaseadmete t\u00f6\u00f6 paindlikumaks ja t\u00e4psemaks.<\/li>\n<li>Tugev vastupidavus: \u00d5\u00f5tshoova silindrid on tavaliselt valmistatud \u00fclitugevatest materjalidest, millel on hea kulumis- ja korrosioonikindlus, mist\u00f5ttu need sobivad pikaajaliseks kasutamiseks karmides keskkondades.<\/li>\n<li>Mitmeotstarbeline kohanemisv\u00f5ime: Neid silindreid saab laialdaselt kasutada erinevates mehaanilistes seadmetes, n\u00e4iteks ekskavaatorites, kraanades ja robotk\u00e4tes, et t\u00e4ita erinevaid t\u00f6\u00f6n\u00f5udeid.<\/li>\n<li>Lihtne hooldus: Projekteerimisel on arvestatud hoolduse ja asendamise lihtsusega, mist\u00f5ttu on regulaarne kontroll ja hooldus mugavamad ning seadmete seisakuid on v\u00e4hem.<\/li>\n<\/ul>\n<p>Me saame toota seda toodet, mis suudab need h\u00fcdraulilised silindrid ideaalselt asendada.<\/p>\n<p><img decoding=\"async\" src=\"https:\/\/www.hydraulic-cylinders.net\/wp-content\/uploads\/2025\/01\/songte-oil-pipes-and-spare-parts.webp\" alt=\"H\u00fcdraulilise silindri pilt\"><\/p>\n<h3>Rakendused<\/h3>\n<p>K\u00e4epideme silindril on lai valik rakendusi erinevates valdkondades, n\u00e4iteks:<\/p>\n<ul>\n<li>Ehitusprojektid: Ekskavaatorites ja kraanades kasutatakse kopa v\u00f5i poomi liikumise juhtimiseks mullat\u00f6\u00f6del, materjalide k\u00e4itlemisel ja konstruktsioonide paigaldamisel \u00f5\u00f5tsilindreid.<\/li>\n<li>T\u00f6\u00f6tlev t\u00f6\u00f6stus: Automatiseeritud tootmisliinidel kasutatakse k\u00e4sisilindreid robotk\u00e4sivarte liikumise juhtimiseks montaa\u017ei-, keevitus- ja k\u00e4sitsemisprotsessides, et parandada tootmise efektiivsust ja t\u00e4psust.<\/li>\n<li>P\u00f5llumajandusmasinad: P\u00f5llumajandusmasinates, n\u00e4iteks kombainides ja k\u00fclvikutes, juhivad k\u00e4sivarresilindrid t\u00f6\u00f6harude liikumist selliste \u00fclesannete t\u00e4itmiseks nagu k\u00fclvamine, v\u00e4etamine ja koristamine.<\/li>\n<li>Kaevandamine: K\u00e4epideme silindreid kasutatakse kaevandusseadmete k\u00e4epideme liikumise juhtimiseks ja maagi transportimiseks kaevandamise ajal.<\/li>\n<li>Logistika ja transport: Kahvelt\u00f5stukite ja robotite kahvlite t\u00f5stmise ja liikumise juhtimiseks kasutatakse k\u00e4sisilindreid, mis v\u00f5imaldavad materjalide k\u00e4itlemist ja virnastamist.<\/li>\n<\/ul>\n<h3>Projekteerimiskaalutlused ja valikukriteeriumid<\/h3>\n<p>K\u00e4epidemete silindrite projekteerimisel tuleks arvestada j\u00e4rgmisega:<\/p>\n<ul>\n<li>Kandev\u00f5ime: \u00d5\u00f5tshoova silindrid peaksid suutma kanda vajalikku koormust.<\/li>\n<li>Sealing: Various seals, such as piston seals and rod seals, should be used to ensure hydraulic fluid doesn&#8217;t leak.<\/li>\n<li>Vastupidavus: K\u00e4epideme silindrid peaksid olema valmistatud \u00fclitugevatest ja kulumiskindlatest materjalidest, et need taluksid karme keskkondi.<\/li>\n<li>Ohutus: \u00d5nnetuste v\u00f5i talitlush\u00e4irete v\u00e4ltimiseks peaksid k\u00e4sisilindrid vastama ohutusstandarditele.<\/li>\n<li>Hooldatavus: \u00d5\u00f5tshoova silindrid peaksid olema konstrueeritud nii, et neid oleks lihtne hooldada ja parandada.<\/li>\n<\/ul>\n<p><img decoding=\"async\" src=\"https:\/\/www.hydraulic-cylinders.net\/wp-content\/uploads\/2025\/01\/songte-cylinder-head-with-all-kinds-excavator-models.webp\" alt=\"Silindripea pilt\"><\/p>\n<h3>Tihendus ja m\u00e4\u00e4rimine<\/h3>\n<p>Various seals, such as piston seals and rod seals, should be used to ensure hydraulic fluid doesn&#8217;t leak. The seals should be made of wear-resistant materials such as polyurethane and nitrile rubber. The cylinder body and thread end surface should be finely processed to improve wear resistance. The arm cylinder requires regular addition of appropriate hydraulic oil for lubrication.<\/p>\n<h3>Hooldus ja ettevaatusabin\u00f5ud<\/h3>\n<p>Regulaarne kontroll ja ennetav hooldus on vajalikud, et tagada poomisilindri n\u00f5uetekohane toimimine ja pikendada selle kasutusiga. Meetmed h\u00f5lmavad j\u00e4rgmist:<\/p>\n<ul>\n<li>Kontrollige regulaarselt \u00f5\u00f5tshoova silindrit kahjustuste v\u00f5i kulumise suhtes.<\/li>\n<li>Silindri puhastamine ja kahjustatud tihendite v\u00f5i osade vahetamine.<\/li>\n<li>L\u00f5dvade poltide v\u00f5i mutrite pingutamine.<\/li>\n<li>H\u00fcdraulika\u00f5li regulaarne vahetamine.<\/li>\n<\/ul>\n<p><img decoding=\"async\" src=\"https:\/\/www.hydraulic-cylinders.net\/wp-content\/uploads\/2025\/01\/songte-chushion-collar.webp\" alt=\"Padjakrae pilt\"><\/p>\n<h3>Paigaldusjuhend<\/h3>\n<p>Ohutu ja usaldusv\u00e4\u00e4rse t\u00f6\u00f6 tagamiseks tuleks \u00f5\u00f5tshoova silinder \u00f5igesti paigaldada. Toimingud h\u00f5lmavad j\u00e4rgmist:<\/p>\n<ul>\n<li>Valmista ette vajalikud t\u00f6\u00f6riistad ja seadmed.<\/li>\n<li>Paigutage silinder ja \u00fchendage see h\u00fcdros\u00fcsteemiga.<\/li>\n<li>Kontrollige silindrit lekete suhtes ja testige selle toimimist.<\/li>\n<li>Kinnitage silinder kindlalt poltide v\u00f5i tihvtidega.<\/li>\n<\/ul>\n<p><img decoding=\"async\" src=\"https:\/\/www.hydraulic-cylinders.net\/wp-content\/uploads\/2025\/01\/songte-bushings-with-all-kinds-of-excavator-models.webp\" alt=\"Pukside pilt\"><\/p>\n<h3>Ohutuskaalutlused ja keskkonnategurid<\/h3>\n<p>K\u00e4epidemete kasutamisel on ohutusmeetmed kriitilise t\u00e4htsusega. Masinaid peaks k\u00e4sitsema ja opereerima n\u00f5uetekohaselt koolitatud personal ning tuleks kasutada ohutusvarustust. K\u00e4epidemete kasutamisel tuleks arvestada ka keskkonnateguritega, nagu temperatuur ja niiskus. <\/p>\n<h3>Veaotsing ja levinud probleemid<\/h3>\n<p>K\u00e4epidemega silindrite levinud probleemide hulka kuuluvad lekked, kahjustused ja talitlush\u00e4ired. Veaotsingu n\u00e4pun\u00e4ited h\u00f5lmavad j\u00e4rgmist:<\/p>\n<ul>\n<li>Silindri kahjustuste v\u00f5i kulumise kontrollimine.<\/li>\n<li>H\u00fcdraulikas\u00fcsteemi lekete kontrollimine.<\/li>\n<li>Silindri t\u00f6\u00f6 testimine.<\/li>\n<\/ul>\n<p>V\u00f5imalike probleemide v\u00e4ltimiseks tuleks regulaarselt teha n\u00f5uetekohast hooldust ja \u00fclevaatust.<\/p>\n<p><img decoding=\"async\" src=\"https:\/\/www.hydraulic-cylinders.net\/wp-content\/uploads\/2025\/01\/songte-company-4.webp\" alt=\"Ettev\u00f5tte kuvand\"><br \/>\n<img decoding=\"async\" src=\"https:\/\/www.hydraulic-cylinders.net\/wp-content\/uploads\/2025\/01\/songte-company-3.webp\" alt=\"Ettev\u00f5tte kuvand\"><\/p>\n<h3>Meist<\/h3>\n<p>Oleme professionaalne asendush\u00fcdrauliliste silindrite tootja, kellel on lai tootevalik. Oleme saanud \u00fcheks juhtivaks h\u00fcdrosilindrite tootjaks ja hulgim\u00fc\u00fcjaks nii sise- kui ka rahvusvahelisel turul. Peame alati kinni suurep\u00e4rase kvaliteedi p\u00f5him\u00f5ttest ja toetume t\u00e4iustatud tootmist\u00f6\u00f6koja industrialiseeritud tootmisjuhtimise strateegiale, et pidevalt parandada oma tehnoloogilist taset ja tootmise efektiivsust. T\u00e4iustatud digitaalsete tootmisseadmete ja professionaalsete testimiss\u00fcsteemide juurutamise abil optimeerime pidevalt oma tootmisplatvormi, t\u00e4iustame tootekvaliteedi kontrolli protsesse ja omame tugevat innovatsiooniv\u00f5imet. Meie eesm\u00e4rk on rahuldada klientide mitmekesiseid vajadusi suure efektiivsuse, t\u00e4psuse ja k\u00f5rgete kvaliteedip\u00f5him\u00f5tete abil.<\/p>\n<p>Meie tugevused on j\u00e4rgmised:<\/p>\n<ul>\n<li>Professionaalsus: Meil \u200b\u200bon kogenud spetsialistide meeskond, kes pakub kvaliteetseid teenuseid ja tooteid.<\/li>\n<li>Rahvusvaheline sertifitseerimine: Oleme omandanud mitmesuguseid rahvusvahelisi sertifikaate, mis tagavad meie toodete vastavuse \u00fclemaailmsetele standarditele.<\/li>\n<li>Kohandusteenused: Pakume kohandatud teenuseid, mis vastavad konkreetsetele vajadustele.<\/li>\n<li>Tootmisseadmed: Kasutame kvaliteetsete toodete tootmiseks t\u00e4iustatud digitaalseid tootmisseadmeid.<\/li>\n<li>M\u00fc\u00fcgij\u00e4rgne teenindus: Pakume suurep\u00e4rast m\u00fc\u00fcgij\u00e4rgset teenindust, et tagada klientide rahulolu.<\/li>\n<\/ul>\n<p>Autor: lyl<\/p>","protected":false},"excerpt":{"rendered":"<p>Arm Cylinder For Sunward Large Excavator SWE365ELR Introduction The arm cylinder is a specially designed hydraulic cylinder, mainly used to provide linear motion and power for various types of machine arms such as excavators, cranes, and robotic arms. Arm cylinders play a critical role in hydraulic systems, enabling attachments or accessories to move and be [&hellip;]<\/p>","protected":false},"featured_media":14779,"comment_status":"open","ping_status":"closed","template":"","meta":{"_et_pb_use_builder":"","_et_pb_old_content":"","_et_gb_content_width":""},"product_brand":[],"product_cat":[1497],"product_tag":[1498,1496],"class_list":{"0":"post-16458","1":"product","2":"type-product","3":"status-publish","4":"has-post-thumbnail","6":"product_cat-arm-cylinders","7":"product_tag-arm-cylinders","8":"product_tag-hydraulic-cylinders","10":"first","11":"instock","12":"shipping-taxable","13":"product-type-simple"},"amp_enabled":true,"_links":{"self":[{"href":"https:\/\/www.hydraulic-cylinders.net\/et\/wp-json\/wp\/v2\/product\/16458","targetHints":{"allow":["GET"]}}],"collection":[{"href":"https:\/\/www.hydraulic-cylinders.net\/et\/wp-json\/wp\/v2\/product"}],"about":[{"href":"https:\/\/www.hydraulic-cylinders.net\/et\/wp-json\/wp\/v2\/types\/product"}],"replies":[{"embeddable":true,"href":"https:\/\/www.hydraulic-cylinders.net\/et\/wp-json\/wp\/v2\/comments?post=16458"}],"wp:featuredmedia":[{"embeddable":true,"href":"https:\/\/www.hydraulic-cylinders.net\/et\/wp-json\/wp\/v2\/media\/14779"}],"wp:attachment":[{"href":"https:\/\/www.hydraulic-cylinders.net\/et\/wp-json\/wp\/v2\/media?parent=16458"}],"wp:term":[{"taxonomy":"product_brand","embeddable":true,"href":"https:\/\/www.hydraulic-cylinders.net\/et\/wp-json\/wp\/v2\/product_brand?post=16458"},{"taxonomy":"product_cat","embeddable":true,"href":"https:\/\/www.hydraulic-cylinders.net\/et\/wp-json\/wp\/v2\/product_cat?post=16458"},{"taxonomy":"product_tag","embeddable":true,"href":"https:\/\/www.hydraulic-cylinders.net\/et\/wp-json\/wp\/v2\/product_tag?post=16458"}],"curies":[{"name":"wp","href":"https:\/\/api.w.org\/{rel}","templated":true}]}}