{"id":16505,"date":"2025-01-21T05:29:57","date_gmt":"2025-01-21T05:29:57","guid":{"rendered":"https:\/\/www.hydraulic-cylinders.net\/product\/arm-cylinder-for-liugong-middle-excavator-clg225c\/"},"modified":"2025-01-21T05:30:14","modified_gmt":"2025-01-21T05:30:14","slug":"arm-cylinder-for-liugong-middle-excavator-clg225c","status":"publish","type":"product","link":"https:\/\/www.hydraulic-cylinders.net\/et\/toode\/arm-cylinder-for-liugong-middle-excavator-clg225c\/","title":{"rendered":"Liugongi keskmise ekskavaatori CLG225C k\u00e4sisilinder"},"content":{"rendered":"<p>Liugongi keskmise ekskavaatori CLG225C k\u00e4sisilinder <\/p>\n<p>Sissejuhatus<\/p>\n<p>H\u00fcdrovarda silinder on spetsiaalselt konstrueeritud h\u00fcdrauliline silinder, mida kasutatakse peamiselt lineaarse liikumise ja j\u00f5u tagamiseks erinevat t\u00fc\u00fcpi masinate, n\u00e4iteks ekskavaatorite, kraanade ja mehaaniliste hoobade hoovadele. H\u00fcdrovarda silinder m\u00e4ngib h\u00fcdraulikas\u00fcsteemides olulist rolli, v\u00f5imaldades kinnitatud t\u00f6\u00f6riistade v\u00f5i lisaseadmete liikumist ja t\u00f5husat juhtimist. Need silindrid mitte ainult ei taga sujuvat liikumist, vaid taluvad ka suuri koormusi, tagades masinate t\u00f5husa t\u00f6\u00f6 ja t\u00f6\u00f6kindluse erinevates t\u00f6\u00f6tingimustes.<\/p>\n<p>Definitsioon ja selgitus<\/p>\n<p>H\u00fcdrovarre silinder on teatud t\u00fc\u00fcpi h\u00fcdrauliline silinder, mida kasutatakse lineaarse liikumise ja j\u00f5u tagamiseks erinevat t\u00fc\u00fcpi masinate, n\u00e4iteks ekskavaatorite, kraanade ja mehaaniliste hoobade hoovadele. See on h\u00fcdraulikas\u00fcsteemide oluline komponent, mis v\u00f5imaldab kinnitatud t\u00f6\u00f6riistadel v\u00f5i lisaseadmetel liikuda ja neid t\u00f5husalt juhtida. Need silindrid on konstrueeritud vastupidavaks ja t\u00f6\u00f6kindlaks, pakkudes sujuvat liikumist ja taludes suuri koormusi.<\/p>\n<p><img decoding=\"async\" src=\"https:\/\/www.hydraulic-cylinders.net\/wp-content\/uploads\/2025\/01\/songte-company-2.webp\" alt=\"K\u00e4e silinder\" \/><\/p>\n<p>Omadused<\/p>\n<p>K\u00e4epideme silindril on mitu omadust, mis muudavad selle erinevat t\u00fc\u00fcpi masinate oluliseks komponendiks. M\u00f5ned neist omadustest on j\u00e4rgmised:<\/p>\n<p>1. Suure efektiivsusega \u00fclekanne: \u00f5\u00f5tshoova silinder tagab v\u00f5imsa lineaarse liikumise ja j\u00f5u, tagades mehaanilise \u00f5\u00f5tsa t\u00f5husa j\u00f5udluse erinevates toimingutes.<\/p>\n<p>2. T\u00e4pne juhtimine: H\u00fcdrauliliste s\u00fcsteemide abil saab k\u00e4sivarre silinder saavutada t\u00e4pse liikumise juhtimise, muutes kinnitatud t\u00f6\u00f6riistade t\u00f6\u00f6 paindlikumaks ja t\u00e4psemaks.<\/p>\n<p>3. Tugev vastupidavus: K\u00e4epideme silinder on tavaliselt valmistatud \u00fclitugevatest materjalidest ning sellel on hea kulumis- ja korrosioonikindlus, mist\u00f5ttu see sobib pikaajaliseks kasutamiseks karmides keskkondades.<\/p>\n<p>4. Multifunktsionaalne kohanemisv\u00f5ime: Neid silindreid saab laialdaselt kasutada erinevat t\u00fc\u00fcpi masinates, n\u00e4iteks ekskavaatorites, kraanades ja mehaanilistes k\u00e4sivartes, ning need saavad kohaneda erinevate t\u00f6\u00f6n\u00f5uetega.<\/p>\n<p>5. Lihtne hooldus: Hoolduse ja vahetamise lihtsust silmas pidades loodud \u00f5\u00f5tsilinder muudab regulaarse kontrolli ja hoolduse mugavamaks, v\u00e4hendades seel\u00e4bi seadmete seisakuid.<\/p>\n<p>Me saame seda toodet toota ja meie tooted saavad neid h\u00fcdrosilindreid ideaalselt asendada.<\/p>\n<p><img decoding=\"async\" src=\"https:\/\/www.hydraulic-cylinders.net\/wp-content\/uploads\/2025\/01\/songte-oil-pipes-and-spare-parts.webp\" alt=\"H\u00fcdrauliline silinder\" \/><\/p>\n<p>Rakendused<\/p>\n<p>\u00d5\u00f5tshoova silindril on erinevates t\u00f6\u00f6stusharudes mitmesuguseid rakendusi. M\u00f5ned neist rakendustest h\u00f5lmavad j\u00e4rgmist:<\/p>\n<p>1. Ehitus: Ekskavaatorites ja kraanades kasutatakse poomi silindrit kopa v\u00f5i poomi liikumise juhtimiseks mullat\u00f6\u00f6del, materjalide k\u00e4itlemisel ja konstruktsioonide paigaldamisel.<\/p>\n<p>2. Tootmine: Automatiseeritud tootmisliinidel kasutatakse \u00f5lasilindrit mehaaniliste \u00f5la liigutamiseks montaa\u017ei-, keevitus- ja k\u00e4sitsemisprotsessides, parandades tootmise efektiivsust ja t\u00e4psust.<\/p>\n<p>3. P\u00f5llumajandusmasinad: P\u00f5llumajandusmasinates, n\u00e4iteks kombainides ja istutusmasinates, juhib \u00f5\u00f5tshoova silinder juhthoova liikumist, t\u00e4ites selliseid \u00fclesandeid nagu k\u00fclvamine, v\u00e4etamine ja koristamine.<\/p>\n<p>4. Kaevandamine: Kaevandusseadmetes kasutatakse k\u00e4sivarre silindrit kaevandusseadmete k\u00e4e liikumise juhtimiseks, kaevandamiseks ja mineraalide transportimiseks.<\/p>\n<p>5. Logistika ja transport: Kahvelt\u00f5stukites ja robotites kasutatakse kahvli t\u00f5stmise ja liikumise juhtimiseks k\u00e4e silindrit, saavutades materjalide k\u00e4itlemise ja virnastamise.<\/p>\n<p>Projekteerimiskaalutlused ja valikukriteeriumid<\/p>\n<p>K\u00e4epideme silindri disain on selle j\u00f5udluse ja vastupidavuse seisukohalt \u00fclioluline. K\u00e4epideme valimisel tuleb silmas pidada mitmeid olulisi kaalutlusi, sealhulgas:<\/p>\n<p>1. Kandev\u00f5ime: Poolisilinder peab olema konstrueeritud taluma maksimaalset koormust, millega see t\u00f6\u00f6tamise ajal kokku puutub.<\/p>\n<p>2. Tihend: \u00d5lipumba silindri tihend peab olema hoolikalt projekteeritud, et v\u00e4ltida \u00f5lilekkeid ja tagada selle sujuv t\u00f6\u00f6.<\/p>\n<p>3. Vastupidavus: K\u00e4epideme silinder peab olema valmistatud \u00fclitugevatest materjalidest, et see taluks karme t\u00f6\u00f6keskkondi ja tagaks pikaajalise t\u00f6\u00f6kindluse.<\/p>\n<p>4. Ohutus: \u00d5hut\u00f5stesilindril peavad olema ohutusfunktsioonid, et v\u00e4ltida \u00f5nnetusi ja tagada selle ohutu t\u00f6\u00f6.<\/p>\n<p>5. Hooldus: K\u00e4epideme silinder peab olema konstrueeritud nii, et seda oleks lihtne hooldada ja parandada, v\u00e4hendades seisakuid ja hoolduskulusid.<\/p>\n<p><img decoding=\"async\" src=\"https:\/\/www.hydraulic-cylinders.net\/wp-content\/uploads\/2025\/01\/songte-cylinder-head-with-all-kinds-excavator-models.webp\" alt=\"Silindripea \u00f5lg\" \/><\/p>\n<p>Tihendus ja m\u00e4\u00e4rimine<\/p>\n<p>\u00d5lipumba silinder tuleb hoolikalt tihendada, et v\u00e4ltida \u00f5lilekkeid ja tagada selle sujuv t\u00f6\u00f6. \u00d5lipumba silindrites kasutatakse mitmesuguseid tihenduskomponente, n\u00e4iteks kolvitihendeid, vardatihendeid ja kulumisr\u00f5ngaid. Need komponendid on tavaliselt valmistatud sellistest materjalidest nagu pol\u00fcuretaan ja nitriilkummi, millel on suurep\u00e4rane kulumiskindlus.<\/p>\n<p>H\u00fcdrovarre silindri korpus ja keermestatud otsad on peenelt t\u00f6\u00f6deldud, et parandada nende kulumiskindlust. Regulaarne sobiva koguse h\u00fcdraulika\u00f5li lisamine v\u00f5ib parandada m\u00e4\u00e4rimist ja pikendada h\u00fcdraulikavarre silindri kasutusiga.<\/p>\n<p>Hooldus ja ennetavad meetmed<\/p>\n<p>Regulaarne kontroll ja ennetav hooldus aitavad tagada poomisilindri sujuva ja ohutu t\u00f6\u00f6. M\u00f5ned ennetavad meetmed h\u00f5lmavad j\u00e4rgmist:<\/p>\n<p>1. Kontrollige \u00f5lilekete ja tihendite kulumist.<\/p>\n<p>2. Kontrollige silindri korpust ja keermestatud otsi kulumise ja kahjustuste suhtes.<\/p>\n<p>3. Vahetage kulunud v\u00f5i kahjustatud komponendid \u00f5igeaegselt v\u00e4lja.<\/p>\n<p>4. Lisage regulaarselt vajalik kogus h\u00fcdraulika\u00f5li.<\/p>\n<p>Paigaldusjuhend<\/p>\n<p>\u00d5\u00f5tshoova silindri \u00f5ige paigaldamine on selle j\u00f5udluse ja ohutuse seisukohalt \u00fclioluline. \u00d5\u00f5tshoova silindri paigaldamisel j\u00e4rgige neid samme:<\/p>\n<p>1. Veenduge, et kinnituspind on puhas ning ilma ebatasasuste ja defektideta.<\/p>\n<p>2. Kontrollige silindri ja kinnitusavade m\u00f5\u00f5tmeid, et tagada \u00f5ige joondus.<\/p>\n<p>3. Paigaldage silinder ja kinnitage see kinnituspoltidega.<\/p>\n<p>4. Paigaldage vajalikud h\u00fcdraulikavoolikud ja liitmikud.<\/p>\n<p>5. Kontrollige silindri n\u00f5uetekohast toimimist ja lekete puudumist.<\/p>\n<p><img decoding=\"async\" src=\"https:\/\/www.hydraulic-cylinders.net\/wp-content\/uploads\/2025\/01\/songte-bushings-with-all-kinds-of-excavator-models.webp\" alt=\"Silindri \u00f5\u00f5tshoova puksid\" \/><\/p>\n<p>Ohutuskaalutlused ja keskkonnategurid<\/p>\n<p>K\u00e4epideme ohutu t\u00f6\u00f6 on kogu masinas\u00fcsteemi ohutuse seisukohalt kriitilise t\u00e4htsusega. Masinate k\u00e4itamisel on oluline j\u00e4rgida ohutusn\u00f5udeid ning tagada k\u00e4epideme regulaarne hooldus ja kontroll.<\/p>\n<p>Samuti on oluline arvestada keskkonnateguritega, milles poomi silinder t\u00f6\u00f6tab. \u00c4\u00e4rmuslikud temperatuurid, tolm ja s\u00f6\u00f6vitav keskkond v\u00f5ivad m\u00f5jutada poomi silindri j\u00f5udlust ja eluiga. Poomi silindri valimine, mis sobib selle t\u00f6\u00f6keskkonnaga, on selle pikaealisuse ja j\u00f5udluse seisukohalt oluline.<\/p>\n<p>Vea diagnoosimine ja levinud probleemid<\/p>\n<p>Nagu iga mehaaniline komponent, v\u00f5ib ka \u00f5lavarre silindril t\u00f6\u00f6tamise ajal esineda rikkeid ja probleeme. M\u00f5ned levinud probleemid on j\u00e4rgmised:<\/p>\n<p>1. \u00d5lileke silindrist.<\/p>\n<p>2. Tihendi kahjustus.<\/p>\n<p>3. Varras kriimustab.<\/p>\n<p>4. Kolvi kulumine.<\/p>\n<p>5. Painutatud varras.<\/p>\n<p>Nende probleemide diagnoosimiseks ja lahendamiseks on oluline p\u00f5hjalikult m\u00f5ista \u00f5\u00f5tshoova silindri konstruktsiooni ja t\u00f6\u00f6p\u00f5him\u00f5tet. Regulaarne kontroll ja hooldus aitavad neid probleeme v\u00e4ltida.<\/p>\n<p><img decoding=\"async\" src=\"https:\/\/www.hydraulic-cylinders.net\/wp-content\/uploads\/2025\/01\/songte-chushion-collar.webp\" alt=\"K\u00e4e silindri padi krae\" \/><\/p>\n<p>Kokkuv\u00f5te<\/p>\n<p>Oleme professionaalne asendush\u00fcdrauliliste silindrite tootja, kellel on lai tootevalik. Oleme saanud \u00fcheks juhtivaks h\u00fcdrosilindrite tootjaks ja hulgim\u00fc\u00fcjaks nii sise- kui ka rahvusvahelisel turul. Peame alati kinni tippkvaliteedi p\u00f5him\u00f5ttest, tuginedes oma keeruka tootmist\u00f6\u00f6koja industrialiseeritud tootmisjuhtimise strateegiale, et pidevalt parandada oma tehnilist taset ja tootmise efektiivsust. Tipptasemel digitaalsete tootmisseadmete ja professionaalsete testimiss\u00fcsteemide juurutamisega optimeerime pidevalt oma tootmisplatvormi, t\u00e4iustame oma tootekvaliteedi kontrolli protsessi ning omame tugevat innovatsiooniv\u00f5imet. Meie eesm\u00e4rk on rahuldada oma klientide mitmekesiseid vajadusi t\u00f5husalt, t\u00e4pselt ja k\u00f5rge kvaliteediga.<\/p>\n<p>Pakume muuhulgas professionaalseid teenuseid, rahvusvahelisi sertifikaate, kohandatud teenuseid, tootmisseadmeid ja m\u00fc\u00fcgij\u00e4rgset teenindust. <\/p>\n<p><img decoding=\"async\" src=\"https:\/\/www.hydraulic-cylinders.net\/wp-content\/uploads\/2025\/01\/songte-company-4.webp\" alt=\"Ettev\u00f5tte profiil\" \/><\/p>\n<p><img decoding=\"async\" src=\"https:\/\/www.hydraulic-cylinders.net\/wp-content\/uploads\/2025\/01\/songte-company-3.webp\" alt=\"Ettev\u00f5tte profiil\" \/><\/p>\n<p>Autor: lyl<\/p>","protected":false},"excerpt":{"rendered":"<p>Arm Cylinder For Liugong Middle Excavator CLG225C Introduction The arm cylinder is a specially designed hydraulic cylinder that is primarily used to provide linear motion and power to the arms of various types of machinery, such as excavators, cranes, and mechanical arms. The arm cylinder plays a crucial role in hydraulic systems, enabling attached tools [&hellip;]<\/p>","protected":false},"featured_media":14759,"comment_status":"open","ping_status":"closed","template":"","meta":{"_et_pb_use_builder":"","_et_pb_old_content":"","_et_gb_content_width":""},"product_brand":[],"product_cat":[1497],"product_tag":[1498,1496],"class_list":{"0":"post-16505","1":"product","2":"type-product","3":"status-publish","4":"has-post-thumbnail","6":"product_cat-arm-cylinders","7":"product_tag-arm-cylinders","8":"product_tag-hydraulic-cylinders","10":"first","11":"instock","12":"shipping-taxable","13":"product-type-simple"},"amp_enabled":true,"_links":{"self":[{"href":"https:\/\/www.hydraulic-cylinders.net\/et\/wp-json\/wp\/v2\/product\/16505","targetHints":{"allow":["GET"]}}],"collection":[{"href":"https:\/\/www.hydraulic-cylinders.net\/et\/wp-json\/wp\/v2\/product"}],"about":[{"href":"https:\/\/www.hydraulic-cylinders.net\/et\/wp-json\/wp\/v2\/types\/product"}],"replies":[{"embeddable":true,"href":"https:\/\/www.hydraulic-cylinders.net\/et\/wp-json\/wp\/v2\/comments?post=16505"}],"wp:featuredmedia":[{"embeddable":true,"href":"https:\/\/www.hydraulic-cylinders.net\/et\/wp-json\/wp\/v2\/media\/14759"}],"wp:attachment":[{"href":"https:\/\/www.hydraulic-cylinders.net\/et\/wp-json\/wp\/v2\/media?parent=16505"}],"wp:term":[{"taxonomy":"product_brand","embeddable":true,"href":"https:\/\/www.hydraulic-cylinders.net\/et\/wp-json\/wp\/v2\/product_brand?post=16505"},{"taxonomy":"product_cat","embeddable":true,"href":"https:\/\/www.hydraulic-cylinders.net\/et\/wp-json\/wp\/v2\/product_cat?post=16505"},{"taxonomy":"product_tag","embeddable":true,"href":"https:\/\/www.hydraulic-cylinders.net\/et\/wp-json\/wp\/v2\/product_tag?post=16505"}],"curies":[{"name":"wp","href":"https:\/\/api.w.org\/{rel}","templated":true}]}}