{"id":16526,"date":"2025-01-21T05:31:38","date_gmt":"2025-01-21T05:31:38","guid":{"rendered":"https:\/\/www.hydraulic-cylinders.net\/product\/arm-cylinder-for-xgma-middle-excavator-xg822fl\/"},"modified":"2025-01-21T05:31:39","modified_gmt":"2025-01-21T05:31:39","slug":"arm-cylinder-for-xgma-middle-excavator-xg822fl","status":"publish","type":"product","link":"https:\/\/www.hydraulic-cylinders.net\/et\/toode\/arm-cylinder-for-xgma-middle-excavator-xg822fl\/","title":{"rendered":"XGMA keskmise ekskavaatori XG822FL \u00f5\u00f5tsilinder"},"content":{"rendered":"<h2>XGMA keskmise ekskavaatori XG822FL \u00f5\u00f5tsilinder<\/h2>\n<h3>Definitsioon ja selgitus<\/h3>\n<p>H\u00fcdrovarre silinder on spetsiaalselt konstrueeritud h\u00fcdrauliline silinder, mida kasutatakse lineaarse liikumise ja j\u00f5u tagamiseks erinevat t\u00fc\u00fcpi masinavarrastele, n\u00e4iteks ekskavaatoritele, kraanadele ja mehaanilistele varrastele. H\u00fcdrovarre silinder m\u00e4ngib h\u00fcdraulikas\u00fcsteemides olulist rolli, v\u00f5imaldades kinnitatud t\u00f6\u00f6riistade v\u00f5i tarvikute t\u00f5husat liikumist ja juhtimist. Need silindrid mitte ainult ei saavuta sujuvat liikumist, vaid taluvad ka suuri koormusi, tagades masinate t\u00f5husa t\u00f6\u00f6 ja t\u00f6\u00f6kindluse erinevates t\u00f6\u00f6tingimustes.<\/p>\n<p><img decoding=\"async\" src=\"https:\/\/www.hydraulic-cylinders.net\/wp-content\/uploads\/2025\/01\/songte-company-2.webp\" alt=\"K\u00e4e silindri pilt\"><\/p>\n<h3>Toote omadused<\/h3>\n<ul>\n<li><b>T\u00f5hus j\u00f5u\u00fclekanne:<\/b> K\u00e4epideme silinder tagab v\u00f5imsa lineaarse liikumise ja j\u00f5u, tagades mehaanilise k\u00e4e k\u00f5rge t\u00f6\u00f6efektiivsuse erinevates toimingutes.<\/li>\n<li><b>T\u00e4pne kontroll:<\/b> H\u00fcdrauliliste s\u00fcsteemide abil saab k\u00e4sivarre silinder saavutada t\u00e4pse liikumise juhtimise, muutes kinnitatud t\u00f6\u00f6riistade t\u00f6\u00f6 paindlikumaks ja t\u00e4psemaks.<\/li>\n<li><b>Tugev vastupidavus:<\/b> K\u00e4epideme silindrid on tavaliselt valmistatud \u00fclitugevatest materjalidest, millel on hea kulumis- ja korrosioonikindlus ning mis sobivad pikaajaliseks kasutamiseks karmides keskkondades.<\/li>\n<li><b>Mitmeotstarbeline kohanemisv\u00f5ime:<\/b> Neid silindreid saab laialdaselt kasutada erinevates mehaanilistes seadmetes, nagu ekskavaatorid, kraanad ja mehaanilised k\u00e4ed, et kohaneda erinevate t\u00f6\u00f6vajadustega.<\/li>\n<li><b>Lihtne hooldus:<\/b> Projekteerimisel on arvestatud hoolduse ja asendamise lihtsusega, muutes regulaarse kontrolli ja hoolduse mugavamaks ning v\u00e4hendades seadmete seisakuid.<\/li>\n<\/ul>\n<p><img decoding=\"async\" src=\"https:\/\/www.hydraulic-cylinders.net\/wp-content\/uploads\/2025\/01\/songte-oil-pipes-and-spare-parts.webp\" alt=\"H\u00fcdraulilise silindri osade pilt\"><\/p>\n<h3>Rakendused<\/h3>\n<p>K\u00e4epideme silindrit kasutatakse laialdaselt mitmes t\u00f6\u00f6stusharus:<\/p>\n<ul>\n<li><b>Ehitus:<\/b> Ekskavaatorites ja kraanades kasutatakse poomisilindrit kopa v\u00f5i poomi liikumise juhtimiseks mullat\u00f6\u00f6del, materjalide k\u00e4itlemisel ja konstruktsioonide paigaldamisel.<\/li>\n<li><b>Tootmine:<\/b> Automatiseeritud tootmisliinidel kasutatakse \u00f5lasilindrit mehaaniliste \u00f5la liigutamiseks montaa\u017ei-, keevitus- ja materjalik\u00e4itlusprotsessides, suurendades tootmise efektiivsust ja t\u00e4psust.<\/li>\n<li><b>P\u00f5llumajandusmasinad:<\/b> P\u00f5llumajandusmasinates, n\u00e4iteks kombainides ja istutusmasinates, juhib \u00f5\u00f5tshoova silinder juhthoova liikumist, t\u00e4ites selliseid \u00fclesandeid nagu k\u00fclvamine, v\u00e4etamine ja koristamine.<\/li>\n<li><b>Kaevandamine:<\/b> Kaevandusseadmetes kasutatakse poomi silindrit kaevandusseadmete poomi liikumise juhtimiseks, teostades kaevandamise ja maagi transportimise \u00fclesandeid.<\/li>\n<li><b>Logistika ja transport:<\/b> Kahvelt\u00f5stukites ja robotites kasutatakse kahvliharude t\u00f5stmise ja liikumise juhtimiseks, materjalide k\u00e4itlemiseks ja virnastamiseks \u00f5lasilindrit.<\/li>\n<\/ul>\n<h3>Projekteerimiskaalutlused ja valikukriteeriumid<\/h3>\n<p>Silindripeade projekteerimisel ja valimisel tuleb arvestada mitmete teguritega:<\/p>\n<h4>Kandev\u00f5ime<\/h4>\n<p>Silinder peab suutma vastu pidada masina k\u00e4e ja k\u00f5igi kinnitatud t\u00f6\u00f6riistade v\u00f5i tarvikute eeldatavale j\u00f5ule ja kaalule.<\/p>\n<h4>Tihendusv\u00f5ime<\/h4>\n<p>Silindril peab olema usaldusv\u00e4\u00e4rne tihend, et v\u00e4ltida h\u00fcdraulilise vedeliku leket ja tagada efektiivne t\u00f6\u00f6.<\/p>\n<h4>Vastupidavus<\/h4>\n<p>Silinder peaks olema valmistatud \u00fclitugevatest materjalidest, millel on hea kulumis- ja korrosioonikindlus, et see taluks karmi t\u00f6\u00f6keskkonda.<\/p>\n<h4>Ohutus<\/h4>\n<p>Balloon peab vastama ohutusstandarditele ja sellel peavad olema ohutusfunktsioonid, n\u00e4iteks \u00fcler\u00f5huventiilid, et v\u00e4ltida \u00f5nnetusi.<\/p>\n<h4>Hooldus<\/h4>\n<p>Silindri konstruktsioonil tuleks arvestada hoolduse ja osade vahetamise lihtsusega, mille tulemuseks on seisakuaja ja kulude v\u00e4henemine.<\/p>\n<p><img decoding=\"async\" src=\"https:\/\/www.hydraulic-cylinders.net\/wp-content\/uploads\/2025\/01\/songte-cylinder-head-with-all-kinds-excavator-models.webp\" alt=\"Silindripea pilt\"><\/p>\n<h3>Tihendus ja m\u00e4\u00e4rimine<\/h3>\n<p>H\u00fcdraulilise vedeliku lekke v\u00e4ltimiseks kasutatakse \u00f5\u00f5tssilindrites mitmesuguseid tihendeid, n\u00e4iteks kolvitihendeid ja vardatihendeid. Need tihendid on valmistatud kulumiskindlatest materjalidest, nagu pol\u00fcuretaan ja nitriilkummi, et tagada pikaajaline kasutamine karmides keskkondades. Silindri korpus ja keermestatud otsapind on peenelt t\u00f6\u00f6deldud, et parandada kulumiskindlust. M\u00e4\u00e4rimiseks on vaja regulaarselt h\u00fcdraulika\u00f5li lisada.<\/p>\n<h3>Hooldus ja t\u00f5rkeotsing<\/h3>\n<p>Regulaarne kontroll ja ennetav hooldus on olulised, et tagada \u00f5\u00f5tshoova silindrite pikaajaline ja t\u00f5hus t\u00f6\u00f6. M\u00f5ned levinud probleemid, mis v\u00f5ivad esineda, on j\u00e4rgmised:<\/p>\n<ul>\n<li><b>Leke:<\/b> H\u00fcdraulikavedeliku leke silindrist v\u00f5ib tuleneda tihendite kulumisest ja kahjustustest. Vajalikuks v\u00f5ib osutuda tihendite vahetamine v\u00f5i silindri pinna uuesti t\u00f6\u00f6tlemine.<\/li>\n<li><b>Kinnij\u00e4\u00e4nud silinder:<\/b> Silinder v\u00f5ib kogunenud mustuse ja rooste t\u00f5ttu kinni kiiluda. Silindri puhastamine ja roostekaitsevahendi pealekandmine v\u00f5ib probleemi lahendada.<\/li>\n<li><b>Ebanormaalne m\u00fcra:<\/b> Silindri t\u00f6\u00f6tamise ajal tekkiv ebanormaalne m\u00fcra v\u00f5ib viidata sisemiste komponentide probleemile. Kahjustatud osade kontrollimine ja v\u00e4ljavahetamine v\u00f5ib olla vajalik.<\/li>\n<\/ul>\n<p>Preventive measures include regular cleaning, lubrication, and replacement of damaged parts. It is essential to follow the manufacturer&#8217;s instructions for maintenance and repair to ensure the safe and optimal operation of the cylinder.<\/p>\n<p><img decoding=\"async\" src=\"https:\/\/www.hydraulic-cylinders.net\/wp-content\/uploads\/2025\/01\/songte-chushion-collar.webp\" alt=\"Padjakrae pilt\"><\/p>\n<h3>Meie ettev\u00f5ttest<\/h3>\n<p>Oleme professionaalne asendush\u00fcdrauliliste silindrite tootja laia tootevalikuga ning oleme saanud \u00fcheks juhtivaks h\u00fcdrosilindrite tootjaks ja hulgim\u00fc\u00fcjaks nii sise- kui ka rahvusvahelisel turul. J\u00e4rgime alati tipptaseme p\u00f5him\u00f5tet ja tugineme peenelt l\u00e4bim\u00f5eldud tootmist\u00f6\u00f6kodades industrialiseeritud tootmisjuhtimise strateegiatele, et pidevalt parandada oma tehnilist taset ja tootmise efektiivsust. Tipptasemel digitaalsete tootmisseadmete ja professionaalsete testimiss\u00fcsteemide juurutamise kaudu optimeerime pidevalt oma tootmisplatvormi, t\u00e4iustame oma tootekvaliteedi kontrolli protsessi ning omame tugevat innovatsiooniv\u00f5imet. Meie eesm\u00e4rk on rahuldada oma klientide mitmekesiseid vajadusi suure efektiivsuse, t\u00e4psuse ja k\u00f5rgete kvaliteedip\u00f5him\u00f5tete abil.<\/p>\n<h3>Meie teenused<\/h3>\n<ul>\n<li><b>Professionaalsus:<\/b> Meil on kogenud inseneride ja tehnikute meeskond, kes pakub professionaalset n\u00f5u ja tehnilist tuge.<\/li>\n<li><b>Rahvusvaheline sertifitseerimine:<\/b> Oleme l\u00e4binud mitmeid rahvusvahelisi sertifikaate, n\u00e4iteks ISO 9001, CE ja SGS, et tagada meie toodete vastavus rahvusvahelistele standarditele.<\/li>\n<li><b>Kohandamine:<\/b> Pakume kohandatud teenuseid, et rahuldada oma klientide erivajadusi.<\/li>\n<li><b>Tootmisseadmed:<\/b> Meil on t\u00e4iustatud tootmisseadmed, sealhulgas CNC-treipingid, puurmasinad ja h\u00fcdraulilised katsepingid.<\/li>\n<li><b>M\u00fc\u00fcgij\u00e4rgne teenindus:<\/b> Pakume suurep\u00e4rast m\u00fc\u00fcgij\u00e4rgset teenindust, sealhulgas tehnilist tuge, hooldust ja remonti, et tagada klientide rahulolu.<\/li>\n<\/ul>\n<p><img decoding=\"async\" src=\"https:\/\/www.hydraulic-cylinders.net\/wp-content\/uploads\/2025\/01\/songte-company-4.webp\" alt=\"Ettev\u00f5tte kuvand\"><br \/>\n<img decoding=\"async\" src=\"https:\/\/www.hydraulic-cylinders.net\/wp-content\/uploads\/2025\/01\/songte-company-3.webp\" alt=\"Ettev\u00f5tte kuvand\"><\/p>\n<p>Autor: lyl<\/p>","protected":false},"excerpt":{"rendered":"<p>Arm Cylinder For XGMA Middle Excavator XG822FL Definition and Explanation An arm cylinder is a specially designed hydraulic cylinder used to provide linear motion and power to various types of machinery arms, such as excavators, cranes, and mechanical arms. The arm cylinder plays a critical role in hydraulic systems, enabling the effective movement and control [&hellip;]<\/p>","protected":false},"featured_media":14786,"comment_status":"open","ping_status":"closed","template":"","meta":{"_et_pb_use_builder":"","_et_pb_old_content":"","_et_gb_content_width":""},"product_brand":[],"product_cat":[1497],"product_tag":[1498,1496],"class_list":{"0":"post-16526","1":"product","2":"type-product","3":"status-publish","4":"has-post-thumbnail","6":"product_cat-arm-cylinders","7":"product_tag-arm-cylinders","8":"product_tag-hydraulic-cylinders","10":"first","11":"instock","12":"shipping-taxable","13":"product-type-simple"},"amp_enabled":true,"_links":{"self":[{"href":"https:\/\/www.hydraulic-cylinders.net\/et\/wp-json\/wp\/v2\/product\/16526","targetHints":{"allow":["GET"]}}],"collection":[{"href":"https:\/\/www.hydraulic-cylinders.net\/et\/wp-json\/wp\/v2\/product"}],"about":[{"href":"https:\/\/www.hydraulic-cylinders.net\/et\/wp-json\/wp\/v2\/types\/product"}],"replies":[{"embeddable":true,"href":"https:\/\/www.hydraulic-cylinders.net\/et\/wp-json\/wp\/v2\/comments?post=16526"}],"wp:featuredmedia":[{"embeddable":true,"href":"https:\/\/www.hydraulic-cylinders.net\/et\/wp-json\/wp\/v2\/media\/14786"}],"wp:attachment":[{"href":"https:\/\/www.hydraulic-cylinders.net\/et\/wp-json\/wp\/v2\/media?parent=16526"}],"wp:term":[{"taxonomy":"product_brand","embeddable":true,"href":"https:\/\/www.hydraulic-cylinders.net\/et\/wp-json\/wp\/v2\/product_brand?post=16526"},{"taxonomy":"product_cat","embeddable":true,"href":"https:\/\/www.hydraulic-cylinders.net\/et\/wp-json\/wp\/v2\/product_cat?post=16526"},{"taxonomy":"product_tag","embeddable":true,"href":"https:\/\/www.hydraulic-cylinders.net\/et\/wp-json\/wp\/v2\/product_tag?post=16526"}],"curies":[{"name":"wp","href":"https:\/\/api.w.org\/{rel}","templated":true}]}}