{"id":16553,"date":"2025-01-21T05:33:31","date_gmt":"2025-01-21T05:33:31","guid":{"rendered":"https:\/\/www.hydraulic-cylinders.net\/product\/arm-cylinder-for-jcm-middle-excavator-jcm921f\/"},"modified":"2025-01-21T05:33:32","modified_gmt":"2025-01-21T05:33:32","slug":"arm-cylinder-for-jcm-middle-excavator-jcm921f","status":"publish","type":"product","link":"https:\/\/www.hydraulic-cylinders.net\/et\/toode\/arm-cylinder-for-jcm-middle-excavator-jcm921f\/","title":{"rendered":"JCM keskmise ekskavaatori JCM921F \u00f5\u00f5tsilinder"},"content":{"rendered":"<p>JCM keskmise ekskavaatori JCM921F \u00f5\u00f5tsilinder<\/p>\n<p>Sissejuhatus<br \/>\nH\u00fcdrovarre silinder on spetsiaalselt konstrueeritud h\u00fcdrauliline silinder, mida kasutatakse lineaarse liikumise ja j\u00f5u tagamiseks erinevat t\u00fc\u00fcpi masinate, n\u00e4iteks ekskavaatorite, kraanade ja mehaaniliste hoobade hoovadele. H\u00fcdrovarre silinder m\u00e4ngib h\u00fcdraulikas\u00fcsteemis v\u00f5tmerolli, v\u00f5imaldades lisat\u00f6\u00f6riistade v\u00f5i lisaseadmete t\u00f5husat liikumist ja juhtimist. Need silindrid mitte ainult ei taga sujuvat liikumist, vaid taluvad ka suuri koormusi, tagades masinate t\u00f5husa t\u00f6\u00f6 ja t\u00f6\u00f6kindluse erinevates t\u00f6\u00f6tingimustes.<\/p>\n<p><img loading=\"lazy\" decoding=\"async\" src=\"https:\/\/www.hydraulic-cylinders.net\/wp-content\/uploads\/2025\/01\/songte-company-2.webp\" alt=\"K\u00e4e silinder\" width=\"400\" height=\"267\"><\/p>\n<p>Definitsioon ja selgitus<br \/>\nT\u00f5stesilindrid on raskete masinate h\u00fcdros\u00fcsteemi olulised elemendid. Need on loodud selleks, et tagada lineaarne liikumine ja j\u00f5ud erinevat t\u00fc\u00fcpi masinate, n\u00e4iteks ekskavaatorite, kraanade ja mehaaniliste t\u00f5steseadmete ...<\/p>\n<p>Omadused<br \/>\nK\u00e4epidemetel on j\u00e4rgmised p\u00f5hiomadused:<\/p>\n<h2>Suure t\u00f5hususega k\u00e4igukast<\/h2>\n<p>\u00d5\u00f5tssilindrid pakuvad v\u00f5imsat lineaarset liikumist ja j\u00f5udu, tagades masina t\u00f6\u00f6 k\u00f5rge efektiivsuse.<\/p>\n<h2>T\u00e4pne kontroll<\/h2>\n<p>H\u00fcdraulilise s\u00fcsteemi abil on v\u00f5imalik saavutada t\u00e4pne liikumise juhtimine k\u00e4sisilindrite abil, mis muudab lisat\u00f6\u00f6riistade kasutamise paindlikumaks ja t\u00e4psemaks.<\/p>\n<h2>Vastupidavus<\/h2>\n<p>K\u00e4epideme silindrid on tavaliselt valmistatud \u00fclitugevatest materjalidest, mis muudab need v\u00e4ga kulumis- ja korrosioonikindlaks ning sobivad pikaajaliseks kasutamiseks karmides keskkondades.<\/p>\n<h2>Multifunktsionaalne kohanemisv\u00f5ime<\/h2>\n<p>Neid silindreid kasutatakse laialdaselt erinevat t\u00fc\u00fcpi masinates, n\u00e4iteks ekskavaatorites, kraanades ja mehaanilistes k\u00e4sivartes, kohandudes erinevate t\u00f6\u00f6n\u00f5uetega.<\/p>\n<h2>Lihtne hooldus<\/h2>\n<p>K\u00e4epideme silindrid on konstrueeritud nii, et neid oleks lihtne hooldada ja vahetada, mis muudab regulaarsed kontrollid ja hoolduse mugavamaks ning v\u00e4hendab seadmete seisakuid.<\/p>\n<p>Me saame toota seda toodet, mis suudab need h\u00fcdraulilised silindrid ideaalselt asendada.<\/p>\n<p><img loading=\"lazy\" decoding=\"async\" src=\"https:\/\/www.hydraulic-cylinders.net\/wp-content\/uploads\/2025\/01\/songte-oil-pipes-and-spare-parts.webp\" alt=\"H\u00fcdrauliliste silindrite osad\" width=\"400\" height=\"267\"><\/p>\n<p>Rakendused<br \/>\n\u00d5\u00f5tssilindritel on lai valik rakendusi erinevates t\u00f6\u00f6stusharudes, n\u00e4iteks:<\/p>\n<h2>Ehitustehnika<\/h2>\n<p>Ekskavaatorite ja kraanade koppade v\u00f5i poomide liikumist juhivad poomisilindrid, mis teostavad mullat\u00f6id, materjalide k\u00e4itlemist ja konstruktsioonide paigaldamist.<\/p>\n<h2>T\u00f6\u00f6tlev t\u00f6\u00f6stus<\/h2>\n<p>K\u00e4epide silindrid juhivad mehaaniliste k\u00e4ppade liikumist automatiseeritud tootmisliinidel montaa\u017ei-, keevitus- ja k\u00e4sitsemistoimingute jaoks, parandades tootmise efektiivsust ja t\u00e4psust.<\/p>\n<h2>P\u00f5llumajandustehnika<\/h2>\n<p>P\u00f5llumajandusmasinate, n\u00e4iteks kombainide ja k\u00fclvikute juhthooba juhivad silindrid, mis t\u00e4idavad selliseid \u00fclesandeid nagu istutamine, v\u00e4etamine ja koristamine.<\/p>\n<h2>Kaevandust\u00f6\u00f6stus<\/h2>\n<p>Kaevandusseadmetes juhivad k\u00e4epideme liikumist kaevandus- ja transporditoimingute teostamisel.<\/p>\n<h2>Logistika ja transport<\/h2>\n<p>Kahvelt\u00f5stukite ja robotite lastikahvlite liikumist juhivad k\u00e4sisilindrid, teostades materjalide k\u00e4itlemist ja virnastamist.<\/p>\n<p>Projekteerimiskaalutlused ja valikustandardid<br \/>\n\u00d5\u00f5tssilindrite optimaalse j\u00f5udluse tagamiseks on vaja arvestada spetsiifiliste konstruktsioonikaalutluste ja valikustandarditega, mis on j\u00e4rgmised:<\/p>\n<h2>Kandev\u00f5ime<\/h2>\n<p>K\u00e4epideme silindrid peaksid suutma kanda masina poolt avaldatavat koormust.<\/p>\n<h2>Tihendus<\/h2>\n<p>\u00d5\u00f5tshoova silindrid vajavad lekete v\u00e4ltimiseks ja silindri t\u00f5husa t\u00f6\u00f6 tagamiseks mitmesuguseid tihendeid, n\u00e4iteks kolvitihendeid ja vardatihendeid.<\/p>\n<h2>Vastupidavus<\/h2>\n<p>K\u00e4epideme silindrid peaksid olema valmistatud kvaliteetsetest materjalidest, mis tagavad vastupidavuse ja t\u00f6\u00f6kindluse erinevates t\u00f6\u00f6tingimustes.<\/p>\n<h2>Ohutus<\/h2>\n<p>K\u00e4epidemete silindrid tuleks konstrueerida ohutust silmas pidades, tagades, et need taluvad vajalikke j\u00f5ude ja hoiavad \u00e4ra \u00f5nnetused.<\/p>\n<h2>Hooldus<\/h2>\n<p>K\u00e4epideme silindrid peaksid olema konstrueeritud nii, et neid oleks lihtne hooldada ja vahetada, v\u00f5imaldades regulaarset kontrolli ja hooldust, mis v\u00e4hendab seadmete seisakuid.<\/p>\n<p><img loading=\"lazy\" decoding=\"async\" src=\"https:\/\/www.hydraulic-cylinders.net\/wp-content\/uploads\/2025\/01\/songte-cylinder-head-with-all-kinds-excavator-models.webp\" alt=\"Silindripea\" width=\"400\" height=\"267\"><\/p>\n<p>Tihendus ja m\u00e4\u00e4rimine<br \/>\nArm cylinders require various types of seals, such as piston seals and rod seals, made of wear-resistant materials like polyurethane and nitrile rubber to prevent leaks, and ensure the efficient operation of the cylinder. The cylinder&#8217;s body and thread surface should be precisely finished to improve wear resistance, and regular lubrication with an appropriate amount of hydraulic oil is necessary.<\/p>\n<p>Hooldus ja ennetavad meetmed<br \/>\nRegulaarsed hoolduskontrollid ja ennetavad meetmed on olulised \u00f5\u00f5tssilindrite optimaalse j\u00f5udluse tagamiseks. Ennetavad meetmed h\u00f5lmavad j\u00e4rgmist:<\/p>\n<h2>Regulaarne kontroll<\/h2>\n<p>Silindri lekete, kahjustuste ja kulumise kontrollimine ning kulunud osade v\u00e4ljavahetamine.<\/p>\n<h2>Puhastamine<\/h2>\n<p>Silindri puhtana hoidmine, et tolm, mustus ja muud saasteained ei m\u00f5jutaks selle j\u00f5udlust.<\/p>\n<h2>M\u00e4\u00e4rimine<\/h2>\n<p>Silindri regulaarne m\u00e4\u00e4rimine sobiva koguse h\u00fcdraulika\u00f5liga, et v\u00e4ltida kulumist ja pikendada selle eluiga.<\/p>\n<h2>N\u00f5uetekohane ladustamine<\/h2>\n<p>Silindri hoidmine kuivas ja jahedas kohas, et v\u00e4ltida roostetamist ja muid kahjustusi.<\/p>\n<h2>Osade asendamine<\/h2>\n<p>Kulunud osade, n\u00e4iteks tihendite ja kolbide vahetamine silindri t\u00f5husa t\u00f6\u00f6 tagamiseks.<\/p>\n<p><img loading=\"lazy\" decoding=\"async\" src=\"https:\/\/www.hydraulic-cylinders.net\/wp-content\/uploads\/2025\/01\/songte-chushion-collar.webp\" alt=\"Padjakaelus\" width=\"400\" height=\"267\"><\/p>\n<p>Paigaldusjuhend<br \/>\n\u00d5\u00f5tshoova silindrite paigaldamine n\u00f5uab optimaalse j\u00f5udluse tagamiseks teatud samme, mis on j\u00e4rgmised:<\/p>\n<h2>Ettevalmistus<\/h2>\n<p>Valmistage ette vajalikud t\u00f6\u00f6riistad, kaitsevarustus ja silinder.<\/p>\n<h2>Kontroll<\/h2>\n<p>Enne paigaldamist kontrollige silindrit kahjustuste v\u00f5i defektide suhtes.<\/p>\n<h2>Lahtiv\u00f5tmine<\/h2>\n<p>V\u00f5tke vana silinder lahti ja eemaldage see masinast.<\/p>\n<h2>Paigaldamine<\/h2>\n<p>Install the new arm cylinder by following the manufacturer&#8217;s instructions.<\/p>\n<h2>Testimine<\/h2>\n<p>Kontrollige uue \u00f5lasilindri n\u00f5uetekohast toimimist ja lekete olemasolu.<\/p>\n<p>Ohutus- ja keskkonnakaalutlused<br \/>\n\u00d5\u00f5tshoovasilindrite t\u00f6\u00f6 ajal \u00f5nnetuste v\u00e4ltimiseks on vaja spetsiifilisi ohutusmeetmeid. Ohutusmeetmete hulka kuuluvad:<\/p>\n<h2>\u00d5ige v\u00e4lja\u00f5pe<\/h2>\n<p>Operaatoritele tuleb tagada n\u00f5uetekohane v\u00e4lja\u00f5pe, et nad m\u00f5istaksid seadmeid ja nende ohutust kasutamist.<\/p>\n<h2>Regulaarne hooldus<\/h2>\n<p>Regular maintenance checks to ensure the cylinder&#8217;s optimal performance and prevent accidents.<\/p>\n<h2>Keskkonnakaitse<\/h2>\n<p>H\u00fcdraulika\u00f5li ja muude ohtlike materjalide n\u00f5uetekohane k\u00f5rvaldamine poomisilindrite t\u00f6\u00f6s keskkonna kaitsmiseks.<\/p>\n<p>Vea diagnoosimine ja levinud probleemid<br \/>\nK\u00e4epideme silindritel v\u00f5ib esineda mitmeid levinud probleeme, sealhulgas lekkeid, kahjustusi ja kulumist. Nende probleemide diagnoosimiseks ja lahendamiseks j\u00e4rgige alltoodud juhiseid.<\/p>\n<h2>Leke<\/h2>\n<p>Lekkeid v\u00f5ib p\u00f5hjustada kulunud tihendid. Probleemi lahendamiseks vahetage tihendid v\u00e4lja.<\/p>\n<h2>Kahju<\/h2>\n<p>Kahjustused v\u00f5ivad tekkida eba\u00f5ige kasutamise v\u00f5i v\u00e4liste tegurite t\u00f5ttu. Kontrollige silindrit ja vahetage kahjustatud osad v\u00e4lja.<\/p>\n<h2>Kandke<\/h2>\n<p>Pikaajalise kasutamise t\u00f5ttu v\u00f5ib tekkida kulumine. Kulunud osade regulaarne hooldus ja vahetamine aitavad kulumist v\u00e4ltida.<\/p>\n<p><img loading=\"lazy\" decoding=\"async\" src=\"https:\/\/www.hydraulic-cylinders.net\/wp-content\/uploads\/2025\/01\/songte-bushings-with-all-kinds-of-excavator-models.webp\" alt=\"Puksid\" width=\"400\" height=\"267\"><\/p>\n<p>Veaotsing ja ennetamine<br \/>\nLevinud probleemide v\u00e4ltimiseks v\u00f5tke j\u00e4rgmised meetmed:<\/p>\n<h2>Regulaarsed hoolduskontrollid<\/h2>\n<p>Regulaarsed hoolduskontrollid kulumise ja kahjustuste v\u00e4ltimiseks.<\/p>\n<h2>\u00d5ige v\u00e4lja\u00f5pe<\/h2>\n<p>Operaatorite n\u00f5uetekohane v\u00e4lja\u00f5pe masina optimaalse t\u00f6\u00f6 tagamiseks.<\/p>\n<h2>Sobiv m\u00e4\u00e4rimine<\/h2>\n<p>Appropriate lubrication to prevent wear and prolong the cylinder&#8217;s lifespan.<\/p>\n<h2>Kulunud osade asendamine<\/h2>\n<p>Kulunud osade vahetamine silindri t\u00f5husa t\u00f6\u00f6 tagamiseks.<\/p>\n<p>Kokkuv\u00f5te<br \/>\nOleme professionaalne asendush\u00fcdrauliliste silindrite tootja laia tootevalikuga, mis teeb meist \u00fche juhtiva h\u00fcdrauliliste silindrite tootja ja hulgim\u00fc\u00fcja kogu maailmas. J\u00e4rgime kvaliteedi tipptaseme p\u00f5him\u00f5tet ning t\u00e4iustame pidevalt oma tehnilisi v\u00f5imalusi ja tootmise efektiivsust. Tipptasemel digitaalsete tootmisseadmete ja professionaalsete testimiss\u00fcsteemide kasutuselev\u00f5tuga optimeerime oma tootmisplatvormi ja t\u00e4iustame oma tootekvaliteedi kontrolli protsessi. Meie eesm\u00e4rk on rahuldada oma klientide mitmekesiseid vajadusi, tuginedes k\u00f5rgele efektiivsusele, t\u00e4psusele ja k\u00f5rgele kvaliteedile.<\/p>\n<p><img loading=\"lazy\" decoding=\"async\" src=\"https:\/\/www.hydraulic-cylinders.net\/wp-content\/uploads\/2025\/01\/songte-company-4.webp\" alt=\"Ettev\u00f5te\" width=\"400\" height=\"267\"><\/p>\n<p>Oleme ettev\u00f5te, mis v\u00e4\u00e4rtustab professionaalsust, rahvusvahelist sertifitseerimist, kohandatud teenuseid, tootmisseadmeid ja m\u00fc\u00fcgij\u00e4rgset teenindust. <\/p>\n<p><img loading=\"lazy\" decoding=\"async\" src=\"https:\/\/www.hydraulic-cylinders.net\/wp-content\/uploads\/2025\/01\/songte-company-3.webp\" alt=\"Tehas\" width=\"400\" height=\"267\"><\/p>\n<p>Autor: lyl<\/p>","protected":false},"excerpt":{"rendered":"<p>Arm Cylinder for JCM Middle Excavator JCM921F Introduction Arm cylinder is a specially designed hydraulic cylinder used to provide linear motion and power to the arms of various types of machinery such as excavators, cranes, and mechanical arms. The arm cylinder plays a key role in the hydraulic system, enabling the effective movement and control [&hellip;]<\/p>","protected":false},"featured_media":14766,"comment_status":"open","ping_status":"closed","template":"","meta":{"_et_pb_use_builder":"","_et_pb_old_content":"","_et_gb_content_width":""},"product_brand":[],"product_cat":[1497],"product_tag":[1498,1496],"class_list":{"0":"post-16553","1":"product","2":"type-product","3":"status-publish","4":"has-post-thumbnail","6":"product_cat-arm-cylinders","7":"product_tag-arm-cylinders","8":"product_tag-hydraulic-cylinders","10":"first","11":"instock","12":"shipping-taxable","13":"product-type-simple"},"amp_enabled":true,"_links":{"self":[{"href":"https:\/\/www.hydraulic-cylinders.net\/et\/wp-json\/wp\/v2\/product\/16553","targetHints":{"allow":["GET"]}}],"collection":[{"href":"https:\/\/www.hydraulic-cylinders.net\/et\/wp-json\/wp\/v2\/product"}],"about":[{"href":"https:\/\/www.hydraulic-cylinders.net\/et\/wp-json\/wp\/v2\/types\/product"}],"replies":[{"embeddable":true,"href":"https:\/\/www.hydraulic-cylinders.net\/et\/wp-json\/wp\/v2\/comments?post=16553"}],"wp:featuredmedia":[{"embeddable":true,"href":"https:\/\/www.hydraulic-cylinders.net\/et\/wp-json\/wp\/v2\/media\/14766"}],"wp:attachment":[{"href":"https:\/\/www.hydraulic-cylinders.net\/et\/wp-json\/wp\/v2\/media?parent=16553"}],"wp:term":[{"taxonomy":"product_brand","embeddable":true,"href":"https:\/\/www.hydraulic-cylinders.net\/et\/wp-json\/wp\/v2\/product_brand?post=16553"},{"taxonomy":"product_cat","embeddable":true,"href":"https:\/\/www.hydraulic-cylinders.net\/et\/wp-json\/wp\/v2\/product_cat?post=16553"},{"taxonomy":"product_tag","embeddable":true,"href":"https:\/\/www.hydraulic-cylinders.net\/et\/wp-json\/wp\/v2\/product_tag?post=16553"}],"curies":[{"name":"wp","href":"https:\/\/api.w.org\/{rel}","templated":true}]}}