{"id":16588,"date":"2025-01-21T05:36:08","date_gmt":"2025-01-21T05:36:08","guid":{"rendered":"https:\/\/www.hydraulic-cylinders.net\/product\/arm-cylinder-for-jonyang-small-excavator-jy6085\/"},"modified":"2025-01-21T05:36:11","modified_gmt":"2025-01-21T05:36:11","slug":"arm-cylinder-for-jonyang-small-excavator-jy6085","status":"publish","type":"product","link":"https:\/\/www.hydraulic-cylinders.net\/et\/toode\/arm-cylinder-for-jonyang-small-excavator-jy6085\/","title":{"rendered":"Jonyangi v\u00e4ikese ekskavaatori JY6085 k\u00e4sisilinder"},"content":{"rendered":"<h1>Jonyangi v\u00e4ikese ekskavaatori JY6085 k\u00e4sisilinder<\/h1>\n<h2>Sissejuhatus<\/h2>\n<p>H\u00fcdrovarre silinder on spetsiaalselt loodud h\u00fcdrauliline silinder, mis tagab lineaarse liikumise ja j\u00f5u erinevate masinate, n\u00e4iteks ekskavaatorite, kraanade ja robotk\u00e4te k\u00e4ppadele. H\u00fcdrovarre silinder m\u00e4ngib h\u00fcdraulikas\u00fcsteemides olulist rolli, v\u00f5imaldades t\u00e4iendavate t\u00f6\u00f6riistade v\u00f5i lisaseadmete t\u00f5husat liikumist ja juhtimist. Need silindrid mitte ainult ei taga sujuvat liikumist, vaid taluvad ka suuri koormusi, tagades masinate t\u00f5husa t\u00f6\u00f6 ja t\u00f6\u00f6kindluse erinevates t\u00f6\u00f6tingimustes.<\/p>\n<p><img decoding=\"async\" src=\"https:\/\/www.hydraulic-cylinders.net\/wp-content\/uploads\/2025\/01\/songte-company-2.webp\"><\/p>\n<h2>Omadused<\/h2>\n<ul>\n<li><strong>Suure t\u00f5hususega \u00fclekanne:<\/strong> K\u00e4e silinder tagab v\u00f5imsa lineaarse liikumise ja j\u00f5u, tagades robotk\u00e4e suure j\u00f5udluse erinevates toimingutes.<\/li>\n<li><strong>T\u00e4ppiskontroll:<\/strong> H\u00fcdraulilise s\u00fcsteemi kaudu v\u00f5imaldab poomi silinder t\u00e4pset liikumise juhtimist, muutes kinnitatud t\u00f6\u00f6riistade t\u00f6\u00f6 paindlikumaks ja t\u00e4psemaks.<\/li>\n<li><strong>Vastupidavus:<\/strong> K\u00e4epidemega silindrid on tavaliselt valmistatud \u00fclitugevatest materjalidest, mis pakuvad suurep\u00e4rast kulumiskindlust ja korrosioonikindlust, mist\u00f5ttu sobivad need pikaajaliseks kasutamiseks karmides keskkondades.<\/li>\n<li><strong>Mitmeotstarbeline kohanemisv\u00f5ime:<\/strong> Neid silindreid saab laialdaselt kasutada erinevat t\u00fc\u00fcpi masinatel, n\u00e4iteks ekskavaatoritel, kraanadel ja robotk\u00e4tel, kohandudes erinevate t\u00f6\u00f6n\u00f5uetega.<\/li>\n<li><strong>Lihtne hooldus:<\/strong> Hoolduse ja vahetamise lihtsust silmas pidades konstrueeritud \u00f5lasilindrid h\u00f5lbustavad mugavat regulaarset kontrolli ja hooldust, minimeerides seadmete seisakuid.<\/li>\n<\/ul>\n<p><img decoding=\"async\" src=\"https:\/\/www.hydraulic-cylinders.net\/wp-content\/uploads\/2025\/01\/songte-oil-pipes-and-spare-parts.webp\"><\/p>\n<h2>Rakendused<\/h2>\n<p>K\u00e4epideme silinder leiab rakendusi erinevates t\u00f6\u00f6stusharudes:<\/p>\n<ul>\n<li><strong>Ehitustehnika:<\/strong> Ekskavaatorites ja kraanades kasutatavad poomisilindrid juhivad koppade v\u00f5i poomide liikumist mullat\u00f6\u00f6del, materjalide k\u00e4itlemisel ja konstruktsioonide paigaldamisel.<\/li>\n<li><strong>Tootmine:<\/strong> Automatiseeritud tootmisliinidel v\u00f5imaldavad k\u00e4sivarte silindrid robotk\u00e4si liigutada selliste protsesside jaoks nagu kokkupanek, keevitamine ja k\u00e4sitsemine, suurendades tootmise efektiivsust ja t\u00e4psust.<\/li>\n<li><strong>P\u00f5llumajandusmasinad:<\/strong> P\u00f5llumajandusmasinates, n\u00e4iteks kombainides ja k\u00fclvikutes, juhivad \u00f5\u00f5tshoobade liikumist selliste \u00fclesannete t\u00e4itmisel nagu k\u00fclv, v\u00e4etamine ja koristamine.<\/li>\n<li><strong>Kaevandamine:<\/strong> Kaevandusseadmetes juhivad k\u00e4sisilindrid kaevandusmasinate k\u00e4sivarre liikumist maagi kaevandamiseks ja transportimiseks.<\/li>\n<li><strong>Logistika ja transport:<\/strong> Kahvelt\u00f5stukites ja robotites juhivad kahvlite t\u00f5stmist ja liikumist k\u00e4sisilindrid, v\u00f5imaldades materjalide k\u00e4itlemist ja virnastamist.<\/li>\n<\/ul>\n<h2>Projekteerimiskaalutlused ja valikukriteeriumid<\/h2>\n<p>K\u00e4epidemete projekteerimisel tuleks arvesse v\u00f5tta mitmeid olulisi kaalutlusi ja valikukriteeriume:<\/p>\n<ul>\n<li><strong>Kandev\u00f5ime:<\/strong> K\u00e4epideme silinder peaks olema konstrueeritud nii, et see taluks selle masina spetsiifilisi koormusn\u00f5udeid, millega seda kasutatakse.<\/li>\n<li><strong>Tihendus:<\/strong> T\u00f5husa tihendusv\u00f5ime tagamiseks tuleks kasutada mitmesuguseid tihenduselemente, n\u00e4iteks kolvitihendeid ja varrastihendeid, mis on valmistatud kulumiskindlatest materjalidest, n\u00e4iteks pol\u00fcuretaanist ja nitriilkummist.<\/li>\n<li><strong>Vastupidavus:<\/strong> Silindri korpus ja keermestatud otsad peaksid l\u00e4bima hoolika pinnat\u00f6\u00f6tluse, et suurendada kulumiskindlust ja pikendada silindri eluiga.<\/li>\n<li><strong>Ohutus:<\/strong> Ohutu t\u00f6\u00f6 tagamiseks ja v\u00f5imalike ohtude eest kaitsmiseks tuleks paigaldada ohutusmeetmed, n\u00e4iteks \u00fcler\u00f5huventiilid ja avariipeatuss\u00fcsteemid.<\/li>\n<li><strong>Hooldatavus:<\/strong> Regulaarse hoolduse h\u00f5lbustamiseks ja seisakuaja minimeerimiseks tuleks projekteerimisel arvestada komponentidele h\u00f5lpsa juurdep\u00e4\u00e4su ja selgete hooldusjuhiste pakkumisega.<\/li>\n<\/ul>\n<p><img decoding=\"async\" src=\"https:\/\/www.hydraulic-cylinders.net\/wp-content\/uploads\/2025\/01\/songte-cylinder-head-with-all-kinds-excavator-models.webp\"><\/p>\n<h2>Tihendus ja m\u00e4\u00e4rimine<\/h2>\n<p>Optimaalse j\u00f5udluse tagamiseks kasutatakse \u00f5\u00f5tssilindrites mitmesuguseid tihenduskomponente, n\u00e4iteks kolvi- ja varrastihendeid, mis on valmistatud sellistest materjalidest nagu pol\u00fcuretaan ja nitriilkummi. Silindri korpus ja keermestatud otsad l\u00e4bivad kulumiskindluse parandamiseks t\u00e4pse pinnat\u00f6\u00f6tluse. Sujuva t\u00f6\u00f6 s\u00e4ilitamiseks ja enneaegse kulumise ning kahjustuste v\u00e4ltimiseks on vajalik regulaarne m\u00e4\u00e4rimine sobiva h\u00fcdraulika\u00f5liga.<\/p>\n<h2>Regulaarne kontroll ja ennetav hooldus<\/h2>\n<p>K\u00e4epideme pikaealisuse ja t\u00f6\u00f6kindluse tagamiseks on regulaarne kontroll ja ennetav hooldus \u00fcliolulised. Tuleks v\u00f5tta j\u00e4rgmised meetmed:<\/p>\n<ul>\n<li>Kontrollige silindrit lekete, kahjustuste v\u00f5i ebanormaalse kulumise tunnuste suhtes.<\/li>\n<li>Kontrollige ja pingutage k\u00f5iki \u00fchendusi, et v\u00e4ltida lahtiminekut ja v\u00f5imalikke lekkeid.<\/li>\n<li>Puhastage silinder ja selle komponendid mustusest, prahist ja saasteainetest.<\/li>\n<li>J\u00e4lgige h\u00fcdraulika\u00f5li taset ja kvaliteeti, vajadusel lisage v\u00f5i vahetage.<\/li>\n<li>J\u00e4rgige tootja soovitatud hooldusgraafikut ja juhiseid.<\/li>\n<\/ul>\n<h2>Toote \u00f5ige paigaldamine<\/h2>\n<p>Optimaalse j\u00f5udluse ja ohutuse tagamiseks on oluline \u00f5\u00f5tshoova silindri \u00f5ige paigaldamine. J\u00e4rgige neid juhiseid:<\/p>\n<ul>\n<li>Veenduge, et kinnituspind on puhas, tasane ja deformatsioonideta.<\/li>\n<li>Kasutage silindri kinnitamiseks sobivaid t\u00f6\u00f6riistu ja seadmeid.<\/li>\n<li>Pingutage k\u00f5iki kinnitusvahendeid vastavalt tootja m\u00e4\u00e4ratud p\u00f6\u00f6rdemomendi v\u00e4\u00e4rtustele.<\/li>\n<li>Veenduge, et k\u00f5ik h\u00fcdraulilised \u00fchendused on korralikult tihendatud ja leketeta.<\/li>\n<li>H\u00fcdraulikas\u00fcsteemist \u00f5hu eemaldamiseks j\u00e4rgige soovitatud \u00f5hutusprotseduure.<\/li>\n<\/ul>\n<p><img decoding=\"async\" src=\"https:\/\/www.hydraulic-cylinders.net\/wp-content\/uploads\/2025\/01\/songte-bushings-with-all-kinds-of-excavator-models.webp\"><\/p>\n<h2>Ohutuskaalutlused ja keskkonnategurid<\/h2>\n<p>K\u00e4epidemega t\u00f6\u00f6tamisel on oluline seada esikohale ohutusmeetmed. Olulised on n\u00f5uetekohane v\u00e4lja\u00f5pe, ohutusjuhiste j\u00e4rgimine ja isikukaitsevahendite kasutamine. K\u00e4epideme pikaealisuse ja toimivuse tagamiseks tuleks arvestada ka keskkonnateguritega, nagu temperatuur, niiskus ja kokkupuude kemikaalidega.<\/p>\n<h2>Veaotsing ja levinud probleemid<\/h2>\n<p>M\u00f5ned levinud probleemid, mis v\u00f5ivad \u00f5\u00f5tshoova silindritega tekkida, on leke, ebapiisav v\u00f5imsus ja eba\u00fchtlane liikumine. Nende probleemide t\u00f5husaks diagnoosimiseks ja lahendamiseks kaaluge j\u00e4rgmist:<\/p>\n<ul>\n<li>Kontrollige k\u00f5iki tihendeid ja \u00fchendusi lekete suhtes.<\/li>\n<li>Kontrollige h\u00fcdraulikavedeliku taset ja kvaliteeti, veendudes, et see on soovituslikus vahemikus.<\/li>\n<li>Veenduge, et h\u00fcdros\u00fcsteem on korralikult r\u00f5hu all.<\/li>\n<li>Kontrollige silindri komponente kahjustuste v\u00f5i kulumise tunnuste suhtes.<\/li>\n<li>Vajadusel vaadake tootja t\u00f5rkeotsingu juhendit v\u00f5i p\u00f6\u00f6rduge professionaalse abi poole.<\/li>\n<\/ul>\n<p><img decoding=\"async\" src=\"https:\/\/www.hydraulic-cylinders.net\/wp-content\/uploads\/2025\/01\/songte-chushion-collar.webp\"><\/p>\n<p>Neid t\u00f5rkeotsingu n\u00e4pun\u00e4iteid j\u00e4rgides saate t\u00f5husalt diagnoosida ja lahendada \u00f5lasilindri probleeme, minimeerides seisakuid ja optimeerides j\u00f5udlust.<\/p>\n<h2>Meist<\/h2>\n<p>Oleme professionaalne asendush\u00fcdrauliliste silindrite tootja, pakkudes laia tootevalikut. Oleme saanud \u00fcheks juhtivaks h\u00fcdrosilindrite tootjaks ja hulgim\u00fc\u00fcjaks nii sise- kui ka rahvusvahelistel turgudel. P\u00fchendudes tipptasemele, t\u00e4iustame pidevalt oma tehnilist oskusteavet ja tootmise efektiivsust, rakendades t\u00e4iustatud tootmisv\u00f5imalusi ja professionaalseid testimiss\u00fcsteeme. Meie eesm\u00e4rk on rahuldada klientide mitmekesiseid vajadusi, j\u00e4rgides t\u00f5hususe, t\u00e4psuse ja k\u00f5rge kvaliteedi p\u00f5him\u00f5tteid.<\/p>\n<p><img decoding=\"async\" src=\"https:\/\/www.hydraulic-cylinders.net\/wp-content\/uploads\/2025\/01\/songte-company-4.webp\"><br \/>\n<img decoding=\"async\" src=\"https:\/\/www.hydraulic-cylinders.net\/wp-content\/uploads\/2025\/01\/songte-company-3.webp\"><\/p>\n<p>Meie ettev\u00f5te on uhke oma professionaalsuse, rahvusvaheliste sertifikaatide, kohandatud teenuste, tipptasemel tootmisseadmete ja suurep\u00e4rase m\u00fc\u00fcgij\u00e4rgse teeninduse \u00fcle. P\u00fc\u00fcame pakkuda klientide rahulolu, pakkudes uuenduslikke lahendusi ja vastates erinevate t\u00f6\u00f6stusharude n\u00f5udmistele.<\/p>\n<p>Autor: lyl<\/p>","protected":false},"excerpt":{"rendered":"<p>Arm Cylinder For Jonyang Small Excavator JY6085 Introduction The arm cylinder is a specially designed hydraulic cylinder that provides linear motion and power to the arms of various machinery, such as excavators, cranes, and robotic arms. The arm cylinder plays a crucial role in hydraulic systems, allowing for efficient movement and control of additional tools [&hellip;]<\/p>","protected":false},"featured_media":14779,"comment_status":"open","ping_status":"closed","template":"","meta":{"_et_pb_use_builder":"","_et_pb_old_content":"","_et_gb_content_width":""},"product_brand":[],"product_cat":[1497],"product_tag":[1498,1496],"class_list":{"0":"post-16588","1":"product","2":"type-product","3":"status-publish","4":"has-post-thumbnail","6":"product_cat-arm-cylinders","7":"product_tag-arm-cylinders","8":"product_tag-hydraulic-cylinders","10":"first","11":"instock","12":"shipping-taxable","13":"product-type-simple"},"amp_enabled":true,"_links":{"self":[{"href":"https:\/\/www.hydraulic-cylinders.net\/et\/wp-json\/wp\/v2\/product\/16588","targetHints":{"allow":["GET"]}}],"collection":[{"href":"https:\/\/www.hydraulic-cylinders.net\/et\/wp-json\/wp\/v2\/product"}],"about":[{"href":"https:\/\/www.hydraulic-cylinders.net\/et\/wp-json\/wp\/v2\/types\/product"}],"replies":[{"embeddable":true,"href":"https:\/\/www.hydraulic-cylinders.net\/et\/wp-json\/wp\/v2\/comments?post=16588"}],"wp:featuredmedia":[{"embeddable":true,"href":"https:\/\/www.hydraulic-cylinders.net\/et\/wp-json\/wp\/v2\/media\/14779"}],"wp:attachment":[{"href":"https:\/\/www.hydraulic-cylinders.net\/et\/wp-json\/wp\/v2\/media?parent=16588"}],"wp:term":[{"taxonomy":"product_brand","embeddable":true,"href":"https:\/\/www.hydraulic-cylinders.net\/et\/wp-json\/wp\/v2\/product_brand?post=16588"},{"taxonomy":"product_cat","embeddable":true,"href":"https:\/\/www.hydraulic-cylinders.net\/et\/wp-json\/wp\/v2\/product_cat?post=16588"},{"taxonomy":"product_tag","embeddable":true,"href":"https:\/\/www.hydraulic-cylinders.net\/et\/wp-json\/wp\/v2\/product_tag?post=16588"}],"curies":[{"name":"wp","href":"https:\/\/api.w.org\/{rel}","templated":true}]}}