{"id":16601,"date":"2025-01-21T05:37:04","date_gmt":"2025-01-21T05:37:04","guid":{"rendered":"https:\/\/www.hydraulic-cylinders.net\/product\/arm-cylinder-for-jcm-middle-excavator-922d\/"},"modified":"2025-01-21T05:37:06","modified_gmt":"2025-01-21T05:37:06","slug":"arm-cylinder-for-jcm-middle-excavator-922d","status":"publish","type":"product","link":"https:\/\/www.hydraulic-cylinders.net\/et\/toode\/arm-cylinder-for-jcm-middle-excavator-922d\/","title":{"rendered":"JCM keskmise ekskavaatori 922D \u00f5\u00f5tsilinder"},"content":{"rendered":"<h1>JCM keskmise ekskavaatori 922D \u00f5\u00f5tsilinder<\/h1>\n<h2>Sissejuhatus<\/h2>\n<h3>Definitsioon<\/h3>\n<p>H\u00fcdrovarre silinder on spetsiaalne h\u00fcdrauliline silinder, mida kasutatakse peamiselt lineaarse liikumise ja j\u00f5u tagamiseks erinevate masinate, n\u00e4iteks ekskavaatorite, kraanade ja robotk\u00e4te k\u00e4epidemetele. H\u00fcdrovarre silinder m\u00e4ngib h\u00fcdraulikas\u00fcsteemis kriitilist rolli, v\u00f5imaldades lisat\u00f6\u00f6riistade v\u00f5i lisaseadmete t\u00f5husat liikumist ja juhtimist. Need silindrid mitte ainult ei taga sujuvat ja t\u00f5husat liikumist, vaid taluvad ka suuri koormusi, tagades masinate t\u00f5husa t\u00f6\u00f6 ja t\u00f6\u00f6kindluse erinevates t\u00f6\u00f6tingimustes.<\/p>\n<p><img decoding=\"async\" src=\"https:\/\/www.hydraulic-cylinders.net\/wp-content\/uploads\/2025\/01\/songte-company-2.webp\" alt=\"K\u00e4e silindri pilt\"><\/p>\n<h2>Omadused<\/h2>\n<ul>\n<li>\n<h3>T\u00f5hus j\u00f5u\u00fclekanne<\/h3>\n<p>K\u00e4e silinder tagab v\u00f5imsa lineaarse liikumise ja j\u00f5u, tagades robotk\u00e4e k\u00f5rge j\u00f5udluse erinevates toimingutes.<\/p>\n<\/li>\n<li>\n<h3>T\u00e4pne kontroll<\/h3>\n<p>K\u00e4epideme silinder v\u00f5imaldab h\u00fcdraulilise s\u00fcsteemi kaudu saavutada t\u00e4pse liikumise juhtimise, muutes lisat\u00f6\u00f6riistade kasutamise paindlikumaks ja t\u00e4psemaks.<\/p>\n<\/li>\n<li>\n<h3>Tugev vastupidavus<\/h3>\n<p>K\u00e4epideme silinder on tavaliselt valmistatud \u00fclitugevatest materjalidest ning sellel on hea kulumis- ja korrosioonikindlus, mis sobib pikaajaliseks kasutamiseks karmides keskkondades.<\/p>\n<\/li>\n<li>\n<h3>Multifunktsionaalne kohanemisv\u00f5ime<\/h3>\n<p>Neid silindreid saab laialdaselt kasutada erinevates masinaehitusseadmetes, n\u00e4iteks ekskavaatorites, kraanades ja robotk\u00e4tes, kohandudes erinevate t\u00f6\u00f6vajadustega.<\/p>\n<\/li>\n<li>\n<h3>Lihtne hooldus<\/h3>\n<p>Projekteerimisel on arvestatud lihtsa hoolduse ja asendamisega, mis muudab regulaarsed kontrollid ja hoolduse mugavamaks ning v\u00e4hendab seadmete seisakuid.<\/p>\n<\/li>\n<\/ul>\n<p>Me saame seda toodet toota ja meie toode saab neid h\u00fcdrosilindreid ideaalselt asendada.<\/p>\n<p><img decoding=\"async\" src=\"https:\/\/www.hydraulic-cylinders.net\/wp-content\/uploads\/2025\/01\/songte-oil-pipes-and-spare-parts.webp\" alt=\"H\u00fcdraulilise silindri varuosade pilt\"><\/p>\n<h2>Rakendused<\/h2>\n<ul>\n<li>\n<h3>Ehitustehnika<\/h3>\n<p>\u00d5\u00f5tsilindreid kasutatakse ekskavaatorite ja kraanade koppade v\u00f5i poomide liikumise juhtimiseks, mullat\u00f6\u00f6de tegemiseks, materjalide k\u00e4itlemiseks ja konstruktsioonide paigaldamiseks.<\/p>\n<\/li>\n<li>\n<h3>T\u00f6\u00f6tlev t\u00f6\u00f6stus<\/h3>\n<p>K\u00e4epide silindreid kasutatakse robotk\u00e4te liigutamiseks automatiseeritud tootmisliinidel, teostades montaa\u017ei-, keevitus- ja k\u00e4sitsemisprotsesse, parandades tootmise efektiivsust ja t\u00e4psust.<\/p>\n<\/li>\n<li>\n<h3>P\u00f5llumajandustehnika<\/h3>\n<p>\u00d5\u00f5tshoova silindrid juhivad p\u00f5llumajandusmasinate, n\u00e4iteks kombainide ja k\u00fclvikute t\u00f6\u00f6\u00f5lade liikumist, t\u00e4ites selliseid \u00fclesandeid nagu k\u00fclvamine, v\u00e4etamine ja koristamine.<\/p>\n<\/li>\n<li>\n<h3>Kaevandamine<\/h3>\n<p>K\u00e4epideme silindreid kasutatakse kaevandusseadmete k\u00e4epideme liikumise juhtimiseks, kaevandamise ja maagi transportimise \u00fclesannete t\u00e4itmiseks.<\/p>\n<\/li>\n<li>\n<h3>Logistika ja transport<\/h3>\n<p>Kahvelt\u00f5stukite ja robotite kahvlite t\u00f5stmise ja liikumise juhtimiseks kasutatakse k\u00e4sisilindreid, teostades materjalide k\u00e4itlemist ja virnastamist.<\/p>\n<\/li>\n<\/ul>\n<h2>Projekteerimiskaalutlused ja valikukriteeriumid<\/h2>\n<ul>\n<li>\n<h3>Kandev\u00f5ime<\/h3>\n<p>K\u00e4epideme silindril peab olema sobiv kandev\u00f5ime, mis tuleks m\u00e4\u00e4rata masina ja seadme n\u00f5uete p\u00f5hjal, millele see on paigaldatud.<\/p>\n<\/li>\n<li>\n<h3>Tihendus<\/h3>\n<p>Kolvi ja varda tihenduselementide valik on kriitilise t\u00e4htsusega \u00f5\u00f5tshoova silindri n\u00f5uetekohase toimimise ja pika kasutusea tagamiseks. Pol\u00fcuretaan- ja nitriilkummist materjale kasutatakse tavaliselt nende suurep\u00e4rase kulumiskindluse ja tihendusomaduste t\u00f5ttu.<\/p>\n<\/li>\n<li>\n<h3>Vastupidavus<\/h3>\n<p>K\u00e4epideme silinder peab olema valmistatud \u00fclitugevatest materjalidest, millel on hea kulumis- ja korrosioonikindlus, et tagada pikaajaline kasutamine karmides keskkondades.<\/p>\n<\/li>\n<li>\n<h3>Ohutus<\/h3>\n<p>K\u00e4epideme silinder peab olema konstrueeritud \u00f5nnetuste v\u00e4ltimiseks, n\u00e4iteks \u00fclekoormuskaitse ja kaitseventiilid.<\/p>\n<\/li>\n<li>\n<h3>Hooldatavus<\/h3>\n<p>Silindripea konstruktsioonil peaks olema arvestatud h\u00f5lpsa hoolduse ja vahetamise v\u00f5imalusega, et v\u00e4hendada seadmete seisakuid. Kvaliteetsete varuosade kasutamine v\u00f5ib pikendada ka silindri kasutusiga.<\/p>\n<\/li>\n<\/ul>\n<p><img decoding=\"async\" src=\"https:\/\/www.hydraulic-cylinders.net\/wp-content\/uploads\/2025\/01\/songte-cylinder-head-with-all-kinds-excavator-models.webp\" alt=\"Silindripea pilt\"><\/p>\n<h2>Tihendus ja m\u00e4\u00e4rimine<\/h2>\n<p>K\u00e4epidemes kasutatakse mitmesuguseid tihenduselemente, n\u00e4iteks kolvi- ja vardatihendusr\u00f5ngaid, mis on valmistatud kulumiskindlatest materjalidest, nagu pol\u00fcuretaan ja nitriilkummi. Silindri korpus ja keermestatud otsapind on t\u00e4pselt t\u00f6\u00f6deldud, et parandada kulumiskindlust. Regulaarne sobiva h\u00fcdraulika\u00f5li lisamine m\u00e4\u00e4rimiseks tagab silindri sujuva liikumise ja pikendab selle kasutusiga.<\/p>\n<p><img decoding=\"async\" src=\"https:\/\/www.hydraulic-cylinders.net\/wp-content\/uploads\/2025\/01\/songte-chushion-collar.webp\" alt=\"Silindrilise krae pilt\"><\/p>\n<h2>Kontroll ja hooldus<\/h2>\n<ul>\n<li>\n<h3>Regulaarne kontroll<\/h3>\n<p>K\u00e4epideme silindrit tuleks regulaarselt kontrollida, et tagada selle n\u00f5uetekohane toimimine ja avastada defekte v\u00f5i kulumist \u00f5igeaegselt, mis aitab v\u00e4ltida \u00f5nnetusi ja v\u00e4hendada hoolduskulusid.<\/p>\n<\/li>\n<li>\n<h3>Ennetav hooldus<\/h3>\n<p>Ennetavat hooldust tuleks regulaarselt teha, et kulunud v\u00f5i kahjustatud osad \u00f5igeaegselt v\u00e4lja vahetada ning tagada \u00f5\u00f5tshoova silindri optimaalne j\u00f5udlus ja kasutusiga.<\/p>\n<\/li>\n<\/ul>\n<h2>Paigaldusjuhend<\/h2>\n<p>Enne paigaldamist kontrollige \u00f5lasilindri sobivust masina seadmetega ja \u00f5iget paigaldusasendit. Eemaldage kaitsekate ja kandke kolvivardale ja silindri korpusele sobiv kogus m\u00e4\u00e4rde\u00f5li. Paigaldage silinder ja \u00fchendage see h\u00fcdros\u00fcsteemiga. Testige aeglaselt \u00f5lasilindrit, et veenduda selle korrektses toimimises.<\/p>\n<p><img decoding=\"async\" src=\"https:\/\/www.hydraulic-cylinders.net\/wp-content\/uploads\/2025\/01\/songte-bushings-with-all-kinds-of-excavator-models.webp\" alt=\"Silindri puksi pilt\"><\/p>\n<h2>Ohutuskaalutlused ja keskkonnategurid<\/h2>\n<p>K\u00e4epideme kasutamisel tuleb \u00f5nnetuste v\u00e4ltimiseks v\u00f5tta ohutusmeetmeid. Ohutu ja usaldusv\u00e4\u00e4rse t\u00f6\u00f6 tagamiseks saab paigaldada \u00fclekoormuskaitseseadmeid ja kaitseklappe. K\u00e4epideme valimisel tuleks optimaalse j\u00f5udluse ja pikaealisuse tagamiseks arvestada ka keskkonnateguritega, nagu temperatuur ja niiskus.<\/p>\n<h2>Levinumad vead ja t\u00f5rkeotsing<\/h2>\n<ul>\n<li>\n<h3>Silindri leke<\/h3>\n<p>See on levinud viga, mis tekib tihenduselementide kahjustuste t\u00f5ttu. Edasiste lekete v\u00e4ltimiseks vahetage kahjustatud tihendid \u00f5igeaegselt v\u00e4lja.<\/p>\n<\/li>\n<li>\n<h3>Silindri painutamine<\/h3>\n<p>See rike on tavaliselt p\u00f5hjustatud liigsest koormusest v\u00f5i kokkup\u00f5rkest. Kontrollige koormust ja t\u00f6\u00f6tingimusi ning vahetage kahjustatud silinder \u00f5igeaegselt v\u00e4lja.<\/p>\n<\/li>\n<li>\n<h3>Silindri m\u00fcra<\/h3>\n<p>Selle vea p\u00f5hjuseks on tavaliselt h\u00fcdraulikas\u00fcsteemis olev \u00f5hk v\u00f5i ebapiisav m\u00e4\u00e4rimine. Kontrollige h\u00fcdraulikas\u00fcsteemi ja lisage m\u00fcra k\u00f5rvaldamiseks m\u00e4\u00e4rde\u00f5li.<\/p>\n<\/li>\n<\/ul>\n<p>Nende probleemide t\u00f5husaks diagnoosimiseks ja lahendamiseks lugege tootja juhiseid v\u00f5i konsulteerige professionaalse tehnikuga.<\/p>\n<p><img decoding=\"async\" src=\"https:\/\/www.hydraulic-cylinders.net\/wp-content\/uploads\/2025\/01\/songte-company-4.webp\" alt=\"Ettev\u00f5tte kuvand\"><br \/>\n<img decoding=\"async\" src=\"https:\/\/www.hydraulic-cylinders.net\/wp-content\/uploads\/2025\/01\/songte-company-3.webp\" alt=\"Ettev\u00f5tte kuvand\"><\/p>\n<h2>Meist<\/h2>\n<p>Oleme professionaalne asendush\u00fcdrauliliste silindrite tootja laia tootevalikuga ning oleme saanud \u00fcheks juhtivaks h\u00fcdrosilindrite tootjaks ja hulgim\u00fc\u00fcjaks nii sise- kui ka rahvusvahelisel turul. Peame alati kinni suurep\u00e4rase kvaliteedi p\u00f5him\u00f5ttest, tuginedes rafineerimist\u00f6\u00f6koja industrialiseeritud tootmisjuhtimise strateegiale, t\u00e4iustades pidevalt oma tehnilist taset ja tootmise efektiivsust. Tipptasemel digitaalsete tootmisseadmete ja professionaalsete testimiss\u00fcsteemide kasutuselev\u00f5tuga optimeerime tootmisplatvormi ja parandame toote kvaliteedikontrolli protsessi, omades tugevat innovatsiooniv\u00f5imet. Meie eesm\u00e4rk on rahuldada klientide mitmekesiseid vajadusi suure efektiivsuse, t\u00e4psuse ja k\u00f5rge kvaliteediga.<\/p>\n<ul>\n<li>\n<h3>Professionaalsus<\/h3>\n<p>Meil on professionaalne tehniline personal ja t\u00e4iustatud tootmisseadmed, et tagada meie toodete kvaliteet ja toimivus.<\/p>\n<\/li>\n<li>\n<h3>Rahvusvaheline sertifitseerimine<\/h3>\n<p>Meie tooted on l\u00e4binud rahvusvahelised sertifikaadid nagu ISO9001, CE ja SGS, mis tagab nende kvaliteedi ja t\u00f6\u00f6kindluse.<\/p>\n<\/li>\n<li>\n<h3>Kohandatud teenus<\/h3>\n<p>Pakume kohandatud teenuseid, et rahuldada oma klientide mitmekesiseid vajadusi.<\/p>\n<\/li>\n<li>\n<h3>Tootmisseadmed<\/h3>\n<p>Kasutame oma toodete t\u00e4psuse ja efektiivsuse tagamiseks t\u00e4iustatud digitaalseid tootmisseadmeid.<\/p>\n<\/li>\n<li>\n<h3>M\u00fc\u00fcgij\u00e4rgne teenindus<\/h3>\n<p>Pakume igak\u00fclgset m\u00fc\u00fcgij\u00e4rgset teenindust, mis h\u00f5lmab tehnilist tuge, varuosade tarnimist ja hooldust.<\/p>\n<\/li>\n<\/ul>\n<p>Autor: lyl<\/p>","protected":false},"excerpt":{"rendered":"<p>Arm Cylinder For JCM Middle Excavator 922D Introduction Definition Arm cylinder is a specialized hydraulic cylinder that is mainly used to provide linear motion and power for the arms of various machinery such as excavators, cranes, and robotic arms. The arm cylinder plays a critical role in the hydraulic system, enabling the effective movement and [&hellip;]<\/p>","protected":false},"featured_media":14772,"comment_status":"open","ping_status":"closed","template":"","meta":{"_et_pb_use_builder":"","_et_pb_old_content":"","_et_gb_content_width":""},"product_brand":[],"product_cat":[1497],"product_tag":[1498,1496],"class_list":{"0":"post-16601","1":"product","2":"type-product","3":"status-publish","4":"has-post-thumbnail","6":"product_cat-arm-cylinders","7":"product_tag-arm-cylinders","8":"product_tag-hydraulic-cylinders","10":"first","11":"instock","12":"shipping-taxable","13":"product-type-simple"},"amp_enabled":true,"_links":{"self":[{"href":"https:\/\/www.hydraulic-cylinders.net\/et\/wp-json\/wp\/v2\/product\/16601","targetHints":{"allow":["GET"]}}],"collection":[{"href":"https:\/\/www.hydraulic-cylinders.net\/et\/wp-json\/wp\/v2\/product"}],"about":[{"href":"https:\/\/www.hydraulic-cylinders.net\/et\/wp-json\/wp\/v2\/types\/product"}],"replies":[{"embeddable":true,"href":"https:\/\/www.hydraulic-cylinders.net\/et\/wp-json\/wp\/v2\/comments?post=16601"}],"wp:featuredmedia":[{"embeddable":true,"href":"https:\/\/www.hydraulic-cylinders.net\/et\/wp-json\/wp\/v2\/media\/14772"}],"wp:attachment":[{"href":"https:\/\/www.hydraulic-cylinders.net\/et\/wp-json\/wp\/v2\/media?parent=16601"}],"wp:term":[{"taxonomy":"product_brand","embeddable":true,"href":"https:\/\/www.hydraulic-cylinders.net\/et\/wp-json\/wp\/v2\/product_brand?post=16601"},{"taxonomy":"product_cat","embeddable":true,"href":"https:\/\/www.hydraulic-cylinders.net\/et\/wp-json\/wp\/v2\/product_cat?post=16601"},{"taxonomy":"product_tag","embeddable":true,"href":"https:\/\/www.hydraulic-cylinders.net\/et\/wp-json\/wp\/v2\/product_tag?post=16601"}],"curies":[{"name":"wp","href":"https:\/\/api.w.org\/{rel}","templated":true}]}}